{"id":36693,"date":"2022-01-31T11:52:04","date_gmt":"2022-01-31T11:52:04","guid":{"rendered":"https:\/\/gpowersport.com\/?post_type=product&#038;p=36693"},"modified":"2023-11-26T13:59:41","modified_gmt":"2023-11-26T13:59:41","slug":"hunter-new-x-creek","status":"publish","type":"product","link":"https:\/\/gpowersport.com\/da\/carbon-fiber-paddles\/whitewater\/whitewater-kayak\/hunter-new-x-creek\/","title":{"rendered":"Vildtvandspadling Hunter New X Creek"},"content":{"rendered":"<h1>Hunter New X Creek<\/h1>\n<h2><span style=\"font-size: 75%;\">The G&#8217;Power text<\/span><\/h2>\n<p>pop tabele<\/p>\n<table border=\"0\" width=\"100%\" cellspacing=\"1\" cellpadding=\"1\" align=\"center\">\n<tbody>\n<tr>\n<td width=\"30%\"><span style=\"font-size: 85%;\">St\u00f8rrelse<\/span><\/td>\n<td style=\"text-align: left;\" valign=\"middle\"><span style=\"font-size: 85%;\">XS<\/span><\/td>\n<td style=\"text-align: left;\"><span style=\"font-size: 85%;\">S<\/span><\/td>\n<td style=\"text-align: left;\"><span style=\"font-size: 85%;\">M<\/span><\/td>\n<td style=\"text-align: left;\"><span style=\"font-size: 85%;\">L<\/span><\/td>\n<td style=\"text-align: left;\"><span style=\"color: #282828; font-size: 85%;\">XL<\/span><\/td>\n<\/tr>\n<tr>\n<td><span style=\"font-size: 85%;\">Bladets areal<\/span><\/td>\n<td style=\"text-align: left;\"><span style=\"font-size: 85%;\">&#8211;<\/span><\/td>\n<td style=\"text-align: left;\"><span style=\"font-size: 85%;\">701 cm<sup>2<\/sup><\/span><\/td>\n<td style=\"text-align: left;\"><span style=\"font-size: 85%;\">733 cm<sup>2<\/sup><\/span><\/td>\n<td style=\"text-align: left;\"><span style=\"font-size: 85%;\">752 cm<sup>2<\/sup><\/span><\/td>\n<td style=\"text-align: left;\"><span style=\"font-size: 12.24px;\">&#8211;<\/span><\/td>\n<\/tr>\n<tr>\n<td><span style=\"font-size: 85%;\">Bladets l\u00e6ngde<\/span><\/td>\n<td style=\"text-align: left;\"><span style=\"font-size: 85%;\">&#8211;<\/span><\/td>\n<td style=\"text-align: left;\"><span style=\"font-size: 85%;\">472 mm<\/span><\/td>\n<td><span style=\"font-size: 85%;\">485 mm<\/span><\/td>\n<td><span style=\"font-size: 85%;\">490 mm<\/span><\/td>\n<td><span style=\"font-size: 85%;\">&#8211;<\/span><\/td>\n<\/tr>\n<tr>\n<td><span style=\"font-size: 85%;\">Bladets bredde<\/span><\/td>\n<td><span style=\"font-size: 85%;\">&#8211;<\/span><\/td>\n<td><span style=\"font-size: 85%;\">207 mm<\/span><\/td>\n<td><span style=\"font-size: 85%;\">210 mm<\/span><\/td>\n<td><span style=\"font-size: 85%;\">215 mm<\/span><\/td>\n<td><span style=\"font-size: 85%;\">&#8211;<\/span><\/td>\n<\/tr>\n<tr>\n<td><span style=\"font-size: 85%;\">Kulstofindhold - klinge\/aksel<\/span><\/td>\n<td><span style=\"font-size: 85%;\">&#8211;<\/span><\/td>\n<td><span style=\"font-size: 85%;\">100% \/ 100%<\/span><\/td>\n<td><span style=\"font-size: 85%;\">100% \/ 100%<\/span><\/td>\n<td><span style=\"font-size: 85%;\">100% \/ 100%<\/span><\/td>\n<td><span style=\"font-size: 85%;\">&#8211;<\/span><\/td>\n<\/tr>\n<tr>\n<td><span style=\"font-size: 85%;\">Aksel diameter<\/span><\/td>\n<td><span style=\"font-size: 85%;\">&#8211;<\/span><\/td>\n<td><span style=\"font-size: 85%;\">28 mm<\/span><\/td>\n<td><span style=\"font-size: 85%;\">28 mm<\/span><\/td>\n<td><span style=\"font-size: 85%;\">28 mm<\/span><\/td>\n<td><span style=\"font-size: 85%;\">&#8211;<\/span><\/td>\n<\/tr>\n<tr>\n<td><span style=\"font-size: 85%;\">Pagajens v\u00e6gt<\/span><\/td>\n<td><span style=\"font-size: 85%;\">&#8211;<\/span><\/td>\n<td><span style=\"font-size: 85%;\">~ 820 g<\/span><\/td>\n<td><span style=\"font-size: 85%;\">~ 840 g<\/span><\/td>\n<td><span style=\"font-size: 85%;\">~ 860 g<\/span><\/td>\n<td><span style=\"font-size: 85%;\">&#8211;<\/span><\/td>\n<\/tr>\n<tr>\n<td><span style=\"font-size: 85%;\">Metalspidser<\/span><\/td>\n<td><span style=\"font-size: 85%;\">&#8211;<\/span><\/td>\n<td><span style=\"font-size: 85%;\">ja<\/span><\/td>\n<td><span style=\"font-size: 85%;\">ja<\/span><\/td>\n<td><span style=\"font-size: 85%;\">ja<\/span><\/td>\n<td><span style=\"font-size: 85%;\">&#8211;<\/span><\/td>\n<\/tr>\n<\/tbody>\n<\/table>\n<p>&nbsp;<\/p>\n<hr \/>\n<p><span style=\"font-size: 90%; color: #d83131;\"><img decoding=\"async\" class=\"wp-image-33383 alignleft\" src=\"http:\/\/gpowersport.com\/wp-content\/uploads\/2019\/10\/attention.png\" alt=\"\" width=\"46\" height=\"49\" srcset=\"https:\/\/gpowersport.com\/wp-content\/uploads\/2019\/10\/attention.png 100w, https:\/\/gpowersport.com\/wp-content\/uploads\/2019\/10\/attention-11x12.png 11w\" sizes=\"(max-width: 46px) 100vw, 46px\" \/><strong><span style=\"font-size: 75%;\">VIGTIGT!<\/span><\/strong><\/span><strong><span style=\"font-size: 75%;\"> Glem ikke at reng\u00f8re pagajen og QNECT-systemet efter brug i ferskvand. Hvis du bruger den i saltvand, skal du g\u00f8re det efter hver session. Padler, der ikke bruges i mere end to uger, skal opbevares adskilt.<\/span><\/strong><\/p>\n<p>&nbsp;<\/p>","protected":false},"excerpt":{"rendered":"<p><span style=\"font-size: 100%;\"><span style=\"color: #00aae7;\">N\u00e5r du v\u00e6lger en standardforbindelse<\/span>N\u00e5r du v\u00e6lger en standardforbindelse, skal du ogs\u00e5 v\u00e6lge : Pagajens l\u00e6ngde, drejning og vinkel. P\u00e5 n\u00e6ste trin kan du v\u00e6lge pagaj limet (du modtager pagaj klar til brug) N\u00e5r du v\u00e6lger Qnect justerbart system, skal du markere den minimumsl\u00e6ngde, du gerne vil have, og springe Twist og Angle over. Qnect-systemet giver dig mulighed for at \u00e6ndre l\u00e6ngden p\u00e5 pagajen + 10 cm. Hvis du ikke er bange for v\u00e6rkt\u00f8j, og du har talent for g\u00f8r-det-selv, skal du markere NEJ i det sidste afkrydsningsfelt.<\/span><\/p>","protected":false},"featured_media":36699,"comment_status":"open","ping_status":"closed","template":"","meta":[],"product_brand":[],"product_cat":[18,99,100],"product_tag":[],"class_list":{"0":"post-36693","1":"product","2":"type-product","3":"status-publish","4":"has-post-thumbnail","6":"product_cat-carbon-fiber-paddles","7":"product_cat-whitewater","8":"product_cat-whitewater-kayak","10":"first","11":"instock","12":"featured","13":"taxable","14":"shipping-taxable","15":"purchasable","16":"product-type-composite"},"yoast_head":"<!-- This site is optimized with the Yoast SEO Premium plugin v20.7 (Yoast SEO v27.1.1) - https:\/\/yoast.com\/product\/yoast-seo-premium-wordpress\/ -->\n<title>Whitewater paddles Hunter New X Creek - G&#039;Power<\/title>\n<meta name=\"robots\" content=\"index, follow, max-snippet:-1, max-image-preview:large, max-video-preview:-1\" \/>\n<link rel=\"canonical\" href=\"https:\/\/gpowersport.com\/da\/carbon-fiber-paddles\/whitewater\/whitewater-kayak\/hunter-new-x-creek\/\" \/>\n<meta property=\"og:locale\" content=\"da_DK\" \/>\n<meta property=\"og:type\" content=\"article\" \/>\n<meta property=\"og:title\" content=\"Whitewater paddles Hunter New X Creek\" \/>\n<meta property=\"og:description\" content=\"When you choose a standard connection, please choose also : Paddle Lenght, Twist and Angle. At the next step You can choice paddle glued (You receive paddle ready to use) When you choose Qnect adjustable system mark the minimum lenght which You would like to have and skip Twist and Angle. The Qnect system gives You possibility of changing the length of the paddle + 10 cm. If you are not afraid of tools and you have a knack for DIY mark NO in the last check box.\" \/>\n<meta property=\"og:url\" content=\"https:\/\/gpowersport.com\/da\/carbon-fiber-paddles\/whitewater\/whitewater-kayak\/hunter-new-x-creek\/\" \/>\n<meta property=\"og:site_name\" content=\"G&#039;Power\" \/>\n<meta property=\"article:publisher\" content=\"https:\/\/www.facebook.com\/GpowerPaddles\" \/>\n<meta property=\"article:modified_time\" content=\"2023-11-26T13:59:41+00:00\" \/>\n<meta property=\"og:image\" content=\"https:\/\/gpowersport.com\/wp-content\/uploads\/2022\/01\/new_hunter_xcreek_start.jpg\" \/>\n\t<meta property=\"og:image:width\" content=\"1200\" \/>\n\t<meta property=\"og:image:height\" content=\"218\" \/>\n\t<meta property=\"og:image:type\" content=\"image\/jpeg\" \/>\n<meta name=\"twitter:card\" content=\"summary_large_image\" \/>\n<meta name=\"twitter:label1\" content=\"Estimeret l\u00e6setid\" \/>\n\t<meta name=\"twitter:data1\" content=\"1 minut\" \/>\n<script type=\"application\/ld+json\" class=\"yoast-schema-graph\">{\"@context\":\"https:\/\/schema.org\",\"@graph\":[{\"@type\":[\"WebPage\",\"ItemPage\"],\"@id\":\"https:\/\/gpowersport.com\/pt\/carbon-fiber-paddles\/whitewater\/whitewater-kayak\/hunter-new-x-creek\/\",\"url\":\"https:\/\/gpowersport.com\/pt\/carbon-fiber-paddles\/whitewater\/whitewater-kayak\/hunter-new-x-creek\/\",\"name\":\"Whitewater paddles Hunter New X Creek - G&#039;Power\",\"isPartOf\":{\"@id\":\"https:\/\/gpowersport.com\/pl\/#website\"},\"primaryImageOfPage\":{\"@id\":\"https:\/\/gpowersport.com\/pt\/carbon-fiber-paddles\/whitewater\/whitewater-kayak\/hunter-new-x-creek\/#primaryimage\"},\"image\":{\"@id\":\"https:\/\/gpowersport.com\/pt\/carbon-fiber-paddles\/whitewater\/whitewater-kayak\/hunter-new-x-creek\/#primaryimage\"},\"thumbnailUrl\":\"https:\/\/gpowersport.com\/wp-content\/uploads\/2022\/01\/new_hunter_xcreek_start.jpg\",\"datePublished\":\"2022-01-31T11:52:04+00:00\",\"dateModified\":\"2023-11-26T13:59:41+00:00\",\"breadcrumb\":{\"@id\":\"https:\/\/gpowersport.com\/pt\/carbon-fiber-paddles\/whitewater\/whitewater-kayak\/hunter-new-x-creek\/#breadcrumb\"},\"inLanguage\":\"da-DK\",\"potentialAction\":[{\"@type\":\"ReadAction\",\"target\":[\"https:\/\/gpowersport.com\/pt\/carbon-fiber-paddles\/whitewater\/whitewater-kayak\/hunter-new-x-creek\/\"]}]},{\"@type\":\"ImageObject\",\"inLanguage\":\"da-DK\",\"@id\":\"https:\/\/gpowersport.com\/pt\/carbon-fiber-paddles\/whitewater\/whitewater-kayak\/hunter-new-x-creek\/#primaryimage\",\"url\":\"https:\/\/gpowersport.com\/wp-content\/uploads\/2022\/01\/new_hunter_xcreek_start.jpg\",\"contentUrl\":\"https:\/\/gpowersport.com\/wp-content\/uploads\/2022\/01\/new_hunter_xcreek_start.jpg\",\"width\":1200,\"height\":218},{\"@type\":\"BreadcrumbList\",\"@id\":\"https:\/\/gpowersport.com\/pt\/carbon-fiber-paddles\/whitewater\/whitewater-kayak\/hunter-new-x-creek\/#breadcrumb\",\"itemListElement\":[{\"@type\":\"ListItem\",\"position\":1,\"name\":\"Home\",\"item\":\"https:\/\/gpowersport.com\/\"},{\"@type\":\"ListItem\",\"position\":2,\"name\":\"Shop\",\"item\":\"https:\/\/gpowersport.com\/carbon-fiber-paddles\/\"},{\"@type\":\"ListItem\",\"position\":3,\"name\":\"Carbon Fiber Paddles\",\"item\":\"https:\/\/gpowersport.com\/pl\/carbon-fiber-paddles\/\"},{\"@type\":\"ListItem\",\"position\":4,\"name\":\"Whitewater Paddles\",\"item\":\"https:\/\/gpowersport.com\/carbon-fiber-paddles\/whitewater\/\"},{\"@type\":\"ListItem\",\"position\":5,\"name\":\"Whitewater Kayak Paddles\",\"item\":\"https:\/\/gpowersport.com\/carbon-fiber-paddles\/whitewater\/whitewater-kayak\/\"},{\"@type\":\"ListItem\",\"position\":6,\"name\":\"Whitewater paddles Hunter New X Creek\"}]},{\"@type\":\"WebSite\",\"@id\":\"https:\/\/gpowersport.com\/pl\/#website\",\"url\":\"https:\/\/gpowersport.com\/pl\/\",\"name\":\"G'Power carbon paddles\",\"description\":\"\",\"publisher\":{\"@id\":\"https:\/\/gpowersport.com\/pl\/#organization\"},\"potentialAction\":[{\"@type\":\"SearchAction\",\"target\":{\"@type\":\"EntryPoint\",\"urlTemplate\":\"https:\/\/gpowersport.com\/pl\/?s={search_term_string}\"},\"query-input\":{\"@type\":\"PropertyValueSpecification\",\"valueRequired\":true,\"valueName\":\"search_term_string\"}}],\"inLanguage\":\"da-DK\"},{\"@type\":\"Organization\",\"@id\":\"https:\/\/gpowersport.com\/pl\/#organization\",\"name\":\"G'power carbon paddles\",\"url\":\"https:\/\/gpowersport.com\/pl\/\",\"logo\":{\"@type\":\"ImageObject\",\"inLanguage\":\"da-DK\",\"@id\":\"https:\/\/gpowersport.com\/pl\/#\/schema\/logo\/image\/\",\"url\":\"https:\/\/gpowersport.com\/wp-content\/uploads\/2020\/03\/gpower-logo.png\",\"contentUrl\":\"https:\/\/gpowersport.com\/wp-content\/uploads\/2020\/03\/gpower-logo.png\",\"width\":140,\"height\":30,\"caption\":\"G'power carbon paddles\"},\"image\":{\"@id\":\"https:\/\/gpowersport.com\/pl\/#\/schema\/logo\/image\/\"},\"sameAs\":[\"https:\/\/www.facebook.com\/GpowerPaddles\",\"https:\/\/www.instagram.com\/gpowerpaddles\/\"]}]}<\/script>\n<!-- \/ Yoast SEO Premium plugin. -->","yoast_head_json":{"title":"Whitewater paddles Hunter New X Creek - G&#039;Power","robots":{"index":"index","follow":"follow","max-snippet":"max-snippet:-1","max-image-preview":"max-image-preview:large","max-video-preview":"max-video-preview:-1"},"canonical":"https:\/\/gpowersport.com\/da\/carbon-fiber-paddles\/whitewater\/whitewater-kayak\/hunter-new-x-creek\/","og_locale":"da_DK","og_type":"article","og_title":"Whitewater paddles Hunter New X Creek","og_description":"When you choose a standard connection, please choose also : Paddle Lenght, Twist and Angle. At the next step You can choice paddle glued (You receive paddle ready to use) When you choose Qnect adjustable system mark the minimum lenght which You would like to have and skip Twist and Angle. The Qnect system gives You possibility of changing the length of the paddle + 10 cm. If you are not afraid of tools and you have a knack for DIY mark NO in the last check box.","og_url":"https:\/\/gpowersport.com\/da\/carbon-fiber-paddles\/whitewater\/whitewater-kayak\/hunter-new-x-creek\/","og_site_name":"G&#039;Power","article_publisher":"https:\/\/www.facebook.com\/GpowerPaddles","article_modified_time":"2023-11-26T13:59:41+00:00","og_image":[{"width":1200,"height":218,"url":"https:\/\/gpowersport.com\/wp-content\/uploads\/2022\/01\/new_hunter_xcreek_start.jpg","type":"image\/jpeg"}],"twitter_card":"summary_large_image","twitter_misc":{"Estimeret l\u00e6setid":"1 minut"},"schema":{"@context":"https:\/\/schema.org","@graph":[{"@type":["WebPage","ItemPage"],"@id":"https:\/\/gpowersport.com\/pt\/carbon-fiber-paddles\/whitewater\/whitewater-kayak\/hunter-new-x-creek\/","url":"https:\/\/gpowersport.com\/pt\/carbon-fiber-paddles\/whitewater\/whitewater-kayak\/hunter-new-x-creek\/","name":"Whitewater paddles Hunter New X Creek - G&#039;Power","isPartOf":{"@id":"https:\/\/gpowersport.com\/pl\/#website"},"primaryImageOfPage":{"@id":"https:\/\/gpowersport.com\/pt\/carbon-fiber-paddles\/whitewater\/whitewater-kayak\/hunter-new-x-creek\/#primaryimage"},"image":{"@id":"https:\/\/gpowersport.com\/pt\/carbon-fiber-paddles\/whitewater\/whitewater-kayak\/hunter-new-x-creek\/#primaryimage"},"thumbnailUrl":"https:\/\/gpowersport.com\/wp-content\/uploads\/2022\/01\/new_hunter_xcreek_start.jpg","datePublished":"2022-01-31T11:52:04+00:00","dateModified":"2023-11-26T13:59:41+00:00","breadcrumb":{"@id":"https:\/\/gpowersport.com\/pt\/carbon-fiber-paddles\/whitewater\/whitewater-kayak\/hunter-new-x-creek\/#breadcrumb"},"inLanguage":"da-DK","potentialAction":[{"@type":"ReadAction","target":["https:\/\/gpowersport.com\/pt\/carbon-fiber-paddles\/whitewater\/whitewater-kayak\/hunter-new-x-creek\/"]}]},{"@type":"ImageObject","inLanguage":"da-DK","@id":"https:\/\/gpowersport.com\/pt\/carbon-fiber-paddles\/whitewater\/whitewater-kayak\/hunter-new-x-creek\/#primaryimage","url":"https:\/\/gpowersport.com\/wp-content\/uploads\/2022\/01\/new_hunter_xcreek_start.jpg","contentUrl":"https:\/\/gpowersport.com\/wp-content\/uploads\/2022\/01\/new_hunter_xcreek_start.jpg","width":1200,"height":218},{"@type":"BreadcrumbList","@id":"https:\/\/gpowersport.com\/pt\/carbon-fiber-paddles\/whitewater\/whitewater-kayak\/hunter-new-x-creek\/#breadcrumb","itemListElement":[{"@type":"ListItem","position":1,"name":"Home","item":"https:\/\/gpowersport.com\/"},{"@type":"ListItem","position":2,"name":"Shop","item":"https:\/\/gpowersport.com\/carbon-fiber-paddles\/"},{"@type":"ListItem","position":3,"name":"Carbon Fiber Paddles","item":"https:\/\/gpowersport.com\/pl\/carbon-fiber-paddles\/"},{"@type":"ListItem","position":4,"name":"Whitewater Paddles","item":"https:\/\/gpowersport.com\/carbon-fiber-paddles\/whitewater\/"},{"@type":"ListItem","position":5,"name":"Whitewater Kayak Paddles","item":"https:\/\/gpowersport.com\/carbon-fiber-paddles\/whitewater\/whitewater-kayak\/"},{"@type":"ListItem","position":6,"name":"Whitewater paddles Hunter New X Creek"}]},{"@type":"WebSite","@id":"https:\/\/gpowersport.com\/pl\/#website","url":"https:\/\/gpowersport.com\/pl\/","name":"G'Power-pagajer i kulfiber","description":"","publisher":{"@id":"https:\/\/gpowersport.com\/pl\/#organization"},"potentialAction":[{"@type":"SearchAction","target":{"@type":"EntryPoint","urlTemplate":"https:\/\/gpowersport.com\/pl\/?s={search_term_string}"},"query-input":{"@type":"PropertyValueSpecification","valueRequired":true,"valueName":"search_term_string"}}],"inLanguage":"da-DK"},{"@type":"Organization","@id":"https:\/\/gpowersport.com\/pl\/#organization","name":"G'power-padler i kulfiber","url":"https:\/\/gpowersport.com\/pl\/","logo":{"@type":"ImageObject","inLanguage":"da-DK","@id":"https:\/\/gpowersport.com\/pl\/#\/schema\/logo\/image\/","url":"https:\/\/gpowersport.com\/wp-content\/uploads\/2020\/03\/gpower-logo.png","contentUrl":"https:\/\/gpowersport.com\/wp-content\/uploads\/2020\/03\/gpower-logo.png","width":140,"height":30,"caption":"G'power carbon paddles"},"image":{"@id":"https:\/\/gpowersport.com\/pl\/#\/schema\/logo\/image\/"},"sameAs":["https:\/\/www.facebook.com\/GpowerPaddles","https:\/\/www.instagram.com\/gpowerpaddles\/"]}]}},"_links":{"self":[{"href":"https:\/\/gpowersport.com\/da\/wp-json\/wp\/v2\/product\/36693","targetHints":{"allow":["GET"]}}],"collection":[{"href":"https:\/\/gpowersport.com\/da\/wp-json\/wp\/v2\/product"}],"about":[{"href":"https:\/\/gpowersport.com\/da\/wp-json\/wp\/v2\/types\/product"}],"replies":[{"embeddable":true,"href":"https:\/\/gpowersport.com\/da\/wp-json\/wp\/v2\/comments?post=36693"}],"wp:featuredmedia":[{"embeddable":true,"href":"https:\/\/gpowersport.com\/da\/wp-json\/wp\/v2\/media\/36699"}],"wp:attachment":[{"href":"https:\/\/gpowersport.com\/da\/wp-json\/wp\/v2\/media?parent=36693"}],"wp:term":[{"taxonomy":"product_brand","embeddable":true,"href":"https:\/\/gpowersport.com\/da\/wp-json\/wp\/v2\/product_brand?post=36693"},{"taxonomy":"product_cat","embeddable":true,"href":"https:\/\/gpowersport.com\/da\/wp-json\/wp\/v2\/product_cat?post=36693"},{"taxonomy":"product_tag","embeddable":true,"href":"https:\/\/gpowersport.com\/da\/wp-json\/wp\/v2\/product_tag?post=36693"}],"curies":[{"name":"wp","href":"https:\/\/api.w.org\/{rel}","templated":true}]}}