{"id":33345,"date":"2019-10-23T04:48:24","date_gmt":"2019-10-23T04:48:24","guid":{"rendered":"https:\/\/gpowersport.com\/uncategorized\/qnect-sytem-alu-30-mm\/"},"modified":"2026-03-17T22:15:07","modified_gmt":"2026-03-17T22:15:07","slug":"qnect-sytem-alu-30-mm","status":"publish","type":"product","link":"https:\/\/gpowersport.com\/de\/accesories\/qnect-sytem-alu-30-mm\/","title":{"rendered":"Qnect Aluminium 30 mm"},"content":{"rendered":"<p>Wird ein Regulierungssystem an vielen Stellen getestet\u00a0<a class=\"aalmanual\" title=\"\" href=\"https:\/\/gpowersport.com\/de\/carbon-fiber-paddles\/\">Paddel<\/a>. Das System zur Regulierung der L\u00e4nge und des Winkels des Paddels (Qnect System) ist aus einer speziellen Art von Aluminium mit kathodischer Schutztechnologie hergestellt, um Korrosion im Salzwasser zu verhindern. Es reguliert die L\u00e4nge des Paddels von 0 bis 10 cm und erm\u00f6glicht die Einstellung des optimalen Blattwinkels, der ein sanftes Eintauchen des Blattes ins Wasser erm\u00f6glicht. Ein Carbonrohr ist im Lieferumfang enthalten.<\/p>","protected":false},"excerpt":{"rendered":"<p>Ist ein an vielen Paddeln getestetes Regulierungssystem. Das Paddel-L\u00e4ngen- und Winkelregulierungssystem (Qnect System) ist aus einer speziellen Art von Aluminium mit kathodischer Schutztechnologie hergestellt, um Korrosion im Salzwasser zu verhindern. Reguliert die L\u00e4nge des Paddels von 0 bis zu 10 cm, erm\u00f6glicht die Einstellung des optimalen Blattwinkels, der<\/p>","protected":false},"featured_media":35243,"comment_status":"closed","ping_status":"closed","template":"","meta":[],"product_brand":[],"product_cat":[108,111],"product_tag":[],"class_list":{"0":"post-33345","1":"product","2":"type-product","3":"status-publish","4":"has-post-thumbnail","6":"product_cat-accesories","7":"product_cat-systems","9":"first","10":"onbackorder","11":"taxable","12":"shipping-taxable","13":"purchasable","14":"product-type-simple"},"yoast_head":"<!-- This site is optimized with the Yoast SEO Premium plugin v20.7 (Yoast SEO v27.1.1) - https:\/\/yoast.com\/product\/yoast-seo-premium-wordpress\/ -->\n<title>Qnect Aluminum 30 mm - G&#039;Power<\/title>\n<meta name=\"robots\" content=\"index, follow, max-snippet:-1, max-image-preview:large, max-video-preview:-1\" \/>\n<link rel=\"canonical\" href=\"https:\/\/gpowersport.com\/de\/accesories\/qnect-sytem-alu-30-mm\/\" \/>\n<meta property=\"og:locale\" content=\"de_DE\" \/>\n<meta property=\"og:type\" content=\"article\" \/>\n<meta property=\"og:title\" content=\"Qnect Aluminum 30 mm\" \/>\n<meta property=\"og:description\" content=\"Is a regulation system tested on many\u00a0paddles. The length and angle paddle regulation system (Qnect System) is made from a special type of aluminium using cathodic protection technology to prevent from corrosion in salt water. Regulates the length of the paddle from 0 up to 10cm, allows to set the most optimal blade angle that\" \/>\n<meta property=\"og:url\" content=\"https:\/\/gpowersport.com\/de\/accesories\/qnect-sytem-alu-30-mm\/\" \/>\n<meta property=\"og:site_name\" content=\"G&#039;Power\" \/>\n<meta property=\"article:publisher\" content=\"https:\/\/www.facebook.com\/GpowerPaddles\" \/>\n<meta property=\"article:modified_time\" content=\"2026-03-17T22:15:07+00:00\" \/>\n<meta property=\"og:image\" content=\"https:\/\/gpowersport.com\/wp-content\/uploads\/2019\/10\/aluminium_qnect_start.jpg\" \/>\n\t<meta property=\"og:image:width\" content=\"1200\" \/>\n\t<meta property=\"og:image:height\" content=\"218\" \/>\n\t<meta property=\"og:image:type\" content=\"image\/jpeg\" \/>\n<meta name=\"twitter:card\" content=\"summary_large_image\" \/>\n<meta name=\"twitter:label1\" content=\"Gesch\u00e4tzte Lesezeit\" \/>\n\t<meta name=\"twitter:data1\" content=\"1\u00a0Minute\" \/>\n<script type=\"application\/ld+json\" class=\"yoast-schema-graph\">{\"@context\":\"https:\/\/schema.org\",\"@graph\":[{\"@type\":[\"WebPage\",\"ItemPage\"],\"@id\":\"https:\/\/gpowersport.com\/accesories\/qnect-sytem-alu-30-mm\/\",\"url\":\"https:\/\/gpowersport.com\/accesories\/qnect-sytem-alu-30-mm\/\",\"name\":\"Qnect Aluminum 30 mm - G&#039;Power\",\"isPartOf\":{\"@id\":\"https:\/\/gpowersport.com\/pl\/#website\"},\"primaryImageOfPage\":{\"@id\":\"https:\/\/gpowersport.com\/accesories\/qnect-sytem-alu-30-mm\/#primaryimage\"},\"image\":{\"@id\":\"https:\/\/gpowersport.com\/accesories\/qnect-sytem-alu-30-mm\/#primaryimage\"},\"thumbnailUrl\":\"https:\/\/gpowersport.com\/wp-content\/uploads\/2019\/10\/aluminium_qnect_start.jpg\",\"datePublished\":\"2019-10-23T04:48:24+00:00\",\"dateModified\":\"2026-03-17T22:15:07+00:00\",\"breadcrumb\":{\"@id\":\"https:\/\/gpowersport.com\/accesories\/qnect-sytem-alu-30-mm\/#breadcrumb\"},\"inLanguage\":\"de\",\"potentialAction\":[{\"@type\":\"ReadAction\",\"target\":[\"https:\/\/gpowersport.com\/accesories\/qnect-sytem-alu-30-mm\/\"]}]},{\"@type\":\"ImageObject\",\"inLanguage\":\"de\",\"@id\":\"https:\/\/gpowersport.com\/accesories\/qnect-sytem-alu-30-mm\/#primaryimage\",\"url\":\"https:\/\/gpowersport.com\/wp-content\/uploads\/2019\/10\/aluminium_qnect_start.jpg\",\"contentUrl\":\"https:\/\/gpowersport.com\/wp-content\/uploads\/2019\/10\/aluminium_qnect_start.jpg\",\"width\":1200,\"height\":218},{\"@type\":\"BreadcrumbList\",\"@id\":\"https:\/\/gpowersport.com\/accesories\/qnect-sytem-alu-30-mm\/#breadcrumb\",\"itemListElement\":[{\"@type\":\"ListItem\",\"position\":1,\"name\":\"Home\",\"item\":\"https:\/\/gpowersport.com\/\"},{\"@type\":\"ListItem\",\"position\":2,\"name\":\"Shop\",\"item\":\"https:\/\/gpowersport.com\/carbon-fiber-paddles\/\"},{\"@type\":\"ListItem\",\"position\":3,\"name\":\"Accesories\",\"item\":\"https:\/\/gpowersport.com\/pl\/accesories\/\"},{\"@type\":\"ListItem\",\"position\":4,\"name\":\"Qnect Aluminum 30 mm\"}]},{\"@type\":\"WebSite\",\"@id\":\"https:\/\/gpowersport.com\/pl\/#website\",\"url\":\"https:\/\/gpowersport.com\/pl\/\",\"name\":\"G'Power carbon paddles\",\"description\":\"\",\"publisher\":{\"@id\":\"https:\/\/gpowersport.com\/pl\/#organization\"},\"potentialAction\":[{\"@type\":\"SearchAction\",\"target\":{\"@type\":\"EntryPoint\",\"urlTemplate\":\"https:\/\/gpowersport.com\/pl\/?s={search_term_string}\"},\"query-input\":{\"@type\":\"PropertyValueSpecification\",\"valueRequired\":true,\"valueName\":\"search_term_string\"}}],\"inLanguage\":\"de\"},{\"@type\":\"Organization\",\"@id\":\"https:\/\/gpowersport.com\/pl\/#organization\",\"name\":\"G'power carbon paddles\",\"url\":\"https:\/\/gpowersport.com\/pl\/\",\"logo\":{\"@type\":\"ImageObject\",\"inLanguage\":\"de\",\"@id\":\"https:\/\/gpowersport.com\/pl\/#\/schema\/logo\/image\/\",\"url\":\"https:\/\/gpowersport.com\/wp-content\/uploads\/2020\/03\/gpower-logo.png\",\"contentUrl\":\"https:\/\/gpowersport.com\/wp-content\/uploads\/2020\/03\/gpower-logo.png\",\"width\":140,\"height\":30,\"caption\":\"G'power carbon paddles\"},\"image\":{\"@id\":\"https:\/\/gpowersport.com\/pl\/#\/schema\/logo\/image\/\"},\"sameAs\":[\"https:\/\/www.facebook.com\/GpowerPaddles\",\"https:\/\/www.instagram.com\/gpowerpaddles\/\"]}]}<\/script>\n<!-- \/ Yoast SEO Premium plugin. -->","yoast_head_json":{"title":"Qnect Aluminium 30 mm - G&#039;Leistung","robots":{"index":"index","follow":"follow","max-snippet":"max-snippet:-1","max-image-preview":"max-image-preview:large","max-video-preview":"max-video-preview:-1"},"canonical":"https:\/\/gpowersport.com\/de\/accesories\/qnect-sytem-alu-30-mm\/","og_locale":"de_DE","og_type":"article","og_title":"Qnect Aluminum 30 mm","og_description":"Is a regulation system tested on many\u00a0paddles. The length and angle paddle regulation system (Qnect System) is made from a special type of aluminium using cathodic protection technology to prevent from corrosion in salt water. Regulates the length of the paddle from 0 up to 10cm, allows to set the most optimal blade angle that","og_url":"https:\/\/gpowersport.com\/de\/accesories\/qnect-sytem-alu-30-mm\/","og_site_name":"G&#039;Power","article_publisher":"https:\/\/www.facebook.com\/GpowerPaddles","article_modified_time":"2026-03-17T22:15:07+00:00","og_image":[{"width":1200,"height":218,"url":"https:\/\/gpowersport.com\/wp-content\/uploads\/2019\/10\/aluminium_qnect_start.jpg","type":"image\/jpeg"}],"twitter_card":"summary_large_image","twitter_misc":{"Gesch\u00e4tzte Lesezeit":"1\u00a0Minute"},"schema":{"@context":"https:\/\/schema.org","@graph":[{"@type":["WebPage","ItemPage"],"@id":"https:\/\/gpowersport.com\/accesories\/qnect-sytem-alu-30-mm\/","url":"https:\/\/gpowersport.com\/accesories\/qnect-sytem-alu-30-mm\/","name":"Qnect Aluminium 30 mm - G&#039;Leistung","isPartOf":{"@id":"https:\/\/gpowersport.com\/pl\/#website"},"primaryImageOfPage":{"@id":"https:\/\/gpowersport.com\/accesories\/qnect-sytem-alu-30-mm\/#primaryimage"},"image":{"@id":"https:\/\/gpowersport.com\/accesories\/qnect-sytem-alu-30-mm\/#primaryimage"},"thumbnailUrl":"https:\/\/gpowersport.com\/wp-content\/uploads\/2019\/10\/aluminium_qnect_start.jpg","datePublished":"2019-10-23T04:48:24+00:00","dateModified":"2026-03-17T22:15:07+00:00","breadcrumb":{"@id":"https:\/\/gpowersport.com\/accesories\/qnect-sytem-alu-30-mm\/#breadcrumb"},"inLanguage":"de","potentialAction":[{"@type":"ReadAction","target":["https:\/\/gpowersport.com\/accesories\/qnect-sytem-alu-30-mm\/"]}]},{"@type":"ImageObject","inLanguage":"de","@id":"https:\/\/gpowersport.com\/accesories\/qnect-sytem-alu-30-mm\/#primaryimage","url":"https:\/\/gpowersport.com\/wp-content\/uploads\/2019\/10\/aluminium_qnect_start.jpg","contentUrl":"https:\/\/gpowersport.com\/wp-content\/uploads\/2019\/10\/aluminium_qnect_start.jpg","width":1200,"height":218},{"@type":"BreadcrumbList","@id":"https:\/\/gpowersport.com\/accesories\/qnect-sytem-alu-30-mm\/#breadcrumb","itemListElement":[{"@type":"ListItem","position":1,"name":"Home","item":"https:\/\/gpowersport.com\/"},{"@type":"ListItem","position":2,"name":"Shop","item":"https:\/\/gpowersport.com\/carbon-fiber-paddles\/"},{"@type":"ListItem","position":3,"name":"Accesories","item":"https:\/\/gpowersport.com\/pl\/accesories\/"},{"@type":"ListItem","position":4,"name":"Qnect Aluminum 30 mm"}]},{"@type":"WebSite","@id":"https:\/\/gpowersport.com\/pl\/#website","url":"https:\/\/gpowersport.com\/pl\/","name":"G'Power Carbon-Paddel","description":"","publisher":{"@id":"https:\/\/gpowersport.com\/pl\/#organization"},"potentialAction":[{"@type":"SearchAction","target":{"@type":"EntryPoint","urlTemplate":"https:\/\/gpowersport.com\/pl\/?s={search_term_string}"},"query-input":{"@type":"PropertyValueSpecification","valueRequired":true,"valueName":"search_term_string"}}],"inLanguage":"de"},{"@type":"Organization","@id":"https:\/\/gpowersport.com\/pl\/#organization","name":"G'power Carbon-Paddles","url":"https:\/\/gpowersport.com\/pl\/","logo":{"@type":"ImageObject","inLanguage":"de","@id":"https:\/\/gpowersport.com\/pl\/#\/schema\/logo\/image\/","url":"https:\/\/gpowersport.com\/wp-content\/uploads\/2020\/03\/gpower-logo.png","contentUrl":"https:\/\/gpowersport.com\/wp-content\/uploads\/2020\/03\/gpower-logo.png","width":140,"height":30,"caption":"G'power carbon paddles"},"image":{"@id":"https:\/\/gpowersport.com\/pl\/#\/schema\/logo\/image\/"},"sameAs":["https:\/\/www.facebook.com\/GpowerPaddles","https:\/\/www.instagram.com\/gpowerpaddles\/"]}]}},"_links":{"self":[{"href":"https:\/\/gpowersport.com\/de\/wp-json\/wp\/v2\/product\/33345","targetHints":{"allow":["GET"]}}],"collection":[{"href":"https:\/\/gpowersport.com\/de\/wp-json\/wp\/v2\/product"}],"about":[{"href":"https:\/\/gpowersport.com\/de\/wp-json\/wp\/v2\/types\/product"}],"replies":[{"embeddable":true,"href":"https:\/\/gpowersport.com\/de\/wp-json\/wp\/v2\/comments?post=33345"}],"wp:featuredmedia":[{"embeddable":true,"href":"https:\/\/gpowersport.com\/de\/wp-json\/wp\/v2\/media\/35243"}],"wp:attachment":[{"href":"https:\/\/gpowersport.com\/de\/wp-json\/wp\/v2\/media?parent=33345"}],"wp:term":[{"taxonomy":"product_brand","embeddable":true,"href":"https:\/\/gpowersport.com\/de\/wp-json\/wp\/v2\/product_brand?post=33345"},{"taxonomy":"product_cat","embeddable":true,"href":"https:\/\/gpowersport.com\/de\/wp-json\/wp\/v2\/product_cat?post=33345"},{"taxonomy":"product_tag","embeddable":true,"href":"https:\/\/gpowersport.com\/de\/wp-json\/wp\/v2\/product_tag?post=33345"}],"curies":[{"name":"wp","href":"https:\/\/api.w.org\/{rel}","templated":true}]}}