{"id":33348,"date":"2019-10-23T04:48:25","date_gmt":"2019-10-23T04:48:25","guid":{"rendered":"https:\/\/gpowersport.com\/uncategorized\/qnect-system-composite-30-mm\/"},"modified":"2026-04-02T07:42:58","modified_gmt":"2026-04-02T07:42:58","slug":"qnect-system-composite-30-mm","status":"publish","type":"product","link":"https:\/\/gpowersport.com\/de\/accesories\/systems\/qnect-system-composite-30-mm\/","title":{"rendered":"Qnect Verbundwerkstoff 30 mm"},"content":{"rendered":"<p>Kajakpaddel verstellbares System aus Polyamid, sehr gute L\u00f6sung f\u00fcr harte Bedingungen wie Salzwasser oder gro\u00dfe Spannungen. Mit diesem System k\u00f6nnen Sie den Winkel und die L\u00e4nge des Paddels \u00e4ndern, einfach zu spannen ohne Werkzeug. Erh\u00e4ltlich in zwei Gr\u00f6\u00dfen: 28 und 30 mm. Ein Carbonrohr ist im Lieferumfang enthalten.<\/p>","protected":false},"excerpt":{"rendered":"<p>Kajakpaddel verstellbares System aus Polyamid, sehr gute L\u00f6sung f\u00fcr harte Bedingungen wie Salzwasser oder gro\u00dfe Spannungen. Mit diesem System k\u00f6nnen Sie den Winkel und die L\u00e4nge des Paddels \u00e4ndern, einfach zu spannen ohne Werkzeug. Erh\u00e4ltlich in zwei Gr\u00f6\u00dfen: 28 und 30 mm. Ein Carbonrohr ist im Lieferumfang enthalten.<\/p>","protected":false},"featured_media":35248,"comment_status":"closed","ping_status":"closed","template":"","meta":[],"product_brand":[],"product_cat":[108,111],"product_tag":[],"class_list":{"0":"post-33348","1":"product","2":"type-product","3":"status-publish","4":"has-post-thumbnail","6":"product_cat-accesories","7":"product_cat-systems","9":"first","10":"onbackorder","11":"taxable","12":"shipping-taxable","13":"purchasable","14":"product-type-simple"},"yoast_head":"<!-- This site is optimized with the Yoast SEO Premium plugin v20.7 (Yoast SEO v27.1.1) - https:\/\/yoast.com\/product\/yoast-seo-premium-wordpress\/ -->\n<title>Qnect composite 30 mm - G&#039;Power<\/title>\n<meta name=\"robots\" content=\"index, follow, max-snippet:-1, max-image-preview:large, max-video-preview:-1\" \/>\n<link rel=\"canonical\" href=\"https:\/\/gpowersport.com\/de\/accesories\/systems\/qnect-system-composite-30-mm\/\" \/>\n<meta property=\"og:locale\" content=\"de_DE\" \/>\n<meta property=\"og:type\" content=\"article\" \/>\n<meta property=\"og:title\" content=\"Qnect composite 30 mm\" \/>\n<meta property=\"og:description\" content=\"Kayakpaddle adjustable system made from polyamide , Very good solution for hardconditions such as salt water or big tensions. With this system You can change in You paddle the angle and length , Easy to tighten without any tools. Available in Two size :28 and 30 mm. A carbon tube is included with the system.\" \/>\n<meta property=\"og:url\" content=\"https:\/\/gpowersport.com\/de\/accesories\/systems\/qnect-system-composite-30-mm\/\" \/>\n<meta property=\"og:site_name\" content=\"G&#039;Power\" \/>\n<meta property=\"article:publisher\" content=\"https:\/\/www.facebook.com\/GpowerPaddles\" \/>\n<meta property=\"article:modified_time\" content=\"2026-04-02T07:42:58+00:00\" \/>\n<meta property=\"og:image\" content=\"https:\/\/gpowersport.com\/wp-content\/uploads\/2019\/10\/composite_qnect_start.png\" \/>\n\t<meta property=\"og:image:width\" content=\"1200\" \/>\n\t<meta property=\"og:image:height\" content=\"218\" \/>\n\t<meta property=\"og:image:type\" content=\"image\/png\" \/>\n<meta name=\"twitter:card\" content=\"summary_large_image\" \/>\n<meta name=\"twitter:label1\" content=\"Gesch\u00e4tzte Lesezeit\" \/>\n\t<meta name=\"twitter:data1\" content=\"1\u00a0Minute\" \/>\n<script type=\"application\/ld+json\" class=\"yoast-schema-graph\">{\"@context\":\"https:\/\/schema.org\",\"@graph\":[{\"@type\":[\"WebPage\",\"ItemPage\"],\"@id\":\"https:\/\/gpowersport.com\/accesories\/systems\/qnect-system-composite-30-mm\/\",\"url\":\"https:\/\/gpowersport.com\/accesories\/systems\/qnect-system-composite-30-mm\/\",\"name\":\"Qnect composite 30 mm - G&#039;Power\",\"isPartOf\":{\"@id\":\"https:\/\/gpowersport.com\/pl\/#website\"},\"primaryImageOfPage\":{\"@id\":\"https:\/\/gpowersport.com\/accesories\/systems\/qnect-system-composite-30-mm\/#primaryimage\"},\"image\":{\"@id\":\"https:\/\/gpowersport.com\/accesories\/systems\/qnect-system-composite-30-mm\/#primaryimage\"},\"thumbnailUrl\":\"https:\/\/gpowersport.com\/wp-content\/uploads\/2019\/10\/composite_qnect_start.png\",\"datePublished\":\"2019-10-23T04:48:25+00:00\",\"dateModified\":\"2026-04-02T07:42:58+00:00\",\"breadcrumb\":{\"@id\":\"https:\/\/gpowersport.com\/accesories\/systems\/qnect-system-composite-30-mm\/#breadcrumb\"},\"inLanguage\":\"de\",\"potentialAction\":[{\"@type\":\"ReadAction\",\"target\":[\"https:\/\/gpowersport.com\/accesories\/systems\/qnect-system-composite-30-mm\/\"]}]},{\"@type\":\"ImageObject\",\"inLanguage\":\"de\",\"@id\":\"https:\/\/gpowersport.com\/accesories\/systems\/qnect-system-composite-30-mm\/#primaryimage\",\"url\":\"https:\/\/gpowersport.com\/wp-content\/uploads\/2019\/10\/composite_qnect_start.png\",\"contentUrl\":\"https:\/\/gpowersport.com\/wp-content\/uploads\/2019\/10\/composite_qnect_start.png\",\"width\":1200,\"height\":218},{\"@type\":\"BreadcrumbList\",\"@id\":\"https:\/\/gpowersport.com\/accesories\/systems\/qnect-system-composite-30-mm\/#breadcrumb\",\"itemListElement\":[{\"@type\":\"ListItem\",\"position\":1,\"name\":\"Home\",\"item\":\"https:\/\/gpowersport.com\/\"},{\"@type\":\"ListItem\",\"position\":2,\"name\":\"Shop\",\"item\":\"https:\/\/gpowersport.com\/carbon-fiber-paddles\/\"},{\"@type\":\"ListItem\",\"position\":3,\"name\":\"Accesories\",\"item\":\"https:\/\/gpowersport.com\/pl\/accesories\/\"},{\"@type\":\"ListItem\",\"position\":4,\"name\":\"Systems\",\"item\":\"https:\/\/gpowersport.com\/pl\/accesories\/systems\/\"},{\"@type\":\"ListItem\",\"position\":5,\"name\":\"Qnect composite 30 mm\"}]},{\"@type\":\"WebSite\",\"@id\":\"https:\/\/gpowersport.com\/pl\/#website\",\"url\":\"https:\/\/gpowersport.com\/pl\/\",\"name\":\"G'Power carbon paddles\",\"description\":\"\",\"publisher\":{\"@id\":\"https:\/\/gpowersport.com\/pl\/#organization\"},\"potentialAction\":[{\"@type\":\"SearchAction\",\"target\":{\"@type\":\"EntryPoint\",\"urlTemplate\":\"https:\/\/gpowersport.com\/pl\/?s={search_term_string}\"},\"query-input\":{\"@type\":\"PropertyValueSpecification\",\"valueRequired\":true,\"valueName\":\"search_term_string\"}}],\"inLanguage\":\"de\"},{\"@type\":\"Organization\",\"@id\":\"https:\/\/gpowersport.com\/pl\/#organization\",\"name\":\"G'power carbon paddles\",\"url\":\"https:\/\/gpowersport.com\/pl\/\",\"logo\":{\"@type\":\"ImageObject\",\"inLanguage\":\"de\",\"@id\":\"https:\/\/gpowersport.com\/pl\/#\/schema\/logo\/image\/\",\"url\":\"https:\/\/gpowersport.com\/wp-content\/uploads\/2020\/03\/gpower-logo.png\",\"contentUrl\":\"https:\/\/gpowersport.com\/wp-content\/uploads\/2020\/03\/gpower-logo.png\",\"width\":140,\"height\":30,\"caption\":\"G'power carbon paddles\"},\"image\":{\"@id\":\"https:\/\/gpowersport.com\/pl\/#\/schema\/logo\/image\/\"},\"sameAs\":[\"https:\/\/www.facebook.com\/GpowerPaddles\",\"https:\/\/www.instagram.com\/gpowerpaddles\/\"]}]}<\/script>\n<!-- \/ Yoast SEO Premium plugin. -->","yoast_head_json":{"title":"Qnect Verbundwerkstoff 30 mm - G&#039;Power","robots":{"index":"index","follow":"follow","max-snippet":"max-snippet:-1","max-image-preview":"max-image-preview:large","max-video-preview":"max-video-preview:-1"},"canonical":"https:\/\/gpowersport.com\/de\/accesories\/systems\/qnect-system-composite-30-mm\/","og_locale":"de_DE","og_type":"article","og_title":"Qnect composite 30 mm","og_description":"Kayakpaddle adjustable system made from polyamide , Very good solution for hardconditions such as salt water or big tensions. With this system You can change in You paddle the angle and length , Easy to tighten without any tools. Available in Two size :28 and 30 mm. A carbon tube is included with the system.","og_url":"https:\/\/gpowersport.com\/de\/accesories\/systems\/qnect-system-composite-30-mm\/","og_site_name":"G&#039;Power","article_publisher":"https:\/\/www.facebook.com\/GpowerPaddles","article_modified_time":"2026-04-02T07:42:58+00:00","og_image":[{"width":1200,"height":218,"url":"https:\/\/gpowersport.com\/wp-content\/uploads\/2019\/10\/composite_qnect_start.png","type":"image\/png"}],"twitter_card":"summary_large_image","twitter_misc":{"Gesch\u00e4tzte Lesezeit":"1\u00a0Minute"},"schema":{"@context":"https:\/\/schema.org","@graph":[{"@type":["WebPage","ItemPage"],"@id":"https:\/\/gpowersport.com\/accesories\/systems\/qnect-system-composite-30-mm\/","url":"https:\/\/gpowersport.com\/accesories\/systems\/qnect-system-composite-30-mm\/","name":"Qnect Verbundwerkstoff 30 mm - G&#039;Power","isPartOf":{"@id":"https:\/\/gpowersport.com\/pl\/#website"},"primaryImageOfPage":{"@id":"https:\/\/gpowersport.com\/accesories\/systems\/qnect-system-composite-30-mm\/#primaryimage"},"image":{"@id":"https:\/\/gpowersport.com\/accesories\/systems\/qnect-system-composite-30-mm\/#primaryimage"},"thumbnailUrl":"https:\/\/gpowersport.com\/wp-content\/uploads\/2019\/10\/composite_qnect_start.png","datePublished":"2019-10-23T04:48:25+00:00","dateModified":"2026-04-02T07:42:58+00:00","breadcrumb":{"@id":"https:\/\/gpowersport.com\/accesories\/systems\/qnect-system-composite-30-mm\/#breadcrumb"},"inLanguage":"de","potentialAction":[{"@type":"ReadAction","target":["https:\/\/gpowersport.com\/accesories\/systems\/qnect-system-composite-30-mm\/"]}]},{"@type":"ImageObject","inLanguage":"de","@id":"https:\/\/gpowersport.com\/accesories\/systems\/qnect-system-composite-30-mm\/#primaryimage","url":"https:\/\/gpowersport.com\/wp-content\/uploads\/2019\/10\/composite_qnect_start.png","contentUrl":"https:\/\/gpowersport.com\/wp-content\/uploads\/2019\/10\/composite_qnect_start.png","width":1200,"height":218},{"@type":"BreadcrumbList","@id":"https:\/\/gpowersport.com\/accesories\/systems\/qnect-system-composite-30-mm\/#breadcrumb","itemListElement":[{"@type":"ListItem","position":1,"name":"Home","item":"https:\/\/gpowersport.com\/"},{"@type":"ListItem","position":2,"name":"Shop","item":"https:\/\/gpowersport.com\/carbon-fiber-paddles\/"},{"@type":"ListItem","position":3,"name":"Accesories","item":"https:\/\/gpowersport.com\/pl\/accesories\/"},{"@type":"ListItem","position":4,"name":"Systems","item":"https:\/\/gpowersport.com\/pl\/accesories\/systems\/"},{"@type":"ListItem","position":5,"name":"Qnect composite 30 mm"}]},{"@type":"WebSite","@id":"https:\/\/gpowersport.com\/pl\/#website","url":"https:\/\/gpowersport.com\/pl\/","name":"G'Power Carbon-Paddel","description":"","publisher":{"@id":"https:\/\/gpowersport.com\/pl\/#organization"},"potentialAction":[{"@type":"SearchAction","target":{"@type":"EntryPoint","urlTemplate":"https:\/\/gpowersport.com\/pl\/?s={search_term_string}"},"query-input":{"@type":"PropertyValueSpecification","valueRequired":true,"valueName":"search_term_string"}}],"inLanguage":"de"},{"@type":"Organization","@id":"https:\/\/gpowersport.com\/pl\/#organization","name":"G'power Carbon-Paddles","url":"https:\/\/gpowersport.com\/pl\/","logo":{"@type":"ImageObject","inLanguage":"de","@id":"https:\/\/gpowersport.com\/pl\/#\/schema\/logo\/image\/","url":"https:\/\/gpowersport.com\/wp-content\/uploads\/2020\/03\/gpower-logo.png","contentUrl":"https:\/\/gpowersport.com\/wp-content\/uploads\/2020\/03\/gpower-logo.png","width":140,"height":30,"caption":"G'power carbon paddles"},"image":{"@id":"https:\/\/gpowersport.com\/pl\/#\/schema\/logo\/image\/"},"sameAs":["https:\/\/www.facebook.com\/GpowerPaddles","https:\/\/www.instagram.com\/gpowerpaddles\/"]}]}},"_links":{"self":[{"href":"https:\/\/gpowersport.com\/de\/wp-json\/wp\/v2\/product\/33348","targetHints":{"allow":["GET"]}}],"collection":[{"href":"https:\/\/gpowersport.com\/de\/wp-json\/wp\/v2\/product"}],"about":[{"href":"https:\/\/gpowersport.com\/de\/wp-json\/wp\/v2\/types\/product"}],"replies":[{"embeddable":true,"href":"https:\/\/gpowersport.com\/de\/wp-json\/wp\/v2\/comments?post=33348"}],"wp:featuredmedia":[{"embeddable":true,"href":"https:\/\/gpowersport.com\/de\/wp-json\/wp\/v2\/media\/35248"}],"wp:attachment":[{"href":"https:\/\/gpowersport.com\/de\/wp-json\/wp\/v2\/media?parent=33348"}],"wp:term":[{"taxonomy":"product_brand","embeddable":true,"href":"https:\/\/gpowersport.com\/de\/wp-json\/wp\/v2\/product_brand?post=33348"},{"taxonomy":"product_cat","embeddable":true,"href":"https:\/\/gpowersport.com\/de\/wp-json\/wp\/v2\/product_cat?post=33348"},{"taxonomy":"product_tag","embeddable":true,"href":"https:\/\/gpowersport.com\/de\/wp-json\/wp\/v2\/product_tag?post=33348"}],"curies":[{"name":"wp","href":"https:\/\/api.w.org\/{rel}","templated":true}]}}