{"id":33427,"date":"2019-10-31T06:15:22","date_gmt":"2019-10-31T06:15:22","guid":{"rendered":"https:\/\/gpowersport.com\/?post_type=product&#038;p=33427"},"modified":"2026-04-20T19:20:22","modified_gmt":"2026-04-20T19:20:22","slug":"slalom-canoe-revolution-elite","status":"publish","type":"product","link":"https:\/\/gpowersport.com\/de\/carbon-fiber-paddles\/slalom\/canoe\/slalom-canoe-revolution-elite\/","title":{"rendered":"Slalom Kanu Paddel - Revolution ELITE"},"content":{"rendered":"<h1><span style=\"font-size: 75%;\"><strong><a href=\"https:\/\/gpowersport.com\/de\/carbon-fiber-paddles\/slalom\/\">Kanupaddel<\/a> &#8211; <\/strong><strong>Revolution ELITE<\/strong><\/span><\/h1>\n<h2><span style=\"font-size: 75%;\">Die beste Wahl f\u00fcr Berufst\u00e4tige <a href=\"https:\/\/gpowersport.com\/de\/carbon-fiber-paddles\/slalom\/canoe\/\">Slalomkanu<\/a> Sportlern und Freizeitpaddlern, die gerne Kanu fahren.<\/span><\/h2>\n<h2><span style=\"font-size: 75%;\">Innovatives Slalompaddel, entwickelt von einem der besten Kanuslalom-Athleten - <a href=\"https:\/\/gpowersport.com\/de\/team\/\">Alexander Slafkovsk\u00fd<\/a> aus der Slowakei. Zehnfacher Weltmeister in der Mannschaft und Einzel-Europameister. <\/span><span style=\"font-size: 75%;\">Unser Angebot ist sehr einfach, das perfekt passende Paddel zu finden. Es gibt f\u00fcnf Blattgr\u00f6\u00dfen, drei Arten von Schaftsteifigkeit und viele Varianten von Griffen. Wir geben Ihnen die M\u00f6glichkeit, das perfekte Paddel zu w\u00e4hlen <a href=\"https:\/\/gpowersport.com\/de\/team\/\">Slalomkanu-Paddel<\/a>.<\/span><\/h2>\n<h2><span style=\"font-size: 75%;\">METAL TIPS - <a href=\"https:\/\/gpowersport.com\/de\/carbon-fiber-paddles\/\">Carbon-Paddel<\/a> Die Paddelbl\u00e4tter sind mit einer Edelstahlverst\u00e4rkung entlang der Au\u00dfenkante erh\u00e4ltlich, die das Blatt perfekt vor Besch\u00e4digungen und Schl\u00e4gen des Paddels auf den Flussfelsen sch\u00fctzt. Power-Oberfl\u00e4chen machen das Paddel mehr stark f\u00fcr Auswirkungen.<\/span><\/h2>\n<h2><span style=\"font-size: 75%;\">Slalom-Kanu\u00a0<a href=\"https:\/\/gpowersport.com\/de\/carbon-fiber-paddles\/\">Carbonpaddel<\/a> machen Sie st\u00e4rker, geben Sie mehr Zufriedenheit auf jeder Trainingseinheit. Werfen Sie die Aluminium- und PVC-Konstruktion weg und bringen Sie Ihre Ergebnisse auf ein h\u00f6heres Niveau.\u00a0<\/span><\/h2>\n<h2><span style=\"font-size: 75%;\"><a href=\"https:\/\/www.facebook.com\/jessfox.canoeslalom\/\">Jessica Fox aus Australien<\/a>Die mehrfache Weltmeisterin, die beste und erfolgreichste Fahrerin in der Geschichte des C1-Frauenslaloms, benutzt seit vielen Jahren das G' Power Paddel. Sie hat sich f\u00fcr das Revolution Elite in der Gr\u00f6\u00dfe \"S\" und einen Carbongriff entschieden, um sicherzustellen, dass das Paddel auch den schwierigsten Rennen standh\u00e4lt.<\/span><\/h2>\n<h3>Erstellen Sie Ihr perfektes <a href=\"https:\/\/gpowersport.com\/de\/paddles-with-own-design\/\">personalisiertes Paddel<\/a>!<\/h3>\n<p>&nbsp;<\/p>\n<table border=\"0\" width=\"100%\" cellspacing=\"1\" cellpadding=\"1\" align=\"center\">\n<tbody>\n<tr>\n<td width=\"20%\"><span style=\"font-size: 75%;\">Gr\u00f6\u00dfe<\/span><\/td>\n<td style=\"text-align: left;\" valign=\"middle\"><span style=\"font-size: 75%;\">XS<\/span><\/td>\n<td style=\"text-align: left;\"><span style=\"font-size: 75%;\">S<\/span><\/td>\n<td style=\"text-align: left;\"><span style=\"font-size: 75%;\">M<\/span><\/td>\n<td style=\"text-align: left;\"><span style=\"font-size: 75%;\">L<\/span><\/td>\n<td style=\"text-align: left;\"><span style=\"font-size: 75%;\">XL<\/span><\/td>\n<\/tr>\n<tr>\n<td><span style=\"font-size: 75%;\">Bereich der Klinge<\/span><\/td>\n<td style=\"text-align: left;\"><span style=\"font-size: 75%; color: #282828;\">695 cm<sup>2<\/sup><\/span><\/td>\n<td style=\"text-align: left;\"><span style=\"font-size: 75%; color: #282828;\">737 cm<sup>2<\/sup><\/span><\/td>\n<td style=\"text-align: left;\"><span style=\"font-size: 75%; color: #282828;\">785 cm<sup>2<\/sup><\/span><\/td>\n<td style=\"text-align: left;\"><span style=\"font-size: 75%; color: #282828;\">795 cm<sup>2<\/sup><\/span><\/td>\n<td style=\"text-align: left;\"><span style=\"font-size: 75%; color: #282828;\">806 cm<sup>2<\/sup><\/span><\/td>\n<\/tr>\n<tr>\n<td><span style=\"font-size: 75%;\">L\u00e4nge der Klinge<\/span><\/td>\n<td style=\"text-align: left;\"><span style=\"font-size: 75%;\">495 mm<\/span><\/td>\n<td style=\"text-align: left;\"><span style=\"font-size: 75%;\">505 mm<\/span><\/td>\n<td><span style=\"font-size: 75%;\">520 mm<\/span><\/td>\n<td><span style=\"font-size: 75%;\">520 mm<\/span><\/td>\n<td><span style=\"font-size: 75%;\">520 mm<\/span><\/td>\n<\/tr>\n<tr>\n<td><span style=\"font-size: 75%;\">Breite der Klinge<\/span><\/td>\n<td><span style=\"font-size: 75%;\">193 mm<\/span><\/td>\n<td><span style=\"font-size: 75%;\">197 mm<\/span><\/td>\n<td><span style=\"font-size: 75%;\">200 mm<\/span><\/td>\n<td><span style=\"font-size: 75%;\">205 mm<\/span><\/td>\n<td><span style=\"font-size: 75%;\">210 mm<\/span><\/td>\n<\/tr>\n<tr>\n<td><span style=\"font-size: 75%;\">Kohlenstoffgehalt - Blatt \/ Welle<\/span><\/td>\n<td><span style=\"font-size: 75%;\">100% \/ 100%<\/span><\/td>\n<td><span style=\"font-size: 75%;\">100% \/ 100%<\/span><\/td>\n<td><span style=\"font-size: 75%;\">100% \/ 100%<\/span><\/td>\n<td><span style=\"font-size: 75%;\">100% \/ 100%<\/span><\/td>\n<td><span style=\"font-size: 75%;\">100% \/ 100%<\/span><\/td>\n<\/tr>\n<tr>\n<td><span style=\"font-size: 75%;\">Durchmesser der Welle<\/span><\/td>\n<td><span style=\"font-size: 75%;\">28 mm<\/span><\/td>\n<td><span style=\"font-size: 75%;\">28 mm<\/span><\/td>\n<td><span style=\"font-size: 75%;\">28 mm<\/span><\/td>\n<td><span style=\"font-size: 75%;\">28 mm<\/span><\/td>\n<td><span style=\"font-size: 75%;\">28 mm<\/span><\/td>\n<\/tr>\n<tr>\n<td><span style=\"font-size: 75%;\">Paddelgewicht mit Holzgriff<\/span><\/td>\n<td><span style=\"font-size: 75%;\">~ 490 g<\/span><\/td>\n<td><span style=\"font-size: 75%; color: #282828;\">~ 500 g<\/span><\/td>\n<td><span style=\"font-size: 75%; color: #282828;\">~ 515 g<\/span><\/td>\n<td><span style=\"font-size: 75%; color: #282828;\">~ 525 g<\/span><\/td>\n<td><span style=\"font-size: 75%; color: #282828;\">~ 540 g<\/span><\/td>\n<\/tr>\n<tr>\n<td><span style=\"font-size: 75%;\">Metallspitzen<\/span><\/td>\n<td><span style=\"font-size: 75%;\">ja<\/span><\/td>\n<td><span style=\"font-size: 75%;\">ja<\/span><\/td>\n<td><span style=\"font-size: 75%;\">ja<\/span><\/td>\n<td><span style=\"font-size: 75%;\">ja<\/span><\/td>\n<td><span style=\"font-size: 75%;\">ja<\/span><\/td>\n<\/tr>\n<\/tbody>\n<\/table>\n<p>&nbsp;<\/p>\n\t\n  \n    <div class=\"row large-columns-4 medium-columns-3 small-columns-2 row-small slider row-slider slider-nav-reveal slider-nav-push\"  data-flickity-options='{&quot;imagesLoaded&quot;: true, &quot;groupCells&quot;: &quot;100%&quot;, &quot;dragThreshold&quot; : 5, &quot;cellAlign&quot;: &quot;left&quot;,&quot;wrapAround&quot;: true,&quot;prevNextButtons&quot;: true,&quot;percentPosition&quot;: true,&quot;pageDots&quot;: false, &quot;rightToLeft&quot;: false, &quot;autoPlay&quot; : false}' >\n\n  \n\t     <\/div>\n\t<div id=\"gap-985933581\" class=\"gap-element clearfix\" style=\"display:block; height:auto;\">\n\t\t\n<style>\n#gap-985933581 {\n  padding-top: 50px;\n}\n<\/style>\n\t<\/div>\n\t\n\t<div id=\"gap-27827334\" class=\"gap-element clearfix\" style=\"display:block; height:auto;\">\n\t\t\n<style>\n#gap-27827334 {\n  padding-top: 50px;\n}\n<\/style>\n\t<\/div>\n\t\n<div class=\"row align-middle\"  id=\"row-1819478368\">\n\n\t<div id=\"col-936066467\" class=\"col medium-4 small-12 large-4\"  >\n\t\t\t\t<div class=\"col-inner\"  >\n\t\t\t\n\t\t\t\n\t<div class=\"img has-hover x md-x lg-x y md-y lg-y\" id=\"image_1528698510\">\n\t\t\t\t\t\t\t\t<div class=\"img-inner dark\" style=\"margin:-50px 0px 0px 0px;\">\n\t\t\t<img fetchpriority=\"high\" decoding=\"async\" width=\"1020\" height=\"680\" src=\"https:\/\/gpowersport.com\/wp-content\/uploads\/2019\/10\/aluminium_qnect_1-1200x800.jpg\" class=\"attachment-large size-large\" alt=\"\" srcset=\"https:\/\/gpowersport.com\/wp-content\/uploads\/2019\/10\/aluminium_qnect_1-1200x800.jpg 1200w, https:\/\/gpowersport.com\/wp-content\/uploads\/2019\/10\/aluminium_qnect_1-18x12.jpg 18w, https:\/\/gpowersport.com\/wp-content\/uploads\/2019\/10\/aluminium_qnect_1-600x400.jpg 600w, https:\/\/gpowersport.com\/wp-content\/uploads\/2019\/10\/aluminium_qnect_1-768x512.jpg 768w, https:\/\/gpowersport.com\/wp-content\/uploads\/2019\/10\/aluminium_qnect_1-1536x1024.jpg 1536w, https:\/\/gpowersport.com\/wp-content\/uploads\/2019\/10\/aluminium_qnect_1-1000x667.jpg 1000w, https:\/\/gpowersport.com\/wp-content\/uploads\/2019\/10\/aluminium_qnect_1-800x534.jpg 800w, https:\/\/gpowersport.com\/wp-content\/uploads\/2019\/10\/aluminium_qnect_1.jpg 1600w\" sizes=\"(max-width: 1020px) 100vw, 1020px\" \/>\t\t\t\t\t\t\n\t\t\t\t\t<\/div>\n\t\t\t\t\t\t\t\t\n<style>\n#image_1528698510 {\n  width: 100%;\n}\n<\/style>\n\t<\/div>\n\t\n\t\t<\/div>\n\t\t\t\t\t<\/div>\n\n\t\n\n\t<div id=\"col-288840995\" class=\"col medium-8 small-12 large-8\"  >\n\t\t\t\t<div class=\"col-inner\"  >\n\t\t\t\n\t\t\t\n<p>Unsere Paddel sind mit dem verstellbaren QNECT-System erh\u00e4ltlich (Aluminium oder Komposit). Dies erm\u00f6glicht die Einstellung der Gesamtl\u00e4nge des Paddels (innerhalb von 10 cm) und des Blattwinkels von 0\u00b0 bis 85\u00b0 rechts oder links in 5\u00b0-Schritten. Das QNECT-System erm\u00f6glicht die Einstellung Ihres pers\u00f6nlichen Blattwinkels und die Zerlegung des Paddels in zwei Teile f\u00fcr einen einfachen Transport.<\/p>\n<p><strong>QNECT Aluminium<\/strong> - Hergestellt aus einer speziellen Aluminiumsorte mit kathodischer Schutztechnologie zum Schutz vor Korrosion im Salzwasser; ideal f\u00fcr Flachwasser-Kanu- und Kajakpaddel im S\u00fc\u00dfwasser. Hervorragende Griffstabilisierung bei Kanupaddeln.<\/p>\n<hr \/>\n<p><span style=\"font-size: 90%; color: #d83131;\"><img decoding=\"async\" class=\"wp-image-33383 alignleft\" src=\"http:\/\/gpowersport.com\/wp-content\/uploads\/2019\/10\/attention.png\" alt=\"\" width=\"46\" height=\"49\" srcset=\"https:\/\/gpowersport.com\/wp-content\/uploads\/2019\/10\/attention.png 100w, https:\/\/gpowersport.com\/wp-content\/uploads\/2019\/10\/attention-11x12.png 11w\" sizes=\"(max-width: 46px) 100vw, 46px\" \/><strong><span style=\"font-size: 75%;\">WICHTIG!<\/span><\/strong><\/span><strong><span style=\"font-size: 75%;\"> Vergessen Sie nicht, das Paddel und das QNECT-System nach dem Gebrauch im S\u00fc\u00dfwasser zu reinigen. Wenn Sie es in Salzwasser verwenden, tun Sie es nach jeder Sitzung. Paddel, die l\u00e4nger als zwei Wochen nicht benutzt werden, sollten zerlegt gelagert werden.<\/span><\/strong><\/p>\n\t\t<\/div>\n\t\t\t\t\t<\/div>\n\n\t\n<\/div>\n\t<div id=\"gap-1560027760\" class=\"gap-element clearfix\" style=\"display:block; height:auto;\">\n\t\t\n<style>\n#gap-1560027760 {\n  padding-top: 50px;\n}\n<\/style>\n\t<\/div>\n\t\n\n\t<section class=\"section\" id=\"section_485699177\">\n\t\t<div class=\"section-bg fill\" >\n\t\t\t\t\t\t\t\t\t<div class=\"loading-spin centered\"><\/div>\n\t\t\t\n\n\t\t<\/div>\n\n\t\t\n\n\t\t<div class=\"section-content relative\">\n\t\t\t\n<div class=\"row row-solid\"  id=\"row-1307082081\">\n\n\t<div id=\"col-38051807\" class=\"col medium-4 small-12 large-4\"  >\n\t\t\t\t<div class=\"col-inner\"  >\n\t\t\t\n\t\t\t\n\n\t\t<div class=\"icon-box featured-box icon-box-center text-center\"  >\n\t\t\t\t\t<div class=\"icon-box-img\" style=\"width: 50px\">\n\t\t\t\t<div class=\"icon\">\n\t\t\t\t\t<div class=\"icon-inner\" >\n\t\t\t\t\t\t<img decoding=\"async\" width=\"128\" height=\"128\" src=\"https:\/\/gpowersport.com\/wp-content\/uploads\/2020\/09\/2703076-128-1-1.png\" class=\"attachment-medium size-medium\" alt=\"\" srcset=\"https:\/\/gpowersport.com\/wp-content\/uploads\/2020\/09\/2703076-128-1-1.png 128w, https:\/\/gpowersport.com\/wp-content\/uploads\/2020\/09\/2703076-128-1-1-12x12.png 12w, https:\/\/gpowersport.com\/wp-content\/uploads\/2020\/09\/2703076-128-1-1-120x120.png 120w, https:\/\/gpowersport.com\/wp-content\/uploads\/2020\/09\/2703076-128-1-1-100x100.png 100w\" sizes=\"(max-width: 128px) 100vw, 128px\" \/>\t\t\t\t\t<\/div>\n\t\t\t\t<\/div>\n\t\t\t<\/div>\n\t\t\t\t<div class=\"icon-box-text last-reset\">\n\t\t\t\t\t\t\t\t\t\n<p>&nbsp;<\/p>\n<h3>Feedback hinterlassen<\/h3>\n<p>Ihre Meinung ist f\u00fcr uns sehr wichtig. Dank dieser, entwickeln wir unsere Produkte.<\/p>\n\t\t<\/div>\n\t<\/div>\n\t\n\t\n\t\t<\/div>\n\t\t\t\t\t<\/div>\n\n\t\n\n\t<div id=\"col-1666778173\" class=\"col medium-4 small-12 large-4\"  >\n\t\t\t\t<div class=\"col-inner\"  >\n\t\t\t\n\t\t\t\n\n\t\t<div class=\"icon-box featured-box icon-box-center text-center\"  >\n\t\t\t\t\t<div class=\"icon-box-img\" style=\"width: 50px\">\n\t\t\t\t<div class=\"icon\">\n\t\t\t\t\t<div class=\"icon-inner\" >\n\t\t\t\t\t\t<img loading=\"lazy\" decoding=\"async\" width=\"128\" height=\"128\" src=\"https:\/\/gpowersport.com\/wp-content\/uploads\/2020\/09\/5959201-128-1.png\" class=\"attachment-medium size-medium\" alt=\"\" srcset=\"https:\/\/gpowersport.com\/wp-content\/uploads\/2020\/09\/5959201-128-1.png 128w, https:\/\/gpowersport.com\/wp-content\/uploads\/2020\/09\/5959201-128-1-12x12.png 12w, https:\/\/gpowersport.com\/wp-content\/uploads\/2020\/09\/5959201-128-1-120x120.png 120w, https:\/\/gpowersport.com\/wp-content\/uploads\/2020\/09\/5959201-128-1-100x100.png 100w\" sizes=\"(max-width: 128px) 100vw, 128px\" \/>\t\t\t\t\t<\/div>\n\t\t\t\t<\/div>\n\t\t\t<\/div>\n\t\t\t\t<div class=\"icon-box-text last-reset\">\n\t\t\t\t\t\t\t\t\t\n<h3>Von T\u00fcr zu T\u00fcr<\/h3>\n<p>Wenn Sie in unserem Gesch\u00e4ft kaufen, haben Sie eine volle Garantie. Reklamationen werden direkt vom Hersteller bearbeitet. Schnell und einfach.<\/p>\n\t\t<\/div>\n\t<\/div>\n\t\n\t\n\t\t<\/div>\n\t\t\t\t\t<\/div>\n\n\t\n\n<style>\n#row-1307082081 > .col > .col-inner {\n  padding: 20px 20px 20px 20px;\n}\n<\/style>\n<\/div>\n\t\t<\/div>\n\n\t\t\n<style>\n#section_485699177 {\n  padding-top: 30px;\n  padding-bottom: 30px;\n}\n<\/style>\n\t<\/section>","protected":false},"excerpt":{"rendered":"<p><span style=\"font-size: 100%;\"><span style=\"color: #00aae7;\">Wenn Sie eine Standardverbindung w\u00e4hlen<\/span>w\u00e4hlen Sie bitte auch: Paddell\u00e4nge, Verdrehung und Winkel. Im n\u00e4chsten Schritt k\u00f6nnen Sie w\u00e4hlen, ob das Paddel geklebt werden soll (Sie erhalten das Paddel gebrauchsfertig). Wenn Sie sich f\u00fcr das verstellbare Qnect-System entscheiden, markieren Sie die Mindestl\u00e4nge, die Sie haben m\u00f6chten und \u00fcberspringen Sie Twist und Angle. Das Qnect System gibt Ihnen die M\u00f6glichkeit, die L\u00e4nge des Paddels um 10 cm zu ver\u00e4ndern. Wenn Sie keine Angst vor Werkzeug haben und ein H\u00e4ndchen f\u00fcr Heimwerker haben, markieren Sie NEIN im letzten K\u00e4stchen.<\/span><\/p>","protected":false},"featured_media":32732,"comment_status":"open","ping_status":"closed","template":"","meta":[],"product_brand":[],"product_cat":[18,89,91],"product_tag":[],"class_list":{"0":"post-33427","1":"product","2":"type-product","3":"status-publish","4":"has-post-thumbnail","6":"product_cat-carbon-fiber-paddles","7":"product_cat-slalom","8":"product_cat-canoe","10":"first","11":"instock","12":"featured","13":"taxable","14":"shipping-taxable","15":"purchasable","16":"product-type-composite"},"yoast_head":"<!-- This site is optimized with the Yoast SEO Premium plugin v20.7 (Yoast SEO v27.1.1) - https:\/\/yoast.com\/product\/yoast-seo-premium-wordpress\/ -->\n<title>Slalom Canoe paddle - Revolution ELITE - G&#039;Power pro carbon fiber paddle<\/title>\n<meta name=\"description\" content=\"Innovative carbon fiber slalom paddle designed by one of the best Canoe Slalom Athlete - Alexander Slafkovsk\u00fd - Ten times World champion!\" \/>\n<meta name=\"robots\" content=\"index, follow, max-snippet:-1, max-image-preview:large, max-video-preview:-1\" \/>\n<link rel=\"canonical\" href=\"https:\/\/gpowersport.com\/de\/carbon-fiber-paddles\/slalom\/canoe\/slalom-canoe-revolution-elite\/\" \/>\n<meta property=\"og:locale\" content=\"de_DE\" \/>\n<meta property=\"og:type\" content=\"article\" \/>\n<meta property=\"og:title\" content=\"Slalom Canoe paddle - Revolution ELITE\" \/>\n<meta property=\"og:description\" content=\"Innovative carbon fiber slalom paddle designed by one of the best Canoe Slalom Athlete - Alexander Slafkovsk\u00fd - Ten times World champion!\" \/>\n<meta property=\"og:url\" content=\"https:\/\/gpowersport.com\/de\/carbon-fiber-paddles\/slalom\/canoe\/slalom-canoe-revolution-elite\/\" \/>\n<meta property=\"og:site_name\" content=\"G&#039;Power\" \/>\n<meta property=\"article:publisher\" content=\"https:\/\/www.facebook.com\/GpowerPaddles\" \/>\n<meta property=\"article:modified_time\" content=\"2026-04-20T19:20:22+00:00\" \/>\n<meta property=\"og:image\" content=\"https:\/\/gpowersport.com\/wp-content\/uploads\/2019\/07\/revo_start_1200-1.png\" \/>\n\t<meta property=\"og:image:width\" content=\"1200\" \/>\n\t<meta property=\"og:image:height\" content=\"218\" \/>\n\t<meta property=\"og:image:type\" content=\"image\/png\" \/>\n<meta name=\"twitter:card\" content=\"summary_large_image\" \/>\n<meta name=\"twitter:label1\" content=\"Gesch\u00e4tzte Lesezeit\" \/>\n\t<meta name=\"twitter:data1\" content=\"3\u00a0Minuten\" \/>\n<script type=\"application\/ld+json\" class=\"yoast-schema-graph\">{\"@context\":\"https:\/\/schema.org\",\"@graph\":[{\"@type\":[\"WebPage\",\"ItemPage\"],\"@id\":\"https:\/\/gpowersport.com\/carbon-fiber-paddles\/slalom\/canoe\/slalom-canoe-revolution-elite\/\",\"url\":\"https:\/\/gpowersport.com\/carbon-fiber-paddles\/slalom\/canoe\/slalom-canoe-revolution-elite\/\",\"name\":\"Slalom Canoe paddle - Revolution ELITE - G&#039;Power pro carbon fiber paddle\",\"isPartOf\":{\"@id\":\"https:\/\/gpowersport.com\/pl\/#website\"},\"primaryImageOfPage\":{\"@id\":\"https:\/\/gpowersport.com\/carbon-fiber-paddles\/slalom\/canoe\/slalom-canoe-revolution-elite\/#primaryimage\"},\"image\":{\"@id\":\"https:\/\/gpowersport.com\/carbon-fiber-paddles\/slalom\/canoe\/slalom-canoe-revolution-elite\/#primaryimage\"},\"thumbnailUrl\":\"https:\/\/gpowersport.com\/wp-content\/uploads\/2019\/07\/revo_start_1200-1.png\",\"datePublished\":\"2019-10-31T06:15:22+00:00\",\"dateModified\":\"2026-04-20T19:20:22+00:00\",\"description\":\"Innovative carbon fiber slalom paddle designed by one of the best Canoe Slalom Athlete - Alexander Slafkovsk\u00fd - Ten times World champion!\",\"breadcrumb\":{\"@id\":\"https:\/\/gpowersport.com\/carbon-fiber-paddles\/slalom\/canoe\/slalom-canoe-revolution-elite\/#breadcrumb\"},\"inLanguage\":\"de\",\"potentialAction\":[{\"@type\":\"ReadAction\",\"target\":[\"https:\/\/gpowersport.com\/carbon-fiber-paddles\/slalom\/canoe\/slalom-canoe-revolution-elite\/\"]}]},{\"@type\":\"ImageObject\",\"inLanguage\":\"de\",\"@id\":\"https:\/\/gpowersport.com\/carbon-fiber-paddles\/slalom\/canoe\/slalom-canoe-revolution-elite\/#primaryimage\",\"url\":\"https:\/\/gpowersport.com\/wp-content\/uploads\/2019\/07\/revo_start_1200-1.png\",\"contentUrl\":\"https:\/\/gpowersport.com\/wp-content\/uploads\/2019\/07\/revo_start_1200-1.png\",\"width\":1200,\"height\":218,\"caption\":\"Canoe paddle - Revolution RACING\"},{\"@type\":\"BreadcrumbList\",\"@id\":\"https:\/\/gpowersport.com\/carbon-fiber-paddles\/slalom\/canoe\/slalom-canoe-revolution-elite\/#breadcrumb\",\"itemListElement\":[{\"@type\":\"ListItem\",\"position\":1,\"name\":\"Home\",\"item\":\"https:\/\/gpowersport.com\/\"},{\"@type\":\"ListItem\",\"position\":2,\"name\":\"Shop\",\"item\":\"https:\/\/gpowersport.com\/carbon-fiber-paddles\/\"},{\"@type\":\"ListItem\",\"position\":3,\"name\":\"Carbon Fiber Paddles\",\"item\":\"https:\/\/gpowersport.com\/pl\/carbon-fiber-paddles\/\"},{\"@type\":\"ListItem\",\"position\":4,\"name\":\"Slalom Paddles\",\"item\":\"https:\/\/gpowersport.com\/carbon-fiber-paddles\/slalom\/\"},{\"@type\":\"ListItem\",\"position\":5,\"name\":\"Slalom Canoe Paddles\",\"item\":\"https:\/\/gpowersport.com\/carbon-fiber-paddles\/slalom\/canoe\/\"},{\"@type\":\"ListItem\",\"position\":6,\"name\":\"Slalom Canoe paddle &#8211; Revolution ELITE\"}]},{\"@type\":\"WebSite\",\"@id\":\"https:\/\/gpowersport.com\/pl\/#website\",\"url\":\"https:\/\/gpowersport.com\/pl\/\",\"name\":\"G'Power carbon paddles\",\"description\":\"\",\"publisher\":{\"@id\":\"https:\/\/gpowersport.com\/pl\/#organization\"},\"potentialAction\":[{\"@type\":\"SearchAction\",\"target\":{\"@type\":\"EntryPoint\",\"urlTemplate\":\"https:\/\/gpowersport.com\/pl\/?s={search_term_string}\"},\"query-input\":{\"@type\":\"PropertyValueSpecification\",\"valueRequired\":true,\"valueName\":\"search_term_string\"}}],\"inLanguage\":\"de\"},{\"@type\":\"Organization\",\"@id\":\"https:\/\/gpowersport.com\/pl\/#organization\",\"name\":\"G'power carbon paddles\",\"url\":\"https:\/\/gpowersport.com\/pl\/\",\"logo\":{\"@type\":\"ImageObject\",\"inLanguage\":\"de\",\"@id\":\"https:\/\/gpowersport.com\/pl\/#\/schema\/logo\/image\/\",\"url\":\"https:\/\/gpowersport.com\/wp-content\/uploads\/2020\/03\/gpower-logo.png\",\"contentUrl\":\"https:\/\/gpowersport.com\/wp-content\/uploads\/2020\/03\/gpower-logo.png\",\"width\":140,\"height\":30,\"caption\":\"G'power carbon paddles\"},\"image\":{\"@id\":\"https:\/\/gpowersport.com\/pl\/#\/schema\/logo\/image\/\"},\"sameAs\":[\"https:\/\/www.facebook.com\/GpowerPaddles\",\"https:\/\/www.instagram.com\/gpowerpaddles\/\"]}]}<\/script>\n<!-- \/ Yoast SEO Premium plugin. -->","yoast_head_json":{"title":"Slalom Kanu Paddel - Revolution ELITE - G&#039;Power pro Kohlefaser Paddel","description":"Innovatives Kohlefaser-Slalom-Paddel, entworfen von einem der besten Kanuslalom-Athleten - Alexander Slafkovsk\u00fd - zehnfacher Weltmeister!","robots":{"index":"index","follow":"follow","max-snippet":"max-snippet:-1","max-image-preview":"max-image-preview:large","max-video-preview":"max-video-preview:-1"},"canonical":"https:\/\/gpowersport.com\/de\/carbon-fiber-paddles\/slalom\/canoe\/slalom-canoe-revolution-elite\/","og_locale":"de_DE","og_type":"article","og_title":"Slalom Canoe paddle - Revolution ELITE","og_description":"Innovative carbon fiber slalom paddle designed by one of the best Canoe Slalom Athlete - Alexander Slafkovsk\u00fd - Ten times World champion!","og_url":"https:\/\/gpowersport.com\/de\/carbon-fiber-paddles\/slalom\/canoe\/slalom-canoe-revolution-elite\/","og_site_name":"G&#039;Power","article_publisher":"https:\/\/www.facebook.com\/GpowerPaddles","article_modified_time":"2026-04-20T19:20:22+00:00","og_image":[{"width":1200,"height":218,"url":"https:\/\/gpowersport.com\/wp-content\/uploads\/2019\/07\/revo_start_1200-1.png","type":"image\/png"}],"twitter_card":"summary_large_image","twitter_misc":{"Gesch\u00e4tzte Lesezeit":"3\u00a0Minuten"},"schema":{"@context":"https:\/\/schema.org","@graph":[{"@type":["WebPage","ItemPage"],"@id":"https:\/\/gpowersport.com\/carbon-fiber-paddles\/slalom\/canoe\/slalom-canoe-revolution-elite\/","url":"https:\/\/gpowersport.com\/carbon-fiber-paddles\/slalom\/canoe\/slalom-canoe-revolution-elite\/","name":"Slalom Kanu Paddel - Revolution ELITE - G&#039;Power pro Kohlefaser Paddel","isPartOf":{"@id":"https:\/\/gpowersport.com\/pl\/#website"},"primaryImageOfPage":{"@id":"https:\/\/gpowersport.com\/carbon-fiber-paddles\/slalom\/canoe\/slalom-canoe-revolution-elite\/#primaryimage"},"image":{"@id":"https:\/\/gpowersport.com\/carbon-fiber-paddles\/slalom\/canoe\/slalom-canoe-revolution-elite\/#primaryimage"},"thumbnailUrl":"https:\/\/gpowersport.com\/wp-content\/uploads\/2019\/07\/revo_start_1200-1.png","datePublished":"2019-10-31T06:15:22+00:00","dateModified":"2026-04-20T19:20:22+00:00","description":"Innovatives Kohlefaser-Slalom-Paddel, entworfen von einem der besten Kanuslalom-Athleten - Alexander Slafkovsk\u00fd - zehnfacher Weltmeister!","breadcrumb":{"@id":"https:\/\/gpowersport.com\/carbon-fiber-paddles\/slalom\/canoe\/slalom-canoe-revolution-elite\/#breadcrumb"},"inLanguage":"de","potentialAction":[{"@type":"ReadAction","target":["https:\/\/gpowersport.com\/carbon-fiber-paddles\/slalom\/canoe\/slalom-canoe-revolution-elite\/"]}]},{"@type":"ImageObject","inLanguage":"de","@id":"https:\/\/gpowersport.com\/carbon-fiber-paddles\/slalom\/canoe\/slalom-canoe-revolution-elite\/#primaryimage","url":"https:\/\/gpowersport.com\/wp-content\/uploads\/2019\/07\/revo_start_1200-1.png","contentUrl":"https:\/\/gpowersport.com\/wp-content\/uploads\/2019\/07\/revo_start_1200-1.png","width":1200,"height":218,"caption":"Canoe paddle - Revolution RACING"},{"@type":"BreadcrumbList","@id":"https:\/\/gpowersport.com\/carbon-fiber-paddles\/slalom\/canoe\/slalom-canoe-revolution-elite\/#breadcrumb","itemListElement":[{"@type":"ListItem","position":1,"name":"Home","item":"https:\/\/gpowersport.com\/"},{"@type":"ListItem","position":2,"name":"Shop","item":"https:\/\/gpowersport.com\/carbon-fiber-paddles\/"},{"@type":"ListItem","position":3,"name":"Carbon Fiber Paddles","item":"https:\/\/gpowersport.com\/pl\/carbon-fiber-paddles\/"},{"@type":"ListItem","position":4,"name":"Slalom Paddles","item":"https:\/\/gpowersport.com\/carbon-fiber-paddles\/slalom\/"},{"@type":"ListItem","position":5,"name":"Slalom Canoe Paddles","item":"https:\/\/gpowersport.com\/carbon-fiber-paddles\/slalom\/canoe\/"},{"@type":"ListItem","position":6,"name":"Slalom Canoe paddle &#8211; Revolution ELITE"}]},{"@type":"WebSite","@id":"https:\/\/gpowersport.com\/pl\/#website","url":"https:\/\/gpowersport.com\/pl\/","name":"G'Power Carbon-Paddel","description":"","publisher":{"@id":"https:\/\/gpowersport.com\/pl\/#organization"},"potentialAction":[{"@type":"SearchAction","target":{"@type":"EntryPoint","urlTemplate":"https:\/\/gpowersport.com\/pl\/?s={search_term_string}"},"query-input":{"@type":"PropertyValueSpecification","valueRequired":true,"valueName":"search_term_string"}}],"inLanguage":"de"},{"@type":"Organization","@id":"https:\/\/gpowersport.com\/pl\/#organization","name":"G'power Carbon-Paddles","url":"https:\/\/gpowersport.com\/pl\/","logo":{"@type":"ImageObject","inLanguage":"de","@id":"https:\/\/gpowersport.com\/pl\/#\/schema\/logo\/image\/","url":"https:\/\/gpowersport.com\/wp-content\/uploads\/2020\/03\/gpower-logo.png","contentUrl":"https:\/\/gpowersport.com\/wp-content\/uploads\/2020\/03\/gpower-logo.png","width":140,"height":30,"caption":"G'power carbon paddles"},"image":{"@id":"https:\/\/gpowersport.com\/pl\/#\/schema\/logo\/image\/"},"sameAs":["https:\/\/www.facebook.com\/GpowerPaddles","https:\/\/www.instagram.com\/gpowerpaddles\/"]}]}},"_links":{"self":[{"href":"https:\/\/gpowersport.com\/de\/wp-json\/wp\/v2\/product\/33427","targetHints":{"allow":["GET"]}}],"collection":[{"href":"https:\/\/gpowersport.com\/de\/wp-json\/wp\/v2\/product"}],"about":[{"href":"https:\/\/gpowersport.com\/de\/wp-json\/wp\/v2\/types\/product"}],"replies":[{"embeddable":true,"href":"https:\/\/gpowersport.com\/de\/wp-json\/wp\/v2\/comments?post=33427"}],"wp:featuredmedia":[{"embeddable":true,"href":"https:\/\/gpowersport.com\/de\/wp-json\/wp\/v2\/media\/32732"}],"wp:attachment":[{"href":"https:\/\/gpowersport.com\/de\/wp-json\/wp\/v2\/media?parent=33427"}],"wp:term":[{"taxonomy":"product_brand","embeddable":true,"href":"https:\/\/gpowersport.com\/de\/wp-json\/wp\/v2\/product_brand?post=33427"},{"taxonomy":"product_cat","embeddable":true,"href":"https:\/\/gpowersport.com\/de\/wp-json\/wp\/v2\/product_cat?post=33427"},{"taxonomy":"product_tag","embeddable":true,"href":"https:\/\/gpowersport.com\/de\/wp-json\/wp\/v2\/product_tag?post=33427"}],"curies":[{"name":"wp","href":"https:\/\/api.w.org\/{rel}","templated":true}]}}