{"id":36131,"date":"2021-04-12T09:00:59","date_gmt":"2021-04-12T09:00:59","guid":{"rendered":"https:\/\/gpowersport.com\/?post_type=product&#038;p=36131"},"modified":"2025-04-09T19:44:02","modified_gmt":"2025-04-09T19:44:02","slug":"hunter-racing","status":"publish","type":"product","link":"https:\/\/gpowersport.com\/de\/carbon-fiber-paddles\/slalom\/kayak\/hunter-racing\/","title":{"rendered":"Slalom Paddel Hunter RACING"},"content":{"rendered":"<div>\n<div><span style=\"color: #ed1c24;\">Paddel f\u00fcr fortgeschrittene Kajakfahrer, die einen starken und sicheren Griff und einen kraftvollen Schlag bevorzugen.<\/span><\/div>\n<div><span style=\"color: #ed1c24;\">- Die Rippen an der Innenkante sorgen f\u00fcr mehr Stabilit\u00e4t beim Schlag<\/span><\/div>\n<div><span style=\"color: #ed1c24;\">- Breite Klingen \u00fcbertreffen sich im Sprint<\/span><\/div>\n<div><span style=\"color: #ed1c24;\">- Sehr geringes Gewicht mit solider Konstruktion von 660 - 710g<\/span><\/div>\n<div><span style=\"color: #ed1c24;\">- Erh\u00e4ltlich in 3 verschiedenen Gr\u00f6\u00dfen und einer Auswahl von 3 Materialien<\/span><\/div>\n<div><span style=\"color: #ed1c24;\">- Lasergeschnittene INOX Stahlbeschl\u00e4ge<\/span><\/div>\n<div><span style=\"color: #ed1c24;\">- Verf\u00fcgbar mit QNECT<\/span><\/div>\n<\/div>\n<p>&nbsp;<\/p>\n<table border=\"0\" width=\"100%\" cellspacing=\"1\" cellpadding=\"1\" align=\"center\">\n<tbody>\n<tr>\n<td width=\"30%\"><span style=\"font-size: 85%;\">Gr\u00f6\u00dfe<\/span><\/td>\n<td style=\"text-align: left;\" valign=\"middle\"><span style=\"font-size: 85%;\">XS<\/span><\/td>\n<td style=\"text-align: left;\"><span style=\"font-size: 85%;\">S<\/span><\/td>\n<td style=\"text-align: left;\"><span style=\"font-size: 85%;\">M<\/span><\/td>\n<td style=\"text-align: left;\"><span style=\"font-size: 85%;\">L<\/span><\/td>\n<td style=\"text-align: left;\"><\/td>\n<\/tr>\n<tr>\n<td><span style=\"font-size: 85%;\">Bereich der Klinge<\/span><\/td>\n<td style=\"text-align: left;\"><span style=\"font-size: 85%;\">&#8211;<\/span><\/td>\n<td style=\"text-align: left;\"><span style=\"font-size: 85%;\">690 cm<sup>2<\/sup><\/span><\/td>\n<td style=\"text-align: left;\"><span style=\"font-size: 85%;\">715 cm<sup>2<\/sup><\/span><\/td>\n<td style=\"text-align: left;\"><span style=\"font-size: 85%;\">735 cm<sup>2<\/sup><\/span><\/td>\n<td style=\"text-align: left;\"><\/td>\n<\/tr>\n<tr>\n<td><span style=\"font-size: 85%;\">L\u00e4nge der Klinge<\/span><\/td>\n<td style=\"text-align: left;\"><span style=\"font-size: 85%;\">&#8211;<\/span><\/td>\n<td style=\"text-align: left;\"><span style=\"font-size: 85%;\">450 mm<\/span><\/td>\n<td><span style=\"font-size: 85%;\">455 mm<\/span><\/td>\n<td><span style=\"font-size: 85%;\">460 mm<\/span><\/td>\n<td><\/td>\n<\/tr>\n<tr>\n<td><span style=\"font-size: 85%;\">Breite der Klinge<\/span><\/td>\n<td><span style=\"font-size: 85%;\">&#8211;<\/span><\/td>\n<td><span style=\"font-size: 85%;\">201 mm<\/span><\/td>\n<td><span style=\"font-size: 85%;\">211 mm<\/span><\/td>\n<td><span style=\"font-size: 85%;\">216 mm<\/span><\/td>\n<td><\/td>\n<\/tr>\n<tr>\n<td><span style=\"font-size: 85%;\">Kohlenstoffgehalt - Blatt \/ Welle<\/span><\/td>\n<td><span style=\"font-size: 85%;\">&#8211;<\/span><\/td>\n<td><span style=\"font-size: 85%; color: #ed1c24;\">60% \/ 100%<\/span><\/td>\n<td><span style=\"font-size: 85%; color: #ed1c24;\">60% \/ 100%<\/span><\/td>\n<td><span style=\"font-size: 85%; color: #ed1c24;\">60% \/ 100%<\/span><\/td>\n<td><\/td>\n<\/tr>\n<tr>\n<td><span style=\"font-size: 85%;\">Durchmesser der Welle<\/span><\/td>\n<td><span style=\"font-size: 85%;\">&#8211;<\/span><\/td>\n<td><span style=\"font-size: 85%;\">28 mm<\/span><\/td>\n<td><span style=\"font-size: 85%;\">28 mm<\/span><\/td>\n<td><span style=\"font-size: 85%;\">28 mm<\/span><\/td>\n<td><\/td>\n<\/tr>\n<tr>\n<td><span style=\"font-size: 85%;\">Gewicht des Paddels<\/span><\/td>\n<td><span style=\"font-size: 85%;\">&#8211;<\/span><\/td>\n<td><span style=\"font-size: 85%; color: #ed1c24;\">~ 640 g<\/span><\/td>\n<td><span style=\"font-size: 85%; color: #ed1c24;\">~ 660 g<\/span><\/td>\n<td><span style=\"font-size: 85%; color: #ed1c24;\">~ 700 g<\/span><\/td>\n<td><\/td>\n<\/tr>\n<tr>\n<td><span style=\"font-size: 85%;\">Metallspitzen<\/span><\/td>\n<td><span style=\"font-size: 85%;\">&#8211;<\/span><\/td>\n<td><span style=\"font-size: 85%;\">ja<\/span><\/td>\n<td><span style=\"font-size: 85%;\">ja<\/span><\/td>\n<td><span style=\"font-size: 85%;\">ja<\/span><\/td>\n<td><\/td>\n<\/tr>\n<\/tbody>\n<\/table>\n<p>&nbsp;<\/p>","protected":false},"excerpt":{"rendered":"<p><span style=\"color: #00aae7;\">Wenn Sie eine Standardverbindung w\u00e4hlen<\/span>w\u00e4hlen Sie bitte auch: Paddell\u00e4nge, Verdrehung und Winkel. Im n\u00e4chsten Schritt k\u00f6nnen Sie w\u00e4hlen, ob das Paddel geklebt werden soll (Sie erhalten das Paddel gebrauchsfertig). Wenn Sie sich f\u00fcr das verstellbare Qnect-System entscheiden, markieren Sie die Mindestl\u00e4nge, die Sie haben m\u00f6chten und \u00fcberspringen Sie Twist und Angle. Das Qnect System gibt Ihnen die M\u00f6glichkeit, die L\u00e4nge des Paddels um 10 cm zu ver\u00e4ndern. Wenn Sie keine Angst vor Werkzeug haben und ein H\u00e4ndchen f\u00fcr Heimwerker haben, markieren Sie NEIN im letzten K\u00e4stchen.<\/p>","protected":false},"featured_media":36130,"comment_status":"open","ping_status":"closed","template":"","meta":[],"product_brand":[],"product_cat":[18,89,90],"product_tag":[],"class_list":{"0":"post-36131","1":"product","2":"type-product","3":"status-publish","4":"has-post-thumbnail","6":"product_cat-carbon-fiber-paddles","7":"product_cat-slalom","8":"product_cat-kayak","10":"first","11":"instock","12":"taxable","13":"shipping-taxable","14":"purchasable","15":"product-type-composite"},"yoast_head":"<!-- This site is optimized with the Yoast SEO Premium plugin v20.7 (Yoast SEO v27.1.1) - https:\/\/yoast.com\/product\/yoast-seo-premium-wordpress\/ -->\n<title>Slalom paddle Hunter RACING - G&#039;Power<\/title>\n<meta name=\"robots\" content=\"index, follow, max-snippet:-1, max-image-preview:large, max-video-preview:-1\" \/>\n<link rel=\"canonical\" href=\"https:\/\/gpowersport.com\/de\/carbon-fiber-paddles\/slalom\/kayak\/hunter-racing\/\" \/>\n<meta property=\"og:locale\" content=\"de_DE\" \/>\n<meta property=\"og:type\" content=\"article\" \/>\n<meta property=\"og:title\" content=\"Slalom paddle Hunter RACING\" \/>\n<meta property=\"og:description\" content=\"When you choose a standard connection, please choose also : Paddle Lenght, Twist and Angle. At the next step You can choice paddle glued (You receive paddle ready to use) When you choose Qnect adjustable system mark the minimum lenght which You would like to have and skip Twist and Angle. The Qnect system gives You possibility of changing the length of the paddle + 10 cm. If you are not afraid of tools and you have a knack for DIY mark NO in the last check box.\" \/>\n<meta property=\"og:url\" content=\"https:\/\/gpowersport.com\/de\/carbon-fiber-paddles\/slalom\/kayak\/hunter-racing\/\" \/>\n<meta property=\"og:site_name\" content=\"G&#039;Power\" \/>\n<meta property=\"article:publisher\" content=\"https:\/\/www.facebook.com\/GpowerPaddles\" \/>\n<meta property=\"article:modified_time\" content=\"2025-04-09T19:44:02+00:00\" \/>\n<meta property=\"og:image\" content=\"https:\/\/gpowersport.com\/wp-content\/uploads\/2020\/06\/hunter-racing-elite-start.jpg\" \/>\n\t<meta property=\"og:image:width\" content=\"1200\" \/>\n\t<meta property=\"og:image:height\" content=\"218\" \/>\n\t<meta property=\"og:image:type\" content=\"image\/jpeg\" \/>\n<meta name=\"twitter:card\" content=\"summary_large_image\" \/>\n<meta name=\"twitter:label1\" content=\"Gesch\u00e4tzte Lesezeit\" \/>\n\t<meta name=\"twitter:data1\" content=\"1\u00a0Minute\" \/>\n<script type=\"application\/ld+json\" class=\"yoast-schema-graph\">{\"@context\":\"https:\/\/schema.org\",\"@graph\":[{\"@type\":[\"WebPage\",\"ItemPage\"],\"@id\":\"https:\/\/gpowersport.com\/carbon-fiber-paddles\/slalom\/kayak\/hunter-racing\/\",\"url\":\"https:\/\/gpowersport.com\/carbon-fiber-paddles\/slalom\/kayak\/hunter-racing\/\",\"name\":\"Slalom paddle Hunter RACING - G&#039;Power\",\"isPartOf\":{\"@id\":\"https:\/\/gpowersport.com\/pl\/#website\"},\"primaryImageOfPage\":{\"@id\":\"https:\/\/gpowersport.com\/carbon-fiber-paddles\/slalom\/kayak\/hunter-racing\/#primaryimage\"},\"image\":{\"@id\":\"https:\/\/gpowersport.com\/carbon-fiber-paddles\/slalom\/kayak\/hunter-racing\/#primaryimage\"},\"thumbnailUrl\":\"https:\/\/gpowersport.com\/wp-content\/uploads\/2020\/06\/hunter-racing-elite-start.jpg\",\"datePublished\":\"2021-04-12T09:00:59+00:00\",\"dateModified\":\"2025-04-09T19:44:02+00:00\",\"breadcrumb\":{\"@id\":\"https:\/\/gpowersport.com\/carbon-fiber-paddles\/slalom\/kayak\/hunter-racing\/#breadcrumb\"},\"inLanguage\":\"de\",\"potentialAction\":[{\"@type\":\"ReadAction\",\"target\":[\"https:\/\/gpowersport.com\/carbon-fiber-paddles\/slalom\/kayak\/hunter-racing\/\"]}]},{\"@type\":\"ImageObject\",\"inLanguage\":\"de\",\"@id\":\"https:\/\/gpowersport.com\/carbon-fiber-paddles\/slalom\/kayak\/hunter-racing\/#primaryimage\",\"url\":\"https:\/\/gpowersport.com\/wp-content\/uploads\/2020\/06\/hunter-racing-elite-start.jpg\",\"contentUrl\":\"https:\/\/gpowersport.com\/wp-content\/uploads\/2020\/06\/hunter-racing-elite-start.jpg\",\"width\":1200,\"height\":218},{\"@type\":\"BreadcrumbList\",\"@id\":\"https:\/\/gpowersport.com\/carbon-fiber-paddles\/slalom\/kayak\/hunter-racing\/#breadcrumb\",\"itemListElement\":[{\"@type\":\"ListItem\",\"position\":1,\"name\":\"Home\",\"item\":\"https:\/\/gpowersport.com\/\"},{\"@type\":\"ListItem\",\"position\":2,\"name\":\"Shop\",\"item\":\"https:\/\/gpowersport.com\/carbon-fiber-paddles\/\"},{\"@type\":\"ListItem\",\"position\":3,\"name\":\"Carbon Fiber Paddles\",\"item\":\"https:\/\/gpowersport.com\/pl\/carbon-fiber-paddles\/\"},{\"@type\":\"ListItem\",\"position\":4,\"name\":\"Slalom Paddles\",\"item\":\"https:\/\/gpowersport.com\/carbon-fiber-paddles\/slalom\/\"},{\"@type\":\"ListItem\",\"position\":5,\"name\":\"Slalom Kayak Paddles\",\"item\":\"https:\/\/gpowersport.com\/nl\/carbon-fiber-paddles\/slalom\/kayak\/\"},{\"@type\":\"ListItem\",\"position\":6,\"name\":\"Slalom paddle Hunter RACING\"}]},{\"@type\":\"WebSite\",\"@id\":\"https:\/\/gpowersport.com\/pl\/#website\",\"url\":\"https:\/\/gpowersport.com\/pl\/\",\"name\":\"G'Power carbon paddles\",\"description\":\"\",\"publisher\":{\"@id\":\"https:\/\/gpowersport.com\/pl\/#organization\"},\"potentialAction\":[{\"@type\":\"SearchAction\",\"target\":{\"@type\":\"EntryPoint\",\"urlTemplate\":\"https:\/\/gpowersport.com\/pl\/?s={search_term_string}\"},\"query-input\":{\"@type\":\"PropertyValueSpecification\",\"valueRequired\":true,\"valueName\":\"search_term_string\"}}],\"inLanguage\":\"de\"},{\"@type\":\"Organization\",\"@id\":\"https:\/\/gpowersport.com\/pl\/#organization\",\"name\":\"G'power carbon paddles\",\"url\":\"https:\/\/gpowersport.com\/pl\/\",\"logo\":{\"@type\":\"ImageObject\",\"inLanguage\":\"de\",\"@id\":\"https:\/\/gpowersport.com\/pl\/#\/schema\/logo\/image\/\",\"url\":\"https:\/\/gpowersport.com\/wp-content\/uploads\/2020\/03\/gpower-logo.png\",\"contentUrl\":\"https:\/\/gpowersport.com\/wp-content\/uploads\/2020\/03\/gpower-logo.png\",\"width\":140,\"height\":30,\"caption\":\"G'power carbon paddles\"},\"image\":{\"@id\":\"https:\/\/gpowersport.com\/pl\/#\/schema\/logo\/image\/\"},\"sameAs\":[\"https:\/\/www.facebook.com\/GpowerPaddles\",\"https:\/\/www.instagram.com\/gpowerpaddles\/\"]}]}<\/script>\n<!-- \/ Yoast SEO Premium plugin. -->","yoast_head_json":{"title":"Slalom-Schaufel Hunter RACING - G&#039;Power","robots":{"index":"index","follow":"follow","max-snippet":"max-snippet:-1","max-image-preview":"max-image-preview:large","max-video-preview":"max-video-preview:-1"},"canonical":"https:\/\/gpowersport.com\/de\/carbon-fiber-paddles\/slalom\/kayak\/hunter-racing\/","og_locale":"de_DE","og_type":"article","og_title":"Slalom paddle Hunter RACING","og_description":"When you choose a standard connection, please choose also : Paddle Lenght, Twist and Angle. At the next step You can choice paddle glued (You receive paddle ready to use) When you choose Qnect adjustable system mark the minimum lenght which You would like to have and skip Twist and Angle. The Qnect system gives You possibility of changing the length of the paddle + 10 cm. If you are not afraid of tools and you have a knack for DIY mark NO in the last check box.","og_url":"https:\/\/gpowersport.com\/de\/carbon-fiber-paddles\/slalom\/kayak\/hunter-racing\/","og_site_name":"G&#039;Power","article_publisher":"https:\/\/www.facebook.com\/GpowerPaddles","article_modified_time":"2025-04-09T19:44:02+00:00","og_image":[{"width":1200,"height":218,"url":"https:\/\/gpowersport.com\/wp-content\/uploads\/2020\/06\/hunter-racing-elite-start.jpg","type":"image\/jpeg"}],"twitter_card":"summary_large_image","twitter_misc":{"Gesch\u00e4tzte Lesezeit":"1\u00a0Minute"},"schema":{"@context":"https:\/\/schema.org","@graph":[{"@type":["WebPage","ItemPage"],"@id":"https:\/\/gpowersport.com\/carbon-fiber-paddles\/slalom\/kayak\/hunter-racing\/","url":"https:\/\/gpowersport.com\/carbon-fiber-paddles\/slalom\/kayak\/hunter-racing\/","name":"Slalom-Schaufel Hunter RACING - G&#039;Power","isPartOf":{"@id":"https:\/\/gpowersport.com\/pl\/#website"},"primaryImageOfPage":{"@id":"https:\/\/gpowersport.com\/carbon-fiber-paddles\/slalom\/kayak\/hunter-racing\/#primaryimage"},"image":{"@id":"https:\/\/gpowersport.com\/carbon-fiber-paddles\/slalom\/kayak\/hunter-racing\/#primaryimage"},"thumbnailUrl":"https:\/\/gpowersport.com\/wp-content\/uploads\/2020\/06\/hunter-racing-elite-start.jpg","datePublished":"2021-04-12T09:00:59+00:00","dateModified":"2025-04-09T19:44:02+00:00","breadcrumb":{"@id":"https:\/\/gpowersport.com\/carbon-fiber-paddles\/slalom\/kayak\/hunter-racing\/#breadcrumb"},"inLanguage":"de","potentialAction":[{"@type":"ReadAction","target":["https:\/\/gpowersport.com\/carbon-fiber-paddles\/slalom\/kayak\/hunter-racing\/"]}]},{"@type":"ImageObject","inLanguage":"de","@id":"https:\/\/gpowersport.com\/carbon-fiber-paddles\/slalom\/kayak\/hunter-racing\/#primaryimage","url":"https:\/\/gpowersport.com\/wp-content\/uploads\/2020\/06\/hunter-racing-elite-start.jpg","contentUrl":"https:\/\/gpowersport.com\/wp-content\/uploads\/2020\/06\/hunter-racing-elite-start.jpg","width":1200,"height":218},{"@type":"BreadcrumbList","@id":"https:\/\/gpowersport.com\/carbon-fiber-paddles\/slalom\/kayak\/hunter-racing\/#breadcrumb","itemListElement":[{"@type":"ListItem","position":1,"name":"Home","item":"https:\/\/gpowersport.com\/"},{"@type":"ListItem","position":2,"name":"Shop","item":"https:\/\/gpowersport.com\/carbon-fiber-paddles\/"},{"@type":"ListItem","position":3,"name":"Carbon Fiber Paddles","item":"https:\/\/gpowersport.com\/pl\/carbon-fiber-paddles\/"},{"@type":"ListItem","position":4,"name":"Slalom Paddles","item":"https:\/\/gpowersport.com\/carbon-fiber-paddles\/slalom\/"},{"@type":"ListItem","position":5,"name":"Slalom Kayak Paddles","item":"https:\/\/gpowersport.com\/nl\/carbon-fiber-paddles\/slalom\/kayak\/"},{"@type":"ListItem","position":6,"name":"Slalom paddle Hunter RACING"}]},{"@type":"WebSite","@id":"https:\/\/gpowersport.com\/pl\/#website","url":"https:\/\/gpowersport.com\/pl\/","name":"G'Power Carbon-Paddel","description":"","publisher":{"@id":"https:\/\/gpowersport.com\/pl\/#organization"},"potentialAction":[{"@type":"SearchAction","target":{"@type":"EntryPoint","urlTemplate":"https:\/\/gpowersport.com\/pl\/?s={search_term_string}"},"query-input":{"@type":"PropertyValueSpecification","valueRequired":true,"valueName":"search_term_string"}}],"inLanguage":"de"},{"@type":"Organization","@id":"https:\/\/gpowersport.com\/pl\/#organization","name":"G'power Carbon-Paddles","url":"https:\/\/gpowersport.com\/pl\/","logo":{"@type":"ImageObject","inLanguage":"de","@id":"https:\/\/gpowersport.com\/pl\/#\/schema\/logo\/image\/","url":"https:\/\/gpowersport.com\/wp-content\/uploads\/2020\/03\/gpower-logo.png","contentUrl":"https:\/\/gpowersport.com\/wp-content\/uploads\/2020\/03\/gpower-logo.png","width":140,"height":30,"caption":"G'power carbon paddles"},"image":{"@id":"https:\/\/gpowersport.com\/pl\/#\/schema\/logo\/image\/"},"sameAs":["https:\/\/www.facebook.com\/GpowerPaddles","https:\/\/www.instagram.com\/gpowerpaddles\/"]}]}},"_links":{"self":[{"href":"https:\/\/gpowersport.com\/de\/wp-json\/wp\/v2\/product\/36131","targetHints":{"allow":["GET"]}}],"collection":[{"href":"https:\/\/gpowersport.com\/de\/wp-json\/wp\/v2\/product"}],"about":[{"href":"https:\/\/gpowersport.com\/de\/wp-json\/wp\/v2\/types\/product"}],"replies":[{"embeddable":true,"href":"https:\/\/gpowersport.com\/de\/wp-json\/wp\/v2\/comments?post=36131"}],"wp:featuredmedia":[{"embeddable":true,"href":"https:\/\/gpowersport.com\/de\/wp-json\/wp\/v2\/media\/36130"}],"wp:attachment":[{"href":"https:\/\/gpowersport.com\/de\/wp-json\/wp\/v2\/media?parent=36131"}],"wp:term":[{"taxonomy":"product_brand","embeddable":true,"href":"https:\/\/gpowersport.com\/de\/wp-json\/wp\/v2\/product_brand?post=36131"},{"taxonomy":"product_cat","embeddable":true,"href":"https:\/\/gpowersport.com\/de\/wp-json\/wp\/v2\/product_cat?post=36131"},{"taxonomy":"product_tag","embeddable":true,"href":"https:\/\/gpowersport.com\/de\/wp-json\/wp\/v2\/product_tag?post=36131"}],"curies":[{"name":"wp","href":"https:\/\/api.w.org\/{rel}","templated":true}]}}