{"id":36718,"date":"2022-02-10T11:40:51","date_gmt":"2022-02-10T11:40:51","guid":{"rendered":"https:\/\/gpowersport.com\/?post_type=product&#038;p=36718"},"modified":"2023-08-09T08:11:45","modified_gmt":"2023-08-09T08:11:45","slug":"fish-paddle-2p-acid-green","status":"publish","type":"product","link":"https:\/\/gpowersport.com\/de\/carbon-fiber-paddles\/sup-paddle\/fish-paddle-2p-acid-green\/","title":{"rendered":"Sup Paddle Fish 2p S\u00e4ure Gr\u00fcn"},"content":{"rendered":"<h1><span style=\"font-size: 75%;\">Fischpaddel 2p<\/span><\/h1>\n<h2><span style=\"font-size: 75%;\">Fish Paddle f\u00fcr zweiteilige Paddleboarding Paddel aus Carbon und Glas in Pre-preg Technologie. Die Struktur des <span style=\"color: #000000;\">Paddel<\/span>\u00a0garantiert hohe Steifigkeit und geringes Gewicht.<br \/>\nEtwa 620g. Sehr leicht bewegt sich die ganze Kraft in Schlaganf\u00e4llen auf die Geschwindigkeit eingef\u00fcgt.<br \/>\nKlinge und Griff aus 100% Carbon, Schaft bis zu 40% Carbon.<\/span><\/h2>\n<p>Das Paddel wird in einer Universalgr\u00f6\u00dfe in einer 2-teiligen Konstruktion angeboten. Es funktioniert sehr gut auf mittleren und l\u00e4ngeren Strecken. Die perfekte Ausr\u00fcstung f\u00fcr Wochenendausfl\u00fcge ins Unbekannte. Dank seines geringen Gewichts ist das Paddeln auch f\u00fcr k\u00f6rperlich schw\u00e4chere Personen kein Problem.<\/p>\n<p>Das Paddel hat einen PALM GRIP Griff integriert mit einem Rohr in der Monocoque-Technologie. Das Verstellsystem (Qnect G'Power) erm\u00f6glicht es Ihnen, reibungslos die L\u00e4nge zwischen 175-215 cm zu steuern und den Transport zu erleichtern. Eine gute Qualit\u00e4t Composite-Klemme nicht korrodieren und klebt fest, erm\u00f6glicht es mehreren Personen, die gleiche Paddel zu verwenden.<\/p>\n<p>Die gefr\u00e4ste Messskala, die im Gegensatz zur gedruckten steht, wird f\u00fcr immer auf dem Carbonrohr bleiben.<br \/>\n<a href=\"https:\/\/gpowersport.com\/de\/carbon-fiber-paddles\/sup-paddle\/\">Unser SUP-Paddel<\/a> Der Fisch ist in 2 Grafikfarben erh\u00e4ltlich. Blau und gr\u00fcn.<\/p>\n<h2><span style=\"font-size: 75%;\"><strong>\u00a0<\/strong><\/span><\/h2>\n\t<div id=\"gap-898211990\" class=\"gap-element clearfix\" style=\"display:block; height:auto;\">\n\t\t\n<style>\n#gap-898211990 {\n  padding-top: 62px;\n}\n<\/style>\n\t<\/div>\n\t\n<div class=\"row\"  id=\"row-1859442623\"><\/div>\n\n\t<div id=\"col-387356892\" class=\"col medium-3 small-6 large-3\"  >\n\t\t\t\t<div class=\"col-inner\"  >\n\t\t\t\n\t\t\t\n<p><strong>EINE GR\u00d6SSE<\/strong><\/p>\n<p><strong>Bereich der Klinge:<\/strong> 545 cm2<br \/>\n<strong>L\u00e4nge der Klinge:<\/strong> 450 mm<br \/>\n<strong>Breite der Klinge<\/strong>: 180 mm<br \/>\n<strong>Kohlenstoffgehalt<\/strong> - 100%\/40%<br \/>\n<strong>Durchmesser der Welle<\/strong> 28 mm<br \/>\n<strong>Gewicht des Paddels<\/strong> ~ 620 g<br \/>\n<strong>Metallspitzen<\/strong> - nein<\/p>\n\t\t<\/div>\n\t\t\t\t\t<\/div>\n\n\t\n\n\t<div id=\"col-1722652705\" class=\"col medium-3 small-6 large-3\"  >\n\t\t\t\t<div class=\"col-inner\"  >\n\t\t\t\n\t\t\t\t\t<\/div>\n\t\t\t\t\t<\/div>\n\n\t\n<p>&nbsp;<\/p>\n<hr \/>\n<p><span style=\"font-size: 90%; color: #d83131;\"><img decoding=\"async\" class=\"wp-image-33383 alignleft\" src=\"http:\/\/gpowersport.com\/wp-content\/uploads\/2019\/10\/attention.png\" alt=\"\" width=\"46\" height=\"49\" srcset=\"https:\/\/gpowersport.com\/wp-content\/uploads\/2019\/10\/attention.png 100w, https:\/\/gpowersport.com\/wp-content\/uploads\/2019\/10\/attention-11x12.png 11w\" sizes=\"(max-width: 46px) 100vw, 46px\" \/><strong><span style=\"font-size: 75%;\">WICHTIG!<\/span><\/strong><\/span><strong><span style=\"font-size: 75%;\"> Vergessen Sie nicht, das Paddel und das QNECT-System nach dem Gebrauch im S\u00fc\u00dfwasser zu reinigen. Wenn Sie es in Salzwasser verwenden, tun Sie es nach jeder Sitzung. Paddel, die l\u00e4nger als zwei Wochen nicht benutzt werden, sollten zerlegt gelagert werden.<\/span><\/strong><\/p>\n<p>&nbsp;<\/p>","protected":false},"excerpt":{"rendered":"<p>Fish Paddle 2p Fish Paddle for two-piece paddleboarding paddle made of carbon and glass in Pre-preg technology. The structure of the paddle\u00a0guarantees high rigidity and low weight. About\u00a0620g.\u00a0Very easily moves all the strength inserted in strokes\u00a0on the speed. Blade\u00a0and handle made of 100% carbon, shaft up to 40% carbon. The paddle is offered in one<\/p>","protected":false},"featured_media":36712,"comment_status":"open","ping_status":"closed","template":"","meta":[],"product_brand":[],"product_cat":[18,104],"product_tag":[],"class_list":{"0":"post-36718","1":"product","2":"type-product","3":"status-publish","4":"has-post-thumbnail","6":"product_cat-carbon-fiber-paddles","7":"product_cat-sup-paddle","9":"first","10":"instock","11":"featured","12":"taxable","13":"shipping-taxable","14":"purchasable","15":"product-type-composite"},"yoast_head":"<!-- This site is optimized with the Yoast SEO Premium plugin v20.7 (Yoast SEO v27.1.1) - https:\/\/yoast.com\/product\/yoast-seo-premium-wordpress\/ -->\n<title>Sup Paddle Fish 2p Acid Green - G&#039;Power<\/title>\n<meta name=\"robots\" content=\"index, follow, max-snippet:-1, max-image-preview:large, max-video-preview:-1\" \/>\n<link rel=\"canonical\" href=\"https:\/\/gpowersport.com\/de\/carbon-fiber-paddles\/sup-paddle\/fish-paddle-2p-acid-green\/\" \/>\n<meta property=\"og:locale\" content=\"de_DE\" \/>\n<meta property=\"og:type\" content=\"article\" \/>\n<meta property=\"og:title\" content=\"Sup Paddle Fish 2p Acid Green\" \/>\n<meta property=\"og:description\" content=\"Fish Paddle 2p Fish Paddle for two-piece paddleboarding paddle made of carbon and glass in Pre-preg technology. The structure of the paddle\u00a0guarantees high rigidity and low weight. About\u00a0620g.\u00a0Very easily moves all the strength inserted in strokes\u00a0on the speed. Blade\u00a0and handle made of 100% carbon, shaft up to 40% carbon. The paddle is offered in one\" \/>\n<meta property=\"og:url\" content=\"https:\/\/gpowersport.com\/de\/carbon-fiber-paddles\/sup-paddle\/fish-paddle-2p-acid-green\/\" \/>\n<meta property=\"og:site_name\" content=\"G&#039;Power\" \/>\n<meta property=\"article:publisher\" content=\"https:\/\/www.facebook.com\/GpowerPaddles\" \/>\n<meta property=\"article:modified_time\" content=\"2023-08-09T08:11:45+00:00\" \/>\n<meta property=\"og:image\" content=\"https:\/\/gpowersport.com\/wp-content\/uploads\/2022\/02\/fish_paddle_SUP_acidgreen_start.jpg\" \/>\n\t<meta property=\"og:image:width\" content=\"1200\" \/>\n\t<meta property=\"og:image:height\" content=\"218\" \/>\n\t<meta property=\"og:image:type\" content=\"image\/jpeg\" \/>\n<meta name=\"twitter:card\" content=\"summary_large_image\" \/>\n<meta name=\"twitter:label1\" content=\"Gesch\u00e4tzte Lesezeit\" \/>\n\t<meta name=\"twitter:data1\" content=\"2\u00a0Minuten\" \/>\n<script type=\"application\/ld+json\" class=\"yoast-schema-graph\">{\"@context\":\"https:\/\/schema.org\",\"@graph\":[{\"@type\":[\"WebPage\",\"ItemPage\"],\"@id\":\"https:\/\/gpowersport.com\/de\/carbon-fiber-paddles\/sup-paddle\/fish-paddle-2p-acid-green\/\",\"url\":\"https:\/\/gpowersport.com\/de\/carbon-fiber-paddles\/sup-paddle\/fish-paddle-2p-acid-green\/\",\"name\":\"Sup Paddle Fish 2p Acid Green - G&#039;Power\",\"isPartOf\":{\"@id\":\"https:\/\/gpowersport.com\/pl\/#website\"},\"primaryImageOfPage\":{\"@id\":\"https:\/\/gpowersport.com\/de\/carbon-fiber-paddles\/sup-paddle\/fish-paddle-2p-acid-green\/#primaryimage\"},\"image\":{\"@id\":\"https:\/\/gpowersport.com\/de\/carbon-fiber-paddles\/sup-paddle\/fish-paddle-2p-acid-green\/#primaryimage\"},\"thumbnailUrl\":\"https:\/\/gpowersport.com\/wp-content\/uploads\/2022\/02\/fish_paddle_SUP_acidgreen_start.jpg\",\"datePublished\":\"2022-02-10T11:40:51+00:00\",\"dateModified\":\"2023-08-09T08:11:45+00:00\",\"breadcrumb\":{\"@id\":\"https:\/\/gpowersport.com\/de\/carbon-fiber-paddles\/sup-paddle\/fish-paddle-2p-acid-green\/#breadcrumb\"},\"inLanguage\":\"de\",\"potentialAction\":[{\"@type\":\"ReadAction\",\"target\":[\"https:\/\/gpowersport.com\/de\/carbon-fiber-paddles\/sup-paddle\/fish-paddle-2p-acid-green\/\"]}]},{\"@type\":\"ImageObject\",\"inLanguage\":\"de\",\"@id\":\"https:\/\/gpowersport.com\/de\/carbon-fiber-paddles\/sup-paddle\/fish-paddle-2p-acid-green\/#primaryimage\",\"url\":\"https:\/\/gpowersport.com\/wp-content\/uploads\/2022\/02\/fish_paddle_SUP_acidgreen_start.jpg\",\"contentUrl\":\"https:\/\/gpowersport.com\/wp-content\/uploads\/2022\/02\/fish_paddle_SUP_acidgreen_start.jpg\",\"width\":1200,\"height\":218},{\"@type\":\"BreadcrumbList\",\"@id\":\"https:\/\/gpowersport.com\/de\/carbon-fiber-paddles\/sup-paddle\/fish-paddle-2p-acid-green\/#breadcrumb\",\"itemListElement\":[{\"@type\":\"ListItem\",\"position\":1,\"name\":\"Home\",\"item\":\"https:\/\/gpowersport.com\/\"},{\"@type\":\"ListItem\",\"position\":2,\"name\":\"Shop\",\"item\":\"https:\/\/gpowersport.com\/carbon-fiber-paddles\/\"},{\"@type\":\"ListItem\",\"position\":3,\"name\":\"Carbon Fiber Paddles\",\"item\":\"https:\/\/gpowersport.com\/pl\/carbon-fiber-paddles\/\"},{\"@type\":\"ListItem\",\"position\":4,\"name\":\"Stand UP Paddles\",\"item\":\"https:\/\/gpowersport.com\/carbon-fiber-paddles\/sup-paddle\/\"},{\"@type\":\"ListItem\",\"position\":5,\"name\":\"Sup Paddle Fish 2p Acid Green\"}]},{\"@type\":\"WebSite\",\"@id\":\"https:\/\/gpowersport.com\/pl\/#website\",\"url\":\"https:\/\/gpowersport.com\/pl\/\",\"name\":\"G'Power carbon paddles\",\"description\":\"\",\"publisher\":{\"@id\":\"https:\/\/gpowersport.com\/pl\/#organization\"},\"potentialAction\":[{\"@type\":\"SearchAction\",\"target\":{\"@type\":\"EntryPoint\",\"urlTemplate\":\"https:\/\/gpowersport.com\/pl\/?s={search_term_string}\"},\"query-input\":{\"@type\":\"PropertyValueSpecification\",\"valueRequired\":true,\"valueName\":\"search_term_string\"}}],\"inLanguage\":\"de\"},{\"@type\":\"Organization\",\"@id\":\"https:\/\/gpowersport.com\/pl\/#organization\",\"name\":\"G'power carbon paddles\",\"url\":\"https:\/\/gpowersport.com\/pl\/\",\"logo\":{\"@type\":\"ImageObject\",\"inLanguage\":\"de\",\"@id\":\"https:\/\/gpowersport.com\/pl\/#\/schema\/logo\/image\/\",\"url\":\"https:\/\/gpowersport.com\/wp-content\/uploads\/2020\/03\/gpower-logo.png\",\"contentUrl\":\"https:\/\/gpowersport.com\/wp-content\/uploads\/2020\/03\/gpower-logo.png\",\"width\":140,\"height\":30,\"caption\":\"G'power carbon paddles\"},\"image\":{\"@id\":\"https:\/\/gpowersport.com\/pl\/#\/schema\/logo\/image\/\"},\"sameAs\":[\"https:\/\/www.facebook.com\/GpowerPaddles\",\"https:\/\/www.instagram.com\/gpowerpaddles\/\"]}]}<\/script>\n<!-- \/ Yoast SEO Premium plugin. -->","yoast_head_json":{"title":"Sup Paddle Fish 2p Acid Green - G&#039;Power","robots":{"index":"index","follow":"follow","max-snippet":"max-snippet:-1","max-image-preview":"max-image-preview:large","max-video-preview":"max-video-preview:-1"},"canonical":"https:\/\/gpowersport.com\/de\/carbon-fiber-paddles\/sup-paddle\/fish-paddle-2p-acid-green\/","og_locale":"de_DE","og_type":"article","og_title":"Sup Paddle Fish 2p Acid Green","og_description":"Fish Paddle 2p Fish Paddle for two-piece paddleboarding paddle made of carbon and glass in Pre-preg technology. The structure of the paddle\u00a0guarantees high rigidity and low weight. About\u00a0620g.\u00a0Very easily moves all the strength inserted in strokes\u00a0on the speed. Blade\u00a0and handle made of 100% carbon, shaft up to 40% carbon. The paddle is offered in one","og_url":"https:\/\/gpowersport.com\/de\/carbon-fiber-paddles\/sup-paddle\/fish-paddle-2p-acid-green\/","og_site_name":"G&#039;Power","article_publisher":"https:\/\/www.facebook.com\/GpowerPaddles","article_modified_time":"2023-08-09T08:11:45+00:00","og_image":[{"width":1200,"height":218,"url":"https:\/\/gpowersport.com\/wp-content\/uploads\/2022\/02\/fish_paddle_SUP_acidgreen_start.jpg","type":"image\/jpeg"}],"twitter_card":"summary_large_image","twitter_misc":{"Gesch\u00e4tzte Lesezeit":"2\u00a0Minuten"},"schema":{"@context":"https:\/\/schema.org","@graph":[{"@type":["WebPage","ItemPage"],"@id":"https:\/\/gpowersport.com\/de\/carbon-fiber-paddles\/sup-paddle\/fish-paddle-2p-acid-green\/","url":"https:\/\/gpowersport.com\/de\/carbon-fiber-paddles\/sup-paddle\/fish-paddle-2p-acid-green\/","name":"Sup Paddle Fish 2p Acid Green - G&#039;Power","isPartOf":{"@id":"https:\/\/gpowersport.com\/pl\/#website"},"primaryImageOfPage":{"@id":"https:\/\/gpowersport.com\/de\/carbon-fiber-paddles\/sup-paddle\/fish-paddle-2p-acid-green\/#primaryimage"},"image":{"@id":"https:\/\/gpowersport.com\/de\/carbon-fiber-paddles\/sup-paddle\/fish-paddle-2p-acid-green\/#primaryimage"},"thumbnailUrl":"https:\/\/gpowersport.com\/wp-content\/uploads\/2022\/02\/fish_paddle_SUP_acidgreen_start.jpg","datePublished":"2022-02-10T11:40:51+00:00","dateModified":"2023-08-09T08:11:45+00:00","breadcrumb":{"@id":"https:\/\/gpowersport.com\/de\/carbon-fiber-paddles\/sup-paddle\/fish-paddle-2p-acid-green\/#breadcrumb"},"inLanguage":"de","potentialAction":[{"@type":"ReadAction","target":["https:\/\/gpowersport.com\/de\/carbon-fiber-paddles\/sup-paddle\/fish-paddle-2p-acid-green\/"]}]},{"@type":"ImageObject","inLanguage":"de","@id":"https:\/\/gpowersport.com\/de\/carbon-fiber-paddles\/sup-paddle\/fish-paddle-2p-acid-green\/#primaryimage","url":"https:\/\/gpowersport.com\/wp-content\/uploads\/2022\/02\/fish_paddle_SUP_acidgreen_start.jpg","contentUrl":"https:\/\/gpowersport.com\/wp-content\/uploads\/2022\/02\/fish_paddle_SUP_acidgreen_start.jpg","width":1200,"height":218},{"@type":"BreadcrumbList","@id":"https:\/\/gpowersport.com\/de\/carbon-fiber-paddles\/sup-paddle\/fish-paddle-2p-acid-green\/#breadcrumb","itemListElement":[{"@type":"ListItem","position":1,"name":"Home","item":"https:\/\/gpowersport.com\/"},{"@type":"ListItem","position":2,"name":"Shop","item":"https:\/\/gpowersport.com\/carbon-fiber-paddles\/"},{"@type":"ListItem","position":3,"name":"Carbon Fiber Paddles","item":"https:\/\/gpowersport.com\/pl\/carbon-fiber-paddles\/"},{"@type":"ListItem","position":4,"name":"Stand UP Paddles","item":"https:\/\/gpowersport.com\/carbon-fiber-paddles\/sup-paddle\/"},{"@type":"ListItem","position":5,"name":"Sup Paddle Fish 2p Acid Green"}]},{"@type":"WebSite","@id":"https:\/\/gpowersport.com\/pl\/#website","url":"https:\/\/gpowersport.com\/pl\/","name":"G'Power Carbon-Paddel","description":"","publisher":{"@id":"https:\/\/gpowersport.com\/pl\/#organization"},"potentialAction":[{"@type":"SearchAction","target":{"@type":"EntryPoint","urlTemplate":"https:\/\/gpowersport.com\/pl\/?s={search_term_string}"},"query-input":{"@type":"PropertyValueSpecification","valueRequired":true,"valueName":"search_term_string"}}],"inLanguage":"de"},{"@type":"Organization","@id":"https:\/\/gpowersport.com\/pl\/#organization","name":"G'power Carbon-Paddles","url":"https:\/\/gpowersport.com\/pl\/","logo":{"@type":"ImageObject","inLanguage":"de","@id":"https:\/\/gpowersport.com\/pl\/#\/schema\/logo\/image\/","url":"https:\/\/gpowersport.com\/wp-content\/uploads\/2020\/03\/gpower-logo.png","contentUrl":"https:\/\/gpowersport.com\/wp-content\/uploads\/2020\/03\/gpower-logo.png","width":140,"height":30,"caption":"G'power carbon paddles"},"image":{"@id":"https:\/\/gpowersport.com\/pl\/#\/schema\/logo\/image\/"},"sameAs":["https:\/\/www.facebook.com\/GpowerPaddles","https:\/\/www.instagram.com\/gpowerpaddles\/"]}]}},"_links":{"self":[{"href":"https:\/\/gpowersport.com\/de\/wp-json\/wp\/v2\/product\/36718","targetHints":{"allow":["GET"]}}],"collection":[{"href":"https:\/\/gpowersport.com\/de\/wp-json\/wp\/v2\/product"}],"about":[{"href":"https:\/\/gpowersport.com\/de\/wp-json\/wp\/v2\/types\/product"}],"replies":[{"embeddable":true,"href":"https:\/\/gpowersport.com\/de\/wp-json\/wp\/v2\/comments?post=36718"}],"wp:featuredmedia":[{"embeddable":true,"href":"https:\/\/gpowersport.com\/de\/wp-json\/wp\/v2\/media\/36712"}],"wp:attachment":[{"href":"https:\/\/gpowersport.com\/de\/wp-json\/wp\/v2\/media?parent=36718"}],"wp:term":[{"taxonomy":"product_brand","embeddable":true,"href":"https:\/\/gpowersport.com\/de\/wp-json\/wp\/v2\/product_brand?post=36718"},{"taxonomy":"product_cat","embeddable":true,"href":"https:\/\/gpowersport.com\/de\/wp-json\/wp\/v2\/product_cat?post=36718"},{"taxonomy":"product_tag","embeddable":true,"href":"https:\/\/gpowersport.com\/de\/wp-json\/wp\/v2\/product_tag?post=36718"}],"curies":[{"name":"wp","href":"https:\/\/api.w.org\/{rel}","templated":true}]}}