{"id":42693,"date":"2023-08-23T06:45:01","date_gmt":"2023-08-23T06:45:01","guid":{"rendered":"https:\/\/gpowersport.com\/?post_type=product&#038;p=42693"},"modified":"2026-03-20T14:33:27","modified_gmt":"2026-03-20T14:33:27","slug":"kayak-cross-paddle","status":"publish","type":"product","link":"https:\/\/gpowersport.com\/de\/carbon-fiber-paddles\/slalom\/kayak\/kayak-cross-paddle\/","title":{"rendered":"Kajak Cross Paddel"},"content":{"rendered":"<h1><span style=\"font-size: 75%;\"><span style=\"color: #000000;\"><strong>Carbon Kajak Cross - Cross<\/strong><\/span><\/span><\/h1>\n<h2><span style=\"font-size: 75%;\">Cross ist das neueste Paddel f\u00fcr die neue olympische Sportart Kayak Cross. Eine der wichtigsten Eigenschaften des G'Power Paddels f\u00fcr Kayak Cross ist seine Leichtigkeit. Hergestellt aus hochwertigen Materialien, ist das Paddel nicht nur extrem langlebig, sondern auch extrem leicht, was bei dynamischen und anspruchsvollen Man\u00f6vern auf der Strecke von gro\u00dfer Bedeutung ist. Ein weiteres Merkmal ist die ergonomische Form des Paddelblattes, die eine hervorragende Griffigkeit und Kontrolle beim Paddeln erm\u00f6glicht. Das Paddel wurde entwickelt, um den Unterschied zwischen einem Slalompaddel und einem Komfortpaddel f\u00fcr die besten Kajak-Cross-Fahrer des Sports zu minimieren.<br \/>\nDas Paddel ist in verschiedenen Gr\u00f6\u00dfen erh\u00e4ltlich, um den individuellen Vorlieben und der Gr\u00f6\u00dfe des Kajakfahrers gerecht zu werden. Die Federkanten haben eine an die neuesten ICF-Vorschriften angepasste Kantenst\u00e4rke, die 5 mm oder mehr betr\u00e4gt. Dar\u00fcber hinaus sind die Kanten mit schwarzem Aramidband gesch\u00fctzt, was die Lebensdauer des Paddels verl\u00e4ngert und es vor der Entstehung scharfer und gef\u00e4hrlicher Kanten sch\u00fctzt.<br \/>\nDas G'Power Paddel f\u00fcr Kajak-Cross zeichnet sich auch durch seine hervorragende Leistung aus. Dank seines optimierten Designs und seines geformten Blattes sorgt es f\u00fcr eine optimale Kraft\u00fcbertragung und Paddelleistung. Das bedeutet nat\u00fcrlich auch mehr Geschwindigkeit und Kontrolle \u00fcber das Kajak. Auch die \u00c4sthetik des G'Power Paddels sollte nicht vergessen werden. <\/span><\/h2>\n<h2><span style=\"font-size: 75%;\">Auf besonderen Wunsch sind verschiedene Designs und Farben erh\u00e4ltlich, die dem Paddel Charakter und Stil verleihen. Dies macht das G'Power-Paddel neben seiner Funktionalit\u00e4t auch zu einem attraktiven Ausr\u00fcstungsgegenstand. Alles in allem ist das G'Power-Paddel f\u00fcr Kajak-Cross eine ausgezeichnete Wahl f\u00fcr alle, die diesen dynamischen Sport betreiben. Sein geringes Gewicht, seine Leistung, seine ergonomische Form und sein attraktives Design machen es zu einem unentbehrlichen Werkzeug, wenn es um die h\u00f6chsten Eins\u00e4tze geht. Das G'Power-Paddel erf\u00fcllt zweifellos die Erwartungen selbst der anspruchsvollsten Kajak-Cross-Enthusiasten.<br \/>\n<\/span><\/h2>\n<p>&nbsp;<\/p>\n<table style=\"height: 209px;\" border=\"0\" width=\"1133\" cellspacing=\"1\" cellpadding=\"1\" align=\"center\">\n<tbody>\n<tr>\n<td width=\"30%\"><span style=\"font-size: 85%;\">Gr\u00f6\u00dfe<\/span><\/td>\n<td style=\"text-align: left;\" valign=\"middle\"><\/td>\n<td style=\"text-align: left;\"><span style=\"font-size: 85%;\">S<\/span><\/td>\n<td style=\"text-align: left;\"><span style=\"font-size: 85%;\">M<\/span><\/td>\n<td style=\"text-align: left;\">L<\/td>\n<td style=\"text-align: left;\"><\/td>\n<\/tr>\n<tr>\n<td><span style=\"font-size: 85%;\">Bereich der Klinge<\/span><\/td>\n<td style=\"text-align: left;\"><\/td>\n<td style=\"text-align: left;\"><span style=\"font-size: 85%;\">701 cm<sup>2<\/sup><\/span><\/td>\n<td style=\"text-align: left;\"><span style=\"font-size: 85%;\">733 cm<sup>2<\/sup><\/span><\/td>\n<td style=\"text-align: left;\"><span style=\"font-size: 85%;\">765 cm<sup>2<\/sup><\/span><\/td>\n<td style=\"text-align: left;\"><\/td>\n<\/tr>\n<tr>\n<td><span style=\"font-size: 85%;\">L\u00e4nge der Klinge<\/span><\/td>\n<td style=\"text-align: left;\"><\/td>\n<td style=\"text-align: left;\"><span style=\"font-size: 85%;\">472 mm<\/span><\/td>\n<td><span style=\"font-size: 85%;\">485 mm<\/span><\/td>\n<td><span style=\"font-size: 85%;\">490 mm<\/span><\/td>\n<td><\/td>\n<\/tr>\n<tr>\n<td><span style=\"font-size: 85%;\">Breite der Klinge<\/span><\/td>\n<td><\/td>\n<td><span style=\"font-size: 85%;\">207 mm<\/span><\/td>\n<td><span style=\"font-size: 85%;\">210 mm<\/span><\/td>\n<td><span style=\"font-size: 85%;\">215 mm<\/span><\/td>\n<td><\/td>\n<\/tr>\n<tr>\n<td><span style=\"font-size: 85%;\">Kohlenstoffgehalt - Blatt \/ Welle<\/span><\/td>\n<td><\/td>\n<td><span style=\"font-size: 85%;\">80% \/ 100%<\/span><\/td>\n<td><span style=\"font-size: 85%;\">80% \/ 100%<\/span><\/td>\n<td><span style=\"font-size: 85%;\">80% \/ 100%<\/span><\/td>\n<td><\/td>\n<\/tr>\n<tr>\n<td><span style=\"font-size: 85%;\">Durchmesser der Welle<\/span><\/td>\n<td><\/td>\n<td>28 mm<\/td>\n<td><span style=\"font-size: 85%;\">28 mm<\/span><\/td>\n<td>28 mm<\/td>\n<td><\/td>\n<\/tr>\n<tr>\n<td><span style=\"font-size: 85%;\">Gewicht des Paddels<\/span><\/td>\n<td><\/td>\n<td><span style=\"font-size: 85%;\">~780 g<\/span><\/td>\n<td><span style=\"font-size: 85%;\">~ 815 g<\/span><\/td>\n<td>850 g<\/td>\n<td><\/td>\n<\/tr>\n<tr>\n<td><span style=\"font-size: 85%;\">Schutz durch Aramidband<\/span><\/td>\n<td><\/td>\n<td><span style=\"font-size: 85%;\">ja<\/span><\/td>\n<td><span style=\"font-size: 85%;\">ja<\/span><\/td>\n<td><span style=\"font-size: 85%;\">ja<\/span><\/td>\n<td><\/td>\n<\/tr>\n<\/tbody>\n<\/table>\n<p>&nbsp;<\/p>\n\t\n  \n    <div class=\"row large-columns-4 medium-columns-3 small-columns-2 row-small slider row-slider slider-nav-reveal slider-nav-push\"  data-flickity-options='{&quot;imagesLoaded&quot;: true, &quot;groupCells&quot;: &quot;100%&quot;, &quot;dragThreshold&quot; : 5, &quot;cellAlign&quot;: &quot;left&quot;,&quot;wrapAround&quot;: true,&quot;prevNextButtons&quot;: true,&quot;percentPosition&quot;: true,&quot;pageDots&quot;: false, &quot;rightToLeft&quot;: false, &quot;autoPlay&quot; : false}' >\n\n  \n\t     <\/div>\n\t<div id=\"gap-1292605916\" class=\"gap-element clearfix\" style=\"display:block; height:auto;\">\n\t\t\n<style>\n#gap-1292605916 {\n  padding-top: 50px;\n}\n<\/style>\n\t<\/div>\n\t\n\n\t<section class=\"section\" id=\"section_128294049\">\n\t\t<div class=\"section-bg fill\" >\n\t\t\t\t\t\t\t\t\t<div class=\"loading-spin centered\"><\/div>\n\t\t\t\n\n\t\t<\/div>\n\n\t\t\n\n\t\t<div class=\"section-content relative\">\n\t\t\t\n<div class=\"row row-solid\"  id=\"row-1221695373\">\n\n\t<div id=\"col-9933335\" class=\"col medium-4 small-12 large-4\"  >\n\t\t\t\t<div class=\"col-inner\"  >\n\t\t\t\n\t\t\t\n\n\t\t<div class=\"icon-box featured-box icon-box-center text-center\"  >\n\t\t\t\t\t<div class=\"icon-box-img\" style=\"width: 50px\">\n\t\t\t\t<div class=\"icon\">\n\t\t\t\t\t<div class=\"icon-inner\" >\n\t\t\t\t\t\t<img decoding=\"async\" width=\"128\" height=\"128\" src=\"https:\/\/gpowersport.com\/wp-content\/uploads\/2020\/09\/2703076-128-1-1.png\" class=\"attachment-medium size-medium\" alt=\"\" srcset=\"https:\/\/gpowersport.com\/wp-content\/uploads\/2020\/09\/2703076-128-1-1.png 128w, https:\/\/gpowersport.com\/wp-content\/uploads\/2020\/09\/2703076-128-1-1-12x12.png 12w, https:\/\/gpowersport.com\/wp-content\/uploads\/2020\/09\/2703076-128-1-1-120x120.png 120w, https:\/\/gpowersport.com\/wp-content\/uploads\/2020\/09\/2703076-128-1-1-100x100.png 100w\" sizes=\"(max-width: 128px) 100vw, 128px\" \/>\t\t\t\t\t<\/div>\n\t\t\t\t<\/div>\n\t\t\t<\/div>\n\t\t\t\t<div class=\"icon-box-text last-reset\">\n\t\t\t\t\t\t\t\t\t\t\t<\/div>\n\t<\/div>\n\t\n\t\n<p>&nbsp;<\/p>\n\t\t<\/div>\n\t\t\t\t\t<\/div>\n\n\t\n\n\t<div id=\"col-307131704\" class=\"col medium-4 small-12 large-4\"  >\n\t\t\t\t<div class=\"col-inner\"  >\n\t\t\t\n\t\t\t\n\n\t\t<div class=\"icon-box featured-box icon-box-center text-center\"  >\n\t\t\t\t\t<div class=\"icon-box-img\" style=\"width: 50px\">\n\t\t\t\t<div class=\"icon\">\n\t\t\t\t\t<div class=\"icon-inner\" >\n\t\t\t\t\t\t<img decoding=\"async\" width=\"128\" height=\"128\" src=\"https:\/\/gpowersport.com\/wp-content\/uploads\/2020\/09\/3669335-128-1.png\" class=\"attachment-medium size-medium\" alt=\"\" srcset=\"https:\/\/gpowersport.com\/wp-content\/uploads\/2020\/09\/3669335-128-1.png 128w, https:\/\/gpowersport.com\/wp-content\/uploads\/2020\/09\/3669335-128-1-12x12.png 12w, https:\/\/gpowersport.com\/wp-content\/uploads\/2020\/09\/3669335-128-1-120x120.png 120w, https:\/\/gpowersport.com\/wp-content\/uploads\/2020\/09\/3669335-128-1-100x100.png 100w\" sizes=\"(max-width: 128px) 100vw, 128px\" \/>\t\t\t\t\t<\/div>\n\t\t\t\t<\/div>\n\t\t\t<\/div>\n\t\t\t\t<div class=\"icon-box-text last-reset\">\n\t\t\t\t\t\t\t\t\t\n<p>Feedback hinterlassen<\/p>\n<p>Ihre Meinung ist f\u00fcr uns sehr wichtig. Dank dieser, entwickeln wir unsere Produkte.<\/p>\n\t\t<\/div>\n\t<\/div>\n\t\n\t\n\t\t<\/div>\n\t\t\t\t\t<\/div>\n\n\t\n\n\t<div id=\"col-1862594868\" class=\"col medium-4 small-12 large-4\"  >\n\t\t\t\t<div class=\"col-inner\"  >\n\t\t\t\n\t\t\t\n\n\t\t<div class=\"icon-box featured-box icon-box-center text-center\"  >\n\t\t\t\t\t<div class=\"icon-box-img\" style=\"width: 50px\">\n\t\t\t\t<div class=\"icon\">\n\t\t\t\t\t<div class=\"icon-inner\" >\n\t\t\t\t\t\t<img decoding=\"async\" width=\"128\" height=\"128\" src=\"https:\/\/gpowersport.com\/wp-content\/uploads\/2020\/09\/5959201-128-1.png\" class=\"attachment-medium size-medium\" alt=\"\" srcset=\"https:\/\/gpowersport.com\/wp-content\/uploads\/2020\/09\/5959201-128-1.png 128w, https:\/\/gpowersport.com\/wp-content\/uploads\/2020\/09\/5959201-128-1-12x12.png 12w, https:\/\/gpowersport.com\/wp-content\/uploads\/2020\/09\/5959201-128-1-120x120.png 120w, https:\/\/gpowersport.com\/wp-content\/uploads\/2020\/09\/5959201-128-1-100x100.png 100w\" sizes=\"(max-width: 128px) 100vw, 128px\" \/>\t\t\t\t\t<\/div>\n\t\t\t\t<\/div>\n\t\t\t<\/div>\n\t\t\t\t<div class=\"icon-box-text last-reset\">\n\t\t\t\t\t\t\t\t\t\n<p>Von T\u00fcr zu T\u00fcr<\/p>\n<p>Wenn Sie in unserem Gesch\u00e4ft kaufen, haben Sie eine volle Garantie. Reklamationen werden direkt vom Hersteller bearbeitet. Schnell und einfach.<\/p>\n\t\t<\/div>\n\t<\/div>\n\t\n\t\n\t\t<\/div>\n\t\t\t\t\t<\/div>\n\n\t\n\n<style>\n#row-1221695373 > .col > .col-inner {\n  padding: 20px 20px 20px 20px;\n}\n<\/style>\n<\/div>\n\t\t<\/div>\n\n\t\t\n<style>\n#section_128294049 {\n  padding-top: 30px;\n  padding-bottom: 30px;\n}\n<\/style>\n\t<\/section>","protected":false},"excerpt":{"rendered":"<p><span style=\"color: #00aae7;\">Wenn Sie eine Standardverbindung w\u00e4hlen<\/span>w\u00e4hlen Sie bitte auch: Paddell\u00e4nge, Verdrehung und Winkel. Im n\u00e4chsten Schritt k\u00f6nnen Sie w\u00e4hlen, ob das Paddel geklebt werden soll (Sie erhalten das Paddel gebrauchsfertig). Wenn Sie sich f\u00fcr das verstellbare Qnect-System entscheiden, markieren Sie die Mindestl\u00e4nge, die Sie haben m\u00f6chten und \u00fcberspringen Sie Twist und Angle. Das Qnect System gibt Ihnen die M\u00f6glichkeit, die L\u00e4nge des Paddels um 10 cm zu ver\u00e4ndern. Wenn Sie keine Angst vor Werkzeug haben und ein H\u00e4ndchen f\u00fcr Heimwerker haben, markieren Sie NEIN im letzten K\u00e4stchen.<\/p>","protected":false},"featured_media":42704,"comment_status":"open","ping_status":"closed","template":"","meta":[],"product_brand":[],"product_cat":[18,89,90,99,100],"product_tag":[],"class_list":{"0":"post-42693","1":"product","2":"type-product","3":"status-publish","4":"has-post-thumbnail","6":"product_cat-carbon-fiber-paddles","7":"product_cat-slalom","8":"product_cat-kayak","9":"product_cat-whitewater","10":"product_cat-whitewater-kayak","12":"first","13":"instock","14":"featured","15":"taxable","16":"shipping-taxable","17":"purchasable","18":"product-type-composite"},"yoast_head":"<!-- This site is optimized with the Yoast SEO Premium plugin v20.7 (Yoast SEO v27.1.1) - https:\/\/yoast.com\/product\/yoast-seo-premium-wordpress\/ -->\n<title>Kayak Cross paddle - G&#039;Power Carbon Paddles<\/title>\n<meta name=\"description\" content=\"Carbon extreme paddle - is our latest model of slalom paddle in which we used a unique inner surface of the blade.\" \/>\n<meta name=\"robots\" content=\"index, follow, max-snippet:-1, max-image-preview:large, max-video-preview:-1\" \/>\n<link rel=\"canonical\" href=\"https:\/\/gpowersport.com\/de\/carbon-fiber-paddles\/slalom\/kayak\/kayak-cross-paddle\/\" \/>\n<meta property=\"og:locale\" content=\"de_DE\" \/>\n<meta property=\"og:type\" content=\"article\" \/>\n<meta property=\"og:title\" content=\"Kayak Cross paddle\" \/>\n<meta property=\"og:description\" content=\"Carbon extreme paddle - is our latest model of slalom paddle in which we used a unique inner surface of the blade.\" \/>\n<meta property=\"og:url\" content=\"https:\/\/gpowersport.com\/de\/carbon-fiber-paddles\/slalom\/kayak\/kayak-cross-paddle\/\" \/>\n<meta property=\"og:site_name\" content=\"G&#039;Power\" \/>\n<meta property=\"article:publisher\" content=\"https:\/\/www.facebook.com\/GpowerPaddles\" \/>\n<meta property=\"article:modified_time\" content=\"2026-03-20T14:33:27+00:00\" \/>\n<meta property=\"og:image\" content=\"https:\/\/gpowersport.com\/wp-content\/uploads\/2023\/08\/BE7F5D70-C9CD-4539-B59E-4956B25DF78A.png\" \/>\n\t<meta property=\"og:image:width\" content=\"1600\" \/>\n\t<meta property=\"og:image:height\" content=\"1067\" \/>\n\t<meta property=\"og:image:type\" content=\"image\/png\" \/>\n<meta name=\"twitter:card\" content=\"summary_large_image\" \/>\n<meta name=\"twitter:label1\" content=\"Gesch\u00e4tzte Lesezeit\" \/>\n\t<meta name=\"twitter:data1\" content=\"3\u00a0Minuten\" \/>\n<script type=\"application\/ld+json\" class=\"yoast-schema-graph\">{\"@context\":\"https:\/\/schema.org\",\"@graph\":[{\"@type\":[\"WebPage\",\"ItemPage\"],\"@id\":\"https:\/\/gpowersport.com\/nl\/carbon-fiber-paddles\/slalom\/kayak\/kayak-cross-paddle\/\",\"url\":\"https:\/\/gpowersport.com\/nl\/carbon-fiber-paddles\/slalom\/kayak\/kayak-cross-paddle\/\",\"name\":\"Kayak Cross paddle - G&#039;Power Carbon Paddles\",\"isPartOf\":{\"@id\":\"https:\/\/gpowersport.com\/pl\/#website\"},\"primaryImageOfPage\":{\"@id\":\"https:\/\/gpowersport.com\/nl\/carbon-fiber-paddles\/slalom\/kayak\/kayak-cross-paddle\/#primaryimage\"},\"image\":{\"@id\":\"https:\/\/gpowersport.com\/nl\/carbon-fiber-paddles\/slalom\/kayak\/kayak-cross-paddle\/#primaryimage\"},\"thumbnailUrl\":\"https:\/\/gpowersport.com\/wp-content\/uploads\/2023\/08\/BE7F5D70-C9CD-4539-B59E-4956B25DF78A.png\",\"datePublished\":\"2023-08-23T06:45:01+00:00\",\"dateModified\":\"2026-03-20T14:33:27+00:00\",\"description\":\"Carbon extreme paddle - is our latest model of slalom paddle in which we used a unique inner surface of the blade.\",\"breadcrumb\":{\"@id\":\"https:\/\/gpowersport.com\/nl\/carbon-fiber-paddles\/slalom\/kayak\/kayak-cross-paddle\/#breadcrumb\"},\"inLanguage\":\"de\",\"potentialAction\":[{\"@type\":\"ReadAction\",\"target\":[\"https:\/\/gpowersport.com\/nl\/carbon-fiber-paddles\/slalom\/kayak\/kayak-cross-paddle\/\"]}]},{\"@type\":\"ImageObject\",\"inLanguage\":\"de\",\"@id\":\"https:\/\/gpowersport.com\/nl\/carbon-fiber-paddles\/slalom\/kayak\/kayak-cross-paddle\/#primaryimage\",\"url\":\"https:\/\/gpowersport.com\/wp-content\/uploads\/2023\/08\/BE7F5D70-C9CD-4539-B59E-4956B25DF78A.png\",\"contentUrl\":\"https:\/\/gpowersport.com\/wp-content\/uploads\/2023\/08\/BE7F5D70-C9CD-4539-B59E-4956B25DF78A.png\",\"width\":1600,\"height\":1067},{\"@type\":\"BreadcrumbList\",\"@id\":\"https:\/\/gpowersport.com\/nl\/carbon-fiber-paddles\/slalom\/kayak\/kayak-cross-paddle\/#breadcrumb\",\"itemListElement\":[{\"@type\":\"ListItem\",\"position\":1,\"name\":\"Home\",\"item\":\"https:\/\/gpowersport.com\/\"},{\"@type\":\"ListItem\",\"position\":2,\"name\":\"Shop\",\"item\":\"https:\/\/gpowersport.com\/carbon-fiber-paddles\/\"},{\"@type\":\"ListItem\",\"position\":3,\"name\":\"Carbon Fiber Paddles\",\"item\":\"https:\/\/gpowersport.com\/pl\/carbon-fiber-paddles\/\"},{\"@type\":\"ListItem\",\"position\":4,\"name\":\"Slalom Paddles\",\"item\":\"https:\/\/gpowersport.com\/carbon-fiber-paddles\/slalom\/\"},{\"@type\":\"ListItem\",\"position\":5,\"name\":\"Slalom Kayak Paddles\",\"item\":\"https:\/\/gpowersport.com\/nl\/carbon-fiber-paddles\/slalom\/kayak\/\"},{\"@type\":\"ListItem\",\"position\":6,\"name\":\"Kayak Cross paddle\"}]},{\"@type\":\"WebSite\",\"@id\":\"https:\/\/gpowersport.com\/pl\/#website\",\"url\":\"https:\/\/gpowersport.com\/pl\/\",\"name\":\"G'Power carbon paddles\",\"description\":\"\",\"publisher\":{\"@id\":\"https:\/\/gpowersport.com\/pl\/#organization\"},\"potentialAction\":[{\"@type\":\"SearchAction\",\"target\":{\"@type\":\"EntryPoint\",\"urlTemplate\":\"https:\/\/gpowersport.com\/pl\/?s={search_term_string}\"},\"query-input\":{\"@type\":\"PropertyValueSpecification\",\"valueRequired\":true,\"valueName\":\"search_term_string\"}}],\"inLanguage\":\"de\"},{\"@type\":\"Organization\",\"@id\":\"https:\/\/gpowersport.com\/pl\/#organization\",\"name\":\"G'power carbon paddles\",\"url\":\"https:\/\/gpowersport.com\/pl\/\",\"logo\":{\"@type\":\"ImageObject\",\"inLanguage\":\"de\",\"@id\":\"https:\/\/gpowersport.com\/pl\/#\/schema\/logo\/image\/\",\"url\":\"https:\/\/gpowersport.com\/wp-content\/uploads\/2020\/03\/gpower-logo.png\",\"contentUrl\":\"https:\/\/gpowersport.com\/wp-content\/uploads\/2020\/03\/gpower-logo.png\",\"width\":140,\"height\":30,\"caption\":\"G'power carbon paddles\"},\"image\":{\"@id\":\"https:\/\/gpowersport.com\/pl\/#\/schema\/logo\/image\/\"},\"sameAs\":[\"https:\/\/www.facebook.com\/GpowerPaddles\",\"https:\/\/www.instagram.com\/gpowerpaddles\/\"]}]}<\/script>\n<!-- \/ Yoast SEO Premium plugin. -->","yoast_head_json":{"title":"Kajak Cross Paddel - G&#039;Power Carbon Paddles","description":"Carbon extreme paddle - ist unser neuestes Modell eines Slalompaddels, bei dem wir eine einzigartige Innenfl\u00e4che des Blattes verwendet haben.","robots":{"index":"index","follow":"follow","max-snippet":"max-snippet:-1","max-image-preview":"max-image-preview:large","max-video-preview":"max-video-preview:-1"},"canonical":"https:\/\/gpowersport.com\/de\/carbon-fiber-paddles\/slalom\/kayak\/kayak-cross-paddle\/","og_locale":"de_DE","og_type":"article","og_title":"Kayak Cross paddle","og_description":"Carbon extreme paddle - is our latest model of slalom paddle in which we used a unique inner surface of the blade.","og_url":"https:\/\/gpowersport.com\/de\/carbon-fiber-paddles\/slalom\/kayak\/kayak-cross-paddle\/","og_site_name":"G&#039;Power","article_publisher":"https:\/\/www.facebook.com\/GpowerPaddles","article_modified_time":"2026-03-20T14:33:27+00:00","og_image":[{"width":1600,"height":1067,"url":"https:\/\/gpowersport.com\/wp-content\/uploads\/2023\/08\/BE7F5D70-C9CD-4539-B59E-4956B25DF78A.png","type":"image\/png"}],"twitter_card":"summary_large_image","twitter_misc":{"Gesch\u00e4tzte Lesezeit":"3\u00a0Minuten"},"schema":{"@context":"https:\/\/schema.org","@graph":[{"@type":["WebPage","ItemPage"],"@id":"https:\/\/gpowersport.com\/nl\/carbon-fiber-paddles\/slalom\/kayak\/kayak-cross-paddle\/","url":"https:\/\/gpowersport.com\/nl\/carbon-fiber-paddles\/slalom\/kayak\/kayak-cross-paddle\/","name":"Kajak Cross Paddel - G&#039;Power Carbon Paddles","isPartOf":{"@id":"https:\/\/gpowersport.com\/pl\/#website"},"primaryImageOfPage":{"@id":"https:\/\/gpowersport.com\/nl\/carbon-fiber-paddles\/slalom\/kayak\/kayak-cross-paddle\/#primaryimage"},"image":{"@id":"https:\/\/gpowersport.com\/nl\/carbon-fiber-paddles\/slalom\/kayak\/kayak-cross-paddle\/#primaryimage"},"thumbnailUrl":"https:\/\/gpowersport.com\/wp-content\/uploads\/2023\/08\/BE7F5D70-C9CD-4539-B59E-4956B25DF78A.png","datePublished":"2023-08-23T06:45:01+00:00","dateModified":"2026-03-20T14:33:27+00:00","description":"Carbon extreme paddle - ist unser neuestes Modell eines Slalompaddels, bei dem wir eine einzigartige Innenfl\u00e4che des Blattes verwendet haben.","breadcrumb":{"@id":"https:\/\/gpowersport.com\/nl\/carbon-fiber-paddles\/slalom\/kayak\/kayak-cross-paddle\/#breadcrumb"},"inLanguage":"de","potentialAction":[{"@type":"ReadAction","target":["https:\/\/gpowersport.com\/nl\/carbon-fiber-paddles\/slalom\/kayak\/kayak-cross-paddle\/"]}]},{"@type":"ImageObject","inLanguage":"de","@id":"https:\/\/gpowersport.com\/nl\/carbon-fiber-paddles\/slalom\/kayak\/kayak-cross-paddle\/#primaryimage","url":"https:\/\/gpowersport.com\/wp-content\/uploads\/2023\/08\/BE7F5D70-C9CD-4539-B59E-4956B25DF78A.png","contentUrl":"https:\/\/gpowersport.com\/wp-content\/uploads\/2023\/08\/BE7F5D70-C9CD-4539-B59E-4956B25DF78A.png","width":1600,"height":1067},{"@type":"BreadcrumbList","@id":"https:\/\/gpowersport.com\/nl\/carbon-fiber-paddles\/slalom\/kayak\/kayak-cross-paddle\/#breadcrumb","itemListElement":[{"@type":"ListItem","position":1,"name":"Home","item":"https:\/\/gpowersport.com\/"},{"@type":"ListItem","position":2,"name":"Shop","item":"https:\/\/gpowersport.com\/carbon-fiber-paddles\/"},{"@type":"ListItem","position":3,"name":"Carbon Fiber Paddles","item":"https:\/\/gpowersport.com\/pl\/carbon-fiber-paddles\/"},{"@type":"ListItem","position":4,"name":"Slalom Paddles","item":"https:\/\/gpowersport.com\/carbon-fiber-paddles\/slalom\/"},{"@type":"ListItem","position":5,"name":"Slalom Kayak Paddles","item":"https:\/\/gpowersport.com\/nl\/carbon-fiber-paddles\/slalom\/kayak\/"},{"@type":"ListItem","position":6,"name":"Kayak Cross paddle"}]},{"@type":"WebSite","@id":"https:\/\/gpowersport.com\/pl\/#website","url":"https:\/\/gpowersport.com\/pl\/","name":"G'Power Carbon-Paddel","description":"","publisher":{"@id":"https:\/\/gpowersport.com\/pl\/#organization"},"potentialAction":[{"@type":"SearchAction","target":{"@type":"EntryPoint","urlTemplate":"https:\/\/gpowersport.com\/pl\/?s={search_term_string}"},"query-input":{"@type":"PropertyValueSpecification","valueRequired":true,"valueName":"search_term_string"}}],"inLanguage":"de"},{"@type":"Organization","@id":"https:\/\/gpowersport.com\/pl\/#organization","name":"G'power Carbon-Paddles","url":"https:\/\/gpowersport.com\/pl\/","logo":{"@type":"ImageObject","inLanguage":"de","@id":"https:\/\/gpowersport.com\/pl\/#\/schema\/logo\/image\/","url":"https:\/\/gpowersport.com\/wp-content\/uploads\/2020\/03\/gpower-logo.png","contentUrl":"https:\/\/gpowersport.com\/wp-content\/uploads\/2020\/03\/gpower-logo.png","width":140,"height":30,"caption":"G'power carbon paddles"},"image":{"@id":"https:\/\/gpowersport.com\/pl\/#\/schema\/logo\/image\/"},"sameAs":["https:\/\/www.facebook.com\/GpowerPaddles","https:\/\/www.instagram.com\/gpowerpaddles\/"]}]}},"_links":{"self":[{"href":"https:\/\/gpowersport.com\/de\/wp-json\/wp\/v2\/product\/42693","targetHints":{"allow":["GET"]}}],"collection":[{"href":"https:\/\/gpowersport.com\/de\/wp-json\/wp\/v2\/product"}],"about":[{"href":"https:\/\/gpowersport.com\/de\/wp-json\/wp\/v2\/types\/product"}],"replies":[{"embeddable":true,"href":"https:\/\/gpowersport.com\/de\/wp-json\/wp\/v2\/comments?post=42693"}],"wp:featuredmedia":[{"embeddable":true,"href":"https:\/\/gpowersport.com\/de\/wp-json\/wp\/v2\/media\/42704"}],"wp:attachment":[{"href":"https:\/\/gpowersport.com\/de\/wp-json\/wp\/v2\/media?parent=42693"}],"wp:term":[{"taxonomy":"product_brand","embeddable":true,"href":"https:\/\/gpowersport.com\/de\/wp-json\/wp\/v2\/product_brand?post=42693"},{"taxonomy":"product_cat","embeddable":true,"href":"https:\/\/gpowersport.com\/de\/wp-json\/wp\/v2\/product_cat?post=42693"},{"taxonomy":"product_tag","embeddable":true,"href":"https:\/\/gpowersport.com\/de\/wp-json\/wp\/v2\/product_tag?post=42693"}],"curies":[{"name":"wp","href":"https:\/\/api.w.org\/{rel}","templated":true}]}}