{"id":33427,"date":"2019-10-31T06:15:22","date_gmt":"2019-10-31T06:15:22","guid":{"rendered":"https:\/\/gpowersport.com\/?post_type=product&#038;p=33427"},"modified":"2026-04-20T19:20:22","modified_gmt":"2026-04-20T19:20:22","slug":"slalom-canoe-revolution-elite","status":"publish","type":"product","link":"https:\/\/gpowersport.com\/es\/carbon-fiber-paddles\/slalom\/canoe\/slalom-canoe-revolution-elite\/","title":{"rendered":"Pala Canoa Slalom - Revolution ELITE"},"content":{"rendered":"<h1><span style=\"font-size: 75%;\"><strong><a href=\"https:\/\/gpowersport.com\/es\/carbon-fiber-paddles\/slalom\/\">Remo de canoa<\/a> &#8211; <\/strong><strong>Revoluci\u00f3n ELITE<\/strong><\/span><\/h1>\n<h2><span style=\"font-size: 75%;\">La mejor opci\u00f3n para los profesionales <a href=\"https:\/\/gpowersport.com\/es\/carbon-fiber-paddles\/slalom\/canoe\/\">canoa de slalom<\/a> deportistas y aficionados al pirag\u00fcismo recreativo.<\/span><\/h2>\n<h2><span style=\"font-size: 75%;\">Innovadora pala de eslalon dise\u00f1ada por uno de los mejores atletas de eslalon en canoa - <a href=\"https:\/\/gpowersport.com\/es\/team\/\">Alexander Slafkovsk\u00fd<\/a> de Eslovaquia. Diez veces campe\u00f3n del mundo por equipos y campe\u00f3n de Europa individual. <\/span><span style=\"font-size: 75%;\">Nuestra oferta es muy f\u00e1cil para encontrar la pala perfecta. Desde los cinco tama\u00f1os de pala, tres tipos de rigidez del eje y muchas variantes de empu\u00f1adura. Le damos la posibilidad de elegir la perfecta <a href=\"https:\/\/gpowersport.com\/es\/team\/\">remo de canoa de slalom<\/a>.<\/span><\/h2>\n<h2><span style=\"font-size: 75%;\">METAL TIPS - <a href=\"https:\/\/gpowersport.com\/es\/carbon-fiber-paddles\/\">Pala de carbono<\/a> Las palas est\u00e1n disponibles con un refuerzo de acero inoxidable a lo largo del borde exterior que protege perfectamente la pala contra da\u00f1os y golpes de la pala contra las rocas del r\u00edo. Las superficies de potencia hacen que la pala sea m\u00e1s resistente a los impactos.<\/span><\/h2>\n<h2><span style=\"font-size: 75%;\">Canoa de eslalon\u00a0<a href=\"https:\/\/gpowersport.com\/es\/carbon-fiber-paddles\/\">paleta de carbono<\/a> te hacen m\u00e1s fuerte, d\u00e1ndote m\u00e1s satisfacci\u00f3n en cada sesi\u00f3n de entrenamiento. Deshazte de la construcci\u00f3n de aluminio y pvc y lleva tus resultados a un nivel superior.\u00a0<\/span><\/h2>\n<h2><span style=\"font-size: 75%;\"><a href=\"https:\/\/www.facebook.com\/jessfox.canoeslalom\/\">Jessica Fox de Australia<\/a>, la mejor y m\u00e1s exitosa corredora en la historia del Slalom Femenino C1 ha estado usando la pala G' Power durante muchos a\u00f1os, la m\u00faltiple campeona del mundo ha optado por la Revolution Elite en talla \"S\" y un mango de carbono para asegurarse de que la pala aguantar\u00e1 incluso la carrera m\u00e1s dif\u00edcil.<\/span><\/h2>\n<h3>Cree su <a href=\"https:\/\/gpowersport.com\/es\/paddles-with-own-design\/\">paleta personalizada<\/a>!<\/h3>\n<p>&nbsp;<\/p>\n<table border=\"0\" width=\"100%\" cellspacing=\"1\" cellpadding=\"1\" align=\"center\">\n<tbody>\n<tr>\n<td width=\"20%\"><span style=\"font-size: 75%;\">Talla<\/span><\/td>\n<td style=\"text-align: left;\" valign=\"middle\"><span style=\"font-size: 75%;\">XS<\/span><\/td>\n<td style=\"text-align: left;\"><span style=\"font-size: 75%;\">S<\/span><\/td>\n<td style=\"text-align: left;\"><span style=\"font-size: 75%;\">M<\/span><\/td>\n<td style=\"text-align: left;\"><span style=\"font-size: 75%;\">L<\/span><\/td>\n<td style=\"text-align: left;\"><span style=\"font-size: 75%;\">XL<\/span><\/td>\n<\/tr>\n<tr>\n<td><span style=\"font-size: 75%;\">\u00c1rea de la hoja<\/span><\/td>\n<td style=\"text-align: left;\"><span style=\"font-size: 75%; color: #282828;\">695 cm<sup>2<\/sup><\/span><\/td>\n<td style=\"text-align: left;\"><span style=\"font-size: 75%; color: #282828;\">737 cm<sup>2<\/sup><\/span><\/td>\n<td style=\"text-align: left;\"><span style=\"font-size: 75%; color: #282828;\">785 cm<sup>2<\/sup><\/span><\/td>\n<td style=\"text-align: left;\"><span style=\"font-size: 75%; color: #282828;\">795 cm<sup>2<\/sup><\/span><\/td>\n<td style=\"text-align: left;\"><span style=\"font-size: 75%; color: #282828;\">806 cm<sup>2<\/sup><\/span><\/td>\n<\/tr>\n<tr>\n<td><span style=\"font-size: 75%;\">Longitud de la hoja<\/span><\/td>\n<td style=\"text-align: left;\"><span style=\"font-size: 75%;\">495 mm<\/span><\/td>\n<td style=\"text-align: left;\"><span style=\"font-size: 75%;\">505 mm<\/span><\/td>\n<td><span style=\"font-size: 75%;\">520 mm<\/span><\/td>\n<td><span style=\"font-size: 75%;\">520 mm<\/span><\/td>\n<td><span style=\"font-size: 75%;\">520 mm<\/span><\/td>\n<\/tr>\n<tr>\n<td><span style=\"font-size: 75%;\">Anchura de la hoja<\/span><\/td>\n<td><span style=\"font-size: 75%;\">193 mm<\/span><\/td>\n<td><span style=\"font-size: 75%;\">197 mm<\/span><\/td>\n<td><span style=\"font-size: 75%;\">200 mm<\/span><\/td>\n<td><span style=\"font-size: 75%;\">205 mm<\/span><\/td>\n<td><span style=\"font-size: 75%;\">210 mm<\/span><\/td>\n<\/tr>\n<tr>\n<td><span style=\"font-size: 75%;\">Contenido de carbono - cuchilla \/ eje<\/span><\/td>\n<td><span style=\"font-size: 75%;\">100% \/ 100%<\/span><\/td>\n<td><span style=\"font-size: 75%;\">100% \/ 100%<\/span><\/td>\n<td><span style=\"font-size: 75%;\">100% \/ 100%<\/span><\/td>\n<td><span style=\"font-size: 75%;\">100% \/ 100%<\/span><\/td>\n<td><span style=\"font-size: 75%;\">100% \/ 100%<\/span><\/td>\n<\/tr>\n<tr>\n<td><span style=\"font-size: 75%;\">Di\u00e1metro del eje<\/span><\/td>\n<td><span style=\"font-size: 75%;\">28 mm<\/span><\/td>\n<td><span style=\"font-size: 75%;\">28 mm<\/span><\/td>\n<td><span style=\"font-size: 75%;\">28 mm<\/span><\/td>\n<td><span style=\"font-size: 75%;\">28 mm<\/span><\/td>\n<td><span style=\"font-size: 75%;\">28 mm<\/span><\/td>\n<\/tr>\n<tr>\n<td><span style=\"font-size: 75%;\">Paleta con empu\u00f1adura de madera<\/span><\/td>\n<td><span style=\"font-size: 75%;\">~ 490 g<\/span><\/td>\n<td><span style=\"font-size: 75%; color: #282828;\">~ 500 g<\/span><\/td>\n<td><span style=\"font-size: 75%; color: #282828;\">~ 515 g<\/span><\/td>\n<td><span style=\"font-size: 75%; color: #282828;\">~ 525 g<\/span><\/td>\n<td><span style=\"font-size: 75%; color: #282828;\">~ 540 g<\/span><\/td>\n<\/tr>\n<tr>\n<td><span style=\"font-size: 75%;\">Puntas met\u00e1licas<\/span><\/td>\n<td><span style=\"font-size: 75%;\">s\u00ed<\/span><\/td>\n<td><span style=\"font-size: 75%;\">s\u00ed<\/span><\/td>\n<td><span style=\"font-size: 75%;\">s\u00ed<\/span><\/td>\n<td><span style=\"font-size: 75%;\">s\u00ed<\/span><\/td>\n<td><span style=\"font-size: 75%;\">s\u00ed<\/span><\/td>\n<\/tr>\n<\/tbody>\n<\/table>\n<p>&nbsp;<\/p>\n\t\n  \n    <div class=\"row large-columns-4 medium-columns-3 small-columns-2 row-small slider row-slider slider-nav-reveal slider-nav-push\"  data-flickity-options='{&quot;imagesLoaded&quot;: true, &quot;groupCells&quot;: &quot;100%&quot;, &quot;dragThreshold&quot; : 5, &quot;cellAlign&quot;: &quot;left&quot;,&quot;wrapAround&quot;: true,&quot;prevNextButtons&quot;: true,&quot;percentPosition&quot;: true,&quot;pageDots&quot;: false, &quot;rightToLeft&quot;: false, &quot;autoPlay&quot; : false}' >\n\n  \n\t     <\/div>\n\t<div id=\"gap-240554800\" class=\"gap-element clearfix\" style=\"display:block; height:auto;\">\n\t\t\n<style>\n#gap-240554800 {\n  padding-top: 50px;\n}\n<\/style>\n\t<\/div>\n\t\n\t<div id=\"gap-1733024801\" class=\"gap-element clearfix\" style=\"display:block; height:auto;\">\n\t\t\n<style>\n#gap-1733024801 {\n  padding-top: 50px;\n}\n<\/style>\n\t<\/div>\n\t\n<div class=\"row align-middle\"  id=\"row-1069387190\">\n\n\t<div id=\"col-2119842409\" class=\"col medium-4 small-12 large-4\"  >\n\t\t\t\t<div class=\"col-inner\"  >\n\t\t\t\n\t\t\t\n\t<div class=\"img has-hover x md-x lg-x y md-y lg-y\" id=\"image_1801460546\">\n\t\t\t\t\t\t\t\t<div class=\"img-inner dark\" style=\"margin:-50px 0px 0px 0px;\">\n\t\t\t<img fetchpriority=\"high\" decoding=\"async\" width=\"1020\" height=\"680\" src=\"https:\/\/gpowersport.com\/wp-content\/uploads\/2019\/10\/aluminium_qnect_1-1200x800.jpg\" class=\"attachment-large size-large\" alt=\"\" srcset=\"https:\/\/gpowersport.com\/wp-content\/uploads\/2019\/10\/aluminium_qnect_1-1200x800.jpg 1200w, https:\/\/gpowersport.com\/wp-content\/uploads\/2019\/10\/aluminium_qnect_1-18x12.jpg 18w, https:\/\/gpowersport.com\/wp-content\/uploads\/2019\/10\/aluminium_qnect_1-600x400.jpg 600w, https:\/\/gpowersport.com\/wp-content\/uploads\/2019\/10\/aluminium_qnect_1-768x512.jpg 768w, https:\/\/gpowersport.com\/wp-content\/uploads\/2019\/10\/aluminium_qnect_1-1536x1024.jpg 1536w, https:\/\/gpowersport.com\/wp-content\/uploads\/2019\/10\/aluminium_qnect_1-1000x667.jpg 1000w, https:\/\/gpowersport.com\/wp-content\/uploads\/2019\/10\/aluminium_qnect_1-800x534.jpg 800w, https:\/\/gpowersport.com\/wp-content\/uploads\/2019\/10\/aluminium_qnect_1.jpg 1600w\" sizes=\"(max-width: 1020px) 100vw, 1020px\" \/>\t\t\t\t\t\t\n\t\t\t\t\t<\/div>\n\t\t\t\t\t\t\t\t\n<style>\n#image_1801460546 {\n  width: 100%;\n}\n<\/style>\n\t<\/div>\n\t\n\t\t<\/div>\n\t\t\t\t\t<\/div>\n\n\t\n\n\t<div id=\"col-349691835\" class=\"col medium-8 small-12 large-8\"  >\n\t\t\t\t<div class=\"col-inner\"  >\n\t\t\t\n\t\t\t\n<p>Nuestras palas est\u00e1n disponibles con el sistema ajustable QNECT (aluminio o composite). Esto permite ajustar la longitud total de la pala (dentro de 10 cm) y el \u00e1ngulo de la pala de 0\u00b0 a 85\u00b0 a derecha o izquierda en incrementos de 5\u00b0. El sistema QNECT permite el ajuste de su \u00e1ngulo de pala personal y tambi\u00e9n desmontar la pala en dos partes para facilitar su transporte.<\/p>\n<p><strong>QNECT aluminio<\/strong> - Fabricado con un tipo especial de aluminio que utiliza tecnolog\u00eda de protecci\u00f3n cat\u00f3dica para evitar la corrosi\u00f3n en agua salada; ideal para remos de canoa y kayak de agua plana en agua dulce. Estabilizaci\u00f3n superior del mango en remos de canoa.<\/p>\n<hr \/>\n<p><span style=\"font-size: 90%; color: #d83131;\"><img decoding=\"async\" class=\"wp-image-33383 alignleft\" src=\"http:\/\/gpowersport.com\/wp-content\/uploads\/2019\/10\/attention.png\" alt=\"\" width=\"46\" height=\"49\" srcset=\"https:\/\/gpowersport.com\/wp-content\/uploads\/2019\/10\/attention.png 100w, https:\/\/gpowersport.com\/wp-content\/uploads\/2019\/10\/attention-11x12.png 11w\" sizes=\"(max-width: 46px) 100vw, 46px\" \/><strong><span style=\"font-size: 75%;\">IMPORTANTE<\/span><\/strong><\/span><strong><span style=\"font-size: 75%;\"> No olvides limpiar la pala y el sistema QNECT despu\u00e9s de su uso en agua dulce. Si lo utilizas en agua salada, hazlo despu\u00e9s de cada sesi\u00f3n. Para palas que no se utilicen durante m\u00e1s de dos semanas, gu\u00e1rdelas desmontadas.<\/span><\/strong><\/p>\n\t\t<\/div>\n\t\t\t\t\t<\/div>\n\n\t\n<\/div>\n\t<div id=\"gap-1255829593\" class=\"gap-element clearfix\" style=\"display:block; height:auto;\">\n\t\t\n<style>\n#gap-1255829593 {\n  padding-top: 50px;\n}\n<\/style>\n\t<\/div>\n\t\n\n\t<section class=\"section\" id=\"section_656878181\">\n\t\t<div class=\"section-bg fill\" >\n\t\t\t\t\t\t\t\t\t<div class=\"loading-spin centered\"><\/div>\n\t\t\t\n\n\t\t<\/div>\n\n\t\t\n\n\t\t<div class=\"section-content relative\">\n\t\t\t\n<div class=\"row row-solid\"  id=\"row-2122526404\">\n\n\t<div id=\"col-191330772\" class=\"col medium-4 small-12 large-4\"  >\n\t\t\t\t<div class=\"col-inner\"  >\n\t\t\t\n\t\t\t\n\n\t\t<div class=\"icon-box featured-box icon-box-center text-center\"  >\n\t\t\t\t\t<div class=\"icon-box-img\" style=\"width: 50px\">\n\t\t\t\t<div class=\"icon\">\n\t\t\t\t\t<div class=\"icon-inner\" >\n\t\t\t\t\t\t<img decoding=\"async\" width=\"128\" height=\"128\" src=\"https:\/\/gpowersport.com\/wp-content\/uploads\/2020\/09\/2703076-128-1-1.png\" class=\"attachment-medium size-medium\" alt=\"\" srcset=\"https:\/\/gpowersport.com\/wp-content\/uploads\/2020\/09\/2703076-128-1-1.png 128w, https:\/\/gpowersport.com\/wp-content\/uploads\/2020\/09\/2703076-128-1-1-12x12.png 12w, https:\/\/gpowersport.com\/wp-content\/uploads\/2020\/09\/2703076-128-1-1-120x120.png 120w, https:\/\/gpowersport.com\/wp-content\/uploads\/2020\/09\/2703076-128-1-1-100x100.png 100w\" sizes=\"(max-width: 128px) 100vw, 128px\" \/>\t\t\t\t\t<\/div>\n\t\t\t\t<\/div>\n\t\t\t<\/div>\n\t\t\t\t<div class=\"icon-box-text last-reset\">\n\t\t\t\t\t\t\t\t\t\n<p>&nbsp;<\/p>\n<h3>Deja tu opini\u00f3n<\/h3>\n<p>Su opini\u00f3n es lo m\u00e1s importante para nosotros. Gracias a ella, desarrollamos nuestros productos..<\/p>\n\t\t<\/div>\n\t<\/div>\n\t\n\t\n\t\t<\/div>\n\t\t\t\t\t<\/div>\n\n\t\n\n\t<div id=\"col-2144587800\" class=\"col medium-4 small-12 large-4\"  >\n\t\t\t\t<div class=\"col-inner\"  >\n\t\t\t\n\t\t\t\n\n\t\t<div class=\"icon-box featured-box icon-box-center text-center\"  >\n\t\t\t\t\t<div class=\"icon-box-img\" style=\"width: 50px\">\n\t\t\t\t<div class=\"icon\">\n\t\t\t\t\t<div class=\"icon-inner\" >\n\t\t\t\t\t\t<img loading=\"lazy\" decoding=\"async\" width=\"128\" height=\"128\" src=\"https:\/\/gpowersport.com\/wp-content\/uploads\/2020\/09\/5959201-128-1.png\" class=\"attachment-medium size-medium\" alt=\"\" srcset=\"https:\/\/gpowersport.com\/wp-content\/uploads\/2020\/09\/5959201-128-1.png 128w, https:\/\/gpowersport.com\/wp-content\/uploads\/2020\/09\/5959201-128-1-12x12.png 12w, https:\/\/gpowersport.com\/wp-content\/uploads\/2020\/09\/5959201-128-1-120x120.png 120w, https:\/\/gpowersport.com\/wp-content\/uploads\/2020\/09\/5959201-128-1-100x100.png 100w\" sizes=\"(max-width: 128px) 100vw, 128px\" \/>\t\t\t\t\t<\/div>\n\t\t\t\t<\/div>\n\t\t\t<\/div>\n\t\t\t\t<div class=\"icon-box-text last-reset\">\n\t\t\t\t\t\t\t\t\t\n<h3>De puerta a puerta<\/h3>\n<p>Al comprar en nuestra tienda, tiene una garant\u00eda total. Las reclamaciones las tramita directamente el fabricante. R\u00e1pido y sencillo.<\/p>\n\t\t<\/div>\n\t<\/div>\n\t\n\t\n\t\t<\/div>\n\t\t\t\t\t<\/div>\n\n\t\n\n<style>\n#row-2122526404 > .col > .col-inner {\n  padding: 20px 20px 20px 20px;\n}\n<\/style>\n<\/div>\n\t\t<\/div>\n\n\t\t\n<style>\n#section_656878181 {\n  padding-top: 30px;\n  padding-bottom: 30px;\n}\n<\/style>\n\t<\/section>","protected":false},"excerpt":{"rendered":"<p><span style=\"font-size: 100%;\"><span style=\"color: #00aae7;\">Si eliges una conexi\u00f3n est\u00e1ndar<\/span>Por favor, elija tambi\u00e9n : Longitud de la pala, giro y \u00e1ngulo. En el siguiente paso puede elegir la pala pegada (recibir\u00e1 la pala lista para usar) Cuando elija el sistema ajustable Qnect marque la longitud m\u00ednima que le gustar\u00eda tener y omita el giro y el \u00e1ngulo. El sistema Qnect te da la posibilidad de cambiar la longitud de la pala + 10 cm. Si no tienes miedo a las herramientas y tienes un don para el bricolaje marca NO en la \u00faltima casilla de verificaci\u00f3n.<\/span><\/p>","protected":false},"featured_media":32732,"comment_status":"open","ping_status":"closed","template":"","meta":[],"product_brand":[],"product_cat":[18,89,91],"product_tag":[],"class_list":{"0":"post-33427","1":"product","2":"type-product","3":"status-publish","4":"has-post-thumbnail","6":"product_cat-carbon-fiber-paddles","7":"product_cat-slalom","8":"product_cat-canoe","10":"first","11":"instock","12":"featured","13":"taxable","14":"shipping-taxable","15":"purchasable","16":"product-type-composite"},"yoast_head":"<!-- This site is optimized with the Yoast SEO Premium plugin v20.7 (Yoast SEO v27.1.1) - https:\/\/yoast.com\/product\/yoast-seo-premium-wordpress\/ -->\n<title>Slalom Canoe paddle - Revolution ELITE - G&#039;Power pro carbon fiber paddle<\/title>\n<meta name=\"description\" content=\"Innovative carbon fiber slalom paddle designed by one of the best Canoe Slalom Athlete - Alexander Slafkovsk\u00fd - Ten times World champion!\" \/>\n<meta name=\"robots\" content=\"index, follow, max-snippet:-1, max-image-preview:large, max-video-preview:-1\" \/>\n<link rel=\"canonical\" href=\"https:\/\/gpowersport.com\/es\/carbon-fiber-paddles\/slalom\/canoe\/slalom-canoe-revolution-elite\/\" \/>\n<meta property=\"og:locale\" content=\"es_ES\" \/>\n<meta property=\"og:type\" content=\"article\" \/>\n<meta property=\"og:title\" content=\"Slalom Canoe paddle - Revolution ELITE\" \/>\n<meta property=\"og:description\" content=\"Innovative carbon fiber slalom paddle designed by one of the best Canoe Slalom Athlete - Alexander Slafkovsk\u00fd - Ten times World champion!\" \/>\n<meta property=\"og:url\" content=\"https:\/\/gpowersport.com\/es\/carbon-fiber-paddles\/slalom\/canoe\/slalom-canoe-revolution-elite\/\" \/>\n<meta property=\"og:site_name\" content=\"G&#039;Power\" \/>\n<meta property=\"article:publisher\" content=\"https:\/\/www.facebook.com\/GpowerPaddles\" \/>\n<meta property=\"article:modified_time\" content=\"2026-04-20T19:20:22+00:00\" \/>\n<meta property=\"og:image\" content=\"https:\/\/gpowersport.com\/wp-content\/uploads\/2019\/07\/revo_start_1200-1.png\" \/>\n\t<meta property=\"og:image:width\" content=\"1200\" \/>\n\t<meta property=\"og:image:height\" content=\"218\" \/>\n\t<meta property=\"og:image:type\" content=\"image\/png\" \/>\n<meta name=\"twitter:card\" content=\"summary_large_image\" \/>\n<meta name=\"twitter:label1\" content=\"Tiempo de lectura\" \/>\n\t<meta name=\"twitter:data1\" content=\"3 minutos\" \/>\n<script type=\"application\/ld+json\" class=\"yoast-schema-graph\">{\"@context\":\"https:\/\/schema.org\",\"@graph\":[{\"@type\":[\"WebPage\",\"ItemPage\"],\"@id\":\"https:\/\/gpowersport.com\/carbon-fiber-paddles\/slalom\/canoe\/slalom-canoe-revolution-elite\/\",\"url\":\"https:\/\/gpowersport.com\/carbon-fiber-paddles\/slalom\/canoe\/slalom-canoe-revolution-elite\/\",\"name\":\"Slalom Canoe paddle - Revolution ELITE - G&#039;Power pro carbon fiber paddle\",\"isPartOf\":{\"@id\":\"https:\/\/gpowersport.com\/pl\/#website\"},\"primaryImageOfPage\":{\"@id\":\"https:\/\/gpowersport.com\/carbon-fiber-paddles\/slalom\/canoe\/slalom-canoe-revolution-elite\/#primaryimage\"},\"image\":{\"@id\":\"https:\/\/gpowersport.com\/carbon-fiber-paddles\/slalom\/canoe\/slalom-canoe-revolution-elite\/#primaryimage\"},\"thumbnailUrl\":\"https:\/\/gpowersport.com\/wp-content\/uploads\/2019\/07\/revo_start_1200-1.png\",\"datePublished\":\"2019-10-31T06:15:22+00:00\",\"dateModified\":\"2026-04-20T19:20:22+00:00\",\"description\":\"Innovative carbon fiber slalom paddle designed by one of the best Canoe Slalom Athlete - Alexander Slafkovsk\u00fd - Ten times World champion!\",\"breadcrumb\":{\"@id\":\"https:\/\/gpowersport.com\/carbon-fiber-paddles\/slalom\/canoe\/slalom-canoe-revolution-elite\/#breadcrumb\"},\"inLanguage\":\"es\",\"potentialAction\":[{\"@type\":\"ReadAction\",\"target\":[\"https:\/\/gpowersport.com\/carbon-fiber-paddles\/slalom\/canoe\/slalom-canoe-revolution-elite\/\"]}]},{\"@type\":\"ImageObject\",\"inLanguage\":\"es\",\"@id\":\"https:\/\/gpowersport.com\/carbon-fiber-paddles\/slalom\/canoe\/slalom-canoe-revolution-elite\/#primaryimage\",\"url\":\"https:\/\/gpowersport.com\/wp-content\/uploads\/2019\/07\/revo_start_1200-1.png\",\"contentUrl\":\"https:\/\/gpowersport.com\/wp-content\/uploads\/2019\/07\/revo_start_1200-1.png\",\"width\":1200,\"height\":218,\"caption\":\"Canoe paddle - Revolution RACING\"},{\"@type\":\"BreadcrumbList\",\"@id\":\"https:\/\/gpowersport.com\/carbon-fiber-paddles\/slalom\/canoe\/slalom-canoe-revolution-elite\/#breadcrumb\",\"itemListElement\":[{\"@type\":\"ListItem\",\"position\":1,\"name\":\"Home\",\"item\":\"https:\/\/gpowersport.com\/\"},{\"@type\":\"ListItem\",\"position\":2,\"name\":\"Shop\",\"item\":\"https:\/\/gpowersport.com\/carbon-fiber-paddles\/\"},{\"@type\":\"ListItem\",\"position\":3,\"name\":\"Carbon Fiber Paddles\",\"item\":\"https:\/\/gpowersport.com\/pl\/carbon-fiber-paddles\/\"},{\"@type\":\"ListItem\",\"position\":4,\"name\":\"Slalom Paddles\",\"item\":\"https:\/\/gpowersport.com\/carbon-fiber-paddles\/slalom\/\"},{\"@type\":\"ListItem\",\"position\":5,\"name\":\"Slalom Canoe Paddles\",\"item\":\"https:\/\/gpowersport.com\/carbon-fiber-paddles\/slalom\/canoe\/\"},{\"@type\":\"ListItem\",\"position\":6,\"name\":\"Slalom Canoe paddle &#8211; Revolution ELITE\"}]},{\"@type\":\"WebSite\",\"@id\":\"https:\/\/gpowersport.com\/pl\/#website\",\"url\":\"https:\/\/gpowersport.com\/pl\/\",\"name\":\"G'Power carbon paddles\",\"description\":\"\",\"publisher\":{\"@id\":\"https:\/\/gpowersport.com\/pl\/#organization\"},\"potentialAction\":[{\"@type\":\"SearchAction\",\"target\":{\"@type\":\"EntryPoint\",\"urlTemplate\":\"https:\/\/gpowersport.com\/pl\/?s={search_term_string}\"},\"query-input\":{\"@type\":\"PropertyValueSpecification\",\"valueRequired\":true,\"valueName\":\"search_term_string\"}}],\"inLanguage\":\"es\"},{\"@type\":\"Organization\",\"@id\":\"https:\/\/gpowersport.com\/pl\/#organization\",\"name\":\"G'power carbon paddles\",\"url\":\"https:\/\/gpowersport.com\/pl\/\",\"logo\":{\"@type\":\"ImageObject\",\"inLanguage\":\"es\",\"@id\":\"https:\/\/gpowersport.com\/pl\/#\/schema\/logo\/image\/\",\"url\":\"https:\/\/gpowersport.com\/wp-content\/uploads\/2020\/03\/gpower-logo.png\",\"contentUrl\":\"https:\/\/gpowersport.com\/wp-content\/uploads\/2020\/03\/gpower-logo.png\",\"width\":140,\"height\":30,\"caption\":\"G'power carbon paddles\"},\"image\":{\"@id\":\"https:\/\/gpowersport.com\/pl\/#\/schema\/logo\/image\/\"},\"sameAs\":[\"https:\/\/www.facebook.com\/GpowerPaddles\",\"https:\/\/www.instagram.com\/gpowerpaddles\/\"]}]}<\/script>\n<!-- \/ Yoast SEO Premium plugin. -->","yoast_head_json":{"title":"Pala Slalom Canoa - Revolution ELITE - G&#039;Power pro pala de fibra de carbono","description":"Innovadora pala de slalom de fibra de carbono dise\u00f1ada por uno de los mejores atletas de slalom en canoa: Alexander Slafkovsk\u00fd, \u00a1diez veces campe\u00f3n del mundo!","robots":{"index":"index","follow":"follow","max-snippet":"max-snippet:-1","max-image-preview":"max-image-preview:large","max-video-preview":"max-video-preview:-1"},"canonical":"https:\/\/gpowersport.com\/es\/carbon-fiber-paddles\/slalom\/canoe\/slalom-canoe-revolution-elite\/","og_locale":"es_ES","og_type":"article","og_title":"Slalom Canoe paddle - Revolution ELITE","og_description":"Innovative carbon fiber slalom paddle designed by one of the best Canoe Slalom Athlete - Alexander Slafkovsk\u00fd - Ten times World champion!","og_url":"https:\/\/gpowersport.com\/es\/carbon-fiber-paddles\/slalom\/canoe\/slalom-canoe-revolution-elite\/","og_site_name":"G&#039;Power","article_publisher":"https:\/\/www.facebook.com\/GpowerPaddles","article_modified_time":"2026-04-20T19:20:22+00:00","og_image":[{"width":1200,"height":218,"url":"https:\/\/gpowersport.com\/wp-content\/uploads\/2019\/07\/revo_start_1200-1.png","type":"image\/png"}],"twitter_card":"summary_large_image","twitter_misc":{"Tiempo de lectura":"3 minutos"},"schema":{"@context":"https:\/\/schema.org","@graph":[{"@type":["WebPage","ItemPage"],"@id":"https:\/\/gpowersport.com\/carbon-fiber-paddles\/slalom\/canoe\/slalom-canoe-revolution-elite\/","url":"https:\/\/gpowersport.com\/carbon-fiber-paddles\/slalom\/canoe\/slalom-canoe-revolution-elite\/","name":"Pala Slalom Canoa - Revolution ELITE - G&#039;Power pro pala de fibra de carbono","isPartOf":{"@id":"https:\/\/gpowersport.com\/pl\/#website"},"primaryImageOfPage":{"@id":"https:\/\/gpowersport.com\/carbon-fiber-paddles\/slalom\/canoe\/slalom-canoe-revolution-elite\/#primaryimage"},"image":{"@id":"https:\/\/gpowersport.com\/carbon-fiber-paddles\/slalom\/canoe\/slalom-canoe-revolution-elite\/#primaryimage"},"thumbnailUrl":"https:\/\/gpowersport.com\/wp-content\/uploads\/2019\/07\/revo_start_1200-1.png","datePublished":"2019-10-31T06:15:22+00:00","dateModified":"2026-04-20T19:20:22+00:00","description":"Innovadora pala de slalom de fibra de carbono dise\u00f1ada por uno de los mejores atletas de slalom en canoa: Alexander Slafkovsk\u00fd, \u00a1diez veces campe\u00f3n del mundo!","breadcrumb":{"@id":"https:\/\/gpowersport.com\/carbon-fiber-paddles\/slalom\/canoe\/slalom-canoe-revolution-elite\/#breadcrumb"},"inLanguage":"es","potentialAction":[{"@type":"ReadAction","target":["https:\/\/gpowersport.com\/carbon-fiber-paddles\/slalom\/canoe\/slalom-canoe-revolution-elite\/"]}]},{"@type":"ImageObject","inLanguage":"es","@id":"https:\/\/gpowersport.com\/carbon-fiber-paddles\/slalom\/canoe\/slalom-canoe-revolution-elite\/#primaryimage","url":"https:\/\/gpowersport.com\/wp-content\/uploads\/2019\/07\/revo_start_1200-1.png","contentUrl":"https:\/\/gpowersport.com\/wp-content\/uploads\/2019\/07\/revo_start_1200-1.png","width":1200,"height":218,"caption":"Canoe paddle - Revolution RACING"},{"@type":"BreadcrumbList","@id":"https:\/\/gpowersport.com\/carbon-fiber-paddles\/slalom\/canoe\/slalom-canoe-revolution-elite\/#breadcrumb","itemListElement":[{"@type":"ListItem","position":1,"name":"Home","item":"https:\/\/gpowersport.com\/"},{"@type":"ListItem","position":2,"name":"Shop","item":"https:\/\/gpowersport.com\/carbon-fiber-paddles\/"},{"@type":"ListItem","position":3,"name":"Carbon Fiber Paddles","item":"https:\/\/gpowersport.com\/pl\/carbon-fiber-paddles\/"},{"@type":"ListItem","position":4,"name":"Slalom Paddles","item":"https:\/\/gpowersport.com\/carbon-fiber-paddles\/slalom\/"},{"@type":"ListItem","position":5,"name":"Slalom Canoe Paddles","item":"https:\/\/gpowersport.com\/carbon-fiber-paddles\/slalom\/canoe\/"},{"@type":"ListItem","position":6,"name":"Slalom Canoe paddle &#8211; Revolution ELITE"}]},{"@type":"WebSite","@id":"https:\/\/gpowersport.com\/pl\/#website","url":"https:\/\/gpowersport.com\/pl\/","name":"Palas de carbono G'Power","description":"","publisher":{"@id":"https:\/\/gpowersport.com\/pl\/#organization"},"potentialAction":[{"@type":"SearchAction","target":{"@type":"EntryPoint","urlTemplate":"https:\/\/gpowersport.com\/pl\/?s={search_term_string}"},"query-input":{"@type":"PropertyValueSpecification","valueRequired":true,"valueName":"search_term_string"}}],"inLanguage":"es"},{"@type":"Organization","@id":"https:\/\/gpowersport.com\/pl\/#organization","name":"Palas de carbono G'power","url":"https:\/\/gpowersport.com\/pl\/","logo":{"@type":"ImageObject","inLanguage":"es","@id":"https:\/\/gpowersport.com\/pl\/#\/schema\/logo\/image\/","url":"https:\/\/gpowersport.com\/wp-content\/uploads\/2020\/03\/gpower-logo.png","contentUrl":"https:\/\/gpowersport.com\/wp-content\/uploads\/2020\/03\/gpower-logo.png","width":140,"height":30,"caption":"G'power carbon paddles"},"image":{"@id":"https:\/\/gpowersport.com\/pl\/#\/schema\/logo\/image\/"},"sameAs":["https:\/\/www.facebook.com\/GpowerPaddles","https:\/\/www.instagram.com\/gpowerpaddles\/"]}]}},"_links":{"self":[{"href":"https:\/\/gpowersport.com\/es\/wp-json\/wp\/v2\/product\/33427","targetHints":{"allow":["GET"]}}],"collection":[{"href":"https:\/\/gpowersport.com\/es\/wp-json\/wp\/v2\/product"}],"about":[{"href":"https:\/\/gpowersport.com\/es\/wp-json\/wp\/v2\/types\/product"}],"replies":[{"embeddable":true,"href":"https:\/\/gpowersport.com\/es\/wp-json\/wp\/v2\/comments?post=33427"}],"wp:featuredmedia":[{"embeddable":true,"href":"https:\/\/gpowersport.com\/es\/wp-json\/wp\/v2\/media\/32732"}],"wp:attachment":[{"href":"https:\/\/gpowersport.com\/es\/wp-json\/wp\/v2\/media?parent=33427"}],"wp:term":[{"taxonomy":"product_brand","embeddable":true,"href":"https:\/\/gpowersport.com\/es\/wp-json\/wp\/v2\/product_brand?post=33427"},{"taxonomy":"product_cat","embeddable":true,"href":"https:\/\/gpowersport.com\/es\/wp-json\/wp\/v2\/product_cat?post=33427"},{"taxonomy":"product_tag","embeddable":true,"href":"https:\/\/gpowersport.com\/es\/wp-json\/wp\/v2\/product_tag?post=33427"}],"curies":[{"name":"wp","href":"https:\/\/api.w.org\/{rel}","templated":true}]}}