{"id":35345,"date":"2020-08-05T10:01:22","date_gmt":"2020-08-05T10:01:22","guid":{"rendered":"https:\/\/gpowersport.com\/?post_type=product&#038;p=35345"},"modified":"2023-11-23T15:29:41","modified_gmt":"2023-11-23T15:29:41","slug":"stand-up-paddles-warrior-club-2p","status":"publish","type":"product","link":"https:\/\/gpowersport.com\/es\/carbon-fiber-paddles\/sup-paddle\/stand-up-paddles-warrior-club-2p\/","title":{"rendered":"Stand up paddles - Warrior Club 2p"},"content":{"rendered":"<h1><span style=\"font-size: 75%;\">Stand up paddles - Warrior Club 2p<\/span><\/h1>\n<h2><span style=\"font-size: 75%;\">Stand up paddles - Warrior Club 2p - <a href=\"https:\/\/gpowersport.com\/es\/carbon-fiber-paddles\/sup-paddle\/\">STAND UP PADDLE DE CARBONO<\/a>\u00a0con sistema ajustable. La construcci\u00f3n de carbono 40% y la forma innovadora de la pala te llevar\u00e1n a un buen nivel deportivo. El sistema de drenaje en la superficie de la pala hace que la pala sea m\u00e1s r\u00edgida y le proporciona potencia adicional durante cada golpe. Aqu\u00ed puedes ajustar la pala seg\u00fan tus preferencias. Elige entre 3 tama\u00f1os de pala. El remo es perfecto para el comienzo de su aventura con el\u00a0<a href=\"https:\/\/gpowersport.com\/es\/sup-boards\/\" target=\"_blank\" rel=\"noopener noreferrer\">Tabla SUP<\/a>.  \u00bfLe gustar\u00eda ser \u00fanico y mostrar algo especial?<\/span><br \/>\n<span style=\"font-size: 75%;\">Pulsa el bot\u00f3n\u00a0<a href=\"https:\/\/gpowersport.com\/es\/paddles-with-own-design\/\">\"dise\u00f1o propio\"<\/a>.\u00a0<a href=\"https:\/\/www.facebook.com\/GpowerPaddles\/\" target=\"_blank\" rel=\"noopener noreferrer\">Encuentre su dise\u00f1o<\/a>. <strong>El sistema Qnect ajustable te da la posibilidad de cambiar la longitud entre 175 y 215 cm .<br \/>\n<\/strong><\/span><\/h2>\n\t<div id=\"gap-74613378\" class=\"gap-element clearfix\" style=\"display:block; height:auto;\">\n\t\t\n<style>\n#gap-74613378 {\n  padding-top: 62px;\n}\n<\/style>\n\t<\/div>\n\t\n<div class=\"row\"  id=\"row-1241331400\">\n\n\t<div id=\"col-1970476751\" class=\"col medium-3 small-6 large-3\"  >\n\t\t\t\t<div class=\"col-inner\"  >\n\t\t\t\n\t\t\t\n<p><strong>Talla S<\/strong><\/p>\n<p><strong>\u00c1rea de la hoja:<\/strong> 510 cm2 \/ 79 pulgadas2<br \/>\n<strong>Longitud de la hoja:<\/strong> 400 mm<br \/>\n<strong>Anchura de la hoja<\/strong>: 155 mm<br \/>\n<strong>Contenido en carbono<\/strong> - Cuchilla 40%<br \/>\n<strong>Di\u00e1metro del eje<\/strong> 28 mm<br \/>\n<strong>Peso de la pala<\/strong> ~ g<br \/>\n<strong>Puntas met\u00e1licas<\/strong> - no<\/p>\n\t\t<\/div>\n\t\t\t\t\t<\/div>\n\n\t\n\n\t<div id=\"col-1171788761\" class=\"col medium-3 small-6 large-3\"  >\n\t\t\t\t<div class=\"col-inner\"  >\n\t\t\t\n\t\t\t\n<p><strong>Talla M<\/strong><\/p>\n<p><strong>\u00c1rea de la hoja:<\/strong> 556 cm2 \/ 86,1 pulgadas2<br \/>\n<strong>Longitud de la hoja:<\/strong> 440 mm<br \/>\n<strong>Ancho de la hoja:<\/strong> 164 mm<br \/>\n<strong>Contenido en carbono<\/strong> - Cuchilla 40%<br \/>\n<strong>Di\u00e1metro del eje<\/strong> 28 mm<br \/>\n<strong>Peso de la pala<\/strong> ~ g<br \/>\n<strong>Puntas met\u00e1licas<\/strong> - no<\/p>\n\t\t<\/div>\n\t\t\t\t\t<\/div>\n\n\t\n\n\t<div id=\"col-1543945086\" class=\"col medium-3 small-6 large-3\"  >\n\t\t\t\t<div class=\"col-inner\"  >\n\t\t\t\n\t\t\t\n<p><strong>Talla L<\/strong><\/p>\n<p><strong>\u00c1rea de la hoja:<\/strong> 597 cm2 \/ 92,5 pulgadas2<br \/>\n<strong>Longitud de la hoja:<\/strong> 445 mm<br \/>\n<strong>Ancho de la hoja:<\/strong> 174 mm<br \/>\n<strong>Contenido en carbono<\/strong> - Cuchilla 40%<br \/>\n<strong>Di\u00e1metro del eje<\/strong> 28 mm<br \/>\n<strong>Peso de la pala<\/strong> ~ g<br \/>\n<strong>Puntas met\u00e1licas<\/strong> - no<\/p>\n\t\t<\/div>\n\t\t\t\t\t<\/div>\n\n\t\n<\/div>\n\t<div id=\"gap-1697985349\" class=\"gap-element clearfix\" style=\"display:block; height:auto;\">\n\t\t\n<style>\n#gap-1697985349 {\n  padding-top: 62px;\n}\n<\/style>\n\t<\/div>\n\t\n\t<div id=\"gap-1879555252\" class=\"gap-element clearfix\" style=\"display:block; height:auto;\">\n\t\t\n<style>\n#gap-1879555252 {\n  padding-top: 50px;\n}\n<\/style>\n\t<\/div>\n\t\n<div class=\"row align-middle\"  id=\"row-124715854\">\n\n\t<div id=\"col-1900499749\" class=\"col medium-4 small-12 large-4\"  >\n\t\t\t\t<div class=\"col-inner\"  >\n\t\t\t\n\t\t\t\n\t<div class=\"img has-hover x md-x lg-x y md-y lg-y\" id=\"image_241168943\">\n\t\t\t\t\t\t\t\t<div class=\"img-inner dark\" style=\"margin:-50px 0px 0px 0px;\">\n\t\t\t<img fetchpriority=\"high\" decoding=\"async\" width=\"1020\" height=\"680\" src=\"https:\/\/gpowersport.com\/wp-content\/uploads\/2019\/10\/composite_qnect_1-1200x800.jpg\" class=\"attachment-large size-large\" alt=\"\" srcset=\"https:\/\/gpowersport.com\/wp-content\/uploads\/2019\/10\/composite_qnect_1-1200x800.jpg 1200w, https:\/\/gpowersport.com\/wp-content\/uploads\/2019\/10\/composite_qnect_1-600x400.jpg 600w, https:\/\/gpowersport.com\/wp-content\/uploads\/2019\/10\/composite_qnect_1-768x512.jpg 768w, https:\/\/gpowersport.com\/wp-content\/uploads\/2019\/10\/composite_qnect_1-1536x1024.jpg 1536w, https:\/\/gpowersport.com\/wp-content\/uploads\/2019\/10\/composite_qnect_1-18x12.jpg 18w, https:\/\/gpowersport.com\/wp-content\/uploads\/2019\/10\/composite_qnect_1-1000x667.jpg 1000w, https:\/\/gpowersport.com\/wp-content\/uploads\/2019\/10\/composite_qnect_1-800x534.jpg 800w, https:\/\/gpowersport.com\/wp-content\/uploads\/2019\/10\/composite_qnect_1.jpg 1600w\" sizes=\"(max-width: 1020px) 100vw, 1020px\" \/>\t\t\t\t\t\t\n\t\t\t\t\t<\/div>\n\t\t\t\t\t\t\t\t\n<style>\n#image_241168943 {\n  width: 100%;\n}\n<\/style>\n\t<\/div>\n\t\n\t\t<\/div>\n\t\t\t\t\t<\/div>\n\n\t\n\n\t<div id=\"col-800277797\" class=\"col medium-8 small-12 large-8\"  >\n\t\t\t\t<div class=\"col-inner\"  >\n\t\t\t\n\t\t\t\n<p>Nuestras palas est\u00e1n disponibles con el sistema ajustable QNECT (aluminio o composite). Esto permite ajustar la longitud total de la pala (dentro de 10 cm) y el \u00e1ngulo de la pala de 0\u00b0 a 85\u00b0 a derecha o izquierda en incrementos de 5\u00b0. El sistema QNECT permite el ajuste de su \u00e1ngulo de pala personal y tambi\u00e9n desmontar la pala en dos partes para facilitar su transporte.<\/p>\n<p><strong>Compuesto QNECT<\/strong> - Un s\u00f3lido sistema compuesto, fabricado con un material especial de poliamida extremadamente resistente a los impactos y al agua salada. Muy f\u00e1cil de usar, con la posibilidad de corregir el calado. Recomendado para todas las palas, especialmente en agua salada.<\/p>\n<hr \/>\n<p><span style=\"font-size: 90%; color: #d83131;\"><img decoding=\"async\" class=\"wp-image-33383 alignleft\" src=\"http:\/\/gpowersport.com\/wp-content\/uploads\/2019\/10\/attention.png\" alt=\"\" width=\"46\" height=\"49\" srcset=\"https:\/\/gpowersport.com\/wp-content\/uploads\/2019\/10\/attention.png 100w, https:\/\/gpowersport.com\/wp-content\/uploads\/2019\/10\/attention-11x12.png 11w\" sizes=\"(max-width: 46px) 100vw, 46px\" \/><strong><span style=\"font-size: 75%;\">IMPORTANTE<\/span><\/strong><\/span><strong><span style=\"font-size: 75%;\"> No olvides limpiar la pala y el sistema QNECT despu\u00e9s de su uso en agua dulce. Si lo utilizas en agua salada, hazlo despu\u00e9s de cada sesi\u00f3n. Para palas que no se utilicen durante m\u00e1s de dos semanas, gu\u00e1rdelas desmontadas.<\/span><\/strong><\/p>\n\t\t<\/div>\n\t\t\t\t\t<\/div>\n\n\t\n<\/div>\n<p style=\"text-align: center;\">El \u00e1ngulo de la pala del Warrior es de 10 grados.<\/p>\n\t<div class=\"img has-hover x md-x lg-x y md-y lg-y\" id=\"image_460200360\">\n\t\t\t\t\t\t\t\t<div class=\"img-inner dark\" >\n\t\t\t<img decoding=\"async\" width=\"1020\" height=\"282\" src=\"https:\/\/gpowersport.com\/wp-content\/uploads\/2021\/04\/10-deegrese-1400x387.jpg\" class=\"attachment-large size-large\" alt=\"\" srcset=\"https:\/\/gpowersport.com\/wp-content\/uploads\/2021\/04\/10-deegrese-1400x387.jpg 1400w, https:\/\/gpowersport.com\/wp-content\/uploads\/2021\/04\/10-deegrese-750x207.jpg 750w, https:\/\/gpowersport.com\/wp-content\/uploads\/2021\/04\/10-deegrese-18x5.jpg 18w, https:\/\/gpowersport.com\/wp-content\/uploads\/2021\/04\/10-deegrese-768x212.jpg 768w, https:\/\/gpowersport.com\/wp-content\/uploads\/2021\/04\/10-deegrese-1536x424.jpg 1536w, https:\/\/gpowersport.com\/wp-content\/uploads\/2021\/04\/10-deegrese-1000x276.jpg 1000w, https:\/\/gpowersport.com\/wp-content\/uploads\/2021\/04\/10-deegrese-800x221.jpg 800w, https:\/\/gpowersport.com\/wp-content\/uploads\/2021\/04\/10-deegrese.jpg 1840w\" sizes=\"(max-width: 1020px) 100vw, 1020px\" \/>\t\t\t\t\t\t\n\t\t\t\t\t<\/div>\n\t\t\t\t\t\t\t\t\n<style>\n#image_460200360 {\n  width: 100%;\n}\n<\/style>\n\t<\/div>\n\t\n\t<div id=\"gap-1381986301\" class=\"gap-element clearfix\" style=\"display:block; height:auto;\">\n\t\t\n<style>\n#gap-1381986301 {\n  padding-top: 50px;\n}\n<\/style>\n\t<\/div>\n\t\n\n\t<section class=\"section\" id=\"section_705172368\">\n\t\t<div class=\"section-bg fill\" >\n\t\t\t\t\t\t\t\t\t<div class=\"loading-spin centered\"><\/div>\n\t\t\t\n\n\t\t<\/div>\n\n\t\t\n\n\t\t<div class=\"section-content relative\">\n\t\t\t\n<div class=\"row row-solid\"  id=\"row-720787632\">\n\n\t<div id=\"col-1170598629\" class=\"col medium-4 small-12 large-4\"  >\n\t\t\t\t<div class=\"col-inner\"  >\n\t\t\t\n\t\t\t\n\n\t\t<div class=\"icon-box featured-box icon-box-center text-center\"  >\n\t\t\t\t\t<div class=\"icon-box-img\" style=\"width: 50px\">\n\t\t\t\t<div class=\"icon\">\n\t\t\t\t\t<div class=\"icon-inner\" >\n\t\t\t\t\t\t<img loading=\"lazy\" decoding=\"async\" width=\"128\" height=\"128\" src=\"https:\/\/gpowersport.com\/wp-content\/uploads\/2020\/09\/2703076-128-1-1.png\" class=\"attachment-medium size-medium\" alt=\"\" srcset=\"https:\/\/gpowersport.com\/wp-content\/uploads\/2020\/09\/2703076-128-1-1.png 128w, https:\/\/gpowersport.com\/wp-content\/uploads\/2020\/09\/2703076-128-1-1-12x12.png 12w, https:\/\/gpowersport.com\/wp-content\/uploads\/2020\/09\/2703076-128-1-1-120x120.png 120w, https:\/\/gpowersport.com\/wp-content\/uploads\/2020\/09\/2703076-128-1-1-100x100.png 100w\" sizes=\"(max-width: 128px) 100vw, 128px\" \/>\t\t\t\t\t<\/div>\n\t\t\t\t<\/div>\n\t\t\t<\/div>\n\t\t\t\t<div class=\"icon-box-text last-reset\">\n\t\t\t\t\t\t\t\t\t\n<p>&nbsp;<\/p>\n<h3>Deja tu opini\u00f3n<\/h3>\n<p>Su opini\u00f3n es lo m\u00e1s importante para nosotros. Gracias a ella, desarrollamos nuestros productos..<\/p>\n\t\t<\/div>\n\t<\/div>\n\t\n\t\n\t\t<\/div>\n\t\t\t\t\t<\/div>\n\n\t\n\n\t<div id=\"col-1098082228\" class=\"col medium-4 small-12 large-4\"  >\n\t\t\t\t<div class=\"col-inner\"  >\n\t\t\t\n\t\t\t\n\n\t\t<div class=\"icon-box featured-box icon-box-center text-center\"  >\n\t\t\t\t\t<div class=\"icon-box-img\" style=\"width: 50px\">\n\t\t\t\t<div class=\"icon\">\n\t\t\t\t\t<div class=\"icon-inner\" >\n\t\t\t\t\t\t<img loading=\"lazy\" decoding=\"async\" width=\"128\" height=\"128\" src=\"https:\/\/gpowersport.com\/wp-content\/uploads\/2020\/09\/5959201-128-1.png\" class=\"attachment-medium size-medium\" alt=\"\" srcset=\"https:\/\/gpowersport.com\/wp-content\/uploads\/2020\/09\/5959201-128-1.png 128w, https:\/\/gpowersport.com\/wp-content\/uploads\/2020\/09\/5959201-128-1-12x12.png 12w, https:\/\/gpowersport.com\/wp-content\/uploads\/2020\/09\/5959201-128-1-120x120.png 120w, https:\/\/gpowersport.com\/wp-content\/uploads\/2020\/09\/5959201-128-1-100x100.png 100w\" sizes=\"(max-width: 128px) 100vw, 128px\" \/>\t\t\t\t\t<\/div>\n\t\t\t\t<\/div>\n\t\t\t<\/div>\n\t\t\t\t<div class=\"icon-box-text last-reset\">\n\t\t\t\t\t\t\t\t\t\n<h3>De puerta a puerta<\/h3>\n<p>Al comprar en nuestra tienda, tiene una garant\u00eda total. Las reclamaciones las tramita directamente el fabricante. R\u00e1pido y sencillo.<\/p>\n\t\t<\/div>\n\t<\/div>\n\t\n\t\n\t\t<\/div>\n\t\t\t\t\t<\/div>\n\n\t\n\n<style>\n#row-720787632 > .col > .col-inner {\n  padding: 20px 20px 20px 20px;\n}\n<\/style>\n<\/div>\n\t\t<\/div>\n\n\t\t\n<style>\n#section_705172368 {\n  padding-top: 30px;\n  padding-bottom: 30px;\n}\n<\/style>\n\t<\/section>","protected":false},"excerpt":{"rendered":"<p>Stand up paddles \u2013 Warrior Club 2p Stand up paddles \u2013 Warrior Club 2p \u2013 CARBON STAND UP PADDLE\u00a0with adjustable system. 40% Carbon construction and innovative blade shape will take you to good sporting level. Drain system on the blade surface makes the blade more stiff and gives You additional power during each stroke. Here<\/p>","protected":false},"featured_media":35657,"comment_status":"open","ping_status":"closed","template":"","meta":[],"product_brand":[],"product_cat":[18,104],"product_tag":[],"class_list":{"0":"post-35345","1":"product","2":"type-product","3":"status-publish","4":"has-post-thumbnail","6":"product_cat-carbon-fiber-paddles","7":"product_cat-sup-paddle","9":"first","10":"instock","11":"featured","12":"taxable","13":"shipping-taxable","14":"purchasable","15":"product-type-composite"},"yoast_head":"<!-- This site is optimized with the Yoast SEO Premium plugin v20.7 (Yoast SEO v27.1.1) - https:\/\/yoast.com\/product\/yoast-seo-premium-wordpress\/ -->\n<title>Stand up paddles \u2013 Warrior Club 2p - G&#039;Power SUP carbon fiber paddle<\/title>\n<meta name=\"description\" content=\"Stand up paddles \u2013 Warrior Club 2p \u2013 CARBON STAND UP PADDLE\u00a0with adjustable system. 40% Carbon construction and innovative blade shape...\" \/>\n<meta name=\"robots\" content=\"index, follow, max-snippet:-1, max-image-preview:large, max-video-preview:-1\" \/>\n<link rel=\"canonical\" href=\"https:\/\/gpowersport.com\/es\/carbon-fiber-paddles\/sup-paddle\/stand-up-paddles-warrior-club-2p\/\" \/>\n<meta property=\"og:locale\" content=\"es_ES\" \/>\n<meta property=\"og:type\" content=\"article\" \/>\n<meta property=\"og:title\" content=\"Stand up paddles \u2013 Warrior Club 2p\" \/>\n<meta property=\"og:description\" content=\"Stand up paddles \u2013 Warrior Club 2p \u2013 CARBON STAND UP PADDLE\u00a0with adjustable system. 40% Carbon construction and innovative blade shape...\" \/>\n<meta property=\"og:url\" content=\"https:\/\/gpowersport.com\/es\/carbon-fiber-paddles\/sup-paddle\/stand-up-paddles-warrior-club-2p\/\" \/>\n<meta property=\"og:site_name\" content=\"G&#039;Power\" \/>\n<meta property=\"article:publisher\" content=\"https:\/\/www.facebook.com\/GpowerPaddles\" \/>\n<meta property=\"article:modified_time\" content=\"2023-11-23T15:29:41+00:00\" \/>\n<meta property=\"og:image\" content=\"https:\/\/gpowersport.com\/wp-content\/uploads\/2020\/08\/warrior_club_start_2p.png\" \/>\n\t<meta property=\"og:image:width\" content=\"1200\" \/>\n\t<meta property=\"og:image:height\" content=\"218\" \/>\n\t<meta property=\"og:image:type\" content=\"image\/png\" \/>\n<meta name=\"twitter:card\" content=\"summary_large_image\" \/>\n<meta name=\"twitter:label1\" content=\"Tiempo de lectura\" \/>\n\t<meta name=\"twitter:data1\" content=\"3 minutos\" \/>\n<script type=\"application\/ld+json\" class=\"yoast-schema-graph\">{\"@context\":\"https:\/\/schema.org\",\"@graph\":[{\"@type\":[\"WebPage\",\"ItemPage\"],\"@id\":\"https:\/\/gpowersport.com\/carbon-fiber-paddles\/sup-paddle\/stand-up-paddles-warrior-club-2p\/\",\"url\":\"https:\/\/gpowersport.com\/carbon-fiber-paddles\/sup-paddle\/stand-up-paddles-warrior-club-2p\/\",\"name\":\"Stand up paddles \u2013 Warrior Club 2p - G&#039;Power SUP carbon fiber paddle\",\"isPartOf\":{\"@id\":\"https:\/\/gpowersport.com\/pl\/#website\"},\"primaryImageOfPage\":{\"@id\":\"https:\/\/gpowersport.com\/carbon-fiber-paddles\/sup-paddle\/stand-up-paddles-warrior-club-2p\/#primaryimage\"},\"image\":{\"@id\":\"https:\/\/gpowersport.com\/carbon-fiber-paddles\/sup-paddle\/stand-up-paddles-warrior-club-2p\/#primaryimage\"},\"thumbnailUrl\":\"https:\/\/gpowersport.com\/wp-content\/uploads\/2020\/08\/warrior_club_start_2p.png\",\"datePublished\":\"2020-08-05T10:01:22+00:00\",\"dateModified\":\"2023-11-23T15:29:41+00:00\",\"description\":\"Stand up paddles \u2013 Warrior Club 2p \u2013 CARBON STAND UP PADDLE\u00a0with adjustable system. 40% Carbon construction and innovative blade shape...\",\"breadcrumb\":{\"@id\":\"https:\/\/gpowersport.com\/carbon-fiber-paddles\/sup-paddle\/stand-up-paddles-warrior-club-2p\/#breadcrumb\"},\"inLanguage\":\"es\",\"potentialAction\":[{\"@type\":\"ReadAction\",\"target\":[\"https:\/\/gpowersport.com\/carbon-fiber-paddles\/sup-paddle\/stand-up-paddles-warrior-club-2p\/\"]}]},{\"@type\":\"ImageObject\",\"inLanguage\":\"es\",\"@id\":\"https:\/\/gpowersport.com\/carbon-fiber-paddles\/sup-paddle\/stand-up-paddles-warrior-club-2p\/#primaryimage\",\"url\":\"https:\/\/gpowersport.com\/wp-content\/uploads\/2020\/08\/warrior_club_start_2p.png\",\"contentUrl\":\"https:\/\/gpowersport.com\/wp-content\/uploads\/2020\/08\/warrior_club_start_2p.png\",\"width\":1200,\"height\":218,\"caption\":\"stand-up-paddles-warrior-club-2p\"},{\"@type\":\"BreadcrumbList\",\"@id\":\"https:\/\/gpowersport.com\/carbon-fiber-paddles\/sup-paddle\/stand-up-paddles-warrior-club-2p\/#breadcrumb\",\"itemListElement\":[{\"@type\":\"ListItem\",\"position\":1,\"name\":\"Home\",\"item\":\"https:\/\/gpowersport.com\/\"},{\"@type\":\"ListItem\",\"position\":2,\"name\":\"Shop\",\"item\":\"https:\/\/gpowersport.com\/carbon-fiber-paddles\/\"},{\"@type\":\"ListItem\",\"position\":3,\"name\":\"Carbon Fiber Paddles\",\"item\":\"https:\/\/gpowersport.com\/pl\/carbon-fiber-paddles\/\"},{\"@type\":\"ListItem\",\"position\":4,\"name\":\"Stand UP Paddles\",\"item\":\"https:\/\/gpowersport.com\/carbon-fiber-paddles\/sup-paddle\/\"},{\"@type\":\"ListItem\",\"position\":5,\"name\":\"Stand up paddles \u2013 Warrior Club 2p\"}]},{\"@type\":\"WebSite\",\"@id\":\"https:\/\/gpowersport.com\/pl\/#website\",\"url\":\"https:\/\/gpowersport.com\/pl\/\",\"name\":\"G'Power carbon paddles\",\"description\":\"\",\"publisher\":{\"@id\":\"https:\/\/gpowersport.com\/pl\/#organization\"},\"potentialAction\":[{\"@type\":\"SearchAction\",\"target\":{\"@type\":\"EntryPoint\",\"urlTemplate\":\"https:\/\/gpowersport.com\/pl\/?s={search_term_string}\"},\"query-input\":{\"@type\":\"PropertyValueSpecification\",\"valueRequired\":true,\"valueName\":\"search_term_string\"}}],\"inLanguage\":\"es\"},{\"@type\":\"Organization\",\"@id\":\"https:\/\/gpowersport.com\/pl\/#organization\",\"name\":\"G'power carbon paddles\",\"url\":\"https:\/\/gpowersport.com\/pl\/\",\"logo\":{\"@type\":\"ImageObject\",\"inLanguage\":\"es\",\"@id\":\"https:\/\/gpowersport.com\/pl\/#\/schema\/logo\/image\/\",\"url\":\"https:\/\/gpowersport.com\/wp-content\/uploads\/2020\/03\/gpower-logo.png\",\"contentUrl\":\"https:\/\/gpowersport.com\/wp-content\/uploads\/2020\/03\/gpower-logo.png\",\"width\":140,\"height\":30,\"caption\":\"G'power carbon paddles\"},\"image\":{\"@id\":\"https:\/\/gpowersport.com\/pl\/#\/schema\/logo\/image\/\"},\"sameAs\":[\"https:\/\/www.facebook.com\/GpowerPaddles\",\"https:\/\/www.instagram.com\/gpowerpaddles\/\"]}]}<\/script>\n<!-- \/ Yoast SEO Premium plugin. -->","yoast_head_json":{"title":"Stand up paddles - Warrior Club 2p - G&#039;Power SUP remo de fibra de carbono","description":"Stand up paddles - Warrior Club 2p - PALA DE STAND UP DE CARBONO con sistema ajustable. Construcci\u00f3n de carbono 40% y forma innovadora de la pala....","robots":{"index":"index","follow":"follow","max-snippet":"max-snippet:-1","max-image-preview":"max-image-preview:large","max-video-preview":"max-video-preview:-1"},"canonical":"https:\/\/gpowersport.com\/es\/carbon-fiber-paddles\/sup-paddle\/stand-up-paddles-warrior-club-2p\/","og_locale":"es_ES","og_type":"article","og_title":"Stand up paddles \u2013 Warrior Club 2p","og_description":"Stand up paddles \u2013 Warrior Club 2p \u2013 CARBON STAND UP PADDLE\u00a0with adjustable system. 40% Carbon construction and innovative blade shape...","og_url":"https:\/\/gpowersport.com\/es\/carbon-fiber-paddles\/sup-paddle\/stand-up-paddles-warrior-club-2p\/","og_site_name":"G&#039;Power","article_publisher":"https:\/\/www.facebook.com\/GpowerPaddles","article_modified_time":"2023-11-23T15:29:41+00:00","og_image":[{"width":1200,"height":218,"url":"https:\/\/gpowersport.com\/wp-content\/uploads\/2020\/08\/warrior_club_start_2p.png","type":"image\/png"}],"twitter_card":"summary_large_image","twitter_misc":{"Tiempo de lectura":"3 minutos"},"schema":{"@context":"https:\/\/schema.org","@graph":[{"@type":["WebPage","ItemPage"],"@id":"https:\/\/gpowersport.com\/carbon-fiber-paddles\/sup-paddle\/stand-up-paddles-warrior-club-2p\/","url":"https:\/\/gpowersport.com\/carbon-fiber-paddles\/sup-paddle\/stand-up-paddles-warrior-club-2p\/","name":"Stand up paddles - Warrior Club 2p - G&#039;Power SUP remo de fibra de carbono","isPartOf":{"@id":"https:\/\/gpowersport.com\/pl\/#website"},"primaryImageOfPage":{"@id":"https:\/\/gpowersport.com\/carbon-fiber-paddles\/sup-paddle\/stand-up-paddles-warrior-club-2p\/#primaryimage"},"image":{"@id":"https:\/\/gpowersport.com\/carbon-fiber-paddles\/sup-paddle\/stand-up-paddles-warrior-club-2p\/#primaryimage"},"thumbnailUrl":"https:\/\/gpowersport.com\/wp-content\/uploads\/2020\/08\/warrior_club_start_2p.png","datePublished":"2020-08-05T10:01:22+00:00","dateModified":"2023-11-23T15:29:41+00:00","description":"Stand up paddles - Warrior Club 2p - PALA DE STAND UP DE CARBONO con sistema ajustable. Construcci\u00f3n de carbono 40% y forma innovadora de la pala....","breadcrumb":{"@id":"https:\/\/gpowersport.com\/carbon-fiber-paddles\/sup-paddle\/stand-up-paddles-warrior-club-2p\/#breadcrumb"},"inLanguage":"es","potentialAction":[{"@type":"ReadAction","target":["https:\/\/gpowersport.com\/carbon-fiber-paddles\/sup-paddle\/stand-up-paddles-warrior-club-2p\/"]}]},{"@type":"ImageObject","inLanguage":"es","@id":"https:\/\/gpowersport.com\/carbon-fiber-paddles\/sup-paddle\/stand-up-paddles-warrior-club-2p\/#primaryimage","url":"https:\/\/gpowersport.com\/wp-content\/uploads\/2020\/08\/warrior_club_start_2p.png","contentUrl":"https:\/\/gpowersport.com\/wp-content\/uploads\/2020\/08\/warrior_club_start_2p.png","width":1200,"height":218,"caption":"stand-up-paddles-warrior-club-2p"},{"@type":"BreadcrumbList","@id":"https:\/\/gpowersport.com\/carbon-fiber-paddles\/sup-paddle\/stand-up-paddles-warrior-club-2p\/#breadcrumb","itemListElement":[{"@type":"ListItem","position":1,"name":"Home","item":"https:\/\/gpowersport.com\/"},{"@type":"ListItem","position":2,"name":"Shop","item":"https:\/\/gpowersport.com\/carbon-fiber-paddles\/"},{"@type":"ListItem","position":3,"name":"Carbon Fiber Paddles","item":"https:\/\/gpowersport.com\/pl\/carbon-fiber-paddles\/"},{"@type":"ListItem","position":4,"name":"Stand UP Paddles","item":"https:\/\/gpowersport.com\/carbon-fiber-paddles\/sup-paddle\/"},{"@type":"ListItem","position":5,"name":"Stand up paddles \u2013 Warrior Club 2p"}]},{"@type":"WebSite","@id":"https:\/\/gpowersport.com\/pl\/#website","url":"https:\/\/gpowersport.com\/pl\/","name":"Palas de carbono G'Power","description":"","publisher":{"@id":"https:\/\/gpowersport.com\/pl\/#organization"},"potentialAction":[{"@type":"SearchAction","target":{"@type":"EntryPoint","urlTemplate":"https:\/\/gpowersport.com\/pl\/?s={search_term_string}"},"query-input":{"@type":"PropertyValueSpecification","valueRequired":true,"valueName":"search_term_string"}}],"inLanguage":"es"},{"@type":"Organization","@id":"https:\/\/gpowersport.com\/pl\/#organization","name":"Palas de carbono G'power","url":"https:\/\/gpowersport.com\/pl\/","logo":{"@type":"ImageObject","inLanguage":"es","@id":"https:\/\/gpowersport.com\/pl\/#\/schema\/logo\/image\/","url":"https:\/\/gpowersport.com\/wp-content\/uploads\/2020\/03\/gpower-logo.png","contentUrl":"https:\/\/gpowersport.com\/wp-content\/uploads\/2020\/03\/gpower-logo.png","width":140,"height":30,"caption":"G'power carbon paddles"},"image":{"@id":"https:\/\/gpowersport.com\/pl\/#\/schema\/logo\/image\/"},"sameAs":["https:\/\/www.facebook.com\/GpowerPaddles","https:\/\/www.instagram.com\/gpowerpaddles\/"]}]}},"_links":{"self":[{"href":"https:\/\/gpowersport.com\/es\/wp-json\/wp\/v2\/product\/35345","targetHints":{"allow":["GET"]}}],"collection":[{"href":"https:\/\/gpowersport.com\/es\/wp-json\/wp\/v2\/product"}],"about":[{"href":"https:\/\/gpowersport.com\/es\/wp-json\/wp\/v2\/types\/product"}],"replies":[{"embeddable":true,"href":"https:\/\/gpowersport.com\/es\/wp-json\/wp\/v2\/comments?post=35345"}],"wp:featuredmedia":[{"embeddable":true,"href":"https:\/\/gpowersport.com\/es\/wp-json\/wp\/v2\/media\/35657"}],"wp:attachment":[{"href":"https:\/\/gpowersport.com\/es\/wp-json\/wp\/v2\/media?parent=35345"}],"wp:term":[{"taxonomy":"product_brand","embeddable":true,"href":"https:\/\/gpowersport.com\/es\/wp-json\/wp\/v2\/product_brand?post=35345"},{"taxonomy":"product_cat","embeddable":true,"href":"https:\/\/gpowersport.com\/es\/wp-json\/wp\/v2\/product_cat?post=35345"},{"taxonomy":"product_tag","embeddable":true,"href":"https:\/\/gpowersport.com\/es\/wp-json\/wp\/v2\/product_tag?post=35345"}],"curies":[{"name":"wp","href":"https:\/\/api.w.org\/{rel}","templated":true}]}}