{"id":36229,"date":"2021-05-18T08:22:05","date_gmt":"2021-05-18T08:22:05","guid":{"rendered":"https:\/\/gpowersport.com\/?post_type=product&#038;p=36229"},"modified":"2023-10-26T20:25:05","modified_gmt":"2023-10-26T20:25:05","slug":"super-116-sup-board","status":"publish","type":"product","link":"https:\/\/gpowersport.com\/es\/sup-boards\/super-116-sup-board\/","title":{"rendered":"TABLA SUP 11'6\u2033 SUPER UONE"},"content":{"rendered":"<div>Para satisfacer las expectativas de los clientes impulsados por el factor precio, hemos introducido otro modelo de presupuesto en una forma m\u00e1s de turismo que es SUPer 11'6 \". Si quieres cambiar tu allround por una tabla un poco m\u00e1s r\u00e1pida o buscas mayor velocidad, esta tabla es la elecci\u00f3n perfecta. Super 11'6 \" est\u00e1 dise\u00f1ada para una persona adulta con un ni\u00f1o peque\u00f1o o dos ni\u00f1os. Las tablas Super son m\u00e1s baratas debido al material de una sola capa en la parte superior e inferior de la tabla, menor flotabilidad que las tablas de la marca Uone, un a\u00f1o de garant\u00eda o accesorios menos duraderos y de menor calidad.<\/div>\n<div><\/div>\n<div><\/div>\n<p><strong>Par\u00e1metros:<\/strong><\/p>\n<ul>\n<li>Peso: 10 kg<\/li>\n<li>Carga recomendada \/ m\u00e1xima: 130 kg\/ 260 kg<\/li>\n<li>Capacidad: 317 litros<\/li>\n<li>Dimensiones: 350x81x15 cm<\/li>\n<li>Tiempo de inflado: ~ 8 minutos<\/li>\n<li>Tiempo de desinflado: ~ 4 minutos<\/li>\n<li>Presi\u00f3n recomendada \/ m\u00e1xima: 15psi\/25psi<\/li>\n<li>Doble capa: S\u00ed en los laterales,<\/li>\n<\/ul>\n<p>&nbsp;<\/p>\n<p><strong>Accesorios incluidos en el precio de la placa Super:<\/strong><\/p>\n<ul>\n<li>mochila<\/li>\n<li>1 a\u00f1o de garant\u00eda para clientes particulares,<\/li>\n<li>aleta compatible en el sistema deslizante y dos fijas,<\/li>\n<li>correa<\/li>\n<li>tres piezas de aluminio, pala ajustable,<\/li>\n<li>bomba<\/li>\n<li>kit de reparaci\u00f3n.<\/li>\n<\/ul>\n<div>\n<div><\/div>\n<\/div>","protected":false},"excerpt":{"rendered":"<p>To meet expectations of customers driven by price factor, we have introduced another one budget model in a more touring shape which is SUPer 11\u20196 \u201c. If you would like to change your allround to a little bit faster board or looking for higher speed, this board is perfect choice. Super 11\u20196 \u201c is designed<\/p>","protected":false},"featured_media":36230,"comment_status":"open","ping_status":"closed","template":"","meta":[],"product_brand":[],"product_cat":[107],"product_tag":[],"class_list":{"0":"post-36229","1":"product","2":"type-product","3":"status-publish","4":"has-post-thumbnail","6":"product_cat-sup-boards","7":"product_shipping_class-supboards","9":"first","10":"outofstock","11":"taxable","12":"shipping-taxable","13":"purchasable","14":"product-type-simple"},"yoast_head":"<!-- This site is optimized with the Yoast SEO Premium plugin v20.7 (Yoast SEO v27.1.1) - https:\/\/yoast.com\/product\/yoast-seo-premium-wordpress\/ -->\n<title>SUP BOARD 11&#039;6&quot; SUPER UONE - G&#039;Power<\/title>\n<meta name=\"robots\" content=\"index, follow, max-snippet:-1, max-image-preview:large, max-video-preview:-1\" \/>\n<link rel=\"canonical\" href=\"https:\/\/gpowersport.com\/es\/sup-boards\/super-116-sup-board\/\" \/>\n<meta property=\"og:locale\" content=\"es_ES\" \/>\n<meta property=\"og:type\" content=\"article\" \/>\n<meta property=\"og:title\" content=\"SUP BOARD 11&#039;6&quot; SUPER UONE\" \/>\n<meta property=\"og:description\" content=\"To meet expectations of customers driven by price factor, we have introduced another one budget model in a more touring shape which is SUPer 11\u20196 \u201c. If you would like to change your allround to a little bit faster board or looking for higher speed, this board is perfect choice. Super 11\u20196 \u201c is designed\" \/>\n<meta property=\"og:url\" content=\"https:\/\/gpowersport.com\/es\/sup-boards\/super-116-sup-board\/\" \/>\n<meta property=\"og:site_name\" content=\"G&#039;Power\" \/>\n<meta property=\"article:publisher\" content=\"https:\/\/www.facebook.com\/GpowerPaddles\" \/>\n<meta property=\"article:modified_time\" content=\"2023-10-26T20:25:05+00:00\" \/>\n<meta property=\"og:image\" content=\"https:\/\/gpowersport.com\/wp-content\/uploads\/2021\/05\/super_start.jpg\" \/>\n\t<meta property=\"og:image:width\" content=\"1200\" \/>\n\t<meta property=\"og:image:height\" content=\"400\" \/>\n\t<meta property=\"og:image:type\" content=\"image\/jpeg\" \/>\n<meta name=\"twitter:card\" content=\"summary_large_image\" \/>\n<meta name=\"twitter:label1\" content=\"Tiempo de lectura\" \/>\n\t<meta name=\"twitter:data1\" content=\"1 minuto\" \/>\n<script type=\"application\/ld+json\" class=\"yoast-schema-graph\">{\"@context\":\"https:\/\/schema.org\",\"@graph\":[{\"@type\":[\"WebPage\",\"ItemPage\"],\"@id\":\"https:\/\/gpowersport.com\/sup-boards\/super-116-sup-board\/\",\"url\":\"https:\/\/gpowersport.com\/sup-boards\/super-116-sup-board\/\",\"name\":\"SUP BOARD 11'6\\\" SUPER UONE - G&#039;Power\",\"isPartOf\":{\"@id\":\"https:\/\/gpowersport.com\/pl\/#website\"},\"primaryImageOfPage\":{\"@id\":\"https:\/\/gpowersport.com\/sup-boards\/super-116-sup-board\/#primaryimage\"},\"image\":{\"@id\":\"https:\/\/gpowersport.com\/sup-boards\/super-116-sup-board\/#primaryimage\"},\"thumbnailUrl\":\"https:\/\/gpowersport.com\/wp-content\/uploads\/2021\/05\/super_start.jpg\",\"datePublished\":\"2021-05-18T08:22:05+00:00\",\"dateModified\":\"2023-10-26T20:25:05+00:00\",\"breadcrumb\":{\"@id\":\"https:\/\/gpowersport.com\/sup-boards\/super-116-sup-board\/#breadcrumb\"},\"inLanguage\":\"es\",\"potentialAction\":[{\"@type\":\"ReadAction\",\"target\":[\"https:\/\/gpowersport.com\/sup-boards\/super-116-sup-board\/\"]}]},{\"@type\":\"ImageObject\",\"inLanguage\":\"es\",\"@id\":\"https:\/\/gpowersport.com\/sup-boards\/super-116-sup-board\/#primaryimage\",\"url\":\"https:\/\/gpowersport.com\/wp-content\/uploads\/2021\/05\/super_start.jpg\",\"contentUrl\":\"https:\/\/gpowersport.com\/wp-content\/uploads\/2021\/05\/super_start.jpg\",\"width\":1200,\"height\":400},{\"@type\":\"BreadcrumbList\",\"@id\":\"https:\/\/gpowersport.com\/sup-boards\/super-116-sup-board\/#breadcrumb\",\"itemListElement\":[{\"@type\":\"ListItem\",\"position\":1,\"name\":\"Home\",\"item\":\"https:\/\/gpowersport.com\/\"},{\"@type\":\"ListItem\",\"position\":2,\"name\":\"Shop\",\"item\":\"https:\/\/gpowersport.com\/carbon-fiber-paddles\/\"},{\"@type\":\"ListItem\",\"position\":3,\"name\":\"Sup Boards\",\"item\":\"https:\/\/gpowersport.com\/sup-boards\/\"},{\"@type\":\"ListItem\",\"position\":4,\"name\":\"SUP BOARD 11&#8217;6&#8243; SUPER UONE\"}]},{\"@type\":\"WebSite\",\"@id\":\"https:\/\/gpowersport.com\/pl\/#website\",\"url\":\"https:\/\/gpowersport.com\/pl\/\",\"name\":\"G'Power carbon paddles\",\"description\":\"\",\"publisher\":{\"@id\":\"https:\/\/gpowersport.com\/pl\/#organization\"},\"potentialAction\":[{\"@type\":\"SearchAction\",\"target\":{\"@type\":\"EntryPoint\",\"urlTemplate\":\"https:\/\/gpowersport.com\/pl\/?s={search_term_string}\"},\"query-input\":{\"@type\":\"PropertyValueSpecification\",\"valueRequired\":true,\"valueName\":\"search_term_string\"}}],\"inLanguage\":\"es\"},{\"@type\":\"Organization\",\"@id\":\"https:\/\/gpowersport.com\/pl\/#organization\",\"name\":\"G'power carbon paddles\",\"url\":\"https:\/\/gpowersport.com\/pl\/\",\"logo\":{\"@type\":\"ImageObject\",\"inLanguage\":\"es\",\"@id\":\"https:\/\/gpowersport.com\/pl\/#\/schema\/logo\/image\/\",\"url\":\"https:\/\/gpowersport.com\/wp-content\/uploads\/2020\/03\/gpower-logo.png\",\"contentUrl\":\"https:\/\/gpowersport.com\/wp-content\/uploads\/2020\/03\/gpower-logo.png\",\"width\":140,\"height\":30,\"caption\":\"G'power carbon paddles\"},\"image\":{\"@id\":\"https:\/\/gpowersport.com\/pl\/#\/schema\/logo\/image\/\"},\"sameAs\":[\"https:\/\/www.facebook.com\/GpowerPaddles\",\"https:\/\/www.instagram.com\/gpowerpaddles\/\"]}]}<\/script>\n<!-- \/ Yoast SEO Premium plugin. -->","yoast_head_json":{"title":"SUP BOARD 11'6\" SUPER UONE - G&#039;Power","robots":{"index":"index","follow":"follow","max-snippet":"max-snippet:-1","max-image-preview":"max-image-preview:large","max-video-preview":"max-video-preview:-1"},"canonical":"https:\/\/gpowersport.com\/es\/sup-boards\/super-116-sup-board\/","og_locale":"es_ES","og_type":"article","og_title":"SUP BOARD 11'6\" SUPER UONE","og_description":"To meet expectations of customers driven by price factor, we have introduced another one budget model in a more touring shape which is SUPer 11\u20196 \u201c. If you would like to change your allround to a little bit faster board or looking for higher speed, this board is perfect choice. Super 11\u20196 \u201c is designed","og_url":"https:\/\/gpowersport.com\/es\/sup-boards\/super-116-sup-board\/","og_site_name":"G&#039;Power","article_publisher":"https:\/\/www.facebook.com\/GpowerPaddles","article_modified_time":"2023-10-26T20:25:05+00:00","og_image":[{"width":1200,"height":400,"url":"https:\/\/gpowersport.com\/wp-content\/uploads\/2021\/05\/super_start.jpg","type":"image\/jpeg"}],"twitter_card":"summary_large_image","twitter_misc":{"Tiempo de lectura":"1 minuto"},"schema":{"@context":"https:\/\/schema.org","@graph":[{"@type":["WebPage","ItemPage"],"@id":"https:\/\/gpowersport.com\/sup-boards\/super-116-sup-board\/","url":"https:\/\/gpowersport.com\/sup-boards\/super-116-sup-board\/","name":"SUP BOARD 11'6\" SUPER UONE - G&#039;Power","isPartOf":{"@id":"https:\/\/gpowersport.com\/pl\/#website"},"primaryImageOfPage":{"@id":"https:\/\/gpowersport.com\/sup-boards\/super-116-sup-board\/#primaryimage"},"image":{"@id":"https:\/\/gpowersport.com\/sup-boards\/super-116-sup-board\/#primaryimage"},"thumbnailUrl":"https:\/\/gpowersport.com\/wp-content\/uploads\/2021\/05\/super_start.jpg","datePublished":"2021-05-18T08:22:05+00:00","dateModified":"2023-10-26T20:25:05+00:00","breadcrumb":{"@id":"https:\/\/gpowersport.com\/sup-boards\/super-116-sup-board\/#breadcrumb"},"inLanguage":"es","potentialAction":[{"@type":"ReadAction","target":["https:\/\/gpowersport.com\/sup-boards\/super-116-sup-board\/"]}]},{"@type":"ImageObject","inLanguage":"es","@id":"https:\/\/gpowersport.com\/sup-boards\/super-116-sup-board\/#primaryimage","url":"https:\/\/gpowersport.com\/wp-content\/uploads\/2021\/05\/super_start.jpg","contentUrl":"https:\/\/gpowersport.com\/wp-content\/uploads\/2021\/05\/super_start.jpg","width":1200,"height":400},{"@type":"BreadcrumbList","@id":"https:\/\/gpowersport.com\/sup-boards\/super-116-sup-board\/#breadcrumb","itemListElement":[{"@type":"ListItem","position":1,"name":"Home","item":"https:\/\/gpowersport.com\/"},{"@type":"ListItem","position":2,"name":"Shop","item":"https:\/\/gpowersport.com\/carbon-fiber-paddles\/"},{"@type":"ListItem","position":3,"name":"Sup Boards","item":"https:\/\/gpowersport.com\/sup-boards\/"},{"@type":"ListItem","position":4,"name":"SUP BOARD 11&#8217;6&#8243; SUPER UONE"}]},{"@type":"WebSite","@id":"https:\/\/gpowersport.com\/pl\/#website","url":"https:\/\/gpowersport.com\/pl\/","name":"Palas de carbono G'Power","description":"","publisher":{"@id":"https:\/\/gpowersport.com\/pl\/#organization"},"potentialAction":[{"@type":"SearchAction","target":{"@type":"EntryPoint","urlTemplate":"https:\/\/gpowersport.com\/pl\/?s={search_term_string}"},"query-input":{"@type":"PropertyValueSpecification","valueRequired":true,"valueName":"search_term_string"}}],"inLanguage":"es"},{"@type":"Organization","@id":"https:\/\/gpowersport.com\/pl\/#organization","name":"Palas de carbono G'power","url":"https:\/\/gpowersport.com\/pl\/","logo":{"@type":"ImageObject","inLanguage":"es","@id":"https:\/\/gpowersport.com\/pl\/#\/schema\/logo\/image\/","url":"https:\/\/gpowersport.com\/wp-content\/uploads\/2020\/03\/gpower-logo.png","contentUrl":"https:\/\/gpowersport.com\/wp-content\/uploads\/2020\/03\/gpower-logo.png","width":140,"height":30,"caption":"G'power carbon paddles"},"image":{"@id":"https:\/\/gpowersport.com\/pl\/#\/schema\/logo\/image\/"},"sameAs":["https:\/\/www.facebook.com\/GpowerPaddles","https:\/\/www.instagram.com\/gpowerpaddles\/"]}]}},"_links":{"self":[{"href":"https:\/\/gpowersport.com\/es\/wp-json\/wp\/v2\/product\/36229","targetHints":{"allow":["GET"]}}],"collection":[{"href":"https:\/\/gpowersport.com\/es\/wp-json\/wp\/v2\/product"}],"about":[{"href":"https:\/\/gpowersport.com\/es\/wp-json\/wp\/v2\/types\/product"}],"replies":[{"embeddable":true,"href":"https:\/\/gpowersport.com\/es\/wp-json\/wp\/v2\/comments?post=36229"}],"wp:featuredmedia":[{"embeddable":true,"href":"https:\/\/gpowersport.com\/es\/wp-json\/wp\/v2\/media\/36230"}],"wp:attachment":[{"href":"https:\/\/gpowersport.com\/es\/wp-json\/wp\/v2\/media?parent=36229"}],"wp:term":[{"taxonomy":"product_brand","embeddable":true,"href":"https:\/\/gpowersport.com\/es\/wp-json\/wp\/v2\/product_brand?post=36229"},{"taxonomy":"product_cat","embeddable":true,"href":"https:\/\/gpowersport.com\/es\/wp-json\/wp\/v2\/product_cat?post=36229"},{"taxonomy":"product_tag","embeddable":true,"href":"https:\/\/gpowersport.com\/es\/wp-json\/wp\/v2\/product_tag?post=36229"}],"curies":[{"name":"wp","href":"https:\/\/api.w.org\/{rel}","templated":true}]}}