{"id":36248,"date":"2021-05-18T11:07:55","date_gmt":"2021-05-18T11:07:55","guid":{"rendered":"https:\/\/gpowersport.com\/?post_type=product&#038;p=36248"},"modified":"2023-10-26T20:25:14","modified_gmt":"2023-10-26T20:25:14","slug":"uone-wanderer-132-sup-board","status":"publish","type":"product","link":"https:\/\/gpowersport.com\/es\/sup-boards\/uone-wanderer-132-sup-board\/","title":{"rendered":"TABLA SUP WANDERER 13'2\u2033 UONE"},"content":{"rendered":"<div>Uone Wanderer 13'2 \"es una opci\u00f3n brillante para los verdaderos trotamundos o familias con ni\u00f1os que quieren cubrir largas distancias. El gran desplazamiento y la estabilidad que garantizan las dimensiones de la tabla, as\u00ed como su velocidad gracias a la longitud del conjunto, har\u00e1n que los largos viajes en familia sean totalmente seguros e inolvidables. Tabla disponible en tecnolog\u00eda ULT (estructura m\u00e1s ligera y r\u00edgida).<\/div>\n<div><\/div>\n<div><\/div>\n<p><strong>Par\u00e1metros:<\/strong><\/p>\n<ul>\n<li class=\"elementor-icon-list-item\"><span class=\"elementor-icon-list-text\">Peso: 11 kg<\/span><\/li>\n<li class=\"elementor-icon-list-item\"><span class=\"elementor-icon-list-text\">Carga recomendada \/ m\u00e1xima: 260 kg \/ 520 kg<\/span><\/li>\n<li class=\"elementor-icon-list-item\"><span class=\"elementor-icon-list-text\">Capacidad: 333 litros<\/span><\/li>\n<li class=\"elementor-icon-list-item\"><span class=\"elementor-icon-list-text\">Dimensiones: 401x75x15 cm<\/span><\/li>\n<li class=\"elementor-icon-list-item\"><span class=\"elementor-icon-list-text\">Tiempo de inflado: ~ 8 minutos<\/span><\/li>\n<li class=\"elementor-icon-list-item\"><span class=\"elementor-icon-list-text\">Tiempo de desinflado: ~ 4 minutos<\/span><\/li>\n<li class=\"elementor-icon-list-item\"><span class=\"elementor-icon-list-text\">Presi\u00f3n recomendada \/ m\u00e1xima: 15psi\/25psi<\/span><\/li>\n<li class=\"elementor-icon-list-item\"><span class=\"elementor-icon-list-text\">Doble capa: S\u00ed en tecnolog\u00eda ULT,<\/span><\/li>\n<\/ul>\n<p>&nbsp;<\/p>\n<p><strong>Accesorios incluidos en el precio de la placa Super:<\/strong><\/p>\n<ul>\n<li>mochila con ruedas<\/li>\n<li>3 a\u00f1os de garant\u00eda para clientes particulares,<\/li>\n<li>1 aletas compatibles en el sistema usbox,<\/li>\n<li>pala de fibra de vidrio de tres piezas, ajustable y que no se hunde<\/li>\n<li>bomba de doble acci\u00f3n con sistema de desinflado,<\/li>\n<li>correa<\/li>\n<li>kit de reparaci\u00f3n.<\/li>\n<\/ul>\n<div>\n<div><\/div>\n<\/div>","protected":false},"excerpt":{"rendered":"<p>Uone Wanderer 13\u20192 \u201cis a brilliant choice for real globetrotters or families with children who want to cover long distances. The large displacement and stability guaranteed by the dimensions of the board, as well as its speed due to the length of the unit, will make long family trips fully safe and unforgettable. Board available<\/p>","protected":false},"featured_media":36249,"comment_status":"open","ping_status":"closed","template":"","meta":[],"product_brand":[],"product_cat":[107],"product_tag":[],"class_list":{"0":"post-36248","1":"product","2":"type-product","3":"status-publish","4":"has-post-thumbnail","6":"product_cat-sup-boards","7":"product_shipping_class-supboards","9":"first","10":"outofstock","11":"taxable","12":"shipping-taxable","13":"purchasable","14":"product-type-simple"},"yoast_head":"<!-- This site is optimized with the Yoast SEO Premium plugin v20.7 (Yoast SEO v27.1.1) - https:\/\/yoast.com\/product\/yoast-seo-premium-wordpress\/ -->\n<title>SUP BOARD WANDERER 13&#039;2&quot; UONE - G&#039;Power<\/title>\n<meta name=\"robots\" content=\"index, follow, max-snippet:-1, max-image-preview:large, max-video-preview:-1\" \/>\n<link rel=\"canonical\" href=\"https:\/\/gpowersport.com\/es\/sup-boards\/uone-wanderer-132-sup-board\/\" \/>\n<meta property=\"og:locale\" content=\"es_ES\" \/>\n<meta property=\"og:type\" content=\"article\" \/>\n<meta property=\"og:title\" content=\"SUP BOARD WANDERER 13&#039;2&quot; UONE\" \/>\n<meta property=\"og:description\" content=\"Uone Wanderer 13\u20192 \u201cis a brilliant choice for real globetrotters or families with children who want to cover long distances. The large displacement and stability guaranteed by the dimensions of the board, as well as its speed due to the length of the unit, will make long family trips fully safe and unforgettable. Board available\" \/>\n<meta property=\"og:url\" content=\"https:\/\/gpowersport.com\/es\/sup-boards\/uone-wanderer-132-sup-board\/\" \/>\n<meta property=\"og:site_name\" content=\"G&#039;Power\" \/>\n<meta property=\"article:publisher\" content=\"https:\/\/www.facebook.com\/GpowerPaddles\" \/>\n<meta property=\"article:modified_time\" content=\"2023-10-26T20:25:14+00:00\" \/>\n<meta property=\"og:image\" content=\"https:\/\/gpowersport.com\/wp-content\/uploads\/2021\/05\/wanderer_uone_start.jpg\" \/>\n\t<meta property=\"og:image:width\" content=\"1200\" \/>\n\t<meta property=\"og:image:height\" content=\"400\" \/>\n\t<meta property=\"og:image:type\" content=\"image\/jpeg\" \/>\n<meta name=\"twitter:card\" content=\"summary_large_image\" \/>\n<meta name=\"twitter:label1\" content=\"Tiempo de lectura\" \/>\n\t<meta name=\"twitter:data1\" content=\"1 minuto\" \/>\n<script type=\"application\/ld+json\" class=\"yoast-schema-graph\">{\"@context\":\"https:\/\/schema.org\",\"@graph\":[{\"@type\":[\"WebPage\",\"ItemPage\"],\"@id\":\"https:\/\/gpowersport.com\/sup-boards\/uone-wanderer-132-sup-board\/\",\"url\":\"https:\/\/gpowersport.com\/sup-boards\/uone-wanderer-132-sup-board\/\",\"name\":\"SUP BOARD WANDERER 13'2\\\" UONE - G&#039;Power\",\"isPartOf\":{\"@id\":\"https:\/\/gpowersport.com\/pl\/#website\"},\"primaryImageOfPage\":{\"@id\":\"https:\/\/gpowersport.com\/sup-boards\/uone-wanderer-132-sup-board\/#primaryimage\"},\"image\":{\"@id\":\"https:\/\/gpowersport.com\/sup-boards\/uone-wanderer-132-sup-board\/#primaryimage\"},\"thumbnailUrl\":\"https:\/\/gpowersport.com\/wp-content\/uploads\/2021\/05\/wanderer_uone_start.jpg\",\"datePublished\":\"2021-05-18T11:07:55+00:00\",\"dateModified\":\"2023-10-26T20:25:14+00:00\",\"breadcrumb\":{\"@id\":\"https:\/\/gpowersport.com\/sup-boards\/uone-wanderer-132-sup-board\/#breadcrumb\"},\"inLanguage\":\"es\",\"potentialAction\":[{\"@type\":\"ReadAction\",\"target\":[\"https:\/\/gpowersport.com\/sup-boards\/uone-wanderer-132-sup-board\/\"]}]},{\"@type\":\"ImageObject\",\"inLanguage\":\"es\",\"@id\":\"https:\/\/gpowersport.com\/sup-boards\/uone-wanderer-132-sup-board\/#primaryimage\",\"url\":\"https:\/\/gpowersport.com\/wp-content\/uploads\/2021\/05\/wanderer_uone_start.jpg\",\"contentUrl\":\"https:\/\/gpowersport.com\/wp-content\/uploads\/2021\/05\/wanderer_uone_start.jpg\",\"width\":1200,\"height\":400},{\"@type\":\"BreadcrumbList\",\"@id\":\"https:\/\/gpowersport.com\/sup-boards\/uone-wanderer-132-sup-board\/#breadcrumb\",\"itemListElement\":[{\"@type\":\"ListItem\",\"position\":1,\"name\":\"Home\",\"item\":\"https:\/\/gpowersport.com\/\"},{\"@type\":\"ListItem\",\"position\":2,\"name\":\"Shop\",\"item\":\"https:\/\/gpowersport.com\/carbon-fiber-paddles\/\"},{\"@type\":\"ListItem\",\"position\":3,\"name\":\"Sup Boards\",\"item\":\"https:\/\/gpowersport.com\/sup-boards\/\"},{\"@type\":\"ListItem\",\"position\":4,\"name\":\"SUP BOARD WANDERER 13&#8217;2&#8243; UONE\"}]},{\"@type\":\"WebSite\",\"@id\":\"https:\/\/gpowersport.com\/pl\/#website\",\"url\":\"https:\/\/gpowersport.com\/pl\/\",\"name\":\"G'Power carbon paddles\",\"description\":\"\",\"publisher\":{\"@id\":\"https:\/\/gpowersport.com\/pl\/#organization\"},\"potentialAction\":[{\"@type\":\"SearchAction\",\"target\":{\"@type\":\"EntryPoint\",\"urlTemplate\":\"https:\/\/gpowersport.com\/pl\/?s={search_term_string}\"},\"query-input\":{\"@type\":\"PropertyValueSpecification\",\"valueRequired\":true,\"valueName\":\"search_term_string\"}}],\"inLanguage\":\"es\"},{\"@type\":\"Organization\",\"@id\":\"https:\/\/gpowersport.com\/pl\/#organization\",\"name\":\"G'power carbon paddles\",\"url\":\"https:\/\/gpowersport.com\/pl\/\",\"logo\":{\"@type\":\"ImageObject\",\"inLanguage\":\"es\",\"@id\":\"https:\/\/gpowersport.com\/pl\/#\/schema\/logo\/image\/\",\"url\":\"https:\/\/gpowersport.com\/wp-content\/uploads\/2020\/03\/gpower-logo.png\",\"contentUrl\":\"https:\/\/gpowersport.com\/wp-content\/uploads\/2020\/03\/gpower-logo.png\",\"width\":140,\"height\":30,\"caption\":\"G'power carbon paddles\"},\"image\":{\"@id\":\"https:\/\/gpowersport.com\/pl\/#\/schema\/logo\/image\/\"},\"sameAs\":[\"https:\/\/www.facebook.com\/GpowerPaddles\",\"https:\/\/www.instagram.com\/gpowerpaddles\/\"]}]}<\/script>\n<!-- \/ Yoast SEO Premium plugin. -->","yoast_head_json":{"title":"SUP BOARD WANDERER 13'2\" UONE - G&#039;Power","robots":{"index":"index","follow":"follow","max-snippet":"max-snippet:-1","max-image-preview":"max-image-preview:large","max-video-preview":"max-video-preview:-1"},"canonical":"https:\/\/gpowersport.com\/es\/sup-boards\/uone-wanderer-132-sup-board\/","og_locale":"es_ES","og_type":"article","og_title":"SUP BOARD WANDERER 13'2\" UONE","og_description":"Uone Wanderer 13\u20192 \u201cis a brilliant choice for real globetrotters or families with children who want to cover long distances. The large displacement and stability guaranteed by the dimensions of the board, as well as its speed due to the length of the unit, will make long family trips fully safe and unforgettable. Board available","og_url":"https:\/\/gpowersport.com\/es\/sup-boards\/uone-wanderer-132-sup-board\/","og_site_name":"G&#039;Power","article_publisher":"https:\/\/www.facebook.com\/GpowerPaddles","article_modified_time":"2023-10-26T20:25:14+00:00","og_image":[{"width":1200,"height":400,"url":"https:\/\/gpowersport.com\/wp-content\/uploads\/2021\/05\/wanderer_uone_start.jpg","type":"image\/jpeg"}],"twitter_card":"summary_large_image","twitter_misc":{"Tiempo de lectura":"1 minuto"},"schema":{"@context":"https:\/\/schema.org","@graph":[{"@type":["WebPage","ItemPage"],"@id":"https:\/\/gpowersport.com\/sup-boards\/uone-wanderer-132-sup-board\/","url":"https:\/\/gpowersport.com\/sup-boards\/uone-wanderer-132-sup-board\/","name":"SUP BOARD WANDERER 13'2\" UONE - G&#039;Power","isPartOf":{"@id":"https:\/\/gpowersport.com\/pl\/#website"},"primaryImageOfPage":{"@id":"https:\/\/gpowersport.com\/sup-boards\/uone-wanderer-132-sup-board\/#primaryimage"},"image":{"@id":"https:\/\/gpowersport.com\/sup-boards\/uone-wanderer-132-sup-board\/#primaryimage"},"thumbnailUrl":"https:\/\/gpowersport.com\/wp-content\/uploads\/2021\/05\/wanderer_uone_start.jpg","datePublished":"2021-05-18T11:07:55+00:00","dateModified":"2023-10-26T20:25:14+00:00","breadcrumb":{"@id":"https:\/\/gpowersport.com\/sup-boards\/uone-wanderer-132-sup-board\/#breadcrumb"},"inLanguage":"es","potentialAction":[{"@type":"ReadAction","target":["https:\/\/gpowersport.com\/sup-boards\/uone-wanderer-132-sup-board\/"]}]},{"@type":"ImageObject","inLanguage":"es","@id":"https:\/\/gpowersport.com\/sup-boards\/uone-wanderer-132-sup-board\/#primaryimage","url":"https:\/\/gpowersport.com\/wp-content\/uploads\/2021\/05\/wanderer_uone_start.jpg","contentUrl":"https:\/\/gpowersport.com\/wp-content\/uploads\/2021\/05\/wanderer_uone_start.jpg","width":1200,"height":400},{"@type":"BreadcrumbList","@id":"https:\/\/gpowersport.com\/sup-boards\/uone-wanderer-132-sup-board\/#breadcrumb","itemListElement":[{"@type":"ListItem","position":1,"name":"Home","item":"https:\/\/gpowersport.com\/"},{"@type":"ListItem","position":2,"name":"Shop","item":"https:\/\/gpowersport.com\/carbon-fiber-paddles\/"},{"@type":"ListItem","position":3,"name":"Sup Boards","item":"https:\/\/gpowersport.com\/sup-boards\/"},{"@type":"ListItem","position":4,"name":"SUP BOARD WANDERER 13&#8217;2&#8243; UONE"}]},{"@type":"WebSite","@id":"https:\/\/gpowersport.com\/pl\/#website","url":"https:\/\/gpowersport.com\/pl\/","name":"Palas de carbono G'Power","description":"","publisher":{"@id":"https:\/\/gpowersport.com\/pl\/#organization"},"potentialAction":[{"@type":"SearchAction","target":{"@type":"EntryPoint","urlTemplate":"https:\/\/gpowersport.com\/pl\/?s={search_term_string}"},"query-input":{"@type":"PropertyValueSpecification","valueRequired":true,"valueName":"search_term_string"}}],"inLanguage":"es"},{"@type":"Organization","@id":"https:\/\/gpowersport.com\/pl\/#organization","name":"Palas de carbono G'power","url":"https:\/\/gpowersport.com\/pl\/","logo":{"@type":"ImageObject","inLanguage":"es","@id":"https:\/\/gpowersport.com\/pl\/#\/schema\/logo\/image\/","url":"https:\/\/gpowersport.com\/wp-content\/uploads\/2020\/03\/gpower-logo.png","contentUrl":"https:\/\/gpowersport.com\/wp-content\/uploads\/2020\/03\/gpower-logo.png","width":140,"height":30,"caption":"G'power carbon paddles"},"image":{"@id":"https:\/\/gpowersport.com\/pl\/#\/schema\/logo\/image\/"},"sameAs":["https:\/\/www.facebook.com\/GpowerPaddles","https:\/\/www.instagram.com\/gpowerpaddles\/"]}]}},"_links":{"self":[{"href":"https:\/\/gpowersport.com\/es\/wp-json\/wp\/v2\/product\/36248","targetHints":{"allow":["GET"]}}],"collection":[{"href":"https:\/\/gpowersport.com\/es\/wp-json\/wp\/v2\/product"}],"about":[{"href":"https:\/\/gpowersport.com\/es\/wp-json\/wp\/v2\/types\/product"}],"replies":[{"embeddable":true,"href":"https:\/\/gpowersport.com\/es\/wp-json\/wp\/v2\/comments?post=36248"}],"wp:featuredmedia":[{"embeddable":true,"href":"https:\/\/gpowersport.com\/es\/wp-json\/wp\/v2\/media\/36249"}],"wp:attachment":[{"href":"https:\/\/gpowersport.com\/es\/wp-json\/wp\/v2\/media?parent=36248"}],"wp:term":[{"taxonomy":"product_brand","embeddable":true,"href":"https:\/\/gpowersport.com\/es\/wp-json\/wp\/v2\/product_brand?post=36248"},{"taxonomy":"product_cat","embeddable":true,"href":"https:\/\/gpowersport.com\/es\/wp-json\/wp\/v2\/product_cat?post=36248"},{"taxonomy":"product_tag","embeddable":true,"href":"https:\/\/gpowersport.com\/es\/wp-json\/wp\/v2\/product_tag?post=36248"}],"curies":[{"name":"wp","href":"https:\/\/api.w.org\/{rel}","templated":true}]}}