{"id":36490,"date":"2021-10-19T06:44:04","date_gmt":"2021-10-19T06:44:04","guid":{"rendered":"https:\/\/gpowersport.com\/?post_type=product&#038;p=36490"},"modified":"2025-11-10T00:12:18","modified_gmt":"2025-11-10T00:12:18","slug":"oc1","status":"publish","type":"product","link":"https:\/\/gpowersport.com\/es\/carbon-fiber-paddles\/oc1\/","title":{"rendered":"Pala Outrigger Warrior OC1"},"content":{"rendered":"<h1><span style=\"font-size: 75%;\">Guerrero OC1<\/span><\/h1>\n<div><\/div>\n<div>El nuevo remo Outrigger con una superficie de pluma \u00fanica.<br \/>\nSu forma innovadora mejora la tracci\u00f3n y aumenta la eficacia de la primera fase de tracci\u00f3n. La brazada es m\u00e1s c\u00f3moda y el relieve de la pluma hace que la pala sea m\u00e1s estable en el agua, proporcionando mayor comodidad durante el entrenamiento. El buen agarre facilita la rotaci\u00f3n de la espalda, hombros y caderas, dando un mejor rendimiento y manteniendo una buena velocidad de la embarcaci\u00f3n.La adecuada selecci\u00f3n de fibras de carbono ha permitido obtener un peso muy ligero, manteniendo la rigidez y elasticidad de la pala. Esto permite un trabajo m\u00e1s c\u00f3modo de los m\u00fasculos que no est\u00e1n sujetos a la fatiga de sobrecarga demasiado r\u00e1pido.la paleta est\u00e1 disponible en dos tama\u00f1os con un eje de carbono y la hoja doblada 10 grados desde el eje de la barra.<br \/>\nTambi\u00e9n existe una versi\u00f3n del eje con el sistema de ajuste compuesto Qnect, que permite ajustar la pala en el rango de 120 - 140 cm.<\/div>\n<div><\/div>\n<div>.<\/div>\n<table border=\"0\" width=\"100%\" cellspacing=\"1\" cellpadding=\"1\" align=\"center\">\n<tbody>\n<tr>\n<td width=\"20%\"><span style=\"font-size: 75%;\">Talla<\/span><\/td>\n<td style=\"text-align: left;\" valign=\"middle\"><span style=\"font-size: 75%;\">XS<\/span><\/td>\n<td style=\"text-align: left;\"><span style=\"font-size: 75%;\">S<\/span><\/td>\n<td style=\"text-align: left;\"><span style=\"font-size: 75%;\">M<\/span><\/td>\n<td style=\"text-align: left;\"><span style=\"font-size: 75%;\">L<\/span><\/td>\n<td style=\"text-align: left;\"><span style=\"font-size: 75%;\">XL<\/span><\/td>\n<\/tr>\n<tr>\n<td><span style=\"font-size: 75%;\">\u00c1rea de la hoja<\/span><\/td>\n<td style=\"text-align: left;\"><span style=\"font-size: 10.8px;\">&#8211;<\/span><\/td>\n<td style=\"text-align: left;\"><span style=\"font-size: 10.8px;\">&#8211;<\/span><\/td>\n<td style=\"text-align: left;\"><span style=\"font-size: 10.8px;\">112 pulgadas<sup>2<\/sup> 725 cm<sup>2\u00a0<\/sup><\/span><\/td>\n<td style=\"text-align: left;\"><span style=\"font-size: 10.8px;\">115 pulgadas<sup>2<\/sup> 740 cm<sup>2<\/sup><\/span><\/td>\n<td style=\"text-align: left;\"><span style=\"font-size: 10.8px;\">&#8211;<\/span><\/td>\n<\/tr>\n<tr>\n<td><span style=\"font-size: 75%;\">Longitud de la hoja<\/span><\/td>\n<td style=\"text-align: left;\"><span style=\"font-size: 75%;\">&#8211;<\/span><\/td>\n<td style=\"text-align: left;\"><span style=\"font-size: 75%;\">&#8211;<\/span><\/td>\n<td><span style=\"font-size: 75%;\">450 mm<\/span><\/td>\n<td><span style=\"font-size: 75%;\">460 mm<\/span><\/td>\n<td><span style=\"font-size: 75%;\">&#8211;<\/span><\/td>\n<\/tr>\n<tr>\n<td><span style=\"font-size: 75%;\">Anchura de la hoja<\/span><\/td>\n<td><span style=\"font-size: 75%;\">&#8211;<\/span><\/td>\n<td><span style=\"font-size: 75%;\">&#8211;<\/span><\/td>\n<td><span style=\"font-size: 75%;\">210 mm<\/span><\/td>\n<td><span style=\"font-size: 75%;\">220 mm<\/span><\/td>\n<td><span style=\"font-size: 75%;\">&#8211;<\/span><\/td>\n<\/tr>\n<tr>\n<td><span style=\"font-size: 75%;\">Contenido de carbono - hoja\u00a0<\/span><\/td>\n<td><span style=\"font-size: 75%;\">&#8211;<\/span><\/td>\n<td><span style=\"font-size: 75%;\">&#8211;<\/span><\/td>\n<td><span style=\"font-size: 75%;\">100%<\/span><\/td>\n<td><span style=\"font-size: 75%;\">100%<\/span><\/td>\n<td><span style=\"font-size: 75%;\">&#8211;<\/span><\/td>\n<\/tr>\n<tr>\n<td><span style=\"font-size: 75%;\">Di\u00e1metro del eje<\/span><\/td>\n<td><span style=\"font-size: 75%;\">&#8211;<\/span><\/td>\n<td><span style=\"font-size: 75%;\">&#8211;<\/span><\/td>\n<td><span style=\"font-size: 75%;\">28 mm<\/span><\/td>\n<td><span style=\"font-size: 75%;\">28 mm<\/span><\/td>\n<td><span style=\"font-size: 75%;\">&#8211;<\/span><\/td>\n<\/tr>\n<tr>\n<td><span style=\"font-size: 75%;\">Peso de la pala<\/span><\/td>\n<td><span style=\"font-size: 75%;\">&#8211;<\/span><\/td>\n<td><span style=\"font-size: 75%;\">&#8211;<\/span><\/td>\n<td><span style=\"font-size: 75%;\">~ 445 g<\/span><\/td>\n<td><span style=\"font-size: 75%;\">~ 465 g<\/span><\/td>\n<td><span style=\"font-size: 75%;\">~\u00a0<\/span><\/td>\n<\/tr>\n<tr>\n<td><span style=\"font-size: 75%;\">Puntas met\u00e1licas<\/span><\/td>\n<td><span style=\"font-size: 75%;\">&#8211;<\/span><\/td>\n<td><span style=\"font-size: 75%;\">&#8211;<\/span><\/td>\n<td><span style=\"font-size: 75%;\">&#8211;<\/span><\/td>\n<td><span style=\"font-size: 75%;\">&#8211;<\/span><\/td>\n<td><span style=\"font-size: 75%;\">&#8211;<\/span><\/td>\n<\/tr>\n<\/tbody>\n<\/table>\n<div class=\"row\"  id=\"row-577624633\">\n\n\t<div id=\"col-504463246\" class=\"col medium-8 small-12 large-8\"  >\n\t\t\t\t<div class=\"col-inner\"  >\n\t\t\t\n\t\t\t\n<p style=\"text-align: center;\">El \u00e1ngulo de la pala es de 10 grados.<\/p>\n\t<div class=\"img has-hover x md-x lg-x y md-y lg-y\" id=\"image_576137730\">\n\t\t\t\t\t\t\t\t<div class=\"img-inner dark\" >\n\t\t\t<img fetchpriority=\"high\" decoding=\"async\" width=\"1020\" height=\"282\" src=\"https:\/\/gpowersport.com\/wp-content\/uploads\/2021\/04\/10-deegrese-1400x387.jpg\" class=\"attachment-large size-large\" alt=\"\" srcset=\"https:\/\/gpowersport.com\/wp-content\/uploads\/2021\/04\/10-deegrese-1400x387.jpg 1400w, https:\/\/gpowersport.com\/wp-content\/uploads\/2021\/04\/10-deegrese-750x207.jpg 750w, https:\/\/gpowersport.com\/wp-content\/uploads\/2021\/04\/10-deegrese-18x5.jpg 18w, https:\/\/gpowersport.com\/wp-content\/uploads\/2021\/04\/10-deegrese-768x212.jpg 768w, https:\/\/gpowersport.com\/wp-content\/uploads\/2021\/04\/10-deegrese-1536x424.jpg 1536w, https:\/\/gpowersport.com\/wp-content\/uploads\/2021\/04\/10-deegrese-1000x276.jpg 1000w, https:\/\/gpowersport.com\/wp-content\/uploads\/2021\/04\/10-deegrese-800x221.jpg 800w, https:\/\/gpowersport.com\/wp-content\/uploads\/2021\/04\/10-deegrese.jpg 1840w\" sizes=\"(max-width: 1020px) 100vw, 1020px\" \/>\t\t\t\t\t\t\n\t\t\t\t\t<\/div>\n\t\t\t\t\t\t\t\t\n<style>\n#image_576137730 {\n  width: 100%;\n}\n<\/style>\n\t<\/div>\n\t\n\t\t<\/div>\n\t\t\t\t\t<\/div>\n\n\t\n\n\t<div id=\"col-960733946\" class=\"col medium-4 small-12 large-4\"  >\n\t\t\t\t<div class=\"col-inner\"  >\n\t\t\t\n\t\t\t\n\t<div class=\"img has-hover x md-x lg-x y md-y lg-y\" id=\"image_2074840563\">\n\t\t\t\t\t\t\t\t<div class=\"img-inner dark\" >\n\t\t\t<img decoding=\"async\" width=\"1020\" height=\"680\" src=\"https:\/\/gpowersport.com\/wp-content\/uploads\/2019\/10\/composite_qnect_1-1200x800.jpg\" class=\"attachment-large size-large\" alt=\"\" srcset=\"https:\/\/gpowersport.com\/wp-content\/uploads\/2019\/10\/composite_qnect_1-1200x800.jpg 1200w, https:\/\/gpowersport.com\/wp-content\/uploads\/2019\/10\/composite_qnect_1-600x400.jpg 600w, https:\/\/gpowersport.com\/wp-content\/uploads\/2019\/10\/composite_qnect_1-768x512.jpg 768w, https:\/\/gpowersport.com\/wp-content\/uploads\/2019\/10\/composite_qnect_1-1536x1024.jpg 1536w, https:\/\/gpowersport.com\/wp-content\/uploads\/2019\/10\/composite_qnect_1-18x12.jpg 18w, https:\/\/gpowersport.com\/wp-content\/uploads\/2019\/10\/composite_qnect_1-1000x667.jpg 1000w, https:\/\/gpowersport.com\/wp-content\/uploads\/2019\/10\/composite_qnect_1-800x534.jpg 800w, https:\/\/gpowersport.com\/wp-content\/uploads\/2019\/10\/composite_qnect_1.jpg 1600w\" sizes=\"(max-width: 1020px) 100vw, 1020px\" \/>\t\t\t\t\t\t\n\t\t\t\t\t<\/div>\n\t\t\t\t\t\t\t\t\n<style>\n#image_2074840563 {\n  width: 100%;\n}\n<\/style>\n\t<\/div>\n\t\n<h2 style=\"text-align: center;\">Compuesto Qnect<\/h2>\n<p>&nbsp;<\/p>\n<p>&nbsp;<\/p>\n\t\t<\/div>\n\t\t\t\t\t<\/div>\n\n\t\n<\/div>\n\t<div id=\"gap-1333990599\" class=\"gap-element clearfix\" style=\"display:block; height:auto;\">\n\t\t\n<style>\n#gap-1333990599 {\n  padding-top: 50px;\n}\n<\/style>\n\t<\/div>\n\t\n\t\n  \n    <div class=\"row large-columns-4 medium-columns-3 small-columns-2 row-small slider row-slider slider-nav-reveal slider-nav-push\"  data-flickity-options='{&quot;imagesLoaded&quot;: true, &quot;groupCells&quot;: &quot;100%&quot;, &quot;dragThreshold&quot; : 5, &quot;cellAlign&quot;: &quot;left&quot;,&quot;wrapAround&quot;: true,&quot;prevNextButtons&quot;: true,&quot;percentPosition&quot;: true,&quot;pageDots&quot;: false, &quot;rightToLeft&quot;: false, &quot;autoPlay&quot; : false}' >\n\n  \n\t     <div class=\"product-small col has-hover product type-product post-34377 status-publish first instock product_cat-carbon-fiber-paddles product_cat-dragon-boat has-post-thumbnail taxable shipping-taxable purchasable product-type-composite\">\n\t<div class=\"col-inner\">\n\t\n<div class=\"badge-container absolute left top z-1\">\n\n<\/div>\n\t<div class=\"product-small box\">\n\t\t<div class=\"box-image\">\n\t\t\t<div class=\"image-none\">\n\t\t\t\t<a href=\"https:\/\/gpowersport.com\/es\/carbon-fiber-paddles\/dragon-boat\/falcon-ii-plus-carbon\/\">\n\t\t\t\t\t<img decoding=\"async\" width=\"1000\" height=\"182\" src=\"https:\/\/gpowersport.com\/wp-content\/uploads\/2020\/03\/falcon_plus_start-1000x182.jpg\" class=\"attachment-woocommerce_thumbnail size-woocommerce_thumbnail\" alt=\"Remo Dragon boat Falcon II PLUS CARBONO\" srcset=\"https:\/\/gpowersport.com\/wp-content\/uploads\/2020\/03\/falcon_plus_start-1000x182.jpg 1000w, https:\/\/gpowersport.com\/wp-content\/uploads\/2020\/03\/falcon_plus_start-750x136.jpg 750w, https:\/\/gpowersport.com\/wp-content\/uploads\/2020\/03\/falcon_plus_start-768x140.jpg 768w, https:\/\/gpowersport.com\/wp-content\/uploads\/2020\/03\/falcon_plus_start-18x3.jpg 18w, https:\/\/gpowersport.com\/wp-content\/uploads\/2020\/03\/falcon_plus_start-800x145.jpg 800w, https:\/\/gpowersport.com\/wp-content\/uploads\/2020\/03\/falcon_plus_start.jpg 1200w\" sizes=\"(max-width: 1000px) 100vw, 1000px\" \/>\t\t\t\t<\/a>\n\t\t\t<\/div>\n\t\t\t<div class=\"image-tools is-small top right show-on-hover\">\n\t\t\t\t\t\t\t<\/div>\n\t\t\t<div class=\"image-tools is-small hide-for-small bottom left show-on-hover\">\n\t\t\t\t\t\t\t<\/div>\n\t\t\t<div class=\"image-tools grid-tools text-center hide-for-small bottom hover-slide-in show-on-hover\">\n\t\t\t\t<a href=\"https:\/\/gpowersport.com\/es\/carbon-fiber-paddles\/dragon-boat\/falcon-ii-plus-carbon\/\" aria-describedby=\"woocommerce_loop_add_to_cart_link_describedby_34377\" data-quantity=\"1\" class=\"add-to-cart-grid no-padding is-transparent product_type_composite add_to_cart_button\" data-product_id=\"34377\" data-product_sku=\"\" aria-label=\"Lee m\u00e1s sobre \u201cDragon boat paddle Falcon II PLUS CARBON\u201d\" rel=\"nofollow\" data-no-translation-aria-label=\"\"><div class=\"cart-icon tooltip is-small\" title=\"Seleccionar opciones\"><strong>+<\/strong><\/div><\/a>\t<span id=\"woocommerce_loop_add_to_cart_link_describedby_34377\" class=\"screen-reader-text\">\n\t\t\t<\/span>\n\t\t\t<\/div>\n\t\t\t\t\t<\/div>\n\n\t\t<div class=\"box-text box-text-products text-center grid-style-2\">\n\t\t\t<div class=\"title-wrapper\">\t\t<p class=\"category uppercase is-smaller no-text-overflow product-cat op-8\">\n\t\t\tPalas de fibra de carbono\t\t<\/p>\n\t<p class=\"name product-title woocommerce-loop-product__title\"><a href=\"https:\/\/gpowersport.com\/es\/carbon-fiber-paddles\/dragon-boat\/falcon-ii-plus-carbon\/\" class=\"woocommerce-LoopProduct-link woocommerce-loop-product__link\">Remo Dragon boat Falcon II PLUS CARBONO<\/a><\/p><\/div><div class=\"price-wrapper\">\n\t<span class=\"price\">Desde 199,00<br>(Impuestos no incluidos)<\/span>\n<\/div>\t\t<\/div>\n\t<\/div>\n\t\t<\/div>\n<\/div><div class=\"product-small col has-hover product type-product post-34553 status-publish first instock product_cat-carbon-fiber-paddles product_cat-dragon-boat has-post-thumbnail featured taxable shipping-taxable purchasable product-type-composite\">\n\t<div class=\"col-inner\">\n\t\n<div class=\"badge-container absolute left top z-1\">\n\n<\/div>\n\t<div class=\"product-small box\">\n\t\t<div class=\"box-image\">\n\t\t\t<div class=\"image-none\">\n\t\t\t\t<a href=\"https:\/\/gpowersport.com\/es\/carbon-fiber-paddles\/dragon-boat\/dragon-boat-carbon-paddle-falcon-ii-carbon-qnect\/\">\n\t\t\t\t\t<img loading=\"lazy\" decoding=\"async\" width=\"1000\" height=\"182\" src=\"https:\/\/gpowersport.com\/wp-content\/uploads\/2020\/03\/falcon_2_carbon_start-1000x182.png\" class=\"attachment-woocommerce_thumbnail size-woocommerce_thumbnail\" alt=\"Dragon boat remo de carbono - Falcon II CARBON Qnect\" srcset=\"https:\/\/gpowersport.com\/wp-content\/uploads\/2020\/03\/falcon_2_carbon_start-1000x182.png 1000w, https:\/\/gpowersport.com\/wp-content\/uploads\/2020\/03\/falcon_2_carbon_start-750x136.png 750w, https:\/\/gpowersport.com\/wp-content\/uploads\/2020\/03\/falcon_2_carbon_start-18x3.png 18w, https:\/\/gpowersport.com\/wp-content\/uploads\/2020\/03\/falcon_2_carbon_start-768x140.png 768w, https:\/\/gpowersport.com\/wp-content\/uploads\/2020\/03\/falcon_2_carbon_start-800x145.png 800w, https:\/\/gpowersport.com\/wp-content\/uploads\/2020\/03\/falcon_2_carbon_start.png 1200w\" sizes=\"(max-width: 1000px) 100vw, 1000px\" \/>\t\t\t\t<\/a>\n\t\t\t<\/div>\n\t\t\t<div class=\"image-tools is-small top right show-on-hover\">\n\t\t\t\t\t\t\t<\/div>\n\t\t\t<div class=\"image-tools is-small hide-for-small bottom left show-on-hover\">\n\t\t\t\t\t\t\t<\/div>\n\t\t\t<div class=\"image-tools grid-tools text-center hide-for-small bottom hover-slide-in show-on-hover\">\n\t\t\t\t<a href=\"https:\/\/gpowersport.com\/es\/carbon-fiber-paddles\/dragon-boat\/dragon-boat-carbon-paddle-falcon-ii-carbon-qnect\/\" aria-describedby=\"woocommerce_loop_add_to_cart_link_describedby_34553\" data-quantity=\"1\" class=\"add-to-cart-grid no-padding is-transparent product_type_composite add_to_cart_button\" data-product_id=\"34553\" data-product_sku=\"\" aria-label=\"Lee m\u00e1s sobre \u201cDragon boat carbon paddle - Falcon II CARBON Qnect\u201d\" rel=\"nofollow\" data-no-translation-aria-label=\"\"><div class=\"cart-icon tooltip is-small\" title=\"Seleccionar opciones\"><strong>+<\/strong><\/div><\/a>\t<span id=\"woocommerce_loop_add_to_cart_link_describedby_34553\" class=\"screen-reader-text\">\n\t\t\t<\/span>\n\t\t\t<\/div>\n\t\t\t\t\t<\/div>\n\n\t\t<div class=\"box-text box-text-products text-center grid-style-2\">\n\t\t\t<div class=\"title-wrapper\">\t\t<p class=\"category uppercase is-smaller no-text-overflow product-cat op-8\">\n\t\t\tPalas de fibra de carbono\t\t<\/p>\n\t<p class=\"name product-title woocommerce-loop-product__title\"><a href=\"https:\/\/gpowersport.com\/es\/carbon-fiber-paddles\/dragon-boat\/dragon-boat-carbon-paddle-falcon-ii-carbon-qnect\/\" class=\"woocommerce-LoopProduct-link woocommerce-loop-product__link\">Dragon boat remo de carbono - Falcon II CARBON Qnect<\/a><\/p><\/div><div class=\"price-wrapper\">\n\t<span class=\"price\">Desde 214,00<br>(Impuestos no incluidos)<\/span>\n<\/div>\t\t<\/div>\n\t<\/div>\n\t\t<\/div>\n<\/div><\/div>\n\t<div id=\"gap-626887243\" class=\"gap-element clearfix\" style=\"display:block; height:auto;\">\n\t\t\n<style>\n#gap-626887243 {\n  padding-top: 50px;\n}\n<\/style>\n\t<\/div>","protected":false},"excerpt":{"rendered":"<p>Warrior OC1 The new Outrigger paddle with a unique feather surface. The innovative shape improves traction and increases the efficiency of the first pulling phase. The stroke is more comfortable and the embossing on the feather makes the paddle more stable in the water, giving greater comfort during training. Good grip facilitates the rotation of<\/p>","protected":false},"featured_media":36493,"comment_status":"open","ping_status":"closed","template":"","meta":[],"product_brand":[],"product_cat":[18,98],"product_tag":[],"class_list":{"0":"post-36490","1":"product","2":"type-product","3":"status-publish","4":"has-post-thumbnail","6":"product_cat-carbon-fiber-paddles","7":"product_cat-outrigger","9":"first","10":"instock","11":"featured","12":"taxable","13":"shipping-taxable","14":"purchasable","15":"product-type-composite"},"yoast_head":"<!-- This site is optimized with the Yoast SEO Premium plugin v20.7 (Yoast SEO v27.1.1) - https:\/\/yoast.com\/product\/yoast-seo-premium-wordpress\/ -->\n<title>Outrigger paddle Warrior OC1 - G&#039;Power best OC1 carbon fiber paddle<\/title>\n<meta name=\"robots\" content=\"index, follow, max-snippet:-1, max-image-preview:large, max-video-preview:-1\" \/>\n<link rel=\"canonical\" href=\"https:\/\/gpowersport.com\/es\/carbon-fiber-paddles\/oc1\/\" \/>\n<meta property=\"og:locale\" content=\"es_ES\" \/>\n<meta property=\"og:type\" content=\"article\" \/>\n<meta property=\"og:title\" content=\"Outrigger paddle Warrior OC1\" \/>\n<meta property=\"og:description\" content=\"Warrior OC1 The new Outrigger paddle with a unique feather surface. The innovative shape improves traction and increases the efficiency of the first pulling phase. The stroke is more comfortable and the embossing on the feather makes the paddle more stable in the water, giving greater comfort during training. Good grip facilitates the rotation of\" \/>\n<meta property=\"og:url\" content=\"https:\/\/gpowersport.com\/es\/carbon-fiber-paddles\/oc1\/\" \/>\n<meta property=\"og:site_name\" content=\"G&#039;Power\" \/>\n<meta property=\"article:publisher\" content=\"https:\/\/www.facebook.com\/GpowerPaddles\" \/>\n<meta property=\"article:modified_time\" content=\"2025-11-10T00:12:18+00:00\" \/>\n<meta property=\"og:image\" content=\"https:\/\/gpowersport.com\/wp-content\/uploads\/2021\/10\/OC1_paddle_start_1200.jpg\" \/>\n\t<meta property=\"og:image:width\" content=\"1200\" \/>\n\t<meta property=\"og:image:height\" content=\"218\" \/>\n\t<meta property=\"og:image:type\" content=\"image\/jpeg\" \/>\n<meta name=\"twitter:card\" content=\"summary_large_image\" \/>\n<meta name=\"twitter:label1\" content=\"Tiempo de lectura\" \/>\n\t<meta name=\"twitter:data1\" content=\"2 minutos\" \/>\n<script type=\"application\/ld+json\" class=\"yoast-schema-graph\">{\"@context\":\"https:\/\/schema.org\",\"@graph\":[{\"@type\":[\"WebPage\",\"ItemPage\"],\"@id\":\"https:\/\/gpowersport.com\/carbon-fiber-paddles\/oc1\/\",\"url\":\"https:\/\/gpowersport.com\/carbon-fiber-paddles\/oc1\/\",\"name\":\"Outrigger paddle Warrior OC1 - G&#039;Power best OC1 carbon fiber paddle\",\"isPartOf\":{\"@id\":\"https:\/\/gpowersport.com\/pl\/#website\"},\"primaryImageOfPage\":{\"@id\":\"https:\/\/gpowersport.com\/carbon-fiber-paddles\/oc1\/#primaryimage\"},\"image\":{\"@id\":\"https:\/\/gpowersport.com\/carbon-fiber-paddles\/oc1\/#primaryimage\"},\"thumbnailUrl\":\"https:\/\/gpowersport.com\/wp-content\/uploads\/2021\/10\/OC1_paddle_start_1200.jpg\",\"datePublished\":\"2021-10-19T06:44:04+00:00\",\"dateModified\":\"2025-11-10T00:12:18+00:00\",\"breadcrumb\":{\"@id\":\"https:\/\/gpowersport.com\/carbon-fiber-paddles\/oc1\/#breadcrumb\"},\"inLanguage\":\"es\",\"potentialAction\":[{\"@type\":\"ReadAction\",\"target\":[\"https:\/\/gpowersport.com\/carbon-fiber-paddles\/oc1\/\"]}]},{\"@type\":\"ImageObject\",\"inLanguage\":\"es\",\"@id\":\"https:\/\/gpowersport.com\/carbon-fiber-paddles\/oc1\/#primaryimage\",\"url\":\"https:\/\/gpowersport.com\/wp-content\/uploads\/2021\/10\/OC1_paddle_start_1200.jpg\",\"contentUrl\":\"https:\/\/gpowersport.com\/wp-content\/uploads\/2021\/10\/OC1_paddle_start_1200.jpg\",\"width\":1200,\"height\":218,\"caption\":\"OC1 paddle\"},{\"@type\":\"BreadcrumbList\",\"@id\":\"https:\/\/gpowersport.com\/carbon-fiber-paddles\/oc1\/#breadcrumb\",\"itemListElement\":[{\"@type\":\"ListItem\",\"position\":1,\"name\":\"Home\",\"item\":\"https:\/\/gpowersport.com\/\"},{\"@type\":\"ListItem\",\"position\":2,\"name\":\"Shop\",\"item\":\"https:\/\/gpowersport.com\/carbon-fiber-paddles\/\"},{\"@type\":\"ListItem\",\"position\":3,\"name\":\"Carbon Fiber Paddles\",\"item\":\"https:\/\/gpowersport.com\/pl\/carbon-fiber-paddles\/\"},{\"@type\":\"ListItem\",\"position\":4,\"name\":\"Outrigger paddle Warrior OC1\"}]},{\"@type\":\"WebSite\",\"@id\":\"https:\/\/gpowersport.com\/pl\/#website\",\"url\":\"https:\/\/gpowersport.com\/pl\/\",\"name\":\"G'Power carbon paddles\",\"description\":\"\",\"publisher\":{\"@id\":\"https:\/\/gpowersport.com\/pl\/#organization\"},\"potentialAction\":[{\"@type\":\"SearchAction\",\"target\":{\"@type\":\"EntryPoint\",\"urlTemplate\":\"https:\/\/gpowersport.com\/pl\/?s={search_term_string}\"},\"query-input\":{\"@type\":\"PropertyValueSpecification\",\"valueRequired\":true,\"valueName\":\"search_term_string\"}}],\"inLanguage\":\"es\"},{\"@type\":\"Organization\",\"@id\":\"https:\/\/gpowersport.com\/pl\/#organization\",\"name\":\"G'power carbon paddles\",\"url\":\"https:\/\/gpowersport.com\/pl\/\",\"logo\":{\"@type\":\"ImageObject\",\"inLanguage\":\"es\",\"@id\":\"https:\/\/gpowersport.com\/pl\/#\/schema\/logo\/image\/\",\"url\":\"https:\/\/gpowersport.com\/wp-content\/uploads\/2020\/03\/gpower-logo.png\",\"contentUrl\":\"https:\/\/gpowersport.com\/wp-content\/uploads\/2020\/03\/gpower-logo.png\",\"width\":140,\"height\":30,\"caption\":\"G'power carbon paddles\"},\"image\":{\"@id\":\"https:\/\/gpowersport.com\/pl\/#\/schema\/logo\/image\/\"},\"sameAs\":[\"https:\/\/www.facebook.com\/GpowerPaddles\",\"https:\/\/www.instagram.com\/gpowerpaddles\/\"]}]}<\/script>\n<!-- \/ Yoast SEO Premium plugin. -->","yoast_head_json":{"title":"Pala Outrigger Warrior OC1 - G&#039;Power la mejor pala de fibra de carbono OC1","robots":{"index":"index","follow":"follow","max-snippet":"max-snippet:-1","max-image-preview":"max-image-preview:large","max-video-preview":"max-video-preview:-1"},"canonical":"https:\/\/gpowersport.com\/es\/carbon-fiber-paddles\/oc1\/","og_locale":"es_ES","og_type":"article","og_title":"Outrigger paddle Warrior OC1","og_description":"Warrior OC1 The new Outrigger paddle with a unique feather surface. The innovative shape improves traction and increases the efficiency of the first pulling phase. The stroke is more comfortable and the embossing on the feather makes the paddle more stable in the water, giving greater comfort during training. Good grip facilitates the rotation of","og_url":"https:\/\/gpowersport.com\/es\/carbon-fiber-paddles\/oc1\/","og_site_name":"G&#039;Power","article_publisher":"https:\/\/www.facebook.com\/GpowerPaddles","article_modified_time":"2025-11-10T00:12:18+00:00","og_image":[{"width":1200,"height":218,"url":"https:\/\/gpowersport.com\/wp-content\/uploads\/2021\/10\/OC1_paddle_start_1200.jpg","type":"image\/jpeg"}],"twitter_card":"summary_large_image","twitter_misc":{"Tiempo de lectura":"2 minutos"},"schema":{"@context":"https:\/\/schema.org","@graph":[{"@type":["WebPage","ItemPage"],"@id":"https:\/\/gpowersport.com\/carbon-fiber-paddles\/oc1\/","url":"https:\/\/gpowersport.com\/carbon-fiber-paddles\/oc1\/","name":"Pala Outrigger Warrior OC1 - G&#039;Power la mejor pala de fibra de carbono OC1","isPartOf":{"@id":"https:\/\/gpowersport.com\/pl\/#website"},"primaryImageOfPage":{"@id":"https:\/\/gpowersport.com\/carbon-fiber-paddles\/oc1\/#primaryimage"},"image":{"@id":"https:\/\/gpowersport.com\/carbon-fiber-paddles\/oc1\/#primaryimage"},"thumbnailUrl":"https:\/\/gpowersport.com\/wp-content\/uploads\/2021\/10\/OC1_paddle_start_1200.jpg","datePublished":"2021-10-19T06:44:04+00:00","dateModified":"2025-11-10T00:12:18+00:00","breadcrumb":{"@id":"https:\/\/gpowersport.com\/carbon-fiber-paddles\/oc1\/#breadcrumb"},"inLanguage":"es","potentialAction":[{"@type":"ReadAction","target":["https:\/\/gpowersport.com\/carbon-fiber-paddles\/oc1\/"]}]},{"@type":"ImageObject","inLanguage":"es","@id":"https:\/\/gpowersport.com\/carbon-fiber-paddles\/oc1\/#primaryimage","url":"https:\/\/gpowersport.com\/wp-content\/uploads\/2021\/10\/OC1_paddle_start_1200.jpg","contentUrl":"https:\/\/gpowersport.com\/wp-content\/uploads\/2021\/10\/OC1_paddle_start_1200.jpg","width":1200,"height":218,"caption":"OC1 paddle"},{"@type":"BreadcrumbList","@id":"https:\/\/gpowersport.com\/carbon-fiber-paddles\/oc1\/#breadcrumb","itemListElement":[{"@type":"ListItem","position":1,"name":"Home","item":"https:\/\/gpowersport.com\/"},{"@type":"ListItem","position":2,"name":"Shop","item":"https:\/\/gpowersport.com\/carbon-fiber-paddles\/"},{"@type":"ListItem","position":3,"name":"Carbon Fiber Paddles","item":"https:\/\/gpowersport.com\/pl\/carbon-fiber-paddles\/"},{"@type":"ListItem","position":4,"name":"Outrigger paddle Warrior OC1"}]},{"@type":"WebSite","@id":"https:\/\/gpowersport.com\/pl\/#website","url":"https:\/\/gpowersport.com\/pl\/","name":"Palas de carbono G'Power","description":"","publisher":{"@id":"https:\/\/gpowersport.com\/pl\/#organization"},"potentialAction":[{"@type":"SearchAction","target":{"@type":"EntryPoint","urlTemplate":"https:\/\/gpowersport.com\/pl\/?s={search_term_string}"},"query-input":{"@type":"PropertyValueSpecification","valueRequired":true,"valueName":"search_term_string"}}],"inLanguage":"es"},{"@type":"Organization","@id":"https:\/\/gpowersport.com\/pl\/#organization","name":"Palas de carbono G'power","url":"https:\/\/gpowersport.com\/pl\/","logo":{"@type":"ImageObject","inLanguage":"es","@id":"https:\/\/gpowersport.com\/pl\/#\/schema\/logo\/image\/","url":"https:\/\/gpowersport.com\/wp-content\/uploads\/2020\/03\/gpower-logo.png","contentUrl":"https:\/\/gpowersport.com\/wp-content\/uploads\/2020\/03\/gpower-logo.png","width":140,"height":30,"caption":"G'power carbon paddles"},"image":{"@id":"https:\/\/gpowersport.com\/pl\/#\/schema\/logo\/image\/"},"sameAs":["https:\/\/www.facebook.com\/GpowerPaddles","https:\/\/www.instagram.com\/gpowerpaddles\/"]}]}},"_links":{"self":[{"href":"https:\/\/gpowersport.com\/es\/wp-json\/wp\/v2\/product\/36490","targetHints":{"allow":["GET"]}}],"collection":[{"href":"https:\/\/gpowersport.com\/es\/wp-json\/wp\/v2\/product"}],"about":[{"href":"https:\/\/gpowersport.com\/es\/wp-json\/wp\/v2\/types\/product"}],"replies":[{"embeddable":true,"href":"https:\/\/gpowersport.com\/es\/wp-json\/wp\/v2\/comments?post=36490"}],"wp:featuredmedia":[{"embeddable":true,"href":"https:\/\/gpowersport.com\/es\/wp-json\/wp\/v2\/media\/36493"}],"wp:attachment":[{"href":"https:\/\/gpowersport.com\/es\/wp-json\/wp\/v2\/media?parent=36490"}],"wp:term":[{"taxonomy":"product_brand","embeddable":true,"href":"https:\/\/gpowersport.com\/es\/wp-json\/wp\/v2\/product_brand?post=36490"},{"taxonomy":"product_cat","embeddable":true,"href":"https:\/\/gpowersport.com\/es\/wp-json\/wp\/v2\/product_cat?post=36490"},{"taxonomy":"product_tag","embeddable":true,"href":"https:\/\/gpowersport.com\/es\/wp-json\/wp\/v2\/product_tag?post=36490"}],"curies":[{"name":"wp","href":"https:\/\/api.w.org\/{rel}","templated":true}]}}