{"id":34841,"date":"2020-05-20T05:40:42","date_gmt":"2020-05-20T05:40:42","guid":{"rendered":"https:\/\/gpowersport.com\/?page_id=34841"},"modified":"2023-10-25T11:33:34","modified_gmt":"2023-10-25T11:33:34","slug":"gpower-technology-park","status":"publish","type":"page","link":"https:\/\/gpowersport.com\/fi\/gpower-technology-park\/","title":{"rendered":"TEKNOLOGIA - SUUNNITELTU AMMATTILAISMELOJILLE"},"content":{"rendered":"<h1>G'POWER MELAT - SUUNNITELTU AMMATTILAISMELOJILLE<\/h1>\n<p>G'POWERilla intohimomme melontaa kohtaan ja vuosien kokemuksemme ansiosta olemme voineet luoda huippuluokan meloja, jotka t\u00e4ytt\u00e4v\u00e4t vaativimpienkin kilpailijoiden vaatimukset. Huippulaadukkaasta hiilikuidusta ja epoksihartsista valmistetut melamme tarjoavat vertaansa vailla olevaa valmistuslaatua ja esteettisyytt\u00e4. Parannamme tuotteitamme jatkuvasti tutkimalla jatkuvasti uusia materiaaleja ja teknologioita.<\/p>\n<p>Hiilimelojemme suunnittelussa on huomioitu keveys, laaja kest\u00e4vyys ja poikkeuksellinen tehokkuus vedess\u00e4. Siksi olemme ansainneet kokeneiden melojien ja valmentajien kunnioituksen. Melojamme ovat auttaneet urheilijoita voittamaan maailmancupeja, maailmanmestaruuksia, Euroopan mestaruuksia ja jopa olympiakultaa.<\/p>\n<p>Rafal ja Piotr Glazewskin vuonna 2005 perustama G'POWER on kasvanut pienest\u00e4 perheyrityksest\u00e4 merkitt\u00e4v\u00e4ksi tuotemerkiksi ammattimaisten kajakkimelojen markkinoilla. Yritys aloitti Piotrin vuonna 1988 perustamana GP-valmistustehtaana, jossa valmistettiin ensimm\u00e4iset siipimelat L\u00e4hi-It\u00e4-Euroopassa. Alkuaikoina kaikki melat valmistettiin k\u00e4sin, mutta vuodesta 2010 l\u00e4htien olemme ottaneet k\u00e4ytt\u00f6\u00f6n 3D-mallinnuksen ja tarkan CAD\/CAM-tekniikan tuotannon tehostamiseksi ja inhimillisten virheiden poistamiseksi.<\/p>\n<p>Nyky\u00e4\u00e4n G'POWER tarjoaa laajan valikoiman meloja eri melontalajeihin, kuten sprinttiin, slalomiin, <a href=\"https:\/\/gpowersport.com\/fi\/carbon-fiber-paddles\/dragon-boat\/\">Lohik\u00e4\u00e4rmevene<\/a>, kajakki Polo, Stand Up, Outrigger ja Freestyle.<\/p>\n<h2>TEKNOLOGIA<\/h2>\n<p>Valmistusprosessimme sis\u00e4lt\u00e4\u00e4 huipputeknologiaa, kuten 3D- ja 5D-CNC-tekniikkaa, UV-tulostusta, 3D-mallinnusta ja CAD\/CAM-tekniikkaa sek\u00e4 ammattimaisia l\u00e4mmitys- ja maalauskaappeja. Lambda VTS -ty\u00f6st\u00f6keskuksemme on numeerisesti ohjattu 5 akselilla, ja se on suunniteltu erityisesti puun, muovien, komposiittien, alumiinin ja polyesteri-\/epoksihartsien kaltaisten materiaalien k\u00e4sittelyyn. Leikkurimateriaalimme on optimoitu komposiittimateriaalien leikkaamiseen 1750 mm:n ty\u00f6leveydell\u00e4, ja UV-tulostuksemme tuottaa kiinteit\u00e4, vedenpit\u00e4vi\u00e4 ja UV-s\u00e4teily\u00e4 kest\u00e4vi\u00e4 tulosteita eri materiaaleihin, kuten metalliin, lasiin, hiileen, puuhun, kumiin ja pahviin.<\/p>\n<p>Yhteenvetona voidaan todeta, ett\u00e4 G'POWER pyrkii tarjoamaan parhaat melat ammattimaisille melojille, ja omistautumisemme innovaatiolle ja teknologialle n\u00e4kyy jokaisessa valmistamassamme tuotteessa. Olitpa sitten kokenut kilpailija tai aloittelija, voit luottaa siihen, ett\u00e4 G'POWER tarjoaa ansaitsemasi suorituskyvyn ja laadun.<\/p>\n<p><img fetchpriority=\"high\" decoding=\"async\" class=\"size-full wp-image-600 aligncenter\" src=\"http:\/\/gpowersport.com\/wp-content\/uploads\/2019\/04\/gpower-headquarter.jpg\" alt=\"\" width=\"500\" height=\"211\" srcset=\"https:\/\/gpowersport.com\/wp-content\/uploads\/2019\/04\/gpower-headquarter.jpg 500w, https:\/\/gpowersport.com\/wp-content\/uploads\/2019\/04\/gpower-headquarter-18x8.jpg 18w\" sizes=\"(max-width: 500px) 100vw, 500px\" \/><\/p>","protected":false},"excerpt":{"rendered":"<p>G'POWER-MELATTAJAT - SUUNNITELTU AMMATTILAISILLE KAJAKOILIJOILLE G'POWERilla intohimomme kajakkimelontaan ja vuosien kokemuksemme on antanut meille mahdollisuuden luoda huippuluokan meloja, jotka t\u00e4ytt\u00e4v\u00e4t vaativimpienkin kilpailijoiden vaatimukset. Laadukkaasta hiilikuidusta ja epoksihartsista valmistetut melamme tarjoavat vertaansa vailla olevaa valmistuslaatua ja esteettist\u00e4 kauneutta. Parannamme jatkuvasti [...]<\/p>","protected":false},"author":61,"featured_media":0,"parent":0,"menu_order":0,"comment_status":"closed","ping_status":"closed","template":"","meta":{"footnotes":""},"class_list":["post-34841","page","type-page","status-publish","hentry"],"yoast_head":"<!-- This site is optimized with the Yoast SEO Premium plugin v20.7 (Yoast SEO v27.1.1) - https:\/\/yoast.com\/product\/yoast-seo-premium-wordpress\/ -->\n<title>TECHNOLOGY - DESIGNED FOR PROFESSIONAL KAYAKERS - G&#039;power<\/title>\n<meta name=\"robots\" content=\"index, follow, max-snippet:-1, max-image-preview:large, max-video-preview:-1\" \/>\n<link rel=\"canonical\" href=\"https:\/\/gpowersport.com\/fi\/gpower-technology-park\/\" \/>\n<meta property=\"og:locale\" content=\"fi_FI\" \/>\n<meta property=\"og:type\" content=\"article\" \/>\n<meta property=\"og:title\" content=\"TECHNOLOGY - DESIGNED FOR PROFESSIONAL KAYAKERS\" \/>\n<meta property=\"og:description\" content=\"G&#8217;POWER PADDLES &#8211; DESIGNED FOR PROFESSIONAL KAYAKERS At G&#8217;POWER, our passion for kayaking and years of experience has allowed us to create state-of-the-art paddles that meet the demands of even the most demanding competitors. Made from top-quality carbon fiber and epoxy resins, our paddles offer unmatched manufacturing quality and aesthetic appeal. We continuously improve our\" \/>\n<meta property=\"og:url\" content=\"https:\/\/gpowersport.com\/fi\/gpower-technology-park\/\" \/>\n<meta property=\"og:site_name\" content=\"G&#039;Power\" \/>\n<meta property=\"article:publisher\" content=\"https:\/\/www.facebook.com\/GpowerPaddles\" \/>\n<meta property=\"article:modified_time\" content=\"2023-10-25T11:33:34+00:00\" \/>\n<meta property=\"og:image\" content=\"http:\/\/gpowersport.com\/wp-content\/uploads\/2019\/04\/gpower-headquarter.jpg\" \/>\n<meta name=\"twitter:card\" content=\"summary_large_image\" \/>\n<meta name=\"twitter:label1\" content=\"Arvioitu lukuaika\" \/>\n\t<meta name=\"twitter:data1\" content=\"2 minuuttia\" \/>\n<script type=\"application\/ld+json\" class=\"yoast-schema-graph\">{\"@context\":\"https:\/\/schema.org\",\"@graph\":[{\"@type\":\"WebPage\",\"@id\":\"https:\/\/gpowersport.com\/gpower-technology-park\/\",\"url\":\"https:\/\/gpowersport.com\/gpower-technology-park\/\",\"name\":\"TECHNOLOGY - DESIGNED FOR PROFESSIONAL KAYAKERS - G'power\",\"isPartOf\":{\"@id\":\"https:\/\/gpowersport.com\/pl\/#website\"},\"primaryImageOfPage\":{\"@id\":\"https:\/\/gpowersport.com\/gpower-technology-park\/#primaryimage\"},\"image\":{\"@id\":\"https:\/\/gpowersport.com\/gpower-technology-park\/#primaryimage\"},\"thumbnailUrl\":\"http:\/\/gpowersport.com\/wp-content\/uploads\/2019\/04\/gpower-headquarter.jpg\",\"datePublished\":\"2020-05-20T05:40:42+00:00\",\"dateModified\":\"2023-10-25T11:33:34+00:00\",\"breadcrumb\":{\"@id\":\"https:\/\/gpowersport.com\/gpower-technology-park\/#breadcrumb\"},\"inLanguage\":\"fi\",\"potentialAction\":[{\"@type\":\"ReadAction\",\"target\":[\"https:\/\/gpowersport.com\/gpower-technology-park\/\"]}]},{\"@type\":\"ImageObject\",\"inLanguage\":\"fi\",\"@id\":\"https:\/\/gpowersport.com\/gpower-technology-park\/#primaryimage\",\"url\":\"http:\/\/gpowersport.com\/wp-content\/uploads\/2019\/04\/gpower-headquarter.jpg\",\"contentUrl\":\"http:\/\/gpowersport.com\/wp-content\/uploads\/2019\/04\/gpower-headquarter.jpg\"},{\"@type\":\"BreadcrumbList\",\"@id\":\"https:\/\/gpowersport.com\/gpower-technology-park\/#breadcrumb\",\"itemListElement\":[{\"@type\":\"ListItem\",\"position\":1,\"name\":\"Home\",\"item\":\"https:\/\/gpowersport.com\/\"},{\"@type\":\"ListItem\",\"position\":2,\"name\":\"TECHNOLOGY &#8211; DESIGNED FOR PROFESSIONAL KAYAKERS\"}]},{\"@type\":\"WebSite\",\"@id\":\"https:\/\/gpowersport.com\/pl\/#website\",\"url\":\"https:\/\/gpowersport.com\/pl\/\",\"name\":\"G'Power carbon paddles\",\"description\":\"\",\"publisher\":{\"@id\":\"https:\/\/gpowersport.com\/pl\/#organization\"},\"potentialAction\":[{\"@type\":\"SearchAction\",\"target\":{\"@type\":\"EntryPoint\",\"urlTemplate\":\"https:\/\/gpowersport.com\/pl\/?s={search_term_string}\"},\"query-input\":{\"@type\":\"PropertyValueSpecification\",\"valueRequired\":true,\"valueName\":\"search_term_string\"}}],\"inLanguage\":\"fi\"},{\"@type\":\"Organization\",\"@id\":\"https:\/\/gpowersport.com\/pl\/#organization\",\"name\":\"G'power carbon paddles\",\"url\":\"https:\/\/gpowersport.com\/pl\/\",\"logo\":{\"@type\":\"ImageObject\",\"inLanguage\":\"fi\",\"@id\":\"https:\/\/gpowersport.com\/pl\/#\/schema\/logo\/image\/\",\"url\":\"https:\/\/gpowersport.com\/wp-content\/uploads\/2020\/03\/gpower-logo.png\",\"contentUrl\":\"https:\/\/gpowersport.com\/wp-content\/uploads\/2020\/03\/gpower-logo.png\",\"width\":140,\"height\":30,\"caption\":\"G'power carbon paddles\"},\"image\":{\"@id\":\"https:\/\/gpowersport.com\/pl\/#\/schema\/logo\/image\/\"},\"sameAs\":[\"https:\/\/www.facebook.com\/GpowerPaddles\",\"https:\/\/www.instagram.com\/gpowerpaddles\/\"]}]}<\/script>\n<!-- \/ Yoast SEO Premium plugin. -->","yoast_head_json":{"title":"TEKNOLOGIA - SUUNNITELTU AMMATTILAISILLE KAYAKKEREILLE - G'power","robots":{"index":"index","follow":"follow","max-snippet":"max-snippet:-1","max-image-preview":"max-image-preview:large","max-video-preview":"max-video-preview:-1"},"canonical":"https:\/\/gpowersport.com\/fi\/gpower-technology-park\/","og_locale":"fi_FI","og_type":"article","og_title":"TECHNOLOGY - DESIGNED FOR PROFESSIONAL KAYAKERS","og_description":"G&#8217;POWER PADDLES &#8211; DESIGNED FOR PROFESSIONAL KAYAKERS At G&#8217;POWER, our passion for kayaking and years of experience has allowed us to create state-of-the-art paddles that meet the demands of even the most demanding competitors. Made from top-quality carbon fiber and epoxy resins, our paddles offer unmatched manufacturing quality and aesthetic appeal. We continuously improve our","og_url":"https:\/\/gpowersport.com\/fi\/gpower-technology-park\/","og_site_name":"G&#039;Power","article_publisher":"https:\/\/www.facebook.com\/GpowerPaddles","article_modified_time":"2023-10-25T11:33:34+00:00","og_image":[{"url":"http:\/\/gpowersport.com\/wp-content\/uploads\/2019\/04\/gpower-headquarter.jpg","type":"","width":"","height":""}],"twitter_card":"summary_large_image","twitter_misc":{"Arvioitu lukuaika":"2 minuuttia"},"schema":{"@context":"https:\/\/schema.org","@graph":[{"@type":"WebPage","@id":"https:\/\/gpowersport.com\/gpower-technology-park\/","url":"https:\/\/gpowersport.com\/gpower-technology-park\/","name":"TEKNOLOGIA - SUUNNITELTU AMMATTILAISILLE KAYAKKEREILLE - G'power","isPartOf":{"@id":"https:\/\/gpowersport.com\/pl\/#website"},"primaryImageOfPage":{"@id":"https:\/\/gpowersport.com\/gpower-technology-park\/#primaryimage"},"image":{"@id":"https:\/\/gpowersport.com\/gpower-technology-park\/#primaryimage"},"thumbnailUrl":"http:\/\/gpowersport.com\/wp-content\/uploads\/2019\/04\/gpower-headquarter.jpg","datePublished":"2020-05-20T05:40:42+00:00","dateModified":"2023-10-25T11:33:34+00:00","breadcrumb":{"@id":"https:\/\/gpowersport.com\/gpower-technology-park\/#breadcrumb"},"inLanguage":"fi","potentialAction":[{"@type":"ReadAction","target":["https:\/\/gpowersport.com\/gpower-technology-park\/"]}]},{"@type":"ImageObject","inLanguage":"fi","@id":"https:\/\/gpowersport.com\/gpower-technology-park\/#primaryimage","url":"http:\/\/gpowersport.com\/wp-content\/uploads\/2019\/04\/gpower-headquarter.jpg","contentUrl":"http:\/\/gpowersport.com\/wp-content\/uploads\/2019\/04\/gpower-headquarter.jpg"},{"@type":"BreadcrumbList","@id":"https:\/\/gpowersport.com\/gpower-technology-park\/#breadcrumb","itemListElement":[{"@type":"ListItem","position":1,"name":"Home","item":"https:\/\/gpowersport.com\/"},{"@type":"ListItem","position":2,"name":"TECHNOLOGY &#8211; DESIGNED FOR PROFESSIONAL KAYAKERS"}]},{"@type":"WebSite","@id":"https:\/\/gpowersport.com\/pl\/#website","url":"https:\/\/gpowersport.com\/pl\/","name":"G'Power hiilen melat","description":"","publisher":{"@id":"https:\/\/gpowersport.com\/pl\/#organization"},"potentialAction":[{"@type":"SearchAction","target":{"@type":"EntryPoint","urlTemplate":"https:\/\/gpowersport.com\/pl\/?s={search_term_string}"},"query-input":{"@type":"PropertyValueSpecification","valueRequired":true,"valueName":"search_term_string"}}],"inLanguage":"fi"},{"@type":"Organization","@id":"https:\/\/gpowersport.com\/pl\/#organization","name":"G'power carbon -melat","url":"https:\/\/gpowersport.com\/pl\/","logo":{"@type":"ImageObject","inLanguage":"fi","@id":"https:\/\/gpowersport.com\/pl\/#\/schema\/logo\/image\/","url":"https:\/\/gpowersport.com\/wp-content\/uploads\/2020\/03\/gpower-logo.png","contentUrl":"https:\/\/gpowersport.com\/wp-content\/uploads\/2020\/03\/gpower-logo.png","width":140,"height":30,"caption":"G'power carbon paddles"},"image":{"@id":"https:\/\/gpowersport.com\/pl\/#\/schema\/logo\/image\/"},"sameAs":["https:\/\/www.facebook.com\/GpowerPaddles","https:\/\/www.instagram.com\/gpowerpaddles\/"]}]}},"_links":{"self":[{"href":"https:\/\/gpowersport.com\/fi\/wp-json\/wp\/v2\/pages\/34841","targetHints":{"allow":["GET"]}}],"collection":[{"href":"https:\/\/gpowersport.com\/fi\/wp-json\/wp\/v2\/pages"}],"about":[{"href":"https:\/\/gpowersport.com\/fi\/wp-json\/wp\/v2\/types\/page"}],"author":[{"embeddable":true,"href":"https:\/\/gpowersport.com\/fi\/wp-json\/wp\/v2\/users\/61"}],"replies":[{"embeddable":true,"href":"https:\/\/gpowersport.com\/fi\/wp-json\/wp\/v2\/comments?post=34841"}],"version-history":[{"count":1,"href":"https:\/\/gpowersport.com\/fi\/wp-json\/wp\/v2\/pages\/34841\/revisions"}],"predecessor-version":[{"id":42986,"href":"https:\/\/gpowersport.com\/fi\/wp-json\/wp\/v2\/pages\/34841\/revisions\/42986"}],"wp:attachment":[{"href":"https:\/\/gpowersport.com\/fi\/wp-json\/wp\/v2\/media?parent=34841"}],"curies":[{"name":"wp","href":"https:\/\/api.w.org\/{rel}","templated":true}]}}