{"id":35313,"date":"2020-07-29T10:06:21","date_gmt":"2020-07-29T10:06:21","guid":{"rendered":"https:\/\/gpowersport.com\/?post_type=product&#038;p=35313"},"modified":"2023-08-11T06:59:02","modified_gmt":"2023-08-11T06:59:02","slug":"carbon-canoe-paddle-typhoon-elite","status":"publish","type":"product","link":"https:\/\/gpowersport.com\/fi\/carbon-fiber-paddles\/slalom\/canoe\/carbon-canoe-paddle-typhoon-elite\/","title":{"rendered":"Hiilikanootin meloja Slalom - Typhoon Elite"},"content":{"rendered":"<h1><span lang=\"EN-US\" style=\"font-size: 75%;\">Carbon <a href=\"https:\/\/www.canoeicf.com\/\" target=\"_blank\" rel=\"noopener noreferrer\">canoe paddle<\/a> &#8211; Typhoon Elite <\/span><\/h1>\n<h2><span style=\"font-size: 75%;\"><span lang=\"EN-US\">Canoe <a href=\"https:\/\/gpowersport.com\/fi\/carbon-fiber-paddles\/slalom\/canoe\/\" target=\"_blank\" rel=\"noopener noreferrer\">slalom\u00a0paddle<\/a> with\u00a0<a href=\"https:\/\/gpowersport.com\/fi\/paddles-with-own-design\/\" target=\"_blank\" rel=\"noopener noreferrer\">classic design<\/a>. Good\u00a0paddle for\u00a0beginners.<br \/>\n<\/span><span class=\"hps\"><span lang=\"EN\">Transverse<\/span><\/span><span class=\"longtext\"><span lang=\"EN\">\u00a0<\/span><\/span><span class=\"hps\"><span lang=\"EN\">reinforcement<\/span><\/span><span class=\"longtext\"><span lang=\"EN\">\u00a0<\/span><\/span><span class=\"hps\"><span lang=\"EN\">ter\u00e4<\/span><\/span><span class=\"longtext\"><span lang=\"EN\">\u00a0<\/span><\/span><span class=\"hps\"><span lang=\"EN\">ja<\/span><\/span><span class=\"longtext\"><span lang=\"EN\">\u00a0<\/span><\/span><span class=\"hps\"><span lang=\"EN\">stainless steel<\/span><\/span><span class=\"longtext\"><span lang=\"EN\">\u00a0<\/span><\/span><span class=\"hps\"><span lang=\"EN\">blade edge<\/span><\/span><span class=\"longtext\"><span lang=\"EN\">.<\/span><\/span><span lang=\"EN\"><br \/>\n<span class=\"hps\">Available<\/span><span class=\"longtext\">\u00a0<\/span><span class=\"hps\">in 2\u00a0sizes<\/span><span class=\"longtext\">: M,\u00a0<\/span><span class=\"hps\">L<\/span><span class=\"longtext\">ja\u00a0<\/span><span class=\"hps\">three different<\/span><span class=\"longtext\">\u00a0<\/span><span class=\"hps\">stiffness<\/span><span class=\"longtext\">.<\/span><\/span><\/span><\/h2>\n<p>&nbsp;<\/p>\n<table border=\"0\" width=\"100%\" cellspacing=\"1\" cellpadding=\"1\" align=\"center\">\n<tbody>\n<tr>\n<td width=\"20%\"><span style=\"font-size: 75%;\">Koko<\/span><\/td>\n<td style=\"text-align: left;\" valign=\"middle\"><span style=\"font-size: 75%;\">XS<\/span><\/td>\n<td style=\"text-align: left;\"><span style=\"font-size: 75%;\">S<\/span><\/td>\n<td style=\"text-align: left;\"><span style=\"font-size: 75%;\">M<\/span><\/td>\n<td style=\"text-align: left;\"><span style=\"font-size: 75%;\">L<\/span><\/td>\n<td style=\"text-align: left;\"><span style=\"font-size: 75%;\">XL<\/span><\/td>\n<\/tr>\n<tr>\n<td><span style=\"font-size: 75%;\">Ter\u00e4n pinta-ala<\/span><\/td>\n<td style=\"text-align: left;\"><span style=\"color: #282828;\"><span style=\"font-size: 10.8px;\">&#8211;<\/span><\/span><\/td>\n<td style=\"text-align: left;\"><span style=\"color: #282828;\"><span style=\"font-size: 10.8px;\">&#8211;<\/span><\/span><\/td>\n<td style=\"text-align: left;\"><span style=\"font-size: 75%; color: #282828;\">780 cm<sup>2<\/sup><\/span><\/td>\n<td style=\"text-align: left;\"><span style=\"font-size: 75%; color: #282828;\">790 cm<sup>2<\/sup><\/span><\/td>\n<td style=\"text-align: left;\"><span style=\"color: #282828;\"><span style=\"font-size: 10.8px;\">&#8211;<\/span><\/span><\/td>\n<\/tr>\n<tr>\n<td><span style=\"font-size: 75%;\">Ter\u00e4n pituus<\/span><\/td>\n<td style=\"text-align: left;\"><span style=\"font-size: 75%;\">&#8211;<\/span><\/td>\n<td style=\"text-align: left;\"><span style=\"font-size: 75%;\">&#8211;<\/span><\/td>\n<td><span style=\"font-size: 75%;\">510 mm<\/span><\/td>\n<td><span style=\"font-size: 75%;\">510 mm<\/span><\/td>\n<td><span style=\"font-size: 75%;\">&#8211;<\/span><\/td>\n<\/tr>\n<tr>\n<td><span style=\"font-size: 75%;\">Ter\u00e4n leveys<\/span><\/td>\n<td><span style=\"font-size: 75%;\">&#8211;<\/span><\/td>\n<td><span style=\"font-size: 75%;\">&#8211;<\/span><\/td>\n<td><span style=\"font-size: 75%;\">190 mm<\/span><\/td>\n<td><span style=\"font-size: 75%;\">194 mm<\/span><\/td>\n<td><span style=\"font-size: 75%;\">&#8211;<\/span><\/td>\n<\/tr>\n<tr>\n<td><span style=\"font-size: 75%;\">Hiilipitoisuus - ter\u00e4 \/ akseli-<\/span><\/td>\n<td>&#8211;<\/td>\n<td><span style=\"font-size: 75%;\">&#8211;<\/span><\/td>\n<td><span style=\"font-size: 75%;\">100% \/ 100%<\/span><\/td>\n<td><span style=\"font-size: 75%;\">100% \/ 100%<\/span><\/td>\n<td><span style=\"font-size: 75%;\">&#8211;<\/span><\/td>\n<\/tr>\n<tr>\n<td><span style=\"font-size: 75%;\">Akselin halkaisija<\/span><\/td>\n<td><span style=\"font-size: 75%;\">&#8211;<\/span><\/td>\n<td><span style=\"font-size: 75%;\">&#8211;<\/span><\/td>\n<td><span style=\"font-size: 75%;\">29 mm<\/span><\/td>\n<td><span style=\"font-size: 75%;\">29 mm<\/span><\/td>\n<td><span style=\"font-size: 75%;\">&#8211;<\/span><\/td>\n<\/tr>\n<tr>\n<td><span style=\"font-size: 75%; color: #282828;\">Melan paino puukahvalla \/ flex hard<\/span><\/td>\n<td><span style=\"font-size: 75%; color: #282828;\">&#8211;<\/span><\/td>\n<td><span style=\"font-size: 75%; color: #282828;\">&#8211;<\/span><\/td>\n<td><span style=\"font-size: 75%; color: #282828;\">~ 485 g<\/span><\/td>\n<td><span style=\"font-size: 75%; color: #282828;\">~ 495 g<\/span><\/td>\n<td><span style=\"font-size: 75%; color: #282828;\">&#8211;<\/span><\/td>\n<\/tr>\n<tr>\n<td><span style=\"font-size: 75%;\">Metalliset k\u00e4rjet<\/span><\/td>\n<td><span style=\"font-size: 75%;\">&#8211;<\/span><\/td>\n<td><span style=\"font-size: 75%;\">&#8211;<\/span><\/td>\n<td><span style=\"font-size: 75%;\">kyll\u00e4<\/span><\/td>\n<td><span style=\"font-size: 75%;\">kyll\u00e4<\/span><\/td>\n<td><span style=\"font-size: 75%;\">&#8211;<\/span><\/td>\n<\/tr>\n<\/tbody>\n<\/table>\n<p>&nbsp;<\/p>\n\t\n  \n    <div class=\"row large-columns-4 medium-columns-3 small-columns-2 row-small slider row-slider slider-nav-reveal slider-nav-push\"  data-flickity-options='{&quot;imagesLoaded&quot;: true, &quot;groupCells&quot;: &quot;100%&quot;, &quot;dragThreshold&quot; : 5, &quot;cellAlign&quot;: &quot;left&quot;,&quot;wrapAround&quot;: true,&quot;prevNextButtons&quot;: true,&quot;percentPosition&quot;: true,&quot;pageDots&quot;: false, &quot;rightToLeft&quot;: false, &quot;autoPlay&quot; : false}' >\n\n  \n\t     <\/div>\n\t<div id=\"gap-94012429\" class=\"gap-element clearfix\" style=\"display:block; height:auto;\">\n\t\t\n<style>\n#gap-94012429 {\n  padding-top: 50px;\n}\n<\/style>\n\t<\/div>\n\t\n<div class=\"row align-middle\"  id=\"row-2116233635\">\n\n\t<div id=\"col-967837315\" class=\"col medium-4 small-12 large-4\"  >\n\t\t\t\t<div class=\"col-inner\"  >\n\t\t\t\n\t\t\t\n\t<div class=\"img has-hover x md-x lg-x y md-y lg-y\" id=\"image_526388769\">\n\t\t\t\t\t\t\t\t<div class=\"img-inner dark\" style=\"margin:-50px 0px 0px 0px;\">\n\t\t\t<img fetchpriority=\"high\" decoding=\"async\" width=\"1020\" height=\"680\" src=\"https:\/\/gpowersport.com\/wp-content\/uploads\/2019\/10\/aluminium_qnect_1-1200x800.jpg\" class=\"attachment-large size-large\" alt=\"\" srcset=\"https:\/\/gpowersport.com\/wp-content\/uploads\/2019\/10\/aluminium_qnect_1-1200x800.jpg 1200w, https:\/\/gpowersport.com\/wp-content\/uploads\/2019\/10\/aluminium_qnect_1-18x12.jpg 18w, https:\/\/gpowersport.com\/wp-content\/uploads\/2019\/10\/aluminium_qnect_1-600x400.jpg 600w, https:\/\/gpowersport.com\/wp-content\/uploads\/2019\/10\/aluminium_qnect_1-768x512.jpg 768w, https:\/\/gpowersport.com\/wp-content\/uploads\/2019\/10\/aluminium_qnect_1-1536x1024.jpg 1536w, https:\/\/gpowersport.com\/wp-content\/uploads\/2019\/10\/aluminium_qnect_1-1000x667.jpg 1000w, https:\/\/gpowersport.com\/wp-content\/uploads\/2019\/10\/aluminium_qnect_1-800x534.jpg 800w, https:\/\/gpowersport.com\/wp-content\/uploads\/2019\/10\/aluminium_qnect_1.jpg 1600w\" sizes=\"(max-width: 1020px) 100vw, 1020px\" \/>\t\t\t\t\t\t\n\t\t\t\t\t<\/div>\n\t\t\t\t\t\t\t\t\n<style>\n#image_526388769 {\n  width: 100%;\n}\n<\/style>\n\t<\/div>\n\t\n\t\t<\/div>\n\t\t\t\t\t<\/div>\n\n\t\n\n\t<div id=\"col-85057116\" class=\"col medium-8 small-12 large-8\"  >\n\t\t\t\t<div class=\"col-inner\"  >\n\t\t\t\n\t\t\t\n<p>Melojamme on saatavana QNECT-s\u00e4\u00e4t\u00f6j\u00e4rjestelm\u00e4ll\u00e4 (alumiini tai komposiitti). Sen avulla voidaan s\u00e4\u00e4t\u00e4\u00e4 melan kokonaispituutta (10 cm:n sis\u00e4ll\u00e4) ja lapakulmaa 0\u00b0:sta 85\u00b0:een oikealle tai vasemmalle 5\u00b0:n askelin. QNECT-j\u00e4rjestelm\u00e4n avulla voit s\u00e4\u00e4t\u00e4\u00e4 henkil\u00f6kohtaisen lapakulman ja my\u00f6s purkaa melan kahteen osaan helppoa kuljetusta varten.<\/p>\n<p><strong>QNECT alumiini<\/strong> - valmistettu erityisest\u00e4 alumiinityypist\u00e4, jossa k\u00e4ytet\u00e4\u00e4n katodisuojaustekniikkaa, joka est\u00e4\u00e4 korroosiota suolaisessa vedess\u00e4; ihanteellinen tasaisen veden kanootti- ja kajakkimeloihin makeassa vedess\u00e4. Ylivoimainen kahvan vakautus kanootin meloissa.<\/p>\n<hr \/>\n<p><span style=\"font-size: 90%; color: #d83131;\"><img decoding=\"async\" class=\"wp-image-33383 alignleft\" src=\"http:\/\/gpowersport.com\/wp-content\/uploads\/2019\/10\/attention.png\" alt=\"\" width=\"46\" height=\"49\" srcset=\"https:\/\/gpowersport.com\/wp-content\/uploads\/2019\/10\/attention.png 100w, https:\/\/gpowersport.com\/wp-content\/uploads\/2019\/10\/attention-11x12.png 11w\" sizes=\"(max-width: 46px) 100vw, 46px\" \/><strong><span style=\"font-size: 75%;\">T\u00c4RKE\u00c4\u00c4!<\/span><\/strong><\/span><strong><span style=\"font-size: 75%;\"> \u00c4l\u00e4 unohda puhdistaa melaa ja QNECT-j\u00e4rjestelm\u00e4\u00e4 k\u00e4yt\u00f6n j\u00e4lkeen makeassa vedess\u00e4. Jos k\u00e4yt\u00e4t sit\u00e4 suolaisessa vedess\u00e4, puhdista se jokaisen istunnon j\u00e4lkeen. Jos meloja ei k\u00e4ytet\u00e4 yli kahteen viikkoon - s\u00e4ilyt\u00e4 purettuna.<\/span><\/strong><\/p>\n\t\t<\/div>\n\t\t\t\t\t<\/div>\n\n\t\n<\/div>\n\t<div id=\"gap-999542816\" class=\"gap-element clearfix\" style=\"display:block; height:auto;\">\n\t\t\n<style>\n#gap-999542816 {\n  padding-top: 50px;\n}\n<\/style>\n\t<\/div>\n\t\n\n\t<section class=\"section\" id=\"section_1538934809\">\n\t\t<div class=\"section-bg fill\" >\n\t\t\t\t\t\t\t\t\t<div class=\"loading-spin centered\"><\/div>\n\t\t\t\n\n\t\t<\/div>\n\n\t\t\n\n\t\t<div class=\"section-content relative\">\n\t\t\t\n<div class=\"row row-solid\"  id=\"row-1225693970\">\n\n\t<div id=\"col-298412263\" class=\"col medium-4 small-12 large-4\"  >\n\t\t\t\t<div class=\"col-inner\"  >\n\t\t\t\n\t\t\t\n\n\t\t<div class=\"icon-box featured-box icon-box-center text-center\"  >\n\t\t\t\t\t<div class=\"icon-box-img\" style=\"width: 50px\">\n\t\t\t\t<div class=\"icon\">\n\t\t\t\t\t<div class=\"icon-inner\" >\n\t\t\t\t\t\t<img decoding=\"async\" width=\"128\" height=\"128\" src=\"https:\/\/gpowersport.com\/wp-content\/uploads\/2020\/09\/2703076-128-1-1.png\" class=\"attachment-medium size-medium\" alt=\"\" srcset=\"https:\/\/gpowersport.com\/wp-content\/uploads\/2020\/09\/2703076-128-1-1.png 128w, https:\/\/gpowersport.com\/wp-content\/uploads\/2020\/09\/2703076-128-1-1-12x12.png 12w, https:\/\/gpowersport.com\/wp-content\/uploads\/2020\/09\/2703076-128-1-1-120x120.png 120w, https:\/\/gpowersport.com\/wp-content\/uploads\/2020\/09\/2703076-128-1-1-100x100.png 100w\" sizes=\"(max-width: 128px) 100vw, 128px\" \/>\t\t\t\t\t<\/div>\n\t\t\t\t<\/div>\n\t\t\t<\/div>\n\t\t\t\t<div class=\"icon-box-text last-reset\">\n\t\t\t\t\t\t\t\t\t\n<p>&nbsp;<\/p>\n<h3>J\u00e4t\u00e4 palautetta<\/h3>\n<p>Mielipiteesi on meille kaikkein t\u00e4rkein. T\u00e4m\u00e4n ansiosta kehit\u00e4mme tuotteitamme...<\/p>\n\t\t<\/div>\n\t<\/div>\n\t\n\t\n\t\t<\/div>\n\t\t\t\t\t<\/div>\n\n\t\n\n\t<div id=\"col-1972577021\" class=\"col medium-4 small-12 large-4\"  >\n\t\t\t\t<div class=\"col-inner\"  >\n\t\t\t\n\t\t\t\n\n\t\t<div class=\"icon-box featured-box icon-box-center text-center\"  >\n\t\t\t\t\t<div class=\"icon-box-img\" style=\"width: 50px\">\n\t\t\t\t<div class=\"icon\">\n\t\t\t\t\t<div class=\"icon-inner\" >\n\t\t\t\t\t\t<img loading=\"lazy\" decoding=\"async\" width=\"128\" height=\"128\" src=\"https:\/\/gpowersport.com\/wp-content\/uploads\/2020\/09\/5959201-128-1.png\" class=\"attachment-medium size-medium\" alt=\"\" srcset=\"https:\/\/gpowersport.com\/wp-content\/uploads\/2020\/09\/5959201-128-1.png 128w, https:\/\/gpowersport.com\/wp-content\/uploads\/2020\/09\/5959201-128-1-12x12.png 12w, https:\/\/gpowersport.com\/wp-content\/uploads\/2020\/09\/5959201-128-1-120x120.png 120w, https:\/\/gpowersport.com\/wp-content\/uploads\/2020\/09\/5959201-128-1-100x100.png 100w\" sizes=\"(max-width: 128px) 100vw, 128px\" \/>\t\t\t\t\t<\/div>\n\t\t\t\t<\/div>\n\t\t\t<\/div>\n\t\t\t\t<div class=\"icon-box-text last-reset\">\n\t\t\t\t\t\t\t\t\t\n<h3>Ovelta ovelle<\/h3>\n<p>Kun ostat kaupastamme, sinulla on t\u00e4ysi takuu. Valitukset k\u00e4sitell\u00e4\u00e4n suoraan valmistajan toimesta. Nopeasti ja helposti.<\/p>\n\t\t<\/div>\n\t<\/div>\n\t\n\t\n\t\t<\/div>\n\t\t\t\t\t<\/div>\n\n\t\n\n<style>\n#row-1225693970 > .col > .col-inner {\n  padding: 20px 20px 20px 20px;\n}\n<\/style>\n<\/div>\n\t\t<\/div>\n\n\t\t\n<style>\n#section_1538934809 {\n  padding-top: 30px;\n  padding-bottom: 30px;\n}\n<\/style>\n\t<\/section>","protected":false},"excerpt":{"rendered":"<p><span style=\"font-size: 100%;\"><span style=\"color: #00aae7;\">Kun valitset vakioyhteyden<\/span>Kun valitset vakioliit\u00e4nn\u00e4n, valitse my\u00f6s : Melan pituus, kierre ja kulma. Seuraavassa vaiheessa voit valita melan liimattuna (saat melan k\u00e4ytt\u00f6valmiina) Kun valitset Qnect-s\u00e4\u00e4t\u00f6j\u00e4rjestelm\u00e4n, merkitse haluamasi v\u00e4himm\u00e4ispituus ja j\u00e4t\u00e4 Twist ja Angle pois. Qnect-j\u00e4rjestelm\u00e4 antaa sinulle mahdollisuuden muuttaa melan pituutta + 10 cm. Jos et pelk\u00e4\u00e4 ty\u00f6kaluja ja sinulla on taito tehd\u00e4 itse, merkitse EI viimeiseen valintaruutuun.<\/span><\/p>","protected":false},"featured_media":35314,"comment_status":"open","ping_status":"closed","template":"","meta":[],"product_brand":[],"product_cat":[18,89,91],"product_tag":[],"class_list":{"0":"post-35313","1":"product","2":"type-product","3":"status-publish","4":"has-post-thumbnail","6":"product_cat-carbon-fiber-paddles","7":"product_cat-slalom","8":"product_cat-canoe","10":"first","11":"instock","12":"featured","13":"taxable","14":"shipping-taxable","15":"purchasable","16":"product-type-composite"},"yoast_head":"<!-- This site is optimized with the Yoast SEO Premium plugin v20.7 (Yoast SEO v27.1.1) - https:\/\/yoast.com\/product\/yoast-seo-premium-wordpress\/ -->\n<title>Carbon canoe paddle Slalom - Typhoon Elite - G&#039;Power Carbon fiber Paddles<\/title>\n<meta name=\"description\" content=\"Carbon canoe paddle with\u00a0classic design. Good\u00a0paddle for\u00a0beginners. Transverse\u00a0reinforcement\u00a0blade\u00a0and\u00a0stainless steel\u00a0blade edge.\" \/>\n<meta name=\"robots\" content=\"index, follow, max-snippet:-1, max-image-preview:large, max-video-preview:-1\" \/>\n<link rel=\"canonical\" href=\"https:\/\/gpowersport.com\/fi\/carbon-fiber-paddles\/slalom\/canoe\/carbon-canoe-paddle-typhoon-elite\/\" \/>\n<meta property=\"og:locale\" content=\"fi_FI\" \/>\n<meta property=\"og:type\" content=\"article\" \/>\n<meta property=\"og:title\" content=\"Carbon canoe paddle Slalom - Typhoon Elite\" \/>\n<meta property=\"og:description\" content=\"Carbon canoe paddle with\u00a0classic design. Good\u00a0paddle for\u00a0beginners. Transverse\u00a0reinforcement\u00a0blade\u00a0and\u00a0stainless steel\u00a0blade edge.\" \/>\n<meta property=\"og:url\" content=\"https:\/\/gpowersport.com\/fi\/carbon-fiber-paddles\/slalom\/canoe\/carbon-canoe-paddle-typhoon-elite\/\" \/>\n<meta property=\"og:site_name\" content=\"G&#039;Power\" \/>\n<meta property=\"article:publisher\" content=\"https:\/\/www.facebook.com\/GpowerPaddles\" \/>\n<meta property=\"article:modified_time\" content=\"2023-08-11T06:59:02+00:00\" \/>\n<meta property=\"og:image\" content=\"https:\/\/gpowersport.com\/wp-content\/uploads\/2020\/07\/typhoon_START.png\" \/>\n\t<meta property=\"og:image:width\" content=\"1200\" \/>\n\t<meta property=\"og:image:height\" content=\"218\" \/>\n\t<meta property=\"og:image:type\" content=\"image\/png\" \/>\n<meta name=\"twitter:card\" content=\"summary_large_image\" \/>\n<meta name=\"twitter:label1\" content=\"Arvioitu lukuaika\" \/>\n\t<meta name=\"twitter:data1\" content=\"2 minuuttia\" \/>\n<script type=\"application\/ld+json\" class=\"yoast-schema-graph\">{\"@context\":\"https:\/\/schema.org\",\"@graph\":[{\"@type\":[\"WebPage\",\"ItemPage\"],\"@id\":\"https:\/\/gpowersport.com\/it\/carbon-fiber-paddles\/slalom\/canoe\/carbon-canoe-paddle-typhoon-elite\/\",\"url\":\"https:\/\/gpowersport.com\/it\/carbon-fiber-paddles\/slalom\/canoe\/carbon-canoe-paddle-typhoon-elite\/\",\"name\":\"Carbon canoe paddle Slalom - Typhoon Elite - G&#039;Power Carbon fiber Paddles\",\"isPartOf\":{\"@id\":\"https:\/\/gpowersport.com\/pl\/#website\"},\"primaryImageOfPage\":{\"@id\":\"https:\/\/gpowersport.com\/it\/carbon-fiber-paddles\/slalom\/canoe\/carbon-canoe-paddle-typhoon-elite\/#primaryimage\"},\"image\":{\"@id\":\"https:\/\/gpowersport.com\/it\/carbon-fiber-paddles\/slalom\/canoe\/carbon-canoe-paddle-typhoon-elite\/#primaryimage\"},\"thumbnailUrl\":\"https:\/\/gpowersport.com\/wp-content\/uploads\/2020\/07\/typhoon_START.png\",\"datePublished\":\"2020-07-29T10:06:21+00:00\",\"dateModified\":\"2023-08-11T06:59:02+00:00\",\"description\":\"Carbon canoe paddle with\u00a0classic design. Good\u00a0paddle for\u00a0beginners. Transverse\u00a0reinforcement\u00a0blade\u00a0and\u00a0stainless steel\u00a0blade edge.\",\"breadcrumb\":{\"@id\":\"https:\/\/gpowersport.com\/it\/carbon-fiber-paddles\/slalom\/canoe\/carbon-canoe-paddle-typhoon-elite\/#breadcrumb\"},\"inLanguage\":\"fi\",\"potentialAction\":[{\"@type\":\"ReadAction\",\"target\":[\"https:\/\/gpowersport.com\/it\/carbon-fiber-paddles\/slalom\/canoe\/carbon-canoe-paddle-typhoon-elite\/\"]}]},{\"@type\":\"ImageObject\",\"inLanguage\":\"fi\",\"@id\":\"https:\/\/gpowersport.com\/it\/carbon-fiber-paddles\/slalom\/canoe\/carbon-canoe-paddle-typhoon-elite\/#primaryimage\",\"url\":\"https:\/\/gpowersport.com\/wp-content\/uploads\/2020\/07\/typhoon_START.png\",\"contentUrl\":\"https:\/\/gpowersport.com\/wp-content\/uploads\/2020\/07\/typhoon_START.png\",\"width\":1200,\"height\":218,\"caption\":\"Carbon canoe paddle - Typhoon Elite\"},{\"@type\":\"BreadcrumbList\",\"@id\":\"https:\/\/gpowersport.com\/it\/carbon-fiber-paddles\/slalom\/canoe\/carbon-canoe-paddle-typhoon-elite\/#breadcrumb\",\"itemListElement\":[{\"@type\":\"ListItem\",\"position\":1,\"name\":\"Home\",\"item\":\"https:\/\/gpowersport.com\/\"},{\"@type\":\"ListItem\",\"position\":2,\"name\":\"Shop\",\"item\":\"https:\/\/gpowersport.com\/carbon-fiber-paddles\/\"},{\"@type\":\"ListItem\",\"position\":3,\"name\":\"Carbon Fiber Paddles\",\"item\":\"https:\/\/gpowersport.com\/pl\/carbon-fiber-paddles\/\"},{\"@type\":\"ListItem\",\"position\":4,\"name\":\"Slalom Paddles\",\"item\":\"https:\/\/gpowersport.com\/carbon-fiber-paddles\/slalom\/\"},{\"@type\":\"ListItem\",\"position\":5,\"name\":\"Slalom Canoe Paddles\",\"item\":\"https:\/\/gpowersport.com\/carbon-fiber-paddles\/slalom\/canoe\/\"},{\"@type\":\"ListItem\",\"position\":6,\"name\":\"Carbon canoe paddle Slalom &#8211; Typhoon Elite\"}]},{\"@type\":\"WebSite\",\"@id\":\"https:\/\/gpowersport.com\/pl\/#website\",\"url\":\"https:\/\/gpowersport.com\/pl\/\",\"name\":\"G'Power carbon paddles\",\"description\":\"\",\"publisher\":{\"@id\":\"https:\/\/gpowersport.com\/pl\/#organization\"},\"potentialAction\":[{\"@type\":\"SearchAction\",\"target\":{\"@type\":\"EntryPoint\",\"urlTemplate\":\"https:\/\/gpowersport.com\/pl\/?s={search_term_string}\"},\"query-input\":{\"@type\":\"PropertyValueSpecification\",\"valueRequired\":true,\"valueName\":\"search_term_string\"}}],\"inLanguage\":\"fi\"},{\"@type\":\"Organization\",\"@id\":\"https:\/\/gpowersport.com\/pl\/#organization\",\"name\":\"G'power carbon paddles\",\"url\":\"https:\/\/gpowersport.com\/pl\/\",\"logo\":{\"@type\":\"ImageObject\",\"inLanguage\":\"fi\",\"@id\":\"https:\/\/gpowersport.com\/pl\/#\/schema\/logo\/image\/\",\"url\":\"https:\/\/gpowersport.com\/wp-content\/uploads\/2020\/03\/gpower-logo.png\",\"contentUrl\":\"https:\/\/gpowersport.com\/wp-content\/uploads\/2020\/03\/gpower-logo.png\",\"width\":140,\"height\":30,\"caption\":\"G'power carbon paddles\"},\"image\":{\"@id\":\"https:\/\/gpowersport.com\/pl\/#\/schema\/logo\/image\/\"},\"sameAs\":[\"https:\/\/www.facebook.com\/GpowerPaddles\",\"https:\/\/www.instagram.com\/gpowerpaddles\/\"]}]}<\/script>\n<!-- \/ Yoast SEO Premium plugin. -->","yoast_head_json":{"title":"Carbon canoe paddle Slalom - Typhoon Elite - G&#039;Power Carbon fiber Paddles","description":"Carbon canoe paddle with\u00a0classic design. Good\u00a0paddle for\u00a0beginners. Transverse\u00a0reinforcement\u00a0blade\u00a0and\u00a0stainless steel\u00a0blade edge.","robots":{"index":"index","follow":"follow","max-snippet":"max-snippet:-1","max-image-preview":"max-image-preview:large","max-video-preview":"max-video-preview:-1"},"canonical":"https:\/\/gpowersport.com\/fi\/carbon-fiber-paddles\/slalom\/canoe\/carbon-canoe-paddle-typhoon-elite\/","og_locale":"fi_FI","og_type":"article","og_title":"Carbon canoe paddle Slalom - Typhoon Elite","og_description":"Carbon canoe paddle with\u00a0classic design. Good\u00a0paddle for\u00a0beginners. Transverse\u00a0reinforcement\u00a0blade\u00a0and\u00a0stainless steel\u00a0blade edge.","og_url":"https:\/\/gpowersport.com\/fi\/carbon-fiber-paddles\/slalom\/canoe\/carbon-canoe-paddle-typhoon-elite\/","og_site_name":"G&#039;Power","article_publisher":"https:\/\/www.facebook.com\/GpowerPaddles","article_modified_time":"2023-08-11T06:59:02+00:00","og_image":[{"width":1200,"height":218,"url":"https:\/\/gpowersport.com\/wp-content\/uploads\/2020\/07\/typhoon_START.png","type":"image\/png"}],"twitter_card":"summary_large_image","twitter_misc":{"Arvioitu lukuaika":"2 minuuttia"},"schema":{"@context":"https:\/\/schema.org","@graph":[{"@type":["WebPage","ItemPage"],"@id":"https:\/\/gpowersport.com\/it\/carbon-fiber-paddles\/slalom\/canoe\/carbon-canoe-paddle-typhoon-elite\/","url":"https:\/\/gpowersport.com\/it\/carbon-fiber-paddles\/slalom\/canoe\/carbon-canoe-paddle-typhoon-elite\/","name":"Carbon canoe paddle Slalom - Typhoon Elite - G&#039;Power Carbon fiber Paddles","isPartOf":{"@id":"https:\/\/gpowersport.com\/pl\/#website"},"primaryImageOfPage":{"@id":"https:\/\/gpowersport.com\/it\/carbon-fiber-paddles\/slalom\/canoe\/carbon-canoe-paddle-typhoon-elite\/#primaryimage"},"image":{"@id":"https:\/\/gpowersport.com\/it\/carbon-fiber-paddles\/slalom\/canoe\/carbon-canoe-paddle-typhoon-elite\/#primaryimage"},"thumbnailUrl":"https:\/\/gpowersport.com\/wp-content\/uploads\/2020\/07\/typhoon_START.png","datePublished":"2020-07-29T10:06:21+00:00","dateModified":"2023-08-11T06:59:02+00:00","description":"Carbon canoe paddle with\u00a0classic design. Good\u00a0paddle for\u00a0beginners. Transverse\u00a0reinforcement\u00a0blade\u00a0and\u00a0stainless steel\u00a0blade edge.","breadcrumb":{"@id":"https:\/\/gpowersport.com\/it\/carbon-fiber-paddles\/slalom\/canoe\/carbon-canoe-paddle-typhoon-elite\/#breadcrumb"},"inLanguage":"fi","potentialAction":[{"@type":"ReadAction","target":["https:\/\/gpowersport.com\/it\/carbon-fiber-paddles\/slalom\/canoe\/carbon-canoe-paddle-typhoon-elite\/"]}]},{"@type":"ImageObject","inLanguage":"fi","@id":"https:\/\/gpowersport.com\/it\/carbon-fiber-paddles\/slalom\/canoe\/carbon-canoe-paddle-typhoon-elite\/#primaryimage","url":"https:\/\/gpowersport.com\/wp-content\/uploads\/2020\/07\/typhoon_START.png","contentUrl":"https:\/\/gpowersport.com\/wp-content\/uploads\/2020\/07\/typhoon_START.png","width":1200,"height":218,"caption":"Carbon canoe paddle - Typhoon Elite"},{"@type":"BreadcrumbList","@id":"https:\/\/gpowersport.com\/it\/carbon-fiber-paddles\/slalom\/canoe\/carbon-canoe-paddle-typhoon-elite\/#breadcrumb","itemListElement":[{"@type":"ListItem","position":1,"name":"Home","item":"https:\/\/gpowersport.com\/"},{"@type":"ListItem","position":2,"name":"Shop","item":"https:\/\/gpowersport.com\/carbon-fiber-paddles\/"},{"@type":"ListItem","position":3,"name":"Carbon Fiber Paddles","item":"https:\/\/gpowersport.com\/pl\/carbon-fiber-paddles\/"},{"@type":"ListItem","position":4,"name":"Slalom Paddles","item":"https:\/\/gpowersport.com\/carbon-fiber-paddles\/slalom\/"},{"@type":"ListItem","position":5,"name":"Slalom Canoe Paddles","item":"https:\/\/gpowersport.com\/carbon-fiber-paddles\/slalom\/canoe\/"},{"@type":"ListItem","position":6,"name":"Carbon canoe paddle Slalom &#8211; Typhoon Elite"}]},{"@type":"WebSite","@id":"https:\/\/gpowersport.com\/pl\/#website","url":"https:\/\/gpowersport.com\/pl\/","name":"G'Power hiilen melat","description":"","publisher":{"@id":"https:\/\/gpowersport.com\/pl\/#organization"},"potentialAction":[{"@type":"SearchAction","target":{"@type":"EntryPoint","urlTemplate":"https:\/\/gpowersport.com\/pl\/?s={search_term_string}"},"query-input":{"@type":"PropertyValueSpecification","valueRequired":true,"valueName":"search_term_string"}}],"inLanguage":"fi"},{"@type":"Organization","@id":"https:\/\/gpowersport.com\/pl\/#organization","name":"G'power carbon -melat","url":"https:\/\/gpowersport.com\/pl\/","logo":{"@type":"ImageObject","inLanguage":"fi","@id":"https:\/\/gpowersport.com\/pl\/#\/schema\/logo\/image\/","url":"https:\/\/gpowersport.com\/wp-content\/uploads\/2020\/03\/gpower-logo.png","contentUrl":"https:\/\/gpowersport.com\/wp-content\/uploads\/2020\/03\/gpower-logo.png","width":140,"height":30,"caption":"G'power carbon paddles"},"image":{"@id":"https:\/\/gpowersport.com\/pl\/#\/schema\/logo\/image\/"},"sameAs":["https:\/\/www.facebook.com\/GpowerPaddles","https:\/\/www.instagram.com\/gpowerpaddles\/"]}]}},"_links":{"self":[{"href":"https:\/\/gpowersport.com\/fi\/wp-json\/wp\/v2\/product\/35313","targetHints":{"allow":["GET"]}}],"collection":[{"href":"https:\/\/gpowersport.com\/fi\/wp-json\/wp\/v2\/product"}],"about":[{"href":"https:\/\/gpowersport.com\/fi\/wp-json\/wp\/v2\/types\/product"}],"replies":[{"embeddable":true,"href":"https:\/\/gpowersport.com\/fi\/wp-json\/wp\/v2\/comments?post=35313"}],"wp:featuredmedia":[{"embeddable":true,"href":"https:\/\/gpowersport.com\/fi\/wp-json\/wp\/v2\/media\/35314"}],"wp:attachment":[{"href":"https:\/\/gpowersport.com\/fi\/wp-json\/wp\/v2\/media?parent=35313"}],"wp:term":[{"taxonomy":"product_brand","embeddable":true,"href":"https:\/\/gpowersport.com\/fi\/wp-json\/wp\/v2\/product_brand?post=35313"},{"taxonomy":"product_cat","embeddable":true,"href":"https:\/\/gpowersport.com\/fi\/wp-json\/wp\/v2\/product_cat?post=35313"},{"taxonomy":"product_tag","embeddable":true,"href":"https:\/\/gpowersport.com\/fi\/wp-json\/wp\/v2\/product_tag?post=35313"}],"curies":[{"name":"wp","href":"https:\/\/api.w.org\/{rel}","templated":true}]}}