{"id":36692,"date":"2022-01-31T11:15:51","date_gmt":"2022-01-31T11:15:51","guid":{"rendered":"https:\/\/gpowersport.com\/?post_type=product&#038;p=36692"},"modified":"2025-03-20T01:22:20","modified_gmt":"2025-03-20T01:22:20","slug":"hunter-ergo-x-creek","status":"publish","type":"product","link":"https:\/\/gpowersport.com\/fi\/carbon-fiber-paddles\/hunter-ergo-x-creek\/","title":{"rendered":"Whitewater meloa Hunter Ergo X Creek"},"content":{"rendered":"<p>OPIS TEXT<\/p>\n<p>&nbsp;<\/p>\n<table border=\"0\" width=\"100%\" cellspacing=\"1\" cellpadding=\"1\" align=\"center\">\n<tbody>\n<tr>\n<td width=\"30%\"><span style=\"font-size: 85%;\">Koko<\/span><\/td>\n<td style=\"text-align: left;\" valign=\"middle\"><span style=\"font-size: 85%;\">XS<\/span><\/td>\n<td style=\"text-align: left;\"><span style=\"font-size: 85%;\">S<\/span><\/td>\n<td style=\"text-align: left;\"><span style=\"font-size: 85%;\">M<\/span><\/td>\n<td style=\"text-align: left;\"><span style=\"font-size: 85%;\">L<\/span><\/td>\n<td style=\"text-align: left;\"><span style=\"font-size: 85%;\">XL<\/span><\/td>\n<\/tr>\n<tr>\n<td><span style=\"font-size: 85%;\">Ter\u00e4n pinta-ala<\/span><\/td>\n<td style=\"text-align: left;\"><span style=\"font-size: 85%;\">&#8211;<\/span><\/td>\n<td style=\"text-align: left;\"><span style=\"font-size: 85%;\">675 cm<sup>2<\/sup><\/span><\/td>\n<td style=\"text-align: left;\"><span style=\"font-size: 85%;\">697 cm<sup>2<\/sup><\/span><\/td>\n<td style=\"text-align: left;\"><span style=\"font-size: 85%;\">732 cm<sup>2<\/sup><\/span><\/td>\n<td style=\"text-align: left;\"><span style=\"font-size: 85%;\">&#8211;<\/span><\/td>\n<\/tr>\n<tr>\n<td><span style=\"font-size: 85%;\">Ter\u00e4n pituus<\/span><\/td>\n<td style=\"text-align: left;\"><span style=\"font-size: 85%;\">&#8211;<\/span><\/td>\n<td style=\"text-align: left;\"><span style=\"font-size: 85%;\">495 mm<\/span><\/td>\n<td><span style=\"font-size: 85%;\">500 mm<\/span><\/td>\n<td><span style=\"font-size: 85%;\">515 mm<\/span><\/td>\n<td><span style=\"font-size: 85%;\">&#8211;<\/span><\/td>\n<\/tr>\n<tr>\n<td><span style=\"font-size: 85%;\">Ter\u00e4n leveys<\/span><\/td>\n<td><span style=\"font-size: 85%;\">&#8211;<\/span><\/td>\n<td><span style=\"font-size: 85%;\">189 mm<\/span><\/td>\n<td><span style=\"font-size: 85%;\">194 mm<\/span><\/td>\n<td><span style=\"font-size: 85%;\">203 mm<\/span><\/td>\n<td><span style=\"font-size: 85%;\">&#8211;<\/span><\/td>\n<\/tr>\n<tr>\n<td><span style=\"font-size: 85%;\">Hiilipitoisuus - ter\u00e4 \/ akseli<\/span><\/td>\n<td><span style=\"font-size: 85%;\">&#8211;<\/span><\/td>\n<td><span style=\"font-size: 85%;\">100% \/ 95%<\/span><\/td>\n<td><span style=\"font-size: 85%;\">100% \/ 95%<\/span><\/td>\n<td><span style=\"font-size: 85%;\">100% \/ 95%<\/span><\/td>\n<td><span style=\"font-size: 85%;\">&#8211;<\/span><\/td>\n<\/tr>\n<tr>\n<td><span style=\"font-size: 85%;\">Akselin halkaisija<\/span><\/td>\n<td><span style=\"font-size: 85%;\">&#8211;<\/span><\/td>\n<td><span style=\"font-size: 85%;\">29 mm<\/span><\/td>\n<td><span style=\"font-size: 85%;\">29 mm<\/span><\/td>\n<td><span style=\"font-size: 85%;\">29 mm<\/span><\/td>\n<td><span style=\"font-size: 85%;\">&#8211;<\/span><\/td>\n<\/tr>\n<tr>\n<td><span style=\"font-size: 85%;\">Melan paino<\/span><\/td>\n<td><span style=\"font-size: 85%;\">&#8211;<\/span><\/td>\n<td><span style=\"font-size: 85%;\">~ 800 g<\/span><\/td>\n<td><span style=\"font-size: 85%;\">~ 820 g<\/span><\/td>\n<td><span style=\"font-size: 85%;\">~ 840 g<\/span><\/td>\n<td><span style=\"font-size: 85%;\">&#8211;<\/span><\/td>\n<\/tr>\n<tr>\n<td><span style=\"font-size: 85%;\">Metalliset k\u00e4rjet<\/span><\/td>\n<td><span style=\"font-size: 85%;\">&#8211;<\/span><\/td>\n<td><span style=\"font-size: 85%;\">kyll\u00e4<\/span><\/td>\n<td><span style=\"font-size: 85%;\">kyll\u00e4<\/span><\/td>\n<td><span style=\"font-size: 85%;\">kyll\u00e4<\/span><\/td>\n<td><span style=\"font-size: 85%;\">&#8211;<\/span><\/td>\n<\/tr>\n<\/tbody>\n<\/table>\n<p>&nbsp;<\/p>\n<hr \/>\n<p><span style=\"font-size: 90%; color: #d83131;\"><img decoding=\"async\" class=\"wp-image-33383 alignleft\" src=\"http:\/\/gpowersport.com\/wp-content\/uploads\/2019\/10\/attention.png\" alt=\"\" width=\"46\" height=\"49\" srcset=\"https:\/\/gpowersport.com\/wp-content\/uploads\/2019\/10\/attention.png 100w, https:\/\/gpowersport.com\/wp-content\/uploads\/2019\/10\/attention-11x12.png 11w\" sizes=\"(max-width: 46px) 100vw, 46px\" \/><strong><span style=\"font-size: 75%;\">T\u00c4RKE\u00c4\u00c4!<\/span><\/strong><\/span><strong><span style=\"font-size: 75%;\"> \u00c4l\u00e4 unohda puhdistaa melaa ja QNECT-j\u00e4rjestelm\u00e4\u00e4 k\u00e4yt\u00f6n j\u00e4lkeen makeassa vedess\u00e4. Jos k\u00e4yt\u00e4t sit\u00e4 suolaisessa vedess\u00e4, puhdista se jokaisen istunnon j\u00e4lkeen. Jos meloja ei k\u00e4ytet\u00e4 yli kahteen viikkoon - s\u00e4ilyt\u00e4 purettuna.<\/span><\/strong><\/p>\n<p>&nbsp;<\/p>","protected":false},"excerpt":{"rendered":"<p><span style=\"font-size: 100%; color: #00aae7;\">Kun valitset vakioyhteyden<\/span>Kun valitset vakioliit\u00e4nn\u00e4n, valitse my\u00f6s : Melan pituus, kierre ja kulma. Seuraavassa vaiheessa voit valita melan liimattuna (saat melan k\u00e4ytt\u00f6valmiina) Kun valitset Qnect-s\u00e4\u00e4t\u00f6j\u00e4rjestelm\u00e4n, merkitse haluamasi v\u00e4himm\u00e4ispituus ja j\u00e4t\u00e4 Twist ja Angle pois. Qnect-j\u00e4rjestelm\u00e4 antaa sinulle mahdollisuuden muuttaa melan pituutta + 10 cm. Jos et pelk\u00e4\u00e4 ty\u00f6kaluja ja sinulla on taito tehd\u00e4 itse, merkitse EI viimeiseen valintaruutuun.<\/p>","protected":false},"featured_media":42836,"comment_status":"open","ping_status":"closed","template":"","meta":[],"product_brand":[],"product_cat":[18,99,100],"product_tag":[],"class_list":{"0":"post-36692","1":"product","2":"type-product","3":"status-publish","4":"has-post-thumbnail","6":"product_cat-carbon-fiber-paddles","7":"product_cat-whitewater","8":"product_cat-whitewater-kayak","10":"first","11":"instock","12":"featured","13":"taxable","14":"shipping-taxable","15":"purchasable","16":"product-type-composite"},"yoast_head":"<!-- This site is optimized with the Yoast SEO Premium plugin v20.7 (Yoast SEO v27.1.1) - https:\/\/yoast.com\/product\/yoast-seo-premium-wordpress\/ -->\n<title>Whitewater paddle Hunter Ergo X Creek - G&#039;Power<\/title>\n<meta name=\"robots\" content=\"index, follow, max-snippet:-1, max-image-preview:large, max-video-preview:-1\" \/>\n<link rel=\"canonical\" href=\"https:\/\/gpowersport.com\/fi\/carbon-fiber-paddles\/hunter-ergo-x-creek\/\" \/>\n<meta property=\"og:locale\" content=\"fi_FI\" \/>\n<meta property=\"og:type\" content=\"article\" \/>\n<meta property=\"og:title\" content=\"Whitewater paddle Hunter Ergo X Creek\" \/>\n<meta property=\"og:description\" content=\"When you choose a standard connection, please choose also : Paddle Lenght, Twist and Angle. At the next step You can choice paddle glued (You receive paddle ready to use) When you choose Qnect adjustable system mark the minimum lenght which You would like to have and skip Twist and Angle. The Qnect system gives You possibility of changing the length of the paddle + 10 cm. If you are not afraid of tools and you have a knack for DIY mark NO in the last check box.\" \/>\n<meta property=\"og:url\" content=\"https:\/\/gpowersport.com\/fi\/carbon-fiber-paddles\/hunter-ergo-x-creek\/\" \/>\n<meta property=\"og:site_name\" content=\"G&#039;Power\" \/>\n<meta property=\"article:publisher\" content=\"https:\/\/www.facebook.com\/GpowerPaddles\" \/>\n<meta property=\"article:modified_time\" content=\"2025-03-20T01:22:20+00:00\" \/>\n<meta property=\"og:image\" content=\"https:\/\/gpowersport.com\/wp-content\/uploads\/2022\/01\/hunter-ergo-xcreek-e1696837540155.jpg\" \/>\n\t<meta property=\"og:image:width\" content=\"1200\" \/>\n\t<meta property=\"og:image:height\" content=\"218\" \/>\n\t<meta property=\"og:image:type\" content=\"image\/jpeg\" \/>\n<meta name=\"twitter:card\" content=\"summary_large_image\" \/>\n<meta name=\"twitter:label1\" content=\"Arvioitu lukuaika\" \/>\n\t<meta name=\"twitter:data1\" content=\"1 minuutti\" \/>\n<script type=\"application\/ld+json\" class=\"yoast-schema-graph\">{\"@context\":\"https:\/\/schema.org\",\"@graph\":[{\"@type\":[\"WebPage\",\"ItemPage\"],\"@id\":\"https:\/\/gpowersport.com\/it\/carbon-fiber-paddles\/hunter-ergo-x-creek\/\",\"url\":\"https:\/\/gpowersport.com\/it\/carbon-fiber-paddles\/hunter-ergo-x-creek\/\",\"name\":\"Whitewater paddle Hunter Ergo X Creek - G&#039;Power\",\"isPartOf\":{\"@id\":\"https:\/\/gpowersport.com\/pl\/#website\"},\"primaryImageOfPage\":{\"@id\":\"https:\/\/gpowersport.com\/it\/carbon-fiber-paddles\/hunter-ergo-x-creek\/#primaryimage\"},\"image\":{\"@id\":\"https:\/\/gpowersport.com\/it\/carbon-fiber-paddles\/hunter-ergo-x-creek\/#primaryimage\"},\"thumbnailUrl\":\"https:\/\/gpowersport.com\/wp-content\/uploads\/2022\/01\/hunter-ergo-xcreek-e1696837540155.jpg\",\"datePublished\":\"2022-01-31T11:15:51+00:00\",\"dateModified\":\"2025-03-20T01:22:20+00:00\",\"breadcrumb\":{\"@id\":\"https:\/\/gpowersport.com\/it\/carbon-fiber-paddles\/hunter-ergo-x-creek\/#breadcrumb\"},\"inLanguage\":\"fi\",\"potentialAction\":[{\"@type\":\"ReadAction\",\"target\":[\"https:\/\/gpowersport.com\/it\/carbon-fiber-paddles\/hunter-ergo-x-creek\/\"]}]},{\"@type\":\"ImageObject\",\"inLanguage\":\"fi\",\"@id\":\"https:\/\/gpowersport.com\/it\/carbon-fiber-paddles\/hunter-ergo-x-creek\/#primaryimage\",\"url\":\"https:\/\/gpowersport.com\/wp-content\/uploads\/2022\/01\/hunter-ergo-xcreek-e1696837540155.jpg\",\"contentUrl\":\"https:\/\/gpowersport.com\/wp-content\/uploads\/2022\/01\/hunter-ergo-xcreek-e1696837540155.jpg\",\"width\":1200,\"height\":218},{\"@type\":\"BreadcrumbList\",\"@id\":\"https:\/\/gpowersport.com\/it\/carbon-fiber-paddles\/hunter-ergo-x-creek\/#breadcrumb\",\"itemListElement\":[{\"@type\":\"ListItem\",\"position\":1,\"name\":\"Home\",\"item\":\"https:\/\/gpowersport.com\/\"},{\"@type\":\"ListItem\",\"position\":2,\"name\":\"Shop\",\"item\":\"https:\/\/gpowersport.com\/carbon-fiber-paddles\/\"},{\"@type\":\"ListItem\",\"position\":3,\"name\":\"Carbon Fiber Paddles\",\"item\":\"https:\/\/gpowersport.com\/pl\/carbon-fiber-paddles\/\"},{\"@type\":\"ListItem\",\"position\":4,\"name\":\"Whitewater paddle Hunter Ergo X Creek\"}]},{\"@type\":\"WebSite\",\"@id\":\"https:\/\/gpowersport.com\/pl\/#website\",\"url\":\"https:\/\/gpowersport.com\/pl\/\",\"name\":\"G'Power carbon paddles\",\"description\":\"\",\"publisher\":{\"@id\":\"https:\/\/gpowersport.com\/pl\/#organization\"},\"potentialAction\":[{\"@type\":\"SearchAction\",\"target\":{\"@type\":\"EntryPoint\",\"urlTemplate\":\"https:\/\/gpowersport.com\/pl\/?s={search_term_string}\"},\"query-input\":{\"@type\":\"PropertyValueSpecification\",\"valueRequired\":true,\"valueName\":\"search_term_string\"}}],\"inLanguage\":\"fi\"},{\"@type\":\"Organization\",\"@id\":\"https:\/\/gpowersport.com\/pl\/#organization\",\"name\":\"G'power carbon paddles\",\"url\":\"https:\/\/gpowersport.com\/pl\/\",\"logo\":{\"@type\":\"ImageObject\",\"inLanguage\":\"fi\",\"@id\":\"https:\/\/gpowersport.com\/pl\/#\/schema\/logo\/image\/\",\"url\":\"https:\/\/gpowersport.com\/wp-content\/uploads\/2020\/03\/gpower-logo.png\",\"contentUrl\":\"https:\/\/gpowersport.com\/wp-content\/uploads\/2020\/03\/gpower-logo.png\",\"width\":140,\"height\":30,\"caption\":\"G'power carbon paddles\"},\"image\":{\"@id\":\"https:\/\/gpowersport.com\/pl\/#\/schema\/logo\/image\/\"},\"sameAs\":[\"https:\/\/www.facebook.com\/GpowerPaddles\",\"https:\/\/www.instagram.com\/gpowerpaddles\/\"]}]}<\/script>\n<!-- \/ Yoast SEO Premium plugin. -->","yoast_head_json":{"title":"Whitewater paddle Hunter Ergo X Creek - G&#039;Power","robots":{"index":"index","follow":"follow","max-snippet":"max-snippet:-1","max-image-preview":"max-image-preview:large","max-video-preview":"max-video-preview:-1"},"canonical":"https:\/\/gpowersport.com\/fi\/carbon-fiber-paddles\/hunter-ergo-x-creek\/","og_locale":"fi_FI","og_type":"article","og_title":"Whitewater paddle Hunter Ergo X Creek","og_description":"When you choose a standard connection, please choose also : Paddle Lenght, Twist and Angle. At the next step You can choice paddle glued (You receive paddle ready to use) When you choose Qnect adjustable system mark the minimum lenght which You would like to have and skip Twist and Angle. The Qnect system gives You possibility of changing the length of the paddle + 10 cm. If you are not afraid of tools and you have a knack for DIY mark NO in the last check box.","og_url":"https:\/\/gpowersport.com\/fi\/carbon-fiber-paddles\/hunter-ergo-x-creek\/","og_site_name":"G&#039;Power","article_publisher":"https:\/\/www.facebook.com\/GpowerPaddles","article_modified_time":"2025-03-20T01:22:20+00:00","og_image":[{"width":1200,"height":218,"url":"https:\/\/gpowersport.com\/wp-content\/uploads\/2022\/01\/hunter-ergo-xcreek-e1696837540155.jpg","type":"image\/jpeg"}],"twitter_card":"summary_large_image","twitter_misc":{"Arvioitu lukuaika":"1 minuutti"},"schema":{"@context":"https:\/\/schema.org","@graph":[{"@type":["WebPage","ItemPage"],"@id":"https:\/\/gpowersport.com\/it\/carbon-fiber-paddles\/hunter-ergo-x-creek\/","url":"https:\/\/gpowersport.com\/it\/carbon-fiber-paddles\/hunter-ergo-x-creek\/","name":"Whitewater paddle Hunter Ergo X Creek - G&#039;Power","isPartOf":{"@id":"https:\/\/gpowersport.com\/pl\/#website"},"primaryImageOfPage":{"@id":"https:\/\/gpowersport.com\/it\/carbon-fiber-paddles\/hunter-ergo-x-creek\/#primaryimage"},"image":{"@id":"https:\/\/gpowersport.com\/it\/carbon-fiber-paddles\/hunter-ergo-x-creek\/#primaryimage"},"thumbnailUrl":"https:\/\/gpowersport.com\/wp-content\/uploads\/2022\/01\/hunter-ergo-xcreek-e1696837540155.jpg","datePublished":"2022-01-31T11:15:51+00:00","dateModified":"2025-03-20T01:22:20+00:00","breadcrumb":{"@id":"https:\/\/gpowersport.com\/it\/carbon-fiber-paddles\/hunter-ergo-x-creek\/#breadcrumb"},"inLanguage":"fi","potentialAction":[{"@type":"ReadAction","target":["https:\/\/gpowersport.com\/it\/carbon-fiber-paddles\/hunter-ergo-x-creek\/"]}]},{"@type":"ImageObject","inLanguage":"fi","@id":"https:\/\/gpowersport.com\/it\/carbon-fiber-paddles\/hunter-ergo-x-creek\/#primaryimage","url":"https:\/\/gpowersport.com\/wp-content\/uploads\/2022\/01\/hunter-ergo-xcreek-e1696837540155.jpg","contentUrl":"https:\/\/gpowersport.com\/wp-content\/uploads\/2022\/01\/hunter-ergo-xcreek-e1696837540155.jpg","width":1200,"height":218},{"@type":"BreadcrumbList","@id":"https:\/\/gpowersport.com\/it\/carbon-fiber-paddles\/hunter-ergo-x-creek\/#breadcrumb","itemListElement":[{"@type":"ListItem","position":1,"name":"Home","item":"https:\/\/gpowersport.com\/"},{"@type":"ListItem","position":2,"name":"Shop","item":"https:\/\/gpowersport.com\/carbon-fiber-paddles\/"},{"@type":"ListItem","position":3,"name":"Carbon Fiber Paddles","item":"https:\/\/gpowersport.com\/pl\/carbon-fiber-paddles\/"},{"@type":"ListItem","position":4,"name":"Whitewater paddle Hunter Ergo X Creek"}]},{"@type":"WebSite","@id":"https:\/\/gpowersport.com\/pl\/#website","url":"https:\/\/gpowersport.com\/pl\/","name":"G'Power hiilen melat","description":"","publisher":{"@id":"https:\/\/gpowersport.com\/pl\/#organization"},"potentialAction":[{"@type":"SearchAction","target":{"@type":"EntryPoint","urlTemplate":"https:\/\/gpowersport.com\/pl\/?s={search_term_string}"},"query-input":{"@type":"PropertyValueSpecification","valueRequired":true,"valueName":"search_term_string"}}],"inLanguage":"fi"},{"@type":"Organization","@id":"https:\/\/gpowersport.com\/pl\/#organization","name":"G'power carbon -melat","url":"https:\/\/gpowersport.com\/pl\/","logo":{"@type":"ImageObject","inLanguage":"fi","@id":"https:\/\/gpowersport.com\/pl\/#\/schema\/logo\/image\/","url":"https:\/\/gpowersport.com\/wp-content\/uploads\/2020\/03\/gpower-logo.png","contentUrl":"https:\/\/gpowersport.com\/wp-content\/uploads\/2020\/03\/gpower-logo.png","width":140,"height":30,"caption":"G'power carbon paddles"},"image":{"@id":"https:\/\/gpowersport.com\/pl\/#\/schema\/logo\/image\/"},"sameAs":["https:\/\/www.facebook.com\/GpowerPaddles","https:\/\/www.instagram.com\/gpowerpaddles\/"]}]}},"_links":{"self":[{"href":"https:\/\/gpowersport.com\/fi\/wp-json\/wp\/v2\/product\/36692","targetHints":{"allow":["GET"]}}],"collection":[{"href":"https:\/\/gpowersport.com\/fi\/wp-json\/wp\/v2\/product"}],"about":[{"href":"https:\/\/gpowersport.com\/fi\/wp-json\/wp\/v2\/types\/product"}],"replies":[{"embeddable":true,"href":"https:\/\/gpowersport.com\/fi\/wp-json\/wp\/v2\/comments?post=36692"}],"wp:featuredmedia":[{"embeddable":true,"href":"https:\/\/gpowersport.com\/fi\/wp-json\/wp\/v2\/media\/42836"}],"wp:attachment":[{"href":"https:\/\/gpowersport.com\/fi\/wp-json\/wp\/v2\/media?parent=36692"}],"wp:term":[{"taxonomy":"product_brand","embeddable":true,"href":"https:\/\/gpowersport.com\/fi\/wp-json\/wp\/v2\/product_brand?post=36692"},{"taxonomy":"product_cat","embeddable":true,"href":"https:\/\/gpowersport.com\/fi\/wp-json\/wp\/v2\/product_cat?post=36692"},{"taxonomy":"product_tag","embeddable":true,"href":"https:\/\/gpowersport.com\/fi\/wp-json\/wp\/v2\/product_tag?post=36692"}],"curies":[{"name":"wp","href":"https:\/\/api.w.org\/{rel}","templated":true}]}}