{"id":42693,"date":"2023-08-23T06:45:01","date_gmt":"2023-08-23T06:45:01","guid":{"rendered":"https:\/\/gpowersport.com\/?post_type=product&#038;p=42693"},"modified":"2026-03-20T14:33:27","modified_gmt":"2026-03-20T14:33:27","slug":"kayak-cross-paddle","status":"publish","type":"product","link":"https:\/\/gpowersport.com\/fi\/carbon-fiber-paddles\/slalom\/kayak\/kayak-cross-paddle\/","title":{"rendered":"Kajakki Cross meloa"},"content":{"rendered":"<h1><span style=\"font-size: 75%;\"><span style=\"color: #000000;\"><strong>Carbon Kayak Cross &#8211; Cross<\/strong><\/span><\/span><\/h1>\n<h2><span style=\"font-size: 75%;\">Cross is the latest paddle dedicated to the new Olympic sport of Kayak Cross . One of the most important features of the G&#8217;Power paddle for Kayak cross is its lightness. Made of high quality materials, the paddle is not only extremely durable but also extremely light, which is of great importance during dynamic and demanding manoeuvres on the course . Another feature is the ergonomic shape of the blade , which provides excellent grip and control when paddling. The paddle has been designed to minimise the difference between a slalom paddle and a comfort paddle for the sport&#8217;s top Kayak cross riders.<br \/>\nThe paddle is available in a variety of sizes to suit the individual preferences and size of the kayaker. The feather edges have an edge thickness adapted to the latest ICF regulations, which is 5 mm or more. In addition, the edges are protected with black aramid tape, which extends the life of the paddle and protects it from developing sharp and dangerous edges.<br \/>\nThe G&#8217;Power paddle for Kayak cross is also characterised by its excellent performance. Thanks to its optimised design and shaped blade, it ensures optimum power transfer and paddling performance. This certainly translates into greater speed and control of the kayak. The aesthetics of the G&#8217;Power paddle should not be forgotten either. <\/span><\/h2>\n<h2><span style=\"font-size: 75%;\">Various designs and colours are available on special request to add character and style to the paddle. This makes the G&#8217;Power paddle an attractive piece of equipment in addition to its functionality. All in all, the G&#8217;Power paddle for Kayak cross is an excellent choice for those involved in this dynamic sport. Its lightness, performance, ergonomic shape and attractive design make it an indispensable tool when racing for the highest stakes. Without a doubt, the G&#8217;Power paddle will perfectly meet the expectations of even the most demanding Kayak cross enthusiasts.<br \/>\n<\/span><\/h2>\n<p>&nbsp;<\/p>\n<table style=\"height: 209px;\" border=\"0\" width=\"1133\" cellspacing=\"1\" cellpadding=\"1\" align=\"center\">\n<tbody>\n<tr>\n<td width=\"30%\"><span style=\"font-size: 85%;\">Koko<\/span><\/td>\n<td style=\"text-align: left;\" valign=\"middle\"><\/td>\n<td style=\"text-align: left;\"><span style=\"font-size: 85%;\">S<\/span><\/td>\n<td style=\"text-align: left;\"><span style=\"font-size: 85%;\">M<\/span><\/td>\n<td style=\"text-align: left;\">L<\/td>\n<td style=\"text-align: left;\"><\/td>\n<\/tr>\n<tr>\n<td><span style=\"font-size: 85%;\">Ter\u00e4n pinta-ala<\/span><\/td>\n<td style=\"text-align: left;\"><\/td>\n<td style=\"text-align: left;\"><span style=\"font-size: 85%;\">701 cm<sup>2<\/sup><\/span><\/td>\n<td style=\"text-align: left;\"><span style=\"font-size: 85%;\">733 cm<sup>2<\/sup><\/span><\/td>\n<td style=\"text-align: left;\"><span style=\"font-size: 85%;\">765 cm<sup>2<\/sup><\/span><\/td>\n<td style=\"text-align: left;\"><\/td>\n<\/tr>\n<tr>\n<td><span style=\"font-size: 85%;\">Ter\u00e4n pituus<\/span><\/td>\n<td style=\"text-align: left;\"><\/td>\n<td style=\"text-align: left;\"><span style=\"font-size: 85%;\">472 mm<\/span><\/td>\n<td><span style=\"font-size: 85%;\">485 mm<\/span><\/td>\n<td><span style=\"font-size: 85%;\">490 mm<\/span><\/td>\n<td><\/td>\n<\/tr>\n<tr>\n<td><span style=\"font-size: 85%;\">Ter\u00e4n leveys<\/span><\/td>\n<td><\/td>\n<td><span style=\"font-size: 85%;\">207 mm<\/span><\/td>\n<td><span style=\"font-size: 85%;\">210 mm<\/span><\/td>\n<td><span style=\"font-size: 85%;\">215 mm<\/span><\/td>\n<td><\/td>\n<\/tr>\n<tr>\n<td><span style=\"font-size: 85%;\">Hiilipitoisuus - ter\u00e4 \/ akseli<\/span><\/td>\n<td><\/td>\n<td><span style=\"font-size: 85%;\">80% \/ 100%<\/span><\/td>\n<td><span style=\"font-size: 85%;\">80% \/ 100%<\/span><\/td>\n<td><span style=\"font-size: 85%;\">80% \/ 100%<\/span><\/td>\n<td><\/td>\n<\/tr>\n<tr>\n<td><span style=\"font-size: 85%;\">Akselin halkaisija<\/span><\/td>\n<td><\/td>\n<td>28 mm<\/td>\n<td><span style=\"font-size: 85%;\">28 mm<\/span><\/td>\n<td>28 mm<\/td>\n<td><\/td>\n<\/tr>\n<tr>\n<td><span style=\"font-size: 85%;\">Melan paino<\/span><\/td>\n<td><\/td>\n<td><span style=\"font-size: 85%;\">~780 g<\/span><\/td>\n<td><span style=\"font-size: 85%;\">~ 815 g<\/span><\/td>\n<td>850 g<\/td>\n<td><\/td>\n<\/tr>\n<tr>\n<td><span style=\"font-size: 85%;\">Aramid Tape protection<\/span><\/td>\n<td><\/td>\n<td><span style=\"font-size: 85%;\">kyll\u00e4<\/span><\/td>\n<td><span style=\"font-size: 85%;\">kyll\u00e4<\/span><\/td>\n<td><span style=\"font-size: 85%;\">kyll\u00e4<\/span><\/td>\n<td><\/td>\n<\/tr>\n<\/tbody>\n<\/table>\n<p>&nbsp;<\/p>\n\t\n  \n    <div class=\"row large-columns-4 medium-columns-3 small-columns-2 row-small slider row-slider slider-nav-reveal slider-nav-push\"  data-flickity-options='{&quot;imagesLoaded&quot;: true, &quot;groupCells&quot;: &quot;100%&quot;, &quot;dragThreshold&quot; : 5, &quot;cellAlign&quot;: &quot;left&quot;,&quot;wrapAround&quot;: true,&quot;prevNextButtons&quot;: true,&quot;percentPosition&quot;: true,&quot;pageDots&quot;: false, &quot;rightToLeft&quot;: false, &quot;autoPlay&quot; : false}' >\n\n  \n\t     <\/div>\n\t<div id=\"gap-856581902\" class=\"gap-element clearfix\" style=\"display:block; height:auto;\">\n\t\t\n<style>\n#gap-856581902 {\n  padding-top: 50px;\n}\n<\/style>\n\t<\/div>\n\t\n\n\t<section class=\"section\" id=\"section_2098761953\">\n\t\t<div class=\"section-bg fill\" >\n\t\t\t\t\t\t\t\t\t<div class=\"loading-spin centered\"><\/div>\n\t\t\t\n\n\t\t<\/div>\n\n\t\t\n\n\t\t<div class=\"section-content relative\">\n\t\t\t\n<div class=\"row row-solid\"  id=\"row-1940870556\">\n\n\t<div id=\"col-301610256\" class=\"col medium-4 small-12 large-4\"  >\n\t\t\t\t<div class=\"col-inner\"  >\n\t\t\t\n\t\t\t\n\n\t\t<div class=\"icon-box featured-box icon-box-center text-center\"  >\n\t\t\t\t\t<div class=\"icon-box-img\" style=\"width: 50px\">\n\t\t\t\t<div class=\"icon\">\n\t\t\t\t\t<div class=\"icon-inner\" >\n\t\t\t\t\t\t<img decoding=\"async\" width=\"128\" height=\"128\" src=\"https:\/\/gpowersport.com\/wp-content\/uploads\/2020\/09\/2703076-128-1-1.png\" class=\"attachment-medium size-medium\" alt=\"\" srcset=\"https:\/\/gpowersport.com\/wp-content\/uploads\/2020\/09\/2703076-128-1-1.png 128w, https:\/\/gpowersport.com\/wp-content\/uploads\/2020\/09\/2703076-128-1-1-12x12.png 12w, https:\/\/gpowersport.com\/wp-content\/uploads\/2020\/09\/2703076-128-1-1-120x120.png 120w, https:\/\/gpowersport.com\/wp-content\/uploads\/2020\/09\/2703076-128-1-1-100x100.png 100w\" sizes=\"(max-width: 128px) 100vw, 128px\" \/>\t\t\t\t\t<\/div>\n\t\t\t\t<\/div>\n\t\t\t<\/div>\n\t\t\t\t<div class=\"icon-box-text last-reset\">\n\t\t\t\t\t\t\t\t\t\t\t<\/div>\n\t<\/div>\n\t\n\t\n<p>&nbsp;<\/p>\n\t\t<\/div>\n\t\t\t\t\t<\/div>\n\n\t\n\n\t<div id=\"col-975051467\" class=\"col medium-4 small-12 large-4\"  >\n\t\t\t\t<div class=\"col-inner\"  >\n\t\t\t\n\t\t\t\n\n\t\t<div class=\"icon-box featured-box icon-box-center text-center\"  >\n\t\t\t\t\t<div class=\"icon-box-img\" style=\"width: 50px\">\n\t\t\t\t<div class=\"icon\">\n\t\t\t\t\t<div class=\"icon-inner\" >\n\t\t\t\t\t\t<img decoding=\"async\" width=\"128\" height=\"128\" src=\"https:\/\/gpowersport.com\/wp-content\/uploads\/2020\/09\/3669335-128-1.png\" class=\"attachment-medium size-medium\" alt=\"\" srcset=\"https:\/\/gpowersport.com\/wp-content\/uploads\/2020\/09\/3669335-128-1.png 128w, https:\/\/gpowersport.com\/wp-content\/uploads\/2020\/09\/3669335-128-1-12x12.png 12w, https:\/\/gpowersport.com\/wp-content\/uploads\/2020\/09\/3669335-128-1-120x120.png 120w, https:\/\/gpowersport.com\/wp-content\/uploads\/2020\/09\/3669335-128-1-100x100.png 100w\" sizes=\"(max-width: 128px) 100vw, 128px\" \/>\t\t\t\t\t<\/div>\n\t\t\t\t<\/div>\n\t\t\t<\/div>\n\t\t\t\t<div class=\"icon-box-text last-reset\">\n\t\t\t\t\t\t\t\t\t\n<p>J\u00e4t\u00e4 palautetta<\/p>\n<p>Mielipiteesi on meille kaikkein t\u00e4rkein. T\u00e4m\u00e4n ansiosta kehit\u00e4mme tuotteitamme...<\/p>\n\t\t<\/div>\n\t<\/div>\n\t\n\t\n\t\t<\/div>\n\t\t\t\t\t<\/div>\n\n\t\n\n\t<div id=\"col-665183560\" class=\"col medium-4 small-12 large-4\"  >\n\t\t\t\t<div class=\"col-inner\"  >\n\t\t\t\n\t\t\t\n\n\t\t<div class=\"icon-box featured-box icon-box-center text-center\"  >\n\t\t\t\t\t<div class=\"icon-box-img\" style=\"width: 50px\">\n\t\t\t\t<div class=\"icon\">\n\t\t\t\t\t<div class=\"icon-inner\" >\n\t\t\t\t\t\t<img decoding=\"async\" width=\"128\" height=\"128\" src=\"https:\/\/gpowersport.com\/wp-content\/uploads\/2020\/09\/5959201-128-1.png\" class=\"attachment-medium size-medium\" alt=\"\" srcset=\"https:\/\/gpowersport.com\/wp-content\/uploads\/2020\/09\/5959201-128-1.png 128w, https:\/\/gpowersport.com\/wp-content\/uploads\/2020\/09\/5959201-128-1-12x12.png 12w, https:\/\/gpowersport.com\/wp-content\/uploads\/2020\/09\/5959201-128-1-120x120.png 120w, https:\/\/gpowersport.com\/wp-content\/uploads\/2020\/09\/5959201-128-1-100x100.png 100w\" sizes=\"(max-width: 128px) 100vw, 128px\" \/>\t\t\t\t\t<\/div>\n\t\t\t\t<\/div>\n\t\t\t<\/div>\n\t\t\t\t<div class=\"icon-box-text last-reset\">\n\t\t\t\t\t\t\t\t\t\n<p>Ovelta ovelle<\/p>\n<p>Kun ostat kaupastamme, sinulla on t\u00e4ysi takuu. Valitukset k\u00e4sitell\u00e4\u00e4n suoraan valmistajan toimesta. Nopeasti ja helposti.<\/p>\n\t\t<\/div>\n\t<\/div>\n\t\n\t\n\t\t<\/div>\n\t\t\t\t\t<\/div>\n\n\t\n\n<style>\n#row-1940870556 > .col > .col-inner {\n  padding: 20px 20px 20px 20px;\n}\n<\/style>\n<\/div>\n\t\t<\/div>\n\n\t\t\n<style>\n#section_2098761953 {\n  padding-top: 30px;\n  padding-bottom: 30px;\n}\n<\/style>\n\t<\/section>","protected":false},"excerpt":{"rendered":"<p><span style=\"color: #00aae7;\">Kun valitset vakioyhteyden<\/span>Kun valitset vakioliit\u00e4nn\u00e4n, valitse my\u00f6s : Melan pituus, kierre ja kulma. Seuraavassa vaiheessa voit valita melan liimattuna (saat melan k\u00e4ytt\u00f6valmiina) Kun valitset Qnect-s\u00e4\u00e4t\u00f6j\u00e4rjestelm\u00e4n, merkitse haluamasi v\u00e4himm\u00e4ispituus ja j\u00e4t\u00e4 Twist ja Angle pois. Qnect-j\u00e4rjestelm\u00e4 antaa sinulle mahdollisuuden muuttaa melan pituutta + 10 cm. Jos et pelk\u00e4\u00e4 ty\u00f6kaluja ja sinulla on taito tehd\u00e4 itse, merkitse EI viimeiseen valintaruutuun.<\/p>","protected":false},"featured_media":42704,"comment_status":"open","ping_status":"closed","template":"","meta":[],"product_brand":[],"product_cat":[18,89,90,99,100],"product_tag":[],"class_list":{"0":"post-42693","1":"product","2":"type-product","3":"status-publish","4":"has-post-thumbnail","6":"product_cat-carbon-fiber-paddles","7":"product_cat-slalom","8":"product_cat-kayak","9":"product_cat-whitewater","10":"product_cat-whitewater-kayak","12":"first","13":"instock","14":"featured","15":"taxable","16":"shipping-taxable","17":"purchasable","18":"product-type-composite"},"yoast_head":"<!-- This site is optimized with the Yoast SEO Premium plugin v20.7 (Yoast SEO v27.1.1) - https:\/\/yoast.com\/product\/yoast-seo-premium-wordpress\/ -->\n<title>Kayak Cross paddle - G&#039;Power Carbon Paddles<\/title>\n<meta name=\"description\" content=\"Carbon extreme paddle - is our latest model of slalom paddle in which we used a unique inner surface of the blade.\" \/>\n<meta name=\"robots\" content=\"index, follow, max-snippet:-1, max-image-preview:large, max-video-preview:-1\" \/>\n<link rel=\"canonical\" href=\"https:\/\/gpowersport.com\/fi\/carbon-fiber-paddles\/slalom\/kayak\/kayak-cross-paddle\/\" \/>\n<meta property=\"og:locale\" content=\"fi_FI\" \/>\n<meta property=\"og:type\" content=\"article\" \/>\n<meta property=\"og:title\" content=\"Kayak Cross paddle\" \/>\n<meta property=\"og:description\" content=\"Carbon extreme paddle - is our latest model of slalom paddle in which we used a unique inner surface of the blade.\" \/>\n<meta property=\"og:url\" content=\"https:\/\/gpowersport.com\/fi\/carbon-fiber-paddles\/slalom\/kayak\/kayak-cross-paddle\/\" \/>\n<meta property=\"og:site_name\" content=\"G&#039;Power\" \/>\n<meta property=\"article:publisher\" content=\"https:\/\/www.facebook.com\/GpowerPaddles\" \/>\n<meta property=\"article:modified_time\" content=\"2026-03-20T14:33:27+00:00\" \/>\n<meta property=\"og:image\" content=\"https:\/\/gpowersport.com\/wp-content\/uploads\/2023\/08\/BE7F5D70-C9CD-4539-B59E-4956B25DF78A.png\" \/>\n\t<meta property=\"og:image:width\" content=\"1600\" \/>\n\t<meta property=\"og:image:height\" content=\"1067\" \/>\n\t<meta property=\"og:image:type\" content=\"image\/png\" \/>\n<meta name=\"twitter:card\" content=\"summary_large_image\" \/>\n<meta name=\"twitter:label1\" content=\"Arvioitu lukuaika\" \/>\n\t<meta name=\"twitter:data1\" content=\"3 minuuttia\" \/>\n<script type=\"application\/ld+json\" class=\"yoast-schema-graph\">{\"@context\":\"https:\/\/schema.org\",\"@graph\":[{\"@type\":[\"WebPage\",\"ItemPage\"],\"@id\":\"https:\/\/gpowersport.com\/nl\/carbon-fiber-paddles\/slalom\/kayak\/kayak-cross-paddle\/\",\"url\":\"https:\/\/gpowersport.com\/nl\/carbon-fiber-paddles\/slalom\/kayak\/kayak-cross-paddle\/\",\"name\":\"Kayak Cross paddle - G&#039;Power Carbon Paddles\",\"isPartOf\":{\"@id\":\"https:\/\/gpowersport.com\/pl\/#website\"},\"primaryImageOfPage\":{\"@id\":\"https:\/\/gpowersport.com\/nl\/carbon-fiber-paddles\/slalom\/kayak\/kayak-cross-paddle\/#primaryimage\"},\"image\":{\"@id\":\"https:\/\/gpowersport.com\/nl\/carbon-fiber-paddles\/slalom\/kayak\/kayak-cross-paddle\/#primaryimage\"},\"thumbnailUrl\":\"https:\/\/gpowersport.com\/wp-content\/uploads\/2023\/08\/BE7F5D70-C9CD-4539-B59E-4956B25DF78A.png\",\"datePublished\":\"2023-08-23T06:45:01+00:00\",\"dateModified\":\"2026-03-20T14:33:27+00:00\",\"description\":\"Carbon extreme paddle - is our latest model of slalom paddle in which we used a unique inner surface of the blade.\",\"breadcrumb\":{\"@id\":\"https:\/\/gpowersport.com\/nl\/carbon-fiber-paddles\/slalom\/kayak\/kayak-cross-paddle\/#breadcrumb\"},\"inLanguage\":\"fi\",\"potentialAction\":[{\"@type\":\"ReadAction\",\"target\":[\"https:\/\/gpowersport.com\/nl\/carbon-fiber-paddles\/slalom\/kayak\/kayak-cross-paddle\/\"]}]},{\"@type\":\"ImageObject\",\"inLanguage\":\"fi\",\"@id\":\"https:\/\/gpowersport.com\/nl\/carbon-fiber-paddles\/slalom\/kayak\/kayak-cross-paddle\/#primaryimage\",\"url\":\"https:\/\/gpowersport.com\/wp-content\/uploads\/2023\/08\/BE7F5D70-C9CD-4539-B59E-4956B25DF78A.png\",\"contentUrl\":\"https:\/\/gpowersport.com\/wp-content\/uploads\/2023\/08\/BE7F5D70-C9CD-4539-B59E-4956B25DF78A.png\",\"width\":1600,\"height\":1067},{\"@type\":\"BreadcrumbList\",\"@id\":\"https:\/\/gpowersport.com\/nl\/carbon-fiber-paddles\/slalom\/kayak\/kayak-cross-paddle\/#breadcrumb\",\"itemListElement\":[{\"@type\":\"ListItem\",\"position\":1,\"name\":\"Home\",\"item\":\"https:\/\/gpowersport.com\/\"},{\"@type\":\"ListItem\",\"position\":2,\"name\":\"Shop\",\"item\":\"https:\/\/gpowersport.com\/carbon-fiber-paddles\/\"},{\"@type\":\"ListItem\",\"position\":3,\"name\":\"Carbon Fiber Paddles\",\"item\":\"https:\/\/gpowersport.com\/pl\/carbon-fiber-paddles\/\"},{\"@type\":\"ListItem\",\"position\":4,\"name\":\"Slalom Paddles\",\"item\":\"https:\/\/gpowersport.com\/carbon-fiber-paddles\/slalom\/\"},{\"@type\":\"ListItem\",\"position\":5,\"name\":\"Slalom Kayak Paddles\",\"item\":\"https:\/\/gpowersport.com\/nl\/carbon-fiber-paddles\/slalom\/kayak\/\"},{\"@type\":\"ListItem\",\"position\":6,\"name\":\"Kayak Cross paddle\"}]},{\"@type\":\"WebSite\",\"@id\":\"https:\/\/gpowersport.com\/pl\/#website\",\"url\":\"https:\/\/gpowersport.com\/pl\/\",\"name\":\"G'Power carbon paddles\",\"description\":\"\",\"publisher\":{\"@id\":\"https:\/\/gpowersport.com\/pl\/#organization\"},\"potentialAction\":[{\"@type\":\"SearchAction\",\"target\":{\"@type\":\"EntryPoint\",\"urlTemplate\":\"https:\/\/gpowersport.com\/pl\/?s={search_term_string}\"},\"query-input\":{\"@type\":\"PropertyValueSpecification\",\"valueRequired\":true,\"valueName\":\"search_term_string\"}}],\"inLanguage\":\"fi\"},{\"@type\":\"Organization\",\"@id\":\"https:\/\/gpowersport.com\/pl\/#organization\",\"name\":\"G'power carbon paddles\",\"url\":\"https:\/\/gpowersport.com\/pl\/\",\"logo\":{\"@type\":\"ImageObject\",\"inLanguage\":\"fi\",\"@id\":\"https:\/\/gpowersport.com\/pl\/#\/schema\/logo\/image\/\",\"url\":\"https:\/\/gpowersport.com\/wp-content\/uploads\/2020\/03\/gpower-logo.png\",\"contentUrl\":\"https:\/\/gpowersport.com\/wp-content\/uploads\/2020\/03\/gpower-logo.png\",\"width\":140,\"height\":30,\"caption\":\"G'power carbon paddles\"},\"image\":{\"@id\":\"https:\/\/gpowersport.com\/pl\/#\/schema\/logo\/image\/\"},\"sameAs\":[\"https:\/\/www.facebook.com\/GpowerPaddles\",\"https:\/\/www.instagram.com\/gpowerpaddles\/\"]}]}<\/script>\n<!-- \/ Yoast SEO Premium plugin. -->","yoast_head_json":{"title":"Kayak Cross paddle - G&#039;Power Carbon Paddles","description":"Carbon extreme paddle - is our latest model of slalom paddle in which we used a unique inner surface of the blade.","robots":{"index":"index","follow":"follow","max-snippet":"max-snippet:-1","max-image-preview":"max-image-preview:large","max-video-preview":"max-video-preview:-1"},"canonical":"https:\/\/gpowersport.com\/fi\/carbon-fiber-paddles\/slalom\/kayak\/kayak-cross-paddle\/","og_locale":"fi_FI","og_type":"article","og_title":"Kayak Cross paddle","og_description":"Carbon extreme paddle - is our latest model of slalom paddle in which we used a unique inner surface of the blade.","og_url":"https:\/\/gpowersport.com\/fi\/carbon-fiber-paddles\/slalom\/kayak\/kayak-cross-paddle\/","og_site_name":"G&#039;Power","article_publisher":"https:\/\/www.facebook.com\/GpowerPaddles","article_modified_time":"2026-03-20T14:33:27+00:00","og_image":[{"width":1600,"height":1067,"url":"https:\/\/gpowersport.com\/wp-content\/uploads\/2023\/08\/BE7F5D70-C9CD-4539-B59E-4956B25DF78A.png","type":"image\/png"}],"twitter_card":"summary_large_image","twitter_misc":{"Arvioitu lukuaika":"3 minuuttia"},"schema":{"@context":"https:\/\/schema.org","@graph":[{"@type":["WebPage","ItemPage"],"@id":"https:\/\/gpowersport.com\/nl\/carbon-fiber-paddles\/slalom\/kayak\/kayak-cross-paddle\/","url":"https:\/\/gpowersport.com\/nl\/carbon-fiber-paddles\/slalom\/kayak\/kayak-cross-paddle\/","name":"Kayak Cross paddle - G&#039;Power Carbon Paddles","isPartOf":{"@id":"https:\/\/gpowersport.com\/pl\/#website"},"primaryImageOfPage":{"@id":"https:\/\/gpowersport.com\/nl\/carbon-fiber-paddles\/slalom\/kayak\/kayak-cross-paddle\/#primaryimage"},"image":{"@id":"https:\/\/gpowersport.com\/nl\/carbon-fiber-paddles\/slalom\/kayak\/kayak-cross-paddle\/#primaryimage"},"thumbnailUrl":"https:\/\/gpowersport.com\/wp-content\/uploads\/2023\/08\/BE7F5D70-C9CD-4539-B59E-4956B25DF78A.png","datePublished":"2023-08-23T06:45:01+00:00","dateModified":"2026-03-20T14:33:27+00:00","description":"Carbon extreme paddle - is our latest model of slalom paddle in which we used a unique inner surface of the blade.","breadcrumb":{"@id":"https:\/\/gpowersport.com\/nl\/carbon-fiber-paddles\/slalom\/kayak\/kayak-cross-paddle\/#breadcrumb"},"inLanguage":"fi","potentialAction":[{"@type":"ReadAction","target":["https:\/\/gpowersport.com\/nl\/carbon-fiber-paddles\/slalom\/kayak\/kayak-cross-paddle\/"]}]},{"@type":"ImageObject","inLanguage":"fi","@id":"https:\/\/gpowersport.com\/nl\/carbon-fiber-paddles\/slalom\/kayak\/kayak-cross-paddle\/#primaryimage","url":"https:\/\/gpowersport.com\/wp-content\/uploads\/2023\/08\/BE7F5D70-C9CD-4539-B59E-4956B25DF78A.png","contentUrl":"https:\/\/gpowersport.com\/wp-content\/uploads\/2023\/08\/BE7F5D70-C9CD-4539-B59E-4956B25DF78A.png","width":1600,"height":1067},{"@type":"BreadcrumbList","@id":"https:\/\/gpowersport.com\/nl\/carbon-fiber-paddles\/slalom\/kayak\/kayak-cross-paddle\/#breadcrumb","itemListElement":[{"@type":"ListItem","position":1,"name":"Home","item":"https:\/\/gpowersport.com\/"},{"@type":"ListItem","position":2,"name":"Shop","item":"https:\/\/gpowersport.com\/carbon-fiber-paddles\/"},{"@type":"ListItem","position":3,"name":"Carbon Fiber Paddles","item":"https:\/\/gpowersport.com\/pl\/carbon-fiber-paddles\/"},{"@type":"ListItem","position":4,"name":"Slalom Paddles","item":"https:\/\/gpowersport.com\/carbon-fiber-paddles\/slalom\/"},{"@type":"ListItem","position":5,"name":"Slalom Kayak Paddles","item":"https:\/\/gpowersport.com\/nl\/carbon-fiber-paddles\/slalom\/kayak\/"},{"@type":"ListItem","position":6,"name":"Kayak Cross paddle"}]},{"@type":"WebSite","@id":"https:\/\/gpowersport.com\/pl\/#website","url":"https:\/\/gpowersport.com\/pl\/","name":"G'Power hiilen melat","description":"","publisher":{"@id":"https:\/\/gpowersport.com\/pl\/#organization"},"potentialAction":[{"@type":"SearchAction","target":{"@type":"EntryPoint","urlTemplate":"https:\/\/gpowersport.com\/pl\/?s={search_term_string}"},"query-input":{"@type":"PropertyValueSpecification","valueRequired":true,"valueName":"search_term_string"}}],"inLanguage":"fi"},{"@type":"Organization","@id":"https:\/\/gpowersport.com\/pl\/#organization","name":"G'power carbon -melat","url":"https:\/\/gpowersport.com\/pl\/","logo":{"@type":"ImageObject","inLanguage":"fi","@id":"https:\/\/gpowersport.com\/pl\/#\/schema\/logo\/image\/","url":"https:\/\/gpowersport.com\/wp-content\/uploads\/2020\/03\/gpower-logo.png","contentUrl":"https:\/\/gpowersport.com\/wp-content\/uploads\/2020\/03\/gpower-logo.png","width":140,"height":30,"caption":"G'power carbon paddles"},"image":{"@id":"https:\/\/gpowersport.com\/pl\/#\/schema\/logo\/image\/"},"sameAs":["https:\/\/www.facebook.com\/GpowerPaddles","https:\/\/www.instagram.com\/gpowerpaddles\/"]}]}},"_links":{"self":[{"href":"https:\/\/gpowersport.com\/fi\/wp-json\/wp\/v2\/product\/42693","targetHints":{"allow":["GET"]}}],"collection":[{"href":"https:\/\/gpowersport.com\/fi\/wp-json\/wp\/v2\/product"}],"about":[{"href":"https:\/\/gpowersport.com\/fi\/wp-json\/wp\/v2\/types\/product"}],"replies":[{"embeddable":true,"href":"https:\/\/gpowersport.com\/fi\/wp-json\/wp\/v2\/comments?post=42693"}],"wp:featuredmedia":[{"embeddable":true,"href":"https:\/\/gpowersport.com\/fi\/wp-json\/wp\/v2\/media\/42704"}],"wp:attachment":[{"href":"https:\/\/gpowersport.com\/fi\/wp-json\/wp\/v2\/media?parent=42693"}],"wp:term":[{"taxonomy":"product_brand","embeddable":true,"href":"https:\/\/gpowersport.com\/fi\/wp-json\/wp\/v2\/product_brand?post=42693"},{"taxonomy":"product_cat","embeddable":true,"href":"https:\/\/gpowersport.com\/fi\/wp-json\/wp\/v2\/product_cat?post=42693"},{"taxonomy":"product_tag","embeddable":true,"href":"https:\/\/gpowersport.com\/fi\/wp-json\/wp\/v2\/product_tag?post=42693"}],"curies":[{"name":"wp","href":"https:\/\/api.w.org\/{rel}","templated":true}]}}