{"id":34841,"date":"2020-05-20T05:40:42","date_gmt":"2020-05-20T05:40:42","guid":{"rendered":"https:\/\/gpowersport.com\/?page_id=34841"},"modified":"2023-10-25T11:33:34","modified_gmt":"2023-10-25T11:33:34","slug":"gpower-technology-park","status":"publish","type":"page","link":"https:\/\/gpowersport.com\/fr\/gpower-technology-park\/","title":{"rendered":"TECHNOLOGIE - CON\u00c7UE POUR LES KAYAKISTES PROFESSIONNELS"},"content":{"rendered":"<h1>PAGAIES G'POWER - CON\u00c7UES POUR LES KAYAKISTES PROFESSIONNELS<\/h1>\n<p>Chez G'POWER, notre passion pour le kayak et nos ann\u00e9es d'exp\u00e9rience nous ont permis de cr\u00e9er des pagaies \u00e0 la pointe de la technologie qui r\u00e9pondent aux demandes des comp\u00e9titeurs les plus exigeants. Fabriqu\u00e9es \u00e0 partir de fibres de carbone et de r\u00e9sines \u00e9poxy de premi\u00e8re qualit\u00e9, nos pagaies offrent une qualit\u00e9 de fabrication et un attrait esth\u00e9tique in\u00e9gal\u00e9s. Nous am\u00e9liorons continuellement nos produits gr\u00e2ce \u00e0 une recherche permanente de nouveaux mat\u00e9riaux et de nouvelles technologies.<\/p>\n<p>Nos pagaies en carbone sont con\u00e7ues dans un souci de l\u00e9g\u00e8ret\u00e9, de durabilit\u00e9 et d'efficacit\u00e9 exceptionnelle dans l'eau. C'est pourquoi nous avons gagn\u00e9 le respect de kayakistes et d'entra\u00eeneurs exp\u00e9riment\u00e9s. Nos pagaies ont aid\u00e9 des athl\u00e8tes \u00e0 remporter des coupes du monde, des championnats du monde, des championnats d'Europe et m\u00eame des m\u00e9dailles d'or olympiques.<\/p>\n<p>Fond\u00e9e en 2005 par Rafal et Piotr Glazewski, G'POWER est pass\u00e9e d'une petite entreprise familiale \u00e0 une marque de premier plan sur le march\u00e9 des pagaies de kayak professionnelles. L'entreprise a d\u00e9but\u00e9 en tant qu'usine de fabrication \"GP\" cr\u00e9\u00e9e par Piotr en 1988, o\u00f9 les premi\u00e8res pagaies \"wing blade\" ont \u00e9t\u00e9 fabriqu\u00e9es en Europe du Moyen-Orient. Au d\u00e9but, toutes les pagaies \u00e9taient fabriqu\u00e9es \u00e0 la main, mais depuis 2010, nous avons int\u00e9gr\u00e9 la mod\u00e9lisation 3D et la technologie CAD\/CAM de pr\u00e9cision pour rationaliser la production et \u00e9liminer l'erreur humaine.<\/p>\n<p>Aujourd'hui, G'POWER propose une large gamme de pagaies pour diff\u00e9rentes disciplines du kayak, dont le Sprint, le Slalom, <a href=\"https:\/\/gpowersport.com\/fr\/carbon-fiber-paddles\/dragon-boat\/\">Bateau-dragon<\/a>Le kayak polo, le stand up, l'outrigger et le freestyle.<\/p>\n<h2>TECHNOLOGIE<\/h2>\n<p>Notre processus de fabrication int\u00e8gre des technologies de pointe, notamment la CNC 3D et 5D, l'impression UV, la mod\u00e9lisation 3D et la CAO\/FAO, ainsi que des cabines de chauffage et de peinture professionnelles. Notre centre d'usinage Lambda VTS \u00e0 commande num\u00e9rique sur 5 axes est sp\u00e9cialement con\u00e7u pour traiter des mat\u00e9riaux tels que le bois, les plastiques, les composites, l'aluminium et les r\u00e9sines polyester\/\u00e9poxy. Notre mat\u00e9riel de d\u00e9coupe est optimis\u00e9 pour la d\u00e9coupe de mat\u00e9riaux composites avec une largeur de travail de 1750 mm, et notre impression UV produit des impressions solides, imperm\u00e9ables et r\u00e9sistantes aux UV sur une vari\u00e9t\u00e9 de mat\u00e9riaux, y compris le m\u00e9tal, le verre, le carbone, le bois, le caoutchouc et le carton.<\/p>\n<p>En conclusion, chez G'POWER, nous nous effor\u00e7ons de fournir les meilleures pagaies pour les kayakistes professionnels, et notre d\u00e9vouement \u00e0 l'innovation et \u00e0 la technologie est \u00e9vident dans chaque produit que nous fabriquons. Que vous soyez un comp\u00e9titeur chevronn\u00e9 ou un d\u00e9butant, vous pouvez faire confiance \u00e0 G'POWER pour vous offrir la performance et la qualit\u00e9 que vous m\u00e9ritez.<\/p>\n<p><img fetchpriority=\"high\" decoding=\"async\" class=\"size-full wp-image-600 aligncenter\" src=\"http:\/\/gpowersport.com\/wp-content\/uploads\/2019\/04\/gpower-headquarter.jpg\" alt=\"\" width=\"500\" height=\"211\" srcset=\"https:\/\/gpowersport.com\/wp-content\/uploads\/2019\/04\/gpower-headquarter.jpg 500w, https:\/\/gpowersport.com\/wp-content\/uploads\/2019\/04\/gpower-headquarter-18x8.jpg 18w\" sizes=\"(max-width: 500px) 100vw, 500px\" \/><\/p>","protected":false},"excerpt":{"rendered":"<p>PALES G'POWER - CON\u00c7UES POUR LES KAYAKERS PROFESSIONNELS Chez G'POWER, notre passion pour le kayak et nos ann\u00e9es d'exp\u00e9rience nous ont permis de cr\u00e9er des pagaies \u00e0 la pointe de la technologie qui r\u00e9pondent aux demandes des comp\u00e9titeurs les plus exigeants. Fabriqu\u00e9es \u00e0 partir de fibres de carbone et de r\u00e9sines \u00e9poxy de premi\u00e8re qualit\u00e9, nos pagaies offrent une qualit\u00e9 de fabrication et une esth\u00e9tique in\u00e9gal\u00e9es. Nous am\u00e9liorons continuellement nos [...]<\/p>","protected":false},"author":61,"featured_media":0,"parent":0,"menu_order":0,"comment_status":"closed","ping_status":"closed","template":"","meta":{"footnotes":""},"class_list":["post-34841","page","type-page","status-publish","hentry"],"yoast_head":"<!-- This site is optimized with the Yoast SEO Premium plugin v20.7 (Yoast SEO v27.1.1) - https:\/\/yoast.com\/product\/yoast-seo-premium-wordpress\/ -->\n<title>TECHNOLOGY - DESIGNED FOR PROFESSIONAL KAYAKERS - G&#039;power<\/title>\n<meta name=\"robots\" content=\"index, follow, max-snippet:-1, max-image-preview:large, max-video-preview:-1\" \/>\n<link rel=\"canonical\" href=\"https:\/\/gpowersport.com\/fr\/gpower-technology-park\/\" \/>\n<meta property=\"og:locale\" content=\"fr_FR\" \/>\n<meta property=\"og:type\" content=\"article\" \/>\n<meta property=\"og:title\" content=\"TECHNOLOGY - DESIGNED FOR PROFESSIONAL KAYAKERS\" \/>\n<meta property=\"og:description\" content=\"G&#8217;POWER PADDLES &#8211; DESIGNED FOR PROFESSIONAL KAYAKERS At G&#8217;POWER, our passion for kayaking and years of experience has allowed us to create state-of-the-art paddles that meet the demands of even the most demanding competitors. Made from top-quality carbon fiber and epoxy resins, our paddles offer unmatched manufacturing quality and aesthetic appeal. We continuously improve our\" \/>\n<meta property=\"og:url\" content=\"https:\/\/gpowersport.com\/fr\/gpower-technology-park\/\" \/>\n<meta property=\"og:site_name\" content=\"G&#039;Power\" \/>\n<meta property=\"article:publisher\" content=\"https:\/\/www.facebook.com\/GpowerPaddles\" \/>\n<meta property=\"article:modified_time\" content=\"2023-10-25T11:33:34+00:00\" \/>\n<meta property=\"og:image\" content=\"http:\/\/gpowersport.com\/wp-content\/uploads\/2019\/04\/gpower-headquarter.jpg\" \/>\n<meta name=\"twitter:card\" content=\"summary_large_image\" \/>\n<meta name=\"twitter:label1\" content=\"Dur\u00e9e de lecture estim\u00e9e\" \/>\n\t<meta name=\"twitter:data1\" content=\"2 minutes\" \/>\n<script type=\"application\/ld+json\" class=\"yoast-schema-graph\">{\"@context\":\"https:\/\/schema.org\",\"@graph\":[{\"@type\":\"WebPage\",\"@id\":\"https:\/\/gpowersport.com\/gpower-technology-park\/\",\"url\":\"https:\/\/gpowersport.com\/gpower-technology-park\/\",\"name\":\"TECHNOLOGY - DESIGNED FOR PROFESSIONAL KAYAKERS - G'power\",\"isPartOf\":{\"@id\":\"https:\/\/gpowersport.com\/pl\/#website\"},\"primaryImageOfPage\":{\"@id\":\"https:\/\/gpowersport.com\/gpower-technology-park\/#primaryimage\"},\"image\":{\"@id\":\"https:\/\/gpowersport.com\/gpower-technology-park\/#primaryimage\"},\"thumbnailUrl\":\"http:\/\/gpowersport.com\/wp-content\/uploads\/2019\/04\/gpower-headquarter.jpg\",\"datePublished\":\"2020-05-20T05:40:42+00:00\",\"dateModified\":\"2023-10-25T11:33:34+00:00\",\"breadcrumb\":{\"@id\":\"https:\/\/gpowersport.com\/gpower-technology-park\/#breadcrumb\"},\"inLanguage\":\"fr-FR\",\"potentialAction\":[{\"@type\":\"ReadAction\",\"target\":[\"https:\/\/gpowersport.com\/gpower-technology-park\/\"]}]},{\"@type\":\"ImageObject\",\"inLanguage\":\"fr-FR\",\"@id\":\"https:\/\/gpowersport.com\/gpower-technology-park\/#primaryimage\",\"url\":\"http:\/\/gpowersport.com\/wp-content\/uploads\/2019\/04\/gpower-headquarter.jpg\",\"contentUrl\":\"http:\/\/gpowersport.com\/wp-content\/uploads\/2019\/04\/gpower-headquarter.jpg\"},{\"@type\":\"BreadcrumbList\",\"@id\":\"https:\/\/gpowersport.com\/gpower-technology-park\/#breadcrumb\",\"itemListElement\":[{\"@type\":\"ListItem\",\"position\":1,\"name\":\"Home\",\"item\":\"https:\/\/gpowersport.com\/\"},{\"@type\":\"ListItem\",\"position\":2,\"name\":\"TECHNOLOGY &#8211; DESIGNED FOR PROFESSIONAL KAYAKERS\"}]},{\"@type\":\"WebSite\",\"@id\":\"https:\/\/gpowersport.com\/pl\/#website\",\"url\":\"https:\/\/gpowersport.com\/pl\/\",\"name\":\"G'Power carbon paddles\",\"description\":\"\",\"publisher\":{\"@id\":\"https:\/\/gpowersport.com\/pl\/#organization\"},\"potentialAction\":[{\"@type\":\"SearchAction\",\"target\":{\"@type\":\"EntryPoint\",\"urlTemplate\":\"https:\/\/gpowersport.com\/pl\/?s={search_term_string}\"},\"query-input\":{\"@type\":\"PropertyValueSpecification\",\"valueRequired\":true,\"valueName\":\"search_term_string\"}}],\"inLanguage\":\"fr-FR\"},{\"@type\":\"Organization\",\"@id\":\"https:\/\/gpowersport.com\/pl\/#organization\",\"name\":\"G'power carbon paddles\",\"url\":\"https:\/\/gpowersport.com\/pl\/\",\"logo\":{\"@type\":\"ImageObject\",\"inLanguage\":\"fr-FR\",\"@id\":\"https:\/\/gpowersport.com\/pl\/#\/schema\/logo\/image\/\",\"url\":\"https:\/\/gpowersport.com\/wp-content\/uploads\/2020\/03\/gpower-logo.png\",\"contentUrl\":\"https:\/\/gpowersport.com\/wp-content\/uploads\/2020\/03\/gpower-logo.png\",\"width\":140,\"height\":30,\"caption\":\"G'power carbon paddles\"},\"image\":{\"@id\":\"https:\/\/gpowersport.com\/pl\/#\/schema\/logo\/image\/\"},\"sameAs\":[\"https:\/\/www.facebook.com\/GpowerPaddles\",\"https:\/\/www.instagram.com\/gpowerpaddles\/\"]}]}<\/script>\n<!-- \/ Yoast SEO Premium plugin. -->","yoast_head_json":{"title":"TECHNOLOGIE - CON\u00c7UE POUR LES KAYAKERS PROFESSIONNELS - G'power","robots":{"index":"index","follow":"follow","max-snippet":"max-snippet:-1","max-image-preview":"max-image-preview:large","max-video-preview":"max-video-preview:-1"},"canonical":"https:\/\/gpowersport.com\/fr\/gpower-technology-park\/","og_locale":"fr_FR","og_type":"article","og_title":"TECHNOLOGY - DESIGNED FOR PROFESSIONAL KAYAKERS","og_description":"G&#8217;POWER PADDLES &#8211; DESIGNED FOR PROFESSIONAL KAYAKERS At G&#8217;POWER, our passion for kayaking and years of experience has allowed us to create state-of-the-art paddles that meet the demands of even the most demanding competitors. Made from top-quality carbon fiber and epoxy resins, our paddles offer unmatched manufacturing quality and aesthetic appeal. We continuously improve our","og_url":"https:\/\/gpowersport.com\/fr\/gpower-technology-park\/","og_site_name":"G&#039;Power","article_publisher":"https:\/\/www.facebook.com\/GpowerPaddles","article_modified_time":"2023-10-25T11:33:34+00:00","og_image":[{"url":"http:\/\/gpowersport.com\/wp-content\/uploads\/2019\/04\/gpower-headquarter.jpg","type":"","width":"","height":""}],"twitter_card":"summary_large_image","twitter_misc":{"Dur\u00e9e de lecture estim\u00e9e":"2 minutes"},"schema":{"@context":"https:\/\/schema.org","@graph":[{"@type":"WebPage","@id":"https:\/\/gpowersport.com\/gpower-technology-park\/","url":"https:\/\/gpowersport.com\/gpower-technology-park\/","name":"TECHNOLOGIE - CON\u00c7UE POUR LES KAYAKERS PROFESSIONNELS - G'power","isPartOf":{"@id":"https:\/\/gpowersport.com\/pl\/#website"},"primaryImageOfPage":{"@id":"https:\/\/gpowersport.com\/gpower-technology-park\/#primaryimage"},"image":{"@id":"https:\/\/gpowersport.com\/gpower-technology-park\/#primaryimage"},"thumbnailUrl":"http:\/\/gpowersport.com\/wp-content\/uploads\/2019\/04\/gpower-headquarter.jpg","datePublished":"2020-05-20T05:40:42+00:00","dateModified":"2023-10-25T11:33:34+00:00","breadcrumb":{"@id":"https:\/\/gpowersport.com\/gpower-technology-park\/#breadcrumb"},"inLanguage":"fr-FR","potentialAction":[{"@type":"ReadAction","target":["https:\/\/gpowersport.com\/gpower-technology-park\/"]}]},{"@type":"ImageObject","inLanguage":"fr-FR","@id":"https:\/\/gpowersport.com\/gpower-technology-park\/#primaryimage","url":"http:\/\/gpowersport.com\/wp-content\/uploads\/2019\/04\/gpower-headquarter.jpg","contentUrl":"http:\/\/gpowersport.com\/wp-content\/uploads\/2019\/04\/gpower-headquarter.jpg"},{"@type":"BreadcrumbList","@id":"https:\/\/gpowersport.com\/gpower-technology-park\/#breadcrumb","itemListElement":[{"@type":"ListItem","position":1,"name":"Home","item":"https:\/\/gpowersport.com\/"},{"@type":"ListItem","position":2,"name":"TECHNOLOGY &#8211; DESIGNED FOR PROFESSIONAL KAYAKERS"}]},{"@type":"WebSite","@id":"https:\/\/gpowersport.com\/pl\/#website","url":"https:\/\/gpowersport.com\/pl\/","name":"Pagaies G'Power en carbone","description":"","publisher":{"@id":"https:\/\/gpowersport.com\/pl\/#organization"},"potentialAction":[{"@type":"SearchAction","target":{"@type":"EntryPoint","urlTemplate":"https:\/\/gpowersport.com\/pl\/?s={search_term_string}"},"query-input":{"@type":"PropertyValueSpecification","valueRequired":true,"valueName":"search_term_string"}}],"inLanguage":"fr-FR"},{"@type":"Organization","@id":"https:\/\/gpowersport.com\/pl\/#organization","name":"Pagaies en carbone G'power","url":"https:\/\/gpowersport.com\/pl\/","logo":{"@type":"ImageObject","inLanguage":"fr-FR","@id":"https:\/\/gpowersport.com\/pl\/#\/schema\/logo\/image\/","url":"https:\/\/gpowersport.com\/wp-content\/uploads\/2020\/03\/gpower-logo.png","contentUrl":"https:\/\/gpowersport.com\/wp-content\/uploads\/2020\/03\/gpower-logo.png","width":140,"height":30,"caption":"G'power carbon paddles"},"image":{"@id":"https:\/\/gpowersport.com\/pl\/#\/schema\/logo\/image\/"},"sameAs":["https:\/\/www.facebook.com\/GpowerPaddles","https:\/\/www.instagram.com\/gpowerpaddles\/"]}]}},"_links":{"self":[{"href":"https:\/\/gpowersport.com\/fr\/wp-json\/wp\/v2\/pages\/34841","targetHints":{"allow":["GET"]}}],"collection":[{"href":"https:\/\/gpowersport.com\/fr\/wp-json\/wp\/v2\/pages"}],"about":[{"href":"https:\/\/gpowersport.com\/fr\/wp-json\/wp\/v2\/types\/page"}],"author":[{"embeddable":true,"href":"https:\/\/gpowersport.com\/fr\/wp-json\/wp\/v2\/users\/61"}],"replies":[{"embeddable":true,"href":"https:\/\/gpowersport.com\/fr\/wp-json\/wp\/v2\/comments?post=34841"}],"version-history":[{"count":1,"href":"https:\/\/gpowersport.com\/fr\/wp-json\/wp\/v2\/pages\/34841\/revisions"}],"predecessor-version":[{"id":42986,"href":"https:\/\/gpowersport.com\/fr\/wp-json\/wp\/v2\/pages\/34841\/revisions\/42986"}],"wp:attachment":[{"href":"https:\/\/gpowersport.com\/fr\/wp-json\/wp\/v2\/media?parent=34841"}],"curies":[{"name":"wp","href":"https:\/\/api.w.org\/{rel}","templated":true}]}}