{"id":32849,"date":"2019-10-17T11:18:54","date_gmt":"2019-10-17T11:18:54","guid":{"rendered":"https:\/\/gpowersport.com\/shaft-slalom-k1-100-carbon-soft\/"},"modified":"2026-03-05T11:26:23","modified_gmt":"2026-03-05T11:26:23","slug":"shaft-slalom-k1-100-carbon-soft","status":"publish","type":"product","link":"https:\/\/gpowersport.com\/fr\/accesories\/shafts\/shaft-slalom-k1-100-carbon-soft\/","title":{"rendered":"Arbre slalom 100% carbone (Soft)"},"content":{"rendered":"<div>Manche de kayak de slalom avec une composition sp\u00e9cialement s\u00e9lectionn\u00e9e de fibres 3K et UD.<br \/>\n3 niveaux de rigidit\u00e9 pour r\u00e9pondre aux pr\u00e9f\u00e9rences individuelles et \u00e0 la technique de pagaie.<\/div>\n<div>Haute teneur en renfort dans le stratifi\u00e9 (65%) par rapport \u00e0 la r\u00e9sine \u00e9poxy sp\u00e9cialement s\u00e9lectionn\u00e9e avec une r\u00e9sistance de 110\u00b0C.<\/div>\n<div><\/div>\n<div>Construction disponible :<\/div>\n<div><\/div>\n<ul>\n<li>Dur - 190 g \/ 105 cm<\/li>\n<li>Moyen - 160 g \/ 105 cm<\/li>\n<li><strong>Souple - 155 g \/ 105 cm<\/strong><\/li>\n<\/ul>","protected":false},"excerpt":{"rendered":"<p>Slalom kayak shaft with specially selected composition of 3K and UD fibers. 3 levels of stiffness for individual preference and paddle technique. High content of reinforcement in laminate (65%) compared to specially selected epoxy resin with resistance of 110 \u00b0 C. Available Construction : Hard &#8211; 190 g \/ 105 cm Medium &#8211; 160 g<\/p>","protected":false},"featured_media":35235,"comment_status":"closed","ping_status":"closed","template":"","meta":[],"product_brand":[],"product_cat":[108,295],"product_tag":[],"class_list":{"0":"post-32849","1":"product","2":"type-product","3":"status-publish","4":"has-post-thumbnail","6":"product_cat-accesories","7":"product_cat-shafts","9":"first","10":"onbackorder","11":"taxable","12":"shipping-taxable","13":"purchasable","14":"product-type-simple"},"yoast_head":"<!-- This site is optimized with the Yoast SEO Premium plugin v20.7 (Yoast SEO v27.1.1) - https:\/\/yoast.com\/product\/yoast-seo-premium-wordpress\/ -->\n<title>Shaft slalom 100% carbon (Soft) - G&#039;Power<\/title>\n<meta name=\"robots\" content=\"index, follow, max-snippet:-1, max-image-preview:large, max-video-preview:-1\" \/>\n<link rel=\"canonical\" href=\"https:\/\/gpowersport.com\/fr\/accesories\/shafts\/shaft-slalom-k1-100-carbon-soft\/\" \/>\n<meta property=\"og:locale\" content=\"fr_FR\" \/>\n<meta property=\"og:type\" content=\"article\" \/>\n<meta property=\"og:title\" content=\"Shaft slalom 100% carbon (Soft)\" \/>\n<meta property=\"og:description\" content=\"Slalom kayak shaft with specially selected composition of 3K and UD fibers. 3 levels of stiffness for individual preference and paddle technique. High content of reinforcement in laminate (65%) compared to specially selected epoxy resin with resistance of 110 \u00b0 C. Available Construction : Hard &#8211; 190 g \/ 105 cm Medium &#8211; 160 g\" \/>\n<meta property=\"og:url\" content=\"https:\/\/gpowersport.com\/fr\/accesories\/shafts\/shaft-slalom-k1-100-carbon-soft\/\" \/>\n<meta property=\"og:site_name\" content=\"G&#039;Power\" \/>\n<meta property=\"article:publisher\" content=\"https:\/\/www.facebook.com\/GpowerPaddles\" \/>\n<meta property=\"article:modified_time\" content=\"2026-03-05T11:26:23+00:00\" \/>\n<meta property=\"og:image\" content=\"https:\/\/gpowersport.com\/wp-content\/uploads\/2019\/10\/Shaft_100carbon_3condtruction_start.png\" \/>\n\t<meta property=\"og:image:width\" content=\"1200\" \/>\n\t<meta property=\"og:image:height\" content=\"218\" \/>\n\t<meta property=\"og:image:type\" content=\"image\/png\" \/>\n<meta name=\"twitter:card\" content=\"summary_large_image\" \/>\n<meta name=\"twitter:label1\" content=\"Dur\u00e9e de lecture estim\u00e9e\" \/>\n\t<meta name=\"twitter:data1\" content=\"1 minute\" \/>\n<script type=\"application\/ld+json\" class=\"yoast-schema-graph\">{\"@context\":\"https:\/\/schema.org\",\"@graph\":[{\"@type\":[\"WebPage\",\"ItemPage\"],\"@id\":\"https:\/\/gpowersport.com\/accesories\/shafts\/shaft-slalom-k1-100-carbon-soft\/\",\"url\":\"https:\/\/gpowersport.com\/accesories\/shafts\/shaft-slalom-k1-100-carbon-soft\/\",\"name\":\"Shaft slalom 100% carbon (Soft) - G&#039;Power\",\"isPartOf\":{\"@id\":\"https:\/\/gpowersport.com\/pl\/#website\"},\"primaryImageOfPage\":{\"@id\":\"https:\/\/gpowersport.com\/accesories\/shafts\/shaft-slalom-k1-100-carbon-soft\/#primaryimage\"},\"image\":{\"@id\":\"https:\/\/gpowersport.com\/accesories\/shafts\/shaft-slalom-k1-100-carbon-soft\/#primaryimage\"},\"thumbnailUrl\":\"https:\/\/gpowersport.com\/wp-content\/uploads\/2019\/10\/Shaft_100carbon_3condtruction_start.png\",\"datePublished\":\"2019-10-17T11:18:54+00:00\",\"dateModified\":\"2026-03-05T11:26:23+00:00\",\"breadcrumb\":{\"@id\":\"https:\/\/gpowersport.com\/accesories\/shafts\/shaft-slalom-k1-100-carbon-soft\/#breadcrumb\"},\"inLanguage\":\"fr-FR\",\"potentialAction\":[{\"@type\":\"ReadAction\",\"target\":[\"https:\/\/gpowersport.com\/accesories\/shafts\/shaft-slalom-k1-100-carbon-soft\/\"]}]},{\"@type\":\"ImageObject\",\"inLanguage\":\"fr-FR\",\"@id\":\"https:\/\/gpowersport.com\/accesories\/shafts\/shaft-slalom-k1-100-carbon-soft\/#primaryimage\",\"url\":\"https:\/\/gpowersport.com\/wp-content\/uploads\/2019\/10\/Shaft_100carbon_3condtruction_start.png\",\"contentUrl\":\"https:\/\/gpowersport.com\/wp-content\/uploads\/2019\/10\/Shaft_100carbon_3condtruction_start.png\",\"width\":1200,\"height\":218},{\"@type\":\"BreadcrumbList\",\"@id\":\"https:\/\/gpowersport.com\/accesories\/shafts\/shaft-slalom-k1-100-carbon-soft\/#breadcrumb\",\"itemListElement\":[{\"@type\":\"ListItem\",\"position\":1,\"name\":\"Home\",\"item\":\"https:\/\/gpowersport.com\/\"},{\"@type\":\"ListItem\",\"position\":2,\"name\":\"Shop\",\"item\":\"https:\/\/gpowersport.com\/carbon-fiber-paddles\/\"},{\"@type\":\"ListItem\",\"position\":3,\"name\":\"Accesories\",\"item\":\"https:\/\/gpowersport.com\/pl\/accesories\/\"},{\"@type\":\"ListItem\",\"position\":4,\"name\":\"Shafts\",\"item\":\"https:\/\/gpowersport.com\/accesories\/shafts\/\"},{\"@type\":\"ListItem\",\"position\":5,\"name\":\"Shaft slalom 100% carbon (Soft)\"}]},{\"@type\":\"WebSite\",\"@id\":\"https:\/\/gpowersport.com\/pl\/#website\",\"url\":\"https:\/\/gpowersport.com\/pl\/\",\"name\":\"G'Power carbon paddles\",\"description\":\"\",\"publisher\":{\"@id\":\"https:\/\/gpowersport.com\/pl\/#organization\"},\"potentialAction\":[{\"@type\":\"SearchAction\",\"target\":{\"@type\":\"EntryPoint\",\"urlTemplate\":\"https:\/\/gpowersport.com\/pl\/?s={search_term_string}\"},\"query-input\":{\"@type\":\"PropertyValueSpecification\",\"valueRequired\":true,\"valueName\":\"search_term_string\"}}],\"inLanguage\":\"fr-FR\"},{\"@type\":\"Organization\",\"@id\":\"https:\/\/gpowersport.com\/pl\/#organization\",\"name\":\"G'power carbon paddles\",\"url\":\"https:\/\/gpowersport.com\/pl\/\",\"logo\":{\"@type\":\"ImageObject\",\"inLanguage\":\"fr-FR\",\"@id\":\"https:\/\/gpowersport.com\/pl\/#\/schema\/logo\/image\/\",\"url\":\"https:\/\/gpowersport.com\/wp-content\/uploads\/2020\/03\/gpower-logo.png\",\"contentUrl\":\"https:\/\/gpowersport.com\/wp-content\/uploads\/2020\/03\/gpower-logo.png\",\"width\":140,\"height\":30,\"caption\":\"G'power carbon paddles\"},\"image\":{\"@id\":\"https:\/\/gpowersport.com\/pl\/#\/schema\/logo\/image\/\"},\"sameAs\":[\"https:\/\/www.facebook.com\/GpowerPaddles\",\"https:\/\/www.instagram.com\/gpowerpaddles\/\"]}]}<\/script>\n<!-- \/ Yoast SEO Premium plugin. -->","yoast_head_json":{"title":"Arbre slalom 100% carbone (Soft) - G&#039;Power","robots":{"index":"index","follow":"follow","max-snippet":"max-snippet:-1","max-image-preview":"max-image-preview:large","max-video-preview":"max-video-preview:-1"},"canonical":"https:\/\/gpowersport.com\/fr\/accesories\/shafts\/shaft-slalom-k1-100-carbon-soft\/","og_locale":"fr_FR","og_type":"article","og_title":"Shaft slalom 100% carbon (Soft)","og_description":"Slalom kayak shaft with specially selected composition of 3K and UD fibers. 3 levels of stiffness for individual preference and paddle technique. High content of reinforcement in laminate (65%) compared to specially selected epoxy resin with resistance of 110 \u00b0 C. Available Construction : Hard &#8211; 190 g \/ 105 cm Medium &#8211; 160 g","og_url":"https:\/\/gpowersport.com\/fr\/accesories\/shafts\/shaft-slalom-k1-100-carbon-soft\/","og_site_name":"G&#039;Power","article_publisher":"https:\/\/www.facebook.com\/GpowerPaddles","article_modified_time":"2026-03-05T11:26:23+00:00","og_image":[{"width":1200,"height":218,"url":"https:\/\/gpowersport.com\/wp-content\/uploads\/2019\/10\/Shaft_100carbon_3condtruction_start.png","type":"image\/png"}],"twitter_card":"summary_large_image","twitter_misc":{"Dur\u00e9e de lecture estim\u00e9e":"1 minute"},"schema":{"@context":"https:\/\/schema.org","@graph":[{"@type":["WebPage","ItemPage"],"@id":"https:\/\/gpowersport.com\/accesories\/shafts\/shaft-slalom-k1-100-carbon-soft\/","url":"https:\/\/gpowersport.com\/accesories\/shafts\/shaft-slalom-k1-100-carbon-soft\/","name":"Arbre slalom 100% carbone (Soft) - G&#039;Power","isPartOf":{"@id":"https:\/\/gpowersport.com\/pl\/#website"},"primaryImageOfPage":{"@id":"https:\/\/gpowersport.com\/accesories\/shafts\/shaft-slalom-k1-100-carbon-soft\/#primaryimage"},"image":{"@id":"https:\/\/gpowersport.com\/accesories\/shafts\/shaft-slalom-k1-100-carbon-soft\/#primaryimage"},"thumbnailUrl":"https:\/\/gpowersport.com\/wp-content\/uploads\/2019\/10\/Shaft_100carbon_3condtruction_start.png","datePublished":"2019-10-17T11:18:54+00:00","dateModified":"2026-03-05T11:26:23+00:00","breadcrumb":{"@id":"https:\/\/gpowersport.com\/accesories\/shafts\/shaft-slalom-k1-100-carbon-soft\/#breadcrumb"},"inLanguage":"fr-FR","potentialAction":[{"@type":"ReadAction","target":["https:\/\/gpowersport.com\/accesories\/shafts\/shaft-slalom-k1-100-carbon-soft\/"]}]},{"@type":"ImageObject","inLanguage":"fr-FR","@id":"https:\/\/gpowersport.com\/accesories\/shafts\/shaft-slalom-k1-100-carbon-soft\/#primaryimage","url":"https:\/\/gpowersport.com\/wp-content\/uploads\/2019\/10\/Shaft_100carbon_3condtruction_start.png","contentUrl":"https:\/\/gpowersport.com\/wp-content\/uploads\/2019\/10\/Shaft_100carbon_3condtruction_start.png","width":1200,"height":218},{"@type":"BreadcrumbList","@id":"https:\/\/gpowersport.com\/accesories\/shafts\/shaft-slalom-k1-100-carbon-soft\/#breadcrumb","itemListElement":[{"@type":"ListItem","position":1,"name":"Home","item":"https:\/\/gpowersport.com\/"},{"@type":"ListItem","position":2,"name":"Shop","item":"https:\/\/gpowersport.com\/carbon-fiber-paddles\/"},{"@type":"ListItem","position":3,"name":"Accesories","item":"https:\/\/gpowersport.com\/pl\/accesories\/"},{"@type":"ListItem","position":4,"name":"Shafts","item":"https:\/\/gpowersport.com\/accesories\/shafts\/"},{"@type":"ListItem","position":5,"name":"Shaft slalom 100% carbon (Soft)"}]},{"@type":"WebSite","@id":"https:\/\/gpowersport.com\/pl\/#website","url":"https:\/\/gpowersport.com\/pl\/","name":"Pagaies G'Power en carbone","description":"","publisher":{"@id":"https:\/\/gpowersport.com\/pl\/#organization"},"potentialAction":[{"@type":"SearchAction","target":{"@type":"EntryPoint","urlTemplate":"https:\/\/gpowersport.com\/pl\/?s={search_term_string}"},"query-input":{"@type":"PropertyValueSpecification","valueRequired":true,"valueName":"search_term_string"}}],"inLanguage":"fr-FR"},{"@type":"Organization","@id":"https:\/\/gpowersport.com\/pl\/#organization","name":"Pagaies en carbone G'power","url":"https:\/\/gpowersport.com\/pl\/","logo":{"@type":"ImageObject","inLanguage":"fr-FR","@id":"https:\/\/gpowersport.com\/pl\/#\/schema\/logo\/image\/","url":"https:\/\/gpowersport.com\/wp-content\/uploads\/2020\/03\/gpower-logo.png","contentUrl":"https:\/\/gpowersport.com\/wp-content\/uploads\/2020\/03\/gpower-logo.png","width":140,"height":30,"caption":"G'power carbon paddles"},"image":{"@id":"https:\/\/gpowersport.com\/pl\/#\/schema\/logo\/image\/"},"sameAs":["https:\/\/www.facebook.com\/GpowerPaddles","https:\/\/www.instagram.com\/gpowerpaddles\/"]}]}},"_links":{"self":[{"href":"https:\/\/gpowersport.com\/fr\/wp-json\/wp\/v2\/product\/32849","targetHints":{"allow":["GET"]}}],"collection":[{"href":"https:\/\/gpowersport.com\/fr\/wp-json\/wp\/v2\/product"}],"about":[{"href":"https:\/\/gpowersport.com\/fr\/wp-json\/wp\/v2\/types\/product"}],"replies":[{"embeddable":true,"href":"https:\/\/gpowersport.com\/fr\/wp-json\/wp\/v2\/comments?post=32849"}],"wp:featuredmedia":[{"embeddable":true,"href":"https:\/\/gpowersport.com\/fr\/wp-json\/wp\/v2\/media\/35235"}],"wp:attachment":[{"href":"https:\/\/gpowersport.com\/fr\/wp-json\/wp\/v2\/media?parent=32849"}],"wp:term":[{"taxonomy":"product_brand","embeddable":true,"href":"https:\/\/gpowersport.com\/fr\/wp-json\/wp\/v2\/product_brand?post=32849"},{"taxonomy":"product_cat","embeddable":true,"href":"https:\/\/gpowersport.com\/fr\/wp-json\/wp\/v2\/product_cat?post=32849"},{"taxonomy":"product_tag","embeddable":true,"href":"https:\/\/gpowersport.com\/fr\/wp-json\/wp\/v2\/product_tag?post=32849"}],"curies":[{"name":"wp","href":"https:\/\/api.w.org\/{rel}","templated":true}]}}