{"id":33394,"date":"2019-10-29T10:33:33","date_gmt":"2019-10-29T10:33:33","guid":{"rendered":"https:\/\/gpowersport.com\/?post_type=product&#038;p=33394"},"modified":"2026-02-05T20:23:41","modified_gmt":"2026-02-05T20:23:41","slug":"spider-extreme","status":"publish","type":"product","link":"https:\/\/gpowersport.com\/fr\/carbon-fiber-paddles\/slalom\/kayak\/spider-extreme\/","title":{"rendered":"Pagaie Slalom Carbon extreme - Spider EXTREME"},"content":{"rendered":"<h1><span style=\"font-size: 75%;\"><span style=\"color: #000000;\"><strong>Pagaie extr\u00eame en carbone - Spider EXTREME<\/strong><\/span><\/span><\/h1>\n<h2><span style=\"font-size: 75%;\"> est notre dernier mod\u00e8le de pagaie de slalom dans lequel nous avons utilis\u00e9 une surface int\u00e9rieure unique de la pale. Les rainures concaves et la forme irr\u00e9guli\u00e8re augmentent la surface de travail effective tout en conservant la taille standard. Gr\u00e2ce \u00e0 des mois de tests, nous pouvons affirmer avec confiance qu'il s'agit d'une innovation qui vous permet d'am\u00e9liorer la stabilit\u00e9 sur l'eau, d'augmenter la puissance disponible et d'aspirer plus d'eau \u00e0 chaque coup de pagaie.<\/span><\/h2>\n<h2><span style=\"font-size: 75%;\">Andrej Malek (SVK), <a href=\"https:\/\/gpowersport.com\/fr\/team\/\" target=\"_blank\" rel=\"noopener noreferrer\">notre \u00e9quipe d'athl\u00e8tes<\/a>Il a d\u00e9montr\u00e9 son habilet\u00e9 avec cette lame en remportant l'\u00e9dition 2019 du concours de l'Union europ\u00e9enne. <a href=\"https:\/\/www.canoeicf.com\/\" target=\"_blank\" rel=\"noopener noreferrer\">ICF<\/a> Coupe du monde 2 dans la comp\u00e9tition K1 hommes en utilisant cette pagaie innovante.<\/span><br \/>\n<span style=\"font-size: 75%;\">Le choix des variantes de construction, de taille et de rigidit\u00e9 du manche permet de choisir la pagaie adapt\u00e9e \u00e0 chaque niveau d'habilet\u00e9 de l'athl\u00e8te. Dans chaque variante, les pales sont disponibles avec un renfort en acier inoxydable le long du bord ext\u00e9rieur, prot\u00e9geant ainsi la pale contre les dommages.<\/span>.<\/h2>\n<h2><span style=\"font-size: 75%;\">Application : Pagaie de kayak slalom<\/span><br \/>\n<span style=\"font-size: 75%;\">Niveau d'utilisation : Athl\u00e8te professionnel, entra\u00eenement intensif<br \/>\nMat\u00e9riau de la pagaie : Carbone extr\u00eame<br \/>\n<\/span><\/h2>\n<p>&nbsp;<\/p>\n<table border=\"0\" width=\"100%\" cellspacing=\"1\" cellpadding=\"1\" align=\"center\">\n<tbody>\n<tr>\n<td width=\"30%\"><span style=\"font-size: 85%;\">Taille<\/span><\/td>\n<td style=\"text-align: left;\" valign=\"middle\"><span style=\"font-size: 85%;\">XS<\/span><\/td>\n<td style=\"text-align: left;\"><span style=\"font-size: 85%;\">S<\/span><\/td>\n<td style=\"text-align: left;\"><span style=\"font-size: 85%;\">M<\/span><\/td>\n<td style=\"text-align: left;\"><span style=\"font-size: 85%;\">L<\/span><\/td>\n<td style=\"text-align: left;\"><span style=\"color: #282828; font-size: 85%;\">XL<\/span><\/td>\n<\/tr>\n<tr>\n<td><span style=\"font-size: 85%;\">Surface de la lame<\/span><\/td>\n<td style=\"text-align: left;\"><span style=\"font-size: 85%;\">&#8211;<\/span><\/td>\n<td style=\"text-align: left;\"><span style=\"font-size: 85%;\">701 cm<sup>2<\/sup><\/span><\/td>\n<td style=\"text-align: left;\"><span style=\"font-size: 85%;\">733 cm<sup>2<\/sup><\/span><\/td>\n<td style=\"text-align: left;\"><span style=\"font-size: 85%;\">752 cm<sup>2<\/sup><\/span><\/td>\n<td style=\"text-align: left;\"><span style=\"font-size: 85%;\">770 cm<sup>2<\/sup><\/span><\/td>\n<\/tr>\n<tr>\n<td><span style=\"font-size: 85%;\">Longueur de la lame<\/span><\/td>\n<td style=\"text-align: left;\"><span style=\"font-size: 85%;\">&#8211;<\/span><\/td>\n<td style=\"text-align: left;\"><span style=\"font-size: 85%;\">472 mm<\/span><\/td>\n<td><span style=\"font-size: 85%;\">485 mm<\/span><\/td>\n<td><span style=\"font-size: 85%;\">490 mm<\/span><\/td>\n<td><span style=\"font-size: 85%;\">495 mm<\/span><\/td>\n<\/tr>\n<tr>\n<td><span style=\"font-size: 85%;\">Largeur de la lame<\/span><\/td>\n<td><span style=\"font-size: 85%;\">&#8211;<\/span><\/td>\n<td><span style=\"font-size: 85%;\">207 mm<\/span><\/td>\n<td><span style=\"font-size: 85%;\">210 mm<\/span><\/td>\n<td><span style=\"font-size: 85%;\">215 mm<\/span><\/td>\n<td><span style=\"font-size: 85%;\">220 mm<\/span><\/td>\n<\/tr>\n<tr>\n<td><span style=\"font-size: 85%;\">Teneur en carbone - lame \/ arbre<\/span><\/td>\n<td><span style=\"font-size: 85%;\">&#8211;<\/span><\/td>\n<td><span style=\"font-size: 85%;\">100% \/ 100%<\/span><\/td>\n<td><span style=\"font-size: 85%;\">100% \/ 100%<\/span><\/td>\n<td><span style=\"font-size: 85%;\">100% \/ 100%<\/span><\/td>\n<td><span style=\"font-size: 85%;\">100% \/ 100%<\/span><\/td>\n<\/tr>\n<tr>\n<td><span style=\"font-size: 85%;\">Diam\u00e8tre de l'arbre<\/span><\/td>\n<td><span style=\"font-size: 85%;\">&#8211;<\/span><\/td>\n<td><span style=\"font-size: 85%;\">28 mm<\/span><\/td>\n<td><span style=\"font-size: 85%;\">28 mm<\/span><\/td>\n<td><span style=\"font-size: 85%;\">28 mm<\/span><\/td>\n<td><span style=\"font-size: 85%;\">28 mm<\/span><\/td>\n<\/tr>\n<tr>\n<td><span style=\"font-size: 85%;\">Poids de la pagaie<\/span><\/td>\n<td><span style=\"font-size: 85%;\">&#8211;<\/span><\/td>\n<td><span style=\"font-size: 85%;\">~ 685 g<\/span><\/td>\n<td><span style=\"font-size: 85%;\">~ 700 g<\/span><\/td>\n<td><span style=\"font-size: 85%;\">~ 715 g<\/span><\/td>\n<td><span style=\"font-size: 85%;\">~ 730 g<\/span><\/td>\n<\/tr>\n<tr>\n<td><span style=\"font-size: 85%;\">Conseils en m\u00e9tal<\/span><\/td>\n<td><span style=\"font-size: 85%;\">&#8211;<\/span><\/td>\n<td><span style=\"font-size: 85%;\">oui<\/span><\/td>\n<td><span style=\"font-size: 85%;\">oui<\/span><\/td>\n<td><span style=\"font-size: 85%;\">oui<\/span><\/td>\n<td><span style=\"font-size: 85%;\">oui<\/span><\/td>\n<\/tr>\n<\/tbody>\n<\/table>\n<p>&nbsp;<\/p>\n\t\n  \n    <div class=\"row large-columns-4 medium-columns-3 small-columns-2 row-small slider row-slider slider-nav-reveal slider-nav-push\"  data-flickity-options='{&quot;imagesLoaded&quot;: true, &quot;groupCells&quot;: &quot;100%&quot;, &quot;dragThreshold&quot; : 5, &quot;cellAlign&quot;: &quot;left&quot;,&quot;wrapAround&quot;: true,&quot;prevNextButtons&quot;: true,&quot;percentPosition&quot;: true,&quot;pageDots&quot;: false, &quot;rightToLeft&quot;: false, &quot;autoPlay&quot; : false}' >\n\n  \n\t     <\/div>\n\t<div id=\"gap-941109594\" class=\"gap-element clearfix\" style=\"display:block; height:auto;\">\n\t\t\n<style>\n#gap-941109594 {\n  padding-top: 50px;\n}\n<\/style>\n\t<\/div>\n\t\n\n\t<section class=\"section\" id=\"section_186649076\">\n\t\t<div class=\"section-bg fill\" >\n\t\t\t\t\t\t\t\t\t<div class=\"loading-spin centered\"><\/div>\n\t\t\t\n\n\t\t<\/div>\n\n\t\t\n\n\t\t<div class=\"section-content relative\">\n\t\t\t\n<div class=\"row row-solid\"  id=\"row-912551412\">\n\n\t<div id=\"col-1019479606\" class=\"col medium-4 small-12 large-4\"  >\n\t\t\t\t<div class=\"col-inner\"  >\n\t\t\t\n\t\t\t\n\n\t\t<div class=\"icon-box featured-box icon-box-center text-center\"  >\n\t\t\t\t\t<div class=\"icon-box-img\" style=\"width: 50px\">\n\t\t\t\t<div class=\"icon\">\n\t\t\t\t\t<div class=\"icon-inner\" >\n\t\t\t\t\t\t<img decoding=\"async\" width=\"128\" height=\"128\" src=\"https:\/\/gpowersport.com\/wp-content\/uploads\/2020\/09\/2703076-128-1-1.png\" class=\"attachment-medium size-medium\" alt=\"\" srcset=\"https:\/\/gpowersport.com\/wp-content\/uploads\/2020\/09\/2703076-128-1-1.png 128w, https:\/\/gpowersport.com\/wp-content\/uploads\/2020\/09\/2703076-128-1-1-12x12.png 12w, https:\/\/gpowersport.com\/wp-content\/uploads\/2020\/09\/2703076-128-1-1-120x120.png 120w, https:\/\/gpowersport.com\/wp-content\/uploads\/2020\/09\/2703076-128-1-1-100x100.png 100w\" sizes=\"(max-width: 128px) 100vw, 128px\" \/>\t\t\t\t\t<\/div>\n\t\t\t\t<\/div>\n\t\t\t<\/div>\n\t\t\t\t<div class=\"icon-box-text last-reset\">\n\t\t\t\t\t\t\t\t\t\t\t<\/div>\n\t<\/div>\n\t\n\t\n<p>&nbsp;<\/p>\n\t\t<\/div>\n\t\t\t\t\t<\/div>\n\n\t\n\n\t<div id=\"col-34306524\" class=\"col medium-4 small-12 large-4\"  >\n\t\t\t\t<div class=\"col-inner\"  >\n\t\t\t\n\t\t\t\n\n\t\t<div class=\"icon-box featured-box icon-box-center text-center\"  >\n\t\t\t\t\t<div class=\"icon-box-img\" style=\"width: 50px\">\n\t\t\t\t<div class=\"icon\">\n\t\t\t\t\t<div class=\"icon-inner\" >\n\t\t\t\t\t\t<img decoding=\"async\" width=\"128\" height=\"128\" src=\"https:\/\/gpowersport.com\/wp-content\/uploads\/2020\/09\/3669335-128-1.png\" class=\"attachment-medium size-medium\" alt=\"\" srcset=\"https:\/\/gpowersport.com\/wp-content\/uploads\/2020\/09\/3669335-128-1.png 128w, https:\/\/gpowersport.com\/wp-content\/uploads\/2020\/09\/3669335-128-1-12x12.png 12w, https:\/\/gpowersport.com\/wp-content\/uploads\/2020\/09\/3669335-128-1-120x120.png 120w, https:\/\/gpowersport.com\/wp-content\/uploads\/2020\/09\/3669335-128-1-100x100.png 100w\" sizes=\"(max-width: 128px) 100vw, 128px\" \/>\t\t\t\t\t<\/div>\n\t\t\t\t<\/div>\n\t\t\t<\/div>\n\t\t\t\t<div class=\"icon-box-text last-reset\">\n\t\t\t\t\t\t\t\t\t\n<p>Laisser un commentaire<\/p>\n<p>Votre opinion est tr\u00e8s importante pour nous. C'est pourquoi nous d\u00e9veloppons nos produits...<\/p>\n\t\t<\/div>\n\t<\/div>\n\t\n\t\n\t\t<\/div>\n\t\t\t\t\t<\/div>\n\n\t\n\n\t<div id=\"col-670311606\" class=\"col medium-4 small-12 large-4\"  >\n\t\t\t\t<div class=\"col-inner\"  >\n\t\t\t\n\t\t\t\n\n\t\t<div class=\"icon-box featured-box icon-box-center text-center\"  >\n\t\t\t\t\t<div class=\"icon-box-img\" style=\"width: 50px\">\n\t\t\t\t<div class=\"icon\">\n\t\t\t\t\t<div class=\"icon-inner\" >\n\t\t\t\t\t\t<img decoding=\"async\" width=\"128\" height=\"128\" src=\"https:\/\/gpowersport.com\/wp-content\/uploads\/2020\/09\/5959201-128-1.png\" class=\"attachment-medium size-medium\" alt=\"\" srcset=\"https:\/\/gpowersport.com\/wp-content\/uploads\/2020\/09\/5959201-128-1.png 128w, https:\/\/gpowersport.com\/wp-content\/uploads\/2020\/09\/5959201-128-1-12x12.png 12w, https:\/\/gpowersport.com\/wp-content\/uploads\/2020\/09\/5959201-128-1-120x120.png 120w, https:\/\/gpowersport.com\/wp-content\/uploads\/2020\/09\/5959201-128-1-100x100.png 100w\" sizes=\"(max-width: 128px) 100vw, 128px\" \/>\t\t\t\t\t<\/div>\n\t\t\t\t<\/div>\n\t\t\t<\/div>\n\t\t\t\t<div class=\"icon-box-text last-reset\">\n\t\t\t\t\t\t\t\t\t\n<p>Porte \u00e0 porte<\/p>\n<p>Lorsque vous achetez dans notre magasin, vous b\u00e9n\u00e9ficiez d'une garantie totale. Les r\u00e9clamations sont trait\u00e9es directement par le fabricant. Rapide et facile.<\/p>\n\t\t<\/div>\n\t<\/div>\n\t\n\t\n\t\t<\/div>\n\t\t\t\t\t<\/div>\n\n\t\n\n<style>\n#row-912551412 > .col > .col-inner {\n  padding: 20px 20px 20px 20px;\n}\n<\/style>\n<\/div>\n\t\t<\/div>\n\n\t\t\n<style>\n#section_186649076 {\n  padding-top: 30px;\n  padding-bottom: 30px;\n}\n<\/style>\n\t<\/section>","protected":false},"excerpt":{"rendered":"<p><span style=\"color: #00aae7;\">Lorsque vous choisissez une connexion standard<\/span>Veuillez \u00e9galement choisir la longueur, la torsion et l'angle de la palette : Longueur de la pagaie, torsion et angle. A l'\u00e9tape suivante, vous pouvez choisir la pagaie coll\u00e9e (vous recevez la pagaie pr\u00eate \u00e0 l'emploi). Si vous choisissez le syst\u00e8me Qnect ajustable, marquez la longueur minimale que vous souhaitez avoir et sautez le Twist et l'Angle. Le syst\u00e8me Qnect vous donne la possibilit\u00e9 de changer la longueur de la pagaie + 10 cm. Si vous n'avez pas peur des outils et que vous avez un don pour le bricolage, cochez NON dans la derni\u00e8re case.<\/p>","protected":false},"featured_media":33773,"comment_status":"open","ping_status":"closed","template":"","meta":[],"product_brand":[],"product_cat":[18,89,90],"product_tag":[],"class_list":{"0":"post-33394","1":"product","2":"type-product","3":"status-publish","4":"has-post-thumbnail","6":"product_cat-carbon-fiber-paddles","7":"product_cat-slalom","8":"product_cat-kayak","10":"first","11":"instock","12":"featured","13":"taxable","14":"shipping-taxable","15":"purchasable","16":"product-type-composite"},"yoast_head":"<!-- This site is optimized with the Yoast SEO Premium plugin v20.7 (Yoast SEO v27.1.1) - https:\/\/yoast.com\/product\/yoast-seo-premium-wordpress\/ -->\n<title>Slalom Carbon extreme paddle - Spider EXTREME - G&#039;Power Carbon Paddles<\/title>\n<meta name=\"description\" content=\"Carbon extreme paddle - is our latest model of slalom paddle in which we used a unique inner surface of the blade.\" \/>\n<meta name=\"robots\" content=\"index, follow, max-snippet:-1, max-image-preview:large, max-video-preview:-1\" \/>\n<link rel=\"canonical\" href=\"https:\/\/gpowersport.com\/fr\/carbon-fiber-paddles\/slalom\/kayak\/spider-extreme\/\" \/>\n<meta property=\"og:locale\" content=\"fr_FR\" \/>\n<meta property=\"og:type\" content=\"article\" \/>\n<meta property=\"og:title\" content=\"Slalom Carbon extreme paddle - Spider EXTREME\" \/>\n<meta property=\"og:description\" content=\"Carbon extreme paddle - is our latest model of slalom paddle in which we used a unique inner surface of the blade.\" \/>\n<meta property=\"og:url\" content=\"https:\/\/gpowersport.com\/fr\/carbon-fiber-paddles\/slalom\/kayak\/spider-extreme\/\" \/>\n<meta property=\"og:site_name\" content=\"G&#039;Power\" \/>\n<meta property=\"article:publisher\" content=\"https:\/\/www.facebook.com\/GpowerPaddles\" \/>\n<meta property=\"article:modified_time\" content=\"2026-02-05T20:23:41+00:00\" \/>\n<meta property=\"og:image\" content=\"https:\/\/gpowersport.com\/wp-content\/uploads\/2019\/10\/spider_xt_start.png\" \/>\n\t<meta property=\"og:image:width\" content=\"1200\" \/>\n\t<meta property=\"og:image:height\" content=\"218\" \/>\n\t<meta property=\"og:image:type\" content=\"image\/png\" \/>\n<meta name=\"twitter:card\" content=\"summary_large_image\" \/>\n<meta name=\"twitter:label1\" content=\"Dur\u00e9e de lecture estim\u00e9e\" \/>\n\t<meta name=\"twitter:data1\" content=\"2 minutes\" \/>\n<script type=\"application\/ld+json\" class=\"yoast-schema-graph\">{\"@context\":\"https:\/\/schema.org\",\"@graph\":[{\"@type\":[\"WebPage\",\"ItemPage\"],\"@id\":\"https:\/\/gpowersport.com\/pl\/carbon-fiber-paddles\/slalom\/kayak\/spider-extreme\/\",\"url\":\"https:\/\/gpowersport.com\/pl\/carbon-fiber-paddles\/slalom\/kayak\/spider-extreme\/\",\"name\":\"Slalom Carbon extreme paddle - Spider EXTREME - G&#039;Power Carbon Paddles\",\"isPartOf\":{\"@id\":\"https:\/\/gpowersport.com\/pl\/#website\"},\"primaryImageOfPage\":{\"@id\":\"https:\/\/gpowersport.com\/pl\/carbon-fiber-paddles\/slalom\/kayak\/spider-extreme\/#primaryimage\"},\"image\":{\"@id\":\"https:\/\/gpowersport.com\/pl\/carbon-fiber-paddles\/slalom\/kayak\/spider-extreme\/#primaryimage\"},\"thumbnailUrl\":\"https:\/\/gpowersport.com\/wp-content\/uploads\/2019\/10\/spider_xt_start.png\",\"datePublished\":\"2019-10-29T10:33:33+00:00\",\"dateModified\":\"2026-02-05T20:23:41+00:00\",\"description\":\"Carbon extreme paddle - is our latest model of slalom paddle in which we used a unique inner surface of the blade.\",\"breadcrumb\":{\"@id\":\"https:\/\/gpowersport.com\/pl\/carbon-fiber-paddles\/slalom\/kayak\/spider-extreme\/#breadcrumb\"},\"inLanguage\":\"fr-FR\",\"potentialAction\":[{\"@type\":\"ReadAction\",\"target\":[\"https:\/\/gpowersport.com\/pl\/carbon-fiber-paddles\/slalom\/kayak\/spider-extreme\/\"]}]},{\"@type\":\"ImageObject\",\"inLanguage\":\"fr-FR\",\"@id\":\"https:\/\/gpowersport.com\/pl\/carbon-fiber-paddles\/slalom\/kayak\/spider-extreme\/#primaryimage\",\"url\":\"https:\/\/gpowersport.com\/wp-content\/uploads\/2019\/10\/spider_xt_start.png\",\"contentUrl\":\"https:\/\/gpowersport.com\/wp-content\/uploads\/2019\/10\/spider_xt_start.png\",\"width\":1200,\"height\":218,\"caption\":\"Carbon extreme paddle - Spider EXTREME\"},{\"@type\":\"BreadcrumbList\",\"@id\":\"https:\/\/gpowersport.com\/pl\/carbon-fiber-paddles\/slalom\/kayak\/spider-extreme\/#breadcrumb\",\"itemListElement\":[{\"@type\":\"ListItem\",\"position\":1,\"name\":\"Home\",\"item\":\"https:\/\/gpowersport.com\/\"},{\"@type\":\"ListItem\",\"position\":2,\"name\":\"Shop\",\"item\":\"https:\/\/gpowersport.com\/carbon-fiber-paddles\/\"},{\"@type\":\"ListItem\",\"position\":3,\"name\":\"Carbon Fiber Paddles\",\"item\":\"https:\/\/gpowersport.com\/pl\/carbon-fiber-paddles\/\"},{\"@type\":\"ListItem\",\"position\":4,\"name\":\"Slalom Paddles\",\"item\":\"https:\/\/gpowersport.com\/carbon-fiber-paddles\/slalom\/\"},{\"@type\":\"ListItem\",\"position\":5,\"name\":\"Slalom Kayak Paddles\",\"item\":\"https:\/\/gpowersport.com\/nl\/carbon-fiber-paddles\/slalom\/kayak\/\"},{\"@type\":\"ListItem\",\"position\":6,\"name\":\"Slalom Carbon extreme paddle &#8211; Spider EXTREME\"}]},{\"@type\":\"WebSite\",\"@id\":\"https:\/\/gpowersport.com\/pl\/#website\",\"url\":\"https:\/\/gpowersport.com\/pl\/\",\"name\":\"G'Power carbon paddles\",\"description\":\"\",\"publisher\":{\"@id\":\"https:\/\/gpowersport.com\/pl\/#organization\"},\"potentialAction\":[{\"@type\":\"SearchAction\",\"target\":{\"@type\":\"EntryPoint\",\"urlTemplate\":\"https:\/\/gpowersport.com\/pl\/?s={search_term_string}\"},\"query-input\":{\"@type\":\"PropertyValueSpecification\",\"valueRequired\":true,\"valueName\":\"search_term_string\"}}],\"inLanguage\":\"fr-FR\"},{\"@type\":\"Organization\",\"@id\":\"https:\/\/gpowersport.com\/pl\/#organization\",\"name\":\"G'power carbon paddles\",\"url\":\"https:\/\/gpowersport.com\/pl\/\",\"logo\":{\"@type\":\"ImageObject\",\"inLanguage\":\"fr-FR\",\"@id\":\"https:\/\/gpowersport.com\/pl\/#\/schema\/logo\/image\/\",\"url\":\"https:\/\/gpowersport.com\/wp-content\/uploads\/2020\/03\/gpower-logo.png\",\"contentUrl\":\"https:\/\/gpowersport.com\/wp-content\/uploads\/2020\/03\/gpower-logo.png\",\"width\":140,\"height\":30,\"caption\":\"G'power carbon paddles\"},\"image\":{\"@id\":\"https:\/\/gpowersport.com\/pl\/#\/schema\/logo\/image\/\"},\"sameAs\":[\"https:\/\/www.facebook.com\/GpowerPaddles\",\"https:\/\/www.instagram.com\/gpowerpaddles\/\"]}]}<\/script>\n<!-- \/ Yoast SEO Premium plugin. -->","yoast_head_json":{"title":"Pagaie Slalom Carbon extreme - Spider EXTREME - G&#039;Power Carbon Paddles","description":"Carbon extreme paddle - est notre dernier mod\u00e8le de pagaie de slalom dans lequel nous avons utilis\u00e9 une surface int\u00e9rieure unique de la pale.","robots":{"index":"index","follow":"follow","max-snippet":"max-snippet:-1","max-image-preview":"max-image-preview:large","max-video-preview":"max-video-preview:-1"},"canonical":"https:\/\/gpowersport.com\/fr\/carbon-fiber-paddles\/slalom\/kayak\/spider-extreme\/","og_locale":"fr_FR","og_type":"article","og_title":"Slalom Carbon extreme paddle - Spider EXTREME","og_description":"Carbon extreme paddle - is our latest model of slalom paddle in which we used a unique inner surface of the blade.","og_url":"https:\/\/gpowersport.com\/fr\/carbon-fiber-paddles\/slalom\/kayak\/spider-extreme\/","og_site_name":"G&#039;Power","article_publisher":"https:\/\/www.facebook.com\/GpowerPaddles","article_modified_time":"2026-02-05T20:23:41+00:00","og_image":[{"width":1200,"height":218,"url":"https:\/\/gpowersport.com\/wp-content\/uploads\/2019\/10\/spider_xt_start.png","type":"image\/png"}],"twitter_card":"summary_large_image","twitter_misc":{"Dur\u00e9e de lecture estim\u00e9e":"2 minutes"},"schema":{"@context":"https:\/\/schema.org","@graph":[{"@type":["WebPage","ItemPage"],"@id":"https:\/\/gpowersport.com\/pl\/carbon-fiber-paddles\/slalom\/kayak\/spider-extreme\/","url":"https:\/\/gpowersport.com\/pl\/carbon-fiber-paddles\/slalom\/kayak\/spider-extreme\/","name":"Pagaie Slalom Carbon extreme - Spider EXTREME - G&#039;Power Carbon Paddles","isPartOf":{"@id":"https:\/\/gpowersport.com\/pl\/#website"},"primaryImageOfPage":{"@id":"https:\/\/gpowersport.com\/pl\/carbon-fiber-paddles\/slalom\/kayak\/spider-extreme\/#primaryimage"},"image":{"@id":"https:\/\/gpowersport.com\/pl\/carbon-fiber-paddles\/slalom\/kayak\/spider-extreme\/#primaryimage"},"thumbnailUrl":"https:\/\/gpowersport.com\/wp-content\/uploads\/2019\/10\/spider_xt_start.png","datePublished":"2019-10-29T10:33:33+00:00","dateModified":"2026-02-05T20:23:41+00:00","description":"Carbon extreme paddle - est notre dernier mod\u00e8le de pagaie de slalom dans lequel nous avons utilis\u00e9 une surface int\u00e9rieure unique de la pale.","breadcrumb":{"@id":"https:\/\/gpowersport.com\/pl\/carbon-fiber-paddles\/slalom\/kayak\/spider-extreme\/#breadcrumb"},"inLanguage":"fr-FR","potentialAction":[{"@type":"ReadAction","target":["https:\/\/gpowersport.com\/pl\/carbon-fiber-paddles\/slalom\/kayak\/spider-extreme\/"]}]},{"@type":"ImageObject","inLanguage":"fr-FR","@id":"https:\/\/gpowersport.com\/pl\/carbon-fiber-paddles\/slalom\/kayak\/spider-extreme\/#primaryimage","url":"https:\/\/gpowersport.com\/wp-content\/uploads\/2019\/10\/spider_xt_start.png","contentUrl":"https:\/\/gpowersport.com\/wp-content\/uploads\/2019\/10\/spider_xt_start.png","width":1200,"height":218,"caption":"Carbon extreme paddle - Spider EXTREME"},{"@type":"BreadcrumbList","@id":"https:\/\/gpowersport.com\/pl\/carbon-fiber-paddles\/slalom\/kayak\/spider-extreme\/#breadcrumb","itemListElement":[{"@type":"ListItem","position":1,"name":"Home","item":"https:\/\/gpowersport.com\/"},{"@type":"ListItem","position":2,"name":"Shop","item":"https:\/\/gpowersport.com\/carbon-fiber-paddles\/"},{"@type":"ListItem","position":3,"name":"Carbon Fiber Paddles","item":"https:\/\/gpowersport.com\/pl\/carbon-fiber-paddles\/"},{"@type":"ListItem","position":4,"name":"Slalom Paddles","item":"https:\/\/gpowersport.com\/carbon-fiber-paddles\/slalom\/"},{"@type":"ListItem","position":5,"name":"Slalom Kayak Paddles","item":"https:\/\/gpowersport.com\/nl\/carbon-fiber-paddles\/slalom\/kayak\/"},{"@type":"ListItem","position":6,"name":"Slalom Carbon extreme paddle &#8211; Spider EXTREME"}]},{"@type":"WebSite","@id":"https:\/\/gpowersport.com\/pl\/#website","url":"https:\/\/gpowersport.com\/pl\/","name":"Pagaies G'Power en carbone","description":"","publisher":{"@id":"https:\/\/gpowersport.com\/pl\/#organization"},"potentialAction":[{"@type":"SearchAction","target":{"@type":"EntryPoint","urlTemplate":"https:\/\/gpowersport.com\/pl\/?s={search_term_string}"},"query-input":{"@type":"PropertyValueSpecification","valueRequired":true,"valueName":"search_term_string"}}],"inLanguage":"fr-FR"},{"@type":"Organization","@id":"https:\/\/gpowersport.com\/pl\/#organization","name":"Pagaies en carbone G'power","url":"https:\/\/gpowersport.com\/pl\/","logo":{"@type":"ImageObject","inLanguage":"fr-FR","@id":"https:\/\/gpowersport.com\/pl\/#\/schema\/logo\/image\/","url":"https:\/\/gpowersport.com\/wp-content\/uploads\/2020\/03\/gpower-logo.png","contentUrl":"https:\/\/gpowersport.com\/wp-content\/uploads\/2020\/03\/gpower-logo.png","width":140,"height":30,"caption":"G'power carbon paddles"},"image":{"@id":"https:\/\/gpowersport.com\/pl\/#\/schema\/logo\/image\/"},"sameAs":["https:\/\/www.facebook.com\/GpowerPaddles","https:\/\/www.instagram.com\/gpowerpaddles\/"]}]}},"_links":{"self":[{"href":"https:\/\/gpowersport.com\/fr\/wp-json\/wp\/v2\/product\/33394","targetHints":{"allow":["GET"]}}],"collection":[{"href":"https:\/\/gpowersport.com\/fr\/wp-json\/wp\/v2\/product"}],"about":[{"href":"https:\/\/gpowersport.com\/fr\/wp-json\/wp\/v2\/types\/product"}],"replies":[{"embeddable":true,"href":"https:\/\/gpowersport.com\/fr\/wp-json\/wp\/v2\/comments?post=33394"}],"wp:featuredmedia":[{"embeddable":true,"href":"https:\/\/gpowersport.com\/fr\/wp-json\/wp\/v2\/media\/33773"}],"wp:attachment":[{"href":"https:\/\/gpowersport.com\/fr\/wp-json\/wp\/v2\/media?parent=33394"}],"wp:term":[{"taxonomy":"product_brand","embeddable":true,"href":"https:\/\/gpowersport.com\/fr\/wp-json\/wp\/v2\/product_brand?post=33394"},{"taxonomy":"product_cat","embeddable":true,"href":"https:\/\/gpowersport.com\/fr\/wp-json\/wp\/v2\/product_cat?post=33394"},{"taxonomy":"product_tag","embeddable":true,"href":"https:\/\/gpowersport.com\/fr\/wp-json\/wp\/v2\/product_tag?post=33394"}],"curies":[{"name":"wp","href":"https:\/\/api.w.org\/{rel}","templated":true}]}}