{"id":35178,"date":"2020-07-16T06:20:33","date_gmt":"2020-07-16T06:20:33","guid":{"rendered":"https:\/\/gpowersport.com\/?post_type=product&#038;p=35178"},"modified":"2023-08-11T06:58:37","modified_gmt":"2023-08-11T06:58:37","slug":"dynamite-2-extreme","status":"publish","type":"product","link":"https:\/\/gpowersport.com\/fr\/carbon-fiber-paddles\/dynamite-2-extreme\/","title":{"rendered":"Kayak Polo Dynamite 2 EXTREME"},"content":{"rendered":"<p>Con\u00e7ue \u00e0 l'aide d'une technologie 3D avanc\u00e9e, elle est encore plus r\u00e9sistante. La nouvelle pagaie se caract\u00e9rise par un design plus fin et une tige de connexion plus solide avec la pale. La surface concave permet une bonne prise en main de la balle et le design raffin\u00e9 permet de bien g\u00e9rer les acc\u00e9l\u00e9rations soudaines.<\/p>\n<p>Pour s'adapter \u00e0 la taille des joueurs, la pagaie est disponible en trois tailles : M, L et XL.<br \/>\nChoix de tailles de lames et d'arbres.<\/p>\n<p>&nbsp;<\/p>\n<table border=\"0\" width=\"100%\" cellspacing=\"1\" cellpadding=\"1\" align=\"center\">\n<tbody>\n<tr>\n<td width=\"30%\"><span style=\"font-size: 85%;\">Taille<\/span><\/td>\n<td style=\"text-align: left;\" valign=\"middle\"><span style=\"font-size: 85%;\">XS<\/span><\/td>\n<td style=\"text-align: left;\"><span style=\"font-size: 85%;\">S<\/span><\/td>\n<td style=\"text-align: left;\"><span style=\"font-size: 85%;\">M<\/span><\/td>\n<td style=\"text-align: left;\"><span style=\"font-size: 85%;\">L<\/span><\/td>\n<td style=\"text-align: left;\"><span style=\"color: #282828; font-size: 85%;\">XL<\/span><\/td>\n<\/tr>\n<tr>\n<td><span style=\"font-size: 85%;\">Surface de la lame<\/span><\/td>\n<td style=\"text-align: left;\"><span style=\"font-size: 85%;\">&#8211;<\/span><\/td>\n<td style=\"text-align: left;\"><span style=\"font-size: 12.24px;\">&#8211;<\/span><\/td>\n<td style=\"text-align: left;\"><span style=\"font-size: 85%;\">647 cm<sup>2<\/sup><\/span><\/td>\n<td style=\"text-align: left;\"><span style=\"font-size: 85%;\">686 cm<sup>2<\/sup><\/span><\/td>\n<td style=\"text-align: left;\"><span style=\"font-size: 85%;\">728 cm<sup>2<\/sup><\/span><\/td>\n<\/tr>\n<tr>\n<td><span style=\"font-size: 85%;\">Longueur de la lame<\/span><\/td>\n<td style=\"text-align: left;\"><span style=\"font-size: 85%;\">&#8211;<\/span><\/td>\n<td style=\"text-align: left;\"><span style=\"font-size: 85%;\">&#8211;<\/span><\/td>\n<td><span style=\"font-size: 85%;\">465 mm<\/span><\/td>\n<td><span style=\"font-size: 85%;\">470 mm<\/span><\/td>\n<td><span style=\"font-size: 85%;\">475 mm<\/span><\/td>\n<\/tr>\n<tr>\n<td><span style=\"font-size: 85%;\">Largeur de la lame<\/span><\/td>\n<td><span style=\"font-size: 85%;\">&#8211;<\/span><\/td>\n<td><span style=\"font-size: 85%;\">&#8211;<\/span><\/td>\n<td><span style=\"font-size: 85%;\">186 mm<\/span><\/td>\n<td><span style=\"font-size: 85%;\">196 mm<\/span><\/td>\n<td><span style=\"font-size: 85%;\">206 mm<\/span><\/td>\n<\/tr>\n<tr>\n<td><span style=\"font-size: 85%;\">Teneur en carbone - lame \/ arbre<\/span><\/td>\n<td><span style=\"font-size: 85%;\">&#8211;<\/span><\/td>\n<td><span style=\"font-size: 85%;\">&#8211;<\/span><\/td>\n<td><span style=\"font-size: 85%;\">80% \/ 30%<\/span><\/td>\n<td><span style=\"font-size: 85%;\">80% \/ 30%<\/span><\/td>\n<td><span style=\"font-size: 85%;\">80% \/ 30%<\/span><\/td>\n<\/tr>\n<tr>\n<td><span style=\"font-size: 85%;\">Diam\u00e8tre de l'arbre<\/span><\/td>\n<td><span style=\"font-size: 85%;\">&#8211;<\/span><\/td>\n<td><span style=\"font-size: 85%;\">&#8211;<\/span><\/td>\n<td><span style=\"font-size: 85%;\">30 mm<\/span><\/td>\n<td><span style=\"font-size: 85%;\">30 mm<\/span><\/td>\n<td><span style=\"font-size: 85%;\">30 mm<\/span><\/td>\n<\/tr>\n<tr>\n<td><span style=\"font-size: 85%;\">Poids de la pagaie<\/span><\/td>\n<td><span style=\"font-size: 85%;\">&#8211;<\/span><\/td>\n<td><span style=\"font-size: 85%;\">&#8211;<\/span><\/td>\n<td><span style=\"font-size: 85%;\">~ 850 g<\/span><\/td>\n<td><span style=\"font-size: 85%;\">~ 870 g<\/span><\/td>\n<td><span style=\"font-size: 85%;\">~ 910 g<\/span><\/td>\n<\/tr>\n<tr>\n<td><span style=\"font-size: 85%;\">Conseils en m\u00e9tal<\/span><\/td>\n<td><span style=\"font-size: 85%;\">&#8211;<\/span><\/td>\n<td><span style=\"font-size: 85%;\">&#8211;<\/span><\/td>\n<td><span style=\"font-size: 85%;\">non<\/span><\/td>\n<td><span style=\"font-size: 85%;\">non<\/span><\/td>\n<td><span style=\"font-size: 85%;\">non<\/span><\/td>\n<\/tr>\n<\/tbody>\n<\/table>\n<p>&nbsp;<\/p>","protected":false},"excerpt":{"rendered":"<p><span style=\"font-size: 100%;\"><span style=\"color: #00aae7;\">Lorsque vous choisissez une connexion standard<\/span>Veuillez \u00e9galement choisir la longueur, la torsion et l'angle de la palette : Longueur de la pagaie, torsion et angle. A l'\u00e9tape suivante, vous pouvez choisir la pagaie coll\u00e9e (vous recevez la pagaie pr\u00eate \u00e0 l'emploi). Si vous choisissez le syst\u00e8me Qnect ajustable, marquez la longueur minimale que vous souhaitez avoir et sautez le Twist et l'Angle. Le syst\u00e8me Qnect vous donne la possibilit\u00e9 de changer la longueur de la pagaie + 10 cm. Si vous n'avez pas peur des outils et que vous avez un don pour le bricolage, cochez NON dans la derni\u00e8re case.<\/span><\/p>","protected":false},"featured_media":35181,"comment_status":"open","ping_status":"closed","template":"","meta":[],"product_brand":[],"product_cat":[18,95],"product_tag":[],"class_list":{"0":"post-35178","1":"product","2":"type-product","3":"status-publish","4":"has-post-thumbnail","6":"product_cat-carbon-fiber-paddles","7":"product_cat-kayak-polo","9":"first","10":"instock","11":"taxable","12":"shipping-taxable","13":"purchasable","14":"product-type-composite"},"yoast_head":"<!-- This site is optimized with the Yoast SEO Premium plugin v20.7 (Yoast SEO v27.1.1) - https:\/\/yoast.com\/product\/yoast-seo-premium-wordpress\/ -->\n<title>Kayak Polo Dynamite 2 EXTREME - G&#039;Power<\/title>\n<meta name=\"robots\" content=\"index, follow, max-snippet:-1, max-image-preview:large, max-video-preview:-1\" \/>\n<link rel=\"canonical\" href=\"https:\/\/gpowersport.com\/fr\/carbon-fiber-paddles\/dynamite-2-extreme\/\" \/>\n<meta property=\"og:locale\" content=\"fr_FR\" \/>\n<meta property=\"og:type\" content=\"article\" \/>\n<meta property=\"og:title\" content=\"Kayak Polo Dynamite 2 EXTREME\" \/>\n<meta property=\"og:description\" content=\"When you choose a standard connection, please choose also : Paddle Lenght, Twist and Angle. At the next step You can choice paddle glued (You receive paddle ready to use) When you choose Qnect adjustable system mark the minimum lenght which You would like to have and skip Twist and Angle. The Qnect system gives You possibility of changing the length of the paddle + 10 cm. If you are not afraid of tools and you have a knack for DIY mark NO in the last check box.\" \/>\n<meta property=\"og:url\" content=\"https:\/\/gpowersport.com\/fr\/carbon-fiber-paddles\/dynamite-2-extreme\/\" \/>\n<meta property=\"og:site_name\" content=\"G&#039;Power\" \/>\n<meta property=\"article:publisher\" content=\"https:\/\/www.facebook.com\/GpowerPaddles\" \/>\n<meta property=\"article:modified_time\" content=\"2023-08-11T06:58:37+00:00\" \/>\n<meta property=\"og:image\" content=\"https:\/\/gpowersport.com\/wp-content\/uploads\/2020\/07\/dynamite-start-look.png\" \/>\n\t<meta property=\"og:image:width\" content=\"1200\" \/>\n\t<meta property=\"og:image:height\" content=\"218\" \/>\n\t<meta property=\"og:image:type\" content=\"image\/png\" \/>\n<meta name=\"twitter:card\" content=\"summary_large_image\" \/>\n<meta name=\"twitter:label1\" content=\"Dur\u00e9e de lecture estim\u00e9e\" \/>\n\t<meta name=\"twitter:data1\" content=\"1 minute\" \/>\n<script type=\"application\/ld+json\" class=\"yoast-schema-graph\">{\"@context\":\"https:\/\/schema.org\",\"@graph\":[{\"@type\":[\"WebPage\",\"ItemPage\"],\"@id\":\"https:\/\/gpowersport.com\/de\/carbon-fiber-paddles\/dynamite-2-extreme\/\",\"url\":\"https:\/\/gpowersport.com\/de\/carbon-fiber-paddles\/dynamite-2-extreme\/\",\"name\":\"Kayak Polo Dynamite 2 EXTREME - G&#039;Power\",\"isPartOf\":{\"@id\":\"https:\/\/gpowersport.com\/pl\/#website\"},\"primaryImageOfPage\":{\"@id\":\"https:\/\/gpowersport.com\/de\/carbon-fiber-paddles\/dynamite-2-extreme\/#primaryimage\"},\"image\":{\"@id\":\"https:\/\/gpowersport.com\/de\/carbon-fiber-paddles\/dynamite-2-extreme\/#primaryimage\"},\"thumbnailUrl\":\"https:\/\/gpowersport.com\/wp-content\/uploads\/2020\/07\/dynamite-start-look.png\",\"datePublished\":\"2020-07-16T06:20:33+00:00\",\"dateModified\":\"2023-08-11T06:58:37+00:00\",\"breadcrumb\":{\"@id\":\"https:\/\/gpowersport.com\/de\/carbon-fiber-paddles\/dynamite-2-extreme\/#breadcrumb\"},\"inLanguage\":\"fr-FR\",\"potentialAction\":[{\"@type\":\"ReadAction\",\"target\":[\"https:\/\/gpowersport.com\/de\/carbon-fiber-paddles\/dynamite-2-extreme\/\"]}]},{\"@type\":\"ImageObject\",\"inLanguage\":\"fr-FR\",\"@id\":\"https:\/\/gpowersport.com\/de\/carbon-fiber-paddles\/dynamite-2-extreme\/#primaryimage\",\"url\":\"https:\/\/gpowersport.com\/wp-content\/uploads\/2020\/07\/dynamite-start-look.png\",\"contentUrl\":\"https:\/\/gpowersport.com\/wp-content\/uploads\/2020\/07\/dynamite-start-look.png\",\"width\":1200,\"height\":218},{\"@type\":\"BreadcrumbList\",\"@id\":\"https:\/\/gpowersport.com\/de\/carbon-fiber-paddles\/dynamite-2-extreme\/#breadcrumb\",\"itemListElement\":[{\"@type\":\"ListItem\",\"position\":1,\"name\":\"Home\",\"item\":\"https:\/\/gpowersport.com\/\"},{\"@type\":\"ListItem\",\"position\":2,\"name\":\"Shop\",\"item\":\"https:\/\/gpowersport.com\/carbon-fiber-paddles\/\"},{\"@type\":\"ListItem\",\"position\":3,\"name\":\"Carbon Fiber Paddles\",\"item\":\"https:\/\/gpowersport.com\/pl\/carbon-fiber-paddles\/\"},{\"@type\":\"ListItem\",\"position\":4,\"name\":\"Kayak Polo Dynamite 2 EXTREME\"}]},{\"@type\":\"WebSite\",\"@id\":\"https:\/\/gpowersport.com\/pl\/#website\",\"url\":\"https:\/\/gpowersport.com\/pl\/\",\"name\":\"G'Power carbon paddles\",\"description\":\"\",\"publisher\":{\"@id\":\"https:\/\/gpowersport.com\/pl\/#organization\"},\"potentialAction\":[{\"@type\":\"SearchAction\",\"target\":{\"@type\":\"EntryPoint\",\"urlTemplate\":\"https:\/\/gpowersport.com\/pl\/?s={search_term_string}\"},\"query-input\":{\"@type\":\"PropertyValueSpecification\",\"valueRequired\":true,\"valueName\":\"search_term_string\"}}],\"inLanguage\":\"fr-FR\"},{\"@type\":\"Organization\",\"@id\":\"https:\/\/gpowersport.com\/pl\/#organization\",\"name\":\"G'power carbon paddles\",\"url\":\"https:\/\/gpowersport.com\/pl\/\",\"logo\":{\"@type\":\"ImageObject\",\"inLanguage\":\"fr-FR\",\"@id\":\"https:\/\/gpowersport.com\/pl\/#\/schema\/logo\/image\/\",\"url\":\"https:\/\/gpowersport.com\/wp-content\/uploads\/2020\/03\/gpower-logo.png\",\"contentUrl\":\"https:\/\/gpowersport.com\/wp-content\/uploads\/2020\/03\/gpower-logo.png\",\"width\":140,\"height\":30,\"caption\":\"G'power carbon paddles\"},\"image\":{\"@id\":\"https:\/\/gpowersport.com\/pl\/#\/schema\/logo\/image\/\"},\"sameAs\":[\"https:\/\/www.facebook.com\/GpowerPaddles\",\"https:\/\/www.instagram.com\/gpowerpaddles\/\"]}]}<\/script>\n<!-- \/ Yoast SEO Premium plugin. -->","yoast_head_json":{"title":"Kayak Polo Dynamite 2 EXTREME - G&#039;Power","robots":{"index":"index","follow":"follow","max-snippet":"max-snippet:-1","max-image-preview":"max-image-preview:large","max-video-preview":"max-video-preview:-1"},"canonical":"https:\/\/gpowersport.com\/fr\/carbon-fiber-paddles\/dynamite-2-extreme\/","og_locale":"fr_FR","og_type":"article","og_title":"Kayak Polo Dynamite 2 EXTREME","og_description":"When you choose a standard connection, please choose also : Paddle Lenght, Twist and Angle. At the next step You can choice paddle glued (You receive paddle ready to use) When you choose Qnect adjustable system mark the minimum lenght which You would like to have and skip Twist and Angle. The Qnect system gives You possibility of changing the length of the paddle + 10 cm. If you are not afraid of tools and you have a knack for DIY mark NO in the last check box.","og_url":"https:\/\/gpowersport.com\/fr\/carbon-fiber-paddles\/dynamite-2-extreme\/","og_site_name":"G&#039;Power","article_publisher":"https:\/\/www.facebook.com\/GpowerPaddles","article_modified_time":"2023-08-11T06:58:37+00:00","og_image":[{"width":1200,"height":218,"url":"https:\/\/gpowersport.com\/wp-content\/uploads\/2020\/07\/dynamite-start-look.png","type":"image\/png"}],"twitter_card":"summary_large_image","twitter_misc":{"Dur\u00e9e de lecture estim\u00e9e":"1 minute"},"schema":{"@context":"https:\/\/schema.org","@graph":[{"@type":["WebPage","ItemPage"],"@id":"https:\/\/gpowersport.com\/de\/carbon-fiber-paddles\/dynamite-2-extreme\/","url":"https:\/\/gpowersport.com\/de\/carbon-fiber-paddles\/dynamite-2-extreme\/","name":"Kayak Polo Dynamite 2 EXTREME - G&#039;Power","isPartOf":{"@id":"https:\/\/gpowersport.com\/pl\/#website"},"primaryImageOfPage":{"@id":"https:\/\/gpowersport.com\/de\/carbon-fiber-paddles\/dynamite-2-extreme\/#primaryimage"},"image":{"@id":"https:\/\/gpowersport.com\/de\/carbon-fiber-paddles\/dynamite-2-extreme\/#primaryimage"},"thumbnailUrl":"https:\/\/gpowersport.com\/wp-content\/uploads\/2020\/07\/dynamite-start-look.png","datePublished":"2020-07-16T06:20:33+00:00","dateModified":"2023-08-11T06:58:37+00:00","breadcrumb":{"@id":"https:\/\/gpowersport.com\/de\/carbon-fiber-paddles\/dynamite-2-extreme\/#breadcrumb"},"inLanguage":"fr-FR","potentialAction":[{"@type":"ReadAction","target":["https:\/\/gpowersport.com\/de\/carbon-fiber-paddles\/dynamite-2-extreme\/"]}]},{"@type":"ImageObject","inLanguage":"fr-FR","@id":"https:\/\/gpowersport.com\/de\/carbon-fiber-paddles\/dynamite-2-extreme\/#primaryimage","url":"https:\/\/gpowersport.com\/wp-content\/uploads\/2020\/07\/dynamite-start-look.png","contentUrl":"https:\/\/gpowersport.com\/wp-content\/uploads\/2020\/07\/dynamite-start-look.png","width":1200,"height":218},{"@type":"BreadcrumbList","@id":"https:\/\/gpowersport.com\/de\/carbon-fiber-paddles\/dynamite-2-extreme\/#breadcrumb","itemListElement":[{"@type":"ListItem","position":1,"name":"Home","item":"https:\/\/gpowersport.com\/"},{"@type":"ListItem","position":2,"name":"Shop","item":"https:\/\/gpowersport.com\/carbon-fiber-paddles\/"},{"@type":"ListItem","position":3,"name":"Carbon Fiber Paddles","item":"https:\/\/gpowersport.com\/pl\/carbon-fiber-paddles\/"},{"@type":"ListItem","position":4,"name":"Kayak Polo Dynamite 2 EXTREME"}]},{"@type":"WebSite","@id":"https:\/\/gpowersport.com\/pl\/#website","url":"https:\/\/gpowersport.com\/pl\/","name":"Pagaies G'Power en carbone","description":"","publisher":{"@id":"https:\/\/gpowersport.com\/pl\/#organization"},"potentialAction":[{"@type":"SearchAction","target":{"@type":"EntryPoint","urlTemplate":"https:\/\/gpowersport.com\/pl\/?s={search_term_string}"},"query-input":{"@type":"PropertyValueSpecification","valueRequired":true,"valueName":"search_term_string"}}],"inLanguage":"fr-FR"},{"@type":"Organization","@id":"https:\/\/gpowersport.com\/pl\/#organization","name":"Pagaies en carbone G'power","url":"https:\/\/gpowersport.com\/pl\/","logo":{"@type":"ImageObject","inLanguage":"fr-FR","@id":"https:\/\/gpowersport.com\/pl\/#\/schema\/logo\/image\/","url":"https:\/\/gpowersport.com\/wp-content\/uploads\/2020\/03\/gpower-logo.png","contentUrl":"https:\/\/gpowersport.com\/wp-content\/uploads\/2020\/03\/gpower-logo.png","width":140,"height":30,"caption":"G'power carbon paddles"},"image":{"@id":"https:\/\/gpowersport.com\/pl\/#\/schema\/logo\/image\/"},"sameAs":["https:\/\/www.facebook.com\/GpowerPaddles","https:\/\/www.instagram.com\/gpowerpaddles\/"]}]}},"_links":{"self":[{"href":"https:\/\/gpowersport.com\/fr\/wp-json\/wp\/v2\/product\/35178","targetHints":{"allow":["GET"]}}],"collection":[{"href":"https:\/\/gpowersport.com\/fr\/wp-json\/wp\/v2\/product"}],"about":[{"href":"https:\/\/gpowersport.com\/fr\/wp-json\/wp\/v2\/types\/product"}],"replies":[{"embeddable":true,"href":"https:\/\/gpowersport.com\/fr\/wp-json\/wp\/v2\/comments?post=35178"}],"wp:featuredmedia":[{"embeddable":true,"href":"https:\/\/gpowersport.com\/fr\/wp-json\/wp\/v2\/media\/35181"}],"wp:attachment":[{"href":"https:\/\/gpowersport.com\/fr\/wp-json\/wp\/v2\/media?parent=35178"}],"wp:term":[{"taxonomy":"product_brand","embeddable":true,"href":"https:\/\/gpowersport.com\/fr\/wp-json\/wp\/v2\/product_brand?post=35178"},{"taxonomy":"product_cat","embeddable":true,"href":"https:\/\/gpowersport.com\/fr\/wp-json\/wp\/v2\/product_cat?post=35178"},{"taxonomy":"product_tag","embeddable":true,"href":"https:\/\/gpowersport.com\/fr\/wp-json\/wp\/v2\/product_tag?post=35178"}],"curies":[{"name":"wp","href":"https:\/\/api.w.org\/{rel}","templated":true}]}}