{"id":36238,"date":"2021-05-18T10:58:52","date_gmt":"2021-05-18T10:58:52","guid":{"rendered":"https:\/\/gpowersport.com\/?post_type=product&#038;p=36238"},"modified":"2023-10-26T20:26:19","modified_gmt":"2023-10-26T20:26:19","slug":"uone-versatile-106-sup-board","status":"publish","type":"product","link":"https:\/\/gpowersport.com\/fr\/sup-boards\/uone-versatile-106-sup-board\/","title":{"rendered":"SUP BOARD VERSATILE 10'6\u2033 UONE"},"content":{"rendered":"<div>Si vous commencez votre aventure avec les planches de SUP ou si vous n'\u00eates pas s\u00fbr de vos capacit\u00e9s, Uone Versatile est faite pour vous. Il s'agit d'une image miroir de la planche classique, retir\u00e9e de la production en 2020, rallong\u00e9e de 8 cm suppl\u00e9mentaires, ce qui lui conf\u00e8re une stabilit\u00e9 encore plus grande. Gr\u00e2ce \u00e0 sa forme et \u00e0 ses ailerons stabilisateurs suppl\u00e9mentaires, cette planche est parfaite pour nager dans toutes les conditions, m\u00eame \u00e0 plusieurs. A partir de 2020, la planche sera disponible en technologie ULT (structure plus l\u00e9g\u00e8re et plus rigide).<\/div>\n<div><\/div>\n<div><\/div>\n<p><strong>Param\u00e8tres :<\/strong><\/p>\n<ul>\n<li>Poids : 10 kg<\/li>\n<li>Charge recommand\u00e9e \/ maximale : 160 kg \/ 320 kg<\/li>\n<li>Capacit\u00e9 : 303 litres<\/li>\n<li>Dimensions : 320x83x15 cm : 320x83x15 cm<\/li>\n<li>Temps de gonflage : ~ 8 minutes<\/li>\n<li>Temps de d\u00e9gonflage : ~ 4 minutes<\/li>\n<li>Pression recommand\u00e9e \/ maximale : 15psi\/25psi<\/li>\n<li>Double couche : Oui, avec la technologie ULT,<\/li>\n<\/ul>\n<p>&nbsp;<\/p>\n<p><strong>Accessoires inclus dans le prix du Superboard :<\/strong><\/p>\n<ul>\n<li>sac \u00e0 dos \u00e0 roulettes<\/li>\n<li>Garantie de 3 ans pour les particuliers,<\/li>\n<li>compatible avec le syst\u00e8me usbox et deux ailerons coulissants,<\/li>\n<li>pagaie en trois parties en fibre de verre, r\u00e9glable et ne coulant pas<\/li>\n<li>pompe \u00e0 double action avec syst\u00e8me de d\u00e9gonflage,<\/li>\n<li>laisse<\/li>\n<li>kit de r\u00e9paration.<\/li>\n<\/ul>\n<div>\n<div><\/div>\n<\/div>","protected":false},"excerpt":{"rendered":"<p>If you are just starting your adventure with SUP boards or you are not sure of your abilities, then Uone Versatile is just for you. It is a mirror image of the classic board, withdrawn from production in 2020, extended by an additional 8 cm, which gives it even greater stability. Thanks to its shape<\/p>","protected":false},"featured_media":36239,"comment_status":"open","ping_status":"closed","template":"","meta":[],"product_brand":[],"product_cat":[107],"product_tag":[],"class_list":{"0":"post-36238","1":"product","2":"type-product","3":"status-publish","4":"has-post-thumbnail","6":"product_cat-sup-boards","7":"product_shipping_class-supboards","9":"first","10":"outofstock","11":"taxable","12":"shipping-taxable","13":"purchasable","14":"product-type-simple"},"yoast_head":"<!-- This site is optimized with the Yoast SEO Premium plugin v20.7 (Yoast SEO v27.1.1) - https:\/\/yoast.com\/product\/yoast-seo-premium-wordpress\/ -->\n<title>SUP BOARD VERSATILE 10&#039;6&quot; UONE - G&#039;Power<\/title>\n<meta name=\"robots\" content=\"index, follow, max-snippet:-1, max-image-preview:large, max-video-preview:-1\" \/>\n<link rel=\"canonical\" href=\"https:\/\/gpowersport.com\/fr\/sup-boards\/uone-versatile-106-sup-board\/\" \/>\n<meta property=\"og:locale\" content=\"fr_FR\" \/>\n<meta property=\"og:type\" content=\"article\" \/>\n<meta property=\"og:title\" content=\"SUP BOARD VERSATILE 10&#039;6&quot; UONE\" \/>\n<meta property=\"og:description\" content=\"If you are just starting your adventure with SUP boards or you are not sure of your abilities, then Uone Versatile is just for you. It is a mirror image of the classic board, withdrawn from production in 2020, extended by an additional 8 cm, which gives it even greater stability. Thanks to its shape\" \/>\n<meta property=\"og:url\" content=\"https:\/\/gpowersport.com\/fr\/sup-boards\/uone-versatile-106-sup-board\/\" \/>\n<meta property=\"og:site_name\" content=\"G&#039;Power\" \/>\n<meta property=\"article:publisher\" content=\"https:\/\/www.facebook.com\/GpowerPaddles\" \/>\n<meta property=\"article:modified_time\" content=\"2023-10-26T20:26:19+00:00\" \/>\n<meta property=\"og:image\" content=\"https:\/\/gpowersport.com\/wp-content\/uploads\/2021\/05\/versatile_uone_start.jpg\" \/>\n\t<meta property=\"og:image:width\" content=\"1200\" \/>\n\t<meta property=\"og:image:height\" content=\"400\" \/>\n\t<meta property=\"og:image:type\" content=\"image\/jpeg\" \/>\n<meta name=\"twitter:card\" content=\"summary_large_image\" \/>\n<meta name=\"twitter:label1\" content=\"Dur\u00e9e de lecture estim\u00e9e\" \/>\n\t<meta name=\"twitter:data1\" content=\"1 minute\" \/>\n<script type=\"application\/ld+json\" class=\"yoast-schema-graph\">{\"@context\":\"https:\/\/schema.org\",\"@graph\":[{\"@type\":[\"WebPage\",\"ItemPage\"],\"@id\":\"https:\/\/gpowersport.com\/sup-boards\/uone-versatile-106-sup-board\/\",\"url\":\"https:\/\/gpowersport.com\/sup-boards\/uone-versatile-106-sup-board\/\",\"name\":\"SUP BOARD VERSATILE 10'6\\\" UONE - G&#039;Power\",\"isPartOf\":{\"@id\":\"https:\/\/gpowersport.com\/pl\/#website\"},\"primaryImageOfPage\":{\"@id\":\"https:\/\/gpowersport.com\/sup-boards\/uone-versatile-106-sup-board\/#primaryimage\"},\"image\":{\"@id\":\"https:\/\/gpowersport.com\/sup-boards\/uone-versatile-106-sup-board\/#primaryimage\"},\"thumbnailUrl\":\"https:\/\/gpowersport.com\/wp-content\/uploads\/2021\/05\/versatile_uone_start.jpg\",\"datePublished\":\"2021-05-18T10:58:52+00:00\",\"dateModified\":\"2023-10-26T20:26:19+00:00\",\"breadcrumb\":{\"@id\":\"https:\/\/gpowersport.com\/sup-boards\/uone-versatile-106-sup-board\/#breadcrumb\"},\"inLanguage\":\"fr-FR\",\"potentialAction\":[{\"@type\":\"ReadAction\",\"target\":[\"https:\/\/gpowersport.com\/sup-boards\/uone-versatile-106-sup-board\/\"]}]},{\"@type\":\"ImageObject\",\"inLanguage\":\"fr-FR\",\"@id\":\"https:\/\/gpowersport.com\/sup-boards\/uone-versatile-106-sup-board\/#primaryimage\",\"url\":\"https:\/\/gpowersport.com\/wp-content\/uploads\/2021\/05\/versatile_uone_start.jpg\",\"contentUrl\":\"https:\/\/gpowersport.com\/wp-content\/uploads\/2021\/05\/versatile_uone_start.jpg\",\"width\":1200,\"height\":400},{\"@type\":\"BreadcrumbList\",\"@id\":\"https:\/\/gpowersport.com\/sup-boards\/uone-versatile-106-sup-board\/#breadcrumb\",\"itemListElement\":[{\"@type\":\"ListItem\",\"position\":1,\"name\":\"Home\",\"item\":\"https:\/\/gpowersport.com\/\"},{\"@type\":\"ListItem\",\"position\":2,\"name\":\"Shop\",\"item\":\"https:\/\/gpowersport.com\/carbon-fiber-paddles\/\"},{\"@type\":\"ListItem\",\"position\":3,\"name\":\"Sup Boards\",\"item\":\"https:\/\/gpowersport.com\/sup-boards\/\"},{\"@type\":\"ListItem\",\"position\":4,\"name\":\"SUP BOARD VERSATILE 10&#8217;6&#8243; UONE\"}]},{\"@type\":\"WebSite\",\"@id\":\"https:\/\/gpowersport.com\/pl\/#website\",\"url\":\"https:\/\/gpowersport.com\/pl\/\",\"name\":\"G'Power carbon paddles\",\"description\":\"\",\"publisher\":{\"@id\":\"https:\/\/gpowersport.com\/pl\/#organization\"},\"potentialAction\":[{\"@type\":\"SearchAction\",\"target\":{\"@type\":\"EntryPoint\",\"urlTemplate\":\"https:\/\/gpowersport.com\/pl\/?s={search_term_string}\"},\"query-input\":{\"@type\":\"PropertyValueSpecification\",\"valueRequired\":true,\"valueName\":\"search_term_string\"}}],\"inLanguage\":\"fr-FR\"},{\"@type\":\"Organization\",\"@id\":\"https:\/\/gpowersport.com\/pl\/#organization\",\"name\":\"G'power carbon paddles\",\"url\":\"https:\/\/gpowersport.com\/pl\/\",\"logo\":{\"@type\":\"ImageObject\",\"inLanguage\":\"fr-FR\",\"@id\":\"https:\/\/gpowersport.com\/pl\/#\/schema\/logo\/image\/\",\"url\":\"https:\/\/gpowersport.com\/wp-content\/uploads\/2020\/03\/gpower-logo.png\",\"contentUrl\":\"https:\/\/gpowersport.com\/wp-content\/uploads\/2020\/03\/gpower-logo.png\",\"width\":140,\"height\":30,\"caption\":\"G'power carbon paddles\"},\"image\":{\"@id\":\"https:\/\/gpowersport.com\/pl\/#\/schema\/logo\/image\/\"},\"sameAs\":[\"https:\/\/www.facebook.com\/GpowerPaddles\",\"https:\/\/www.instagram.com\/gpowerpaddles\/\"]}]}<\/script>\n<!-- \/ Yoast SEO Premium plugin. -->","yoast_head_json":{"title":"SUP BOARD VERSATILE 10'6\" UONE - G&#039;Power","robots":{"index":"index","follow":"follow","max-snippet":"max-snippet:-1","max-image-preview":"max-image-preview:large","max-video-preview":"max-video-preview:-1"},"canonical":"https:\/\/gpowersport.com\/fr\/sup-boards\/uone-versatile-106-sup-board\/","og_locale":"fr_FR","og_type":"article","og_title":"SUP BOARD VERSATILE 10'6\" UONE","og_description":"If you are just starting your adventure with SUP boards or you are not sure of your abilities, then Uone Versatile is just for you. It is a mirror image of the classic board, withdrawn from production in 2020, extended by an additional 8 cm, which gives it even greater stability. Thanks to its shape","og_url":"https:\/\/gpowersport.com\/fr\/sup-boards\/uone-versatile-106-sup-board\/","og_site_name":"G&#039;Power","article_publisher":"https:\/\/www.facebook.com\/GpowerPaddles","article_modified_time":"2023-10-26T20:26:19+00:00","og_image":[{"width":1200,"height":400,"url":"https:\/\/gpowersport.com\/wp-content\/uploads\/2021\/05\/versatile_uone_start.jpg","type":"image\/jpeg"}],"twitter_card":"summary_large_image","twitter_misc":{"Dur\u00e9e de lecture estim\u00e9e":"1 minute"},"schema":{"@context":"https:\/\/schema.org","@graph":[{"@type":["WebPage","ItemPage"],"@id":"https:\/\/gpowersport.com\/sup-boards\/uone-versatile-106-sup-board\/","url":"https:\/\/gpowersport.com\/sup-boards\/uone-versatile-106-sup-board\/","name":"SUP BOARD VERSATILE 10'6\" UONE - G&#039;Power","isPartOf":{"@id":"https:\/\/gpowersport.com\/pl\/#website"},"primaryImageOfPage":{"@id":"https:\/\/gpowersport.com\/sup-boards\/uone-versatile-106-sup-board\/#primaryimage"},"image":{"@id":"https:\/\/gpowersport.com\/sup-boards\/uone-versatile-106-sup-board\/#primaryimage"},"thumbnailUrl":"https:\/\/gpowersport.com\/wp-content\/uploads\/2021\/05\/versatile_uone_start.jpg","datePublished":"2021-05-18T10:58:52+00:00","dateModified":"2023-10-26T20:26:19+00:00","breadcrumb":{"@id":"https:\/\/gpowersport.com\/sup-boards\/uone-versatile-106-sup-board\/#breadcrumb"},"inLanguage":"fr-FR","potentialAction":[{"@type":"ReadAction","target":["https:\/\/gpowersport.com\/sup-boards\/uone-versatile-106-sup-board\/"]}]},{"@type":"ImageObject","inLanguage":"fr-FR","@id":"https:\/\/gpowersport.com\/sup-boards\/uone-versatile-106-sup-board\/#primaryimage","url":"https:\/\/gpowersport.com\/wp-content\/uploads\/2021\/05\/versatile_uone_start.jpg","contentUrl":"https:\/\/gpowersport.com\/wp-content\/uploads\/2021\/05\/versatile_uone_start.jpg","width":1200,"height":400},{"@type":"BreadcrumbList","@id":"https:\/\/gpowersport.com\/sup-boards\/uone-versatile-106-sup-board\/#breadcrumb","itemListElement":[{"@type":"ListItem","position":1,"name":"Home","item":"https:\/\/gpowersport.com\/"},{"@type":"ListItem","position":2,"name":"Shop","item":"https:\/\/gpowersport.com\/carbon-fiber-paddles\/"},{"@type":"ListItem","position":3,"name":"Sup Boards","item":"https:\/\/gpowersport.com\/sup-boards\/"},{"@type":"ListItem","position":4,"name":"SUP BOARD VERSATILE 10&#8217;6&#8243; UONE"}]},{"@type":"WebSite","@id":"https:\/\/gpowersport.com\/pl\/#website","url":"https:\/\/gpowersport.com\/pl\/","name":"Pagaies G'Power en carbone","description":"","publisher":{"@id":"https:\/\/gpowersport.com\/pl\/#organization"},"potentialAction":[{"@type":"SearchAction","target":{"@type":"EntryPoint","urlTemplate":"https:\/\/gpowersport.com\/pl\/?s={search_term_string}"},"query-input":{"@type":"PropertyValueSpecification","valueRequired":true,"valueName":"search_term_string"}}],"inLanguage":"fr-FR"},{"@type":"Organization","@id":"https:\/\/gpowersport.com\/pl\/#organization","name":"Pagaies en carbone G'power","url":"https:\/\/gpowersport.com\/pl\/","logo":{"@type":"ImageObject","inLanguage":"fr-FR","@id":"https:\/\/gpowersport.com\/pl\/#\/schema\/logo\/image\/","url":"https:\/\/gpowersport.com\/wp-content\/uploads\/2020\/03\/gpower-logo.png","contentUrl":"https:\/\/gpowersport.com\/wp-content\/uploads\/2020\/03\/gpower-logo.png","width":140,"height":30,"caption":"G'power carbon paddles"},"image":{"@id":"https:\/\/gpowersport.com\/pl\/#\/schema\/logo\/image\/"},"sameAs":["https:\/\/www.facebook.com\/GpowerPaddles","https:\/\/www.instagram.com\/gpowerpaddles\/"]}]}},"_links":{"self":[{"href":"https:\/\/gpowersport.com\/fr\/wp-json\/wp\/v2\/product\/36238","targetHints":{"allow":["GET"]}}],"collection":[{"href":"https:\/\/gpowersport.com\/fr\/wp-json\/wp\/v2\/product"}],"about":[{"href":"https:\/\/gpowersport.com\/fr\/wp-json\/wp\/v2\/types\/product"}],"replies":[{"embeddable":true,"href":"https:\/\/gpowersport.com\/fr\/wp-json\/wp\/v2\/comments?post=36238"}],"wp:featuredmedia":[{"embeddable":true,"href":"https:\/\/gpowersport.com\/fr\/wp-json\/wp\/v2\/media\/36239"}],"wp:attachment":[{"href":"https:\/\/gpowersport.com\/fr\/wp-json\/wp\/v2\/media?parent=36238"}],"wp:term":[{"taxonomy":"product_brand","embeddable":true,"href":"https:\/\/gpowersport.com\/fr\/wp-json\/wp\/v2\/product_brand?post=36238"},{"taxonomy":"product_cat","embeddable":true,"href":"https:\/\/gpowersport.com\/fr\/wp-json\/wp\/v2\/product_cat?post=36238"},{"taxonomy":"product_tag","embeddable":true,"href":"https:\/\/gpowersport.com\/fr\/wp-json\/wp\/v2\/product_tag?post=36238"}],"curies":[{"name":"wp","href":"https:\/\/api.w.org\/{rel}","templated":true}]}}