{"id":36351,"date":"2021-08-20T11:12:36","date_gmt":"2021-08-20T11:12:36","guid":{"rendered":"https:\/\/gpowersport.com\/?post_type=product&#038;p=36351"},"modified":"2024-11-29T20:24:13","modified_gmt":"2024-11-29T20:24:13","slug":"stand-up-three-part-paddle-warrior-club-3p-copy","status":"publish","type":"product","link":"https:\/\/gpowersport.com\/fr\/carbon-fiber-paddles\/sup-paddle\/stand-up-three-part-paddle-warrior-club-3p-copy\/","title":{"rendered":"Stand Up trois parties - Warrior Club 3p"},"content":{"rendered":"<h1><span style=\"font-size: 75%;\">Stand Up trois parties - Warrior Club 3p<\/span><\/h1>\n<h2><span style=\"font-size: 75%;\">Pagaie Stand Up en trois parties - Warrior Club 3p - PAGUE DE STAND UP EN CARBONE avec double syst\u00e8me composite Qnect G'Power. La construction en carbone 40% et la forme innovante de la pale vous am\u00e8neront \u00e0 un bon niveau sportif. Le syst\u00e8me de drainage sur la surface de la pale rend la pale plus rigide et vous donne plus de puissance \u00e0 chaque coup de pagaie. Vous pouvez adapter la pagaie \u00e0 vos pr\u00e9f\u00e9rences. Vous avez le choix entre 3 tailles de pales. La pagaie est parfaite pour le d\u00e9but de votre aventure avec la planche de SUP.<br \/>\nLe syst\u00e8me Qnect r\u00e9glable permet de modifier la longueur entre 175 et 215 cm. La pagaie peut \u00eatre d\u00e9mont\u00e9e en 3 parties. La longueur de l'\u00e9l\u00e9ment le plus grand est de 87 cm. Se range dans un sac de sport standard.<br \/>\n<\/span><\/h2>\n\t<div id=\"gap-1192218066\" class=\"gap-element clearfix\" style=\"display:block; height:auto;\">\n\t\t\n<style>\n#gap-1192218066 {\n  padding-top: 62px;\n}\n<\/style>\n\t<\/div>\n\t\n<div class=\"row\"  id=\"row-1354493774\">\n\n\t<div id=\"col-438923079\" class=\"col medium-3 small-6 large-3\"  >\n\t\t\t\t<div class=\"col-inner\"  >\n\t\t\t\n\t\t\t\n<p><strong>Taille S<\/strong><\/p>\n<p><strong>Surface de la lame :<\/strong> 510 cm2 \/ 79 inch2<br \/>\n<strong>Longueur de la lame :<\/strong> 400 mm<br \/>\n<strong>Largeur de la lame<\/strong>: 155 mm<br \/>\n<strong>Teneur en carbone<\/strong> - Lame 40%<br \/>\n<strong>Diam\u00e8tre de l'arbre<\/strong> 28 mm<br \/>\n<strong>Poids de la pagaie<\/strong> ~ g<br \/>\n<strong>Conseils en m\u00e9tal<\/strong> - non<\/p>\n\t\t<\/div>\n\t\t\t\t\t<\/div>\n\n\t\n\n\t<div id=\"col-1264234178\" class=\"col medium-3 small-6 large-3\"  >\n\t\t\t\t<div class=\"col-inner\"  >\n\t\t\t\n\t\t\t\n<p><strong>Taille M<\/strong><\/p>\n<p><strong>Surface de la lame :<\/strong> 556 cm2 \/ 86.1 inch2<br \/>\n<strong>Longueur de la lame :<\/strong> 440 mm<br \/>\n<strong>Largeur de la lame :<\/strong> 164 mm<br \/>\n<strong>Teneur en carbone<\/strong> - Lame 40%<br \/>\n<strong>Diam\u00e8tre de l'arbre<\/strong> 28 mm<br \/>\n<strong>Poids de la pagaie<\/strong> ~ 670 g<br \/>\n<strong>Conseils en m\u00e9tal<\/strong> - non<\/p>\n\t\t<\/div>\n\t\t\t\t\t<\/div>\n\n\t\n\n\t<div id=\"col-814078520\" class=\"col medium-3 small-6 large-3\"  >\n\t\t\t\t<div class=\"col-inner\"  >\n\t\t\t\n\t\t\t\n<p><strong>Taille L<\/strong><\/p>\n<p><strong>Surface de la lame :<\/strong> 597 cm2 \/ 92.5 inch2<br \/>\n<strong>Longueur de la lame :<\/strong> 445 mm<br \/>\n<strong>Largeur de la lame :<\/strong> 174 mm<br \/>\n<strong>Teneur en carbone<\/strong> - Lame 40%<br \/>\n<strong>Diam\u00e8tre de l'arbre<\/strong> 28 mm<br \/>\n<strong>Poids de la pagaie<\/strong> ~ g<br \/>\n<strong>Conseils en m\u00e9tal<\/strong> - non<\/p>\n\t\t<\/div>\n\t\t\t\t\t<\/div>\n\n\t\n<\/div>\n\t<div id=\"gap-1659701193\" class=\"gap-element clearfix\" style=\"display:block; height:auto;\">\n\t\t\n<style>\n#gap-1659701193 {\n  padding-top: 62px;\n}\n<\/style>\n\t<\/div>\n\t\n\t<div id=\"gap-1297927414\" class=\"gap-element clearfix\" style=\"display:block; height:auto;\">\n\t\t\n<style>\n#gap-1297927414 {\n  padding-top: 50px;\n}\n<\/style>\n\t<\/div>\n\t\n<div class=\"row align-middle\"  id=\"row-1360881722\">\n\n\t<div id=\"col-292610689\" class=\"col medium-4 small-12 large-4\"  >\n\t\t\t\t<div class=\"col-inner\"  >\n\t\t\t\n\t\t\t\n\t<div class=\"img has-hover x md-x lg-x y md-y lg-y\" id=\"image_526642214\">\n\t\t\t\t\t\t\t\t<div class=\"img-inner dark\" style=\"margin:-50px 0px 0px 0px;\">\n\t\t\t<img fetchpriority=\"high\" decoding=\"async\" width=\"1020\" height=\"680\" src=\"https:\/\/gpowersport.com\/wp-content\/uploads\/2019\/10\/composite_qnect_1-1200x800.jpg\" class=\"attachment-large size-large\" alt=\"\" srcset=\"https:\/\/gpowersport.com\/wp-content\/uploads\/2019\/10\/composite_qnect_1-1200x800.jpg 1200w, https:\/\/gpowersport.com\/wp-content\/uploads\/2019\/10\/composite_qnect_1-600x400.jpg 600w, https:\/\/gpowersport.com\/wp-content\/uploads\/2019\/10\/composite_qnect_1-768x512.jpg 768w, https:\/\/gpowersport.com\/wp-content\/uploads\/2019\/10\/composite_qnect_1-1536x1024.jpg 1536w, https:\/\/gpowersport.com\/wp-content\/uploads\/2019\/10\/composite_qnect_1-18x12.jpg 18w, https:\/\/gpowersport.com\/wp-content\/uploads\/2019\/10\/composite_qnect_1-1000x667.jpg 1000w, https:\/\/gpowersport.com\/wp-content\/uploads\/2019\/10\/composite_qnect_1-800x534.jpg 800w, https:\/\/gpowersport.com\/wp-content\/uploads\/2019\/10\/composite_qnect_1.jpg 1600w\" sizes=\"(max-width: 1020px) 100vw, 1020px\" \/>\t\t\t\t\t\t\n\t\t\t\t\t<\/div>\n\t\t\t\t\t\t\t\t\n<style>\n#image_526642214 {\n  width: 100%;\n}\n<\/style>\n\t<\/div>\n\t\n\t\t<\/div>\n\t\t\t\t\t<\/div>\n\n\t\n\n\t<div id=\"col-595006123\" class=\"col medium-8 small-12 large-8\"  >\n\t\t\t\t<div class=\"col-inner\"  >\n\t\t\t\n\t\t\t\n<p>Nos pagaies sont disponibles avec le syst\u00e8me de r\u00e9glage QNECT (aluminium ou composite). Ce syst\u00e8me permet de r\u00e9gler la longueur totale de la pagaie (\u00e0 10 cm pr\u00e8s) et l'angle de la pale de 0\u00b0 \u00e0 85\u00b0 \u00e0 droite ou \u00e0 gauche par incr\u00e9ments de 5\u00b0. Le syst\u00e8me QNECT permet de r\u00e9gler votre angle de pale personnel et de d\u00e9monter la pagaie en deux parties pour faciliter le transport.<\/p>\n<p><strong>QNECT composite<\/strong> - Un syst\u00e8me composite solide, fabriqu\u00e9 \u00e0 partir d'un mat\u00e9riau polyamide sp\u00e9cial extr\u00eamement r\u00e9sistant aux chocs et \u00e0 l'eau sal\u00e9e. Tr\u00e8s facile \u00e0 utiliser, avec la possibilit\u00e9 de corriger le tirant d'eau. Recommand\u00e9 pour toutes les pagaies, surtout en eau sal\u00e9e.<\/p>\n<hr \/>\n<p><span style=\"font-size: 90%; color: #d83131;\"><img decoding=\"async\" class=\"wp-image-33383 alignleft\" src=\"http:\/\/gpowersport.com\/wp-content\/uploads\/2019\/10\/attention.png\" alt=\"\" width=\"46\" height=\"49\" srcset=\"https:\/\/gpowersport.com\/wp-content\/uploads\/2019\/10\/attention.png 100w, https:\/\/gpowersport.com\/wp-content\/uploads\/2019\/10\/attention-11x12.png 11w\" sizes=\"(max-width: 46px) 100vw, 46px\" \/><strong><span style=\"font-size: 75%;\">IMPORTANT !<\/span><\/strong><\/span><strong><span style=\"font-size: 75%;\"> N'oubliez pas de nettoyer la pagaie et le syst\u00e8me QNECT apr\u00e8s une utilisation en eau douce. Si vous l'utilisez en eau sal\u00e9e, faites-le apr\u00e8s chaque session. Pour les pagaies non utilis\u00e9es pendant plus de deux semaines, rangez-les d\u00e9mont\u00e9es.<\/span><\/strong><\/p>\n\t\t<\/div>\n\t\t\t\t\t<\/div>\n\n\t\n<\/div>\n<p style=\"text-align: center;\">L'angle de la pale de la pagaie Warrior est de 10 degr\u00e9s.<\/p>\n\t<div class=\"img has-hover x md-x lg-x y md-y lg-y\" id=\"image_1269901688\">\n\t\t\t\t\t\t\t\t<div class=\"img-inner dark\" >\n\t\t\t<img decoding=\"async\" width=\"1020\" height=\"282\" src=\"https:\/\/gpowersport.com\/wp-content\/uploads\/2021\/04\/10-deegrese-1400x387.jpg\" class=\"attachment-large size-large\" alt=\"\" srcset=\"https:\/\/gpowersport.com\/wp-content\/uploads\/2021\/04\/10-deegrese-1400x387.jpg 1400w, https:\/\/gpowersport.com\/wp-content\/uploads\/2021\/04\/10-deegrese-750x207.jpg 750w, https:\/\/gpowersport.com\/wp-content\/uploads\/2021\/04\/10-deegrese-18x5.jpg 18w, https:\/\/gpowersport.com\/wp-content\/uploads\/2021\/04\/10-deegrese-768x212.jpg 768w, https:\/\/gpowersport.com\/wp-content\/uploads\/2021\/04\/10-deegrese-1536x424.jpg 1536w, https:\/\/gpowersport.com\/wp-content\/uploads\/2021\/04\/10-deegrese-1000x276.jpg 1000w, https:\/\/gpowersport.com\/wp-content\/uploads\/2021\/04\/10-deegrese-800x221.jpg 800w, https:\/\/gpowersport.com\/wp-content\/uploads\/2021\/04\/10-deegrese.jpg 1840w\" sizes=\"(max-width: 1020px) 100vw, 1020px\" \/>\t\t\t\t\t\t\n\t\t\t\t\t<\/div>\n\t\t\t\t\t\t\t\t\n<style>\n#image_1269901688 {\n  width: 100%;\n}\n<\/style>\n\t<\/div>\n\t\n\t<div id=\"gap-1461315136\" class=\"gap-element clearfix\" style=\"display:block; height:auto;\">\n\t\t\n<style>\n#gap-1461315136 {\n  padding-top: 50px;\n}\n<\/style>\n\t<\/div>\n\t\n\n\t<section class=\"section\" id=\"section_1656502805\">\n\t\t<div class=\"section-bg fill\" >\n\t\t\t\t\t\t\t\t\t<div class=\"loading-spin centered\"><\/div>\n\t\t\t\n\n\t\t<\/div>\n\n\t\t\n\n\t\t<div class=\"section-content relative\">\n\t\t\t\n<div class=\"row row-solid\"  id=\"row-351269704\">\n\n\t<div id=\"col-442486709\" class=\"col medium-4 small-12 large-4\"  >\n\t\t\t\t<div class=\"col-inner\"  >\n\t\t\t\n\t\t\t\n\n\t\t<div class=\"icon-box featured-box icon-box-center text-center\"  >\n\t\t\t\t\t<div class=\"icon-box-img\" style=\"width: 50px\">\n\t\t\t\t<div class=\"icon\">\n\t\t\t\t\t<div class=\"icon-inner\" >\n\t\t\t\t\t\t<img loading=\"lazy\" decoding=\"async\" width=\"128\" height=\"128\" src=\"https:\/\/gpowersport.com\/wp-content\/uploads\/2020\/09\/2703076-128-1-1.png\" class=\"attachment-medium size-medium\" alt=\"\" srcset=\"https:\/\/gpowersport.com\/wp-content\/uploads\/2020\/09\/2703076-128-1-1.png 128w, https:\/\/gpowersport.com\/wp-content\/uploads\/2020\/09\/2703076-128-1-1-12x12.png 12w, https:\/\/gpowersport.com\/wp-content\/uploads\/2020\/09\/2703076-128-1-1-120x120.png 120w, https:\/\/gpowersport.com\/wp-content\/uploads\/2020\/09\/2703076-128-1-1-100x100.png 100w\" sizes=\"(max-width: 128px) 100vw, 128px\" \/>\t\t\t\t\t<\/div>\n\t\t\t\t<\/div>\n\t\t\t<\/div>\n\t\t\t\t<div class=\"icon-box-text last-reset\">\n\t\t\t\t\t\t\t\t\t\n<p>&nbsp;<\/p>\n<h3>Laisser un commentaire<\/h3>\n<p>Votre opinion est tr\u00e8s importante pour nous. C'est pourquoi nous d\u00e9veloppons nos produits...<\/p>\n\t\t<\/div>\n\t<\/div>\n\t\n\t\n\t\t<\/div>\n\t\t\t\t\t<\/div>\n\n\t\n\n\t<div id=\"col-18036228\" class=\"col medium-4 small-12 large-4\"  >\n\t\t\t\t<div class=\"col-inner\"  >\n\t\t\t\n\t\t\t\n\n\t\t<div class=\"icon-box featured-box icon-box-center text-center\"  >\n\t\t\t\t\t<div class=\"icon-box-img\" style=\"width: 50px\">\n\t\t\t\t<div class=\"icon\">\n\t\t\t\t\t<div class=\"icon-inner\" >\n\t\t\t\t\t\t<img loading=\"lazy\" decoding=\"async\" width=\"128\" height=\"128\" src=\"https:\/\/gpowersport.com\/wp-content\/uploads\/2020\/09\/5959201-128-1.png\" class=\"attachment-medium size-medium\" alt=\"\" srcset=\"https:\/\/gpowersport.com\/wp-content\/uploads\/2020\/09\/5959201-128-1.png 128w, https:\/\/gpowersport.com\/wp-content\/uploads\/2020\/09\/5959201-128-1-12x12.png 12w, https:\/\/gpowersport.com\/wp-content\/uploads\/2020\/09\/5959201-128-1-120x120.png 120w, https:\/\/gpowersport.com\/wp-content\/uploads\/2020\/09\/5959201-128-1-100x100.png 100w\" sizes=\"(max-width: 128px) 100vw, 128px\" \/>\t\t\t\t\t<\/div>\n\t\t\t\t<\/div>\n\t\t\t<\/div>\n\t\t\t\t<div class=\"icon-box-text last-reset\">\n\t\t\t\t\t\t\t\t\t\n<h3>Porte \u00e0 porte<\/h3>\n<p>Lorsque vous achetez dans notre magasin, vous b\u00e9n\u00e9ficiez d'une garantie totale. Les r\u00e9clamations sont trait\u00e9es directement par le fabricant. Rapide et facile.<\/p>\n\t\t<\/div>\n\t<\/div>\n\t\n\t\n\t\t<\/div>\n\t\t\t\t\t<\/div>\n\n\t\n\n<style>\n#row-351269704 > .col > .col-inner {\n  padding: 20px 20px 20px 20px;\n}\n<\/style>\n<\/div>\n\t\t<\/div>\n\n\t\t\n<style>\n#section_1656502805 {\n  padding-top: 30px;\n  padding-bottom: 30px;\n}\n<\/style>\n\t<\/section>","protected":false},"excerpt":{"rendered":"<p>Stand Up three part paddle \u2013 Warrior Club 3p Stand Up three-part paddle \u2013 Warrior Club 3p \u2013 CARBON STAND UP PADDLE with double Qnect G&#8217;Power composite system. 40% Carbon construction and innovative blade shape will take you to good sporting level. Drain system on the blade surface makes the blade more stiff and gives<\/p>","protected":false},"featured_media":36357,"comment_status":"open","ping_status":"closed","template":"","meta":[],"product_brand":[],"product_cat":[18,104],"product_tag":[],"class_list":{"0":"post-36351","1":"product","2":"type-product","3":"status-publish","4":"has-post-thumbnail","6":"product_cat-carbon-fiber-paddles","7":"product_cat-sup-paddle","9":"first","10":"instock","11":"taxable","12":"shipping-taxable","13":"purchasable","14":"product-type-composite"},"yoast_head":"<!-- This site is optimized with the Yoast SEO Premium plugin v20.7 (Yoast SEO v27.1.1) - https:\/\/yoast.com\/product\/yoast-seo-premium-wordpress\/ -->\n<title>Stand Up three part paddle \u2013 Warrior Club 3p - G&#039;Power three-part paddle<\/title>\n<meta name=\"description\" content=\"Stand Up three-part paddle \u2013 Warrior Club 3p \u2013 CARBON STAND UP PADDLE with double Qnect system. You can disassemble the paddle into 3 parts.\" \/>\n<meta name=\"robots\" content=\"index, follow, max-snippet:-1, max-image-preview:large, max-video-preview:-1\" \/>\n<link rel=\"canonical\" href=\"https:\/\/gpowersport.com\/fr\/carbon-fiber-paddles\/sup-paddle\/stand-up-three-part-paddle-warrior-club-3p-copy\/\" \/>\n<meta property=\"og:locale\" content=\"fr_FR\" \/>\n<meta property=\"og:type\" content=\"article\" \/>\n<meta property=\"og:title\" content=\"Stand Up three part paddle \u2013 Warrior Club 3p\" \/>\n<meta property=\"og:description\" content=\"Stand Up three-part paddle \u2013 Warrior Club 3p \u2013 CARBON STAND UP PADDLE with double Qnect system. You can disassemble the paddle into 3 parts.\" \/>\n<meta property=\"og:url\" content=\"https:\/\/gpowersport.com\/fr\/carbon-fiber-paddles\/sup-paddle\/stand-up-three-part-paddle-warrior-club-3p-copy\/\" \/>\n<meta property=\"og:site_name\" content=\"G&#039;Power\" \/>\n<meta property=\"article:publisher\" content=\"https:\/\/www.facebook.com\/GpowerPaddles\" \/>\n<meta property=\"article:modified_time\" content=\"2024-11-29T20:24:13+00:00\" \/>\n<meta property=\"og:image\" content=\"https:\/\/gpowersport.com\/wp-content\/uploads\/2021\/08\/Stand-Up-three-part-paddle-_Warrior-Club-3p_st.jpg\" \/>\n\t<meta property=\"og:image:width\" content=\"1200\" \/>\n\t<meta property=\"og:image:height\" content=\"218\" \/>\n\t<meta property=\"og:image:type\" content=\"image\/jpeg\" \/>\n<meta name=\"twitter:card\" content=\"summary_large_image\" \/>\n<meta name=\"twitter:label1\" content=\"Dur\u00e9e de lecture estim\u00e9e\" \/>\n\t<meta name=\"twitter:data1\" content=\"3 minutes\" \/>\n<script type=\"application\/ld+json\" class=\"yoast-schema-graph\">{\"@context\":\"https:\/\/schema.org\",\"@graph\":[{\"@type\":[\"WebPage\",\"ItemPage\"],\"@id\":\"https:\/\/gpowersport.com\/nl\/carbon-fiber-paddles\/sup-paddle\/stand-up-three-part-paddle-warrior-club-3p-copy\/\",\"url\":\"https:\/\/gpowersport.com\/nl\/carbon-fiber-paddles\/sup-paddle\/stand-up-three-part-paddle-warrior-club-3p-copy\/\",\"name\":\"Stand Up three part paddle \u2013 Warrior Club 3p - G&#039;Power three-part paddle\",\"isPartOf\":{\"@id\":\"https:\/\/gpowersport.com\/pl\/#website\"},\"primaryImageOfPage\":{\"@id\":\"https:\/\/gpowersport.com\/nl\/carbon-fiber-paddles\/sup-paddle\/stand-up-three-part-paddle-warrior-club-3p-copy\/#primaryimage\"},\"image\":{\"@id\":\"https:\/\/gpowersport.com\/nl\/carbon-fiber-paddles\/sup-paddle\/stand-up-three-part-paddle-warrior-club-3p-copy\/#primaryimage\"},\"thumbnailUrl\":\"https:\/\/gpowersport.com\/wp-content\/uploads\/2021\/08\/Stand-Up-three-part-paddle-_Warrior-Club-3p_st.jpg\",\"datePublished\":\"2021-08-20T11:12:36+00:00\",\"dateModified\":\"2024-11-29T20:24:13+00:00\",\"description\":\"Stand Up three-part paddle \u2013 Warrior Club 3p \u2013 CARBON STAND UP PADDLE with double Qnect system. You can disassemble the paddle into 3 parts.\",\"breadcrumb\":{\"@id\":\"https:\/\/gpowersport.com\/nl\/carbon-fiber-paddles\/sup-paddle\/stand-up-three-part-paddle-warrior-club-3p-copy\/#breadcrumb\"},\"inLanguage\":\"fr-FR\",\"potentialAction\":[{\"@type\":\"ReadAction\",\"target\":[\"https:\/\/gpowersport.com\/nl\/carbon-fiber-paddles\/sup-paddle\/stand-up-three-part-paddle-warrior-club-3p-copy\/\"]}]},{\"@type\":\"ImageObject\",\"inLanguage\":\"fr-FR\",\"@id\":\"https:\/\/gpowersport.com\/nl\/carbon-fiber-paddles\/sup-paddle\/stand-up-three-part-paddle-warrior-club-3p-copy\/#primaryimage\",\"url\":\"https:\/\/gpowersport.com\/wp-content\/uploads\/2021\/08\/Stand-Up-three-part-paddle-_Warrior-Club-3p_st.jpg\",\"contentUrl\":\"https:\/\/gpowersport.com\/wp-content\/uploads\/2021\/08\/Stand-Up-three-part-paddle-_Warrior-Club-3p_st.jpg\",\"width\":1200,\"height\":218,\"caption\":\"Stand Up three part paddle\"},{\"@type\":\"BreadcrumbList\",\"@id\":\"https:\/\/gpowersport.com\/nl\/carbon-fiber-paddles\/sup-paddle\/stand-up-three-part-paddle-warrior-club-3p-copy\/#breadcrumb\",\"itemListElement\":[{\"@type\":\"ListItem\",\"position\":1,\"name\":\"Home\",\"item\":\"https:\/\/gpowersport.com\/\"},{\"@type\":\"ListItem\",\"position\":2,\"name\":\"Shop\",\"item\":\"https:\/\/gpowersport.com\/carbon-fiber-paddles\/\"},{\"@type\":\"ListItem\",\"position\":3,\"name\":\"Carbon Fiber Paddles\",\"item\":\"https:\/\/gpowersport.com\/pl\/carbon-fiber-paddles\/\"},{\"@type\":\"ListItem\",\"position\":4,\"name\":\"Stand UP Paddles\",\"item\":\"https:\/\/gpowersport.com\/carbon-fiber-paddles\/sup-paddle\/\"},{\"@type\":\"ListItem\",\"position\":5,\"name\":\"Stand Up three part paddle \u2013 Warrior Club 3p\"}]},{\"@type\":\"WebSite\",\"@id\":\"https:\/\/gpowersport.com\/pl\/#website\",\"url\":\"https:\/\/gpowersport.com\/pl\/\",\"name\":\"G'Power carbon paddles\",\"description\":\"\",\"publisher\":{\"@id\":\"https:\/\/gpowersport.com\/pl\/#organization\"},\"potentialAction\":[{\"@type\":\"SearchAction\",\"target\":{\"@type\":\"EntryPoint\",\"urlTemplate\":\"https:\/\/gpowersport.com\/pl\/?s={search_term_string}\"},\"query-input\":{\"@type\":\"PropertyValueSpecification\",\"valueRequired\":true,\"valueName\":\"search_term_string\"}}],\"inLanguage\":\"fr-FR\"},{\"@type\":\"Organization\",\"@id\":\"https:\/\/gpowersport.com\/pl\/#organization\",\"name\":\"G'power carbon paddles\",\"url\":\"https:\/\/gpowersport.com\/pl\/\",\"logo\":{\"@type\":\"ImageObject\",\"inLanguage\":\"fr-FR\",\"@id\":\"https:\/\/gpowersport.com\/pl\/#\/schema\/logo\/image\/\",\"url\":\"https:\/\/gpowersport.com\/wp-content\/uploads\/2020\/03\/gpower-logo.png\",\"contentUrl\":\"https:\/\/gpowersport.com\/wp-content\/uploads\/2020\/03\/gpower-logo.png\",\"width\":140,\"height\":30,\"caption\":\"G'power carbon paddles\"},\"image\":{\"@id\":\"https:\/\/gpowersport.com\/pl\/#\/schema\/logo\/image\/\"},\"sameAs\":[\"https:\/\/www.facebook.com\/GpowerPaddles\",\"https:\/\/www.instagram.com\/gpowerpaddles\/\"]}]}<\/script>\n<!-- \/ Yoast SEO Premium plugin. -->","yoast_head_json":{"title":"Stand Up pagaie en trois parties - Warrior Club 3p - G&#039;Power pagaie en trois parties","description":"Pagaie Stand Up en trois parties - Warrior Club 3p - Pagaie Stand Up en carbone avec double syst\u00e8me Qnect. La pagaie peut \u00eatre d\u00e9mont\u00e9e en 3 parties.","robots":{"index":"index","follow":"follow","max-snippet":"max-snippet:-1","max-image-preview":"max-image-preview:large","max-video-preview":"max-video-preview:-1"},"canonical":"https:\/\/gpowersport.com\/fr\/carbon-fiber-paddles\/sup-paddle\/stand-up-three-part-paddle-warrior-club-3p-copy\/","og_locale":"fr_FR","og_type":"article","og_title":"Stand Up three part paddle \u2013 Warrior Club 3p","og_description":"Stand Up three-part paddle \u2013 Warrior Club 3p \u2013 CARBON STAND UP PADDLE with double Qnect system. You can disassemble the paddle into 3 parts.","og_url":"https:\/\/gpowersport.com\/fr\/carbon-fiber-paddles\/sup-paddle\/stand-up-three-part-paddle-warrior-club-3p-copy\/","og_site_name":"G&#039;Power","article_publisher":"https:\/\/www.facebook.com\/GpowerPaddles","article_modified_time":"2024-11-29T20:24:13+00:00","og_image":[{"width":1200,"height":218,"url":"https:\/\/gpowersport.com\/wp-content\/uploads\/2021\/08\/Stand-Up-three-part-paddle-_Warrior-Club-3p_st.jpg","type":"image\/jpeg"}],"twitter_card":"summary_large_image","twitter_misc":{"Dur\u00e9e de lecture estim\u00e9e":"3 minutes"},"schema":{"@context":"https:\/\/schema.org","@graph":[{"@type":["WebPage","ItemPage"],"@id":"https:\/\/gpowersport.com\/nl\/carbon-fiber-paddles\/sup-paddle\/stand-up-three-part-paddle-warrior-club-3p-copy\/","url":"https:\/\/gpowersport.com\/nl\/carbon-fiber-paddles\/sup-paddle\/stand-up-three-part-paddle-warrior-club-3p-copy\/","name":"Stand Up pagaie en trois parties - Warrior Club 3p - G&#039;Power pagaie en trois parties","isPartOf":{"@id":"https:\/\/gpowersport.com\/pl\/#website"},"primaryImageOfPage":{"@id":"https:\/\/gpowersport.com\/nl\/carbon-fiber-paddles\/sup-paddle\/stand-up-three-part-paddle-warrior-club-3p-copy\/#primaryimage"},"image":{"@id":"https:\/\/gpowersport.com\/nl\/carbon-fiber-paddles\/sup-paddle\/stand-up-three-part-paddle-warrior-club-3p-copy\/#primaryimage"},"thumbnailUrl":"https:\/\/gpowersport.com\/wp-content\/uploads\/2021\/08\/Stand-Up-three-part-paddle-_Warrior-Club-3p_st.jpg","datePublished":"2021-08-20T11:12:36+00:00","dateModified":"2024-11-29T20:24:13+00:00","description":"Pagaie Stand Up en trois parties - Warrior Club 3p - Pagaie Stand Up en carbone avec double syst\u00e8me Qnect. La pagaie peut \u00eatre d\u00e9mont\u00e9e en 3 parties.","breadcrumb":{"@id":"https:\/\/gpowersport.com\/nl\/carbon-fiber-paddles\/sup-paddle\/stand-up-three-part-paddle-warrior-club-3p-copy\/#breadcrumb"},"inLanguage":"fr-FR","potentialAction":[{"@type":"ReadAction","target":["https:\/\/gpowersport.com\/nl\/carbon-fiber-paddles\/sup-paddle\/stand-up-three-part-paddle-warrior-club-3p-copy\/"]}]},{"@type":"ImageObject","inLanguage":"fr-FR","@id":"https:\/\/gpowersport.com\/nl\/carbon-fiber-paddles\/sup-paddle\/stand-up-three-part-paddle-warrior-club-3p-copy\/#primaryimage","url":"https:\/\/gpowersport.com\/wp-content\/uploads\/2021\/08\/Stand-Up-three-part-paddle-_Warrior-Club-3p_st.jpg","contentUrl":"https:\/\/gpowersport.com\/wp-content\/uploads\/2021\/08\/Stand-Up-three-part-paddle-_Warrior-Club-3p_st.jpg","width":1200,"height":218,"caption":"Stand Up three part paddle"},{"@type":"BreadcrumbList","@id":"https:\/\/gpowersport.com\/nl\/carbon-fiber-paddles\/sup-paddle\/stand-up-three-part-paddle-warrior-club-3p-copy\/#breadcrumb","itemListElement":[{"@type":"ListItem","position":1,"name":"Home","item":"https:\/\/gpowersport.com\/"},{"@type":"ListItem","position":2,"name":"Shop","item":"https:\/\/gpowersport.com\/carbon-fiber-paddles\/"},{"@type":"ListItem","position":3,"name":"Carbon Fiber Paddles","item":"https:\/\/gpowersport.com\/pl\/carbon-fiber-paddles\/"},{"@type":"ListItem","position":4,"name":"Stand UP Paddles","item":"https:\/\/gpowersport.com\/carbon-fiber-paddles\/sup-paddle\/"},{"@type":"ListItem","position":5,"name":"Stand Up three part paddle \u2013 Warrior Club 3p"}]},{"@type":"WebSite","@id":"https:\/\/gpowersport.com\/pl\/#website","url":"https:\/\/gpowersport.com\/pl\/","name":"Pagaies G'Power en carbone","description":"","publisher":{"@id":"https:\/\/gpowersport.com\/pl\/#organization"},"potentialAction":[{"@type":"SearchAction","target":{"@type":"EntryPoint","urlTemplate":"https:\/\/gpowersport.com\/pl\/?s={search_term_string}"},"query-input":{"@type":"PropertyValueSpecification","valueRequired":true,"valueName":"search_term_string"}}],"inLanguage":"fr-FR"},{"@type":"Organization","@id":"https:\/\/gpowersport.com\/pl\/#organization","name":"Pagaies en carbone G'power","url":"https:\/\/gpowersport.com\/pl\/","logo":{"@type":"ImageObject","inLanguage":"fr-FR","@id":"https:\/\/gpowersport.com\/pl\/#\/schema\/logo\/image\/","url":"https:\/\/gpowersport.com\/wp-content\/uploads\/2020\/03\/gpower-logo.png","contentUrl":"https:\/\/gpowersport.com\/wp-content\/uploads\/2020\/03\/gpower-logo.png","width":140,"height":30,"caption":"G'power carbon paddles"},"image":{"@id":"https:\/\/gpowersport.com\/pl\/#\/schema\/logo\/image\/"},"sameAs":["https:\/\/www.facebook.com\/GpowerPaddles","https:\/\/www.instagram.com\/gpowerpaddles\/"]}]}},"_links":{"self":[{"href":"https:\/\/gpowersport.com\/fr\/wp-json\/wp\/v2\/product\/36351","targetHints":{"allow":["GET"]}}],"collection":[{"href":"https:\/\/gpowersport.com\/fr\/wp-json\/wp\/v2\/product"}],"about":[{"href":"https:\/\/gpowersport.com\/fr\/wp-json\/wp\/v2\/types\/product"}],"replies":[{"embeddable":true,"href":"https:\/\/gpowersport.com\/fr\/wp-json\/wp\/v2\/comments?post=36351"}],"wp:featuredmedia":[{"embeddable":true,"href":"https:\/\/gpowersport.com\/fr\/wp-json\/wp\/v2\/media\/36357"}],"wp:attachment":[{"href":"https:\/\/gpowersport.com\/fr\/wp-json\/wp\/v2\/media?parent=36351"}],"wp:term":[{"taxonomy":"product_brand","embeddable":true,"href":"https:\/\/gpowersport.com\/fr\/wp-json\/wp\/v2\/product_brand?post=36351"},{"taxonomy":"product_cat","embeddable":true,"href":"https:\/\/gpowersport.com\/fr\/wp-json\/wp\/v2\/product_cat?post=36351"},{"taxonomy":"product_tag","embeddable":true,"href":"https:\/\/gpowersport.com\/fr\/wp-json\/wp\/v2\/product_tag?post=36351"}],"curies":[{"name":"wp","href":"https:\/\/api.w.org\/{rel}","templated":true}]}}