{"id":36718,"date":"2022-02-10T11:40:51","date_gmt":"2022-02-10T11:40:51","guid":{"rendered":"https:\/\/gpowersport.com\/?post_type=product&#038;p=36718"},"modified":"2023-08-09T08:11:45","modified_gmt":"2023-08-09T08:11:45","slug":"fish-paddle-2p-acid-green","status":"publish","type":"product","link":"https:\/\/gpowersport.com\/fr\/carbon-fiber-paddles\/sup-paddle\/fish-paddle-2p-acid-green\/","title":{"rendered":"Sup Paddle Fish 2p Acid Green"},"content":{"rendered":"<h1><span style=\"font-size: 75%;\">Pagaie de poisson 2p<\/span><\/h1>\n<h2><span style=\"font-size: 75%;\">Fish Paddle est une pagaie de paddleboard en deux parties, fabriqu\u00e9e en carbone et en verre selon la technologie Pre-preg. La structure de la <span style=\"color: #000000;\">pagaie<\/span>\u00a0garantit une grande rigidit\u00e9 et un faible poids.<br \/>\nEnviron 620g. Se d\u00e9place tr\u00e8s facilement toute la force ins\u00e9r\u00e9e dans les coups sur la vitesse.<br \/>\nLame et manche en carbone 100%, manche jusqu'\u00e0 40%.<\/span><\/h2>\n<p>La pagaie est propos\u00e9e dans une taille universelle en deux parties. Elle fonctionne tr\u00e8s bien sur les distances moyennes et longues. C'est l'\u00e9quipement id\u00e9al pour les excursions d'un week-end vers l'inconnu. Gr\u00e2ce \u00e0 son faible poids, pagayer ne sera pas un probl\u00e8me m\u00eame pour une personne physiquement plus faible.<\/p>\n<p>La pagaie est \u00e9quip\u00e9e d'une poign\u00e9e PALM GRIP int\u00e9gr\u00e9e \u00e0 un tube de technologie monocoque. Le syst\u00e8me de r\u00e9glage (Qnect G'Power) vous permettra de contr\u00f4ler en douceur la longueur entre 175-215 cm et facilitera le transport. Une pince en composite de bonne qualit\u00e9 ne se corrode pas et se colle fermement, permettant \u00e0 plusieurs personnes d'utiliser la m\u00eame pagaie.<\/p>\n<p>L'\u00e9chelle de mesure frais\u00e9e, \u00e0 l'oppos\u00e9 de celle imprim\u00e9e, restera pour toujours sur le tube de carbone.<br \/>\n<a href=\"https:\/\/gpowersport.com\/fr\/carbon-fiber-paddles\/sup-paddle\/\">Notre pagaie SUP<\/a> Le poisson est disponible en 2 couleurs de graphiques. Bleu et vert.<\/p>\n<h2><span style=\"font-size: 75%;\"><strong>\u00a0<\/strong><\/span><\/h2>\n\t<div id=\"gap-1909557858\" class=\"gap-element clearfix\" style=\"display:block; height:auto;\">\n\t\t\n<style>\n#gap-1909557858 {\n  padding-top: 62px;\n}\n<\/style>\n\t<\/div>\n\t\n<div class=\"row\"  id=\"row-767172234\"><\/div>\n\n\t<div id=\"col-444851673\" class=\"col medium-3 small-6 large-3\"  >\n\t\t\t\t<div class=\"col-inner\"  >\n\t\t\t\n\t\t\t\n<p><strong>TAILLE UNIQUE<\/strong><\/p>\n<p><strong>Surface de la lame :<\/strong> 545 cm2<br \/>\n<strong>Longueur de la lame :<\/strong> 450 mm<br \/>\n<strong>Largeur de la lame<\/strong>: 180 mm<br \/>\n<strong>Teneur en carbone<\/strong> - 100%\/40%<br \/>\n<strong>Diam\u00e8tre de l'arbre<\/strong> 28 mm<br \/>\n<strong>Poids de la pagaie<\/strong> ~ 620 g<br \/>\n<strong>Conseils en m\u00e9tal<\/strong> - non<\/p>\n\t\t<\/div>\n\t\t\t\t\t<\/div>\n\n\t\n\n\t<div id=\"col-882152323\" class=\"col medium-3 small-6 large-3\"  >\n\t\t\t\t<div class=\"col-inner\"  >\n\t\t\t\n\t\t\t\t\t<\/div>\n\t\t\t\t\t<\/div>\n\n\t\n<p>&nbsp;<\/p>\n<hr \/>\n<p><span style=\"font-size: 90%; color: #d83131;\"><img decoding=\"async\" class=\"wp-image-33383 alignleft\" src=\"http:\/\/gpowersport.com\/wp-content\/uploads\/2019\/10\/attention.png\" alt=\"\" width=\"46\" height=\"49\" srcset=\"https:\/\/gpowersport.com\/wp-content\/uploads\/2019\/10\/attention.png 100w, https:\/\/gpowersport.com\/wp-content\/uploads\/2019\/10\/attention-11x12.png 11w\" sizes=\"(max-width: 46px) 100vw, 46px\" \/><strong><span style=\"font-size: 75%;\">IMPORTANT !<\/span><\/strong><\/span><strong><span style=\"font-size: 75%;\"> N'oubliez pas de nettoyer la pagaie et le syst\u00e8me QNECT apr\u00e8s une utilisation en eau douce. Si vous l'utilisez en eau sal\u00e9e, faites-le apr\u00e8s chaque session. Pour les pagaies non utilis\u00e9es pendant plus de deux semaines, rangez-les d\u00e9mont\u00e9es.<\/span><\/strong><\/p>\n<p>&nbsp;<\/p>","protected":false},"excerpt":{"rendered":"<p>Fish Paddle 2p Fish Paddle est une pagaie de paddleboard en deux parties, fabriqu\u00e9e en carbone et en verre selon la technologie Pre-preg. La structure de la pagaie garantit une grande rigidit\u00e9 et un faible poids. Environ 620g. Se d\u00e9place tr\u00e8s facilement avec toute la force ins\u00e9r\u00e9e dans les coups de pagaie sur la vitesse. La pale et le manche sont en carbone 100%, le manche en carbone 40%. La pagaie est propos\u00e9e en un seul mod\u00e8le<\/p>","protected":false},"featured_media":36712,"comment_status":"open","ping_status":"closed","template":"","meta":[],"product_brand":[],"product_cat":[18,104],"product_tag":[],"class_list":{"0":"post-36718","1":"product","2":"type-product","3":"status-publish","4":"has-post-thumbnail","6":"product_cat-carbon-fiber-paddles","7":"product_cat-sup-paddle","9":"first","10":"instock","11":"featured","12":"taxable","13":"shipping-taxable","14":"purchasable","15":"product-type-composite"},"yoast_head":"<!-- This site is optimized with the Yoast SEO Premium plugin v20.7 (Yoast SEO v27.1.1) - https:\/\/yoast.com\/product\/yoast-seo-premium-wordpress\/ -->\n<title>Sup Paddle Fish 2p Acid Green - G&#039;Power<\/title>\n<meta name=\"robots\" content=\"index, follow, max-snippet:-1, max-image-preview:large, max-video-preview:-1\" \/>\n<link rel=\"canonical\" href=\"https:\/\/gpowersport.com\/fr\/carbon-fiber-paddles\/sup-paddle\/fish-paddle-2p-acid-green\/\" \/>\n<meta property=\"og:locale\" content=\"fr_FR\" \/>\n<meta property=\"og:type\" content=\"article\" \/>\n<meta property=\"og:title\" content=\"Sup Paddle Fish 2p Acid Green\" \/>\n<meta property=\"og:description\" content=\"Fish Paddle 2p Fish Paddle for two-piece paddleboarding paddle made of carbon and glass in Pre-preg technology. The structure of the paddle\u00a0guarantees high rigidity and low weight. About\u00a0620g.\u00a0Very easily moves all the strength inserted in strokes\u00a0on the speed. Blade\u00a0and handle made of 100% carbon, shaft up to 40% carbon. The paddle is offered in one\" \/>\n<meta property=\"og:url\" content=\"https:\/\/gpowersport.com\/fr\/carbon-fiber-paddles\/sup-paddle\/fish-paddle-2p-acid-green\/\" \/>\n<meta property=\"og:site_name\" content=\"G&#039;Power\" \/>\n<meta property=\"article:publisher\" content=\"https:\/\/www.facebook.com\/GpowerPaddles\" \/>\n<meta property=\"article:modified_time\" content=\"2023-08-09T08:11:45+00:00\" \/>\n<meta property=\"og:image\" content=\"https:\/\/gpowersport.com\/wp-content\/uploads\/2022\/02\/fish_paddle_SUP_acidgreen_start.jpg\" \/>\n\t<meta property=\"og:image:width\" content=\"1200\" \/>\n\t<meta property=\"og:image:height\" content=\"218\" \/>\n\t<meta property=\"og:image:type\" content=\"image\/jpeg\" \/>\n<meta name=\"twitter:card\" content=\"summary_large_image\" \/>\n<meta name=\"twitter:label1\" content=\"Dur\u00e9e de lecture estim\u00e9e\" \/>\n\t<meta name=\"twitter:data1\" content=\"2 minutes\" \/>\n<script type=\"application\/ld+json\" class=\"yoast-schema-graph\">{\"@context\":\"https:\/\/schema.org\",\"@graph\":[{\"@type\":[\"WebPage\",\"ItemPage\"],\"@id\":\"https:\/\/gpowersport.com\/de\/carbon-fiber-paddles\/sup-paddle\/fish-paddle-2p-acid-green\/\",\"url\":\"https:\/\/gpowersport.com\/de\/carbon-fiber-paddles\/sup-paddle\/fish-paddle-2p-acid-green\/\",\"name\":\"Sup Paddle Fish 2p Acid Green - G&#039;Power\",\"isPartOf\":{\"@id\":\"https:\/\/gpowersport.com\/pl\/#website\"},\"primaryImageOfPage\":{\"@id\":\"https:\/\/gpowersport.com\/de\/carbon-fiber-paddles\/sup-paddle\/fish-paddle-2p-acid-green\/#primaryimage\"},\"image\":{\"@id\":\"https:\/\/gpowersport.com\/de\/carbon-fiber-paddles\/sup-paddle\/fish-paddle-2p-acid-green\/#primaryimage\"},\"thumbnailUrl\":\"https:\/\/gpowersport.com\/wp-content\/uploads\/2022\/02\/fish_paddle_SUP_acidgreen_start.jpg\",\"datePublished\":\"2022-02-10T11:40:51+00:00\",\"dateModified\":\"2023-08-09T08:11:45+00:00\",\"breadcrumb\":{\"@id\":\"https:\/\/gpowersport.com\/de\/carbon-fiber-paddles\/sup-paddle\/fish-paddle-2p-acid-green\/#breadcrumb\"},\"inLanguage\":\"fr-FR\",\"potentialAction\":[{\"@type\":\"ReadAction\",\"target\":[\"https:\/\/gpowersport.com\/de\/carbon-fiber-paddles\/sup-paddle\/fish-paddle-2p-acid-green\/\"]}]},{\"@type\":\"ImageObject\",\"inLanguage\":\"fr-FR\",\"@id\":\"https:\/\/gpowersport.com\/de\/carbon-fiber-paddles\/sup-paddle\/fish-paddle-2p-acid-green\/#primaryimage\",\"url\":\"https:\/\/gpowersport.com\/wp-content\/uploads\/2022\/02\/fish_paddle_SUP_acidgreen_start.jpg\",\"contentUrl\":\"https:\/\/gpowersport.com\/wp-content\/uploads\/2022\/02\/fish_paddle_SUP_acidgreen_start.jpg\",\"width\":1200,\"height\":218},{\"@type\":\"BreadcrumbList\",\"@id\":\"https:\/\/gpowersport.com\/de\/carbon-fiber-paddles\/sup-paddle\/fish-paddle-2p-acid-green\/#breadcrumb\",\"itemListElement\":[{\"@type\":\"ListItem\",\"position\":1,\"name\":\"Home\",\"item\":\"https:\/\/gpowersport.com\/\"},{\"@type\":\"ListItem\",\"position\":2,\"name\":\"Shop\",\"item\":\"https:\/\/gpowersport.com\/carbon-fiber-paddles\/\"},{\"@type\":\"ListItem\",\"position\":3,\"name\":\"Carbon Fiber Paddles\",\"item\":\"https:\/\/gpowersport.com\/pl\/carbon-fiber-paddles\/\"},{\"@type\":\"ListItem\",\"position\":4,\"name\":\"Stand UP Paddles\",\"item\":\"https:\/\/gpowersport.com\/carbon-fiber-paddles\/sup-paddle\/\"},{\"@type\":\"ListItem\",\"position\":5,\"name\":\"Sup Paddle Fish 2p Acid Green\"}]},{\"@type\":\"WebSite\",\"@id\":\"https:\/\/gpowersport.com\/pl\/#website\",\"url\":\"https:\/\/gpowersport.com\/pl\/\",\"name\":\"G'Power carbon paddles\",\"description\":\"\",\"publisher\":{\"@id\":\"https:\/\/gpowersport.com\/pl\/#organization\"},\"potentialAction\":[{\"@type\":\"SearchAction\",\"target\":{\"@type\":\"EntryPoint\",\"urlTemplate\":\"https:\/\/gpowersport.com\/pl\/?s={search_term_string}\"},\"query-input\":{\"@type\":\"PropertyValueSpecification\",\"valueRequired\":true,\"valueName\":\"search_term_string\"}}],\"inLanguage\":\"fr-FR\"},{\"@type\":\"Organization\",\"@id\":\"https:\/\/gpowersport.com\/pl\/#organization\",\"name\":\"G'power carbon paddles\",\"url\":\"https:\/\/gpowersport.com\/pl\/\",\"logo\":{\"@type\":\"ImageObject\",\"inLanguage\":\"fr-FR\",\"@id\":\"https:\/\/gpowersport.com\/pl\/#\/schema\/logo\/image\/\",\"url\":\"https:\/\/gpowersport.com\/wp-content\/uploads\/2020\/03\/gpower-logo.png\",\"contentUrl\":\"https:\/\/gpowersport.com\/wp-content\/uploads\/2020\/03\/gpower-logo.png\",\"width\":140,\"height\":30,\"caption\":\"G'power carbon paddles\"},\"image\":{\"@id\":\"https:\/\/gpowersport.com\/pl\/#\/schema\/logo\/image\/\"},\"sameAs\":[\"https:\/\/www.facebook.com\/GpowerPaddles\",\"https:\/\/www.instagram.com\/gpowerpaddles\/\"]}]}<\/script>\n<!-- \/ Yoast SEO Premium plugin. -->","yoast_head_json":{"title":"Sup Paddle Fish 2p Acid Green - G&#039;Power","robots":{"index":"index","follow":"follow","max-snippet":"max-snippet:-1","max-image-preview":"max-image-preview:large","max-video-preview":"max-video-preview:-1"},"canonical":"https:\/\/gpowersport.com\/fr\/carbon-fiber-paddles\/sup-paddle\/fish-paddle-2p-acid-green\/","og_locale":"fr_FR","og_type":"article","og_title":"Sup Paddle Fish 2p Acid Green","og_description":"Fish Paddle 2p Fish Paddle for two-piece paddleboarding paddle made of carbon and glass in Pre-preg technology. The structure of the paddle\u00a0guarantees high rigidity and low weight. About\u00a0620g.\u00a0Very easily moves all the strength inserted in strokes\u00a0on the speed. Blade\u00a0and handle made of 100% carbon, shaft up to 40% carbon. The paddle is offered in one","og_url":"https:\/\/gpowersport.com\/fr\/carbon-fiber-paddles\/sup-paddle\/fish-paddle-2p-acid-green\/","og_site_name":"G&#039;Power","article_publisher":"https:\/\/www.facebook.com\/GpowerPaddles","article_modified_time":"2023-08-09T08:11:45+00:00","og_image":[{"width":1200,"height":218,"url":"https:\/\/gpowersport.com\/wp-content\/uploads\/2022\/02\/fish_paddle_SUP_acidgreen_start.jpg","type":"image\/jpeg"}],"twitter_card":"summary_large_image","twitter_misc":{"Dur\u00e9e de lecture estim\u00e9e":"2 minutes"},"schema":{"@context":"https:\/\/schema.org","@graph":[{"@type":["WebPage","ItemPage"],"@id":"https:\/\/gpowersport.com\/de\/carbon-fiber-paddles\/sup-paddle\/fish-paddle-2p-acid-green\/","url":"https:\/\/gpowersport.com\/de\/carbon-fiber-paddles\/sup-paddle\/fish-paddle-2p-acid-green\/","name":"Sup Paddle Fish 2p Acid Green - G&#039;Power","isPartOf":{"@id":"https:\/\/gpowersport.com\/pl\/#website"},"primaryImageOfPage":{"@id":"https:\/\/gpowersport.com\/de\/carbon-fiber-paddles\/sup-paddle\/fish-paddle-2p-acid-green\/#primaryimage"},"image":{"@id":"https:\/\/gpowersport.com\/de\/carbon-fiber-paddles\/sup-paddle\/fish-paddle-2p-acid-green\/#primaryimage"},"thumbnailUrl":"https:\/\/gpowersport.com\/wp-content\/uploads\/2022\/02\/fish_paddle_SUP_acidgreen_start.jpg","datePublished":"2022-02-10T11:40:51+00:00","dateModified":"2023-08-09T08:11:45+00:00","breadcrumb":{"@id":"https:\/\/gpowersport.com\/de\/carbon-fiber-paddles\/sup-paddle\/fish-paddle-2p-acid-green\/#breadcrumb"},"inLanguage":"fr-FR","potentialAction":[{"@type":"ReadAction","target":["https:\/\/gpowersport.com\/de\/carbon-fiber-paddles\/sup-paddle\/fish-paddle-2p-acid-green\/"]}]},{"@type":"ImageObject","inLanguage":"fr-FR","@id":"https:\/\/gpowersport.com\/de\/carbon-fiber-paddles\/sup-paddle\/fish-paddle-2p-acid-green\/#primaryimage","url":"https:\/\/gpowersport.com\/wp-content\/uploads\/2022\/02\/fish_paddle_SUP_acidgreen_start.jpg","contentUrl":"https:\/\/gpowersport.com\/wp-content\/uploads\/2022\/02\/fish_paddle_SUP_acidgreen_start.jpg","width":1200,"height":218},{"@type":"BreadcrumbList","@id":"https:\/\/gpowersport.com\/de\/carbon-fiber-paddles\/sup-paddle\/fish-paddle-2p-acid-green\/#breadcrumb","itemListElement":[{"@type":"ListItem","position":1,"name":"Home","item":"https:\/\/gpowersport.com\/"},{"@type":"ListItem","position":2,"name":"Shop","item":"https:\/\/gpowersport.com\/carbon-fiber-paddles\/"},{"@type":"ListItem","position":3,"name":"Carbon Fiber Paddles","item":"https:\/\/gpowersport.com\/pl\/carbon-fiber-paddles\/"},{"@type":"ListItem","position":4,"name":"Stand UP Paddles","item":"https:\/\/gpowersport.com\/carbon-fiber-paddles\/sup-paddle\/"},{"@type":"ListItem","position":5,"name":"Sup Paddle Fish 2p Acid Green"}]},{"@type":"WebSite","@id":"https:\/\/gpowersport.com\/pl\/#website","url":"https:\/\/gpowersport.com\/pl\/","name":"Pagaies G'Power en carbone","description":"","publisher":{"@id":"https:\/\/gpowersport.com\/pl\/#organization"},"potentialAction":[{"@type":"SearchAction","target":{"@type":"EntryPoint","urlTemplate":"https:\/\/gpowersport.com\/pl\/?s={search_term_string}"},"query-input":{"@type":"PropertyValueSpecification","valueRequired":true,"valueName":"search_term_string"}}],"inLanguage":"fr-FR"},{"@type":"Organization","@id":"https:\/\/gpowersport.com\/pl\/#organization","name":"Pagaies en carbone G'power","url":"https:\/\/gpowersport.com\/pl\/","logo":{"@type":"ImageObject","inLanguage":"fr-FR","@id":"https:\/\/gpowersport.com\/pl\/#\/schema\/logo\/image\/","url":"https:\/\/gpowersport.com\/wp-content\/uploads\/2020\/03\/gpower-logo.png","contentUrl":"https:\/\/gpowersport.com\/wp-content\/uploads\/2020\/03\/gpower-logo.png","width":140,"height":30,"caption":"G'power carbon paddles"},"image":{"@id":"https:\/\/gpowersport.com\/pl\/#\/schema\/logo\/image\/"},"sameAs":["https:\/\/www.facebook.com\/GpowerPaddles","https:\/\/www.instagram.com\/gpowerpaddles\/"]}]}},"_links":{"self":[{"href":"https:\/\/gpowersport.com\/fr\/wp-json\/wp\/v2\/product\/36718","targetHints":{"allow":["GET"]}}],"collection":[{"href":"https:\/\/gpowersport.com\/fr\/wp-json\/wp\/v2\/product"}],"about":[{"href":"https:\/\/gpowersport.com\/fr\/wp-json\/wp\/v2\/types\/product"}],"replies":[{"embeddable":true,"href":"https:\/\/gpowersport.com\/fr\/wp-json\/wp\/v2\/comments?post=36718"}],"wp:featuredmedia":[{"embeddable":true,"href":"https:\/\/gpowersport.com\/fr\/wp-json\/wp\/v2\/media\/36712"}],"wp:attachment":[{"href":"https:\/\/gpowersport.com\/fr\/wp-json\/wp\/v2\/media?parent=36718"}],"wp:term":[{"taxonomy":"product_brand","embeddable":true,"href":"https:\/\/gpowersport.com\/fr\/wp-json\/wp\/v2\/product_brand?post=36718"},{"taxonomy":"product_cat","embeddable":true,"href":"https:\/\/gpowersport.com\/fr\/wp-json\/wp\/v2\/product_cat?post=36718"},{"taxonomy":"product_tag","embeddable":true,"href":"https:\/\/gpowersport.com\/fr\/wp-json\/wp\/v2\/product_tag?post=36718"}],"curies":[{"name":"wp","href":"https:\/\/api.w.org\/{rel}","templated":true}]}}