{"id":33479,"date":"2019-11-20T07:14:41","date_gmt":"2019-11-20T07:14:41","guid":{"rendered":"https:\/\/gpowersport.com\/?post_type=product&#038;p=33479"},"modified":"2026-02-26T20:45:13","modified_gmt":"2026-02-26T20:45:13","slug":"canoe-paddle-revolution-racing","status":"publish","type":"product","link":"https:\/\/gpowersport.com\/it\/carbon-fiber-paddles\/slalom\/canoe\/canoe-paddle-revolution-racing\/","title":{"rendered":"Pagaia da slalom in carbonio - Revolution RACING\u00a0"},"content":{"rendered":"<h1><span style=\"font-size: 75%;\"><strong><a href=\"https:\/\/gpowersport.com\/it\/carbon-fiber-paddles\/slalom\/\">Paletta in carbonio<\/a> &#8211; <\/strong><strong>Rivoluzione RACING\u00a0<\/strong><\/span><\/h1>\n<h2><span style=\"font-size: 75%;\">La scelta migliore per gli intermedi <a href=\"https:\/\/gpowersport.com\/it\/carbon-fiber-paddles\/slalom\/canoe\/\">canoa da slalom<\/a> atleti e appassionati di canoa da diporto.<\/span><\/h2>\n<h2><span style=\"font-size: 75%;\">Innovativa pagaia da slalom progettata da uno dei migliori atleti di canoa slalom. <a href=\"https:\/\/gpowersport.com\/it\/team\/\">Alexander Slafkovsk\u00fd<\/a> dalla Slovacchia. Dieci volte campione del mondo a squadre e campione europeo individuale. La nostra offerta \u00e8 molto semplice per trovare la pagaia perfetta. Dalle cinque misure di pala, ai tre tipi di rigidit\u00e0 dello shaft e alle numerose varianti di impugnatura. Vi diamo la possibilit\u00e0 di scegliere la pagaia perfetta <a href=\"https:\/\/gpowersport.com\/it\/team\/\">pagaia per canoa slalom<\/a>.<\/span><\/h2>\n<h2><span style=\"font-size: 75%;\">SUGGERIMENTI PER IL METALLO <a href=\"https:\/\/gpowersport.com\/it\/carbon-fiber-paddles\/\">Paletta in carbonio<\/a> Le pale sono disponibili con un rinforzo in acciaio inox lungo il bordo esterno che protegge perfettamente la pala da danni e urti con la pagaia sulle rocce del fiume. Le superfici di potenza rendono la pagaia pi\u00f9 resistente agli impatti.<\/span><\/h2>\n<h2><span style=\"font-size: 75%;\">Canoa da slalom\u00a0<a href=\"https:\/\/gpowersport.com\/it\/carbon-fiber-paddles\/\">pagaia in carbonio e kevlar<\/a> vi render\u00e0 pi\u00f9 forti, dandovi pi\u00f9 soddisfazione in ogni sessione di allenamento. Gettate via la struttura in alluminio e pvc e portate i vostri risultati a un livello superiore.\u00a0<\/span><\/h2>\n<h2><span style=\"font-size: 75%;\"><a href=\"https:\/\/www.facebook.com\/jessfox.canoeslalom\/\">Jesica Fox dall'Australia<\/a>La pluricampionessa del mondo ha optato per la Revolution Elite nella taglia \"S\" e per un manico in carbonio per assicurarsi che la pagaia sia in grado di resistere anche alle gare pi\u00f9 difficili.<\/span><\/h2>\n<h2><span style=\"font-size: 75%;\">Create il vostro perfetto <a href=\"https:\/\/gpowersport.com\/it\/paddles-with-own-design\/\">paletta personalizzata<\/a>!<\/span><\/h2>\n<p>&nbsp;<\/p>\n<table border=\"0\" width=\"100%\" cellspacing=\"1\" cellpadding=\"1\" align=\"center\">\n<tbody>\n<tr>\n<td width=\"20%\"><span style=\"font-size: 75%;\">Dimensione<\/span><\/td>\n<td style=\"text-align: left;\" valign=\"middle\"><span style=\"font-size: 75%;\">XS<\/span><\/td>\n<td style=\"text-align: left;\"><span style=\"font-size: 75%;\">S<\/span><\/td>\n<td style=\"text-align: left;\"><span style=\"font-size: 75%;\">M<\/span><\/td>\n<td style=\"text-align: left;\"><span style=\"font-size: 75%;\">L<\/span><\/td>\n<td style=\"text-align: left;\"><span style=\"font-size: 75%;\">XL<\/span><\/td>\n<\/tr>\n<tr>\n<td><span style=\"font-size: 75%;\">Area della lama<\/span><\/td>\n<td style=\"text-align: left;\"><span style=\"font-size: 75%; color: #282828;\">695 cm<sup>2<\/sup><\/span><\/td>\n<td style=\"text-align: left;\"><span style=\"font-size: 75%; color: #282828;\">737 cm<sup>2<\/sup><\/span><\/td>\n<td style=\"text-align: left;\"><span style=\"font-size: 75%; color: #282828;\">785 cm<sup>2<\/sup><\/span><\/td>\n<td style=\"text-align: left;\"><span style=\"font-size: 75%; color: #282828;\">795 cm<sup>2<\/sup><\/span><\/td>\n<td style=\"text-align: left;\"><span style=\"color: #282828;\"><span style=\"font-size: 10.8px;\">&#8211;<\/span><\/span><\/td>\n<\/tr>\n<tr>\n<td><span style=\"font-size: 75%;\">Lunghezza della lama<\/span><\/td>\n<td style=\"text-align: left;\"><span style=\"font-size: 75%;\">495 mm<\/span><\/td>\n<td style=\"text-align: left;\"><span style=\"font-size: 75%;\">505 mm<\/span><\/td>\n<td><span style=\"font-size: 75%;\">520 mm<\/span><\/td>\n<td><span style=\"font-size: 75%;\">520 mm<\/span><\/td>\n<td><span style=\"font-size: 75%;\">&#8211;<\/span><\/td>\n<\/tr>\n<tr>\n<td><span style=\"font-size: 75%;\">Larghezza della lama<\/span><\/td>\n<td><span style=\"font-size: 75%;\">193 mm<\/span><\/td>\n<td><span style=\"font-size: 75%;\">197 mm<\/span><\/td>\n<td><span style=\"font-size: 75%;\">200 mm<\/span><\/td>\n<td><span style=\"font-size: 75%;\">205 mm<\/span><\/td>\n<td><span style=\"font-size: 75%;\">&#8211;<\/span><\/td>\n<\/tr>\n<tr>\n<td><span style=\"font-size: 75%;\">Contenuto di carbonio - lama \/ albero<\/span><\/td>\n<td><span style=\"font-size: 75%;\">60% \/ 100%<\/span><\/td>\n<td><span style=\"font-size: 75%;\">60% \/ 100%<\/span><\/td>\n<td><span style=\"font-size: 75%;\">60% \/ 100%<\/span><\/td>\n<td><span style=\"font-size: 75%;\">60% \/ 100%<\/span><\/td>\n<td><span style=\"font-size: 75%;\">&#8211;<\/span><\/td>\n<\/tr>\n<tr>\n<td><span style=\"font-size: 75%;\">Diametro dell'albero<\/span><\/td>\n<td><span style=\"font-size: 75%;\">28 mm<\/span><\/td>\n<td><span style=\"font-size: 75%;\">28 mm<\/span><\/td>\n<td><span style=\"font-size: 75%;\">28 mm<\/span><\/td>\n<td><span style=\"font-size: 75%;\">28 mm<\/span><\/td>\n<td><span style=\"font-size: 75%;\">&#8211;<\/span><\/td>\n<\/tr>\n<tr>\n<td><span style=\"font-size: 75%;\">Peso della pagaia con impugnatura in legno<\/span><\/td>\n<td><span style=\"font-size: 75%;\">~ 470 g<\/span><\/td>\n<td><span style=\"font-size: 75%; color: #282828;\">~ 485 g<\/span><\/td>\n<td><span style=\"font-size: 75%; color: #282828;\">~ 500 g<\/span><\/td>\n<td><span style=\"font-size: 75%; color: #282828;\">~ 570 g<\/span><\/td>\n<td><span style=\"font-size: 75%; color: #282828;\">&#8211;<\/span><\/td>\n<\/tr>\n<tr>\n<td><span style=\"font-size: 75%;\">Suggerimenti in metallo<\/span><\/td>\n<td><span style=\"font-size: 75%;\">s\u00ec<\/span><\/td>\n<td><span style=\"font-size: 75%;\">s\u00ec<\/span><\/td>\n<td><span style=\"font-size: 75%;\">s\u00ec<\/span><\/td>\n<td><span style=\"font-size: 75%;\">s\u00ec<\/span><\/td>\n<td><span style=\"font-size: 75%;\">s\u00ec<\/span><\/td>\n<\/tr>\n<\/tbody>\n<\/table>\n<p>&nbsp;<\/p>\n\t\n  \n    <div class=\"row large-columns-4 medium-columns-3 small-columns-2 row-small slider row-slider slider-nav-reveal slider-nav-push\"  data-flickity-options='{&quot;imagesLoaded&quot;: true, &quot;groupCells&quot;: &quot;100%&quot;, &quot;dragThreshold&quot; : 5, &quot;cellAlign&quot;: &quot;left&quot;,&quot;wrapAround&quot;: true,&quot;prevNextButtons&quot;: true,&quot;percentPosition&quot;: true,&quot;pageDots&quot;: false, &quot;rightToLeft&quot;: false, &quot;autoPlay&quot; : false}' >\n\n  \n\t     <\/div>\n\t<div id=\"gap-1041648192\" class=\"gap-element clearfix\" style=\"display:block; height:auto;\">\n\t\t\n<style>\n#gap-1041648192 {\n  padding-top: 50px;\n}\n<\/style>\n\t<\/div>\n\t\n<div class=\"row align-middle\"  id=\"row-1707106089\">\n\n\t<div id=\"col-524685330\" class=\"col medium-4 small-12 large-4\"  >\n\t\t\t\t<div class=\"col-inner\"  >\n\t\t\t\n\t\t\t\n\t<div class=\"img has-hover x md-x lg-x y md-y lg-y\" id=\"image_1595267062\">\n\t\t\t\t\t\t\t\t<div class=\"img-inner dark\" style=\"margin:-50px 0px 0px 0px;\">\n\t\t\t<img fetchpriority=\"high\" decoding=\"async\" width=\"1020\" height=\"680\" src=\"https:\/\/gpowersport.com\/wp-content\/uploads\/2020\/05\/qnecty-1200x800.jpg\" class=\"attachment-large size-large\" alt=\"\" srcset=\"https:\/\/gpowersport.com\/wp-content\/uploads\/2020\/05\/qnecty-1200x800.jpg 1200w, https:\/\/gpowersport.com\/wp-content\/uploads\/2020\/05\/qnecty-18x12.jpg 18w, https:\/\/gpowersport.com\/wp-content\/uploads\/2020\/05\/qnecty-600x400.jpg 600w, https:\/\/gpowersport.com\/wp-content\/uploads\/2020\/05\/qnecty-768x512.jpg 768w, https:\/\/gpowersport.com\/wp-content\/uploads\/2020\/05\/qnecty-1536x1024.jpg 1536w, https:\/\/gpowersport.com\/wp-content\/uploads\/2020\/05\/qnecty-1000x667.jpg 1000w, https:\/\/gpowersport.com\/wp-content\/uploads\/2020\/05\/qnecty-800x534.jpg 800w, https:\/\/gpowersport.com\/wp-content\/uploads\/2020\/05\/qnecty.jpg 1600w\" sizes=\"(max-width: 1020px) 100vw, 1020px\" \/>\t\t\t\t\t\t\n\t\t\t\t\t<\/div>\n\t\t\t\t\t\t\t\t\n<style>\n#image_1595267062 {\n  width: 100%;\n}\n<\/style>\n\t<\/div>\n\t\n\t\t<\/div>\n\t\t\t\t\t<\/div>\n\n\t\n\n\t<div id=\"col-1936225200\" class=\"col medium-8 small-12 large-8\"  >\n\t\t\t\t<div class=\"col-inner\"  >\n\t\t\t\n\t\t\t\n<p>Le nostre pagaie sono disponibili con il sistema di regolazione QNECT (alluminio o composito). Questo sistema consente di regolare la lunghezza complessiva della pagaia (entro 10 cm) e l'angolo della pala da 0\u00b0 a 85\u00b0 a destra o a sinistra con incrementi di 5\u00b0. Il sistema QNECT consente di impostare l'angolo di pala personale e di smontare la pagaia in due parti per facilitarne il trasporto.<\/p>\n<p><strong>Alluminio QNECT<\/strong> - Realizzate con uno speciale tipo di alluminio che utilizza la tecnologia di protezione catodica per prevenire la corrosione in acqua salata; ideali per pagaie da canoa e kayak in acqua dolce. Stabilizzazione superiore del manico nelle pagaie da canoa.<\/p>\n<p><strong>Composito QNECT<\/strong> - Un solido sistema composito, realizzato con uno speciale materiale poliammidico estremamente resistente agli urti e all'acqua salata. Molto facile da usare, con la possibilit\u00e0 di correggere il tiro. Consigliato per tutte le pagaie, soprattutto in acqua salata.<\/p>\n<hr \/>\n<p><span style=\"font-size: 90%; color: #d83131;\"><img decoding=\"async\" class=\"wp-image-33383 alignleft\" src=\"http:\/\/gpowersport.com\/wp-content\/uploads\/2019\/10\/attention.png\" alt=\"\" width=\"46\" height=\"49\" srcset=\"https:\/\/gpowersport.com\/wp-content\/uploads\/2019\/10\/attention.png 100w, https:\/\/gpowersport.com\/wp-content\/uploads\/2019\/10\/attention-11x12.png 11w\" sizes=\"(max-width: 46px) 100vw, 46px\" \/><strong><span style=\"font-size: 75%;\">IMPORTANTE!<\/span><\/strong><\/span><strong><span style=\"font-size: 75%;\"> Non dimenticate di pulire la pagaia e il sistema QNECT dopo l'uso in acqua dolce. Se si usa in acqua salata, farlo dopo ogni sessione. Se le pagaie non vengono utilizzate per pi\u00f9 di due settimane, conservarle smontate.<\/span><\/strong><\/p>\n\t\t<\/div>\n\t\t\t\t\t<\/div>\n\n\t\n<\/div>\n\t<div id=\"gap-1208333493\" class=\"gap-element clearfix\" style=\"display:block; height:auto;\">\n\t\t\n<style>\n#gap-1208333493 {\n  padding-top: 50px;\n}\n<\/style>\n\t<\/div>\n\t\n\n\t<section class=\"section\" id=\"section_177111224\">\n\t\t<div class=\"section-bg fill\" >\n\t\t\t\t\t\t\t\t\t<div class=\"loading-spin centered\"><\/div>\n\t\t\t\n\n\t\t<\/div>\n\n\t\t\n\n\t\t<div class=\"section-content relative\">\n\t\t\t\n<div class=\"row row-solid\"  id=\"row-2124162237\">\n\n\t<div id=\"col-1240947199\" class=\"col medium-4 small-12 large-4\"  >\n\t\t\t\t<div class=\"col-inner\"  >\n\t\t\t\n\t\t\t\n\n\t\t<div class=\"icon-box featured-box icon-box-center text-center\"  >\n\t\t\t\t\t<div class=\"icon-box-img\" style=\"width: 50px\">\n\t\t\t\t<div class=\"icon\">\n\t\t\t\t\t<div class=\"icon-inner\" >\n\t\t\t\t\t\t<img decoding=\"async\" width=\"128\" height=\"128\" src=\"https:\/\/gpowersport.com\/wp-content\/uploads\/2020\/09\/2703076-128-1-1.png\" class=\"attachment-medium size-medium\" alt=\"\" srcset=\"https:\/\/gpowersport.com\/wp-content\/uploads\/2020\/09\/2703076-128-1-1.png 128w, https:\/\/gpowersport.com\/wp-content\/uploads\/2020\/09\/2703076-128-1-1-12x12.png 12w, https:\/\/gpowersport.com\/wp-content\/uploads\/2020\/09\/2703076-128-1-1-120x120.png 120w, https:\/\/gpowersport.com\/wp-content\/uploads\/2020\/09\/2703076-128-1-1-100x100.png 100w\" sizes=\"(max-width: 128px) 100vw, 128px\" \/>\t\t\t\t\t<\/div>\n\t\t\t\t<\/div>\n\t\t\t<\/div>\n\t\t\t\t<div class=\"icon-box-text last-reset\">\n\t\t\t\t\t\t\t\t\t\n<p>&nbsp;<\/p>\n<h3>Lascia un feedback<\/h3>\n<p>La vostra opinione \u00e8 molto importante per noi. Grazie a questo, sviluppiamo i nostri prodotti...<\/p>\n\t\t<\/div>\n\t<\/div>\n\t\n\t\n\t\t<\/div>\n\t\t\t\t\t<\/div>\n\n\t\n\n\t<div id=\"col-333595713\" class=\"col medium-4 small-12 large-4\"  >\n\t\t\t\t<div class=\"col-inner\"  >\n\t\t\t\n\t\t\t\n\n\t\t<div class=\"icon-box featured-box icon-box-center text-center\"  >\n\t\t\t\t\t<div class=\"icon-box-img\" style=\"width: 50px\">\n\t\t\t\t<div class=\"icon\">\n\t\t\t\t\t<div class=\"icon-inner\" >\n\t\t\t\t\t\t<img loading=\"lazy\" decoding=\"async\" width=\"128\" height=\"128\" src=\"https:\/\/gpowersport.com\/wp-content\/uploads\/2020\/09\/5959201-128-1.png\" class=\"attachment-medium size-medium\" alt=\"\" srcset=\"https:\/\/gpowersport.com\/wp-content\/uploads\/2020\/09\/5959201-128-1.png 128w, https:\/\/gpowersport.com\/wp-content\/uploads\/2020\/09\/5959201-128-1-12x12.png 12w, https:\/\/gpowersport.com\/wp-content\/uploads\/2020\/09\/5959201-128-1-120x120.png 120w, https:\/\/gpowersport.com\/wp-content\/uploads\/2020\/09\/5959201-128-1-100x100.png 100w\" sizes=\"(max-width: 128px) 100vw, 128px\" \/>\t\t\t\t\t<\/div>\n\t\t\t\t<\/div>\n\t\t\t<\/div>\n\t\t\t\t<div class=\"icon-box-text last-reset\">\n\t\t\t\t\t\t\t\t\t\n<h3>Porta a porta<\/h3>\n<p>Quando acquistate nel nostro negozio, avete una garanzia completa. I reclami sono gestiti direttamente dal produttore. Facile e veloce.<\/p>\n\t\t<\/div>\n\t<\/div>\n\t\n\t\n\t\t<\/div>\n\t\t\t\t\t<\/div>\n\n\t\n\n<style>\n#row-2124162237 > .col > .col-inner {\n  padding: 20px 20px 20px 20px;\n}\n<\/style>\n<\/div>\n\t\t<\/div>\n\n\t\t\n<style>\n#section_177111224 {\n  padding-top: 30px;\n  padding-bottom: 30px;\n}\n<\/style>\n\t<\/section>","protected":false},"excerpt":{"rendered":"<p><span style=\"font-size: 100%;\"><span style=\"color: #00aae7;\">Quando si sceglie una connessione standard,<\/span> Quando si sceglie un attacco standard, si prega di scegliere anche : Lunghezza della pagaia, torsione e angolo. Quando si sceglie il sistema regolabile Qnect, segnare la lunghezza minima che si desidera avere e ignorare la torsione e l'angolo. Il sistema Qnect offre la possibilit\u00e0 di modificare la lunghezza della pagaia di 10 cm. Se non avete paura degli attrezzi e siete abili nel fai-da-te, segnate NO nell'ultima casella di controllo.<\/span><\/p>","protected":false},"featured_media":32732,"comment_status":"open","ping_status":"closed","template":"","meta":[],"product_brand":[],"product_cat":[18,89,91],"product_tag":[],"class_list":{"0":"post-33479","1":"product","2":"type-product","3":"status-publish","4":"has-post-thumbnail","6":"product_cat-carbon-fiber-paddles","7":"product_cat-slalom","8":"product_cat-canoe","10":"first","11":"instock","12":"featured","13":"taxable","14":"shipping-taxable","15":"purchasable","16":"product-type-composite"},"yoast_head":"<!-- This site is optimized with the Yoast SEO Premium plugin v20.7 (Yoast SEO v27.1.1) - https:\/\/yoast.com\/product\/yoast-seo-premium-wordpress\/ -->\n<title>Slalom Carbon paddle - Revolution RACING\u00a0 - G&#039;Power - Slalom canoe paddles<\/title>\n<meta name=\"description\" content=\"A revolutionary paddle amongst carbon canoe paddles. Innovative slalom paddle designed with collaboration with Alexander Slafkovsk\u00fd (SVK).\" \/>\n<meta name=\"robots\" content=\"index, follow, max-snippet:-1, max-image-preview:large, max-video-preview:-1\" \/>\n<link rel=\"canonical\" href=\"https:\/\/gpowersport.com\/it\/carbon-fiber-paddles\/slalom\/canoe\/canoe-paddle-revolution-racing\/\" \/>\n<meta property=\"og:locale\" content=\"it_IT\" \/>\n<meta property=\"og:type\" content=\"article\" \/>\n<meta property=\"og:title\" content=\"Slalom Carbon paddle - Revolution RACING\u00a0\" \/>\n<meta property=\"og:description\" content=\"A revolutionary paddle amongst carbon canoe paddles. Innovative slalom paddle designed with collaboration with Alexander Slafkovsk\u00fd (SVK).\" \/>\n<meta property=\"og:url\" content=\"https:\/\/gpowersport.com\/it\/carbon-fiber-paddles\/slalom\/canoe\/canoe-paddle-revolution-racing\/\" \/>\n<meta property=\"og:site_name\" content=\"G&#039;Power\" \/>\n<meta property=\"article:publisher\" content=\"https:\/\/www.facebook.com\/GpowerPaddles\" \/>\n<meta property=\"article:modified_time\" content=\"2026-02-26T20:45:13+00:00\" \/>\n<meta property=\"og:image\" content=\"https:\/\/gpowersport.com\/wp-content\/uploads\/2019\/07\/revo_start_1200-1.png\" \/>\n\t<meta property=\"og:image:width\" content=\"1200\" \/>\n\t<meta property=\"og:image:height\" content=\"218\" \/>\n\t<meta property=\"og:image:type\" content=\"image\/png\" \/>\n<meta name=\"twitter:card\" content=\"summary_large_image\" \/>\n<meta name=\"twitter:label1\" content=\"Tempo di lettura stimato\" \/>\n\t<meta name=\"twitter:data1\" content=\"3 minuti\" \/>\n<script type=\"application\/ld+json\" class=\"yoast-schema-graph\">{\"@context\":\"https:\/\/schema.org\",\"@graph\":[{\"@type\":[\"WebPage\",\"ItemPage\"],\"@id\":\"https:\/\/gpowersport.com\/carbon-fiber-paddles\/slalom\/canoe\/canoe-paddle-revolution-racing\/\",\"url\":\"https:\/\/gpowersport.com\/carbon-fiber-paddles\/slalom\/canoe\/canoe-paddle-revolution-racing\/\",\"name\":\"Slalom Carbon paddle - Revolution RACING\u00a0 - G&#039;Power - Slalom canoe paddles\",\"isPartOf\":{\"@id\":\"https:\/\/gpowersport.com\/pl\/#website\"},\"primaryImageOfPage\":{\"@id\":\"https:\/\/gpowersport.com\/carbon-fiber-paddles\/slalom\/canoe\/canoe-paddle-revolution-racing\/#primaryimage\"},\"image\":{\"@id\":\"https:\/\/gpowersport.com\/carbon-fiber-paddles\/slalom\/canoe\/canoe-paddle-revolution-racing\/#primaryimage\"},\"thumbnailUrl\":\"https:\/\/gpowersport.com\/wp-content\/uploads\/2019\/07\/revo_start_1200-1.png\",\"datePublished\":\"2019-11-20T07:14:41+00:00\",\"dateModified\":\"2026-02-26T20:45:13+00:00\",\"description\":\"A revolutionary paddle amongst carbon canoe paddles. Innovative slalom paddle designed with collaboration with Alexander Slafkovsk\u00fd (SVK).\",\"breadcrumb\":{\"@id\":\"https:\/\/gpowersport.com\/carbon-fiber-paddles\/slalom\/canoe\/canoe-paddle-revolution-racing\/#breadcrumb\"},\"inLanguage\":\"it-IT\",\"potentialAction\":[{\"@type\":\"ReadAction\",\"target\":[\"https:\/\/gpowersport.com\/carbon-fiber-paddles\/slalom\/canoe\/canoe-paddle-revolution-racing\/\"]}]},{\"@type\":\"ImageObject\",\"inLanguage\":\"it-IT\",\"@id\":\"https:\/\/gpowersport.com\/carbon-fiber-paddles\/slalom\/canoe\/canoe-paddle-revolution-racing\/#primaryimage\",\"url\":\"https:\/\/gpowersport.com\/wp-content\/uploads\/2019\/07\/revo_start_1200-1.png\",\"contentUrl\":\"https:\/\/gpowersport.com\/wp-content\/uploads\/2019\/07\/revo_start_1200-1.png\",\"width\":1200,\"height\":218,\"caption\":\"Canoe paddle - Revolution RACING\"},{\"@type\":\"BreadcrumbList\",\"@id\":\"https:\/\/gpowersport.com\/carbon-fiber-paddles\/slalom\/canoe\/canoe-paddle-revolution-racing\/#breadcrumb\",\"itemListElement\":[{\"@type\":\"ListItem\",\"position\":1,\"name\":\"Home\",\"item\":\"https:\/\/gpowersport.com\/\"},{\"@type\":\"ListItem\",\"position\":2,\"name\":\"Shop\",\"item\":\"https:\/\/gpowersport.com\/carbon-fiber-paddles\/\"},{\"@type\":\"ListItem\",\"position\":3,\"name\":\"Carbon Fiber Paddles\",\"item\":\"https:\/\/gpowersport.com\/pl\/carbon-fiber-paddles\/\"},{\"@type\":\"ListItem\",\"position\":4,\"name\":\"Slalom Paddles\",\"item\":\"https:\/\/gpowersport.com\/carbon-fiber-paddles\/slalom\/\"},{\"@type\":\"ListItem\",\"position\":5,\"name\":\"Slalom Canoe Paddles\",\"item\":\"https:\/\/gpowersport.com\/carbon-fiber-paddles\/slalom\/canoe\/\"},{\"@type\":\"ListItem\",\"position\":6,\"name\":\"Slalom Carbon paddle &#8211; Revolution RACING\u00a0\"}]},{\"@type\":\"WebSite\",\"@id\":\"https:\/\/gpowersport.com\/pl\/#website\",\"url\":\"https:\/\/gpowersport.com\/pl\/\",\"name\":\"G'Power carbon paddles\",\"description\":\"\",\"publisher\":{\"@id\":\"https:\/\/gpowersport.com\/pl\/#organization\"},\"potentialAction\":[{\"@type\":\"SearchAction\",\"target\":{\"@type\":\"EntryPoint\",\"urlTemplate\":\"https:\/\/gpowersport.com\/pl\/?s={search_term_string}\"},\"query-input\":{\"@type\":\"PropertyValueSpecification\",\"valueRequired\":true,\"valueName\":\"search_term_string\"}}],\"inLanguage\":\"it-IT\"},{\"@type\":\"Organization\",\"@id\":\"https:\/\/gpowersport.com\/pl\/#organization\",\"name\":\"G'power carbon paddles\",\"url\":\"https:\/\/gpowersport.com\/pl\/\",\"logo\":{\"@type\":\"ImageObject\",\"inLanguage\":\"it-IT\",\"@id\":\"https:\/\/gpowersport.com\/pl\/#\/schema\/logo\/image\/\",\"url\":\"https:\/\/gpowersport.com\/wp-content\/uploads\/2020\/03\/gpower-logo.png\",\"contentUrl\":\"https:\/\/gpowersport.com\/wp-content\/uploads\/2020\/03\/gpower-logo.png\",\"width\":140,\"height\":30,\"caption\":\"G'power carbon paddles\"},\"image\":{\"@id\":\"https:\/\/gpowersport.com\/pl\/#\/schema\/logo\/image\/\"},\"sameAs\":[\"https:\/\/www.facebook.com\/GpowerPaddles\",\"https:\/\/www.instagram.com\/gpowerpaddles\/\"]}]}<\/script>\n<!-- \/ Yoast SEO Premium plugin. -->","yoast_head_json":{"title":"Pagaia da slalom in carbonio - Revolution RACING - G&#039;Power - Pagaie da slalom per canoa","description":"Una pagaia rivoluzionaria tra le pagaie da canoa in carbonio. Innovativa pagaia da slalom progettata in collaborazione con Alexander Slafkovsk\u00fd (SVK).","robots":{"index":"index","follow":"follow","max-snippet":"max-snippet:-1","max-image-preview":"max-image-preview:large","max-video-preview":"max-video-preview:-1"},"canonical":"https:\/\/gpowersport.com\/it\/carbon-fiber-paddles\/slalom\/canoe\/canoe-paddle-revolution-racing\/","og_locale":"it_IT","og_type":"article","og_title":"Slalom Carbon paddle - Revolution RACING\u00a0","og_description":"A revolutionary paddle amongst carbon canoe paddles. Innovative slalom paddle designed with collaboration with Alexander Slafkovsk\u00fd (SVK).","og_url":"https:\/\/gpowersport.com\/it\/carbon-fiber-paddles\/slalom\/canoe\/canoe-paddle-revolution-racing\/","og_site_name":"G&#039;Power","article_publisher":"https:\/\/www.facebook.com\/GpowerPaddles","article_modified_time":"2026-02-26T20:45:13+00:00","og_image":[{"width":1200,"height":218,"url":"https:\/\/gpowersport.com\/wp-content\/uploads\/2019\/07\/revo_start_1200-1.png","type":"image\/png"}],"twitter_card":"summary_large_image","twitter_misc":{"Tempo di lettura stimato":"3 minuti"},"schema":{"@context":"https:\/\/schema.org","@graph":[{"@type":["WebPage","ItemPage"],"@id":"https:\/\/gpowersport.com\/carbon-fiber-paddles\/slalom\/canoe\/canoe-paddle-revolution-racing\/","url":"https:\/\/gpowersport.com\/carbon-fiber-paddles\/slalom\/canoe\/canoe-paddle-revolution-racing\/","name":"Pagaia da slalom in carbonio - Revolution RACING - G&#039;Power - Pagaie da slalom per canoa","isPartOf":{"@id":"https:\/\/gpowersport.com\/pl\/#website"},"primaryImageOfPage":{"@id":"https:\/\/gpowersport.com\/carbon-fiber-paddles\/slalom\/canoe\/canoe-paddle-revolution-racing\/#primaryimage"},"image":{"@id":"https:\/\/gpowersport.com\/carbon-fiber-paddles\/slalom\/canoe\/canoe-paddle-revolution-racing\/#primaryimage"},"thumbnailUrl":"https:\/\/gpowersport.com\/wp-content\/uploads\/2019\/07\/revo_start_1200-1.png","datePublished":"2019-11-20T07:14:41+00:00","dateModified":"2026-02-26T20:45:13+00:00","description":"Una pagaia rivoluzionaria tra le pagaie da canoa in carbonio. Innovativa pagaia da slalom progettata in collaborazione con Alexander Slafkovsk\u00fd (SVK).","breadcrumb":{"@id":"https:\/\/gpowersport.com\/carbon-fiber-paddles\/slalom\/canoe\/canoe-paddle-revolution-racing\/#breadcrumb"},"inLanguage":"it-IT","potentialAction":[{"@type":"ReadAction","target":["https:\/\/gpowersport.com\/carbon-fiber-paddles\/slalom\/canoe\/canoe-paddle-revolution-racing\/"]}]},{"@type":"ImageObject","inLanguage":"it-IT","@id":"https:\/\/gpowersport.com\/carbon-fiber-paddles\/slalom\/canoe\/canoe-paddle-revolution-racing\/#primaryimage","url":"https:\/\/gpowersport.com\/wp-content\/uploads\/2019\/07\/revo_start_1200-1.png","contentUrl":"https:\/\/gpowersport.com\/wp-content\/uploads\/2019\/07\/revo_start_1200-1.png","width":1200,"height":218,"caption":"Canoe paddle - Revolution RACING"},{"@type":"BreadcrumbList","@id":"https:\/\/gpowersport.com\/carbon-fiber-paddles\/slalom\/canoe\/canoe-paddle-revolution-racing\/#breadcrumb","itemListElement":[{"@type":"ListItem","position":1,"name":"Home","item":"https:\/\/gpowersport.com\/"},{"@type":"ListItem","position":2,"name":"Shop","item":"https:\/\/gpowersport.com\/carbon-fiber-paddles\/"},{"@type":"ListItem","position":3,"name":"Carbon Fiber Paddles","item":"https:\/\/gpowersport.com\/pl\/carbon-fiber-paddles\/"},{"@type":"ListItem","position":4,"name":"Slalom Paddles","item":"https:\/\/gpowersport.com\/carbon-fiber-paddles\/slalom\/"},{"@type":"ListItem","position":5,"name":"Slalom Canoe Paddles","item":"https:\/\/gpowersport.com\/carbon-fiber-paddles\/slalom\/canoe\/"},{"@type":"ListItem","position":6,"name":"Slalom Carbon paddle &#8211; Revolution RACING\u00a0"}]},{"@type":"WebSite","@id":"https:\/\/gpowersport.com\/pl\/#website","url":"https:\/\/gpowersport.com\/pl\/","name":"Pagaie in carbonio G'Power","description":"","publisher":{"@id":"https:\/\/gpowersport.com\/pl\/#organization"},"potentialAction":[{"@type":"SearchAction","target":{"@type":"EntryPoint","urlTemplate":"https:\/\/gpowersport.com\/pl\/?s={search_term_string}"},"query-input":{"@type":"PropertyValueSpecification","valueRequired":true,"valueName":"search_term_string"}}],"inLanguage":"it-IT"},{"@type":"Organization","@id":"https:\/\/gpowersport.com\/pl\/#organization","name":"Palette in carbonio G'power","url":"https:\/\/gpowersport.com\/pl\/","logo":{"@type":"ImageObject","inLanguage":"it-IT","@id":"https:\/\/gpowersport.com\/pl\/#\/schema\/logo\/image\/","url":"https:\/\/gpowersport.com\/wp-content\/uploads\/2020\/03\/gpower-logo.png","contentUrl":"https:\/\/gpowersport.com\/wp-content\/uploads\/2020\/03\/gpower-logo.png","width":140,"height":30,"caption":"G'power carbon paddles"},"image":{"@id":"https:\/\/gpowersport.com\/pl\/#\/schema\/logo\/image\/"},"sameAs":["https:\/\/www.facebook.com\/GpowerPaddles","https:\/\/www.instagram.com\/gpowerpaddles\/"]}]}},"_links":{"self":[{"href":"https:\/\/gpowersport.com\/it\/wp-json\/wp\/v2\/product\/33479","targetHints":{"allow":["GET"]}}],"collection":[{"href":"https:\/\/gpowersport.com\/it\/wp-json\/wp\/v2\/product"}],"about":[{"href":"https:\/\/gpowersport.com\/it\/wp-json\/wp\/v2\/types\/product"}],"replies":[{"embeddable":true,"href":"https:\/\/gpowersport.com\/it\/wp-json\/wp\/v2\/comments?post=33479"}],"wp:featuredmedia":[{"embeddable":true,"href":"https:\/\/gpowersport.com\/it\/wp-json\/wp\/v2\/media\/32732"}],"wp:attachment":[{"href":"https:\/\/gpowersport.com\/it\/wp-json\/wp\/v2\/media?parent=33479"}],"wp:term":[{"taxonomy":"product_brand","embeddable":true,"href":"https:\/\/gpowersport.com\/it\/wp-json\/wp\/v2\/product_brand?post=33479"},{"taxonomy":"product_cat","embeddable":true,"href":"https:\/\/gpowersport.com\/it\/wp-json\/wp\/v2\/product_cat?post=33479"},{"taxonomy":"product_tag","embeddable":true,"href":"https:\/\/gpowersport.com\/it\/wp-json\/wp\/v2\/product_tag?post=33479"}],"curies":[{"name":"wp","href":"https:\/\/api.w.org\/{rel}","templated":true}]}}