{"id":33479,"date":"2019-11-20T07:14:41","date_gmt":"2019-11-20T07:14:41","guid":{"rendered":"https:\/\/gpowersport.com\/?post_type=product&#038;p=33479"},"modified":"2026-02-26T20:45:13","modified_gmt":"2026-02-26T20:45:13","slug":"canoe-paddle-revolution-racing","status":"publish","type":"product","link":"https:\/\/gpowersport.com\/nb\/carbon-fiber-paddles\/slalom\/canoe\/canoe-paddle-revolution-racing\/","title":{"rendered":"Slal\u00e5mpaddel i karbon - Revolution RACING\u00a0"},"content":{"rendered":"<h1><span style=\"font-size: 75%;\"><strong><a href=\"https:\/\/gpowersport.com\/nb\/carbon-fiber-paddles\/slalom\/\">Karbonpadle<\/a> &#8211; <\/strong><strong>Revolution RACING\u00a0<\/strong><\/span><\/h1>\n<h2><span style=\"font-size: 75%;\">Det beste valget for viderekomne <a href=\"https:\/\/gpowersport.com\/nb\/carbon-fiber-paddles\/slalom\/canoe\/\">slal\u00e5mkano<\/a> idrettsut\u00f8vere og padleentusiaster.<\/span><\/h2>\n<h2><span style=\"font-size: 75%;\">Innovativ slal\u00e5mpaddel designet av en av de beste kanoslal\u00e5mut\u00f8verne i verden. <a href=\"https:\/\/gpowersport.com\/nb\/team\/\">Alexander Slafkovsk\u00fd<\/a> fra Slovakia. Ti ganger verdensmester i lag og individuell europamester. V\u00e5rt tilbud gj\u00f8r det enkelt \u00e5 finne den padlen som passer perfekt. Du kan velge mellom fem bladst\u00f8rrelser, tre typer stivhet p\u00e5 skaftet og mange varianter av h\u00e5ndtak. Vi gir deg muligheten til \u00e5 velge den perfekte <a href=\"https:\/\/gpowersport.com\/nb\/team\/\">padle\u00e5re til slal\u00e5mkano<\/a>.<\/span><\/h2>\n<h2><span style=\"font-size: 75%;\">METALLTIPS <a href=\"https:\/\/gpowersport.com\/nb\/carbon-fiber-paddles\/\">Karbonpadle<\/a> Bladene er tilgjengelige med en forsterkning i rustfritt st\u00e5l langs ytterkanten som beskytter bladet perfekt mot skader og st\u00f8t mot elvesteinene. De kraftige overflatene gj\u00f8r padlebladet mer slagfast.<\/span><\/h2>\n<h2><span style=\"font-size: 75%;\">Slal\u00e5mkano\u00a0<a href=\"https:\/\/gpowersport.com\/nb\/carbon-fiber-paddles\/\">padle\u00e5re i karbon-kevlar<\/a> gj\u00f8r deg sterkere og gir deg mer tilfredshet p\u00e5 hver trenings\u00f8kt. Kast aluminium- og pvc-konstruksjonen og l\u00f8ft resultatene dine til et h\u00f8yere niv\u00e5.\u00a0<\/span><\/h2>\n<h2><span style=\"font-size: 75%;\"><a href=\"https:\/\/www.facebook.com\/jessfox.canoeslalom\/\">Jesica Fox fra Australia<\/a>Den flerfoldige verdensmesteren, som har brukt G' Power-padlen i mange \u00e5r, har valgt Revolution Elite i st\u00f8rrelse \"S\" og et karbonh\u00e5ndtak for \u00e5 sikre at padlen t\u00e5ler selv de vanskeligste rennene.<\/span><\/h2>\n<h2><span style=\"font-size: 75%;\">Skap din perfekte <a href=\"https:\/\/gpowersport.com\/nb\/paddles-with-own-design\/\">personlig padle\u00e5re<\/a>!<\/span><\/h2>\n<p>&nbsp;<\/p>\n<table border=\"0\" width=\"100%\" cellspacing=\"1\" cellpadding=\"1\" align=\"center\">\n<tbody>\n<tr>\n<td width=\"20%\"><span style=\"font-size: 75%;\">St\u00f8rrelse<\/span><\/td>\n<td style=\"text-align: left;\" valign=\"middle\"><span style=\"font-size: 75%;\">XS<\/span><\/td>\n<td style=\"text-align: left;\"><span style=\"font-size: 75%;\">S<\/span><\/td>\n<td style=\"text-align: left;\"><span style=\"font-size: 75%;\">M<\/span><\/td>\n<td style=\"text-align: left;\"><span style=\"font-size: 75%;\">L<\/span><\/td>\n<td style=\"text-align: left;\"><span style=\"font-size: 75%;\">XL<\/span><\/td>\n<\/tr>\n<tr>\n<td><span style=\"font-size: 75%;\">Bladets areal<\/span><\/td>\n<td style=\"text-align: left;\"><span style=\"font-size: 75%; color: #282828;\">695 cm<sup>2<\/sup><\/span><\/td>\n<td style=\"text-align: left;\"><span style=\"font-size: 75%; color: #282828;\">737 cm<sup>2<\/sup><\/span><\/td>\n<td style=\"text-align: left;\"><span style=\"font-size: 75%; color: #282828;\">785 cm<sup>2<\/sup><\/span><\/td>\n<td style=\"text-align: left;\"><span style=\"font-size: 75%; color: #282828;\">795 cm<sup>2<\/sup><\/span><\/td>\n<td style=\"text-align: left;\"><span style=\"color: #282828;\"><span style=\"font-size: 10.8px;\">&#8211;<\/span><\/span><\/td>\n<\/tr>\n<tr>\n<td><span style=\"font-size: 75%;\">Bladets lengde<\/span><\/td>\n<td style=\"text-align: left;\"><span style=\"font-size: 75%;\">495 mm<\/span><\/td>\n<td style=\"text-align: left;\"><span style=\"font-size: 75%;\">505 mm<\/span><\/td>\n<td><span style=\"font-size: 75%;\">520 mm<\/span><\/td>\n<td><span style=\"font-size: 75%;\">520 mm<\/span><\/td>\n<td><span style=\"font-size: 75%;\">&#8211;<\/span><\/td>\n<\/tr>\n<tr>\n<td><span style=\"font-size: 75%;\">Bladbredde<\/span><\/td>\n<td><span style=\"font-size: 75%;\">193 mm<\/span><\/td>\n<td><span style=\"font-size: 75%;\">197 mm<\/span><\/td>\n<td><span style=\"font-size: 75%;\">200 mm<\/span><\/td>\n<td><span style=\"font-size: 75%;\">205 mm<\/span><\/td>\n<td><span style=\"font-size: 75%;\">&#8211;<\/span><\/td>\n<\/tr>\n<tr>\n<td><span style=\"font-size: 75%;\">Karboninnhold - blad\/aksel<\/span><\/td>\n<td><span style=\"font-size: 75%;\">60% \/ 100%<\/span><\/td>\n<td><span style=\"font-size: 75%;\">60% \/ 100%<\/span><\/td>\n<td><span style=\"font-size: 75%;\">60% \/ 100%<\/span><\/td>\n<td><span style=\"font-size: 75%;\">60% \/ 100%<\/span><\/td>\n<td><span style=\"font-size: 75%;\">&#8211;<\/span><\/td>\n<\/tr>\n<tr>\n<td><span style=\"font-size: 75%;\">Akseldiameter<\/span><\/td>\n<td><span style=\"font-size: 75%;\">28 mm<\/span><\/td>\n<td><span style=\"font-size: 75%;\">28 mm<\/span><\/td>\n<td><span style=\"font-size: 75%;\">28 mm<\/span><\/td>\n<td><span style=\"font-size: 75%;\">28 mm<\/span><\/td>\n<td><span style=\"font-size: 75%;\">&#8211;<\/span><\/td>\n<\/tr>\n<tr>\n<td><span style=\"font-size: 75%;\">Padlevekt med treh\u00e5ndtak<\/span><\/td>\n<td><span style=\"font-size: 75%;\">~ 470 g<\/span><\/td>\n<td><span style=\"font-size: 75%; color: #282828;\">~ 485 g<\/span><\/td>\n<td><span style=\"font-size: 75%; color: #282828;\">~ 500 g<\/span><\/td>\n<td><span style=\"font-size: 75%; color: #282828;\">~ 570 g<\/span><\/td>\n<td><span style=\"font-size: 75%; color: #282828;\">&#8211;<\/span><\/td>\n<\/tr>\n<tr>\n<td><span style=\"font-size: 75%;\">Metallspisser<\/span><\/td>\n<td><span style=\"font-size: 75%;\">ja<\/span><\/td>\n<td><span style=\"font-size: 75%;\">ja<\/span><\/td>\n<td><span style=\"font-size: 75%;\">ja<\/span><\/td>\n<td><span style=\"font-size: 75%;\">ja<\/span><\/td>\n<td><span style=\"font-size: 75%;\">ja<\/span><\/td>\n<\/tr>\n<\/tbody>\n<\/table>\n<p>&nbsp;<\/p>\n\t\n  \n    <div class=\"row large-columns-4 medium-columns-3 small-columns-2 row-small slider row-slider slider-nav-reveal slider-nav-push\"  data-flickity-options='{&quot;imagesLoaded&quot;: true, &quot;groupCells&quot;: &quot;100%&quot;, &quot;dragThreshold&quot; : 5, &quot;cellAlign&quot;: &quot;left&quot;,&quot;wrapAround&quot;: true,&quot;prevNextButtons&quot;: true,&quot;percentPosition&quot;: true,&quot;pageDots&quot;: false, &quot;rightToLeft&quot;: false, &quot;autoPlay&quot; : false}' >\n\n  \n\t     <\/div>\n\t<div id=\"gap-987926225\" class=\"gap-element clearfix\" style=\"display:block; height:auto;\">\n\t\t\n<style>\n#gap-987926225 {\n  padding-top: 50px;\n}\n<\/style>\n\t<\/div>\n\t\n<div class=\"row align-middle\"  id=\"row-1013303021\">\n\n\t<div id=\"col-800599502\" class=\"col medium-4 small-12 large-4\"  >\n\t\t\t\t<div class=\"col-inner\"  >\n\t\t\t\n\t\t\t\n\t<div class=\"img has-hover x md-x lg-x y md-y lg-y\" id=\"image_1259441386\">\n\t\t\t\t\t\t\t\t<div class=\"img-inner dark\" style=\"margin:-50px 0px 0px 0px;\">\n\t\t\t<img fetchpriority=\"high\" decoding=\"async\" width=\"1020\" height=\"680\" src=\"https:\/\/gpowersport.com\/wp-content\/uploads\/2020\/05\/qnecty-1200x800.jpg\" class=\"attachment-large size-large\" alt=\"\" srcset=\"https:\/\/gpowersport.com\/wp-content\/uploads\/2020\/05\/qnecty-1200x800.jpg 1200w, https:\/\/gpowersport.com\/wp-content\/uploads\/2020\/05\/qnecty-18x12.jpg 18w, https:\/\/gpowersport.com\/wp-content\/uploads\/2020\/05\/qnecty-600x400.jpg 600w, https:\/\/gpowersport.com\/wp-content\/uploads\/2020\/05\/qnecty-768x512.jpg 768w, https:\/\/gpowersport.com\/wp-content\/uploads\/2020\/05\/qnecty-1536x1024.jpg 1536w, https:\/\/gpowersport.com\/wp-content\/uploads\/2020\/05\/qnecty-1000x667.jpg 1000w, https:\/\/gpowersport.com\/wp-content\/uploads\/2020\/05\/qnecty-800x534.jpg 800w, https:\/\/gpowersport.com\/wp-content\/uploads\/2020\/05\/qnecty.jpg 1600w\" sizes=\"(max-width: 1020px) 100vw, 1020px\" \/>\t\t\t\t\t\t\n\t\t\t\t\t<\/div>\n\t\t\t\t\t\t\t\t\n<style>\n#image_1259441386 {\n  width: 100%;\n}\n<\/style>\n\t<\/div>\n\t\n\t\t<\/div>\n\t\t\t\t\t<\/div>\n\n\t\n\n\t<div id=\"col-1887400174\" class=\"col medium-8 small-12 large-8\"  >\n\t\t\t\t<div class=\"col-inner\"  >\n\t\t\t\n\t\t\t\n<p>V\u00e5re padle\u00e5rer er tilgjengelige med QNECT-justerbart system (aluminium eller kompositt). Dette gj\u00f8r det mulig \u00e5 justere den totale padlelengden (innenfor 10 cm) og bladvinkelen fra 0\u00b0 til 85\u00b0 til h\u00f8yre eller venstre i trinn p\u00e5 5\u00b0. QNECT-systemet gj\u00f8r det mulig \u00e5 stille inn din personlige bladvinkel og demontere padlen i to deler for enkel transport.<\/p>\n<p><strong>QNECT aluminium<\/strong> - laget av en spesiell type aluminium med katodisk beskyttelsesteknologi for \u00e5 forhindre korrosjon i saltvann; ideell for kano- og kajakkpadler p\u00e5 flatt vann i ferskvann. Overlegen stabilisering av h\u00e5ndtaket p\u00e5 kanopadler.<\/p>\n<p><strong>QNECT kompositt<\/strong> - Et solid komposittsystem, laget av et spesielt polyamidmateriale som er ekstremt motstandsdyktig mot slag og saltvann. Sv\u00e6rt enkelt \u00e5 bruke, med mulighet for \u00e5 korrigere trekket. Anbefales for alle padler, spesielt i saltvann.<\/p>\n<hr \/>\n<p><span style=\"font-size: 90%; color: #d83131;\"><img decoding=\"async\" class=\"wp-image-33383 alignleft\" src=\"http:\/\/gpowersport.com\/wp-content\/uploads\/2019\/10\/attention.png\" alt=\"\" width=\"46\" height=\"49\" srcset=\"https:\/\/gpowersport.com\/wp-content\/uploads\/2019\/10\/attention.png 100w, https:\/\/gpowersport.com\/wp-content\/uploads\/2019\/10\/attention-11x12.png 11w\" sizes=\"(max-width: 46px) 100vw, 46px\" \/><strong><span style=\"font-size: 75%;\">VIKTIG!<\/span><\/strong><\/span><strong><span style=\"font-size: 75%;\"> Husk \u00e5 rengj\u00f8re padle\u00e5ren og QNECT-systemet etter bruk i ferskvann. Hvis du bruker den i saltvann, m\u00e5 du gj\u00f8re det etter hver \u00f8kt. Padler som ikke har v\u00e6rt i bruk i mer enn to uker, b\u00f8r oppbevares demontert.<\/span><\/strong><\/p>\n\t\t<\/div>\n\t\t\t\t\t<\/div>\n\n\t\n<\/div>\n\t<div id=\"gap-708236719\" class=\"gap-element clearfix\" style=\"display:block; height:auto;\">\n\t\t\n<style>\n#gap-708236719 {\n  padding-top: 50px;\n}\n<\/style>\n\t<\/div>\n\t\n\n\t<section class=\"section\" id=\"section_340080473\">\n\t\t<div class=\"section-bg fill\" >\n\t\t\t\t\t\t\t\t\t<div class=\"loading-spin centered\"><\/div>\n\t\t\t\n\n\t\t<\/div>\n\n\t\t\n\n\t\t<div class=\"section-content relative\">\n\t\t\t\n<div class=\"row row-solid\"  id=\"row-1754746478\">\n\n\t<div id=\"col-1075180314\" class=\"col medium-4 small-12 large-4\"  >\n\t\t\t\t<div class=\"col-inner\"  >\n\t\t\t\n\t\t\t\n\n\t\t<div class=\"icon-box featured-box icon-box-center text-center\"  >\n\t\t\t\t\t<div class=\"icon-box-img\" style=\"width: 50px\">\n\t\t\t\t<div class=\"icon\">\n\t\t\t\t\t<div class=\"icon-inner\" >\n\t\t\t\t\t\t<img decoding=\"async\" width=\"128\" height=\"128\" src=\"https:\/\/gpowersport.com\/wp-content\/uploads\/2020\/09\/2703076-128-1-1.png\" class=\"attachment-medium size-medium\" alt=\"\" srcset=\"https:\/\/gpowersport.com\/wp-content\/uploads\/2020\/09\/2703076-128-1-1.png 128w, https:\/\/gpowersport.com\/wp-content\/uploads\/2020\/09\/2703076-128-1-1-12x12.png 12w, https:\/\/gpowersport.com\/wp-content\/uploads\/2020\/09\/2703076-128-1-1-120x120.png 120w, https:\/\/gpowersport.com\/wp-content\/uploads\/2020\/09\/2703076-128-1-1-100x100.png 100w\" sizes=\"(max-width: 128px) 100vw, 128px\" \/>\t\t\t\t\t<\/div>\n\t\t\t\t<\/div>\n\t\t\t<\/div>\n\t\t\t\t<div class=\"icon-box-text last-reset\">\n\t\t\t\t\t\t\t\t\t\n<p>&nbsp;<\/p>\n<h3>Gi tilbakemelding<\/h3>\n<p>Din mening er sv\u00e6rt viktig for oss. Takket v\u00e6re dette utvikler vi produktene v\u00e5re...<\/p>\n\t\t<\/div>\n\t<\/div>\n\t\n\t\n\t\t<\/div>\n\t\t\t\t\t<\/div>\n\n\t\n\n\t<div id=\"col-1438120498\" class=\"col medium-4 small-12 large-4\"  >\n\t\t\t\t<div class=\"col-inner\"  >\n\t\t\t\n\t\t\t\n\n\t\t<div class=\"icon-box featured-box icon-box-center text-center\"  >\n\t\t\t\t\t<div class=\"icon-box-img\" style=\"width: 50px\">\n\t\t\t\t<div class=\"icon\">\n\t\t\t\t\t<div class=\"icon-inner\" >\n\t\t\t\t\t\t<img loading=\"lazy\" decoding=\"async\" width=\"128\" height=\"128\" src=\"https:\/\/gpowersport.com\/wp-content\/uploads\/2020\/09\/5959201-128-1.png\" class=\"attachment-medium size-medium\" alt=\"\" srcset=\"https:\/\/gpowersport.com\/wp-content\/uploads\/2020\/09\/5959201-128-1.png 128w, https:\/\/gpowersport.com\/wp-content\/uploads\/2020\/09\/5959201-128-1-12x12.png 12w, https:\/\/gpowersport.com\/wp-content\/uploads\/2020\/09\/5959201-128-1-120x120.png 120w, https:\/\/gpowersport.com\/wp-content\/uploads\/2020\/09\/5959201-128-1-100x100.png 100w\" sizes=\"(max-width: 128px) 100vw, 128px\" \/>\t\t\t\t\t<\/div>\n\t\t\t\t<\/div>\n\t\t\t<\/div>\n\t\t\t\t<div class=\"icon-box-text last-reset\">\n\t\t\t\t\t\t\t\t\t\n<h3>Fra d\u00f8r til d\u00f8r<\/h3>\n<p>N\u00e5r du kj\u00f8per i butikken v\u00e5r, har du full garanti. Reklamasjoner h\u00e5ndteres direkte av produsenten. Raskt og enkelt.<\/p>\n\t\t<\/div>\n\t<\/div>\n\t\n\t\n\t\t<\/div>\n\t\t\t\t\t<\/div>\n\n\t\n\n<style>\n#row-1754746478 > .col > .col-inner {\n  padding: 20px 20px 20px 20px;\n}\n<\/style>\n<\/div>\n\t\t<\/div>\n\n\t\t\n<style>\n#section_340080473 {\n  padding-top: 30px;\n  padding-bottom: 30px;\n}\n<\/style>\n\t<\/section>","protected":false},"excerpt":{"rendered":"<p><span style=\"font-size: 100%;\"><span style=\"color: #00aae7;\">N\u00e5r du velger en standardtilkobling,<\/span> N\u00e5r du velger en standardtilkobling, m\u00e5 du ogs\u00e5 velge : Padlelengde, vridning og vinkel. I neste trinn kan du velge limt padle (du mottar padle klar til bruk) N\u00e5r du velger Qnect justerbart system, markerer du minimum lengde du \u00f8nsker og hopper over Twist og Angle. Qnect-systemet gir deg mulighet til \u00e5 endre lengden p\u00e5 padle\u00e5ren + 10 cm. Hvis du ikke er redd for verkt\u00f8y og har sans for \u00e5 gj\u00f8re det selv, krysser du av for NEI i den siste avkrysningsboksen.<\/span><\/p>","protected":false},"featured_media":32732,"comment_status":"open","ping_status":"closed","template":"","meta":[],"product_brand":[],"product_cat":[18,89,91],"product_tag":[],"class_list":{"0":"post-33479","1":"product","2":"type-product","3":"status-publish","4":"has-post-thumbnail","6":"product_cat-carbon-fiber-paddles","7":"product_cat-slalom","8":"product_cat-canoe","10":"first","11":"instock","12":"featured","13":"taxable","14":"shipping-taxable","15":"purchasable","16":"product-type-composite"},"yoast_head":"<!-- This site is optimized with the Yoast SEO Premium plugin v20.7 (Yoast SEO v27.1.1) - https:\/\/yoast.com\/product\/yoast-seo-premium-wordpress\/ -->\n<title>Slalom Carbon paddle - Revolution RACING\u00a0 - G&#039;Power - Slalom canoe paddles<\/title>\n<meta name=\"description\" content=\"A revolutionary paddle amongst carbon canoe paddles. Innovative slalom paddle designed with collaboration with Alexander Slafkovsk\u00fd (SVK).\" \/>\n<meta name=\"robots\" content=\"index, follow, max-snippet:-1, max-image-preview:large, max-video-preview:-1\" \/>\n<link rel=\"canonical\" href=\"https:\/\/gpowersport.com\/nb\/carbon-fiber-paddles\/slalom\/canoe\/canoe-paddle-revolution-racing\/\" \/>\n<meta property=\"og:locale\" content=\"nb_NO\" \/>\n<meta property=\"og:type\" content=\"article\" \/>\n<meta property=\"og:title\" content=\"Slalom Carbon paddle - Revolution RACING\u00a0\" \/>\n<meta property=\"og:description\" content=\"A revolutionary paddle amongst carbon canoe paddles. Innovative slalom paddle designed with collaboration with Alexander Slafkovsk\u00fd (SVK).\" \/>\n<meta property=\"og:url\" content=\"https:\/\/gpowersport.com\/nb\/carbon-fiber-paddles\/slalom\/canoe\/canoe-paddle-revolution-racing\/\" \/>\n<meta property=\"og:site_name\" content=\"G&#039;Power\" \/>\n<meta property=\"article:publisher\" content=\"https:\/\/www.facebook.com\/GpowerPaddles\" \/>\n<meta property=\"article:modified_time\" content=\"2026-02-26T20:45:13+00:00\" \/>\n<meta property=\"og:image\" content=\"https:\/\/gpowersport.com\/wp-content\/uploads\/2019\/07\/revo_start_1200-1.png\" \/>\n\t<meta property=\"og:image:width\" content=\"1200\" \/>\n\t<meta property=\"og:image:height\" content=\"218\" \/>\n\t<meta property=\"og:image:type\" content=\"image\/png\" \/>\n<meta name=\"twitter:card\" content=\"summary_large_image\" \/>\n<meta name=\"twitter:label1\" content=\"Ansl. lesetid\" \/>\n\t<meta name=\"twitter:data1\" content=\"3 minutter\" \/>\n<script type=\"application\/ld+json\" class=\"yoast-schema-graph\">{\"@context\":\"https:\/\/schema.org\",\"@graph\":[{\"@type\":[\"WebPage\",\"ItemPage\"],\"@id\":\"https:\/\/gpowersport.com\/carbon-fiber-paddles\/slalom\/canoe\/canoe-paddle-revolution-racing\/\",\"url\":\"https:\/\/gpowersport.com\/carbon-fiber-paddles\/slalom\/canoe\/canoe-paddle-revolution-racing\/\",\"name\":\"Slalom Carbon paddle - Revolution RACING\u00a0 - G&#039;Power - Slalom canoe paddles\",\"isPartOf\":{\"@id\":\"https:\/\/gpowersport.com\/pl\/#website\"},\"primaryImageOfPage\":{\"@id\":\"https:\/\/gpowersport.com\/carbon-fiber-paddles\/slalom\/canoe\/canoe-paddle-revolution-racing\/#primaryimage\"},\"image\":{\"@id\":\"https:\/\/gpowersport.com\/carbon-fiber-paddles\/slalom\/canoe\/canoe-paddle-revolution-racing\/#primaryimage\"},\"thumbnailUrl\":\"https:\/\/gpowersport.com\/wp-content\/uploads\/2019\/07\/revo_start_1200-1.png\",\"datePublished\":\"2019-11-20T07:14:41+00:00\",\"dateModified\":\"2026-02-26T20:45:13+00:00\",\"description\":\"A revolutionary paddle amongst carbon canoe paddles. Innovative slalom paddle designed with collaboration with Alexander Slafkovsk\u00fd (SVK).\",\"breadcrumb\":{\"@id\":\"https:\/\/gpowersport.com\/carbon-fiber-paddles\/slalom\/canoe\/canoe-paddle-revolution-racing\/#breadcrumb\"},\"inLanguage\":\"nb-NO\",\"potentialAction\":[{\"@type\":\"ReadAction\",\"target\":[\"https:\/\/gpowersport.com\/carbon-fiber-paddles\/slalom\/canoe\/canoe-paddle-revolution-racing\/\"]}]},{\"@type\":\"ImageObject\",\"inLanguage\":\"nb-NO\",\"@id\":\"https:\/\/gpowersport.com\/carbon-fiber-paddles\/slalom\/canoe\/canoe-paddle-revolution-racing\/#primaryimage\",\"url\":\"https:\/\/gpowersport.com\/wp-content\/uploads\/2019\/07\/revo_start_1200-1.png\",\"contentUrl\":\"https:\/\/gpowersport.com\/wp-content\/uploads\/2019\/07\/revo_start_1200-1.png\",\"width\":1200,\"height\":218,\"caption\":\"Canoe paddle - Revolution RACING\"},{\"@type\":\"BreadcrumbList\",\"@id\":\"https:\/\/gpowersport.com\/carbon-fiber-paddles\/slalom\/canoe\/canoe-paddle-revolution-racing\/#breadcrumb\",\"itemListElement\":[{\"@type\":\"ListItem\",\"position\":1,\"name\":\"Home\",\"item\":\"https:\/\/gpowersport.com\/\"},{\"@type\":\"ListItem\",\"position\":2,\"name\":\"Shop\",\"item\":\"https:\/\/gpowersport.com\/carbon-fiber-paddles\/\"},{\"@type\":\"ListItem\",\"position\":3,\"name\":\"Carbon Fiber Paddles\",\"item\":\"https:\/\/gpowersport.com\/pl\/carbon-fiber-paddles\/\"},{\"@type\":\"ListItem\",\"position\":4,\"name\":\"Slalom Paddles\",\"item\":\"https:\/\/gpowersport.com\/carbon-fiber-paddles\/slalom\/\"},{\"@type\":\"ListItem\",\"position\":5,\"name\":\"Slalom Canoe Paddles\",\"item\":\"https:\/\/gpowersport.com\/carbon-fiber-paddles\/slalom\/canoe\/\"},{\"@type\":\"ListItem\",\"position\":6,\"name\":\"Slalom Carbon paddle &#8211; Revolution RACING\u00a0\"}]},{\"@type\":\"WebSite\",\"@id\":\"https:\/\/gpowersport.com\/pl\/#website\",\"url\":\"https:\/\/gpowersport.com\/pl\/\",\"name\":\"G'Power carbon paddles\",\"description\":\"\",\"publisher\":{\"@id\":\"https:\/\/gpowersport.com\/pl\/#organization\"},\"potentialAction\":[{\"@type\":\"SearchAction\",\"target\":{\"@type\":\"EntryPoint\",\"urlTemplate\":\"https:\/\/gpowersport.com\/pl\/?s={search_term_string}\"},\"query-input\":{\"@type\":\"PropertyValueSpecification\",\"valueRequired\":true,\"valueName\":\"search_term_string\"}}],\"inLanguage\":\"nb-NO\"},{\"@type\":\"Organization\",\"@id\":\"https:\/\/gpowersport.com\/pl\/#organization\",\"name\":\"G'power carbon paddles\",\"url\":\"https:\/\/gpowersport.com\/pl\/\",\"logo\":{\"@type\":\"ImageObject\",\"inLanguage\":\"nb-NO\",\"@id\":\"https:\/\/gpowersport.com\/pl\/#\/schema\/logo\/image\/\",\"url\":\"https:\/\/gpowersport.com\/wp-content\/uploads\/2020\/03\/gpower-logo.png\",\"contentUrl\":\"https:\/\/gpowersport.com\/wp-content\/uploads\/2020\/03\/gpower-logo.png\",\"width\":140,\"height\":30,\"caption\":\"G'power carbon paddles\"},\"image\":{\"@id\":\"https:\/\/gpowersport.com\/pl\/#\/schema\/logo\/image\/\"},\"sameAs\":[\"https:\/\/www.facebook.com\/GpowerPaddles\",\"https:\/\/www.instagram.com\/gpowerpaddles\/\"]}]}<\/script>\n<!-- \/ Yoast SEO Premium plugin. -->","yoast_head_json":{"title":"Slal\u00e5mpaddel i karbon - Revolution RACING - G&#039;Power - Slal\u00e5mpadler i kano","description":"En revolusjonerende padle blant kanopadlene i karbon. Innovativ slal\u00e5mpaddel designet i samarbeid med Alexander Slafkovsk\u00fd (SVK).","robots":{"index":"index","follow":"follow","max-snippet":"max-snippet:-1","max-image-preview":"max-image-preview:large","max-video-preview":"max-video-preview:-1"},"canonical":"https:\/\/gpowersport.com\/nb\/carbon-fiber-paddles\/slalom\/canoe\/canoe-paddle-revolution-racing\/","og_locale":"nb_NO","og_type":"article","og_title":"Slalom Carbon paddle - Revolution RACING\u00a0","og_description":"A revolutionary paddle amongst carbon canoe paddles. Innovative slalom paddle designed with collaboration with Alexander Slafkovsk\u00fd (SVK).","og_url":"https:\/\/gpowersport.com\/nb\/carbon-fiber-paddles\/slalom\/canoe\/canoe-paddle-revolution-racing\/","og_site_name":"G&#039;Power","article_publisher":"https:\/\/www.facebook.com\/GpowerPaddles","article_modified_time":"2026-02-26T20:45:13+00:00","og_image":[{"width":1200,"height":218,"url":"https:\/\/gpowersport.com\/wp-content\/uploads\/2019\/07\/revo_start_1200-1.png","type":"image\/png"}],"twitter_card":"summary_large_image","twitter_misc":{"Ansl. lesetid":"3 minutter"},"schema":{"@context":"https:\/\/schema.org","@graph":[{"@type":["WebPage","ItemPage"],"@id":"https:\/\/gpowersport.com\/carbon-fiber-paddles\/slalom\/canoe\/canoe-paddle-revolution-racing\/","url":"https:\/\/gpowersport.com\/carbon-fiber-paddles\/slalom\/canoe\/canoe-paddle-revolution-racing\/","name":"Slal\u00e5mpaddel i karbon - Revolution RACING - G&#039;Power - Slal\u00e5mpadler i kano","isPartOf":{"@id":"https:\/\/gpowersport.com\/pl\/#website"},"primaryImageOfPage":{"@id":"https:\/\/gpowersport.com\/carbon-fiber-paddles\/slalom\/canoe\/canoe-paddle-revolution-racing\/#primaryimage"},"image":{"@id":"https:\/\/gpowersport.com\/carbon-fiber-paddles\/slalom\/canoe\/canoe-paddle-revolution-racing\/#primaryimage"},"thumbnailUrl":"https:\/\/gpowersport.com\/wp-content\/uploads\/2019\/07\/revo_start_1200-1.png","datePublished":"2019-11-20T07:14:41+00:00","dateModified":"2026-02-26T20:45:13+00:00","description":"En revolusjonerende padle blant kanopadlene i karbon. Innovativ slal\u00e5mpaddel designet i samarbeid med Alexander Slafkovsk\u00fd (SVK).","breadcrumb":{"@id":"https:\/\/gpowersport.com\/carbon-fiber-paddles\/slalom\/canoe\/canoe-paddle-revolution-racing\/#breadcrumb"},"inLanguage":"nb-NO","potentialAction":[{"@type":"ReadAction","target":["https:\/\/gpowersport.com\/carbon-fiber-paddles\/slalom\/canoe\/canoe-paddle-revolution-racing\/"]}]},{"@type":"ImageObject","inLanguage":"nb-NO","@id":"https:\/\/gpowersport.com\/carbon-fiber-paddles\/slalom\/canoe\/canoe-paddle-revolution-racing\/#primaryimage","url":"https:\/\/gpowersport.com\/wp-content\/uploads\/2019\/07\/revo_start_1200-1.png","contentUrl":"https:\/\/gpowersport.com\/wp-content\/uploads\/2019\/07\/revo_start_1200-1.png","width":1200,"height":218,"caption":"Canoe paddle - Revolution RACING"},{"@type":"BreadcrumbList","@id":"https:\/\/gpowersport.com\/carbon-fiber-paddles\/slalom\/canoe\/canoe-paddle-revolution-racing\/#breadcrumb","itemListElement":[{"@type":"ListItem","position":1,"name":"Home","item":"https:\/\/gpowersport.com\/"},{"@type":"ListItem","position":2,"name":"Shop","item":"https:\/\/gpowersport.com\/carbon-fiber-paddles\/"},{"@type":"ListItem","position":3,"name":"Carbon Fiber Paddles","item":"https:\/\/gpowersport.com\/pl\/carbon-fiber-paddles\/"},{"@type":"ListItem","position":4,"name":"Slalom Paddles","item":"https:\/\/gpowersport.com\/carbon-fiber-paddles\/slalom\/"},{"@type":"ListItem","position":5,"name":"Slalom Canoe Paddles","item":"https:\/\/gpowersport.com\/carbon-fiber-paddles\/slalom\/canoe\/"},{"@type":"ListItem","position":6,"name":"Slalom Carbon paddle &#8211; Revolution RACING\u00a0"}]},{"@type":"WebSite","@id":"https:\/\/gpowersport.com\/pl\/#website","url":"https:\/\/gpowersport.com\/pl\/","name":"G'Power karbonpadler","description":"","publisher":{"@id":"https:\/\/gpowersport.com\/pl\/#organization"},"potentialAction":[{"@type":"SearchAction","target":{"@type":"EntryPoint","urlTemplate":"https:\/\/gpowersport.com\/pl\/?s={search_term_string}"},"query-input":{"@type":"PropertyValueSpecification","valueRequired":true,"valueName":"search_term_string"}}],"inLanguage":"nb-NO"},{"@type":"Organization","@id":"https:\/\/gpowersport.com\/pl\/#organization","name":"G'power karbonpadler","url":"https:\/\/gpowersport.com\/pl\/","logo":{"@type":"ImageObject","inLanguage":"nb-NO","@id":"https:\/\/gpowersport.com\/pl\/#\/schema\/logo\/image\/","url":"https:\/\/gpowersport.com\/wp-content\/uploads\/2020\/03\/gpower-logo.png","contentUrl":"https:\/\/gpowersport.com\/wp-content\/uploads\/2020\/03\/gpower-logo.png","width":140,"height":30,"caption":"G'power carbon paddles"},"image":{"@id":"https:\/\/gpowersport.com\/pl\/#\/schema\/logo\/image\/"},"sameAs":["https:\/\/www.facebook.com\/GpowerPaddles","https:\/\/www.instagram.com\/gpowerpaddles\/"]}]}},"_links":{"self":[{"href":"https:\/\/gpowersport.com\/nb\/wp-json\/wp\/v2\/product\/33479","targetHints":{"allow":["GET"]}}],"collection":[{"href":"https:\/\/gpowersport.com\/nb\/wp-json\/wp\/v2\/product"}],"about":[{"href":"https:\/\/gpowersport.com\/nb\/wp-json\/wp\/v2\/types\/product"}],"replies":[{"embeddable":true,"href":"https:\/\/gpowersport.com\/nb\/wp-json\/wp\/v2\/comments?post=33479"}],"wp:featuredmedia":[{"embeddable":true,"href":"https:\/\/gpowersport.com\/nb\/wp-json\/wp\/v2\/media\/32732"}],"wp:attachment":[{"href":"https:\/\/gpowersport.com\/nb\/wp-json\/wp\/v2\/media?parent=33479"}],"wp:term":[{"taxonomy":"product_brand","embeddable":true,"href":"https:\/\/gpowersport.com\/nb\/wp-json\/wp\/v2\/product_brand?post=33479"},{"taxonomy":"product_cat","embeddable":true,"href":"https:\/\/gpowersport.com\/nb\/wp-json\/wp\/v2\/product_cat?post=33479"},{"taxonomy":"product_tag","embeddable":true,"href":"https:\/\/gpowersport.com\/nb\/wp-json\/wp\/v2\/product_tag?post=33479"}],"curies":[{"name":"wp","href":"https:\/\/api.w.org\/{rel}","templated":true}]}}