{"id":33346,"date":"2019-10-23T04:48:24","date_gmt":"2019-10-23T04:48:24","guid":{"rendered":"https:\/\/gpowersport.com\/uncategorized\/qnect-sytem-falcon-baltic\/"},"modified":"2026-04-19T08:59:26","modified_gmt":"2026-04-19T08:59:26","slug":"qnect-sytem-falcon-baltic","status":"publish","type":"product","link":"https:\/\/gpowersport.com\/pl\/accesories\/qnect-sytem-falcon-baltic\/","title":{"rendered":"Qnect \u015aruba aluminiowa 29 mm"},"content":{"rendered":"<p>System dedykowany \u0142odziom Dragon i Outrigger.<br \/>\nSolidne mocowanie i stabilizacja uchwytu.<br \/>\nMo\u017cliwo\u015b\u0107 regulacji d\u0142ugo\u015bci uchwytu,<br \/>\nW zestawie z kluczem imbusowym.<\/p>\n<p>Dopasowa\u0107 do wa\u0142u o \u015brednicy:<br \/>\nNa zewn\u0105trz - 29 mm<br \/>\nW - 27 mm<\/p>","protected":false},"excerpt":{"rendered":"<p>System dedicated to Dragon boats and Outrigger. Solid fixing and stabilizing the handle. The possibility of adjusting the length of the handle, Included with the Allen key. Fit to the shaft with diameter: Out &#8211; 29 mm In &#8211; 27 mm<\/p>","protected":false},"featured_media":35252,"comment_status":"closed","ping_status":"closed","template":"","meta":[],"product_brand":[],"product_cat":[108,111],"product_tag":[],"class_list":{"0":"post-33346","1":"product","2":"type-product","3":"status-publish","4":"has-post-thumbnail","6":"product_cat-accesories","7":"product_cat-systems","9":"first","10":"onbackorder","11":"taxable","12":"shipping-taxable","13":"purchasable","14":"product-type-simple"},"yoast_head":"<!-- This site is optimized with the Yoast SEO Premium plugin v20.7 (Yoast SEO v27.1.1) - https:\/\/yoast.com\/product\/yoast-seo-premium-wordpress\/ -->\n<title>Qnect Aluminum screw 29 mm - G&#039;Power<\/title>\n<meta name=\"robots\" content=\"index, follow, max-snippet:-1, max-image-preview:large, max-video-preview:-1\" \/>\n<link rel=\"canonical\" href=\"https:\/\/gpowersport.com\/pl\/accesories\/qnect-sytem-falcon-baltic\/\" \/>\n<meta property=\"og:locale\" content=\"pl_PL\" \/>\n<meta property=\"og:type\" content=\"article\" \/>\n<meta property=\"og:title\" content=\"Qnect Aluminum screw 29 mm\" \/>\n<meta property=\"og:description\" content=\"System dedicated to Dragon boats and Outrigger. Solid fixing and stabilizing the handle. The possibility of adjusting the length of the handle, Included with the Allen key. Fit to the shaft with diameter: Out &#8211; 29 mm In &#8211; 27 mm\" \/>\n<meta property=\"og:url\" content=\"https:\/\/gpowersport.com\/pl\/accesories\/qnect-sytem-falcon-baltic\/\" \/>\n<meta property=\"og:site_name\" content=\"G&#039;Power\" \/>\n<meta property=\"article:publisher\" content=\"https:\/\/www.facebook.com\/GpowerPaddles\" \/>\n<meta property=\"article:modified_time\" content=\"2026-04-19T08:59:26+00:00\" \/>\n<meta property=\"og:image\" content=\"https:\/\/gpowersport.com\/wp-content\/uploads\/2019\/10\/aluminium_screw_start.png\" \/>\n\t<meta property=\"og:image:width\" content=\"1200\" \/>\n\t<meta property=\"og:image:height\" content=\"218\" \/>\n\t<meta property=\"og:image:type\" content=\"image\/png\" \/>\n<meta name=\"twitter:card\" content=\"summary_large_image\" \/>\n<meta name=\"twitter:label1\" content=\"Szacowany czas czytania\" \/>\n\t<meta name=\"twitter:data1\" content=\"1 minuta\" \/>\n<script type=\"application\/ld+json\" class=\"yoast-schema-graph\">{\"@context\":\"https:\/\/schema.org\",\"@graph\":[{\"@type\":[\"WebPage\",\"ItemPage\"],\"@id\":\"https:\/\/gpowersport.com\/accesories\/qnect-sytem-falcon-baltic\/\",\"url\":\"https:\/\/gpowersport.com\/accesories\/qnect-sytem-falcon-baltic\/\",\"name\":\"Qnect Aluminum screw 29 mm - G&#039;Power\",\"isPartOf\":{\"@id\":\"https:\/\/gpowersport.com\/pl\/#website\"},\"primaryImageOfPage\":{\"@id\":\"https:\/\/gpowersport.com\/accesories\/qnect-sytem-falcon-baltic\/#primaryimage\"},\"image\":{\"@id\":\"https:\/\/gpowersport.com\/accesories\/qnect-sytem-falcon-baltic\/#primaryimage\"},\"thumbnailUrl\":\"https:\/\/gpowersport.com\/wp-content\/uploads\/2019\/10\/aluminium_screw_start.png\",\"datePublished\":\"2019-10-23T04:48:24+00:00\",\"dateModified\":\"2026-04-19T08:59:26+00:00\",\"breadcrumb\":{\"@id\":\"https:\/\/gpowersport.com\/accesories\/qnect-sytem-falcon-baltic\/#breadcrumb\"},\"inLanguage\":\"pl-PL\",\"potentialAction\":[{\"@type\":\"ReadAction\",\"target\":[\"https:\/\/gpowersport.com\/accesories\/qnect-sytem-falcon-baltic\/\"]}]},{\"@type\":\"ImageObject\",\"inLanguage\":\"pl-PL\",\"@id\":\"https:\/\/gpowersport.com\/accesories\/qnect-sytem-falcon-baltic\/#primaryimage\",\"url\":\"https:\/\/gpowersport.com\/wp-content\/uploads\/2019\/10\/aluminium_screw_start.png\",\"contentUrl\":\"https:\/\/gpowersport.com\/wp-content\/uploads\/2019\/10\/aluminium_screw_start.png\",\"width\":1200,\"height\":218},{\"@type\":\"BreadcrumbList\",\"@id\":\"https:\/\/gpowersport.com\/accesories\/qnect-sytem-falcon-baltic\/#breadcrumb\",\"itemListElement\":[{\"@type\":\"ListItem\",\"position\":1,\"name\":\"Home\",\"item\":\"https:\/\/gpowersport.com\/\"},{\"@type\":\"ListItem\",\"position\":2,\"name\":\"Shop\",\"item\":\"https:\/\/gpowersport.com\/carbon-fiber-paddles\/\"},{\"@type\":\"ListItem\",\"position\":3,\"name\":\"Accesories\",\"item\":\"https:\/\/gpowersport.com\/pl\/accesories\/\"},{\"@type\":\"ListItem\",\"position\":4,\"name\":\"Qnect Aluminum screw 29 mm\"}]},{\"@type\":\"WebSite\",\"@id\":\"https:\/\/gpowersport.com\/pl\/#website\",\"url\":\"https:\/\/gpowersport.com\/pl\/\",\"name\":\"G'Power carbon paddles\",\"description\":\"\",\"publisher\":{\"@id\":\"https:\/\/gpowersport.com\/pl\/#organization\"},\"potentialAction\":[{\"@type\":\"SearchAction\",\"target\":{\"@type\":\"EntryPoint\",\"urlTemplate\":\"https:\/\/gpowersport.com\/pl\/?s={search_term_string}\"},\"query-input\":{\"@type\":\"PropertyValueSpecification\",\"valueRequired\":true,\"valueName\":\"search_term_string\"}}],\"inLanguage\":\"pl-PL\"},{\"@type\":\"Organization\",\"@id\":\"https:\/\/gpowersport.com\/pl\/#organization\",\"name\":\"G'power carbon paddles\",\"url\":\"https:\/\/gpowersport.com\/pl\/\",\"logo\":{\"@type\":\"ImageObject\",\"inLanguage\":\"pl-PL\",\"@id\":\"https:\/\/gpowersport.com\/pl\/#\/schema\/logo\/image\/\",\"url\":\"https:\/\/gpowersport.com\/wp-content\/uploads\/2020\/03\/gpower-logo.png\",\"contentUrl\":\"https:\/\/gpowersport.com\/wp-content\/uploads\/2020\/03\/gpower-logo.png\",\"width\":140,\"height\":30,\"caption\":\"G'power carbon paddles\"},\"image\":{\"@id\":\"https:\/\/gpowersport.com\/pl\/#\/schema\/logo\/image\/\"},\"sameAs\":[\"https:\/\/www.facebook.com\/GpowerPaddles\",\"https:\/\/www.instagram.com\/gpowerpaddles\/\"]}]}<\/script>\n<!-- \/ Yoast SEO Premium plugin. -->","yoast_head_json":{"title":"Qnect Aluminum screw 29 mm - G&#039;Power","robots":{"index":"index","follow":"follow","max-snippet":"max-snippet:-1","max-image-preview":"max-image-preview:large","max-video-preview":"max-video-preview:-1"},"canonical":"https:\/\/gpowersport.com\/pl\/accesories\/qnect-sytem-falcon-baltic\/","og_locale":"pl_PL","og_type":"article","og_title":"Qnect Aluminum screw 29 mm","og_description":"System dedicated to Dragon boats and Outrigger. Solid fixing and stabilizing the handle. The possibility of adjusting the length of the handle, Included with the Allen key. Fit to the shaft with diameter: Out &#8211; 29 mm In &#8211; 27 mm","og_url":"https:\/\/gpowersport.com\/pl\/accesories\/qnect-sytem-falcon-baltic\/","og_site_name":"G&#039;Power","article_publisher":"https:\/\/www.facebook.com\/GpowerPaddles","article_modified_time":"2026-04-19T08:59:26+00:00","og_image":[{"width":1200,"height":218,"url":"https:\/\/gpowersport.com\/wp-content\/uploads\/2019\/10\/aluminium_screw_start.png","type":"image\/png"}],"twitter_card":"summary_large_image","twitter_misc":{"Szacowany czas czytania":"1 minuta"},"schema":{"@context":"https:\/\/schema.org","@graph":[{"@type":["WebPage","ItemPage"],"@id":"https:\/\/gpowersport.com\/accesories\/qnect-sytem-falcon-baltic\/","url":"https:\/\/gpowersport.com\/accesories\/qnect-sytem-falcon-baltic\/","name":"Qnect Aluminum screw 29 mm - G&#039;Power","isPartOf":{"@id":"https:\/\/gpowersport.com\/pl\/#website"},"primaryImageOfPage":{"@id":"https:\/\/gpowersport.com\/accesories\/qnect-sytem-falcon-baltic\/#primaryimage"},"image":{"@id":"https:\/\/gpowersport.com\/accesories\/qnect-sytem-falcon-baltic\/#primaryimage"},"thumbnailUrl":"https:\/\/gpowersport.com\/wp-content\/uploads\/2019\/10\/aluminium_screw_start.png","datePublished":"2019-10-23T04:48:24+00:00","dateModified":"2026-04-19T08:59:26+00:00","breadcrumb":{"@id":"https:\/\/gpowersport.com\/accesories\/qnect-sytem-falcon-baltic\/#breadcrumb"},"inLanguage":"pl-PL","potentialAction":[{"@type":"ReadAction","target":["https:\/\/gpowersport.com\/accesories\/qnect-sytem-falcon-baltic\/"]}]},{"@type":"ImageObject","inLanguage":"pl-PL","@id":"https:\/\/gpowersport.com\/accesories\/qnect-sytem-falcon-baltic\/#primaryimage","url":"https:\/\/gpowersport.com\/wp-content\/uploads\/2019\/10\/aluminium_screw_start.png","contentUrl":"https:\/\/gpowersport.com\/wp-content\/uploads\/2019\/10\/aluminium_screw_start.png","width":1200,"height":218},{"@type":"BreadcrumbList","@id":"https:\/\/gpowersport.com\/accesories\/qnect-sytem-falcon-baltic\/#breadcrumb","itemListElement":[{"@type":"ListItem","position":1,"name":"Home","item":"https:\/\/gpowersport.com\/"},{"@type":"ListItem","position":2,"name":"Shop","item":"https:\/\/gpowersport.com\/carbon-fiber-paddles\/"},{"@type":"ListItem","position":3,"name":"Accesories","item":"https:\/\/gpowersport.com\/pl\/accesories\/"},{"@type":"ListItem","position":4,"name":"Qnect Aluminum screw 29 mm"}]},{"@type":"WebSite","@id":"https:\/\/gpowersport.com\/pl\/#website","url":"https:\/\/gpowersport.com\/pl\/","name":"G'Power carbon paddles","description":"","publisher":{"@id":"https:\/\/gpowersport.com\/pl\/#organization"},"potentialAction":[{"@type":"SearchAction","target":{"@type":"EntryPoint","urlTemplate":"https:\/\/gpowersport.com\/pl\/?s={search_term_string}"},"query-input":{"@type":"PropertyValueSpecification","valueRequired":true,"valueName":"search_term_string"}}],"inLanguage":"pl-PL"},{"@type":"Organization","@id":"https:\/\/gpowersport.com\/pl\/#organization","name":"G'power carbon paddles","url":"https:\/\/gpowersport.com\/pl\/","logo":{"@type":"ImageObject","inLanguage":"pl-PL","@id":"https:\/\/gpowersport.com\/pl\/#\/schema\/logo\/image\/","url":"https:\/\/gpowersport.com\/wp-content\/uploads\/2020\/03\/gpower-logo.png","contentUrl":"https:\/\/gpowersport.com\/wp-content\/uploads\/2020\/03\/gpower-logo.png","width":140,"height":30,"caption":"G'power carbon paddles"},"image":{"@id":"https:\/\/gpowersport.com\/pl\/#\/schema\/logo\/image\/"},"sameAs":["https:\/\/www.facebook.com\/GpowerPaddles","https:\/\/www.instagram.com\/gpowerpaddles\/"]}]}},"_links":{"self":[{"href":"https:\/\/gpowersport.com\/pl\/wp-json\/wp\/v2\/product\/33346","targetHints":{"allow":["GET"]}}],"collection":[{"href":"https:\/\/gpowersport.com\/pl\/wp-json\/wp\/v2\/product"}],"about":[{"href":"https:\/\/gpowersport.com\/pl\/wp-json\/wp\/v2\/types\/product"}],"replies":[{"embeddable":true,"href":"https:\/\/gpowersport.com\/pl\/wp-json\/wp\/v2\/comments?post=33346"}],"wp:featuredmedia":[{"embeddable":true,"href":"https:\/\/gpowersport.com\/pl\/wp-json\/wp\/v2\/media\/35252"}],"wp:attachment":[{"href":"https:\/\/gpowersport.com\/pl\/wp-json\/wp\/v2\/media?parent=33346"}],"wp:term":[{"taxonomy":"product_brand","embeddable":true,"href":"https:\/\/gpowersport.com\/pl\/wp-json\/wp\/v2\/product_brand?post=33346"},{"taxonomy":"product_cat","embeddable":true,"href":"https:\/\/gpowersport.com\/pl\/wp-json\/wp\/v2\/product_cat?post=33346"},{"taxonomy":"product_tag","embeddable":true,"href":"https:\/\/gpowersport.com\/pl\/wp-json\/wp\/v2\/product_tag?post=33346"}],"curies":[{"name":"wp","href":"https:\/\/api.w.org\/{rel}","templated":true}]}}