{"id":35345,"date":"2020-08-05T10:01:22","date_gmt":"2020-08-05T10:01:22","guid":{"rendered":"https:\/\/gpowersport.com\/?post_type=product&#038;p=35345"},"modified":"2023-11-23T15:29:41","modified_gmt":"2023-11-23T15:29:41","slug":"stand-up-paddles-warrior-club-2p","status":"publish","type":"product","link":"https:\/\/gpowersport.com\/pl\/carbon-fiber-paddles\/sup-paddle\/stand-up-paddles-warrior-club-2p\/","title":{"rendered":"Wios\u0142a do stania - Warrior Club 2p"},"content":{"rendered":"<h1><span style=\"font-size: 75%;\">Wios\u0142a do stania - Warrior Club 2p<\/span><\/h1>\n<h2><span style=\"font-size: 75%;\">Wios\u0142a do stania - Klub Wojownika 2p -. <a href=\"https:\/\/gpowersport.com\/pl\/carbon-fiber-paddles\/sup-paddle\/\">CARBON STAND UP PADDLE<\/a>\u00a0z systemem regulacji. 40% Carbon konstrukcja i innowacyjny kszta\u0142t wios\u0142a przeniesie Ci\u0119 na dobry sportowy poziom. System dren\u00f3w na powierzchni wios\u0142a usztywnia j\u0105 i daje dodatkow\u0105 moc podczas ka\u017cdego poci\u0105gni\u0119cia. Tutaj mo\u017cesz dopasowa\u0107 wios\u0142o pod swoje preferencje. Do wyboru s\u0105 3 rozmiary wiose\u0142. Wios\u0142o jest idealne na pocz\u0105tek przygody z\u00a0<a href=\"https:\/\/gpowersport.com\/pl\/sup-boards\/\" target=\"_blank\" rel=\"noopener noreferrer\">deska SUP<\/a>.  Chcia\u0142by\u015b by\u0107 wyj\u0105tkowy i pokaza\u0107 co\u015b szczeg\u00f3lnego?<\/span><br \/>\n<span style=\"font-size: 75%;\">Naci\u015bnij przycisk\u00a0<a href=\"https:\/\/gpowersport.com\/pl\/paddles-with-own-design\/\">\"projekt w\u0142asny\"<\/a>.\u00a0<a href=\"https:\/\/www.facebook.com\/GpowerPaddles\/\" target=\"_blank\" rel=\"noopener noreferrer\">Znajd\u017a sw\u00f3j projekt<\/a>. <strong>Regulowany system Qnect daje mo\u017cliwo\u015b\u0107 zmiany d\u0142ugo\u015bci w zakresie od 175 do 215 cm.<br \/>\n<\/strong><\/span><\/h2>\n\t<div id=\"gap-463619758\" class=\"gap-element clearfix\" style=\"display:block; height:auto;\">\n\t\t\n<style>\n#gap-463619758 {\n  padding-top: 62px;\n}\n<\/style>\n\t<\/div>\n\t\n<div class=\"row\"  id=\"row-241326652\">\n\n\t<div id=\"col-362657094\" class=\"col medium-3 small-6 large-3\"  >\n\t\t\t\t<div class=\"col-inner\"  >\n\t\t\t\n\t\t\t\n<p><strong>Rozmiar S<\/strong><\/p>\n<p><strong>Powierzchnia pi\u00f3ra:<\/strong> 510 cm2 \/ 79 inch2<br \/>\n<strong>D\u0142ugo\u015b\u0107 pi\u00f3ra:<\/strong> 400 mm<br \/>\n<strong>Szeroko\u015b\u0107 pi\u00f3ra<\/strong>: 155 mm<br \/>\n<strong>Zawarto\u015b\u0107 carbonu<\/strong> - pi\u00f3ro 40%<br \/>\n<strong>\u015arednica dr\u0105\u017cka<\/strong> 28 mm<br \/>\n<strong>Waga wios\u0142a<\/strong> ~ g<br \/>\n<strong>Metalowe ko\u0144c\u00f3wki<\/strong> - nie<\/p>\n\t\t<\/div>\n\t\t\t\t\t<\/div>\n\n\t\n\n\t<div id=\"col-373506904\" class=\"col medium-3 small-6 large-3\"  >\n\t\t\t\t<div class=\"col-inner\"  >\n\t\t\t\n\t\t\t\n<p><strong>Rozmiar M<\/strong><\/p>\n<p><strong>Powierzchnia pi\u00f3ra:<\/strong> 556 cm2 \/ 86,1 cala2<br \/>\n<strong>D\u0142ugo\u015b\u0107 pi\u00f3ra:<\/strong> 440 mm<br \/>\n<strong>Szeroko\u015b\u0107 pi\u00f3ra:<\/strong> 164 mm<br \/>\n<strong>Zawarto\u015b\u0107 carbonu<\/strong> - pi\u00f3ro 40%<br \/>\n<strong>\u015arednica dr\u0105\u017cka<\/strong> 28 mm<br \/>\n<strong>Waga wios\u0142a<\/strong> ~ g<br \/>\n<strong>Metalowe ko\u0144c\u00f3wki<\/strong> - nie<\/p>\n\t\t<\/div>\n\t\t\t\t\t<\/div>\n\n\t\n\n\t<div id=\"col-929727074\" class=\"col medium-3 small-6 large-3\"  >\n\t\t\t\t<div class=\"col-inner\"  >\n\t\t\t\n\t\t\t\n<p><strong>Rozmiar L<\/strong><\/p>\n<p><strong>Powierzchnia pi\u00f3ra:<\/strong> 597 cm2 \/ 92,5 cala2<br \/>\n<strong>D\u0142ugo\u015b\u0107 pi\u00f3ra:<\/strong> 445 mm<br \/>\n<strong>Szeroko\u015b\u0107 pi\u00f3ra:<\/strong> 174 mm<br \/>\n<strong>Zawarto\u015b\u0107 carbonu<\/strong> - pi\u00f3ro 40%<br \/>\n<strong>\u015arednica dr\u0105\u017cka<\/strong> 28 mm<br \/>\n<strong>Waga wios\u0142a<\/strong> ~ g<br \/>\n<strong>Metalowe ko\u0144c\u00f3wki<\/strong> - nie<\/p>\n\t\t<\/div>\n\t\t\t\t\t<\/div>\n\n\t\n<\/div>\n\t<div id=\"gap-1041432522\" class=\"gap-element clearfix\" style=\"display:block; height:auto;\">\n\t\t\n<style>\n#gap-1041432522 {\n  padding-top: 62px;\n}\n<\/style>\n\t<\/div>\n\t\n\t<div id=\"gap-36756855\" class=\"gap-element clearfix\" style=\"display:block; height:auto;\">\n\t\t\n<style>\n#gap-36756855 {\n  padding-top: 50px;\n}\n<\/style>\n\t<\/div>\n\t\n<div class=\"row align-middle\"  id=\"row-519934421\">\n\n\t<div id=\"col-566930679\" class=\"col medium-4 small-12 large-4\"  >\n\t\t\t\t<div class=\"col-inner\"  >\n\t\t\t\n\t\t\t\n\t<div class=\"img has-hover x md-x lg-x y md-y lg-y\" id=\"image_233301331\">\n\t\t\t\t\t\t\t\t<div class=\"img-inner dark\" style=\"margin:-50px 0px 0px 0px;\">\n\t\t\t<img fetchpriority=\"high\" decoding=\"async\" width=\"1020\" height=\"680\" src=\"https:\/\/gpowersport.com\/wp-content\/uploads\/2019\/10\/composite_qnect_1-1200x800.jpg\" class=\"attachment-large size-large\" alt=\"\" srcset=\"https:\/\/gpowersport.com\/wp-content\/uploads\/2019\/10\/composite_qnect_1-1200x800.jpg 1200w, https:\/\/gpowersport.com\/wp-content\/uploads\/2019\/10\/composite_qnect_1-600x400.jpg 600w, https:\/\/gpowersport.com\/wp-content\/uploads\/2019\/10\/composite_qnect_1-768x512.jpg 768w, https:\/\/gpowersport.com\/wp-content\/uploads\/2019\/10\/composite_qnect_1-1536x1024.jpg 1536w, https:\/\/gpowersport.com\/wp-content\/uploads\/2019\/10\/composite_qnect_1-18x12.jpg 18w, https:\/\/gpowersport.com\/wp-content\/uploads\/2019\/10\/composite_qnect_1-1000x667.jpg 1000w, https:\/\/gpowersport.com\/wp-content\/uploads\/2019\/10\/composite_qnect_1-800x534.jpg 800w, https:\/\/gpowersport.com\/wp-content\/uploads\/2019\/10\/composite_qnect_1.jpg 1600w\" sizes=\"(max-width: 1020px) 100vw, 1020px\" \/>\t\t\t\t\t\t\n\t\t\t\t\t<\/div>\n\t\t\t\t\t\t\t\t\n<style>\n#image_233301331 {\n  width: 100%;\n}\n<\/style>\n\t<\/div>\n\t\n\t\t<\/div>\n\t\t\t\t\t<\/div>\n\n\t\n\n\t<div id=\"col-1936449489\" class=\"col medium-8 small-12 large-8\"  >\n\t\t\t\t<div class=\"col-inner\"  >\n\t\t\t\n\t\t\t\n<p>Nasze wios\u0142a s\u0105 dost\u0119pne z systemem regulacji QNECT (aluminium lub kompozyt). Umo\u017cliwia on regulacj\u0119 ca\u0142kowitej d\u0142ugo\u015bci wios\u0142a (w zakresie 10 cm) oraz k\u0105ta nachylenia pi\u00f3ra od 0\u00b0 do 85\u00b0 w prawo lub w lewo co 5\u00b0. System QNECT umo\u017cliwia ustawienie indywidualnego k\u0105ta pi\u00f3ra a tak\u017ce roz\u0142o\u017cenie wios\u0142a na dwie cz\u0119\u015bci w celu u\u0142atwienia transportu.<\/p>\n<p><strong>Kompozyt QNECT<\/strong> - Solidny system kompozytowy, wykonany ze specjalnego materia\u0142u poliamidowego, kt\u00f3ry jest ekstremalnie odporny na uderzenia i s\u0142on\u0105 wod\u0119. Bardzo \u0142atwy w u\u017cyciu, z mo\u017cliwo\u015bci\u0105 korekty ustawienia k\u0105ta. Polecany do wszystkich wiose\u0142, szczeg\u00f3lnie w s\u0142onej wodzie.<\/p>\n<hr \/>\n<p><span style=\"font-size: 90%; color: #d83131;\"><img decoding=\"async\" class=\"wp-image-33383 alignleft\" src=\"http:\/\/gpowersport.com\/wp-content\/uploads\/2019\/10\/attention.png\" alt=\"\" width=\"46\" height=\"49\" srcset=\"https:\/\/gpowersport.com\/wp-content\/uploads\/2019\/10\/attention.png 100w, https:\/\/gpowersport.com\/wp-content\/uploads\/2019\/10\/attention-11x12.png 11w\" sizes=\"(max-width: 46px) 100vw, 46px\" \/><strong><span style=\"font-size: 75%;\">WA\u017bNE!<\/span><\/strong><\/span><strong><span style=\"font-size: 75%;\"> Nie zapomnij wyczy\u015bci\u0107 wios\u0142a i systemu QNECT po u\u017cyciu w s\u0142odkiej wodzie. Je\u015bli u\u017cywasz go w s\u0142onej wodzie, r\u00f3b to po ka\u017cdej sesji. Dla wiose\u0142 nie u\u017cywanych przez ponad dwa tygodnie - przechowuj rozmontowane.<\/span><\/strong><\/p>\n\t\t<\/div>\n\t\t\t\t\t<\/div>\n\n\t\n<\/div>\n<p style=\"text-align: center;\">K\u0105t pi\u00f3ra wios\u0142a Warrior wynosi 10 stopni.<\/p>\n\t<div class=\"img has-hover x md-x lg-x y md-y lg-y\" id=\"image_811727953\">\n\t\t\t\t\t\t\t\t<div class=\"img-inner dark\" >\n\t\t\t<img decoding=\"async\" width=\"1020\" height=\"282\" src=\"https:\/\/gpowersport.com\/wp-content\/uploads\/2021\/04\/10-deegrese-1400x387.jpg\" class=\"attachment-large size-large\" alt=\"\" srcset=\"https:\/\/gpowersport.com\/wp-content\/uploads\/2021\/04\/10-deegrese-1400x387.jpg 1400w, https:\/\/gpowersport.com\/wp-content\/uploads\/2021\/04\/10-deegrese-750x207.jpg 750w, https:\/\/gpowersport.com\/wp-content\/uploads\/2021\/04\/10-deegrese-18x5.jpg 18w, https:\/\/gpowersport.com\/wp-content\/uploads\/2021\/04\/10-deegrese-768x212.jpg 768w, https:\/\/gpowersport.com\/wp-content\/uploads\/2021\/04\/10-deegrese-1536x424.jpg 1536w, https:\/\/gpowersport.com\/wp-content\/uploads\/2021\/04\/10-deegrese-1000x276.jpg 1000w, https:\/\/gpowersport.com\/wp-content\/uploads\/2021\/04\/10-deegrese-800x221.jpg 800w, https:\/\/gpowersport.com\/wp-content\/uploads\/2021\/04\/10-deegrese.jpg 1840w\" sizes=\"(max-width: 1020px) 100vw, 1020px\" \/>\t\t\t\t\t\t\n\t\t\t\t\t<\/div>\n\t\t\t\t\t\t\t\t\n<style>\n#image_811727953 {\n  width: 100%;\n}\n<\/style>\n\t<\/div>\n\t\n\t<div id=\"gap-543526117\" class=\"gap-element clearfix\" style=\"display:block; height:auto;\">\n\t\t\n<style>\n#gap-543526117 {\n  padding-top: 50px;\n}\n<\/style>\n\t<\/div>\n\t\n\n\t<section class=\"section\" id=\"section_753186108\">\n\t\t<div class=\"section-bg fill\" >\n\t\t\t\t\t\t\t\t\t<div class=\"loading-spin centered\"><\/div>\n\t\t\t\n\n\t\t<\/div>\n\n\t\t\n\n\t\t<div class=\"section-content relative\">\n\t\t\t\n<div class=\"row row-solid\"  id=\"row-11017290\">\n\n\t<div id=\"col-1663131768\" class=\"col medium-4 small-12 large-4\"  >\n\t\t\t\t<div class=\"col-inner\"  >\n\t\t\t\n\t\t\t\n\n\t\t<div class=\"icon-box featured-box icon-box-center text-center\"  >\n\t\t\t\t\t<div class=\"icon-box-img\" style=\"width: 50px\">\n\t\t\t\t<div class=\"icon\">\n\t\t\t\t\t<div class=\"icon-inner\" >\n\t\t\t\t\t\t<img loading=\"lazy\" decoding=\"async\" width=\"128\" height=\"128\" src=\"https:\/\/gpowersport.com\/wp-content\/uploads\/2020\/09\/2703076-128-1-1.png\" class=\"attachment-medium size-medium\" alt=\"\" srcset=\"https:\/\/gpowersport.com\/wp-content\/uploads\/2020\/09\/2703076-128-1-1.png 128w, https:\/\/gpowersport.com\/wp-content\/uploads\/2020\/09\/2703076-128-1-1-12x12.png 12w, https:\/\/gpowersport.com\/wp-content\/uploads\/2020\/09\/2703076-128-1-1-120x120.png 120w, https:\/\/gpowersport.com\/wp-content\/uploads\/2020\/09\/2703076-128-1-1-100x100.png 100w\" sizes=\"(max-width: 128px) 100vw, 128px\" \/>\t\t\t\t\t<\/div>\n\t\t\t\t<\/div>\n\t\t\t<\/div>\n\t\t\t\t<div class=\"icon-box-text last-reset\">\n\t\t\t\t\t\t\t\t\t\n<p>&nbsp;<\/p>\n<h3>Zostaw opini\u0119<\/h3>\n<p>Twoja opinia jest dla nas najwa\u017cniejsza. Dzi\u0119ki temu rozwijamy nasze produkty...<\/p>\n\t\t<\/div>\n\t<\/div>\n\t\n\t\n\t\t<\/div>\n\t\t\t\t\t<\/div>\n\n\t\n\n\t<div id=\"col-2134249725\" class=\"col medium-4 small-12 large-4\"  >\n\t\t\t\t<div class=\"col-inner\"  >\n\t\t\t\n\t\t\t\n\n\t\t<div class=\"icon-box featured-box icon-box-center text-center\"  >\n\t\t\t\t\t<div class=\"icon-box-img\" style=\"width: 50px\">\n\t\t\t\t<div class=\"icon\">\n\t\t\t\t\t<div class=\"icon-inner\" >\n\t\t\t\t\t\t<img loading=\"lazy\" decoding=\"async\" width=\"128\" height=\"128\" src=\"https:\/\/gpowersport.com\/wp-content\/uploads\/2020\/09\/5959201-128-1.png\" class=\"attachment-medium size-medium\" alt=\"\" srcset=\"https:\/\/gpowersport.com\/wp-content\/uploads\/2020\/09\/5959201-128-1.png 128w, https:\/\/gpowersport.com\/wp-content\/uploads\/2020\/09\/5959201-128-1-12x12.png 12w, https:\/\/gpowersport.com\/wp-content\/uploads\/2020\/09\/5959201-128-1-120x120.png 120w, https:\/\/gpowersport.com\/wp-content\/uploads\/2020\/09\/5959201-128-1-100x100.png 100w\" sizes=\"(max-width: 128px) 100vw, 128px\" \/>\t\t\t\t\t<\/div>\n\t\t\t\t<\/div>\n\t\t\t<\/div>\n\t\t\t\t<div class=\"icon-box-text last-reset\">\n\t\t\t\t\t\t\t\t\t\n<h3>Od drzwi do drzwi<\/h3>\n<p>Kupuj\u0105c w naszym sklepie masz pe\u0142n\u0105 gwarancj\u0119. Reklamacje rozpatrywane s\u0105 bezpo\u015brednio przez producenta. Szybko i bezproblemowo.<\/p>\n\t\t<\/div>\n\t<\/div>\n\t\n\t\n\t\t<\/div>\n\t\t\t\t\t<\/div>\n\n\t\n\n<style>\n#row-11017290 > .col > .col-inner {\n  padding: 20px 20px 20px 20px;\n}\n<\/style>\n<\/div>\n\t\t<\/div>\n\n\t\t\n<style>\n#section_753186108 {\n  padding-top: 30px;\n  padding-bottom: 30px;\n}\n<\/style>\n\t<\/section>","protected":false},"excerpt":{"rendered":"<p>Stand up paddles \u2013 Warrior Club 2p Stand up paddles \u2013 Warrior Club 2p \u2013 CARBON STAND UP PADDLE\u00a0with adjustable system. 40% Carbon construction and innovative blade shape will take you to good sporting level. Drain system on the blade surface makes the blade more stiff and gives You additional power during each stroke. Here<\/p>","protected":false},"featured_media":35657,"comment_status":"open","ping_status":"closed","template":"","meta":[],"product_brand":[],"product_cat":[18,104],"product_tag":[],"class_list":{"0":"post-35345","1":"product","2":"type-product","3":"status-publish","4":"has-post-thumbnail","6":"product_cat-carbon-fiber-paddles","7":"product_cat-sup-paddle","9":"first","10":"instock","11":"featured","12":"taxable","13":"shipping-taxable","14":"purchasable","15":"product-type-composite"},"yoast_head":"<!-- This site is optimized with the Yoast SEO Premium plugin v20.7 (Yoast SEO v27.1.1) - https:\/\/yoast.com\/product\/yoast-seo-premium-wordpress\/ -->\n<title>Stand up paddles \u2013 Warrior Club 2p - G&#039;Power SUP carbon fiber paddle<\/title>\n<meta name=\"description\" content=\"Stand up paddles \u2013 Warrior Club 2p \u2013 CARBON STAND UP PADDLE\u00a0with adjustable system. 40% Carbon construction and innovative blade shape...\" \/>\n<meta name=\"robots\" content=\"index, follow, max-snippet:-1, max-image-preview:large, max-video-preview:-1\" \/>\n<link rel=\"canonical\" href=\"https:\/\/gpowersport.com\/pl\/carbon-fiber-paddles\/sup-paddle\/stand-up-paddles-warrior-club-2p\/\" \/>\n<meta property=\"og:locale\" content=\"pl_PL\" \/>\n<meta property=\"og:type\" content=\"article\" \/>\n<meta property=\"og:title\" content=\"Stand up paddles \u2013 Warrior Club 2p\" \/>\n<meta property=\"og:description\" content=\"Stand up paddles \u2013 Warrior Club 2p \u2013 CARBON STAND UP PADDLE\u00a0with adjustable system. 40% Carbon construction and innovative blade shape...\" \/>\n<meta property=\"og:url\" content=\"https:\/\/gpowersport.com\/pl\/carbon-fiber-paddles\/sup-paddle\/stand-up-paddles-warrior-club-2p\/\" \/>\n<meta property=\"og:site_name\" content=\"G&#039;Power\" \/>\n<meta property=\"article:publisher\" content=\"https:\/\/www.facebook.com\/GpowerPaddles\" \/>\n<meta property=\"article:modified_time\" content=\"2023-11-23T15:29:41+00:00\" \/>\n<meta property=\"og:image\" content=\"https:\/\/gpowersport.com\/wp-content\/uploads\/2020\/08\/warrior_club_start_2p.png\" \/>\n\t<meta property=\"og:image:width\" content=\"1200\" \/>\n\t<meta property=\"og:image:height\" content=\"218\" \/>\n\t<meta property=\"og:image:type\" content=\"image\/png\" \/>\n<meta name=\"twitter:card\" content=\"summary_large_image\" \/>\n<meta name=\"twitter:label1\" content=\"Szacowany czas czytania\" \/>\n\t<meta name=\"twitter:data1\" content=\"3 minuty\" \/>\n<script type=\"application\/ld+json\" class=\"yoast-schema-graph\">{\"@context\":\"https:\/\/schema.org\",\"@graph\":[{\"@type\":[\"WebPage\",\"ItemPage\"],\"@id\":\"https:\/\/gpowersport.com\/carbon-fiber-paddles\/sup-paddle\/stand-up-paddles-warrior-club-2p\/\",\"url\":\"https:\/\/gpowersport.com\/carbon-fiber-paddles\/sup-paddle\/stand-up-paddles-warrior-club-2p\/\",\"name\":\"Stand up paddles \u2013 Warrior Club 2p - G&#039;Power SUP carbon fiber paddle\",\"isPartOf\":{\"@id\":\"https:\/\/gpowersport.com\/pl\/#website\"},\"primaryImageOfPage\":{\"@id\":\"https:\/\/gpowersport.com\/carbon-fiber-paddles\/sup-paddle\/stand-up-paddles-warrior-club-2p\/#primaryimage\"},\"image\":{\"@id\":\"https:\/\/gpowersport.com\/carbon-fiber-paddles\/sup-paddle\/stand-up-paddles-warrior-club-2p\/#primaryimage\"},\"thumbnailUrl\":\"https:\/\/gpowersport.com\/wp-content\/uploads\/2020\/08\/warrior_club_start_2p.png\",\"datePublished\":\"2020-08-05T10:01:22+00:00\",\"dateModified\":\"2023-11-23T15:29:41+00:00\",\"description\":\"Stand up paddles \u2013 Warrior Club 2p \u2013 CARBON STAND UP PADDLE\u00a0with adjustable system. 40% Carbon construction and innovative blade shape...\",\"breadcrumb\":{\"@id\":\"https:\/\/gpowersport.com\/carbon-fiber-paddles\/sup-paddle\/stand-up-paddles-warrior-club-2p\/#breadcrumb\"},\"inLanguage\":\"pl-PL\",\"potentialAction\":[{\"@type\":\"ReadAction\",\"target\":[\"https:\/\/gpowersport.com\/carbon-fiber-paddles\/sup-paddle\/stand-up-paddles-warrior-club-2p\/\"]}]},{\"@type\":\"ImageObject\",\"inLanguage\":\"pl-PL\",\"@id\":\"https:\/\/gpowersport.com\/carbon-fiber-paddles\/sup-paddle\/stand-up-paddles-warrior-club-2p\/#primaryimage\",\"url\":\"https:\/\/gpowersport.com\/wp-content\/uploads\/2020\/08\/warrior_club_start_2p.png\",\"contentUrl\":\"https:\/\/gpowersport.com\/wp-content\/uploads\/2020\/08\/warrior_club_start_2p.png\",\"width\":1200,\"height\":218,\"caption\":\"stand-up-paddles-warrior-club-2p\"},{\"@type\":\"BreadcrumbList\",\"@id\":\"https:\/\/gpowersport.com\/carbon-fiber-paddles\/sup-paddle\/stand-up-paddles-warrior-club-2p\/#breadcrumb\",\"itemListElement\":[{\"@type\":\"ListItem\",\"position\":1,\"name\":\"Home\",\"item\":\"https:\/\/gpowersport.com\/\"},{\"@type\":\"ListItem\",\"position\":2,\"name\":\"Shop\",\"item\":\"https:\/\/gpowersport.com\/carbon-fiber-paddles\/\"},{\"@type\":\"ListItem\",\"position\":3,\"name\":\"Carbon Fiber Paddles\",\"item\":\"https:\/\/gpowersport.com\/pl\/carbon-fiber-paddles\/\"},{\"@type\":\"ListItem\",\"position\":4,\"name\":\"Stand UP Paddles\",\"item\":\"https:\/\/gpowersport.com\/carbon-fiber-paddles\/sup-paddle\/\"},{\"@type\":\"ListItem\",\"position\":5,\"name\":\"Stand up paddles \u2013 Warrior Club 2p\"}]},{\"@type\":\"WebSite\",\"@id\":\"https:\/\/gpowersport.com\/pl\/#website\",\"url\":\"https:\/\/gpowersport.com\/pl\/\",\"name\":\"G'Power carbon paddles\",\"description\":\"\",\"publisher\":{\"@id\":\"https:\/\/gpowersport.com\/pl\/#organization\"},\"potentialAction\":[{\"@type\":\"SearchAction\",\"target\":{\"@type\":\"EntryPoint\",\"urlTemplate\":\"https:\/\/gpowersport.com\/pl\/?s={search_term_string}\"},\"query-input\":{\"@type\":\"PropertyValueSpecification\",\"valueRequired\":true,\"valueName\":\"search_term_string\"}}],\"inLanguage\":\"pl-PL\"},{\"@type\":\"Organization\",\"@id\":\"https:\/\/gpowersport.com\/pl\/#organization\",\"name\":\"G'power carbon paddles\",\"url\":\"https:\/\/gpowersport.com\/pl\/\",\"logo\":{\"@type\":\"ImageObject\",\"inLanguage\":\"pl-PL\",\"@id\":\"https:\/\/gpowersport.com\/pl\/#\/schema\/logo\/image\/\",\"url\":\"https:\/\/gpowersport.com\/wp-content\/uploads\/2020\/03\/gpower-logo.png\",\"contentUrl\":\"https:\/\/gpowersport.com\/wp-content\/uploads\/2020\/03\/gpower-logo.png\",\"width\":140,\"height\":30,\"caption\":\"G'power carbon paddles\"},\"image\":{\"@id\":\"https:\/\/gpowersport.com\/pl\/#\/schema\/logo\/image\/\"},\"sameAs\":[\"https:\/\/www.facebook.com\/GpowerPaddles\",\"https:\/\/www.instagram.com\/gpowerpaddles\/\"]}]}<\/script>\n<!-- \/ Yoast SEO Premium plugin. -->","yoast_head_json":{"title":"Wios\u0142a stand up - Warrior Club 2p - G&#039;Power SUP wios\u0142o z w\u0142\u00f3kna w\u0119glowego","description":"Wios\u0142a do stania - Warrior Club 2p - CARBON STAND UP PADDLE z systemem regulacji. 40% Carbonowa konstrukcja i innowacyjny kszta\u0142t wios\u0142a...","robots":{"index":"index","follow":"follow","max-snippet":"max-snippet:-1","max-image-preview":"max-image-preview:large","max-video-preview":"max-video-preview:-1"},"canonical":"https:\/\/gpowersport.com\/pl\/carbon-fiber-paddles\/sup-paddle\/stand-up-paddles-warrior-club-2p\/","og_locale":"pl_PL","og_type":"article","og_title":"Stand up paddles \u2013 Warrior Club 2p","og_description":"Stand up paddles \u2013 Warrior Club 2p \u2013 CARBON STAND UP PADDLE\u00a0with adjustable system. 40% Carbon construction and innovative blade shape...","og_url":"https:\/\/gpowersport.com\/pl\/carbon-fiber-paddles\/sup-paddle\/stand-up-paddles-warrior-club-2p\/","og_site_name":"G&#039;Power","article_publisher":"https:\/\/www.facebook.com\/GpowerPaddles","article_modified_time":"2023-11-23T15:29:41+00:00","og_image":[{"width":1200,"height":218,"url":"https:\/\/gpowersport.com\/wp-content\/uploads\/2020\/08\/warrior_club_start_2p.png","type":"image\/png"}],"twitter_card":"summary_large_image","twitter_misc":{"Szacowany czas czytania":"3 minuty"},"schema":{"@context":"https:\/\/schema.org","@graph":[{"@type":["WebPage","ItemPage"],"@id":"https:\/\/gpowersport.com\/carbon-fiber-paddles\/sup-paddle\/stand-up-paddles-warrior-club-2p\/","url":"https:\/\/gpowersport.com\/carbon-fiber-paddles\/sup-paddle\/stand-up-paddles-warrior-club-2p\/","name":"Wios\u0142a stand up - Warrior Club 2p - G&#039;Power SUP wios\u0142o z w\u0142\u00f3kna w\u0119glowego","isPartOf":{"@id":"https:\/\/gpowersport.com\/pl\/#website"},"primaryImageOfPage":{"@id":"https:\/\/gpowersport.com\/carbon-fiber-paddles\/sup-paddle\/stand-up-paddles-warrior-club-2p\/#primaryimage"},"image":{"@id":"https:\/\/gpowersport.com\/carbon-fiber-paddles\/sup-paddle\/stand-up-paddles-warrior-club-2p\/#primaryimage"},"thumbnailUrl":"https:\/\/gpowersport.com\/wp-content\/uploads\/2020\/08\/warrior_club_start_2p.png","datePublished":"2020-08-05T10:01:22+00:00","dateModified":"2023-11-23T15:29:41+00:00","description":"Wios\u0142a do stania - Warrior Club 2p - CARBON STAND UP PADDLE z systemem regulacji. 40% Carbonowa konstrukcja i innowacyjny kszta\u0142t wios\u0142a...","breadcrumb":{"@id":"https:\/\/gpowersport.com\/carbon-fiber-paddles\/sup-paddle\/stand-up-paddles-warrior-club-2p\/#breadcrumb"},"inLanguage":"pl-PL","potentialAction":[{"@type":"ReadAction","target":["https:\/\/gpowersport.com\/carbon-fiber-paddles\/sup-paddle\/stand-up-paddles-warrior-club-2p\/"]}]},{"@type":"ImageObject","inLanguage":"pl-PL","@id":"https:\/\/gpowersport.com\/carbon-fiber-paddles\/sup-paddle\/stand-up-paddles-warrior-club-2p\/#primaryimage","url":"https:\/\/gpowersport.com\/wp-content\/uploads\/2020\/08\/warrior_club_start_2p.png","contentUrl":"https:\/\/gpowersport.com\/wp-content\/uploads\/2020\/08\/warrior_club_start_2p.png","width":1200,"height":218,"caption":"stand-up-paddles-warrior-club-2p"},{"@type":"BreadcrumbList","@id":"https:\/\/gpowersport.com\/carbon-fiber-paddles\/sup-paddle\/stand-up-paddles-warrior-club-2p\/#breadcrumb","itemListElement":[{"@type":"ListItem","position":1,"name":"Home","item":"https:\/\/gpowersport.com\/"},{"@type":"ListItem","position":2,"name":"Shop","item":"https:\/\/gpowersport.com\/carbon-fiber-paddles\/"},{"@type":"ListItem","position":3,"name":"Carbon Fiber Paddles","item":"https:\/\/gpowersport.com\/pl\/carbon-fiber-paddles\/"},{"@type":"ListItem","position":4,"name":"Stand UP Paddles","item":"https:\/\/gpowersport.com\/carbon-fiber-paddles\/sup-paddle\/"},{"@type":"ListItem","position":5,"name":"Stand up paddles \u2013 Warrior Club 2p"}]},{"@type":"WebSite","@id":"https:\/\/gpowersport.com\/pl\/#website","url":"https:\/\/gpowersport.com\/pl\/","name":"G'Power carbon paddles","description":"","publisher":{"@id":"https:\/\/gpowersport.com\/pl\/#organization"},"potentialAction":[{"@type":"SearchAction","target":{"@type":"EntryPoint","urlTemplate":"https:\/\/gpowersport.com\/pl\/?s={search_term_string}"},"query-input":{"@type":"PropertyValueSpecification","valueRequired":true,"valueName":"search_term_string"}}],"inLanguage":"pl-PL"},{"@type":"Organization","@id":"https:\/\/gpowersport.com\/pl\/#organization","name":"G'power carbon paddles","url":"https:\/\/gpowersport.com\/pl\/","logo":{"@type":"ImageObject","inLanguage":"pl-PL","@id":"https:\/\/gpowersport.com\/pl\/#\/schema\/logo\/image\/","url":"https:\/\/gpowersport.com\/wp-content\/uploads\/2020\/03\/gpower-logo.png","contentUrl":"https:\/\/gpowersport.com\/wp-content\/uploads\/2020\/03\/gpower-logo.png","width":140,"height":30,"caption":"G'power carbon paddles"},"image":{"@id":"https:\/\/gpowersport.com\/pl\/#\/schema\/logo\/image\/"},"sameAs":["https:\/\/www.facebook.com\/GpowerPaddles","https:\/\/www.instagram.com\/gpowerpaddles\/"]}]}},"_links":{"self":[{"href":"https:\/\/gpowersport.com\/pl\/wp-json\/wp\/v2\/product\/35345","targetHints":{"allow":["GET"]}}],"collection":[{"href":"https:\/\/gpowersport.com\/pl\/wp-json\/wp\/v2\/product"}],"about":[{"href":"https:\/\/gpowersport.com\/pl\/wp-json\/wp\/v2\/types\/product"}],"replies":[{"embeddable":true,"href":"https:\/\/gpowersport.com\/pl\/wp-json\/wp\/v2\/comments?post=35345"}],"wp:featuredmedia":[{"embeddable":true,"href":"https:\/\/gpowersport.com\/pl\/wp-json\/wp\/v2\/media\/35657"}],"wp:attachment":[{"href":"https:\/\/gpowersport.com\/pl\/wp-json\/wp\/v2\/media?parent=35345"}],"wp:term":[{"taxonomy":"product_brand","embeddable":true,"href":"https:\/\/gpowersport.com\/pl\/wp-json\/wp\/v2\/product_brand?post=35345"},{"taxonomy":"product_cat","embeddable":true,"href":"https:\/\/gpowersport.com\/pl\/wp-json\/wp\/v2\/product_cat?post=35345"},{"taxonomy":"product_tag","embeddable":true,"href":"https:\/\/gpowersport.com\/pl\/wp-json\/wp\/v2\/product_tag?post=35345"}],"curies":[{"name":"wp","href":"https:\/\/api.w.org\/{rel}","templated":true}]}}