{"id":36229,"date":"2021-05-18T08:22:05","date_gmt":"2021-05-18T08:22:05","guid":{"rendered":"https:\/\/gpowersport.com\/?post_type=product&#038;p=36229"},"modified":"2023-10-26T20:25:05","modified_gmt":"2023-10-26T20:25:05","slug":"super-116-sup-board","status":"publish","type":"product","link":"https:\/\/gpowersport.com\/pl\/sup-boards\/super-116-sup-board\/","title":{"rendered":"SUP BOARD 11'6\u2033 SUPER UONE"},"content":{"rendered":"<div>Wychodz\u0105c naprzeciw oczekiwaniom klient\u00f3w kieruj\u0105cych si\u0119 czynnikiem cenowym, wprowadzili\u015bmy kolejny bud\u017cetowy model o bardziej turystycznym kszta\u0142cie jakim jest SUPer 11'6 \". Je\u015bli chcia\u0142by\u015b zmieni\u0107 sw\u00f3j allround na nieco szybsz\u0105 desk\u0119 lub szukasz wi\u0119kszej pr\u0119dko\u015bci to ta deska jest idealnym wyborem. Super 11'6 \" jest przeznaczona dla jednej doros\u0142ej osoby z ma\u0142ym dzieckiem lub dw\u00f3jki dzieci. Deski Super s\u0105 ta\u0144sze ze wzgl\u0119du na jednowarstwowy materia\u0142 na g\u00f3rze i na dole deski, mniejsz\u0105 wyporno\u015b\u0107 ni\u017c deski marki Uone, rok gwarancji lub mniejsz\u0105 trwa\u0142o\u015b\u0107 i ni\u017csz\u0105 jako\u015b\u0107 akcesori\u00f3w.<\/div>\n<div><\/div>\n<div><\/div>\n<p><strong>Parametry:<\/strong><\/p>\n<ul>\n<li>Waga: 10 kg<\/li>\n<li>Zalecane \/ maksymalne obci\u0105\u017cenie: 130 kg\/ 260 kg<\/li>\n<li>Pojemno\u015b\u0107: 317 litr\u00f3w<\/li>\n<li>Wymiary: 350x81x15 cm<\/li>\n<li>Czas nadmuchiwania: ~ 8 minut<\/li>\n<li>Czas opr\u00f3\u017cniania: ~ 4 minuty<\/li>\n<li>Zalecane \/ maksymalne ci\u015bnienie: 15psi\/25psi<\/li>\n<li>Podw\u00f3jna warstwa: Tak po bokach,<\/li>\n<\/ul>\n<p>&nbsp;<\/p>\n<p><strong>Akcesoria wliczone w cen\u0119 p\u0142yty Super:<\/strong><\/p>\n<ul>\n<li>plecak<\/li>\n<li>1 rok gwarancji dla klient\u00f3w indywidualnych,<\/li>\n<li>kompatybilna p\u0142etwa w systemie slide in oraz dwie sta\u0142e,<\/li>\n<li>smycz<\/li>\n<li>trzy cz\u0119\u015bciowe aluminiowe, regulowane wios\u0142o,<\/li>\n<li>pompa<\/li>\n<li>zestaw naprawczy.<\/li>\n<\/ul>\n<div>\n<div><\/div>\n<\/div>","protected":false},"excerpt":{"rendered":"<p>To meet expectations of customers driven by price factor, we have introduced another one budget model in a more touring shape which is SUPer 11\u20196 \u201c. If you would like to change your allround to a little bit faster board or looking for higher speed, this board is perfect choice. Super 11\u20196 \u201c is designed<\/p>","protected":false},"featured_media":36230,"comment_status":"open","ping_status":"closed","template":"","meta":[],"product_brand":[],"product_cat":[107],"product_tag":[],"class_list":{"0":"post-36229","1":"product","2":"type-product","3":"status-publish","4":"has-post-thumbnail","6":"product_cat-sup-boards","7":"product_shipping_class-supboards","9":"first","10":"outofstock","11":"taxable","12":"shipping-taxable","13":"purchasable","14":"product-type-simple"},"yoast_head":"<!-- This site is optimized with the Yoast SEO Premium plugin v20.7 (Yoast SEO v27.1.1) - https:\/\/yoast.com\/product\/yoast-seo-premium-wordpress\/ -->\n<title>SUP BOARD 11&#039;6&quot; SUPER UONE - G&#039;Power<\/title>\n<meta name=\"robots\" content=\"index, follow, max-snippet:-1, max-image-preview:large, max-video-preview:-1\" \/>\n<link rel=\"canonical\" href=\"https:\/\/gpowersport.com\/pl\/sup-boards\/super-116-sup-board\/\" \/>\n<meta property=\"og:locale\" content=\"pl_PL\" \/>\n<meta property=\"og:type\" content=\"article\" \/>\n<meta property=\"og:title\" content=\"SUP BOARD 11&#039;6&quot; SUPER UONE\" \/>\n<meta property=\"og:description\" content=\"To meet expectations of customers driven by price factor, we have introduced another one budget model in a more touring shape which is SUPer 11\u20196 \u201c. If you would like to change your allround to a little bit faster board or looking for higher speed, this board is perfect choice. Super 11\u20196 \u201c is designed\" \/>\n<meta property=\"og:url\" content=\"https:\/\/gpowersport.com\/pl\/sup-boards\/super-116-sup-board\/\" \/>\n<meta property=\"og:site_name\" content=\"G&#039;Power\" \/>\n<meta property=\"article:publisher\" content=\"https:\/\/www.facebook.com\/GpowerPaddles\" \/>\n<meta property=\"article:modified_time\" content=\"2023-10-26T20:25:05+00:00\" \/>\n<meta property=\"og:image\" content=\"https:\/\/gpowersport.com\/wp-content\/uploads\/2021\/05\/super_start.jpg\" \/>\n\t<meta property=\"og:image:width\" content=\"1200\" \/>\n\t<meta property=\"og:image:height\" content=\"400\" \/>\n\t<meta property=\"og:image:type\" content=\"image\/jpeg\" \/>\n<meta name=\"twitter:card\" content=\"summary_large_image\" \/>\n<meta name=\"twitter:label1\" content=\"Szacowany czas czytania\" \/>\n\t<meta name=\"twitter:data1\" content=\"1 minuta\" \/>\n<script type=\"application\/ld+json\" class=\"yoast-schema-graph\">{\"@context\":\"https:\/\/schema.org\",\"@graph\":[{\"@type\":[\"WebPage\",\"ItemPage\"],\"@id\":\"https:\/\/gpowersport.com\/sup-boards\/super-116-sup-board\/\",\"url\":\"https:\/\/gpowersport.com\/sup-boards\/super-116-sup-board\/\",\"name\":\"SUP BOARD 11'6\\\" SUPER UONE - G&#039;Power\",\"isPartOf\":{\"@id\":\"https:\/\/gpowersport.com\/pl\/#website\"},\"primaryImageOfPage\":{\"@id\":\"https:\/\/gpowersport.com\/sup-boards\/super-116-sup-board\/#primaryimage\"},\"image\":{\"@id\":\"https:\/\/gpowersport.com\/sup-boards\/super-116-sup-board\/#primaryimage\"},\"thumbnailUrl\":\"https:\/\/gpowersport.com\/wp-content\/uploads\/2021\/05\/super_start.jpg\",\"datePublished\":\"2021-05-18T08:22:05+00:00\",\"dateModified\":\"2023-10-26T20:25:05+00:00\",\"breadcrumb\":{\"@id\":\"https:\/\/gpowersport.com\/sup-boards\/super-116-sup-board\/#breadcrumb\"},\"inLanguage\":\"pl-PL\",\"potentialAction\":[{\"@type\":\"ReadAction\",\"target\":[\"https:\/\/gpowersport.com\/sup-boards\/super-116-sup-board\/\"]}]},{\"@type\":\"ImageObject\",\"inLanguage\":\"pl-PL\",\"@id\":\"https:\/\/gpowersport.com\/sup-boards\/super-116-sup-board\/#primaryimage\",\"url\":\"https:\/\/gpowersport.com\/wp-content\/uploads\/2021\/05\/super_start.jpg\",\"contentUrl\":\"https:\/\/gpowersport.com\/wp-content\/uploads\/2021\/05\/super_start.jpg\",\"width\":1200,\"height\":400},{\"@type\":\"BreadcrumbList\",\"@id\":\"https:\/\/gpowersport.com\/sup-boards\/super-116-sup-board\/#breadcrumb\",\"itemListElement\":[{\"@type\":\"ListItem\",\"position\":1,\"name\":\"Home\",\"item\":\"https:\/\/gpowersport.com\/\"},{\"@type\":\"ListItem\",\"position\":2,\"name\":\"Shop\",\"item\":\"https:\/\/gpowersport.com\/carbon-fiber-paddles\/\"},{\"@type\":\"ListItem\",\"position\":3,\"name\":\"Sup Boards\",\"item\":\"https:\/\/gpowersport.com\/sup-boards\/\"},{\"@type\":\"ListItem\",\"position\":4,\"name\":\"SUP BOARD 11&#8217;6&#8243; SUPER UONE\"}]},{\"@type\":\"WebSite\",\"@id\":\"https:\/\/gpowersport.com\/pl\/#website\",\"url\":\"https:\/\/gpowersport.com\/pl\/\",\"name\":\"G'Power carbon paddles\",\"description\":\"\",\"publisher\":{\"@id\":\"https:\/\/gpowersport.com\/pl\/#organization\"},\"potentialAction\":[{\"@type\":\"SearchAction\",\"target\":{\"@type\":\"EntryPoint\",\"urlTemplate\":\"https:\/\/gpowersport.com\/pl\/?s={search_term_string}\"},\"query-input\":{\"@type\":\"PropertyValueSpecification\",\"valueRequired\":true,\"valueName\":\"search_term_string\"}}],\"inLanguage\":\"pl-PL\"},{\"@type\":\"Organization\",\"@id\":\"https:\/\/gpowersport.com\/pl\/#organization\",\"name\":\"G'power carbon paddles\",\"url\":\"https:\/\/gpowersport.com\/pl\/\",\"logo\":{\"@type\":\"ImageObject\",\"inLanguage\":\"pl-PL\",\"@id\":\"https:\/\/gpowersport.com\/pl\/#\/schema\/logo\/image\/\",\"url\":\"https:\/\/gpowersport.com\/wp-content\/uploads\/2020\/03\/gpower-logo.png\",\"contentUrl\":\"https:\/\/gpowersport.com\/wp-content\/uploads\/2020\/03\/gpower-logo.png\",\"width\":140,\"height\":30,\"caption\":\"G'power carbon paddles\"},\"image\":{\"@id\":\"https:\/\/gpowersport.com\/pl\/#\/schema\/logo\/image\/\"},\"sameAs\":[\"https:\/\/www.facebook.com\/GpowerPaddles\",\"https:\/\/www.instagram.com\/gpowerpaddles\/\"]}]}<\/script>\n<!-- \/ Yoast SEO Premium plugin. -->","yoast_head_json":{"title":"SUP BOARD 11'6\" SUPER UONE - G&#039;Power","robots":{"index":"index","follow":"follow","max-snippet":"max-snippet:-1","max-image-preview":"max-image-preview:large","max-video-preview":"max-video-preview:-1"},"canonical":"https:\/\/gpowersport.com\/pl\/sup-boards\/super-116-sup-board\/","og_locale":"pl_PL","og_type":"article","og_title":"SUP BOARD 11'6\" SUPER UONE","og_description":"To meet expectations of customers driven by price factor, we have introduced another one budget model in a more touring shape which is SUPer 11\u20196 \u201c. If you would like to change your allround to a little bit faster board or looking for higher speed, this board is perfect choice. Super 11\u20196 \u201c is designed","og_url":"https:\/\/gpowersport.com\/pl\/sup-boards\/super-116-sup-board\/","og_site_name":"G&#039;Power","article_publisher":"https:\/\/www.facebook.com\/GpowerPaddles","article_modified_time":"2023-10-26T20:25:05+00:00","og_image":[{"width":1200,"height":400,"url":"https:\/\/gpowersport.com\/wp-content\/uploads\/2021\/05\/super_start.jpg","type":"image\/jpeg"}],"twitter_card":"summary_large_image","twitter_misc":{"Szacowany czas czytania":"1 minuta"},"schema":{"@context":"https:\/\/schema.org","@graph":[{"@type":["WebPage","ItemPage"],"@id":"https:\/\/gpowersport.com\/sup-boards\/super-116-sup-board\/","url":"https:\/\/gpowersport.com\/sup-boards\/super-116-sup-board\/","name":"SUP BOARD 11'6\" SUPER UONE - G&#039;Power","isPartOf":{"@id":"https:\/\/gpowersport.com\/pl\/#website"},"primaryImageOfPage":{"@id":"https:\/\/gpowersport.com\/sup-boards\/super-116-sup-board\/#primaryimage"},"image":{"@id":"https:\/\/gpowersport.com\/sup-boards\/super-116-sup-board\/#primaryimage"},"thumbnailUrl":"https:\/\/gpowersport.com\/wp-content\/uploads\/2021\/05\/super_start.jpg","datePublished":"2021-05-18T08:22:05+00:00","dateModified":"2023-10-26T20:25:05+00:00","breadcrumb":{"@id":"https:\/\/gpowersport.com\/sup-boards\/super-116-sup-board\/#breadcrumb"},"inLanguage":"pl-PL","potentialAction":[{"@type":"ReadAction","target":["https:\/\/gpowersport.com\/sup-boards\/super-116-sup-board\/"]}]},{"@type":"ImageObject","inLanguage":"pl-PL","@id":"https:\/\/gpowersport.com\/sup-boards\/super-116-sup-board\/#primaryimage","url":"https:\/\/gpowersport.com\/wp-content\/uploads\/2021\/05\/super_start.jpg","contentUrl":"https:\/\/gpowersport.com\/wp-content\/uploads\/2021\/05\/super_start.jpg","width":1200,"height":400},{"@type":"BreadcrumbList","@id":"https:\/\/gpowersport.com\/sup-boards\/super-116-sup-board\/#breadcrumb","itemListElement":[{"@type":"ListItem","position":1,"name":"Home","item":"https:\/\/gpowersport.com\/"},{"@type":"ListItem","position":2,"name":"Shop","item":"https:\/\/gpowersport.com\/carbon-fiber-paddles\/"},{"@type":"ListItem","position":3,"name":"Sup Boards","item":"https:\/\/gpowersport.com\/sup-boards\/"},{"@type":"ListItem","position":4,"name":"SUP BOARD 11&#8217;6&#8243; SUPER UONE"}]},{"@type":"WebSite","@id":"https:\/\/gpowersport.com\/pl\/#website","url":"https:\/\/gpowersport.com\/pl\/","name":"G'Power carbon paddles","description":"","publisher":{"@id":"https:\/\/gpowersport.com\/pl\/#organization"},"potentialAction":[{"@type":"SearchAction","target":{"@type":"EntryPoint","urlTemplate":"https:\/\/gpowersport.com\/pl\/?s={search_term_string}"},"query-input":{"@type":"PropertyValueSpecification","valueRequired":true,"valueName":"search_term_string"}}],"inLanguage":"pl-PL"},{"@type":"Organization","@id":"https:\/\/gpowersport.com\/pl\/#organization","name":"G'power carbon paddles","url":"https:\/\/gpowersport.com\/pl\/","logo":{"@type":"ImageObject","inLanguage":"pl-PL","@id":"https:\/\/gpowersport.com\/pl\/#\/schema\/logo\/image\/","url":"https:\/\/gpowersport.com\/wp-content\/uploads\/2020\/03\/gpower-logo.png","contentUrl":"https:\/\/gpowersport.com\/wp-content\/uploads\/2020\/03\/gpower-logo.png","width":140,"height":30,"caption":"G'power carbon paddles"},"image":{"@id":"https:\/\/gpowersport.com\/pl\/#\/schema\/logo\/image\/"},"sameAs":["https:\/\/www.facebook.com\/GpowerPaddles","https:\/\/www.instagram.com\/gpowerpaddles\/"]}]}},"_links":{"self":[{"href":"https:\/\/gpowersport.com\/pl\/wp-json\/wp\/v2\/product\/36229","targetHints":{"allow":["GET"]}}],"collection":[{"href":"https:\/\/gpowersport.com\/pl\/wp-json\/wp\/v2\/product"}],"about":[{"href":"https:\/\/gpowersport.com\/pl\/wp-json\/wp\/v2\/types\/product"}],"replies":[{"embeddable":true,"href":"https:\/\/gpowersport.com\/pl\/wp-json\/wp\/v2\/comments?post=36229"}],"wp:featuredmedia":[{"embeddable":true,"href":"https:\/\/gpowersport.com\/pl\/wp-json\/wp\/v2\/media\/36230"}],"wp:attachment":[{"href":"https:\/\/gpowersport.com\/pl\/wp-json\/wp\/v2\/media?parent=36229"}],"wp:term":[{"taxonomy":"product_brand","embeddable":true,"href":"https:\/\/gpowersport.com\/pl\/wp-json\/wp\/v2\/product_brand?post=36229"},{"taxonomy":"product_cat","embeddable":true,"href":"https:\/\/gpowersport.com\/pl\/wp-json\/wp\/v2\/product_cat?post=36229"},{"taxonomy":"product_tag","embeddable":true,"href":"https:\/\/gpowersport.com\/pl\/wp-json\/wp\/v2\/product_tag?post=36229"}],"curies":[{"name":"wp","href":"https:\/\/api.w.org\/{rel}","templated":true}]}}