{"id":36243,"date":"2021-05-18T11:04:28","date_gmt":"2021-05-18T11:04:28","guid":{"rendered":"https:\/\/gpowersport.com\/?post_type=product&#038;p=36243"},"modified":"2023-10-26T20:25:43","modified_gmt":"2023-10-26T20:25:43","slug":"uone-viper-14-sup-board","status":"publish","type":"product","link":"https:\/\/gpowersport.com\/pl\/sup-boards\/uone-viper-14-sup-board\/","title":{"rendered":"SUP BOARD VIPER 14\u2032 UONE"},"content":{"rendered":"<div>Deska Uone Viper to ponad 4 metrowa formu\u0142a pierwsza w\u015br\u00f3d desek SUP. Ze wzgl\u0119du na swoj\u0105 d\u0142ugo\u015b\u0107 i kompozytow\u0105 nak\u0142adk\u0119 na tipie, jest prawdopodobnie najszybsz\u0105 z naszych desek. Podobnie jak wycofany w 2020 roku model kompaktowy Uone, jest to jednostka o wysokich osi\u0105gach, wymagaj\u0105ca wi\u0119kszych umiej\u0119tno\u015bci u\u017cytkownika. Od 2020 roku w zestawie znajduje si\u0119 kicker, uchwyty boczne oraz mo\u017cliwo\u015b\u0107 zamontowania szyny \u0142ami\u0105cej fal\u0119 pod desk\u0105. Deska wykonana jest w technologii ULT (l\u017cejsza i sztywniejsza).<\/div>\n<div><\/div>\n<div><\/div>\n<p><strong>Parametry:<\/strong><\/p>\n<ul>\n<li class=\"elementor-icon-list-item\"><span class=\"elementor-icon-list-text\">Waga: 12 kg<\/span><\/li>\n<li class=\"elementor-icon-list-item\"><span class=\"elementor-icon-list-text\">Zalecane \/ maksymalne obci\u0105\u017cenie: 160 kg \/ 320 kg<\/span><\/li>\n<li class=\"elementor-icon-list-item\"><span class=\"elementor-icon-list-text\">Pojemno\u015b\u0107: 304 litry<\/span><\/li>\n<li class=\"elementor-icon-list-item\"><span class=\"elementor-icon-list-text\">Wymiary: 427\u00d771,5\u00d715 cm<\/span><\/li>\n<li class=\"elementor-icon-list-item\"><span class=\"elementor-icon-list-text\">Czas nadmuchiwania: ~ 8 minut<\/span><\/li>\n<li class=\"elementor-icon-list-item\"><span class=\"elementor-icon-list-text\">Czas opr\u00f3\u017cniania: ~ 4 minuty<\/span><\/li>\n<li class=\"elementor-icon-list-item\"><span class=\"elementor-icon-list-text\">Zalecane\/maksymalne ci\u015bnienie: 15psi\/25psi<\/span><\/li>\n<li class=\"elementor-icon-list-item\"><span class=\"elementor-icon-list-text\">Podw\u00f3jna warstwa: Tak w technologii ULT,<\/span><\/li>\n<\/ul>\n<p>&nbsp;<\/p>\n<p><strong>Akcesoria wliczone w cen\u0119 p\u0142yty Super:<\/strong><\/p>\n<ul>\n<li>plecak z k\u00f3\u0142kami<\/li>\n<li>3-letnia gwarancja dla klient\u00f3w indywidualnych,<\/li>\n<li>1 kompatybilne p\u0142etwy w systemie usbox,<\/li>\n<li>trzy kawa\u0142ki w\u0142\u00f3kna szklanego, regulowane i nie ton\u0105ce wios\u0142o<\/li>\n<li>pompka o podw\u00f3jnym dzia\u0142aniu z systemem deflacji,<\/li>\n<li>smycz<\/li>\n<li>zestaw naprawczy<\/li>\n<\/ul>\n<div>\n<div><\/div>\n<\/div>","protected":false},"excerpt":{"rendered":"<p>The Uone Viper board is an over 4 meter long formula one among SUP boards. Due to its length and the composite overlay on the tip, it is probably the fastest of our boards. Like withdrawn in 2020 the Uone compact model, it is a high performance unit that requires greater user skills. From 2020,<\/p>","protected":false},"featured_media":36244,"comment_status":"open","ping_status":"closed","template":"","meta":[],"product_brand":[],"product_cat":[107],"product_tag":[],"class_list":{"0":"post-36243","1":"product","2":"type-product","3":"status-publish","4":"has-post-thumbnail","6":"product_cat-sup-boards","7":"product_shipping_class-supboards","9":"first","10":"outofstock","11":"taxable","12":"shipping-taxable","13":"purchasable","14":"product-type-simple"},"yoast_head":"<!-- This site is optimized with the Yoast SEO Premium plugin v20.7 (Yoast SEO v27.1.1) - https:\/\/yoast.com\/product\/yoast-seo-premium-wordpress\/ -->\n<title>SUP BOARD VIPER 14&#039; UONE - G&#039;Power<\/title>\n<meta name=\"robots\" content=\"index, follow, max-snippet:-1, max-image-preview:large, max-video-preview:-1\" \/>\n<link rel=\"canonical\" href=\"https:\/\/gpowersport.com\/pl\/sup-boards\/uone-viper-14-sup-board\/\" \/>\n<meta property=\"og:locale\" content=\"pl_PL\" \/>\n<meta property=\"og:type\" content=\"article\" \/>\n<meta property=\"og:title\" content=\"SUP BOARD VIPER 14&#039; UONE\" \/>\n<meta property=\"og:description\" content=\"The Uone Viper board is an over 4 meter long formula one among SUP boards. Due to its length and the composite overlay on the tip, it is probably the fastest of our boards. Like withdrawn in 2020 the Uone compact model, it is a high performance unit that requires greater user skills. From 2020,\" \/>\n<meta property=\"og:url\" content=\"https:\/\/gpowersport.com\/pl\/sup-boards\/uone-viper-14-sup-board\/\" \/>\n<meta property=\"og:site_name\" content=\"G&#039;Power\" \/>\n<meta property=\"article:publisher\" content=\"https:\/\/www.facebook.com\/GpowerPaddles\" \/>\n<meta property=\"article:modified_time\" content=\"2023-10-26T20:25:43+00:00\" \/>\n<meta property=\"og:image\" content=\"https:\/\/gpowersport.com\/wp-content\/uploads\/2021\/05\/viper_uone_start.jpg\" \/>\n\t<meta property=\"og:image:width\" content=\"1200\" \/>\n\t<meta property=\"og:image:height\" content=\"400\" \/>\n\t<meta property=\"og:image:type\" content=\"image\/jpeg\" \/>\n<meta name=\"twitter:card\" content=\"summary_large_image\" \/>\n<meta name=\"twitter:label1\" content=\"Szacowany czas czytania\" \/>\n\t<meta name=\"twitter:data1\" content=\"1 minuta\" \/>\n<script type=\"application\/ld+json\" class=\"yoast-schema-graph\">{\"@context\":\"https:\/\/schema.org\",\"@graph\":[{\"@type\":[\"WebPage\",\"ItemPage\"],\"@id\":\"https:\/\/gpowersport.com\/sup-boards\/uone-viper-14-sup-board\/\",\"url\":\"https:\/\/gpowersport.com\/sup-boards\/uone-viper-14-sup-board\/\",\"name\":\"SUP BOARD VIPER 14' UONE - G&#039;Power\",\"isPartOf\":{\"@id\":\"https:\/\/gpowersport.com\/pl\/#website\"},\"primaryImageOfPage\":{\"@id\":\"https:\/\/gpowersport.com\/sup-boards\/uone-viper-14-sup-board\/#primaryimage\"},\"image\":{\"@id\":\"https:\/\/gpowersport.com\/sup-boards\/uone-viper-14-sup-board\/#primaryimage\"},\"thumbnailUrl\":\"https:\/\/gpowersport.com\/wp-content\/uploads\/2021\/05\/viper_uone_start.jpg\",\"datePublished\":\"2021-05-18T11:04:28+00:00\",\"dateModified\":\"2023-10-26T20:25:43+00:00\",\"breadcrumb\":{\"@id\":\"https:\/\/gpowersport.com\/sup-boards\/uone-viper-14-sup-board\/#breadcrumb\"},\"inLanguage\":\"pl-PL\",\"potentialAction\":[{\"@type\":\"ReadAction\",\"target\":[\"https:\/\/gpowersport.com\/sup-boards\/uone-viper-14-sup-board\/\"]}]},{\"@type\":\"ImageObject\",\"inLanguage\":\"pl-PL\",\"@id\":\"https:\/\/gpowersport.com\/sup-boards\/uone-viper-14-sup-board\/#primaryimage\",\"url\":\"https:\/\/gpowersport.com\/wp-content\/uploads\/2021\/05\/viper_uone_start.jpg\",\"contentUrl\":\"https:\/\/gpowersport.com\/wp-content\/uploads\/2021\/05\/viper_uone_start.jpg\",\"width\":1200,\"height\":400},{\"@type\":\"BreadcrumbList\",\"@id\":\"https:\/\/gpowersport.com\/sup-boards\/uone-viper-14-sup-board\/#breadcrumb\",\"itemListElement\":[{\"@type\":\"ListItem\",\"position\":1,\"name\":\"Home\",\"item\":\"https:\/\/gpowersport.com\/\"},{\"@type\":\"ListItem\",\"position\":2,\"name\":\"Shop\",\"item\":\"https:\/\/gpowersport.com\/carbon-fiber-paddles\/\"},{\"@type\":\"ListItem\",\"position\":3,\"name\":\"Sup Boards\",\"item\":\"https:\/\/gpowersport.com\/sup-boards\/\"},{\"@type\":\"ListItem\",\"position\":4,\"name\":\"SUP BOARD VIPER 14&#8242; UONE\"}]},{\"@type\":\"WebSite\",\"@id\":\"https:\/\/gpowersport.com\/pl\/#website\",\"url\":\"https:\/\/gpowersport.com\/pl\/\",\"name\":\"G'Power carbon paddles\",\"description\":\"\",\"publisher\":{\"@id\":\"https:\/\/gpowersport.com\/pl\/#organization\"},\"potentialAction\":[{\"@type\":\"SearchAction\",\"target\":{\"@type\":\"EntryPoint\",\"urlTemplate\":\"https:\/\/gpowersport.com\/pl\/?s={search_term_string}\"},\"query-input\":{\"@type\":\"PropertyValueSpecification\",\"valueRequired\":true,\"valueName\":\"search_term_string\"}}],\"inLanguage\":\"pl-PL\"},{\"@type\":\"Organization\",\"@id\":\"https:\/\/gpowersport.com\/pl\/#organization\",\"name\":\"G'power carbon paddles\",\"url\":\"https:\/\/gpowersport.com\/pl\/\",\"logo\":{\"@type\":\"ImageObject\",\"inLanguage\":\"pl-PL\",\"@id\":\"https:\/\/gpowersport.com\/pl\/#\/schema\/logo\/image\/\",\"url\":\"https:\/\/gpowersport.com\/wp-content\/uploads\/2020\/03\/gpower-logo.png\",\"contentUrl\":\"https:\/\/gpowersport.com\/wp-content\/uploads\/2020\/03\/gpower-logo.png\",\"width\":140,\"height\":30,\"caption\":\"G'power carbon paddles\"},\"image\":{\"@id\":\"https:\/\/gpowersport.com\/pl\/#\/schema\/logo\/image\/\"},\"sameAs\":[\"https:\/\/www.facebook.com\/GpowerPaddles\",\"https:\/\/www.instagram.com\/gpowerpaddles\/\"]}]}<\/script>\n<!-- \/ Yoast SEO Premium plugin. -->","yoast_head_json":{"title":"SUP BOARD VIPER 14' UONE - G&#039;Power","robots":{"index":"index","follow":"follow","max-snippet":"max-snippet:-1","max-image-preview":"max-image-preview:large","max-video-preview":"max-video-preview:-1"},"canonical":"https:\/\/gpowersport.com\/pl\/sup-boards\/uone-viper-14-sup-board\/","og_locale":"pl_PL","og_type":"article","og_title":"SUP BOARD VIPER 14' UONE","og_description":"The Uone Viper board is an over 4 meter long formula one among SUP boards. Due to its length and the composite overlay on the tip, it is probably the fastest of our boards. Like withdrawn in 2020 the Uone compact model, it is a high performance unit that requires greater user skills. From 2020,","og_url":"https:\/\/gpowersport.com\/pl\/sup-boards\/uone-viper-14-sup-board\/","og_site_name":"G&#039;Power","article_publisher":"https:\/\/www.facebook.com\/GpowerPaddles","article_modified_time":"2023-10-26T20:25:43+00:00","og_image":[{"width":1200,"height":400,"url":"https:\/\/gpowersport.com\/wp-content\/uploads\/2021\/05\/viper_uone_start.jpg","type":"image\/jpeg"}],"twitter_card":"summary_large_image","twitter_misc":{"Szacowany czas czytania":"1 minuta"},"schema":{"@context":"https:\/\/schema.org","@graph":[{"@type":["WebPage","ItemPage"],"@id":"https:\/\/gpowersport.com\/sup-boards\/uone-viper-14-sup-board\/","url":"https:\/\/gpowersport.com\/sup-boards\/uone-viper-14-sup-board\/","name":"SUP BOARD VIPER 14' UONE - G&#039;Power","isPartOf":{"@id":"https:\/\/gpowersport.com\/pl\/#website"},"primaryImageOfPage":{"@id":"https:\/\/gpowersport.com\/sup-boards\/uone-viper-14-sup-board\/#primaryimage"},"image":{"@id":"https:\/\/gpowersport.com\/sup-boards\/uone-viper-14-sup-board\/#primaryimage"},"thumbnailUrl":"https:\/\/gpowersport.com\/wp-content\/uploads\/2021\/05\/viper_uone_start.jpg","datePublished":"2021-05-18T11:04:28+00:00","dateModified":"2023-10-26T20:25:43+00:00","breadcrumb":{"@id":"https:\/\/gpowersport.com\/sup-boards\/uone-viper-14-sup-board\/#breadcrumb"},"inLanguage":"pl-PL","potentialAction":[{"@type":"ReadAction","target":["https:\/\/gpowersport.com\/sup-boards\/uone-viper-14-sup-board\/"]}]},{"@type":"ImageObject","inLanguage":"pl-PL","@id":"https:\/\/gpowersport.com\/sup-boards\/uone-viper-14-sup-board\/#primaryimage","url":"https:\/\/gpowersport.com\/wp-content\/uploads\/2021\/05\/viper_uone_start.jpg","contentUrl":"https:\/\/gpowersport.com\/wp-content\/uploads\/2021\/05\/viper_uone_start.jpg","width":1200,"height":400},{"@type":"BreadcrumbList","@id":"https:\/\/gpowersport.com\/sup-boards\/uone-viper-14-sup-board\/#breadcrumb","itemListElement":[{"@type":"ListItem","position":1,"name":"Home","item":"https:\/\/gpowersport.com\/"},{"@type":"ListItem","position":2,"name":"Shop","item":"https:\/\/gpowersport.com\/carbon-fiber-paddles\/"},{"@type":"ListItem","position":3,"name":"Sup Boards","item":"https:\/\/gpowersport.com\/sup-boards\/"},{"@type":"ListItem","position":4,"name":"SUP BOARD VIPER 14&#8242; UONE"}]},{"@type":"WebSite","@id":"https:\/\/gpowersport.com\/pl\/#website","url":"https:\/\/gpowersport.com\/pl\/","name":"G'Power carbon paddles","description":"","publisher":{"@id":"https:\/\/gpowersport.com\/pl\/#organization"},"potentialAction":[{"@type":"SearchAction","target":{"@type":"EntryPoint","urlTemplate":"https:\/\/gpowersport.com\/pl\/?s={search_term_string}"},"query-input":{"@type":"PropertyValueSpecification","valueRequired":true,"valueName":"search_term_string"}}],"inLanguage":"pl-PL"},{"@type":"Organization","@id":"https:\/\/gpowersport.com\/pl\/#organization","name":"G'power carbon paddles","url":"https:\/\/gpowersport.com\/pl\/","logo":{"@type":"ImageObject","inLanguage":"pl-PL","@id":"https:\/\/gpowersport.com\/pl\/#\/schema\/logo\/image\/","url":"https:\/\/gpowersport.com\/wp-content\/uploads\/2020\/03\/gpower-logo.png","contentUrl":"https:\/\/gpowersport.com\/wp-content\/uploads\/2020\/03\/gpower-logo.png","width":140,"height":30,"caption":"G'power carbon paddles"},"image":{"@id":"https:\/\/gpowersport.com\/pl\/#\/schema\/logo\/image\/"},"sameAs":["https:\/\/www.facebook.com\/GpowerPaddles","https:\/\/www.instagram.com\/gpowerpaddles\/"]}]}},"_links":{"self":[{"href":"https:\/\/gpowersport.com\/pl\/wp-json\/wp\/v2\/product\/36243","targetHints":{"allow":["GET"]}}],"collection":[{"href":"https:\/\/gpowersport.com\/pl\/wp-json\/wp\/v2\/product"}],"about":[{"href":"https:\/\/gpowersport.com\/pl\/wp-json\/wp\/v2\/types\/product"}],"replies":[{"embeddable":true,"href":"https:\/\/gpowersport.com\/pl\/wp-json\/wp\/v2\/comments?post=36243"}],"wp:featuredmedia":[{"embeddable":true,"href":"https:\/\/gpowersport.com\/pl\/wp-json\/wp\/v2\/media\/36244"}],"wp:attachment":[{"href":"https:\/\/gpowersport.com\/pl\/wp-json\/wp\/v2\/media?parent=36243"}],"wp:term":[{"taxonomy":"product_brand","embeddable":true,"href":"https:\/\/gpowersport.com\/pl\/wp-json\/wp\/v2\/product_brand?post=36243"},{"taxonomy":"product_cat","embeddable":true,"href":"https:\/\/gpowersport.com\/pl\/wp-json\/wp\/v2\/product_cat?post=36243"},{"taxonomy":"product_tag","embeddable":true,"href":"https:\/\/gpowersport.com\/pl\/wp-json\/wp\/v2\/product_tag?post=36243"}],"curies":[{"name":"wp","href":"https:\/\/api.w.org\/{rel}","templated":true}]}}