{"id":36351,"date":"2021-08-20T11:12:36","date_gmt":"2021-08-20T11:12:36","guid":{"rendered":"https:\/\/gpowersport.com\/?post_type=product&#038;p=36351"},"modified":"2024-11-29T20:24:13","modified_gmt":"2024-11-29T20:24:13","slug":"stand-up-three-part-paddle-warrior-club-3p-copy","status":"publish","type":"product","link":"https:\/\/gpowersport.com\/pl\/carbon-fiber-paddles\/sup-paddle\/stand-up-three-part-paddle-warrior-club-3p-copy\/","title":{"rendered":"Stand Up trzycz\u0119\u015bciowe wios\u0142o - Warrior Club 3p"},"content":{"rendered":"<h1><span style=\"font-size: 75%;\">Stand Up trzycz\u0119\u015bciowe wios\u0142o - Warrior Club 3p<\/span><\/h1>\n<h2><span style=\"font-size: 75%;\">Wios\u0142o trzycz\u0119\u015bciowe do Stand Up - Warrior Club 3p - CARBON STAND UP PADDLE z podw\u00f3jnym systemem kompozytowym Qnect G'Power. 40% Carbonowa konstrukcja i innowacyjny kszta\u0142t wios\u0142a przeniesie Ci\u0119 na dobry sportowy poziom. System dren\u00f3w na powierzchni wios\u0142a usztywnia j\u0105 i daje dodatkow\u0105 moc podczas ka\u017cdego poci\u0105gni\u0119cia. Tutaj mo\u017cesz dopasowa\u0107 wios\u0142o pod swoje preferencje. Do wyboru s\u0105 3 rozmiary wiose\u0142. Wios\u0142o jest idealne na pocz\u0105tek przygody z desk\u0105 SUP.<br \/>\nRegulowany system Qnect daje mo\u017cliwo\u015b\u0107 zmiany d\u0142ugo\u015bci od 175 do 215 cm. Wios\u0142o mo\u017cna roz\u0142o\u017cy\u0107 na 3 cz\u0119\u015bci. D\u0142ugo\u015b\u0107 najwi\u0119kszego elementu to 87 cm. Mie\u015bci si\u0119 w standardowej torbie sup.<br \/>\n<\/span><\/h2>\n\t<div id=\"gap-1257921324\" class=\"gap-element clearfix\" style=\"display:block; height:auto;\">\n\t\t\n<style>\n#gap-1257921324 {\n  padding-top: 62px;\n}\n<\/style>\n\t<\/div>\n\t\n<div class=\"row\"  id=\"row-405350175\">\n\n\t<div id=\"col-1740214043\" class=\"col medium-3 small-6 large-3\"  >\n\t\t\t\t<div class=\"col-inner\"  >\n\t\t\t\n\t\t\t\n<p><strong>Rozmiar S<\/strong><\/p>\n<p><strong>Powierzchnia pi\u00f3ra:<\/strong> 510 cm2 \/ 79 inch2<br \/>\n<strong>D\u0142ugo\u015b\u0107 pi\u00f3ra:<\/strong> 400 mm<br \/>\n<strong>Szeroko\u015b\u0107 pi\u00f3ra<\/strong>: 155 mm<br \/>\n<strong>Zawarto\u015b\u0107 carbonu<\/strong> - pi\u00f3ro 40%<br \/>\n<strong>\u015arednica dr\u0105\u017cka<\/strong> 28 mm<br \/>\n<strong>Waga wios\u0142a<\/strong> ~ g<br \/>\n<strong>Metalowe ko\u0144c\u00f3wki<\/strong> - nie<\/p>\n\t\t<\/div>\n\t\t\t\t\t<\/div>\n\n\t\n\n\t<div id=\"col-871693276\" class=\"col medium-3 small-6 large-3\"  >\n\t\t\t\t<div class=\"col-inner\"  >\n\t\t\t\n\t\t\t\n<p><strong>Rozmiar M<\/strong><\/p>\n<p><strong>Powierzchnia pi\u00f3ra:<\/strong> 556 cm2 \/ 86,1 cala2<br \/>\n<strong>D\u0142ugo\u015b\u0107 pi\u00f3ra:<\/strong> 440 mm<br \/>\n<strong>Szeroko\u015b\u0107 pi\u00f3ra:<\/strong> 164 mm<br \/>\n<strong>Zawarto\u015b\u0107 carbonu<\/strong> - pi\u00f3ro 40%<br \/>\n<strong>\u015arednica dr\u0105\u017cka<\/strong> 28 mm<br \/>\n<strong>Waga wios\u0142a<\/strong> ~ 670 g<br \/>\n<strong>Metalowe ko\u0144c\u00f3wki<\/strong> - nie<\/p>\n\t\t<\/div>\n\t\t\t\t\t<\/div>\n\n\t\n\n\t<div id=\"col-2023372067\" class=\"col medium-3 small-6 large-3\"  >\n\t\t\t\t<div class=\"col-inner\"  >\n\t\t\t\n\t\t\t\n<p><strong>Rozmiar L<\/strong><\/p>\n<p><strong>Powierzchnia pi\u00f3ra:<\/strong> 597 cm2 \/ 92,5 cala2<br \/>\n<strong>D\u0142ugo\u015b\u0107 pi\u00f3ra:<\/strong> 445 mm<br \/>\n<strong>Szeroko\u015b\u0107 pi\u00f3ra:<\/strong> 174 mm<br \/>\n<strong>Zawarto\u015b\u0107 carbonu<\/strong> - pi\u00f3ro 40%<br \/>\n<strong>\u015arednica dr\u0105\u017cka<\/strong> 28 mm<br \/>\n<strong>Waga wios\u0142a<\/strong> ~ g<br \/>\n<strong>Metalowe ko\u0144c\u00f3wki<\/strong> - nie<\/p>\n\t\t<\/div>\n\t\t\t\t\t<\/div>\n\n\t\n<\/div>\n\t<div id=\"gap-2139224206\" class=\"gap-element clearfix\" style=\"display:block; height:auto;\">\n\t\t\n<style>\n#gap-2139224206 {\n  padding-top: 62px;\n}\n<\/style>\n\t<\/div>\n\t\n\t<div id=\"gap-647808392\" class=\"gap-element clearfix\" style=\"display:block; height:auto;\">\n\t\t\n<style>\n#gap-647808392 {\n  padding-top: 50px;\n}\n<\/style>\n\t<\/div>\n\t\n<div class=\"row align-middle\"  id=\"row-1609842362\">\n\n\t<div id=\"col-2001826065\" class=\"col medium-4 small-12 large-4\"  >\n\t\t\t\t<div class=\"col-inner\"  >\n\t\t\t\n\t\t\t\n\t<div class=\"img has-hover x md-x lg-x y md-y lg-y\" id=\"image_780908925\">\n\t\t\t\t\t\t\t\t<div class=\"img-inner dark\" style=\"margin:-50px 0px 0px 0px;\">\n\t\t\t<img fetchpriority=\"high\" decoding=\"async\" width=\"1020\" height=\"680\" src=\"https:\/\/gpowersport.com\/wp-content\/uploads\/2019\/10\/composite_qnect_1-1200x800.jpg\" class=\"attachment-large size-large\" alt=\"\" srcset=\"https:\/\/gpowersport.com\/wp-content\/uploads\/2019\/10\/composite_qnect_1-1200x800.jpg 1200w, https:\/\/gpowersport.com\/wp-content\/uploads\/2019\/10\/composite_qnect_1-600x400.jpg 600w, https:\/\/gpowersport.com\/wp-content\/uploads\/2019\/10\/composite_qnect_1-768x512.jpg 768w, https:\/\/gpowersport.com\/wp-content\/uploads\/2019\/10\/composite_qnect_1-1536x1024.jpg 1536w, https:\/\/gpowersport.com\/wp-content\/uploads\/2019\/10\/composite_qnect_1-18x12.jpg 18w, https:\/\/gpowersport.com\/wp-content\/uploads\/2019\/10\/composite_qnect_1-1000x667.jpg 1000w, https:\/\/gpowersport.com\/wp-content\/uploads\/2019\/10\/composite_qnect_1-800x534.jpg 800w, https:\/\/gpowersport.com\/wp-content\/uploads\/2019\/10\/composite_qnect_1.jpg 1600w\" sizes=\"(max-width: 1020px) 100vw, 1020px\" \/>\t\t\t\t\t\t\n\t\t\t\t\t<\/div>\n\t\t\t\t\t\t\t\t\n<style>\n#image_780908925 {\n  width: 100%;\n}\n<\/style>\n\t<\/div>\n\t\n\t\t<\/div>\n\t\t\t\t\t<\/div>\n\n\t\n\n\t<div id=\"col-1888117218\" class=\"col medium-8 small-12 large-8\"  >\n\t\t\t\t<div class=\"col-inner\"  >\n\t\t\t\n\t\t\t\n<p>Nasze wios\u0142a s\u0105 dost\u0119pne z systemem regulacji QNECT (aluminium lub kompozyt). Umo\u017cliwia on regulacj\u0119 ca\u0142kowitej d\u0142ugo\u015bci wios\u0142a (w zakresie 10 cm) oraz k\u0105ta nachylenia pi\u00f3ra od 0\u00b0 do 85\u00b0 w prawo lub w lewo co 5\u00b0. System QNECT umo\u017cliwia ustawienie indywidualnego k\u0105ta pi\u00f3ra a tak\u017ce roz\u0142o\u017cenie wios\u0142a na dwie cz\u0119\u015bci w celu u\u0142atwienia transportu.<\/p>\n<p><strong>Kompozyt QNECT<\/strong> - Solidny system kompozytowy, wykonany ze specjalnego materia\u0142u poliamidowego, kt\u00f3ry jest ekstremalnie odporny na uderzenia i s\u0142on\u0105 wod\u0119. Bardzo \u0142atwy w u\u017cyciu, z mo\u017cliwo\u015bci\u0105 korekty ustawienia k\u0105ta. Polecany do wszystkich wiose\u0142, szczeg\u00f3lnie w s\u0142onej wodzie.<\/p>\n<hr \/>\n<p><span style=\"font-size: 90%; color: #d83131;\"><img decoding=\"async\" class=\"wp-image-33383 alignleft\" src=\"http:\/\/gpowersport.com\/wp-content\/uploads\/2019\/10\/attention.png\" alt=\"\" width=\"46\" height=\"49\" srcset=\"https:\/\/gpowersport.com\/wp-content\/uploads\/2019\/10\/attention.png 100w, https:\/\/gpowersport.com\/wp-content\/uploads\/2019\/10\/attention-11x12.png 11w\" sizes=\"(max-width: 46px) 100vw, 46px\" \/><strong><span style=\"font-size: 75%;\">WA\u017bNE!<\/span><\/strong><\/span><strong><span style=\"font-size: 75%;\"> Nie zapomnij wyczy\u015bci\u0107 wios\u0142a i systemu QNECT po u\u017cyciu w s\u0142odkiej wodzie. Je\u015bli u\u017cywasz go w s\u0142onej wodzie, r\u00f3b to po ka\u017cdej sesji. Dla wiose\u0142 nie u\u017cywanych przez ponad dwa tygodnie - przechowuj rozmontowane.<\/span><\/strong><\/p>\n\t\t<\/div>\n\t\t\t\t\t<\/div>\n\n\t\n<\/div>\n<p style=\"text-align: center;\">K\u0105t pi\u00f3ra wios\u0142a Warrior wynosi 10 stopni.<\/p>\n\t<div class=\"img has-hover x md-x lg-x y md-y lg-y\" id=\"image_1242614382\">\n\t\t\t\t\t\t\t\t<div class=\"img-inner dark\" >\n\t\t\t<img decoding=\"async\" width=\"1020\" height=\"282\" src=\"https:\/\/gpowersport.com\/wp-content\/uploads\/2021\/04\/10-deegrese-1400x387.jpg\" class=\"attachment-large size-large\" alt=\"\" srcset=\"https:\/\/gpowersport.com\/wp-content\/uploads\/2021\/04\/10-deegrese-1400x387.jpg 1400w, https:\/\/gpowersport.com\/wp-content\/uploads\/2021\/04\/10-deegrese-750x207.jpg 750w, https:\/\/gpowersport.com\/wp-content\/uploads\/2021\/04\/10-deegrese-18x5.jpg 18w, https:\/\/gpowersport.com\/wp-content\/uploads\/2021\/04\/10-deegrese-768x212.jpg 768w, https:\/\/gpowersport.com\/wp-content\/uploads\/2021\/04\/10-deegrese-1536x424.jpg 1536w, https:\/\/gpowersport.com\/wp-content\/uploads\/2021\/04\/10-deegrese-1000x276.jpg 1000w, https:\/\/gpowersport.com\/wp-content\/uploads\/2021\/04\/10-deegrese-800x221.jpg 800w, https:\/\/gpowersport.com\/wp-content\/uploads\/2021\/04\/10-deegrese.jpg 1840w\" sizes=\"(max-width: 1020px) 100vw, 1020px\" \/>\t\t\t\t\t\t\n\t\t\t\t\t<\/div>\n\t\t\t\t\t\t\t\t\n<style>\n#image_1242614382 {\n  width: 100%;\n}\n<\/style>\n\t<\/div>\n\t\n\t<div id=\"gap-1996417037\" class=\"gap-element clearfix\" style=\"display:block; height:auto;\">\n\t\t\n<style>\n#gap-1996417037 {\n  padding-top: 50px;\n}\n<\/style>\n\t<\/div>\n\t\n\n\t<section class=\"section\" id=\"section_1120672598\">\n\t\t<div class=\"section-bg fill\" >\n\t\t\t\t\t\t\t\t\t<div class=\"loading-spin centered\"><\/div>\n\t\t\t\n\n\t\t<\/div>\n\n\t\t\n\n\t\t<div class=\"section-content relative\">\n\t\t\t\n<div class=\"row row-solid\"  id=\"row-1837926226\">\n\n\t<div id=\"col-1185923760\" class=\"col medium-4 small-12 large-4\"  >\n\t\t\t\t<div class=\"col-inner\"  >\n\t\t\t\n\t\t\t\n\n\t\t<div class=\"icon-box featured-box icon-box-center text-center\"  >\n\t\t\t\t\t<div class=\"icon-box-img\" style=\"width: 50px\">\n\t\t\t\t<div class=\"icon\">\n\t\t\t\t\t<div class=\"icon-inner\" >\n\t\t\t\t\t\t<img loading=\"lazy\" decoding=\"async\" width=\"128\" height=\"128\" src=\"https:\/\/gpowersport.com\/wp-content\/uploads\/2020\/09\/2703076-128-1-1.png\" class=\"attachment-medium size-medium\" alt=\"\" srcset=\"https:\/\/gpowersport.com\/wp-content\/uploads\/2020\/09\/2703076-128-1-1.png 128w, https:\/\/gpowersport.com\/wp-content\/uploads\/2020\/09\/2703076-128-1-1-12x12.png 12w, https:\/\/gpowersport.com\/wp-content\/uploads\/2020\/09\/2703076-128-1-1-120x120.png 120w, https:\/\/gpowersport.com\/wp-content\/uploads\/2020\/09\/2703076-128-1-1-100x100.png 100w\" sizes=\"(max-width: 128px) 100vw, 128px\" \/>\t\t\t\t\t<\/div>\n\t\t\t\t<\/div>\n\t\t\t<\/div>\n\t\t\t\t<div class=\"icon-box-text last-reset\">\n\t\t\t\t\t\t\t\t\t\n<p>&nbsp;<\/p>\n<h3>Zostaw opini\u0119<\/h3>\n<p>Twoja opinia jest dla nas najwa\u017cniejsza. Dzi\u0119ki temu rozwijamy nasze produkty...<\/p>\n\t\t<\/div>\n\t<\/div>\n\t\n\t\n\t\t<\/div>\n\t\t\t\t\t<\/div>\n\n\t\n\n\t<div id=\"col-683895767\" class=\"col medium-4 small-12 large-4\"  >\n\t\t\t\t<div class=\"col-inner\"  >\n\t\t\t\n\t\t\t\n\n\t\t<div class=\"icon-box featured-box icon-box-center text-center\"  >\n\t\t\t\t\t<div class=\"icon-box-img\" style=\"width: 50px\">\n\t\t\t\t<div class=\"icon\">\n\t\t\t\t\t<div class=\"icon-inner\" >\n\t\t\t\t\t\t<img loading=\"lazy\" decoding=\"async\" width=\"128\" height=\"128\" src=\"https:\/\/gpowersport.com\/wp-content\/uploads\/2020\/09\/5959201-128-1.png\" class=\"attachment-medium size-medium\" alt=\"\" srcset=\"https:\/\/gpowersport.com\/wp-content\/uploads\/2020\/09\/5959201-128-1.png 128w, https:\/\/gpowersport.com\/wp-content\/uploads\/2020\/09\/5959201-128-1-12x12.png 12w, https:\/\/gpowersport.com\/wp-content\/uploads\/2020\/09\/5959201-128-1-120x120.png 120w, https:\/\/gpowersport.com\/wp-content\/uploads\/2020\/09\/5959201-128-1-100x100.png 100w\" sizes=\"(max-width: 128px) 100vw, 128px\" \/>\t\t\t\t\t<\/div>\n\t\t\t\t<\/div>\n\t\t\t<\/div>\n\t\t\t\t<div class=\"icon-box-text last-reset\">\n\t\t\t\t\t\t\t\t\t\n<h3>Od drzwi do drzwi<\/h3>\n<p>Kupuj\u0105c w naszym sklepie masz pe\u0142n\u0105 gwarancj\u0119. Reklamacje rozpatrywane s\u0105 bezpo\u015brednio przez producenta. Szybko i bezproblemowo.<\/p>\n\t\t<\/div>\n\t<\/div>\n\t\n\t\n\t\t<\/div>\n\t\t\t\t\t<\/div>\n\n\t\n\n<style>\n#row-1837926226 > .col > .col-inner {\n  padding: 20px 20px 20px 20px;\n}\n<\/style>\n<\/div>\n\t\t<\/div>\n\n\t\t\n<style>\n#section_1120672598 {\n  padding-top: 30px;\n  padding-bottom: 30px;\n}\n<\/style>\n\t<\/section>","protected":false},"excerpt":{"rendered":"<p>Stand Up three part paddle \u2013 Warrior Club 3p Stand Up three-part paddle \u2013 Warrior Club 3p \u2013 CARBON STAND UP PADDLE with double Qnect G&#8217;Power composite system. 40% Carbon construction and innovative blade shape will take you to good sporting level. Drain system on the blade surface makes the blade more stiff and gives<\/p>","protected":false},"featured_media":36357,"comment_status":"open","ping_status":"closed","template":"","meta":[],"product_brand":[],"product_cat":[18,104],"product_tag":[],"class_list":{"0":"post-36351","1":"product","2":"type-product","3":"status-publish","4":"has-post-thumbnail","6":"product_cat-carbon-fiber-paddles","7":"product_cat-sup-paddle","9":"first","10":"instock","11":"taxable","12":"shipping-taxable","13":"purchasable","14":"product-type-composite"},"yoast_head":"<!-- This site is optimized with the Yoast SEO Premium plugin v20.7 (Yoast SEO v27.1.1) - https:\/\/yoast.com\/product\/yoast-seo-premium-wordpress\/ -->\n<title>Stand Up three part paddle \u2013 Warrior Club 3p - G&#039;Power three-part paddle<\/title>\n<meta name=\"description\" content=\"Stand Up three-part paddle \u2013 Warrior Club 3p \u2013 CARBON STAND UP PADDLE with double Qnect system. You can disassemble the paddle into 3 parts.\" \/>\n<meta name=\"robots\" content=\"index, follow, max-snippet:-1, max-image-preview:large, max-video-preview:-1\" \/>\n<link rel=\"canonical\" href=\"https:\/\/gpowersport.com\/pl\/carbon-fiber-paddles\/sup-paddle\/stand-up-three-part-paddle-warrior-club-3p-copy\/\" \/>\n<meta property=\"og:locale\" content=\"pl_PL\" \/>\n<meta property=\"og:type\" content=\"article\" \/>\n<meta property=\"og:title\" content=\"Stand Up three part paddle \u2013 Warrior Club 3p\" \/>\n<meta property=\"og:description\" content=\"Stand Up three-part paddle \u2013 Warrior Club 3p \u2013 CARBON STAND UP PADDLE with double Qnect system. You can disassemble the paddle into 3 parts.\" \/>\n<meta property=\"og:url\" content=\"https:\/\/gpowersport.com\/pl\/carbon-fiber-paddles\/sup-paddle\/stand-up-three-part-paddle-warrior-club-3p-copy\/\" \/>\n<meta property=\"og:site_name\" content=\"G&#039;Power\" \/>\n<meta property=\"article:publisher\" content=\"https:\/\/www.facebook.com\/GpowerPaddles\" \/>\n<meta property=\"article:modified_time\" content=\"2024-11-29T20:24:13+00:00\" \/>\n<meta property=\"og:image\" content=\"https:\/\/gpowersport.com\/wp-content\/uploads\/2021\/08\/Stand-Up-three-part-paddle-_Warrior-Club-3p_st.jpg\" \/>\n\t<meta property=\"og:image:width\" content=\"1200\" \/>\n\t<meta property=\"og:image:height\" content=\"218\" \/>\n\t<meta property=\"og:image:type\" content=\"image\/jpeg\" \/>\n<meta name=\"twitter:card\" content=\"summary_large_image\" \/>\n<meta name=\"twitter:label1\" content=\"Szacowany czas czytania\" \/>\n\t<meta name=\"twitter:data1\" content=\"3 minuty\" \/>\n<script type=\"application\/ld+json\" class=\"yoast-schema-graph\">{\"@context\":\"https:\/\/schema.org\",\"@graph\":[{\"@type\":[\"WebPage\",\"ItemPage\"],\"@id\":\"https:\/\/gpowersport.com\/nl\/carbon-fiber-paddles\/sup-paddle\/stand-up-three-part-paddle-warrior-club-3p-copy\/\",\"url\":\"https:\/\/gpowersport.com\/nl\/carbon-fiber-paddles\/sup-paddle\/stand-up-three-part-paddle-warrior-club-3p-copy\/\",\"name\":\"Stand Up three part paddle \u2013 Warrior Club 3p - G&#039;Power three-part paddle\",\"isPartOf\":{\"@id\":\"https:\/\/gpowersport.com\/pl\/#website\"},\"primaryImageOfPage\":{\"@id\":\"https:\/\/gpowersport.com\/nl\/carbon-fiber-paddles\/sup-paddle\/stand-up-three-part-paddle-warrior-club-3p-copy\/#primaryimage\"},\"image\":{\"@id\":\"https:\/\/gpowersport.com\/nl\/carbon-fiber-paddles\/sup-paddle\/stand-up-three-part-paddle-warrior-club-3p-copy\/#primaryimage\"},\"thumbnailUrl\":\"https:\/\/gpowersport.com\/wp-content\/uploads\/2021\/08\/Stand-Up-three-part-paddle-_Warrior-Club-3p_st.jpg\",\"datePublished\":\"2021-08-20T11:12:36+00:00\",\"dateModified\":\"2024-11-29T20:24:13+00:00\",\"description\":\"Stand Up three-part paddle \u2013 Warrior Club 3p \u2013 CARBON STAND UP PADDLE with double Qnect system. You can disassemble the paddle into 3 parts.\",\"breadcrumb\":{\"@id\":\"https:\/\/gpowersport.com\/nl\/carbon-fiber-paddles\/sup-paddle\/stand-up-three-part-paddle-warrior-club-3p-copy\/#breadcrumb\"},\"inLanguage\":\"pl-PL\",\"potentialAction\":[{\"@type\":\"ReadAction\",\"target\":[\"https:\/\/gpowersport.com\/nl\/carbon-fiber-paddles\/sup-paddle\/stand-up-three-part-paddle-warrior-club-3p-copy\/\"]}]},{\"@type\":\"ImageObject\",\"inLanguage\":\"pl-PL\",\"@id\":\"https:\/\/gpowersport.com\/nl\/carbon-fiber-paddles\/sup-paddle\/stand-up-three-part-paddle-warrior-club-3p-copy\/#primaryimage\",\"url\":\"https:\/\/gpowersport.com\/wp-content\/uploads\/2021\/08\/Stand-Up-three-part-paddle-_Warrior-Club-3p_st.jpg\",\"contentUrl\":\"https:\/\/gpowersport.com\/wp-content\/uploads\/2021\/08\/Stand-Up-three-part-paddle-_Warrior-Club-3p_st.jpg\",\"width\":1200,\"height\":218,\"caption\":\"Stand Up three part paddle\"},{\"@type\":\"BreadcrumbList\",\"@id\":\"https:\/\/gpowersport.com\/nl\/carbon-fiber-paddles\/sup-paddle\/stand-up-three-part-paddle-warrior-club-3p-copy\/#breadcrumb\",\"itemListElement\":[{\"@type\":\"ListItem\",\"position\":1,\"name\":\"Home\",\"item\":\"https:\/\/gpowersport.com\/\"},{\"@type\":\"ListItem\",\"position\":2,\"name\":\"Shop\",\"item\":\"https:\/\/gpowersport.com\/carbon-fiber-paddles\/\"},{\"@type\":\"ListItem\",\"position\":3,\"name\":\"Carbon Fiber Paddles\",\"item\":\"https:\/\/gpowersport.com\/pl\/carbon-fiber-paddles\/\"},{\"@type\":\"ListItem\",\"position\":4,\"name\":\"Stand UP Paddles\",\"item\":\"https:\/\/gpowersport.com\/carbon-fiber-paddles\/sup-paddle\/\"},{\"@type\":\"ListItem\",\"position\":5,\"name\":\"Stand Up three part paddle \u2013 Warrior Club 3p\"}]},{\"@type\":\"WebSite\",\"@id\":\"https:\/\/gpowersport.com\/pl\/#website\",\"url\":\"https:\/\/gpowersport.com\/pl\/\",\"name\":\"G'Power carbon paddles\",\"description\":\"\",\"publisher\":{\"@id\":\"https:\/\/gpowersport.com\/pl\/#organization\"},\"potentialAction\":[{\"@type\":\"SearchAction\",\"target\":{\"@type\":\"EntryPoint\",\"urlTemplate\":\"https:\/\/gpowersport.com\/pl\/?s={search_term_string}\"},\"query-input\":{\"@type\":\"PropertyValueSpecification\",\"valueRequired\":true,\"valueName\":\"search_term_string\"}}],\"inLanguage\":\"pl-PL\"},{\"@type\":\"Organization\",\"@id\":\"https:\/\/gpowersport.com\/pl\/#organization\",\"name\":\"G'power carbon paddles\",\"url\":\"https:\/\/gpowersport.com\/pl\/\",\"logo\":{\"@type\":\"ImageObject\",\"inLanguage\":\"pl-PL\",\"@id\":\"https:\/\/gpowersport.com\/pl\/#\/schema\/logo\/image\/\",\"url\":\"https:\/\/gpowersport.com\/wp-content\/uploads\/2020\/03\/gpower-logo.png\",\"contentUrl\":\"https:\/\/gpowersport.com\/wp-content\/uploads\/2020\/03\/gpower-logo.png\",\"width\":140,\"height\":30,\"caption\":\"G'power carbon paddles\"},\"image\":{\"@id\":\"https:\/\/gpowersport.com\/pl\/#\/schema\/logo\/image\/\"},\"sameAs\":[\"https:\/\/www.facebook.com\/GpowerPaddles\",\"https:\/\/www.instagram.com\/gpowerpaddles\/\"]}]}<\/script>\n<!-- \/ Yoast SEO Premium plugin. -->","yoast_head_json":{"title":"Wios\u0142o trzycz\u0119\u015bciowe Stand Up - Warrior Club 3p - G&#039;Power wios\u0142o trzycz\u0119\u015bciowe","description":"Trzycz\u0119\u015bciowe wios\u0142o do Stand Up - Warrior Club 3p - CARBON STAND UP PADDLE z podw\u00f3jnym systemem Qnect. Mo\u017cesz roz\u0142o\u017cy\u0107 wios\u0142o na 3 cz\u0119\u015bci.","robots":{"index":"index","follow":"follow","max-snippet":"max-snippet:-1","max-image-preview":"max-image-preview:large","max-video-preview":"max-video-preview:-1"},"canonical":"https:\/\/gpowersport.com\/pl\/carbon-fiber-paddles\/sup-paddle\/stand-up-three-part-paddle-warrior-club-3p-copy\/","og_locale":"pl_PL","og_type":"article","og_title":"Stand Up three part paddle \u2013 Warrior Club 3p","og_description":"Stand Up three-part paddle \u2013 Warrior Club 3p \u2013 CARBON STAND UP PADDLE with double Qnect system. You can disassemble the paddle into 3 parts.","og_url":"https:\/\/gpowersport.com\/pl\/carbon-fiber-paddles\/sup-paddle\/stand-up-three-part-paddle-warrior-club-3p-copy\/","og_site_name":"G&#039;Power","article_publisher":"https:\/\/www.facebook.com\/GpowerPaddles","article_modified_time":"2024-11-29T20:24:13+00:00","og_image":[{"width":1200,"height":218,"url":"https:\/\/gpowersport.com\/wp-content\/uploads\/2021\/08\/Stand-Up-three-part-paddle-_Warrior-Club-3p_st.jpg","type":"image\/jpeg"}],"twitter_card":"summary_large_image","twitter_misc":{"Szacowany czas czytania":"3 minuty"},"schema":{"@context":"https:\/\/schema.org","@graph":[{"@type":["WebPage","ItemPage"],"@id":"https:\/\/gpowersport.com\/nl\/carbon-fiber-paddles\/sup-paddle\/stand-up-three-part-paddle-warrior-club-3p-copy\/","url":"https:\/\/gpowersport.com\/nl\/carbon-fiber-paddles\/sup-paddle\/stand-up-three-part-paddle-warrior-club-3p-copy\/","name":"Wios\u0142o trzycz\u0119\u015bciowe Stand Up - Warrior Club 3p - G&#039;Power wios\u0142o trzycz\u0119\u015bciowe","isPartOf":{"@id":"https:\/\/gpowersport.com\/pl\/#website"},"primaryImageOfPage":{"@id":"https:\/\/gpowersport.com\/nl\/carbon-fiber-paddles\/sup-paddle\/stand-up-three-part-paddle-warrior-club-3p-copy\/#primaryimage"},"image":{"@id":"https:\/\/gpowersport.com\/nl\/carbon-fiber-paddles\/sup-paddle\/stand-up-three-part-paddle-warrior-club-3p-copy\/#primaryimage"},"thumbnailUrl":"https:\/\/gpowersport.com\/wp-content\/uploads\/2021\/08\/Stand-Up-three-part-paddle-_Warrior-Club-3p_st.jpg","datePublished":"2021-08-20T11:12:36+00:00","dateModified":"2024-11-29T20:24:13+00:00","description":"Trzycz\u0119\u015bciowe wios\u0142o do Stand Up - Warrior Club 3p - CARBON STAND UP PADDLE z podw\u00f3jnym systemem Qnect. Mo\u017cesz roz\u0142o\u017cy\u0107 wios\u0142o na 3 cz\u0119\u015bci.","breadcrumb":{"@id":"https:\/\/gpowersport.com\/nl\/carbon-fiber-paddles\/sup-paddle\/stand-up-three-part-paddle-warrior-club-3p-copy\/#breadcrumb"},"inLanguage":"pl-PL","potentialAction":[{"@type":"ReadAction","target":["https:\/\/gpowersport.com\/nl\/carbon-fiber-paddles\/sup-paddle\/stand-up-three-part-paddle-warrior-club-3p-copy\/"]}]},{"@type":"ImageObject","inLanguage":"pl-PL","@id":"https:\/\/gpowersport.com\/nl\/carbon-fiber-paddles\/sup-paddle\/stand-up-three-part-paddle-warrior-club-3p-copy\/#primaryimage","url":"https:\/\/gpowersport.com\/wp-content\/uploads\/2021\/08\/Stand-Up-three-part-paddle-_Warrior-Club-3p_st.jpg","contentUrl":"https:\/\/gpowersport.com\/wp-content\/uploads\/2021\/08\/Stand-Up-three-part-paddle-_Warrior-Club-3p_st.jpg","width":1200,"height":218,"caption":"Stand Up three part paddle"},{"@type":"BreadcrumbList","@id":"https:\/\/gpowersport.com\/nl\/carbon-fiber-paddles\/sup-paddle\/stand-up-three-part-paddle-warrior-club-3p-copy\/#breadcrumb","itemListElement":[{"@type":"ListItem","position":1,"name":"Home","item":"https:\/\/gpowersport.com\/"},{"@type":"ListItem","position":2,"name":"Shop","item":"https:\/\/gpowersport.com\/carbon-fiber-paddles\/"},{"@type":"ListItem","position":3,"name":"Carbon Fiber Paddles","item":"https:\/\/gpowersport.com\/pl\/carbon-fiber-paddles\/"},{"@type":"ListItem","position":4,"name":"Stand UP Paddles","item":"https:\/\/gpowersport.com\/carbon-fiber-paddles\/sup-paddle\/"},{"@type":"ListItem","position":5,"name":"Stand Up three part paddle \u2013 Warrior Club 3p"}]},{"@type":"WebSite","@id":"https:\/\/gpowersport.com\/pl\/#website","url":"https:\/\/gpowersport.com\/pl\/","name":"G'Power carbon paddles","description":"","publisher":{"@id":"https:\/\/gpowersport.com\/pl\/#organization"},"potentialAction":[{"@type":"SearchAction","target":{"@type":"EntryPoint","urlTemplate":"https:\/\/gpowersport.com\/pl\/?s={search_term_string}"},"query-input":{"@type":"PropertyValueSpecification","valueRequired":true,"valueName":"search_term_string"}}],"inLanguage":"pl-PL"},{"@type":"Organization","@id":"https:\/\/gpowersport.com\/pl\/#organization","name":"G'power carbon paddles","url":"https:\/\/gpowersport.com\/pl\/","logo":{"@type":"ImageObject","inLanguage":"pl-PL","@id":"https:\/\/gpowersport.com\/pl\/#\/schema\/logo\/image\/","url":"https:\/\/gpowersport.com\/wp-content\/uploads\/2020\/03\/gpower-logo.png","contentUrl":"https:\/\/gpowersport.com\/wp-content\/uploads\/2020\/03\/gpower-logo.png","width":140,"height":30,"caption":"G'power carbon paddles"},"image":{"@id":"https:\/\/gpowersport.com\/pl\/#\/schema\/logo\/image\/"},"sameAs":["https:\/\/www.facebook.com\/GpowerPaddles","https:\/\/www.instagram.com\/gpowerpaddles\/"]}]}},"_links":{"self":[{"href":"https:\/\/gpowersport.com\/pl\/wp-json\/wp\/v2\/product\/36351","targetHints":{"allow":["GET"]}}],"collection":[{"href":"https:\/\/gpowersport.com\/pl\/wp-json\/wp\/v2\/product"}],"about":[{"href":"https:\/\/gpowersport.com\/pl\/wp-json\/wp\/v2\/types\/product"}],"replies":[{"embeddable":true,"href":"https:\/\/gpowersport.com\/pl\/wp-json\/wp\/v2\/comments?post=36351"}],"wp:featuredmedia":[{"embeddable":true,"href":"https:\/\/gpowersport.com\/pl\/wp-json\/wp\/v2\/media\/36357"}],"wp:attachment":[{"href":"https:\/\/gpowersport.com\/pl\/wp-json\/wp\/v2\/media?parent=36351"}],"wp:term":[{"taxonomy":"product_brand","embeddable":true,"href":"https:\/\/gpowersport.com\/pl\/wp-json\/wp\/v2\/product_brand?post=36351"},{"taxonomy":"product_cat","embeddable":true,"href":"https:\/\/gpowersport.com\/pl\/wp-json\/wp\/v2\/product_cat?post=36351"},{"taxonomy":"product_tag","embeddable":true,"href":"https:\/\/gpowersport.com\/pl\/wp-json\/wp\/v2\/product_tag?post=36351"}],"curies":[{"name":"wp","href":"https:\/\/api.w.org\/{rel}","templated":true}]}}