{"id":36718,"date":"2022-02-10T11:40:51","date_gmt":"2022-02-10T11:40:51","guid":{"rendered":"https:\/\/gpowersport.com\/?post_type=product&#038;p=36718"},"modified":"2023-08-09T08:11:45","modified_gmt":"2023-08-09T08:11:45","slug":"fish-paddle-2p-acid-green","status":"publish","type":"product","link":"https:\/\/gpowersport.com\/pl\/carbon-fiber-paddles\/sup-paddle\/fish-paddle-2p-acid-green\/","title":{"rendered":"Sup Paddle Fish 2p Acid Green"},"content":{"rendered":"<h1><span style=\"font-size: 75%;\">Fish Paddle 2p<\/span><\/h1>\n<h2><span style=\"font-size: 75%;\">Fish Paddle do dwucz\u0119\u015bciowe wios\u0142o do paddleboardingu wykonane z w\u0119gla i szk\u0142a w technologii Pre-preg. Struktura <span style=\"color: #000000;\">wios\u0142o<\/span>\u00a0gwarantuje wysok\u0105 sztywno\u015b\u0107 i nisk\u0105 wag\u0119.<br \/>\nOko\u0142o 620g. Bardzo \u0142atwo porusza si\u0119 ca\u0142\u0105 si\u0142\u0105 w\u0142o\u017con\u0105 w poci\u0105gni\u0119cia na szybko\u015bci.<br \/>\npi\u00f3ro i r\u0119koje\u015b\u0107 wykonane z w\u0119gla 100%, trzonek do 40% w\u0119gla.<\/span><\/h2>\n<p>Wios\u0142o oferowane jest w jednym uniwersalnym rozmiarze w konstrukcji 2-cz\u0119\u015bciowej. Bardzo dobrze sprawdza si\u0119 na \u015brednich i d\u0142u\u017cszych dystansach. Idealny sprz\u0119t na weekendowe wypady w nieznane. Dzi\u0119ki niewielkiej wadze, wios\u0142owanie nie b\u0119dzie problemem nawet dla osoby s\u0142abszej fizycznie.<\/p>\n<p>Wios\u0142o posiada uchwyt PALM GRIP zintegrowany z rurk\u0105 w technologii monocoque. System regulacji (Qnect G'Power) pozwoli Ci p\u0142ynnie regulowa\u0107 d\u0142ugo\u015b\u0107 w zakresie 175-215 cm i u\u0142atwi transport. Dobrej jako\u015bci kompozytowa klamra nie koroduje i mocno si\u0119 trzyma, pozwala na u\u017cywanie tego samego wios\u0142a przez kilka os\u00f3b.<\/p>\n<p>Wyfrezowana miarka, w opozycji do wydrukowanej, pozostanie na karbonowej rurce na zawsze.<br \/>\n<a href=\"https:\/\/gpowersport.com\/pl\/carbon-fiber-paddles\/sup-paddle\/\">Nasze wios\u0142o SUP<\/a> Ryba dost\u0119pna jest w 2 kolorach grafiki. Niebieski i zielony.<\/p>\n<h2><span style=\"font-size: 75%;\"><strong>\u00a0<\/strong><\/span><\/h2>\n\t<div id=\"gap-219535190\" class=\"gap-element clearfix\" style=\"display:block; height:auto;\">\n\t\t\n<style>\n#gap-219535190 {\n  padding-top: 62px;\n}\n<\/style>\n\t<\/div>\n\t\n<div class=\"row\"  id=\"row-2005168535\"><\/div>\n\n\t<div id=\"col-1557734558\" class=\"col medium-3 small-6 large-3\"  >\n\t\t\t\t<div class=\"col-inner\"  >\n\t\t\t\n\t\t\t\n<p><strong>JEDNA ROZMIARKA<\/strong><\/p>\n<p><strong>Powierzchnia pi\u00f3ra:<\/strong> 545 cm2<br \/>\n<strong>D\u0142ugo\u015b\u0107 pi\u00f3ra:<\/strong> 450 mm<br \/>\n<strong>Szeroko\u015b\u0107 pi\u00f3ra<\/strong>: 180 mm<br \/>\n<strong>Zawarto\u015b\u0107 carbonu<\/strong> - 100%\/40%<br \/>\n<strong>\u015arednica dr\u0105\u017cka<\/strong> 28 mm<br \/>\n<strong>Waga wios\u0142a<\/strong> ~ 620 g<br \/>\n<strong>Metalowe ko\u0144c\u00f3wki<\/strong> - nie<\/p>\n\t\t<\/div>\n\t\t\t\t\t<\/div>\n\n\t\n\n\t<div id=\"col-744055046\" class=\"col medium-3 small-6 large-3\"  >\n\t\t\t\t<div class=\"col-inner\"  >\n\t\t\t\n\t\t\t\t\t<\/div>\n\t\t\t\t\t<\/div>\n\n\t\n<p>&nbsp;<\/p>\n<hr \/>\n<p><span style=\"font-size: 90%; color: #d83131;\"><img decoding=\"async\" class=\"wp-image-33383 alignleft\" src=\"http:\/\/gpowersport.com\/wp-content\/uploads\/2019\/10\/attention.png\" alt=\"\" width=\"46\" height=\"49\" srcset=\"https:\/\/gpowersport.com\/wp-content\/uploads\/2019\/10\/attention.png 100w, https:\/\/gpowersport.com\/wp-content\/uploads\/2019\/10\/attention-11x12.png 11w\" sizes=\"(max-width: 46px) 100vw, 46px\" \/><strong><span style=\"font-size: 75%;\">WA\u017bNE!<\/span><\/strong><\/span><strong><span style=\"font-size: 75%;\"> Nie zapomnij wyczy\u015bci\u0107 wios\u0142a i systemu QNECT po u\u017cyciu w s\u0142odkiej wodzie. Je\u015bli u\u017cywasz go w s\u0142onej wodzie, r\u00f3b to po ka\u017cdej sesji. Dla wiose\u0142 nie u\u017cywanych przez ponad dwa tygodnie - przechowuj rozmontowane.<\/span><\/strong><\/p>\n<p>&nbsp;<\/p>","protected":false},"excerpt":{"rendered":"<p>Fish Paddle 2p Fish Paddle for two-piece paddleboarding paddle made of carbon and glass in Pre-preg technology. The structure of the paddle\u00a0guarantees high rigidity and low weight. About\u00a0620g.\u00a0Very easily moves all the strength inserted in strokes\u00a0on the speed. Blade\u00a0and handle made of 100% carbon, shaft up to 40% carbon. The paddle is offered in one<\/p>","protected":false},"featured_media":36712,"comment_status":"open","ping_status":"closed","template":"","meta":[],"product_brand":[],"product_cat":[18,104],"product_tag":[],"class_list":{"0":"post-36718","1":"product","2":"type-product","3":"status-publish","4":"has-post-thumbnail","6":"product_cat-carbon-fiber-paddles","7":"product_cat-sup-paddle","9":"first","10":"instock","11":"featured","12":"taxable","13":"shipping-taxable","14":"purchasable","15":"product-type-composite"},"yoast_head":"<!-- This site is optimized with the Yoast SEO Premium plugin v20.7 (Yoast SEO v27.1.1) - https:\/\/yoast.com\/product\/yoast-seo-premium-wordpress\/ -->\n<title>Sup Paddle Fish 2p Acid Green - G&#039;Power<\/title>\n<meta name=\"robots\" content=\"index, follow, max-snippet:-1, max-image-preview:large, max-video-preview:-1\" \/>\n<link rel=\"canonical\" href=\"https:\/\/gpowersport.com\/pl\/carbon-fiber-paddles\/sup-paddle\/fish-paddle-2p-acid-green\/\" \/>\n<meta property=\"og:locale\" content=\"pl_PL\" \/>\n<meta property=\"og:type\" content=\"article\" \/>\n<meta property=\"og:title\" content=\"Sup Paddle Fish 2p Acid Green\" \/>\n<meta property=\"og:description\" content=\"Fish Paddle 2p Fish Paddle for two-piece paddleboarding paddle made of carbon and glass in Pre-preg technology. The structure of the paddle\u00a0guarantees high rigidity and low weight. About\u00a0620g.\u00a0Very easily moves all the strength inserted in strokes\u00a0on the speed. Blade\u00a0and handle made of 100% carbon, shaft up to 40% carbon. The paddle is offered in one\" \/>\n<meta property=\"og:url\" content=\"https:\/\/gpowersport.com\/pl\/carbon-fiber-paddles\/sup-paddle\/fish-paddle-2p-acid-green\/\" \/>\n<meta property=\"og:site_name\" content=\"G&#039;Power\" \/>\n<meta property=\"article:publisher\" content=\"https:\/\/www.facebook.com\/GpowerPaddles\" \/>\n<meta property=\"article:modified_time\" content=\"2023-08-09T08:11:45+00:00\" \/>\n<meta property=\"og:image\" content=\"https:\/\/gpowersport.com\/wp-content\/uploads\/2022\/02\/fish_paddle_SUP_acidgreen_start.jpg\" \/>\n\t<meta property=\"og:image:width\" content=\"1200\" \/>\n\t<meta property=\"og:image:height\" content=\"218\" \/>\n\t<meta property=\"og:image:type\" content=\"image\/jpeg\" \/>\n<meta name=\"twitter:card\" content=\"summary_large_image\" \/>\n<meta name=\"twitter:label1\" content=\"Szacowany czas czytania\" \/>\n\t<meta name=\"twitter:data1\" content=\"2 minuty\" \/>\n<script type=\"application\/ld+json\" class=\"yoast-schema-graph\">{\"@context\":\"https:\/\/schema.org\",\"@graph\":[{\"@type\":[\"WebPage\",\"ItemPage\"],\"@id\":\"https:\/\/gpowersport.com\/de\/carbon-fiber-paddles\/sup-paddle\/fish-paddle-2p-acid-green\/\",\"url\":\"https:\/\/gpowersport.com\/de\/carbon-fiber-paddles\/sup-paddle\/fish-paddle-2p-acid-green\/\",\"name\":\"Sup Paddle Fish 2p Acid Green - G&#039;Power\",\"isPartOf\":{\"@id\":\"https:\/\/gpowersport.com\/pl\/#website\"},\"primaryImageOfPage\":{\"@id\":\"https:\/\/gpowersport.com\/de\/carbon-fiber-paddles\/sup-paddle\/fish-paddle-2p-acid-green\/#primaryimage\"},\"image\":{\"@id\":\"https:\/\/gpowersport.com\/de\/carbon-fiber-paddles\/sup-paddle\/fish-paddle-2p-acid-green\/#primaryimage\"},\"thumbnailUrl\":\"https:\/\/gpowersport.com\/wp-content\/uploads\/2022\/02\/fish_paddle_SUP_acidgreen_start.jpg\",\"datePublished\":\"2022-02-10T11:40:51+00:00\",\"dateModified\":\"2023-08-09T08:11:45+00:00\",\"breadcrumb\":{\"@id\":\"https:\/\/gpowersport.com\/de\/carbon-fiber-paddles\/sup-paddle\/fish-paddle-2p-acid-green\/#breadcrumb\"},\"inLanguage\":\"pl-PL\",\"potentialAction\":[{\"@type\":\"ReadAction\",\"target\":[\"https:\/\/gpowersport.com\/de\/carbon-fiber-paddles\/sup-paddle\/fish-paddle-2p-acid-green\/\"]}]},{\"@type\":\"ImageObject\",\"inLanguage\":\"pl-PL\",\"@id\":\"https:\/\/gpowersport.com\/de\/carbon-fiber-paddles\/sup-paddle\/fish-paddle-2p-acid-green\/#primaryimage\",\"url\":\"https:\/\/gpowersport.com\/wp-content\/uploads\/2022\/02\/fish_paddle_SUP_acidgreen_start.jpg\",\"contentUrl\":\"https:\/\/gpowersport.com\/wp-content\/uploads\/2022\/02\/fish_paddle_SUP_acidgreen_start.jpg\",\"width\":1200,\"height\":218},{\"@type\":\"BreadcrumbList\",\"@id\":\"https:\/\/gpowersport.com\/de\/carbon-fiber-paddles\/sup-paddle\/fish-paddle-2p-acid-green\/#breadcrumb\",\"itemListElement\":[{\"@type\":\"ListItem\",\"position\":1,\"name\":\"Home\",\"item\":\"https:\/\/gpowersport.com\/\"},{\"@type\":\"ListItem\",\"position\":2,\"name\":\"Shop\",\"item\":\"https:\/\/gpowersport.com\/carbon-fiber-paddles\/\"},{\"@type\":\"ListItem\",\"position\":3,\"name\":\"Carbon Fiber Paddles\",\"item\":\"https:\/\/gpowersport.com\/pl\/carbon-fiber-paddles\/\"},{\"@type\":\"ListItem\",\"position\":4,\"name\":\"Stand UP Paddles\",\"item\":\"https:\/\/gpowersport.com\/carbon-fiber-paddles\/sup-paddle\/\"},{\"@type\":\"ListItem\",\"position\":5,\"name\":\"Sup Paddle Fish 2p Acid Green\"}]},{\"@type\":\"WebSite\",\"@id\":\"https:\/\/gpowersport.com\/pl\/#website\",\"url\":\"https:\/\/gpowersport.com\/pl\/\",\"name\":\"G'Power carbon paddles\",\"description\":\"\",\"publisher\":{\"@id\":\"https:\/\/gpowersport.com\/pl\/#organization\"},\"potentialAction\":[{\"@type\":\"SearchAction\",\"target\":{\"@type\":\"EntryPoint\",\"urlTemplate\":\"https:\/\/gpowersport.com\/pl\/?s={search_term_string}\"},\"query-input\":{\"@type\":\"PropertyValueSpecification\",\"valueRequired\":true,\"valueName\":\"search_term_string\"}}],\"inLanguage\":\"pl-PL\"},{\"@type\":\"Organization\",\"@id\":\"https:\/\/gpowersport.com\/pl\/#organization\",\"name\":\"G'power carbon paddles\",\"url\":\"https:\/\/gpowersport.com\/pl\/\",\"logo\":{\"@type\":\"ImageObject\",\"inLanguage\":\"pl-PL\",\"@id\":\"https:\/\/gpowersport.com\/pl\/#\/schema\/logo\/image\/\",\"url\":\"https:\/\/gpowersport.com\/wp-content\/uploads\/2020\/03\/gpower-logo.png\",\"contentUrl\":\"https:\/\/gpowersport.com\/wp-content\/uploads\/2020\/03\/gpower-logo.png\",\"width\":140,\"height\":30,\"caption\":\"G'power carbon paddles\"},\"image\":{\"@id\":\"https:\/\/gpowersport.com\/pl\/#\/schema\/logo\/image\/\"},\"sameAs\":[\"https:\/\/www.facebook.com\/GpowerPaddles\",\"https:\/\/www.instagram.com\/gpowerpaddles\/\"]}]}<\/script>\n<!-- \/ Yoast SEO Premium plugin. -->","yoast_head_json":{"title":"Sup Paddle Fish 2p Acid Green - G&#039;Power","robots":{"index":"index","follow":"follow","max-snippet":"max-snippet:-1","max-image-preview":"max-image-preview:large","max-video-preview":"max-video-preview:-1"},"canonical":"https:\/\/gpowersport.com\/pl\/carbon-fiber-paddles\/sup-paddle\/fish-paddle-2p-acid-green\/","og_locale":"pl_PL","og_type":"article","og_title":"Sup Paddle Fish 2p Acid Green","og_description":"Fish Paddle 2p Fish Paddle for two-piece paddleboarding paddle made of carbon and glass in Pre-preg technology. The structure of the paddle\u00a0guarantees high rigidity and low weight. About\u00a0620g.\u00a0Very easily moves all the strength inserted in strokes\u00a0on the speed. Blade\u00a0and handle made of 100% carbon, shaft up to 40% carbon. The paddle is offered in one","og_url":"https:\/\/gpowersport.com\/pl\/carbon-fiber-paddles\/sup-paddle\/fish-paddle-2p-acid-green\/","og_site_name":"G&#039;Power","article_publisher":"https:\/\/www.facebook.com\/GpowerPaddles","article_modified_time":"2023-08-09T08:11:45+00:00","og_image":[{"width":1200,"height":218,"url":"https:\/\/gpowersport.com\/wp-content\/uploads\/2022\/02\/fish_paddle_SUP_acidgreen_start.jpg","type":"image\/jpeg"}],"twitter_card":"summary_large_image","twitter_misc":{"Szacowany czas czytania":"2 minuty"},"schema":{"@context":"https:\/\/schema.org","@graph":[{"@type":["WebPage","ItemPage"],"@id":"https:\/\/gpowersport.com\/de\/carbon-fiber-paddles\/sup-paddle\/fish-paddle-2p-acid-green\/","url":"https:\/\/gpowersport.com\/de\/carbon-fiber-paddles\/sup-paddle\/fish-paddle-2p-acid-green\/","name":"Sup Paddle Fish 2p Acid Green - G&#039;Power","isPartOf":{"@id":"https:\/\/gpowersport.com\/pl\/#website"},"primaryImageOfPage":{"@id":"https:\/\/gpowersport.com\/de\/carbon-fiber-paddles\/sup-paddle\/fish-paddle-2p-acid-green\/#primaryimage"},"image":{"@id":"https:\/\/gpowersport.com\/de\/carbon-fiber-paddles\/sup-paddle\/fish-paddle-2p-acid-green\/#primaryimage"},"thumbnailUrl":"https:\/\/gpowersport.com\/wp-content\/uploads\/2022\/02\/fish_paddle_SUP_acidgreen_start.jpg","datePublished":"2022-02-10T11:40:51+00:00","dateModified":"2023-08-09T08:11:45+00:00","breadcrumb":{"@id":"https:\/\/gpowersport.com\/de\/carbon-fiber-paddles\/sup-paddle\/fish-paddle-2p-acid-green\/#breadcrumb"},"inLanguage":"pl-PL","potentialAction":[{"@type":"ReadAction","target":["https:\/\/gpowersport.com\/de\/carbon-fiber-paddles\/sup-paddle\/fish-paddle-2p-acid-green\/"]}]},{"@type":"ImageObject","inLanguage":"pl-PL","@id":"https:\/\/gpowersport.com\/de\/carbon-fiber-paddles\/sup-paddle\/fish-paddle-2p-acid-green\/#primaryimage","url":"https:\/\/gpowersport.com\/wp-content\/uploads\/2022\/02\/fish_paddle_SUP_acidgreen_start.jpg","contentUrl":"https:\/\/gpowersport.com\/wp-content\/uploads\/2022\/02\/fish_paddle_SUP_acidgreen_start.jpg","width":1200,"height":218},{"@type":"BreadcrumbList","@id":"https:\/\/gpowersport.com\/de\/carbon-fiber-paddles\/sup-paddle\/fish-paddle-2p-acid-green\/#breadcrumb","itemListElement":[{"@type":"ListItem","position":1,"name":"Home","item":"https:\/\/gpowersport.com\/"},{"@type":"ListItem","position":2,"name":"Shop","item":"https:\/\/gpowersport.com\/carbon-fiber-paddles\/"},{"@type":"ListItem","position":3,"name":"Carbon Fiber Paddles","item":"https:\/\/gpowersport.com\/pl\/carbon-fiber-paddles\/"},{"@type":"ListItem","position":4,"name":"Stand UP Paddles","item":"https:\/\/gpowersport.com\/carbon-fiber-paddles\/sup-paddle\/"},{"@type":"ListItem","position":5,"name":"Sup Paddle Fish 2p Acid Green"}]},{"@type":"WebSite","@id":"https:\/\/gpowersport.com\/pl\/#website","url":"https:\/\/gpowersport.com\/pl\/","name":"G'Power carbon paddles","description":"","publisher":{"@id":"https:\/\/gpowersport.com\/pl\/#organization"},"potentialAction":[{"@type":"SearchAction","target":{"@type":"EntryPoint","urlTemplate":"https:\/\/gpowersport.com\/pl\/?s={search_term_string}"},"query-input":{"@type":"PropertyValueSpecification","valueRequired":true,"valueName":"search_term_string"}}],"inLanguage":"pl-PL"},{"@type":"Organization","@id":"https:\/\/gpowersport.com\/pl\/#organization","name":"G'power carbon paddles","url":"https:\/\/gpowersport.com\/pl\/","logo":{"@type":"ImageObject","inLanguage":"pl-PL","@id":"https:\/\/gpowersport.com\/pl\/#\/schema\/logo\/image\/","url":"https:\/\/gpowersport.com\/wp-content\/uploads\/2020\/03\/gpower-logo.png","contentUrl":"https:\/\/gpowersport.com\/wp-content\/uploads\/2020\/03\/gpower-logo.png","width":140,"height":30,"caption":"G'power carbon paddles"},"image":{"@id":"https:\/\/gpowersport.com\/pl\/#\/schema\/logo\/image\/"},"sameAs":["https:\/\/www.facebook.com\/GpowerPaddles","https:\/\/www.instagram.com\/gpowerpaddles\/"]}]}},"_links":{"self":[{"href":"https:\/\/gpowersport.com\/pl\/wp-json\/wp\/v2\/product\/36718","targetHints":{"allow":["GET"]}}],"collection":[{"href":"https:\/\/gpowersport.com\/pl\/wp-json\/wp\/v2\/product"}],"about":[{"href":"https:\/\/gpowersport.com\/pl\/wp-json\/wp\/v2\/types\/product"}],"replies":[{"embeddable":true,"href":"https:\/\/gpowersport.com\/pl\/wp-json\/wp\/v2\/comments?post=36718"}],"wp:featuredmedia":[{"embeddable":true,"href":"https:\/\/gpowersport.com\/pl\/wp-json\/wp\/v2\/media\/36712"}],"wp:attachment":[{"href":"https:\/\/gpowersport.com\/pl\/wp-json\/wp\/v2\/media?parent=36718"}],"wp:term":[{"taxonomy":"product_brand","embeddable":true,"href":"https:\/\/gpowersport.com\/pl\/wp-json\/wp\/v2\/product_brand?post=36718"},{"taxonomy":"product_cat","embeddable":true,"href":"https:\/\/gpowersport.com\/pl\/wp-json\/wp\/v2\/product_cat?post=36718"},{"taxonomy":"product_tag","embeddable":true,"href":"https:\/\/gpowersport.com\/pl\/wp-json\/wp\/v2\/product_tag?post=36718"}],"curies":[{"name":"wp","href":"https:\/\/api.w.org\/{rel}","templated":true}]}}