{"id":42693,"date":"2023-08-23T06:45:01","date_gmt":"2023-08-23T06:45:01","guid":{"rendered":"https:\/\/gpowersport.com\/?post_type=product&#038;p=42693"},"modified":"2026-03-20T14:33:27","modified_gmt":"2026-03-20T14:33:27","slug":"kayak-cross-paddle","status":"publish","type":"product","link":"https:\/\/gpowersport.com\/pl\/carbon-fiber-paddles\/slalom\/kayak\/kayak-cross-paddle\/","title":{"rendered":"Wios\u0142o Kajakowe Cross"},"content":{"rendered":"<h1><span style=\"font-size: 75%;\"><span style=\"color: #000000;\"><strong>Carbonowe Wios\u0142o Cross - Kajak Cross<\/strong><\/span><\/span><\/h1>\n<h2><span style=\"font-size: 75%;\">Cross to najnowsze wios\u0142o, dedykowane do nowej olimpijskiej dyscypliny sportu, jak\u0105 jest Kayak Cross . Jedn\u0105 z najwa\u017cniejszych cech wios\u0142a G'Power do Kayak cross jest jego lekko\u015b\u0107. Wykonane z wysokiej jako\u015bci materia\u0142\u00f3w, wios\u0142o jest nie tylko wyj\u0105tkowo wytrzyma\u0142e, ale r\u00f3wnie\u017c niezwykle lekkie, co ma ogromne znaczenie podczas dynamicznych i wymagaj\u0105cych manewr\u00f3w na trasie . Kolejn\u0105 cech\u0105 jest ergonomiczny kszta\u0142t pi\u00f3ra , kt\u00f3ry zapewnia doskona\u0142e trzymanie i kontrol\u0119 podczas wios\u0142owania. Wios\u0142o zosta\u0142o zaprojektowane tak, aby zminimalizowa\u0107 r\u00f3\u017cnic\u0119 mi\u0119dzy wios\u0142em slalomowym i zapewni\u0107 komfort dla zawodnik\u00f3w tej dyscypliny , kt\u00f3rzy wiod\u0105 prym w Kayak crossie.<br \/>\nWios\u0142o jest dost\u0119pne w r\u00f3\u017cnych rozmiarach, co umo\u017cliwia dostosowanie go do indywidualnych preferencji i rozmiaru kajakarza. Kraw\u0119dzie pi\u00f3r maj\u0105 dostosowan\u0105 do najnowszych przepis\u00f3w ICF grubo\u015b\u0107 kraw\u0119dzi , kt\u00f3ra wynosi 5 lub wi\u0119cej mm. Dodatkowo kraw\u0119dzie zabezpieczone s\u0105 czarn\u0105 ta\u015bm\u0105 aramidow\u0105, kt\u00f3ra wyd\u0142u\u017ca \u017cywotno\u015b\u0107 wios\u0142a i zabezpiecza je przed powstawaniem ostrych i niebezpiecznych kraw\u0119dzi.<br \/>\nWios\u0142o G'Power do Kayak cross charakteryzuje si\u0119 r\u00f3wnie\u017c doskona\u0142\u0105 wydajno\u015bci\u0105. Dzi\u0119ki zoptymalizowanej konstrukcji i pi\u00f3rze o odpowiednim kszta\u0142cie, zapewnia optymalne przeniesienie si\u0142y i wydajno\u015b\u0107 wios\u0142owania. To z pewno\u015bci\u0105 przek\u0142ada si\u0119 na wi\u0119ksz\u0105 pr\u0119dko\u015b\u0107 i kontrol\u0119 nad kajakiem. Nie mo\u017cna r\u00f3wnie\u017c zapomnie\u0107 o estetyce wios\u0142a G'Power. <\/span><\/h2>\n<h2><span style=\"font-size: 75%;\">Na specjalne \u017cyczenie dost\u0119pne s\u0105 r\u00f3\u017cne wzory i kolory, kt\u00f3re dodaj\u0105 wio\u015ble charakteru i stylu. Dzi\u0119ki temu, opr\u00f3cz funkcjonalno\u015bci, wios\u0142o G'Power stanowi r\u00f3wnie\u017c atrakcyjny element wyposa\u017cenia. Podsumowuj\u0105c, wios\u0142o G'Power do Kayak Cross to doskona\u0142y wyb\u00f3r dla os\u00f3b uprawiaj\u0105cych ten dynamiczny sport. Jego lekko\u015b\u0107, wydajno\u015b\u0107, ergonomiczny kszta\u0142t i atrakcyjny wygl\u0105d sprawiaj\u0105, \u017ce jest to narz\u0119dzie niezast\u0105pione podczas wy\u015bcig\u00f3w o najwi\u0119ksz\u0105 stawk\u0119. Bez w\u0105tpienia, wios\u0142o G'Power doskonale spe\u0142ni oczekiwania nawet najbardziej wymagaj\u0105cych mi\u0142o\u015bnik\u00f3w Kayak Cross.<br \/>\n<\/span><\/h2>\n<p>&nbsp;<\/p>\n<table style=\"height: 209px;\" border=\"0\" width=\"1133\" cellspacing=\"1\" cellpadding=\"1\" align=\"center\">\n<tbody>\n<tr>\n<td width=\"30%\"><span style=\"font-size: 85%;\">Rozmiar<\/span><\/td>\n<td style=\"text-align: left;\" valign=\"middle\"><\/td>\n<td style=\"text-align: left;\"><span style=\"font-size: 85%;\">S<\/span><\/td>\n<td style=\"text-align: left;\"><span style=\"font-size: 85%;\">M<\/span><\/td>\n<td style=\"text-align: left;\">L<\/td>\n<td style=\"text-align: left;\"><\/td>\n<\/tr>\n<tr>\n<td><span style=\"font-size: 85%;\">Powierzchnia pi\u00f3ra<\/span><\/td>\n<td style=\"text-align: left;\"><\/td>\n<td style=\"text-align: left;\"><span style=\"font-size: 85%;\">701 cm<sup>2<\/sup><\/span><\/td>\n<td style=\"text-align: left;\"><span style=\"font-size: 85%;\">733 cm<sup>2<\/sup><\/span><\/td>\n<td style=\"text-align: left;\"><span style=\"font-size: 85%;\">765 cm<sup>2<\/sup><\/span><\/td>\n<td style=\"text-align: left;\"><\/td>\n<\/tr>\n<tr>\n<td><span style=\"font-size: 85%;\">D\u0142ugo\u015b\u0107 pi\u00f3ra<\/span><\/td>\n<td style=\"text-align: left;\"><\/td>\n<td style=\"text-align: left;\"><span style=\"font-size: 85%;\">472 mm<\/span><\/td>\n<td><span style=\"font-size: 85%;\">485 mm<\/span><\/td>\n<td><span style=\"font-size: 85%;\">490 mm<\/span><\/td>\n<td><\/td>\n<\/tr>\n<tr>\n<td><span style=\"font-size: 85%;\">Szeroko\u015b\u0107 pi\u00f3ra<\/span><\/td>\n<td><\/td>\n<td><span style=\"font-size: 85%;\">207 mm<\/span><\/td>\n<td><span style=\"font-size: 85%;\">210 mm<\/span><\/td>\n<td><span style=\"font-size: 85%;\">215 mm<\/span><\/td>\n<td><\/td>\n<\/tr>\n<tr>\n<td><span style=\"font-size: 85%;\">Zawarto\u015b\u0107 w\u0119gla - pi\u00f3ra \/ dr\u0105\u017cek<\/span><\/td>\n<td><\/td>\n<td><span style=\"font-size: 85%;\">80% \/ 100%<\/span><\/td>\n<td><span style=\"font-size: 85%;\">80% \/ 100%<\/span><\/td>\n<td><span style=\"font-size: 85%;\">80% \/ 100%<\/span><\/td>\n<td><\/td>\n<\/tr>\n<tr>\n<td><span style=\"font-size: 85%;\">\u015arednica dr\u0105\u017cka<\/span><\/td>\n<td><\/td>\n<td>28 mm<\/td>\n<td><span style=\"font-size: 85%;\">28 mm<\/span><\/td>\n<td>28 mm<\/td>\n<td><\/td>\n<\/tr>\n<tr>\n<td><span style=\"font-size: 85%;\">Waga wios\u0142a<\/span><\/td>\n<td><\/td>\n<td><span style=\"font-size: 85%;\">~780 g<\/span><\/td>\n<td><span style=\"font-size: 85%;\">~ 815 g<\/span><\/td>\n<td>850 g<\/td>\n<td><\/td>\n<\/tr>\n<tr>\n<td><span style=\"font-size: 85%;\">Ochrona ta\u015bm\u0105 aramidow\u0105<\/span><\/td>\n<td><\/td>\n<td><span style=\"font-size: 85%;\">tak<\/span><\/td>\n<td><span style=\"font-size: 85%;\">tak<\/span><\/td>\n<td><span style=\"font-size: 85%;\">tak<\/span><\/td>\n<td><\/td>\n<\/tr>\n<\/tbody>\n<\/table>\n<p>&nbsp;<\/p>\n\t\n  \n    <div class=\"row large-columns-4 medium-columns-3 small-columns-2 row-small slider row-slider slider-nav-reveal slider-nav-push\"  data-flickity-options='{&quot;imagesLoaded&quot;: true, &quot;groupCells&quot;: &quot;100%&quot;, &quot;dragThreshold&quot; : 5, &quot;cellAlign&quot;: &quot;left&quot;,&quot;wrapAround&quot;: true,&quot;prevNextButtons&quot;: true,&quot;percentPosition&quot;: true,&quot;pageDots&quot;: false, &quot;rightToLeft&quot;: false, &quot;autoPlay&quot; : false}' >\n\n  \n\t     <\/div>\n\t<div id=\"gap-1316974195\" class=\"gap-element clearfix\" style=\"display:block; height:auto;\">\n\t\t\n<style>\n#gap-1316974195 {\n  padding-top: 50px;\n}\n<\/style>\n\t<\/div>\n\t\n\n\t<section class=\"section\" id=\"section_1855169785\">\n\t\t<div class=\"section-bg fill\" >\n\t\t\t\t\t\t\t\t\t<div class=\"loading-spin centered\"><\/div>\n\t\t\t\n\n\t\t<\/div>\n\n\t\t\n\n\t\t<div class=\"section-content relative\">\n\t\t\t\n<div class=\"row row-solid\"  id=\"row-263211902\">\n\n\t<div id=\"col-1775606171\" class=\"col medium-4 small-12 large-4\"  >\n\t\t\t\t<div class=\"col-inner\"  >\n\t\t\t\n\t\t\t\n\n\t\t<div class=\"icon-box featured-box icon-box-center text-center\"  >\n\t\t\t\t\t<div class=\"icon-box-img\" style=\"width: 50px\">\n\t\t\t\t<div class=\"icon\">\n\t\t\t\t\t<div class=\"icon-inner\" >\n\t\t\t\t\t\t<img decoding=\"async\" width=\"128\" height=\"128\" src=\"https:\/\/gpowersport.com\/wp-content\/uploads\/2020\/09\/2703076-128-1-1.png\" class=\"attachment-medium size-medium\" alt=\"\" srcset=\"https:\/\/gpowersport.com\/wp-content\/uploads\/2020\/09\/2703076-128-1-1.png 128w, https:\/\/gpowersport.com\/wp-content\/uploads\/2020\/09\/2703076-128-1-1-12x12.png 12w, https:\/\/gpowersport.com\/wp-content\/uploads\/2020\/09\/2703076-128-1-1-120x120.png 120w, https:\/\/gpowersport.com\/wp-content\/uploads\/2020\/09\/2703076-128-1-1-100x100.png 100w\" sizes=\"(max-width: 128px) 100vw, 128px\" \/>\t\t\t\t\t<\/div>\n\t\t\t\t<\/div>\n\t\t\t<\/div>\n\t\t\t\t<div class=\"icon-box-text last-reset\">\n\t\t\t\t\t\t\t\t\t\t\t<\/div>\n\t<\/div>\n\t\n\t\n<p>&nbsp;<\/p>\n\t\t<\/div>\n\t\t\t\t\t<\/div>\n\n\t\n\n\t<div id=\"col-1919077658\" class=\"col medium-4 small-12 large-4\"  >\n\t\t\t\t<div class=\"col-inner\"  >\n\t\t\t\n\t\t\t\n\n\t\t<div class=\"icon-box featured-box icon-box-center text-center\"  >\n\t\t\t\t\t<div class=\"icon-box-img\" style=\"width: 50px\">\n\t\t\t\t<div class=\"icon\">\n\t\t\t\t\t<div class=\"icon-inner\" >\n\t\t\t\t\t\t<img decoding=\"async\" width=\"128\" height=\"128\" src=\"https:\/\/gpowersport.com\/wp-content\/uploads\/2020\/09\/3669335-128-1.png\" class=\"attachment-medium size-medium\" alt=\"\" srcset=\"https:\/\/gpowersport.com\/wp-content\/uploads\/2020\/09\/3669335-128-1.png 128w, https:\/\/gpowersport.com\/wp-content\/uploads\/2020\/09\/3669335-128-1-12x12.png 12w, https:\/\/gpowersport.com\/wp-content\/uploads\/2020\/09\/3669335-128-1-120x120.png 120w, https:\/\/gpowersport.com\/wp-content\/uploads\/2020\/09\/3669335-128-1-100x100.png 100w\" sizes=\"(max-width: 128px) 100vw, 128px\" \/>\t\t\t\t\t<\/div>\n\t\t\t\t<\/div>\n\t\t\t<\/div>\n\t\t\t\t<div class=\"icon-box-text last-reset\">\n\t\t\t\t\t\t\t\t\t\n<p>Zostaw opini\u0119<\/p>\n<p>Twoja opinia jest dla nas najwa\u017cniejsza. Dzi\u0119ki temu rozwijamy nasze produkty...<\/p>\n\t\t<\/div>\n\t<\/div>\n\t\n\t\n\t\t<\/div>\n\t\t\t\t\t<\/div>\n\n\t\n\n\t<div id=\"col-1081079284\" class=\"col medium-4 small-12 large-4\"  >\n\t\t\t\t<div class=\"col-inner\"  >\n\t\t\t\n\t\t\t\n\n\t\t<div class=\"icon-box featured-box icon-box-center text-center\"  >\n\t\t\t\t\t<div class=\"icon-box-img\" style=\"width: 50px\">\n\t\t\t\t<div class=\"icon\">\n\t\t\t\t\t<div class=\"icon-inner\" >\n\t\t\t\t\t\t<img decoding=\"async\" width=\"128\" height=\"128\" src=\"https:\/\/gpowersport.com\/wp-content\/uploads\/2020\/09\/5959201-128-1.png\" class=\"attachment-medium size-medium\" alt=\"\" srcset=\"https:\/\/gpowersport.com\/wp-content\/uploads\/2020\/09\/5959201-128-1.png 128w, https:\/\/gpowersport.com\/wp-content\/uploads\/2020\/09\/5959201-128-1-12x12.png 12w, https:\/\/gpowersport.com\/wp-content\/uploads\/2020\/09\/5959201-128-1-120x120.png 120w, https:\/\/gpowersport.com\/wp-content\/uploads\/2020\/09\/5959201-128-1-100x100.png 100w\" sizes=\"(max-width: 128px) 100vw, 128px\" \/>\t\t\t\t\t<\/div>\n\t\t\t\t<\/div>\n\t\t\t<\/div>\n\t\t\t\t<div class=\"icon-box-text last-reset\">\n\t\t\t\t\t\t\t\t\t\n<p>Od drzwi do drzwi<\/p>\n<p>Kupuj\u0105c w naszym sklepie masz pe\u0142n\u0105 gwarancj\u0119. Reklamacje rozpatrywane s\u0105 bezpo\u015brednio przez producenta. Szybko i bezproblemowo.<\/p>\n\t\t<\/div>\n\t<\/div>\n\t\n\t\n\t\t<\/div>\n\t\t\t\t\t<\/div>\n\n\t\n\n<style>\n#row-263211902 > .col > .col-inner {\n  padding: 20px 20px 20px 20px;\n}\n<\/style>\n<\/div>\n\t\t<\/div>\n\n\t\t\n<style>\n#section_1855169785 {\n  padding-top: 30px;\n  padding-bottom: 30px;\n}\n<\/style>\n\t<\/section>","protected":false},"excerpt":{"rendered":"<p><span style=\"color: #00aae7;\">W przypadku wyboru po\u0142\u0105czenia standardowego, prosz\u0119 wybra\u0107 r\u00f3wnie\u017c : D\u0142ugo\u015b\u0107 wios\u0142a, Skr\u0119t i K\u0105t. W kolejnym kroku mo\u017cna wybra\u0107 wios\u0142o klejone (otrzymujemy wios\u0142o gotowe do u\u017cycia). Wybieraj\u0105c system Qnect adjustable zaznaczamy minimaln\u0105 d\u0142ugo\u015b\u0107 jak\u0105 chcemy mie\u0107 i pomijamy Twist i Angle. System Qnect daje Ci mo\u017cliwo\u015b\u0107 zmiany d\u0142ugo\u015bci wios\u0142a + 10 cm. Je\u015bli nie boisz si\u0119 narz\u0119dzi i masz smyka\u0142k\u0119 do majsterkowania zaznacz NIE w ostatnim polu wyboru.<\/span>prosz\u0119 wybra\u0107 r\u00f3wnie\u017c : D\u0142ugo\u015b\u0107 wios\u0142a, Skr\u0119t i K\u0105t. W kolejnym kroku mo\u017cna wybra\u0107 wios\u0142o klejone (otrzymujemy wios\u0142o gotowe do u\u017cycia). Wybieraj\u0105c system Qnect adjustable zaznaczamy minimaln\u0105 d\u0142ugo\u015b\u0107 jak\u0105 chcemy mie\u0107 i pomijamy Twist i Angle. System Qnect daje Ci mo\u017cliwo\u015b\u0107 zmiany d\u0142ugo\u015bci wios\u0142a + 10 cm. Je\u015bli nie boisz si\u0119 narz\u0119dzi i masz smyka\u0142k\u0119 do majsterkowania zaznacz NIE w ostatnim polu wyboru.<\/p>","protected":false},"featured_media":42704,"comment_status":"open","ping_status":"closed","template":"","meta":[],"product_brand":[],"product_cat":[18,89,90,99,100],"product_tag":[],"class_list":{"0":"post-42693","1":"product","2":"type-product","3":"status-publish","4":"has-post-thumbnail","6":"product_cat-carbon-fiber-paddles","7":"product_cat-slalom","8":"product_cat-kayak","9":"product_cat-whitewater","10":"product_cat-whitewater-kayak","12":"first","13":"instock","14":"featured","15":"taxable","16":"shipping-taxable","17":"purchasable","18":"product-type-composite"},"yoast_head":"<!-- This site is optimized with the Yoast SEO Premium plugin v20.7 (Yoast SEO v27.1.1) - https:\/\/yoast.com\/product\/yoast-seo-premium-wordpress\/ -->\n<title>Kayak Cross paddle - G&#039;Power Carbon Paddles<\/title>\n<meta name=\"description\" content=\"Carbon extreme paddle - is our latest model of slalom paddle in which we used a unique inner surface of the blade.\" \/>\n<meta name=\"robots\" content=\"index, follow, max-snippet:-1, max-image-preview:large, max-video-preview:-1\" \/>\n<link rel=\"canonical\" href=\"https:\/\/gpowersport.com\/pl\/carbon-fiber-paddles\/slalom\/kayak\/kayak-cross-paddle\/\" \/>\n<meta property=\"og:locale\" content=\"pl_PL\" \/>\n<meta property=\"og:type\" content=\"article\" \/>\n<meta property=\"og:title\" content=\"Kayak Cross paddle\" \/>\n<meta property=\"og:description\" content=\"Carbon extreme paddle - is our latest model of slalom paddle in which we used a unique inner surface of the blade.\" \/>\n<meta property=\"og:url\" content=\"https:\/\/gpowersport.com\/pl\/carbon-fiber-paddles\/slalom\/kayak\/kayak-cross-paddle\/\" \/>\n<meta property=\"og:site_name\" content=\"G&#039;Power\" \/>\n<meta property=\"article:publisher\" content=\"https:\/\/www.facebook.com\/GpowerPaddles\" \/>\n<meta property=\"article:modified_time\" content=\"2026-03-20T14:33:27+00:00\" \/>\n<meta property=\"og:image\" content=\"https:\/\/gpowersport.com\/wp-content\/uploads\/2023\/08\/BE7F5D70-C9CD-4539-B59E-4956B25DF78A.png\" \/>\n\t<meta property=\"og:image:width\" content=\"1600\" \/>\n\t<meta property=\"og:image:height\" content=\"1067\" \/>\n\t<meta property=\"og:image:type\" content=\"image\/png\" \/>\n<meta name=\"twitter:card\" content=\"summary_large_image\" \/>\n<meta name=\"twitter:label1\" content=\"Szacowany czas czytania\" \/>\n\t<meta name=\"twitter:data1\" content=\"3 minuty\" \/>\n<script type=\"application\/ld+json\" class=\"yoast-schema-graph\">{\"@context\":\"https:\/\/schema.org\",\"@graph\":[{\"@type\":[\"WebPage\",\"ItemPage\"],\"@id\":\"https:\/\/gpowersport.com\/nl\/carbon-fiber-paddles\/slalom\/kayak\/kayak-cross-paddle\/\",\"url\":\"https:\/\/gpowersport.com\/nl\/carbon-fiber-paddles\/slalom\/kayak\/kayak-cross-paddle\/\",\"name\":\"Kayak Cross paddle - G&#039;Power Carbon Paddles\",\"isPartOf\":{\"@id\":\"https:\/\/gpowersport.com\/pl\/#website\"},\"primaryImageOfPage\":{\"@id\":\"https:\/\/gpowersport.com\/nl\/carbon-fiber-paddles\/slalom\/kayak\/kayak-cross-paddle\/#primaryimage\"},\"image\":{\"@id\":\"https:\/\/gpowersport.com\/nl\/carbon-fiber-paddles\/slalom\/kayak\/kayak-cross-paddle\/#primaryimage\"},\"thumbnailUrl\":\"https:\/\/gpowersport.com\/wp-content\/uploads\/2023\/08\/BE7F5D70-C9CD-4539-B59E-4956B25DF78A.png\",\"datePublished\":\"2023-08-23T06:45:01+00:00\",\"dateModified\":\"2026-03-20T14:33:27+00:00\",\"description\":\"Carbon extreme paddle - is our latest model of slalom paddle in which we used a unique inner surface of the blade.\",\"breadcrumb\":{\"@id\":\"https:\/\/gpowersport.com\/nl\/carbon-fiber-paddles\/slalom\/kayak\/kayak-cross-paddle\/#breadcrumb\"},\"inLanguage\":\"pl-PL\",\"potentialAction\":[{\"@type\":\"ReadAction\",\"target\":[\"https:\/\/gpowersport.com\/nl\/carbon-fiber-paddles\/slalom\/kayak\/kayak-cross-paddle\/\"]}]},{\"@type\":\"ImageObject\",\"inLanguage\":\"pl-PL\",\"@id\":\"https:\/\/gpowersport.com\/nl\/carbon-fiber-paddles\/slalom\/kayak\/kayak-cross-paddle\/#primaryimage\",\"url\":\"https:\/\/gpowersport.com\/wp-content\/uploads\/2023\/08\/BE7F5D70-C9CD-4539-B59E-4956B25DF78A.png\",\"contentUrl\":\"https:\/\/gpowersport.com\/wp-content\/uploads\/2023\/08\/BE7F5D70-C9CD-4539-B59E-4956B25DF78A.png\",\"width\":1600,\"height\":1067},{\"@type\":\"BreadcrumbList\",\"@id\":\"https:\/\/gpowersport.com\/nl\/carbon-fiber-paddles\/slalom\/kayak\/kayak-cross-paddle\/#breadcrumb\",\"itemListElement\":[{\"@type\":\"ListItem\",\"position\":1,\"name\":\"Home\",\"item\":\"https:\/\/gpowersport.com\/\"},{\"@type\":\"ListItem\",\"position\":2,\"name\":\"Shop\",\"item\":\"https:\/\/gpowersport.com\/carbon-fiber-paddles\/\"},{\"@type\":\"ListItem\",\"position\":3,\"name\":\"Carbon Fiber Paddles\",\"item\":\"https:\/\/gpowersport.com\/pl\/carbon-fiber-paddles\/\"},{\"@type\":\"ListItem\",\"position\":4,\"name\":\"Slalom Paddles\",\"item\":\"https:\/\/gpowersport.com\/carbon-fiber-paddles\/slalom\/\"},{\"@type\":\"ListItem\",\"position\":5,\"name\":\"Slalom Kayak Paddles\",\"item\":\"https:\/\/gpowersport.com\/nl\/carbon-fiber-paddles\/slalom\/kayak\/\"},{\"@type\":\"ListItem\",\"position\":6,\"name\":\"Kayak Cross paddle\"}]},{\"@type\":\"WebSite\",\"@id\":\"https:\/\/gpowersport.com\/pl\/#website\",\"url\":\"https:\/\/gpowersport.com\/pl\/\",\"name\":\"G'Power carbon paddles\",\"description\":\"\",\"publisher\":{\"@id\":\"https:\/\/gpowersport.com\/pl\/#organization\"},\"potentialAction\":[{\"@type\":\"SearchAction\",\"target\":{\"@type\":\"EntryPoint\",\"urlTemplate\":\"https:\/\/gpowersport.com\/pl\/?s={search_term_string}\"},\"query-input\":{\"@type\":\"PropertyValueSpecification\",\"valueRequired\":true,\"valueName\":\"search_term_string\"}}],\"inLanguage\":\"pl-PL\"},{\"@type\":\"Organization\",\"@id\":\"https:\/\/gpowersport.com\/pl\/#organization\",\"name\":\"G'power carbon paddles\",\"url\":\"https:\/\/gpowersport.com\/pl\/\",\"logo\":{\"@type\":\"ImageObject\",\"inLanguage\":\"pl-PL\",\"@id\":\"https:\/\/gpowersport.com\/pl\/#\/schema\/logo\/image\/\",\"url\":\"https:\/\/gpowersport.com\/wp-content\/uploads\/2020\/03\/gpower-logo.png\",\"contentUrl\":\"https:\/\/gpowersport.com\/wp-content\/uploads\/2020\/03\/gpower-logo.png\",\"width\":140,\"height\":30,\"caption\":\"G'power carbon paddles\"},\"image\":{\"@id\":\"https:\/\/gpowersport.com\/pl\/#\/schema\/logo\/image\/\"},\"sameAs\":[\"https:\/\/www.facebook.com\/GpowerPaddles\",\"https:\/\/www.instagram.com\/gpowerpaddles\/\"]}]}<\/script>\n<!-- \/ Yoast SEO Premium plugin. -->","yoast_head_json":{"title":"Wios\u0142o kajakowe Cross - G&#039;Power Carbon Paddles","description":"Carbon extreme paddle - to nasz najnowszy model wios\u0142a slalomowego, w kt\u00f3rym zastosowali\u015bmy unikaln\u0105 wewn\u0119trzn\u0105 powierzchni\u0119 wios\u0142a.","robots":{"index":"index","follow":"follow","max-snippet":"max-snippet:-1","max-image-preview":"max-image-preview:large","max-video-preview":"max-video-preview:-1"},"canonical":"https:\/\/gpowersport.com\/pl\/carbon-fiber-paddles\/slalom\/kayak\/kayak-cross-paddle\/","og_locale":"pl_PL","og_type":"article","og_title":"Kayak Cross paddle","og_description":"Carbon extreme paddle - is our latest model of slalom paddle in which we used a unique inner surface of the blade.","og_url":"https:\/\/gpowersport.com\/pl\/carbon-fiber-paddles\/slalom\/kayak\/kayak-cross-paddle\/","og_site_name":"G&#039;Power","article_publisher":"https:\/\/www.facebook.com\/GpowerPaddles","article_modified_time":"2026-03-20T14:33:27+00:00","og_image":[{"width":1600,"height":1067,"url":"https:\/\/gpowersport.com\/wp-content\/uploads\/2023\/08\/BE7F5D70-C9CD-4539-B59E-4956B25DF78A.png","type":"image\/png"}],"twitter_card":"summary_large_image","twitter_misc":{"Szacowany czas czytania":"3 minuty"},"schema":{"@context":"https:\/\/schema.org","@graph":[{"@type":["WebPage","ItemPage"],"@id":"https:\/\/gpowersport.com\/nl\/carbon-fiber-paddles\/slalom\/kayak\/kayak-cross-paddle\/","url":"https:\/\/gpowersport.com\/nl\/carbon-fiber-paddles\/slalom\/kayak\/kayak-cross-paddle\/","name":"Wios\u0142o kajakowe Cross - G&#039;Power Carbon Paddles","isPartOf":{"@id":"https:\/\/gpowersport.com\/pl\/#website"},"primaryImageOfPage":{"@id":"https:\/\/gpowersport.com\/nl\/carbon-fiber-paddles\/slalom\/kayak\/kayak-cross-paddle\/#primaryimage"},"image":{"@id":"https:\/\/gpowersport.com\/nl\/carbon-fiber-paddles\/slalom\/kayak\/kayak-cross-paddle\/#primaryimage"},"thumbnailUrl":"https:\/\/gpowersport.com\/wp-content\/uploads\/2023\/08\/BE7F5D70-C9CD-4539-B59E-4956B25DF78A.png","datePublished":"2023-08-23T06:45:01+00:00","dateModified":"2026-03-20T14:33:27+00:00","description":"Carbon extreme paddle - to nasz najnowszy model wios\u0142a slalomowego, w kt\u00f3rym zastosowali\u015bmy unikaln\u0105 wewn\u0119trzn\u0105 powierzchni\u0119 wios\u0142a.","breadcrumb":{"@id":"https:\/\/gpowersport.com\/nl\/carbon-fiber-paddles\/slalom\/kayak\/kayak-cross-paddle\/#breadcrumb"},"inLanguage":"pl-PL","potentialAction":[{"@type":"ReadAction","target":["https:\/\/gpowersport.com\/nl\/carbon-fiber-paddles\/slalom\/kayak\/kayak-cross-paddle\/"]}]},{"@type":"ImageObject","inLanguage":"pl-PL","@id":"https:\/\/gpowersport.com\/nl\/carbon-fiber-paddles\/slalom\/kayak\/kayak-cross-paddle\/#primaryimage","url":"https:\/\/gpowersport.com\/wp-content\/uploads\/2023\/08\/BE7F5D70-C9CD-4539-B59E-4956B25DF78A.png","contentUrl":"https:\/\/gpowersport.com\/wp-content\/uploads\/2023\/08\/BE7F5D70-C9CD-4539-B59E-4956B25DF78A.png","width":1600,"height":1067},{"@type":"BreadcrumbList","@id":"https:\/\/gpowersport.com\/nl\/carbon-fiber-paddles\/slalom\/kayak\/kayak-cross-paddle\/#breadcrumb","itemListElement":[{"@type":"ListItem","position":1,"name":"Home","item":"https:\/\/gpowersport.com\/"},{"@type":"ListItem","position":2,"name":"Shop","item":"https:\/\/gpowersport.com\/carbon-fiber-paddles\/"},{"@type":"ListItem","position":3,"name":"Carbon Fiber Paddles","item":"https:\/\/gpowersport.com\/pl\/carbon-fiber-paddles\/"},{"@type":"ListItem","position":4,"name":"Slalom Paddles","item":"https:\/\/gpowersport.com\/carbon-fiber-paddles\/slalom\/"},{"@type":"ListItem","position":5,"name":"Slalom Kayak Paddles","item":"https:\/\/gpowersport.com\/nl\/carbon-fiber-paddles\/slalom\/kayak\/"},{"@type":"ListItem","position":6,"name":"Kayak Cross paddle"}]},{"@type":"WebSite","@id":"https:\/\/gpowersport.com\/pl\/#website","url":"https:\/\/gpowersport.com\/pl\/","name":"G'Power carbon paddles","description":"","publisher":{"@id":"https:\/\/gpowersport.com\/pl\/#organization"},"potentialAction":[{"@type":"SearchAction","target":{"@type":"EntryPoint","urlTemplate":"https:\/\/gpowersport.com\/pl\/?s={search_term_string}"},"query-input":{"@type":"PropertyValueSpecification","valueRequired":true,"valueName":"search_term_string"}}],"inLanguage":"pl-PL"},{"@type":"Organization","@id":"https:\/\/gpowersport.com\/pl\/#organization","name":"G'power carbon paddles","url":"https:\/\/gpowersport.com\/pl\/","logo":{"@type":"ImageObject","inLanguage":"pl-PL","@id":"https:\/\/gpowersport.com\/pl\/#\/schema\/logo\/image\/","url":"https:\/\/gpowersport.com\/wp-content\/uploads\/2020\/03\/gpower-logo.png","contentUrl":"https:\/\/gpowersport.com\/wp-content\/uploads\/2020\/03\/gpower-logo.png","width":140,"height":30,"caption":"G'power carbon paddles"},"image":{"@id":"https:\/\/gpowersport.com\/pl\/#\/schema\/logo\/image\/"},"sameAs":["https:\/\/www.facebook.com\/GpowerPaddles","https:\/\/www.instagram.com\/gpowerpaddles\/"]}]}},"_links":{"self":[{"href":"https:\/\/gpowersport.com\/pl\/wp-json\/wp\/v2\/product\/42693","targetHints":{"allow":["GET"]}}],"collection":[{"href":"https:\/\/gpowersport.com\/pl\/wp-json\/wp\/v2\/product"}],"about":[{"href":"https:\/\/gpowersport.com\/pl\/wp-json\/wp\/v2\/types\/product"}],"replies":[{"embeddable":true,"href":"https:\/\/gpowersport.com\/pl\/wp-json\/wp\/v2\/comments?post=42693"}],"wp:featuredmedia":[{"embeddable":true,"href":"https:\/\/gpowersport.com\/pl\/wp-json\/wp\/v2\/media\/42704"}],"wp:attachment":[{"href":"https:\/\/gpowersport.com\/pl\/wp-json\/wp\/v2\/media?parent=42693"}],"wp:term":[{"taxonomy":"product_brand","embeddable":true,"href":"https:\/\/gpowersport.com\/pl\/wp-json\/wp\/v2\/product_brand?post=42693"},{"taxonomy":"product_cat","embeddable":true,"href":"https:\/\/gpowersport.com\/pl\/wp-json\/wp\/v2\/product_cat?post=42693"},{"taxonomy":"product_tag","embeddable":true,"href":"https:\/\/gpowersport.com\/pl\/wp-json\/wp\/v2\/product_tag?post=42693"}],"curies":[{"name":"wp","href":"https:\/\/api.w.org\/{rel}","templated":true}]}}