{"id":33394,"date":"2019-10-29T10:33:33","date_gmt":"2019-10-29T10:33:33","guid":{"rendered":"https:\/\/gpowersport.com\/?post_type=product&#038;p=33394"},"modified":"2026-02-05T20:23:41","modified_gmt":"2026-02-05T20:23:41","slug":"spider-extreme","status":"publish","type":"product","link":"https:\/\/gpowersport.com\/pt\/carbon-fiber-paddles\/slalom\/kayak\/spider-extreme\/","title":{"rendered":"Remo Slalom Carbon extreme - Spider EXTREME"},"content":{"rendered":"<h1><span style=\"font-size: 75%;\"><span style=\"color: #000000;\"><strong>Carbon extreme paddle &#8211; Spider EXTREME<\/strong><\/span><\/span><\/h1>\n<h2><span style=\"font-size: 75%;\"> \u00e9 o nosso mais recente modelo de p\u00e1 de slalom, no qual utiliz\u00e1mos uma superf\u00edcie interior \u00fanica da p\u00e1. As ranhuras c\u00f4ncavas e a forma irregular aumentam a superf\u00edcie de trabalho efectiva, mantendo o tamanho padr\u00e3o. Gra\u00e7as a meses de testes, podemos afirmar com confian\u00e7a que se trata de uma inova\u00e7\u00e3o que permite melhorar a estabilidade na \u00e1gua, aumentar a pot\u00eancia dispon\u00edvel e extrair mais \u00e1gua durante cada remada.<\/span><\/h2>\n<h2><span style=\"font-size: 75%;\">Andrej Malek (SVK), <a href=\"https:\/\/gpowersport.com\/pt\/team\/\" target=\"_blank\" rel=\"noopener noreferrer\">a nossa equipa atleta<\/a>, demonstrou a sua per\u00edcia com esta l\u00e2mina ao vencer a edi\u00e7\u00e3o de 2019 <a href=\"https:\/\/www.canoeicf.com\/\" target=\"_blank\" rel=\"noopener noreferrer\">ICF<\/a> Ta\u00e7a 2 na competi\u00e7\u00e3o K1 masculina com este remo inovador.<\/span><br \/>\n<span style=\"font-size: 75%;\">A escolha entre as variantes de constru\u00e7\u00e3o, tamanho e rigidez do eixo permite escolher a raquete certa para cada n\u00edvel de habilidade do atleta. Em cada variante, as l\u00e2minas est\u00e3o dispon\u00edveis com um refor\u00e7o em a\u00e7o inoxid\u00e1vel ao longo do bordo exterior, protegendo a l\u00e2mina contra danos.<\/span>.<\/h2>\n<h2><span style=\"font-size: 75%;\">Aplica\u00e7\u00e3o: Remo de caiaque slalom<\/span><br \/>\n<span style=\"font-size: 75%;\">User level: Professional athlete, hard training<br \/>\nPaddle material: Carbon extreme<br \/>\n<\/span><\/h2>\n<p>&nbsp;<\/p>\n<table border=\"0\" width=\"100%\" cellspacing=\"1\" cellpadding=\"1\" align=\"center\">\n<tbody>\n<tr>\n<td width=\"30%\"><span style=\"font-size: 85%;\">Tamanho<\/span><\/td>\n<td style=\"text-align: left;\" valign=\"middle\"><span style=\"font-size: 85%;\">XS<\/span><\/td>\n<td style=\"text-align: left;\"><span style=\"font-size: 85%;\">S<\/span><\/td>\n<td style=\"text-align: left;\"><span style=\"font-size: 85%;\">M<\/span><\/td>\n<td style=\"text-align: left;\"><span style=\"font-size: 85%;\">L<\/span><\/td>\n<td style=\"text-align: left;\"><span style=\"color: #282828; font-size: 85%;\">XL<\/span><\/td>\n<\/tr>\n<tr>\n<td><span style=\"font-size: 85%;\">\u00c1rea da l\u00e2mina<\/span><\/td>\n<td style=\"text-align: left;\"><span style=\"font-size: 85%;\">&#8211;<\/span><\/td>\n<td style=\"text-align: left;\"><span style=\"font-size: 85%;\">701 cm<sup>2<\/sup><\/span><\/td>\n<td style=\"text-align: left;\"><span style=\"font-size: 85%;\">733 cm<sup>2<\/sup><\/span><\/td>\n<td style=\"text-align: left;\"><span style=\"font-size: 85%;\">752 cm<sup>2<\/sup><\/span><\/td>\n<td style=\"text-align: left;\"><span style=\"font-size: 85%;\">770 cm<sup>2<\/sup><\/span><\/td>\n<\/tr>\n<tr>\n<td><span style=\"font-size: 85%;\">Comprimento da l\u00e2mina<\/span><\/td>\n<td style=\"text-align: left;\"><span style=\"font-size: 85%;\">&#8211;<\/span><\/td>\n<td style=\"text-align: left;\"><span style=\"font-size: 85%;\">472 mm<\/span><\/td>\n<td><span style=\"font-size: 85%;\">485 mm<\/span><\/td>\n<td><span style=\"font-size: 85%;\">490 mm<\/span><\/td>\n<td><span style=\"font-size: 85%;\">495 mm<\/span><\/td>\n<\/tr>\n<tr>\n<td><span style=\"font-size: 85%;\">Largura da l\u00e2mina<\/span><\/td>\n<td><span style=\"font-size: 85%;\">&#8211;<\/span><\/td>\n<td><span style=\"font-size: 85%;\">207 mm<\/span><\/td>\n<td><span style=\"font-size: 85%;\">210 mm<\/span><\/td>\n<td><span style=\"font-size: 85%;\">215 mm<\/span><\/td>\n<td><span style=\"font-size: 85%;\">220 mm<\/span><\/td>\n<\/tr>\n<tr>\n<td><span style=\"font-size: 85%;\">Teor de carbono - l\u00e2mina \/ veio<\/span><\/td>\n<td><span style=\"font-size: 85%;\">&#8211;<\/span><\/td>\n<td><span style=\"font-size: 85%;\">100% \/ 100%<\/span><\/td>\n<td><span style=\"font-size: 85%;\">100% \/ 100%<\/span><\/td>\n<td><span style=\"font-size: 85%;\">100% \/ 100%<\/span><\/td>\n<td><span style=\"font-size: 85%;\">100% \/ 100%<\/span><\/td>\n<\/tr>\n<tr>\n<td><span style=\"font-size: 85%;\">Di\u00e2metro do veio<\/span><\/td>\n<td><span style=\"font-size: 85%;\">&#8211;<\/span><\/td>\n<td><span style=\"font-size: 85%;\">28 mm<\/span><\/td>\n<td><span style=\"font-size: 85%;\">28 mm<\/span><\/td>\n<td><span style=\"font-size: 85%;\">28 mm<\/span><\/td>\n<td><span style=\"font-size: 85%;\">28 mm<\/span><\/td>\n<\/tr>\n<tr>\n<td><span style=\"font-size: 85%;\">Peso da p\u00e1<\/span><\/td>\n<td><span style=\"font-size: 85%;\">&#8211;<\/span><\/td>\n<td><span style=\"font-size: 85%;\">~ 685 g<\/span><\/td>\n<td><span style=\"font-size: 85%;\">~ 700 g<\/span><\/td>\n<td><span style=\"font-size: 85%;\">~ 715 g<\/span><\/td>\n<td><span style=\"font-size: 85%;\">~ 730 g<\/span><\/td>\n<\/tr>\n<tr>\n<td><span style=\"font-size: 85%;\">Pontas de metal<\/span><\/td>\n<td><span style=\"font-size: 85%;\">&#8211;<\/span><\/td>\n<td><span style=\"font-size: 85%;\">sim<\/span><\/td>\n<td><span style=\"font-size: 85%;\">sim<\/span><\/td>\n<td><span style=\"font-size: 85%;\">sim<\/span><\/td>\n<td><span style=\"font-size: 85%;\">sim<\/span><\/td>\n<\/tr>\n<\/tbody>\n<\/table>\n<p>&nbsp;<\/p>\n\t\n  \n    <div class=\"row large-columns-4 medium-columns-3 small-columns-2 row-small slider row-slider slider-nav-reveal slider-nav-push\"  data-flickity-options='{&quot;imagesLoaded&quot;: true, &quot;groupCells&quot;: &quot;100%&quot;, &quot;dragThreshold&quot; : 5, &quot;cellAlign&quot;: &quot;left&quot;,&quot;wrapAround&quot;: true,&quot;prevNextButtons&quot;: true,&quot;percentPosition&quot;: true,&quot;pageDots&quot;: false, &quot;rightToLeft&quot;: false, &quot;autoPlay&quot; : false}' >\n\n  \n\t     <\/div>\n\t<div id=\"gap-467026748\" class=\"gap-element clearfix\" style=\"display:block; height:auto;\">\n\t\t\n<style>\n#gap-467026748 {\n  padding-top: 50px;\n}\n<\/style>\n\t<\/div>\n\t\n\n\t<section class=\"section\" id=\"section_865745013\">\n\t\t<div class=\"section-bg fill\" >\n\t\t\t\t\t\t\t\t\t<div class=\"loading-spin centered\"><\/div>\n\t\t\t\n\n\t\t<\/div>\n\n\t\t\n\n\t\t<div class=\"section-content relative\">\n\t\t\t\n<div class=\"row row-solid\"  id=\"row-95721766\">\n\n\t<div id=\"col-1351514950\" class=\"col medium-4 small-12 large-4\"  >\n\t\t\t\t<div class=\"col-inner\"  >\n\t\t\t\n\t\t\t\n\n\t\t<div class=\"icon-box featured-box icon-box-center text-center\"  >\n\t\t\t\t\t<div class=\"icon-box-img\" style=\"width: 50px\">\n\t\t\t\t<div class=\"icon\">\n\t\t\t\t\t<div class=\"icon-inner\" >\n\t\t\t\t\t\t<img decoding=\"async\" width=\"128\" height=\"128\" src=\"https:\/\/gpowersport.com\/wp-content\/uploads\/2020\/09\/2703076-128-1-1.png\" class=\"attachment-medium size-medium\" alt=\"\" srcset=\"https:\/\/gpowersport.com\/wp-content\/uploads\/2020\/09\/2703076-128-1-1.png 128w, https:\/\/gpowersport.com\/wp-content\/uploads\/2020\/09\/2703076-128-1-1-12x12.png 12w, https:\/\/gpowersport.com\/wp-content\/uploads\/2020\/09\/2703076-128-1-1-120x120.png 120w, https:\/\/gpowersport.com\/wp-content\/uploads\/2020\/09\/2703076-128-1-1-100x100.png 100w\" sizes=\"(max-width: 128px) 100vw, 128px\" \/>\t\t\t\t\t<\/div>\n\t\t\t\t<\/div>\n\t\t\t<\/div>\n\t\t\t\t<div class=\"icon-box-text last-reset\">\n\t\t\t\t\t\t\t\t\t\t\t<\/div>\n\t<\/div>\n\t\n\t\n<p>&nbsp;<\/p>\n\t\t<\/div>\n\t\t\t\t\t<\/div>\n\n\t\n\n\t<div id=\"col-1348472860\" class=\"col medium-4 small-12 large-4\"  >\n\t\t\t\t<div class=\"col-inner\"  >\n\t\t\t\n\t\t\t\n\n\t\t<div class=\"icon-box featured-box icon-box-center text-center\"  >\n\t\t\t\t\t<div class=\"icon-box-img\" style=\"width: 50px\">\n\t\t\t\t<div class=\"icon\">\n\t\t\t\t\t<div class=\"icon-inner\" >\n\t\t\t\t\t\t<img decoding=\"async\" width=\"128\" height=\"128\" src=\"https:\/\/gpowersport.com\/wp-content\/uploads\/2020\/09\/3669335-128-1.png\" class=\"attachment-medium size-medium\" alt=\"\" srcset=\"https:\/\/gpowersport.com\/wp-content\/uploads\/2020\/09\/3669335-128-1.png 128w, https:\/\/gpowersport.com\/wp-content\/uploads\/2020\/09\/3669335-128-1-12x12.png 12w, https:\/\/gpowersport.com\/wp-content\/uploads\/2020\/09\/3669335-128-1-120x120.png 120w, https:\/\/gpowersport.com\/wp-content\/uploads\/2020\/09\/3669335-128-1-100x100.png 100w\" sizes=\"(max-width: 128px) 100vw, 128px\" \/>\t\t\t\t\t<\/div>\n\t\t\t\t<\/div>\n\t\t\t<\/div>\n\t\t\t\t<div class=\"icon-box-text last-reset\">\n\t\t\t\t\t\t\t\t\t\n<p>Deixar coment\u00e1rios<\/p>\n<p>A sua opini\u00e3o \u00e9 muito importante para n\u00f3s. Gra\u00e7as a ela, desenvolvemos os nossos produtos...<\/p>\n\t\t<\/div>\n\t<\/div>\n\t\n\t\n\t\t<\/div>\n\t\t\t\t\t<\/div>\n\n\t\n\n\t<div id=\"col-1086709453\" class=\"col medium-4 small-12 large-4\"  >\n\t\t\t\t<div class=\"col-inner\"  >\n\t\t\t\n\t\t\t\n\n\t\t<div class=\"icon-box featured-box icon-box-center text-center\"  >\n\t\t\t\t\t<div class=\"icon-box-img\" style=\"width: 50px\">\n\t\t\t\t<div class=\"icon\">\n\t\t\t\t\t<div class=\"icon-inner\" >\n\t\t\t\t\t\t<img decoding=\"async\" width=\"128\" height=\"128\" src=\"https:\/\/gpowersport.com\/wp-content\/uploads\/2020\/09\/5959201-128-1.png\" class=\"attachment-medium size-medium\" alt=\"\" srcset=\"https:\/\/gpowersport.com\/wp-content\/uploads\/2020\/09\/5959201-128-1.png 128w, https:\/\/gpowersport.com\/wp-content\/uploads\/2020\/09\/5959201-128-1-12x12.png 12w, https:\/\/gpowersport.com\/wp-content\/uploads\/2020\/09\/5959201-128-1-120x120.png 120w, https:\/\/gpowersport.com\/wp-content\/uploads\/2020\/09\/5959201-128-1-100x100.png 100w\" sizes=\"(max-width: 128px) 100vw, 128px\" \/>\t\t\t\t\t<\/div>\n\t\t\t\t<\/div>\n\t\t\t<\/div>\n\t\t\t\t<div class=\"icon-box-text last-reset\">\n\t\t\t\t\t\t\t\t\t\n<p>Porta a porta<\/p>\n<p>Quando compra na nossa loja, tem uma garantia total. As reclama\u00e7\u00f5es s\u00e3o tratadas diretamente pelo fabricante. R\u00e1pido e f\u00e1cil.<\/p>\n\t\t<\/div>\n\t<\/div>\n\t\n\t\n\t\t<\/div>\n\t\t\t\t\t<\/div>\n\n\t\n\n<style>\n#row-95721766 > .col > .col-inner {\n  padding: 20px 20px 20px 20px;\n}\n<\/style>\n<\/div>\n\t\t<\/div>\n\n\t\t\n<style>\n#section_865745013 {\n  padding-top: 30px;\n  padding-bottom: 30px;\n}\n<\/style>\n\t<\/section>","protected":false},"excerpt":{"rendered":"<p><span style=\"color: #00aae7;\">Quando se escolhe uma liga\u00e7\u00e3o standard<\/span>Quando escolher uma liga\u00e7\u00e3o normalizada, escolha tamb\u00e9m : Comprimento da p\u00e1, tor\u00e7\u00e3o e \u00e2ngulo. No passo seguinte, pode escolher a p\u00e1 colada (recebe a p\u00e1 pronta a usar). Se escolher o sistema ajust\u00e1vel Qnect, marque o comprimento m\u00ednimo que pretende e ignore a tor\u00e7\u00e3o e o \u00e2ngulo. O sistema Qnect d\u00e1-lhe a possibilidade de alterar o comprimento da p\u00e1 + 10 cm. Se n\u00e3o tem medo de ferramentas e tem jeito para a bricolage, assinale N\u00c3O na \u00faltima caixa de verifica\u00e7\u00e3o.<\/p>","protected":false},"featured_media":33773,"comment_status":"open","ping_status":"closed","template":"","meta":[],"product_brand":[],"product_cat":[18,89,90],"product_tag":[],"class_list":{"0":"post-33394","1":"product","2":"type-product","3":"status-publish","4":"has-post-thumbnail","6":"product_cat-carbon-fiber-paddles","7":"product_cat-slalom","8":"product_cat-kayak","10":"first","11":"instock","12":"featured","13":"taxable","14":"shipping-taxable","15":"purchasable","16":"product-type-composite"},"yoast_head":"<!-- This site is optimized with the Yoast SEO Premium plugin v20.7 (Yoast SEO v27.1.1) - https:\/\/yoast.com\/product\/yoast-seo-premium-wordpress\/ -->\n<title>Slalom Carbon extreme paddle - Spider EXTREME - G&#039;Power Carbon Paddles<\/title>\n<meta name=\"description\" content=\"Carbon extreme paddle - is our latest model of slalom paddle in which we used a unique inner surface of the blade.\" \/>\n<meta name=\"robots\" content=\"index, follow, max-snippet:-1, max-image-preview:large, max-video-preview:-1\" \/>\n<link rel=\"canonical\" href=\"https:\/\/gpowersport.com\/pt\/carbon-fiber-paddles\/slalom\/kayak\/spider-extreme\/\" \/>\n<meta property=\"og:locale\" content=\"pt_PT\" \/>\n<meta property=\"og:type\" content=\"article\" \/>\n<meta property=\"og:title\" content=\"Slalom Carbon extreme paddle - Spider EXTREME\" \/>\n<meta property=\"og:description\" content=\"Carbon extreme paddle - is our latest model of slalom paddle in which we used a unique inner surface of the blade.\" \/>\n<meta property=\"og:url\" content=\"https:\/\/gpowersport.com\/pt\/carbon-fiber-paddles\/slalom\/kayak\/spider-extreme\/\" \/>\n<meta property=\"og:site_name\" content=\"G&#039;Power\" \/>\n<meta property=\"article:publisher\" content=\"https:\/\/www.facebook.com\/GpowerPaddles\" \/>\n<meta property=\"article:modified_time\" content=\"2026-02-05T20:23:41+00:00\" \/>\n<meta property=\"og:image\" content=\"https:\/\/gpowersport.com\/wp-content\/uploads\/2019\/10\/spider_xt_start.png\" \/>\n\t<meta property=\"og:image:width\" content=\"1200\" \/>\n\t<meta property=\"og:image:height\" content=\"218\" \/>\n\t<meta property=\"og:image:type\" content=\"image\/png\" \/>\n<meta name=\"twitter:card\" content=\"summary_large_image\" \/>\n<meta name=\"twitter:label1\" content=\"Tempo estimado de leitura\" \/>\n\t<meta name=\"twitter:data1\" content=\"2 minutos\" \/>\n<script type=\"application\/ld+json\" class=\"yoast-schema-graph\">{\"@context\":\"https:\/\/schema.org\",\"@graph\":[{\"@type\":[\"WebPage\",\"ItemPage\"],\"@id\":\"https:\/\/gpowersport.com\/pl\/carbon-fiber-paddles\/slalom\/kayak\/spider-extreme\/\",\"url\":\"https:\/\/gpowersport.com\/pl\/carbon-fiber-paddles\/slalom\/kayak\/spider-extreme\/\",\"name\":\"Slalom Carbon extreme paddle - Spider EXTREME - G&#039;Power Carbon Paddles\",\"isPartOf\":{\"@id\":\"https:\/\/gpowersport.com\/pl\/#website\"},\"primaryImageOfPage\":{\"@id\":\"https:\/\/gpowersport.com\/pl\/carbon-fiber-paddles\/slalom\/kayak\/spider-extreme\/#primaryimage\"},\"image\":{\"@id\":\"https:\/\/gpowersport.com\/pl\/carbon-fiber-paddles\/slalom\/kayak\/spider-extreme\/#primaryimage\"},\"thumbnailUrl\":\"https:\/\/gpowersport.com\/wp-content\/uploads\/2019\/10\/spider_xt_start.png\",\"datePublished\":\"2019-10-29T10:33:33+00:00\",\"dateModified\":\"2026-02-05T20:23:41+00:00\",\"description\":\"Carbon extreme paddle - is our latest model of slalom paddle in which we used a unique inner surface of the blade.\",\"breadcrumb\":{\"@id\":\"https:\/\/gpowersport.com\/pl\/carbon-fiber-paddles\/slalom\/kayak\/spider-extreme\/#breadcrumb\"},\"inLanguage\":\"pt-PT\",\"potentialAction\":[{\"@type\":\"ReadAction\",\"target\":[\"https:\/\/gpowersport.com\/pl\/carbon-fiber-paddles\/slalom\/kayak\/spider-extreme\/\"]}]},{\"@type\":\"ImageObject\",\"inLanguage\":\"pt-PT\",\"@id\":\"https:\/\/gpowersport.com\/pl\/carbon-fiber-paddles\/slalom\/kayak\/spider-extreme\/#primaryimage\",\"url\":\"https:\/\/gpowersport.com\/wp-content\/uploads\/2019\/10\/spider_xt_start.png\",\"contentUrl\":\"https:\/\/gpowersport.com\/wp-content\/uploads\/2019\/10\/spider_xt_start.png\",\"width\":1200,\"height\":218,\"caption\":\"Carbon extreme paddle - Spider EXTREME\"},{\"@type\":\"BreadcrumbList\",\"@id\":\"https:\/\/gpowersport.com\/pl\/carbon-fiber-paddles\/slalom\/kayak\/spider-extreme\/#breadcrumb\",\"itemListElement\":[{\"@type\":\"ListItem\",\"position\":1,\"name\":\"Home\",\"item\":\"https:\/\/gpowersport.com\/\"},{\"@type\":\"ListItem\",\"position\":2,\"name\":\"Shop\",\"item\":\"https:\/\/gpowersport.com\/carbon-fiber-paddles\/\"},{\"@type\":\"ListItem\",\"position\":3,\"name\":\"Carbon Fiber Paddles\",\"item\":\"https:\/\/gpowersport.com\/pl\/carbon-fiber-paddles\/\"},{\"@type\":\"ListItem\",\"position\":4,\"name\":\"Slalom Paddles\",\"item\":\"https:\/\/gpowersport.com\/carbon-fiber-paddles\/slalom\/\"},{\"@type\":\"ListItem\",\"position\":5,\"name\":\"Slalom Kayak Paddles\",\"item\":\"https:\/\/gpowersport.com\/nl\/carbon-fiber-paddles\/slalom\/kayak\/\"},{\"@type\":\"ListItem\",\"position\":6,\"name\":\"Slalom Carbon extreme paddle &#8211; Spider EXTREME\"}]},{\"@type\":\"WebSite\",\"@id\":\"https:\/\/gpowersport.com\/pl\/#website\",\"url\":\"https:\/\/gpowersport.com\/pl\/\",\"name\":\"G'Power carbon paddles\",\"description\":\"\",\"publisher\":{\"@id\":\"https:\/\/gpowersport.com\/pl\/#organization\"},\"potentialAction\":[{\"@type\":\"SearchAction\",\"target\":{\"@type\":\"EntryPoint\",\"urlTemplate\":\"https:\/\/gpowersport.com\/pl\/?s={search_term_string}\"},\"query-input\":{\"@type\":\"PropertyValueSpecification\",\"valueRequired\":true,\"valueName\":\"search_term_string\"}}],\"inLanguage\":\"pt-PT\"},{\"@type\":\"Organization\",\"@id\":\"https:\/\/gpowersport.com\/pl\/#organization\",\"name\":\"G'power carbon paddles\",\"url\":\"https:\/\/gpowersport.com\/pl\/\",\"logo\":{\"@type\":\"ImageObject\",\"inLanguage\":\"pt-PT\",\"@id\":\"https:\/\/gpowersport.com\/pl\/#\/schema\/logo\/image\/\",\"url\":\"https:\/\/gpowersport.com\/wp-content\/uploads\/2020\/03\/gpower-logo.png\",\"contentUrl\":\"https:\/\/gpowersport.com\/wp-content\/uploads\/2020\/03\/gpower-logo.png\",\"width\":140,\"height\":30,\"caption\":\"G'power carbon paddles\"},\"image\":{\"@id\":\"https:\/\/gpowersport.com\/pl\/#\/schema\/logo\/image\/\"},\"sameAs\":[\"https:\/\/www.facebook.com\/GpowerPaddles\",\"https:\/\/www.instagram.com\/gpowerpaddles\/\"]}]}<\/script>\n<!-- \/ Yoast SEO Premium plugin. -->","yoast_head_json":{"title":"Slalom Carbon extreme paddle - Spider EXTREME - G&#039;Power Carbon Paddles","description":"Carbon extreme paddle - is our latest model of slalom paddle in which we used a unique inner surface of the blade.","robots":{"index":"index","follow":"follow","max-snippet":"max-snippet:-1","max-image-preview":"max-image-preview:large","max-video-preview":"max-video-preview:-1"},"canonical":"https:\/\/gpowersport.com\/pt\/carbon-fiber-paddles\/slalom\/kayak\/spider-extreme\/","og_locale":"pt_PT","og_type":"article","og_title":"Slalom Carbon extreme paddle - Spider EXTREME","og_description":"Carbon extreme paddle - is our latest model of slalom paddle in which we used a unique inner surface of the blade.","og_url":"https:\/\/gpowersport.com\/pt\/carbon-fiber-paddles\/slalom\/kayak\/spider-extreme\/","og_site_name":"G&#039;Power","article_publisher":"https:\/\/www.facebook.com\/GpowerPaddles","article_modified_time":"2026-02-05T20:23:41+00:00","og_image":[{"width":1200,"height":218,"url":"https:\/\/gpowersport.com\/wp-content\/uploads\/2019\/10\/spider_xt_start.png","type":"image\/png"}],"twitter_card":"summary_large_image","twitter_misc":{"Tempo estimado de leitura":"2 minutos"},"schema":{"@context":"https:\/\/schema.org","@graph":[{"@type":["WebPage","ItemPage"],"@id":"https:\/\/gpowersport.com\/pl\/carbon-fiber-paddles\/slalom\/kayak\/spider-extreme\/","url":"https:\/\/gpowersport.com\/pl\/carbon-fiber-paddles\/slalom\/kayak\/spider-extreme\/","name":"Slalom Carbon extreme paddle - Spider EXTREME - G&#039;Power Carbon Paddles","isPartOf":{"@id":"https:\/\/gpowersport.com\/pl\/#website"},"primaryImageOfPage":{"@id":"https:\/\/gpowersport.com\/pl\/carbon-fiber-paddles\/slalom\/kayak\/spider-extreme\/#primaryimage"},"image":{"@id":"https:\/\/gpowersport.com\/pl\/carbon-fiber-paddles\/slalom\/kayak\/spider-extreme\/#primaryimage"},"thumbnailUrl":"https:\/\/gpowersport.com\/wp-content\/uploads\/2019\/10\/spider_xt_start.png","datePublished":"2019-10-29T10:33:33+00:00","dateModified":"2026-02-05T20:23:41+00:00","description":"Carbon extreme paddle - is our latest model of slalom paddle in which we used a unique inner surface of the blade.","breadcrumb":{"@id":"https:\/\/gpowersport.com\/pl\/carbon-fiber-paddles\/slalom\/kayak\/spider-extreme\/#breadcrumb"},"inLanguage":"pt-PT","potentialAction":[{"@type":"ReadAction","target":["https:\/\/gpowersport.com\/pl\/carbon-fiber-paddles\/slalom\/kayak\/spider-extreme\/"]}]},{"@type":"ImageObject","inLanguage":"pt-PT","@id":"https:\/\/gpowersport.com\/pl\/carbon-fiber-paddles\/slalom\/kayak\/spider-extreme\/#primaryimage","url":"https:\/\/gpowersport.com\/wp-content\/uploads\/2019\/10\/spider_xt_start.png","contentUrl":"https:\/\/gpowersport.com\/wp-content\/uploads\/2019\/10\/spider_xt_start.png","width":1200,"height":218,"caption":"Carbon extreme paddle - Spider EXTREME"},{"@type":"BreadcrumbList","@id":"https:\/\/gpowersport.com\/pl\/carbon-fiber-paddles\/slalom\/kayak\/spider-extreme\/#breadcrumb","itemListElement":[{"@type":"ListItem","position":1,"name":"Home","item":"https:\/\/gpowersport.com\/"},{"@type":"ListItem","position":2,"name":"Shop","item":"https:\/\/gpowersport.com\/carbon-fiber-paddles\/"},{"@type":"ListItem","position":3,"name":"Carbon Fiber Paddles","item":"https:\/\/gpowersport.com\/pl\/carbon-fiber-paddles\/"},{"@type":"ListItem","position":4,"name":"Slalom Paddles","item":"https:\/\/gpowersport.com\/carbon-fiber-paddles\/slalom\/"},{"@type":"ListItem","position":5,"name":"Slalom Kayak Paddles","item":"https:\/\/gpowersport.com\/nl\/carbon-fiber-paddles\/slalom\/kayak\/"},{"@type":"ListItem","position":6,"name":"Slalom Carbon extreme paddle &#8211; Spider EXTREME"}]},{"@type":"WebSite","@id":"https:\/\/gpowersport.com\/pl\/#website","url":"https:\/\/gpowersport.com\/pl\/","name":"P\u00e1s de carbono G'Power","description":"","publisher":{"@id":"https:\/\/gpowersport.com\/pl\/#organization"},"potentialAction":[{"@type":"SearchAction","target":{"@type":"EntryPoint","urlTemplate":"https:\/\/gpowersport.com\/pl\/?s={search_term_string}"},"query-input":{"@type":"PropertyValueSpecification","valueRequired":true,"valueName":"search_term_string"}}],"inLanguage":"pt-PT"},{"@type":"Organization","@id":"https:\/\/gpowersport.com\/pl\/#organization","name":"P\u00e1s de carbono G'power","url":"https:\/\/gpowersport.com\/pl\/","logo":{"@type":"ImageObject","inLanguage":"pt-PT","@id":"https:\/\/gpowersport.com\/pl\/#\/schema\/logo\/image\/","url":"https:\/\/gpowersport.com\/wp-content\/uploads\/2020\/03\/gpower-logo.png","contentUrl":"https:\/\/gpowersport.com\/wp-content\/uploads\/2020\/03\/gpower-logo.png","width":140,"height":30,"caption":"G'power carbon paddles"},"image":{"@id":"https:\/\/gpowersport.com\/pl\/#\/schema\/logo\/image\/"},"sameAs":["https:\/\/www.facebook.com\/GpowerPaddles","https:\/\/www.instagram.com\/gpowerpaddles\/"]}]}},"_links":{"self":[{"href":"https:\/\/gpowersport.com\/pt\/wp-json\/wp\/v2\/product\/33394","targetHints":{"allow":["GET"]}}],"collection":[{"href":"https:\/\/gpowersport.com\/pt\/wp-json\/wp\/v2\/product"}],"about":[{"href":"https:\/\/gpowersport.com\/pt\/wp-json\/wp\/v2\/types\/product"}],"replies":[{"embeddable":true,"href":"https:\/\/gpowersport.com\/pt\/wp-json\/wp\/v2\/comments?post=33394"}],"wp:featuredmedia":[{"embeddable":true,"href":"https:\/\/gpowersport.com\/pt\/wp-json\/wp\/v2\/media\/33773"}],"wp:attachment":[{"href":"https:\/\/gpowersport.com\/pt\/wp-json\/wp\/v2\/media?parent=33394"}],"wp:term":[{"taxonomy":"product_brand","embeddable":true,"href":"https:\/\/gpowersport.com\/pt\/wp-json\/wp\/v2\/product_brand?post=33394"},{"taxonomy":"product_cat","embeddable":true,"href":"https:\/\/gpowersport.com\/pt\/wp-json\/wp\/v2\/product_cat?post=33394"},{"taxonomy":"product_tag","embeddable":true,"href":"https:\/\/gpowersport.com\/pt\/wp-json\/wp\/v2\/product_tag?post=33394"}],"curies":[{"name":"wp","href":"https:\/\/api.w.org\/{rel}","templated":true}]}}