{"id":407,"date":"2019-04-10T18:22:18","date_gmt":"2019-04-10T18:22:18","guid":{"rendered":"https:\/\/gpowersport.com\/?page_id=407"},"modified":"2023-10-25T11:33:24","modified_gmt":"2023-10-25T11:33:24","slug":"contact","status":"publish","type":"page","link":"https:\/\/gpowersport.com\/sv\/contact\/","title":{"rendered":"Kontakt"},"content":{"rendered":"<p>&nbsp;<\/p>\n<p style=\"text-align: center;\">Om du beh\u00f6ver ytterligare hj\u00e4lp, v\u00e4nligen kontakta oss:<br \/>\nINFO: <a href=\"\/sv\/&\/#109;&#x61;i&#x6c;&#x74;&#111;&#x3a;s&#x68;&#x6f;&#112;&#x40;g&#x70;&#x6f;&#119;&#x65;r&#x73;&#x70;&#111;&#x72;t&#x2e;&#x63;&#111;&#x6d;\">shop@gpowersport.com<\/a> \/ mobil: +48 883 44 22 44<\/p>\n<p style=\"text-align: center;\">Vi inbjuder dig ocks\u00e5 att bes\u00f6ka v\u00e5ra distribut\u00f6rer. Du hittar en lista \u00f6ver dem p\u00e5 adressen <a href=\"https:\/\/gpowersport.com\/sv\/distributors\/\">distribut\u00f6rer<\/a><\/p>\n<p>&nbsp;<\/p>\n<p><iframe style=\"border: 0;\" tabindex=\"0\" src=\"https:\/\/www.google.com\/maps\/embed?pb=!1m18!1m12!1m3!1d604.6196617987321!2d15.256027829268065!3d52.68745181166794!2m3!1f0!2f0!3f0!3m2!1i1024!2i768!4f13.1!3m3!1m2!1s0x47071e204cb9d8b3%3A0x1773428c5c5030dc!2sG'POWER!5e0!3m2!1spl!2spl!4v1601296860805!5m2!1spl!2spl\" width=\"100%\" height=\"650\" frameborder=\"0\" allowfullscreen=\"allowfullscreen\" aria-hidden=\"false\"><\/iframe><\/p>","protected":false},"excerpt":{"rendered":"<p>&nbsp; If you need additional help, please contact us: INFO: &#x73;&#x68;&#x6f;&#x70;&#x40;&#103;&#112;&#111;&#119;ers&#x70;&#x6f;&#x72;&#x74;&#x2e;&#x63;&#111;&#109; \/ mobile: +48 883 44 22 44 We also invite you to visit our distributors. You can find a list of them at the address distributors &nbsp;<\/p>","protected":false},"author":61,"featured_media":0,"parent":0,"menu_order":0,"comment_status":"closed","ping_status":"closed","template":"page-blank.php","meta":{"footnotes":""},"class_list":["post-407","page","type-page","status-publish","hentry"],"yoast_head":"<!-- This site is optimized with the Yoast SEO Premium plugin v20.7 (Yoast SEO v27.1.1) - https:\/\/yoast.com\/product\/yoast-seo-premium-wordpress\/ -->\n<title>Contact - G&#039;power<\/title>\n<meta name=\"robots\" content=\"index, follow, max-snippet:-1, max-image-preview:large, max-video-preview:-1\" \/>\n<link rel=\"canonical\" href=\"https:\/\/gpowersport.com\/sv\/contact\/\" \/>\n<meta property=\"og:locale\" content=\"sv_SE\" \/>\n<meta property=\"og:type\" content=\"article\" \/>\n<meta property=\"og:title\" content=\"Contact\" \/>\n<meta property=\"og:description\" content=\"&nbsp; If you need additional help, please contact us: INFO: &#115;h&#x6f;p&#x40;g&#x70;o&#x77;e&#x72;s&#x70;&#111;&#x72;&#116;&#x2e;&#099;&#x6f;&#109; \/ mobile: +48 883 44 22 44 We also invite you to visit our distributors. You can find a list of them at the address distributors &nbsp;\" \/>\n<meta property=\"og:url\" content=\"https:\/\/gpowersport.com\/sv\/contact\/\" \/>\n<meta property=\"og:site_name\" content=\"G&#039;Power\" \/>\n<meta property=\"article:publisher\" content=\"https:\/\/www.facebook.com\/GpowerPaddles\" \/>\n<meta property=\"article:modified_time\" content=\"2023-10-25T11:33:24+00:00\" \/>\n<meta name=\"twitter:card\" content=\"summary_large_image\" \/>\n<meta name=\"twitter:label1\" content=\"Ber\u00e4knad l\u00e4stid\" \/>\n\t<meta name=\"twitter:data1\" content=\"1 minut\" \/>\n<script type=\"application\/ld+json\" class=\"yoast-schema-graph\">{\"@context\":\"https:\/\/schema.org\",\"@graph\":[{\"@type\":\"WebPage\",\"@id\":\"https:\/\/gpowersport.com\/contact\/\",\"url\":\"https:\/\/gpowersport.com\/contact\/\",\"name\":\"Contact - G'power\",\"isPartOf\":{\"@id\":\"https:\/\/gpowersport.com\/pl\/#website\"},\"datePublished\":\"2019-04-10T18:22:18+00:00\",\"dateModified\":\"2023-10-25T11:33:24+00:00\",\"breadcrumb\":{\"@id\":\"https:\/\/gpowersport.com\/contact\/#breadcrumb\"},\"inLanguage\":\"sv-SE\",\"potentialAction\":[{\"@type\":\"ReadAction\",\"target\":[\"https:\/\/gpowersport.com\/contact\/\"]}]},{\"@type\":\"BreadcrumbList\",\"@id\":\"https:\/\/gpowersport.com\/contact\/#breadcrumb\",\"itemListElement\":[{\"@type\":\"ListItem\",\"position\":1,\"name\":\"Home\",\"item\":\"https:\/\/gpowersport.com\/\"},{\"@type\":\"ListItem\",\"position\":2,\"name\":\"Contact\"}]},{\"@type\":\"WebSite\",\"@id\":\"https:\/\/gpowersport.com\/pl\/#website\",\"url\":\"https:\/\/gpowersport.com\/pl\/\",\"name\":\"G'Power carbon paddles\",\"description\":\"\",\"publisher\":{\"@id\":\"https:\/\/gpowersport.com\/pl\/#organization\"},\"potentialAction\":[{\"@type\":\"SearchAction\",\"target\":{\"@type\":\"EntryPoint\",\"urlTemplate\":\"https:\/\/gpowersport.com\/pl\/?s={search_term_string}\"},\"query-input\":{\"@type\":\"PropertyValueSpecification\",\"valueRequired\":true,\"valueName\":\"search_term_string\"}}],\"inLanguage\":\"sv-SE\"},{\"@type\":\"Organization\",\"@id\":\"https:\/\/gpowersport.com\/pl\/#organization\",\"name\":\"G'power carbon paddles\",\"url\":\"https:\/\/gpowersport.com\/pl\/\",\"logo\":{\"@type\":\"ImageObject\",\"inLanguage\":\"sv-SE\",\"@id\":\"https:\/\/gpowersport.com\/pl\/#\/schema\/logo\/image\/\",\"url\":\"https:\/\/gpowersport.com\/wp-content\/uploads\/2020\/03\/gpower-logo.png\",\"contentUrl\":\"https:\/\/gpowersport.com\/wp-content\/uploads\/2020\/03\/gpower-logo.png\",\"width\":140,\"height\":30,\"caption\":\"G'power carbon paddles\"},\"image\":{\"@id\":\"https:\/\/gpowersport.com\/pl\/#\/schema\/logo\/image\/\"},\"sameAs\":[\"https:\/\/www.facebook.com\/GpowerPaddles\",\"https:\/\/www.instagram.com\/gpowerpaddles\/\"]}]}<\/script>\n<!-- \/ Yoast SEO Premium plugin. -->","yoast_head_json":{"title":"Kontakt - G'power","robots":{"index":"index","follow":"follow","max-snippet":"max-snippet:-1","max-image-preview":"max-image-preview:large","max-video-preview":"max-video-preview:-1"},"canonical":"https:\/\/gpowersport.com\/sv\/contact\/","og_locale":"sv_SE","og_type":"article","og_title":"Contact","og_description":"&nbsp; If you need additional help, please contact us: INFO: &#115;h&#x6f;p&#x40;g&#x70;o&#x77;e&#x72;s&#x70;&#111;&#x72;&#116;&#x2e;&#99;&#x6f;&#109; \/ mobile: +48 883 44 22 44 We also invite you to visit our distributors. You can find a list of them at the address distributors &nbsp;","og_url":"https:\/\/gpowersport.com\/sv\/contact\/","og_site_name":"G&#039;Power","article_publisher":"https:\/\/www.facebook.com\/GpowerPaddles","article_modified_time":"2023-10-25T11:33:24+00:00","twitter_card":"summary_large_image","twitter_misc":{"Ber\u00e4knad l\u00e4stid":"1 minut"},"schema":{"@context":"https:\/\/schema.org","@graph":[{"@type":"WebPage","@id":"https:\/\/gpowersport.com\/contact\/","url":"https:\/\/gpowersport.com\/contact\/","name":"Kontakt - G'power","isPartOf":{"@id":"https:\/\/gpowersport.com\/pl\/#website"},"datePublished":"2019-04-10T18:22:18+00:00","dateModified":"2023-10-25T11:33:24+00:00","breadcrumb":{"@id":"https:\/\/gpowersport.com\/contact\/#breadcrumb"},"inLanguage":"sv-SE","potentialAction":[{"@type":"ReadAction","target":["https:\/\/gpowersport.com\/contact\/"]}]},{"@type":"BreadcrumbList","@id":"https:\/\/gpowersport.com\/contact\/#breadcrumb","itemListElement":[{"@type":"ListItem","position":1,"name":"Home","item":"https:\/\/gpowersport.com\/"},{"@type":"ListItem","position":2,"name":"Contact"}]},{"@type":"WebSite","@id":"https:\/\/gpowersport.com\/pl\/#website","url":"https:\/\/gpowersport.com\/pl\/","name":"G'Power kolfiberpaddlar","description":"","publisher":{"@id":"https:\/\/gpowersport.com\/pl\/#organization"},"potentialAction":[{"@type":"SearchAction","target":{"@type":"EntryPoint","urlTemplate":"https:\/\/gpowersport.com\/pl\/?s={search_term_string}"},"query-input":{"@type":"PropertyValueSpecification","valueRequired":true,"valueName":"search_term_string"}}],"inLanguage":"sv-SE"},{"@type":"Organization","@id":"https:\/\/gpowersport.com\/pl\/#organization","name":"G'power kolfiberpaddlar","url":"https:\/\/gpowersport.com\/pl\/","logo":{"@type":"ImageObject","inLanguage":"sv-SE","@id":"https:\/\/gpowersport.com\/pl\/#\/schema\/logo\/image\/","url":"https:\/\/gpowersport.com\/wp-content\/uploads\/2020\/03\/gpower-logo.png","contentUrl":"https:\/\/gpowersport.com\/wp-content\/uploads\/2020\/03\/gpower-logo.png","width":140,"height":30,"caption":"G'power carbon paddles"},"image":{"@id":"https:\/\/gpowersport.com\/pl\/#\/schema\/logo\/image\/"},"sameAs":["https:\/\/www.facebook.com\/GpowerPaddles","https:\/\/www.instagram.com\/gpowerpaddles\/"]}]}},"_links":{"self":[{"href":"https:\/\/gpowersport.com\/sv\/wp-json\/wp\/v2\/pages\/407","targetHints":{"allow":["GET"]}}],"collection":[{"href":"https:\/\/gpowersport.com\/sv\/wp-json\/wp\/v2\/pages"}],"about":[{"href":"https:\/\/gpowersport.com\/sv\/wp-json\/wp\/v2\/types\/page"}],"author":[{"embeddable":true,"href":"https:\/\/gpowersport.com\/sv\/wp-json\/wp\/v2\/users\/61"}],"replies":[{"embeddable":true,"href":"https:\/\/gpowersport.com\/sv\/wp-json\/wp\/v2\/comments?post=407"}],"version-history":[{"count":1,"href":"https:\/\/gpowersport.com\/sv\/wp-json\/wp\/v2\/pages\/407\/revisions"}],"predecessor-version":[{"id":42961,"href":"https:\/\/gpowersport.com\/sv\/wp-json\/wp\/v2\/pages\/407\/revisions\/42961"}],"wp:attachment":[{"href":"https:\/\/gpowersport.com\/sv\/wp-json\/wp\/v2\/media?parent=407"}],"curies":[{"name":"wp","href":"https:\/\/api.w.org\/{rel}","templated":true}]}}