{"id":35021,"date":"2020-06-29T08:54:03","date_gmt":"2020-06-29T08:54:03","guid":{"rendered":"https:\/\/gpowersport.com\/?post_type=product&#038;p=35021"},"modified":"2023-12-06T07:13:37","modified_gmt":"2023-12-06T07:13:37","slug":"hunter-ergo-elite","status":"publish","type":"product","link":"https:\/\/gpowersport.com\/sv\/carbon-fiber-paddles\/slalom\/kayak\/hunter-ergo-elite\/","title":{"rendered":"Slalompaddel Hunter ERGO ELITE"},"content":{"rendered":"<div>\n<div>Paddle for advanced kayakers who prefer a strong and secure grip and powerful strokes<\/div>\n<div>&#8211; Ergonomic shaft built with Monocoque technology<\/div>\n<div>&#8211; Ridges on the inside edge of the paddle gives stability during the stroke<\/div>\n<div>&#8211; Wide blade perfectly suited for sprints<\/div>\n<div>&#8211; Low weight with solid construction (820-880 g).<br \/>\n&#8211; Paddle available in 4 sizes and 2 stiffness configurations<\/div>\n<div>&#8211; Laser cut INOX steel fittings<\/div>\n<div>&#8211; Available with the QNECT composite and Qnect Aluminum 30 mm X-creek<\/div>\n<\/div>\n<p>&nbsp;<\/p>\n<table border=\"0\" width=\"100%\" cellspacing=\"1\" cellpadding=\"1\" align=\"center\">\n<tbody>\n<tr>\n<td width=\"30%\"><span style=\"font-size: 85%;\">Storlek<\/span><\/td>\n<td style=\"text-align: left;\" valign=\"middle\"><span style=\"font-size: 85%;\">XS<\/span><\/td>\n<td style=\"text-align: left;\"><span style=\"font-size: 85%;\">S<\/span><\/td>\n<td style=\"text-align: left;\"><span style=\"font-size: 85%;\">M<\/span><\/td>\n<td style=\"text-align: left;\"><span style=\"font-size: 85%;\">L<\/span><\/td>\n<td style=\"text-align: left;\"><span style=\"color: #282828; font-size: 85%;\">XL<\/span><\/td>\n<\/tr>\n<tr>\n<td><span style=\"font-size: 85%;\">Bladets yta<\/span><\/td>\n<td style=\"text-align: left;\"><span style=\"font-size: 85%;\">&#8211;<\/span><\/td>\n<td style=\"text-align: left;\"><span style=\"font-size: 85%;\">695 cm<sup>2<\/sup><\/span><\/td>\n<td style=\"text-align: left;\"><span style=\"font-size: 85%;\">697 cm<sup>2<\/sup><\/span><\/td>\n<td style=\"text-align: left;\"><span style=\"font-size: 85%;\">732 cm<sup>2<\/sup><\/span><\/td>\n<td style=\"text-align: left;\"><span style=\"font-size: 85%;\">765 cm<sup>2<\/sup><\/span><\/td>\n<\/tr>\n<tr>\n<td><span style=\"font-size: 85%;\">Bladets l\u00e4ngd<\/span><\/td>\n<td style=\"text-align: left;\"><span style=\"font-size: 85%;\">&#8211;<\/span><\/td>\n<td style=\"text-align: left;\"><span style=\"font-size: 85%;\">495 mm<\/span><\/td>\n<td><span style=\"font-size: 85%;\">500 mm<\/span><\/td>\n<td><span style=\"font-size: 85%;\">515 mm<\/span><\/td>\n<td><span style=\"font-size: 85%;\">520 mm<\/span><\/td>\n<\/tr>\n<tr>\n<td><span style=\"font-size: 85%;\">Bladets bredd<\/span><\/td>\n<td><span style=\"font-size: 85%;\">&#8211;<\/span><\/td>\n<td><span style=\"font-size: 85%;\">189 mm<\/span><\/td>\n<td><span style=\"font-size: 85%;\">194 mm<\/span><\/td>\n<td><span style=\"font-size: 85%;\">203 mm<\/span><\/td>\n<td><span style=\"font-size: 85%;\">211 mm<\/span><\/td>\n<\/tr>\n<tr>\n<td><span style=\"font-size: 85%;\">Kolhalt - blad \/ axel<\/span><\/td>\n<td><span style=\"font-size: 85%;\">&#8211;<\/span><\/td>\n<td><span style=\"font-size: 85%;\">100% \/ 95%<\/span><\/td>\n<td><span style=\"font-size: 85%;\">100% \/ 95%<\/span><\/td>\n<td><span style=\"font-size: 85%;\">100% \/ 95%<\/span><\/td>\n<td><span style=\"font-size: 85%;\">100% \/ 95%<\/span><\/td>\n<\/tr>\n<tr>\n<td><span style=\"font-size: 85%;\">Axelns diameter<\/span><\/td>\n<td><span style=\"font-size: 85%;\">&#8211;<\/span><\/td>\n<td><span style=\"font-size: 85%;\">29 mm<\/span><\/td>\n<td><span style=\"font-size: 85%;\">29 mm<\/span><\/td>\n<td><span style=\"font-size: 85%;\">29 mm<\/span><\/td>\n<td><span style=\"font-size: 85%;\">29 mm<\/span><\/td>\n<\/tr>\n<tr>\n<td><span style=\"font-size: 85%;\">Paddelns vikt<\/span><\/td>\n<td><span style=\"font-size: 85%;\">&#8211;<\/span><\/td>\n<td><span style=\"font-size: 85%;\">~ 820 g<\/span><\/td>\n<td><span style=\"font-size: 85%;\">~ 840 g<\/span><\/td>\n<td><span style=\"font-size: 85%;\">~ 860 g<\/span><\/td>\n<td><span style=\"font-size: 85%;\">~ 880 g<\/span><\/td>\n<\/tr>\n<tr>\n<td><span style=\"font-size: 85%;\">Tips om metall<\/span><\/td>\n<td><span style=\"font-size: 85%;\">&#8211;<\/span><\/td>\n<td><span style=\"font-size: 85%;\">ja<\/span><\/td>\n<td><span style=\"font-size: 85%;\">ja<\/span><\/td>\n<td><span style=\"font-size: 85%;\">ja<\/span><\/td>\n<td><span style=\"font-size: 85%;\">ja<\/span><\/td>\n<\/tr>\n<\/tbody>\n<\/table>\n<p>&nbsp;<\/p>","protected":false},"excerpt":{"rendered":"<p>N\u00e4r du v\u00e4ljer en standardanslutning, v\u00e4lj \u00e4ven : Paddelns l\u00e4ngd, vridning och vinkel. I n\u00e4sta steg kan du v\u00e4lja paddel limmad (du f\u00e5r paddel klar att anv\u00e4nda) N\u00e4r du v\u00e4ljer Qnect justerbart system markera den minsta l\u00e4ngden som du vill ha och hoppa \u00f6ver Twist och Angle. Qnect-systemet ger dig m\u00f6jlighet att \u00e4ndra l\u00e4ngden p\u00e5 paddeln + 10 cm. Om du inte \u00e4r r\u00e4dd f\u00f6r verktyg och du har en talang f\u00f6r DIY markera NEJ i den sista kryssrutan.<\/p>","protected":false},"featured_media":33395,"comment_status":"open","ping_status":"closed","template":"","meta":[],"product_brand":[],"product_cat":[18,89,90],"product_tag":[],"class_list":{"0":"post-35021","1":"product","2":"type-product","3":"status-publish","4":"has-post-thumbnail","6":"product_cat-carbon-fiber-paddles","7":"product_cat-slalom","8":"product_cat-kayak","10":"first","11":"instock","12":"taxable","13":"shipping-taxable","14":"purchasable","15":"product-type-composite"},"yoast_head":"<!-- This site is optimized with the Yoast SEO Premium plugin v20.7 (Yoast SEO v27.1.1) - https:\/\/yoast.com\/product\/yoast-seo-premium-wordpress\/ -->\n<title>Slalom paddle Hunter ERGO ELITE - G&#039;Power<\/title>\n<meta name=\"robots\" content=\"index, follow, max-snippet:-1, max-image-preview:large, max-video-preview:-1\" \/>\n<link rel=\"canonical\" href=\"https:\/\/gpowersport.com\/sv\/carbon-fiber-paddles\/slalom\/kayak\/hunter-ergo-elite\/\" \/>\n<meta property=\"og:locale\" content=\"sv_SE\" \/>\n<meta property=\"og:type\" content=\"article\" \/>\n<meta property=\"og:title\" content=\"Slalom paddle Hunter ERGO ELITE\" \/>\n<meta property=\"og:description\" content=\"When you choose a standard connection, please choose also : Paddle Lenght, Twist and Angle. At the next step You can choice paddle glued (You receive paddle ready to use) When you choose Qnect adjustable system mark the minimum lenght which You would like to have and skip Twist and Angle. The Qnect system gives You possibility of changing the length of the paddle + 10 cm. If you are not afraid of tools and you have a knack for DIY mark NO in the last check box.\" \/>\n<meta property=\"og:url\" content=\"https:\/\/gpowersport.com\/sv\/carbon-fiber-paddles\/slalom\/kayak\/hunter-ergo-elite\/\" \/>\n<meta property=\"og:site_name\" content=\"G&#039;Power\" \/>\n<meta property=\"article:publisher\" content=\"https:\/\/www.facebook.com\/GpowerPaddles\" \/>\n<meta property=\"article:modified_time\" content=\"2023-12-06T07:13:37+00:00\" \/>\n<meta property=\"og:image\" content=\"https:\/\/gpowersport.com\/wp-content\/uploads\/2019\/10\/no_photo.png\" \/>\n\t<meta property=\"og:image:width\" content=\"1200\" \/>\n\t<meta property=\"og:image:height\" content=\"218\" \/>\n\t<meta property=\"og:image:type\" content=\"image\/png\" \/>\n<meta name=\"twitter:card\" content=\"summary_large_image\" \/>\n<meta name=\"twitter:label1\" content=\"Ber\u00e4knad l\u00e4stid\" \/>\n\t<meta name=\"twitter:data1\" content=\"1 minut\" \/>\n<script type=\"application\/ld+json\" class=\"yoast-schema-graph\">{\"@context\":\"https:\/\/schema.org\",\"@graph\":[{\"@type\":[\"WebPage\",\"ItemPage\"],\"@id\":\"https:\/\/gpowersport.com\/carbon-fiber-paddles\/slalom\/kayak\/hunter-ergo-elite\/\",\"url\":\"https:\/\/gpowersport.com\/carbon-fiber-paddles\/slalom\/kayak\/hunter-ergo-elite\/\",\"name\":\"Slalom paddle Hunter ERGO ELITE - G&#039;Power\",\"isPartOf\":{\"@id\":\"https:\/\/gpowersport.com\/pl\/#website\"},\"primaryImageOfPage\":{\"@id\":\"https:\/\/gpowersport.com\/carbon-fiber-paddles\/slalom\/kayak\/hunter-ergo-elite\/#primaryimage\"},\"image\":{\"@id\":\"https:\/\/gpowersport.com\/carbon-fiber-paddles\/slalom\/kayak\/hunter-ergo-elite\/#primaryimage\"},\"thumbnailUrl\":\"https:\/\/gpowersport.com\/wp-content\/uploads\/2019\/10\/no_photo.png\",\"datePublished\":\"2020-06-29T08:54:03+00:00\",\"dateModified\":\"2023-12-06T07:13:37+00:00\",\"breadcrumb\":{\"@id\":\"https:\/\/gpowersport.com\/carbon-fiber-paddles\/slalom\/kayak\/hunter-ergo-elite\/#breadcrumb\"},\"inLanguage\":\"sv-SE\",\"potentialAction\":[{\"@type\":\"ReadAction\",\"target\":[\"https:\/\/gpowersport.com\/carbon-fiber-paddles\/slalom\/kayak\/hunter-ergo-elite\/\"]}]},{\"@type\":\"ImageObject\",\"inLanguage\":\"sv-SE\",\"@id\":\"https:\/\/gpowersport.com\/carbon-fiber-paddles\/slalom\/kayak\/hunter-ergo-elite\/#primaryimage\",\"url\":\"https:\/\/gpowersport.com\/wp-content\/uploads\/2019\/10\/no_photo.png\",\"contentUrl\":\"https:\/\/gpowersport.com\/wp-content\/uploads\/2019\/10\/no_photo.png\",\"width\":1200,\"height\":218},{\"@type\":\"BreadcrumbList\",\"@id\":\"https:\/\/gpowersport.com\/carbon-fiber-paddles\/slalom\/kayak\/hunter-ergo-elite\/#breadcrumb\",\"itemListElement\":[{\"@type\":\"ListItem\",\"position\":1,\"name\":\"Home\",\"item\":\"https:\/\/gpowersport.com\/\"},{\"@type\":\"ListItem\",\"position\":2,\"name\":\"Shop\",\"item\":\"https:\/\/gpowersport.com\/carbon-fiber-paddles\/\"},{\"@type\":\"ListItem\",\"position\":3,\"name\":\"Carbon Fiber Paddles\",\"item\":\"https:\/\/gpowersport.com\/pl\/carbon-fiber-paddles\/\"},{\"@type\":\"ListItem\",\"position\":4,\"name\":\"Slalom Paddles\",\"item\":\"https:\/\/gpowersport.com\/carbon-fiber-paddles\/slalom\/\"},{\"@type\":\"ListItem\",\"position\":5,\"name\":\"Slalom Kayak Paddles\",\"item\":\"https:\/\/gpowersport.com\/nl\/carbon-fiber-paddles\/slalom\/kayak\/\"},{\"@type\":\"ListItem\",\"position\":6,\"name\":\"Slalom paddle Hunter ERGO ELITE\"}]},{\"@type\":\"WebSite\",\"@id\":\"https:\/\/gpowersport.com\/pl\/#website\",\"url\":\"https:\/\/gpowersport.com\/pl\/\",\"name\":\"G'Power carbon paddles\",\"description\":\"\",\"publisher\":{\"@id\":\"https:\/\/gpowersport.com\/pl\/#organization\"},\"potentialAction\":[{\"@type\":\"SearchAction\",\"target\":{\"@type\":\"EntryPoint\",\"urlTemplate\":\"https:\/\/gpowersport.com\/pl\/?s={search_term_string}\"},\"query-input\":{\"@type\":\"PropertyValueSpecification\",\"valueRequired\":true,\"valueName\":\"search_term_string\"}}],\"inLanguage\":\"sv-SE\"},{\"@type\":\"Organization\",\"@id\":\"https:\/\/gpowersport.com\/pl\/#organization\",\"name\":\"G'power carbon paddles\",\"url\":\"https:\/\/gpowersport.com\/pl\/\",\"logo\":{\"@type\":\"ImageObject\",\"inLanguage\":\"sv-SE\",\"@id\":\"https:\/\/gpowersport.com\/pl\/#\/schema\/logo\/image\/\",\"url\":\"https:\/\/gpowersport.com\/wp-content\/uploads\/2020\/03\/gpower-logo.png\",\"contentUrl\":\"https:\/\/gpowersport.com\/wp-content\/uploads\/2020\/03\/gpower-logo.png\",\"width\":140,\"height\":30,\"caption\":\"G'power carbon paddles\"},\"image\":{\"@id\":\"https:\/\/gpowersport.com\/pl\/#\/schema\/logo\/image\/\"},\"sameAs\":[\"https:\/\/www.facebook.com\/GpowerPaddles\",\"https:\/\/www.instagram.com\/gpowerpaddles\/\"]}]}<\/script>\n<!-- \/ Yoast SEO Premium plugin. -->","yoast_head_json":{"title":"Slalom paddle Hunter ERGO ELITE - G&#039;Power","robots":{"index":"index","follow":"follow","max-snippet":"max-snippet:-1","max-image-preview":"max-image-preview:large","max-video-preview":"max-video-preview:-1"},"canonical":"https:\/\/gpowersport.com\/sv\/carbon-fiber-paddles\/slalom\/kayak\/hunter-ergo-elite\/","og_locale":"sv_SE","og_type":"article","og_title":"Slalom paddle Hunter ERGO ELITE","og_description":"When you choose a standard connection, please choose also : Paddle Lenght, Twist and Angle. At the next step You can choice paddle glued (You receive paddle ready to use) When you choose Qnect adjustable system mark the minimum lenght which You would like to have and skip Twist and Angle. The Qnect system gives You possibility of changing the length of the paddle + 10 cm. If you are not afraid of tools and you have a knack for DIY mark NO in the last check box.","og_url":"https:\/\/gpowersport.com\/sv\/carbon-fiber-paddles\/slalom\/kayak\/hunter-ergo-elite\/","og_site_name":"G&#039;Power","article_publisher":"https:\/\/www.facebook.com\/GpowerPaddles","article_modified_time":"2023-12-06T07:13:37+00:00","og_image":[{"width":1200,"height":218,"url":"https:\/\/gpowersport.com\/wp-content\/uploads\/2019\/10\/no_photo.png","type":"image\/png"}],"twitter_card":"summary_large_image","twitter_misc":{"Ber\u00e4knad l\u00e4stid":"1 minut"},"schema":{"@context":"https:\/\/schema.org","@graph":[{"@type":["WebPage","ItemPage"],"@id":"https:\/\/gpowersport.com\/carbon-fiber-paddles\/slalom\/kayak\/hunter-ergo-elite\/","url":"https:\/\/gpowersport.com\/carbon-fiber-paddles\/slalom\/kayak\/hunter-ergo-elite\/","name":"Slalom paddle Hunter ERGO ELITE - G&#039;Power","isPartOf":{"@id":"https:\/\/gpowersport.com\/pl\/#website"},"primaryImageOfPage":{"@id":"https:\/\/gpowersport.com\/carbon-fiber-paddles\/slalom\/kayak\/hunter-ergo-elite\/#primaryimage"},"image":{"@id":"https:\/\/gpowersport.com\/carbon-fiber-paddles\/slalom\/kayak\/hunter-ergo-elite\/#primaryimage"},"thumbnailUrl":"https:\/\/gpowersport.com\/wp-content\/uploads\/2019\/10\/no_photo.png","datePublished":"2020-06-29T08:54:03+00:00","dateModified":"2023-12-06T07:13:37+00:00","breadcrumb":{"@id":"https:\/\/gpowersport.com\/carbon-fiber-paddles\/slalom\/kayak\/hunter-ergo-elite\/#breadcrumb"},"inLanguage":"sv-SE","potentialAction":[{"@type":"ReadAction","target":["https:\/\/gpowersport.com\/carbon-fiber-paddles\/slalom\/kayak\/hunter-ergo-elite\/"]}]},{"@type":"ImageObject","inLanguage":"sv-SE","@id":"https:\/\/gpowersport.com\/carbon-fiber-paddles\/slalom\/kayak\/hunter-ergo-elite\/#primaryimage","url":"https:\/\/gpowersport.com\/wp-content\/uploads\/2019\/10\/no_photo.png","contentUrl":"https:\/\/gpowersport.com\/wp-content\/uploads\/2019\/10\/no_photo.png","width":1200,"height":218},{"@type":"BreadcrumbList","@id":"https:\/\/gpowersport.com\/carbon-fiber-paddles\/slalom\/kayak\/hunter-ergo-elite\/#breadcrumb","itemListElement":[{"@type":"ListItem","position":1,"name":"Home","item":"https:\/\/gpowersport.com\/"},{"@type":"ListItem","position":2,"name":"Shop","item":"https:\/\/gpowersport.com\/carbon-fiber-paddles\/"},{"@type":"ListItem","position":3,"name":"Carbon Fiber Paddles","item":"https:\/\/gpowersport.com\/pl\/carbon-fiber-paddles\/"},{"@type":"ListItem","position":4,"name":"Slalom Paddles","item":"https:\/\/gpowersport.com\/carbon-fiber-paddles\/slalom\/"},{"@type":"ListItem","position":5,"name":"Slalom Kayak Paddles","item":"https:\/\/gpowersport.com\/nl\/carbon-fiber-paddles\/slalom\/kayak\/"},{"@type":"ListItem","position":6,"name":"Slalom paddle Hunter ERGO ELITE"}]},{"@type":"WebSite","@id":"https:\/\/gpowersport.com\/pl\/#website","url":"https:\/\/gpowersport.com\/pl\/","name":"G'Power kolfiberpaddlar","description":"","publisher":{"@id":"https:\/\/gpowersport.com\/pl\/#organization"},"potentialAction":[{"@type":"SearchAction","target":{"@type":"EntryPoint","urlTemplate":"https:\/\/gpowersport.com\/pl\/?s={search_term_string}"},"query-input":{"@type":"PropertyValueSpecification","valueRequired":true,"valueName":"search_term_string"}}],"inLanguage":"sv-SE"},{"@type":"Organization","@id":"https:\/\/gpowersport.com\/pl\/#organization","name":"G'power kolfiberpaddlar","url":"https:\/\/gpowersport.com\/pl\/","logo":{"@type":"ImageObject","inLanguage":"sv-SE","@id":"https:\/\/gpowersport.com\/pl\/#\/schema\/logo\/image\/","url":"https:\/\/gpowersport.com\/wp-content\/uploads\/2020\/03\/gpower-logo.png","contentUrl":"https:\/\/gpowersport.com\/wp-content\/uploads\/2020\/03\/gpower-logo.png","width":140,"height":30,"caption":"G'power carbon paddles"},"image":{"@id":"https:\/\/gpowersport.com\/pl\/#\/schema\/logo\/image\/"},"sameAs":["https:\/\/www.facebook.com\/GpowerPaddles","https:\/\/www.instagram.com\/gpowerpaddles\/"]}]}},"_links":{"self":[{"href":"https:\/\/gpowersport.com\/sv\/wp-json\/wp\/v2\/product\/35021","targetHints":{"allow":["GET"]}}],"collection":[{"href":"https:\/\/gpowersport.com\/sv\/wp-json\/wp\/v2\/product"}],"about":[{"href":"https:\/\/gpowersport.com\/sv\/wp-json\/wp\/v2\/types\/product"}],"replies":[{"embeddable":true,"href":"https:\/\/gpowersport.com\/sv\/wp-json\/wp\/v2\/comments?post=35021"}],"wp:featuredmedia":[{"embeddable":true,"href":"https:\/\/gpowersport.com\/sv\/wp-json\/wp\/v2\/media\/33395"}],"wp:attachment":[{"href":"https:\/\/gpowersport.com\/sv\/wp-json\/wp\/v2\/media?parent=35021"}],"wp:term":[{"taxonomy":"product_brand","embeddable":true,"href":"https:\/\/gpowersport.com\/sv\/wp-json\/wp\/v2\/product_brand?post=35021"},{"taxonomy":"product_cat","embeddable":true,"href":"https:\/\/gpowersport.com\/sv\/wp-json\/wp\/v2\/product_cat?post=35021"},{"taxonomy":"product_tag","embeddable":true,"href":"https:\/\/gpowersport.com\/sv\/wp-json\/wp\/v2\/product_tag?post=35021"}],"curies":[{"name":"wp","href":"https:\/\/api.w.org\/{rel}","templated":true}]}}